{"id":16525,"date":"2022-06-21T07:10:57","date_gmt":"2022-06-21T07:10:57","guid":{"rendered":"https:\/\/zecovalve.com\/?post_type=product&#038;p=16525"},"modified":"2023-06-07T07:08:17","modified_gmt":"2023-06-07T07:08:17","slug":"industrial-ball-valve","status":"publish","type":"product","link":"https:\/\/zecovalve.com\/fr\/produit\/industrial-ball-valve","title":{"rendered":"Robinet \u00e0 boisseau sph\u00e9rique industriel"},"content":{"rendered":"<h1 class=\"sep-title\">Robinet \u00e0 boisseau sph\u00e9rique industriel<\/h1>\n<div class=\"sep-box-detail clearfix\">\n<div class=\"box-lf\">\n<div class=\"thumb\">\n<p><img loading=\"lazy\" decoding=\"async\" class=\"size-medium wp-image-16526\" src=\"https:\/\/zecovalve.com\/wp-content\/uploads\/2022\/06\/industrial-ball-valve-1_1638956977-300x225.jpg\" alt=\"Robinet \u00e0 boisseau sph\u00e9rique industriel\" width=\"300\" height=\"225\" srcset=\"https:\/\/zecovalve.com\/wp-content\/uploads\/2022\/06\/industrial-ball-valve-1_1638956977-300x225.jpg 300w, https:\/\/zecovalve.com\/wp-content\/uploads\/2022\/06\/industrial-ball-valve-1_1638956977-768x576.jpg 768w, https:\/\/zecovalve.com\/wp-content\/uploads\/2022\/06\/industrial-ball-valve-1_1638956977-600x450.jpg 600w, https:\/\/zecovalve.com\/wp-content\/uploads\/2022\/06\/industrial-ball-valve-1_1638956977.jpg 800w\" sizes=\"auto, (max-width: 300px) 100vw, 300px\" \/><\/p>\n<p><img loading=\"lazy\" decoding=\"async\" class=\"alignnone size-medium wp-image-16527\" src=\"https:\/\/zecovalve.com\/wp-content\/uploads\/2022\/06\/industrial-ball-valve-2-300x225.jpg\" alt=\"\" width=\"300\" height=\"225\" srcset=\"https:\/\/zecovalve.com\/wp-content\/uploads\/2022\/06\/industrial-ball-valve-2-300x225.jpg 300w, https:\/\/zecovalve.com\/wp-content\/uploads\/2022\/06\/industrial-ball-valve-2-768x576.jpg 768w, https:\/\/zecovalve.com\/wp-content\/uploads\/2022\/06\/industrial-ball-valve-2-600x450.jpg 600w, https:\/\/zecovalve.com\/wp-content\/uploads\/2022\/06\/industrial-ball-valve-2.jpg 800w\" sizes=\"auto, (max-width: 300px) 100vw, 300px\" \/> <img loading=\"lazy\" decoding=\"async\" class=\"alignnone size-medium wp-image-16528\" src=\"https:\/\/zecovalve.com\/wp-content\/uploads\/2022\/06\/industrial-ball-valve-3-300x225.jpg\" alt=\"\" width=\"300\" height=\"225\" srcset=\"https:\/\/zecovalve.com\/wp-content\/uploads\/2022\/06\/industrial-ball-valve-3-300x225.jpg 300w, https:\/\/zecovalve.com\/wp-content\/uploads\/2022\/06\/industrial-ball-valve-3-768x576.jpg 768w, https:\/\/zecovalve.com\/wp-content\/uploads\/2022\/06\/industrial-ball-valve-3-600x450.jpg 600w, https:\/\/zecovalve.com\/wp-content\/uploads\/2022\/06\/industrial-ball-valve-3.jpg 800w\" sizes=\"auto, (max-width: 300px) 100vw, 300px\" \/> <img loading=\"lazy\" decoding=\"async\" class=\"alignnone size-medium wp-image-16529\" src=\"https:\/\/zecovalve.com\/wp-content\/uploads\/2022\/06\/industrial-ball-valve-4-300x225.jpg\" alt=\"\" width=\"300\" height=\"225\" srcset=\"https:\/\/zecovalve.com\/wp-content\/uploads\/2022\/06\/industrial-ball-valve-4-300x225.jpg 300w, https:\/\/zecovalve.com\/wp-content\/uploads\/2022\/06\/industrial-ball-valve-4-768x576.jpg 768w, https:\/\/zecovalve.com\/wp-content\/uploads\/2022\/06\/industrial-ball-valve-4-600x450.jpg 600w, https:\/\/zecovalve.com\/wp-content\/uploads\/2022\/06\/industrial-ball-valve-4.jpg 800w\" sizes=\"auto, (max-width: 300px) 100vw, 300px\" \/><\/p>\n<\/div>\n<div class=\"info\"><a href=\"https:\/\/zecovalve.com\/fr\/products\/industrial-ball-valve.html\/#form\"><i class=\"fa fa-commenting-o\" aria-hidden=\"true\"><\/i>\u00a0OBTENIR LE PRIX DE LA VANNE<\/a><\/div>\n<\/div>\n<div class=\"box-rt\">\n<div class=\"gg\">\n<div class=\"swiper-container swiper-container-initialized swiper-container-vertical\">\n<div class=\"swiper-wrapper\">\n<div class=\"swiper-slide swiper-slide-active\">\n<div class=\"img\"><\/div>\n<\/div>\n<\/div>\n<\/div>\n<\/div>\n<\/div>\n<\/div>\n<div class=\"richtext\">\n<h2>Description du robinet \u00e0 boisseau sph\u00e9rique industriel :<\/h2>\n<p>Le robinet \u00e0 boisseau sph\u00e9rique industriel ZECO est largement utilis\u00e9 dans les secteurs de la p\u00e9trochimie, du raffinage, de la m\u00e9tallurgie, des plates-formes offshore et d'autres industries. Nous comptons parmi nos clients China National Natural Gas Corporation, Chemical Equipment Corporation, CNOOC et d'autres unit\u00e9s membres de l'approvisionnement en points fixes. ZECO industrial valve company effectue une inspection stricte de chaque vanne \u00e0 bille industrielle, et les inspecteurs sont hautement responsables de chaque composant, avec les \u00e9quipements de test les plus avanc\u00e9s et un syst\u00e8me de gestion de la qualit\u00e9 strict, afin que chaque vanne \u00e0 bille puisse r\u00e9sister \u00e0 la s\u00e9lection minutieuse des clients. Parmi les fabricants de robinets \u00e0 boisseau sph\u00e9rique industriels, citons\u00a0<a href=\"https:\/\/zecovalve.com\/fr\/\" target=\"_self\" rel=\"noopener\">Soci\u00e9t\u00e9 ZECO<\/a>\u00a0est s\u00fbr de vous fournir les meilleurs produits.<\/p>\n<h2>Caract\u00e9ristiques du robinet \u00e0 boisseau sph\u00e9rique industriel :<\/h2>\n<p>1. Le robinet \u00e0 boisseau sph\u00e9rique industriel ZECO est dot\u00e9 d'une conception sp\u00e9ciale de protection contre l'incendie et de deux joints, le premier \u00e9tant un joint r\u00e9silient et le second un joint m\u00e9tallique. En cas d'incendie, la structure du joint \u00e9lastique est d'abord d\u00e9truite. A ce moment-l\u00e0, le joint m\u00e9tallique est pouss\u00e9 vers la bille par le ressort et scell\u00e9 herm\u00e9tiquement avec la bille afin de r\u00e9duire les fuites de fluide ;<\/p>\n<p>2. Le robinet \u00e0 boisseau sph\u00e9rique industriel ZECO, afin d'\u00e9viter l'effet \u00e9lectrostatique dans le processus de commutation et le danger d'explosion inflammable, dans chaque corps de robinet \u00e0 boisseau sph\u00e9rique, le boisseau sph\u00e9rique et la tige sont con\u00e7us comme un dispositif antistatique, compos\u00e9 d'un boisseau sph\u00e9rique et d'un ressort en acier inoxydable, il peut rapidement g\u00e9n\u00e9rer de l'\u00e9lectricit\u00e9 statique \u00e0 partir de la sph\u00e8re du robinet lui-m\u00eame, ce qui conduit au corps du robinet, \u00e0 une livraison en douceur, et au corps ;<\/p>\n<p>3. Le robinet \u00e0 boisseau sph\u00e9rique industriel ZECO, afin de mieux assurer l'utilisation \u00e0 long terme du robinet dans la canalisation, la facilit\u00e9 d'entretien, la conception de la tige et du si\u00e8ge avec trou de graissage, l'entretien r\u00e9gulier ou l'utilisation \u00e0 long terme apr\u00e8s la r\u00e9paration de la micro-fuite, peut \u00eatre simple, par l'injection de graisse d'\u00e9tanch\u00e9it\u00e9, garantissant l'utilisation normale du robinet \u00e0 boisseau sph\u00e9rique dans la canalisation ;<\/p>\n<p>4. Le robinet \u00e0 boisseau sph\u00e9rique industriel ZECO peut \u00eatre recouvert d'un rev\u00eatement \u00e9poxy d'une \u00e9paisseur allant jusqu'\u00e0 1500\u03bcm, selon les exigences du client, afin de mieux prot\u00e9ger le robinet contre la corrosion. Ce processus peut emp\u00eacher efficacement le robinet \u00e0 boisseau sph\u00e9rique dans certaines conditions de milieu corrosif par l'\u00e9rosion du milieu.<\/p>\n<h2>Mat\u00e9riau du robinet \u00e0 boisseau sph\u00e9rique industriel :<\/h2>\n<table>\n<tbody>\n<tr class=\"firstRow\">\n<td valign=\"center\">Non<\/td>\n<td valign=\"center\">Partie<\/td>\n<td valign=\"center\">Mat\u00e9riau<\/td>\n<\/tr>\n<tr>\n<td valign=\"center\">1<\/td>\n<td valign=\"center\">Corps<\/td>\n<td valign=\"center\">ASTM A216 WCB<\/td>\n<\/tr>\n<tr>\n<td valign=\"center\">2<\/td>\n<td valign=\"center\">Bonnet<\/td>\n<td valign=\"center\">ASTM A216 WCB<\/td>\n<\/tr>\n<tr>\n<td valign=\"center\">3<\/td>\n<td valign=\"center\">Boule<\/td>\n<td valign=\"center\">ASTM A182 F304<\/td>\n<\/tr>\n<tr>\n<td valign=\"center\">4<\/td>\n<td valign=\"center\">Si\u00e8ge<\/td>\n<td valign=\"center\">ASTM A182 F304 + PTFE<\/td>\n<\/tr>\n<tr>\n<td valign=\"center\">5<\/td>\n<td valign=\"center\">Tige<\/td>\n<td valign=\"center\">ASTM A276 304<\/td>\n<\/tr>\n<tr>\n<td valign=\"center\">6<\/td>\n<td valign=\"center\">Dispositif antistatique<\/td>\n<td valign=\"center\">SS304<\/td>\n<\/tr>\n<tr>\n<td valign=\"center\">7<\/td>\n<td valign=\"center\">Joint d'\u00e9tanch\u00e9it\u00e9<\/td>\n<td valign=\"center\">Graphite + SS304<\/td>\n<\/tr>\n<tr>\n<td valign=\"center\">8<\/td>\n<td valign=\"center\">Boulon<\/td>\n<td valign=\"center\">ASTM A193 B7<\/td>\n<\/tr>\n<tr>\n<td valign=\"center\">9<\/td>\n<td valign=\"center\">\u00c9crou<\/td>\n<td valign=\"center\">ASTM A194 2H<\/td>\n<\/tr>\n<tr>\n<td valign=\"center\">10<\/td>\n<td valign=\"center\">Joint torique<\/td>\n<td valign=\"center\">Viton A<\/td>\n<\/tr>\n<tr>\n<td valign=\"center\">11<\/td>\n<td valign=\"center\">Levier<\/td>\n<td valign=\"center\">ASTM A216 WCB<\/td>\n<\/tr>\n<\/tbody>\n<\/table>\n<\/div>","protected":false},"excerpt":{"rendered":"<p>Robinet \u00e0 tournant sph\u00e9rique industriel OBTENIR LE PRIX DE LA VANNE Description du robinet \u00e0 tournant sph\u00e9rique industriel : Le robinet \u00e0 tournant sph\u00e9rique industriel ZECO est largement utilis\u00e9 dans la p\u00e9trochimie, le raffinage, la m\u00e9tallurgie,\u2026 <a title=\"Robinet \u00e0 boisseau sph\u00e9rique industriel\" class=\"read-more\" href=\"https:\/\/zecovalve.com\/fr\/produit\/industrial-ball-valve\" aria-label=\"Plus sur Robinet \u00e0 boisseau sph\u00e9rique industriel\">Lire plus<\/a><\/p>","protected":false},"featured_media":27864,"comment_status":"closed","ping_status":"closed","template":"","meta":{"_generate-full-width-content":"","kt_blocks_editor_width":""},"product_cat":[2047,2459,2465],"product_tag":[2804,3920,2658],"class_list":["post-16525","product","type-product","status-publish","has-post-thumbnail","hentry","product_cat-ball-valve","product_cat-ball-valve-by-form","product_cat-forged-steel-ball-valve","product_tag-2-inch-ball-valve","product_tag-api-6d-ball-valve","product_tag-isolation-valve","sales-flash-overlay","woocommerce-text-align-center","woocommerce-image-align-center","do-quantity-buttons"],"featured_image_src_large":["https:\/\/zecovalve.com\/wp-content\/uploads\/2022\/06\/Industrial-Ball-Valve.jpg",800,600,false],"author_info":[],"comment_info":0,"taxonomy_info":{"product_cat":[{"value":2047,"label":"Ball Valve"},{"value":2459,"label":"Ball Valve By Form"},{"value":2465,"label":"Forged Ball Valve"}],"product_tag":[{"value":2804,"label":"2 inch Ball Valve"},{"value":3920,"label":"API 6D Ball Valve"},{"value":2658,"label":"Isolation Valve"}]},"yoast_head":"<!-- This site is optimized with the Yoast SEO Premium plugin v15.4 - https:\/\/yoast.com\/wordpress\/plugins\/seo\/ -->\n<title>Industrial Ball Valve - ZECO Valve<\/title>\n<meta name=\"robots\" content=\"index, follow, max-snippet:-1, max-image-preview:large, max-video-preview:-1\" \/>\n<link rel=\"canonical\" href=\"https:\/\/zecovalve.com\/fr\/produit\/industrial-ball-valve\" \/>\n<meta property=\"og:locale\" content=\"fr_FR\" \/>\n<meta property=\"og:type\" content=\"article\" \/>\n<meta property=\"og:title\" content=\"Industrial Ball Valve - ZECO Valve\" \/>\n<meta property=\"og:description\" content=\"Industrial Ball Valve \u00a0GET VALVE PRICE Description of Industrial Ball Valve: ZECO industrial ball valve is widely used in petrochemical, refining, metallurgy, ... Lire plus\" \/>\n<meta property=\"og:url\" content=\"https:\/\/zecovalve.com\/fr\/produit\/industrial-ball-valve\" \/>\n<meta property=\"og:site_name\" content=\"ZECO Valve\" \/>\n<meta property=\"article:modified_time\" content=\"2023-06-07T07:08:17+00:00\" \/>\n<meta property=\"og:image\" content=\"https:\/\/zecovalve.com\/wp-content\/uploads\/2022\/06\/Industrial-Ball-Valve.jpg\" \/>\n\t<meta property=\"og:image:width\" content=\"800\" \/>\n\t<meta property=\"og:image:height\" content=\"600\" \/>\n<meta name=\"twitter:card\" content=\"summary_large_image\" \/>\n<meta name=\"twitter:label1\" content=\"\u00c9crit par\">\n\t<meta name=\"twitter:data1\" content=\"Jerry\">\n\t<meta name=\"twitter:label2\" content=\"Dur\u00e9e de lecture estim\u00e9e\">\n\t<meta name=\"twitter:data2\" content=\"2 minutes\">\n<script type=\"application\/ld+json\" class=\"yoast-schema-graph\">{\"@context\":\"https:\/\/schema.org\",\"@graph\":[{\"@type\":\"WebSite\",\"@id\":\"https:\/\/zecovalve.com\/#website\",\"url\":\"https:\/\/zecovalve.com\/\",\"name\":\"ZECO Valve\",\"description\":\"Industrial Ball Valve, Gate Valve and Globe Valve Manufacturer\",\"potentialAction\":[{\"@type\":\"SearchAction\",\"target\":\"https:\/\/zecovalve.com\/?s={search_term_string}\",\"query-input\":\"required name=search_term_string\"}],\"inLanguage\":\"fr-FR\"},{\"@type\":\"ImageObject\",\"@id\":\"https:\/\/zecovalve.com\/product\/industrial-ball-valve#primaryimage\",\"inLanguage\":\"fr-FR\",\"url\":\"https:\/\/zecovalve.com\/wp-content\/uploads\/2022\/06\/Industrial-Ball-Valve.jpg\",\"width\":800,\"height\":600,\"caption\":\"Industrial Ball Valve\"},{\"@type\":\"WebPage\",\"@id\":\"https:\/\/zecovalve.com\/product\/industrial-ball-valve#webpage\",\"url\":\"https:\/\/zecovalve.com\/product\/industrial-ball-valve\",\"name\":\"Industrial Ball Valve - ZECO Valve\",\"isPartOf\":{\"@id\":\"https:\/\/zecovalve.com\/#website\"},\"primaryImageOfPage\":{\"@id\":\"https:\/\/zecovalve.com\/product\/industrial-ball-valve#primaryimage\"},\"datePublished\":\"2022-06-21T07:10:57+00:00\",\"dateModified\":\"2023-06-07T07:08:17+00:00\",\"breadcrumb\":{\"@id\":\"https:\/\/zecovalve.com\/product\/industrial-ball-valve#breadcrumb\"},\"inLanguage\":\"fr-FR\",\"potentialAction\":[{\"@type\":\"ReadAction\",\"target\":[\"https:\/\/zecovalve.com\/product\/industrial-ball-valve\"]}]},{\"@type\":\"BreadcrumbList\",\"@id\":\"https:\/\/zecovalve.com\/product\/industrial-ball-valve#breadcrumb\",\"itemListElement\":[{\"@type\":\"ListItem\",\"position\":1,\"item\":{\"@type\":\"WebPage\",\"@id\":\"https:\/\/zecovalve.com\/\",\"url\":\"https:\/\/zecovalve.com\/\",\"name\":\"Home\"}},{\"@type\":\"ListItem\",\"position\":2,\"item\":{\"@type\":\"WebPage\",\"@id\":\"https:\/\/zecovalve.com\/product-category\",\"url\":\"https:\/\/zecovalve.com\/product-category\",\"name\":\"Industrial Valve Manufacturer | Water Valve Manufacturer\"}},{\"@type\":\"ListItem\",\"position\":3,\"item\":{\"@type\":\"WebPage\",\"@id\":\"https:\/\/zecovalve.com\/product\/industrial-ball-valve\",\"url\":\"https:\/\/zecovalve.com\/product\/industrial-ball-valve\",\"name\":\"Industrial Ball Valve\"}}]}]}<\/script>\n<!-- \/ Yoast SEO Premium plugin. -->","_links":{"self":[{"href":"https:\/\/zecovalve.com\/fr\/wp-json\/wp\/v2\/product\/16525","targetHints":{"allow":["GET"]}}],"collection":[{"href":"https:\/\/zecovalve.com\/fr\/wp-json\/wp\/v2\/product"}],"about":[{"href":"https:\/\/zecovalve.com\/fr\/wp-json\/wp\/v2\/types\/product"}],"replies":[{"embeddable":true,"href":"https:\/\/zecovalve.com\/fr\/wp-json\/wp\/v2\/comments?post=16525"}],"wp:featuredmedia":[{"embeddable":true,"href":"https:\/\/zecovalve.com\/fr\/wp-json\/wp\/v2\/media\/27864"}],"wp:attachment":[{"href":"https:\/\/zecovalve.com\/fr\/wp-json\/wp\/v2\/media?parent=16525"}],"wp:term":[{"taxonomy":"product_cat","embeddable":true,"href":"https:\/\/zecovalve.com\/fr\/wp-json\/wp\/v2\/product_cat?post=16525"},{"taxonomy":"product_tag","embeddable":true,"href":"https:\/\/zecovalve.com\/fr\/wp-json\/wp\/v2\/product_tag?post=16525"}],"curies":[{"name":"wp","href":"https:\/\/api.w.org\/{rel}","templated":true}]}}