{"id":16546,"date":"2022-06-21T07:25:55","date_gmt":"2022-06-21T07:25:55","guid":{"rendered":"https:\/\/zecovalve.com\/?post_type=product&#038;p=16546"},"modified":"2023-06-07T07:08:45","modified_gmt":"2023-06-07T07:08:45","slug":"cryogenic-ball-valve","status":"publish","type":"product","link":"https:\/\/zecovalve.com\/fr\/produit\/cryogenic-ball-valve","title":{"rendered":"Robinet \u00e0 bille cryog\u00e9nique"},"content":{"rendered":"<figure class=\"wp-block-image alignnone size-medium wp-image-16547\"><img loading=\"lazy\" decoding=\"async\" width=\"300\" height=\"225\" class=\"wp-image-16547\" src=\"https:\/\/zecovalve.com\/wp-content\/uploads\/2022\/06\/cryogenic-ball-valve-300x225.jpg\" alt=\"Robinet \u00e0 bille cryog\u00e9nique\" srcset=\"https:\/\/zecovalve.com\/wp-content\/uploads\/2022\/06\/cryogenic-ball-valve-300x225.jpg 300w, https:\/\/zecovalve.com\/wp-content\/uploads\/2022\/06\/cryogenic-ball-valve-768x576.jpg 768w, https:\/\/zecovalve.com\/wp-content\/uploads\/2022\/06\/cryogenic-ball-valve-600x450.jpg 600w, https:\/\/zecovalve.com\/wp-content\/uploads\/2022\/06\/cryogenic-ball-valve.jpg 800w\" sizes=\"auto, (max-width: 300px) 100vw, 300px\" \/><\/figure>\r\n\r\n\r\n\r\n\r\n<div class=\"gb-button-wrapper gb-button-wrapper-6d8495a3\">\r\n\r\n\r\n<p><a class=\"gb-button gb-button-3d442e11 gb-button-text\" href=\"mailto:commercial@zecovalve.com\" target=\"_blank\" rel=\"noopener noreferrer\"><strong>OBTENIR LE PRIX D'UNE VANNE \u00c0 BILLE CRYOG\u00c9NIQUE<\/strong><\/a><\/p>\r\n<\/div>\r\n\r\n\r\n<h2 class=\"wp-block-heading\">Qu'est-ce qu'une vanne cryog\u00e9nique ?<\/h2>\r\n\r\n\r\n\r\n<p>Les vannes cryog\u00e9niques sont maintenues dans une position naturellement ferm\u00e9e pour garder les gaz cryog\u00e9niques ou d'autres fluides en s\u00e9curit\u00e9. Une vanne cryog\u00e9nique est g\u00e9n\u00e9ralement con\u00e7ue pour r\u00e9agir \u00e0 une pression \u00e9lev\u00e9e qui pousse la vanne en position ouverte pour permettre au gaz ou \u00e0 d'autres fluides de s'\u00e9couler facilement.<\/p>\r\n\r\n\r\n\r\n<h2 class=\"wp-block-heading\" id=\"h-what-is-a-cryogenic-ball-valve\">Qu'est-ce qu'un robinet \u00e0 boisseau sph\u00e9rique cryog\u00e9nique ?<\/h2>\r\n\r\n\r\n\r\n<p>Le robinet \u00e0 boisseau sph\u00e9rique cryog\u00e9nique ZECO peut \u00eatre con\u00e7u comme un robinet \u00e0 boisseau sph\u00e9rique flottant ou un robinet \u00e0 boisseau sph\u00e9rique mont\u00e9 sur tourillon. Afin d'\u00e9viter une augmentation anormale de la pression dans la cavit\u00e9 du corps de la vanne, un trou est pratiqu\u00e9 du c\u00f4t\u00e9 amont de la bille pour relier la cavit\u00e9 du corps entre la canalisation en amont et la pression d'\u00e9quilibre. La structure du si\u00e8ge de la vanne est de type DBB, ce qui permet d'\u00e9vacuer la pression dans la canalisation en amont ou en aval lorsque la pression dans la cavit\u00e9 du corps augmente anormalement. Entre le corps et le si\u00e8ge, le type de joint est con\u00e7u pour \u00eatre un joint \u00e0 double l\u00e8vre ou un joint \u00e0 double l\u00e8vre \u00e0 charge invers\u00e9e. Entre la tige et la garniture, on utilise un joint \u00e0 l\u00e8vres + graphite. La garniture de la soupape sera charg\u00e9e dans le ressort Belleville afin d'\u00e9viter tout rel\u00e2chement. Le chapeau de la vanne est con\u00e7u pour \u00eatre allong\u00e9. Pour diff\u00e9rentes temp\u00e9ratures de service afin de maintenir la temp\u00e9rature du si\u00e8ge de la garniture au-dessus de 0\u2103.<\/p>\r\n\r\n\r\n\r\n<h2 class=\"wp-block-heading\">Sp\u00e9cifications du robinet \u00e0 boisseau sph\u00e9rique cryog\u00e9nique<\/h2>\r\n\r\n\r\n\r\n<ul class=\"wp-block-list\">\r\n<li>Classe 150 \u00e0 classe 2500<\/li>\r\n<li>Gamme de tailles de \u00bc\" \u00e0 24\" (en fonction de la classe)<\/li>\r\n<li>Flottant et tourillon, al\u00e9sage complet et r\u00e9duit<\/li>\r\n<li>\u00c9paisseur de la paroi du corps ASME B16.34, versions forg\u00e9es ou coul\u00e9es<\/li>\r\n<li>Test\u00e9 cryog\u00e9nique jusqu'\u00e0 -196\u00b0C (-320\u00b0F)<\/li>\r\n<li>Conception s\u00fbre en cas d'incendie API 607<\/li>\r\n<li>Boule ventil\u00e9e Standard<\/li>\r\n<li>Tige guid\u00e9e \u00e0 faible couple, \u00e9tanche \u00e0 l'\u00e9clatement<\/li>\r\n<li>Emballage \u00e0 charge vive et capacit\u00e9 antistatique<\/li>\r\n<li>\u00c9missions fugitives ISO 15848<\/li>\r\n<li>Si\u00e8ges en PTFE, TFM, CTFM, PCTFE et m\u00e9tal disponibles<\/li>\r\n<li>Les vannes sont d\u00e9graiss\u00e9es, nettoy\u00e9es et emball\u00e9es avant d'\u00eatre exp\u00e9di\u00e9es.<\/li>\r\n<li>Longueurs personnalis\u00e9es face \u00e0 face disponibles selon les besoins du client<\/li>\r\n<li>Op\u00e9rateurs manuels, \u00e9lectriques, pneumatiques ou \u00e9lectro-hydrauliques disponibles<\/li>\r\n<li>Essais de r\u00e9sistance au feu : API 607, API 6FA, BS 6755 partie II<\/li>\r\n<li>Essais : API 598, API 17D, ISO 5208, BS 6755 partie I, BS 6364<\/li>\r\n<li>Marquage : MSS-SP-25, PED<\/li>\r\n<li>Certifications : API607, SIL, NACE, MR0175, PED, \u00e9missions fugitives<\/li>\r\n<\/ul>\r\n\r\n\r\n\r\n<h2 class=\"wp-block-heading\">Pourquoi les vannes cryog\u00e9niques ont-elles un chapeau allong\u00e9 ?<\/h2>\r\n\r\n\r\n\r\n<p>L'\u00e9thyl\u00e8ne, l'oxyg\u00e8ne liquide, l'hydrog\u00e8ne liquide, le gaz naturel liqu\u00e9fi\u00e9, le p\u00e9trole liqu\u00e9fi\u00e9 et d'autres fluides liquides transf\u00e9r\u00e9s par la vanne cryog\u00e9nique sont inflammables et explosifs. De plus, ils vont se gaz\u00e9ifier et se dilater des centaines de fois lorsque la temp\u00e9rature augmente.<\/p>\r\n\r\n\r\n\r\n<p>Ce type de soupape est toujours \u00e9quip\u00e9 d'un chapeau allong\u00e9 ou d'une tige allong\u00e9e. C'est la raison pour laquelle :<\/p>\r\n\r\n\r\n\r\n<ul class=\"wp-block-list\">\r\n<li>Le capot \u00e9tendu peut emp\u00eacher le presse-\u00e9toupe, qui joue un r\u00f4le important dans la vanne cryog\u00e9nique et d'autres vannes, d'\u00eatre endommag\u00e9 par les basses temp\u00e9ratures. \u00c0 mesure que la temp\u00e9rature baisse, la garniture devient progressivement moins \u00e9lastique et perd sa capacit\u00e9 \u00e0 emp\u00eacher les fuites. Ensuite, le fluide g\u00e8le dans l'espace entre la garniture et la tige, ce qui entrave le mouvement de la tige et raye la garniture lorsque la tige se d\u00e9place. En fin de compte, il s'ensuit une fuite importante. C'est pourquoi on utilise une tige allong\u00e9e pour s'assurer que la garniture est suffisamment chaude, au moins au-dessus de 8\u2103.<\/li>\r\n<li>La structure \u00e9largie du chapeau permet d'enrouler facilement des mat\u00e9riaux sp\u00e9ciaux autour de la soupape, ce qui \u00e9vite la perte d'\u00e9nergie froide.<\/li>\r\n<li>Les tuyaux et les vannes sont souvent install\u00e9s dans ce que l'on appelle la \"bo\u00eete froide\", mais leur \"long col\" peut traverser la paroi de la \"bo\u00eete froide\". La tige allong\u00e9e permet de d\u00e9monter ou de remplacer rapidement les pi\u00e8ces principales de la vanne par le capot.<\/li>\r\n<\/ul>\r\n\r\n\r\n\r\n<p>C'est pourquoi\uff0c le corps de la vanne et la tuyauterie sont soud\u00e9s ensemble pour r\u00e9duire au maximum les fuites de la chambre froide et garantir l'\u00e9tanch\u00e9it\u00e9 de la vanne.<\/p>\r\n\r\n\r\n\r\n<h2 class=\"wp-block-heading\" id=\"h-features-of-cryogenic-ball-valve\">Caract\u00e9ristiques du robinet \u00e0 boisseau sph\u00e9rique cryog\u00e9nique<\/h2>\r\n\r\n\r\n\r\n<ul class=\"wp-block-list\">\r\n<li>ZECO cryog\u00e9nique pi\u00e8ces de pression de vanne \u00e0 bille parce que apr\u00e8s le traitement cryog\u00e9nique avant l'usinage, dans le r\u00e9servoir d'azote liquide - 196 \u2103 r\u00e9p\u00e9ter deux fois derni\u00e8re isolation 1 ~ 2 heures, donc ZECO pi\u00e8ces de vanne \u00e0 bille ne sera pas en raison du changement de la temp\u00e9rature du milieu caus\u00e9 par la chaleur bilges r\u00e9tr\u00e9cissement \u00e0 froid, structure d'\u00e9tanch\u00e9it\u00e9 ne sera pas causer une d\u00e9formation en raison de la basse temp\u00e9rature ;<\/li>\r\n<li>Afin de prot\u00e9ger l'effet d'\u00e9tanch\u00e9it\u00e9 \u00e0 long terme de la bo\u00eete \u00e0 garniture\uff0c le couvercle du robinet \u00e0 boisseau sph\u00e9rique cryog\u00e9nique ZECO adopte une structure \u00e0 long col pour maintenir la bo\u00eete \u00e0 garniture \u00e0 l'\u00e9cart des basses temp\u00e9ratures et y ajouter un mat\u00e9riau isolant ;<\/li>\r\n<li>Le joint sp\u00e9cialement con\u00e7u pour le robinet \u00e0 boisseau sph\u00e9rique cryog\u00e9nique ZECO peut assurer un fonctionnement normal \u00e0 basse temp\u00e9rature et \u00e0 temp\u00e9rature normale ;<\/li>\r\n<li>La tige du robinet \u00e0 boisseau sph\u00e9rique cryog\u00e9nique ZECO est \u00e9galement chrom\u00e9e et trait\u00e9e au nitrure, ce qui am\u00e9liore consid\u00e9rablement la duret\u00e9 de la surface de la tige.<\/li>\r\n<li>Rodage de la bille \/ du si\u00e8ge\r\n<ul>\r\n<li>Les ensembles bille et si\u00e8ge rod\u00e9s sont utilis\u00e9s lorsque les mat\u00e9riaux et les exigences d'\u00e9tanch\u00e9it\u00e9 l'imposent. Ce processus de fabrication pr\u00e9cis permet d'obtenir le couple de fonctionnement le plus faible et la capacit\u00e9 d'\u00e9tanch\u00e9it\u00e9 la plus \u00e9troite possible de la bille et des si\u00e8ges, tout en assurant une dur\u00e9e de vie exceptionnellement longue pour l'application envisag\u00e9e. Le rodage est un processus de finition de surface dans lequel des compos\u00e9s de polissage extr\u00eamement fins sont utilis\u00e9s comme agent de rodage pour obtenir des surfaces d'accouplement remarquablement proches.<\/li>\r\n<\/ul>\r\n<\/li>\r\n<li>Extension de tige \u00e0 \u00e9conomie d'\u00e9nergie\r\n<ul>\r\n<li>Le jeu entre le diam\u00e8tre int\u00e9rieur du bo\u00eetier d'extension de la tige et le diam\u00e8tre ext\u00e9rieur de la tige forg\u00e9e est con\u00e7u pour \u00eatre inf\u00e9rieur \u00e0 1 mm. Cette configuration est con\u00e7ue pour maintenir la chaleur \u00e0 l'\u00e9cart du liquide contenu dans la conduite, ce qui permet de r\u00e9aliser d'importantes \u00e9conomies d'\u00e9nergie.<\/li>\r\n<\/ul>\r\n<\/li>\r\n<li>Essais cryog\u00e9niques\r\n<ul>\r\n<li>ZECO Valve con\u00e7oit des robinets \u00e0 tournant sph\u00e9rique pour le service cryog\u00e9nique en totale conformit\u00e9 avec la norme BS 6364, qui comprend des essais de preuve de conception \u00e0 des temp\u00e9ratures extr\u00eamement basses de -196\u2103. Des inspections de qualit\u00e9 d\u00e9taill\u00e9es sont effectu\u00e9es avant et apr\u00e8s les essais cryog\u00e9niques, et les vannes sont r\u00e9assembl\u00e9es et test\u00e9es \u00e0 nouveau \u00e0 des temp\u00e9ratures ambiantes \u00e0 des fins de v\u00e9rification.<\/li>\r\n<\/ul>\r\n<\/li>\r\n<\/ul>\r\n\r\n\r\n\r\n<h2 class=\"wp-block-heading\" id=\"h-material-of-cryogenic-ball-valve\">Mat\u00e9riau du robinet \u00e0 boisseau sph\u00e9rique cryog\u00e9nique<\/h2>\r\n\r\n\r\n\r\n<figure class=\"wp-block-table\">\r\n<table>\r\n<tbody>\r\n<tr>\r\n<td>Non<\/td>\r\n<td>Partie<\/td>\r\n<td>Mat\u00e9riau<\/td>\r\n<\/tr>\r\n<tr>\r\n<td>1<\/td>\r\n<td>Corps<\/td>\r\n<td>ASTM A350 LF2<\/td>\r\n<\/tr>\r\n<tr>\r\n<td>2<\/td>\r\n<td>Bonnet<\/td>\r\n<td>ASTM A350 LF2<\/td>\r\n<\/tr>\r\n<tr>\r\n<td>3<\/td>\r\n<td>Boule<\/td>\r\n<td>ASTM A350 LF2<\/td>\r\n<\/tr>\r\n<tr>\r\n<td>4<\/td>\r\n<td>Si\u00e8ge<\/td>\r\n<td>ASTM A182 F316 + TFM<\/td>\r\n<\/tr>\r\n<tr>\r\n<td>5<\/td>\r\n<td>Tige<\/td>\r\n<td>17-4PH<\/td>\r\n<\/tr>\r\n<tr>\r\n<td>6<\/td>\r\n<td>Dispositif antistatique<\/td>\r\n<td>SS316<\/td>\r\n<\/tr>\r\n<tr>\r\n<td>7<\/td>\r\n<td>Joint d'\u00e9tanch\u00e9it\u00e9<\/td>\r\n<td>Graphite + SS316<\/td>\r\n<\/tr>\r\n<tr>\r\n<td>8<\/td>\r\n<td>Boulon<\/td>\r\n<td>ASTM A193 B8<\/td>\r\n<\/tr>\r\n<tr>\r\n<td>9<\/td>\r\n<td>\u00c9crou<\/td>\r\n<td>ASTM A194 8<\/td>\r\n<\/tr>\r\n<tr>\r\n<td>10<\/td>\r\n<td>Joint torique<\/td>\r\n<td>Viton A<\/td>\r\n<\/tr>\r\n<tr>\r\n<td>11<\/td>\r\n<td>Levier<\/td>\r\n<td>ASTM A216 WCB<\/td>\r\n<\/tr>\r\n<\/tbody>\r\n<\/table>\r\n<\/figure>","protected":false},"excerpt":{"rendered":"<p>Qu&#039;est-ce qu&#039;une vanne cryog\u00e9nique\u00a0? Les vannes cryog\u00e9niques sont maintenues dans une position ferm\u00e9e naturelle pour maintenir les gaz cryog\u00e9niques ou autres fluides en s\u00e9curit\u00e9 et\u2026 <a title=\"Robinet \u00e0 bille cryog\u00e9nique\" class=\"read-more\" href=\"https:\/\/zecovalve.com\/fr\/produit\/cryogenic-ball-valve\" aria-label=\"Plus sur Cryogenic Ball Valve\">Lire plus<\/a><\/p>","protected":false},"featured_media":27865,"comment_status":"closed","ping_status":"closed","template":"","meta":{"_generate-full-width-content":"","kt_blocks_editor_width":""},"product_cat":[2047,2461],"product_tag":[3896],"class_list":["post-16546","product","type-product","status-publish","has-post-thumbnail","hentry","product_cat-ball-valve","product_cat-ball-valve-by-material","product_tag-flanged-ball-valve","sales-flash-overlay","woocommerce-text-align-center","woocommerce-image-align-center","do-quantity-buttons"],"featured_image_src_large":["https:\/\/zecovalve.com\/wp-content\/uploads\/2022\/06\/Cryogenic-Ball-Valve-4.jpg",800,600,false],"author_info":[],"comment_info":0,"taxonomy_info":{"product_cat":[{"value":2047,"label":"Ball Valve"},{"value":2461,"label":"Ball Valve By Material"}],"product_tag":[{"value":3896,"label":"Flanged Ball Valve"}]},"yoast_head":"<!-- This site is optimized with the Yoast SEO Premium plugin v15.4 - https:\/\/yoast.com\/wordpress\/plugins\/seo\/ -->\n<title>Cryogenic Valve - Cryogenic Ball Valve | Cryogenic Ball Valves Manufacturers<\/title>\n<meta name=\"robots\" content=\"index, follow, max-snippet:-1, max-image-preview:large, max-video-preview:-1\" \/>\n<link rel=\"canonical\" href=\"https:\/\/zecovalve.com\/fr\/produit\/cryogenic-ball-valve\" \/>\n<meta property=\"og:locale\" content=\"fr_FR\" \/>\n<meta property=\"og:type\" content=\"article\" \/>\n<meta property=\"og:title\" content=\"Cryogenic Valve - Cryogenic Ball Valve | Cryogenic Ball Valves Manufacturers\" \/>\n<meta property=\"og:description\" content=\"What is Cryogenic Valve? Cryogenic valves are kept in a natural closed position to keep cryogenic gasses or other mediums secure and ... Lire plus\" \/>\n<meta property=\"og:url\" content=\"https:\/\/zecovalve.com\/fr\/produit\/cryogenic-ball-valve\" \/>\n<meta property=\"og:site_name\" content=\"ZECO Valve\" \/>\n<meta property=\"article:modified_time\" content=\"2023-06-07T07:08:45+00:00\" \/>\n<meta property=\"og:image\" content=\"https:\/\/zecovalve.com\/wp-content\/uploads\/2022\/06\/Cryogenic-Ball-Valve-4.jpg\" \/>\n\t<meta property=\"og:image:width\" content=\"800\" \/>\n\t<meta property=\"og:image:height\" content=\"600\" \/>\n<meta name=\"twitter:card\" content=\"summary_large_image\" \/>\n<meta name=\"twitter:label1\" content=\"\u00c9crit par\">\n\t<meta name=\"twitter:data1\" content=\"Jerry\">\n\t<meta name=\"twitter:label2\" content=\"Dur\u00e9e de lecture estim\u00e9e\">\n\t<meta name=\"twitter:data2\" content=\"4 minutes\">\n<script type=\"application\/ld+json\" class=\"yoast-schema-graph\">{\"@context\":\"https:\/\/schema.org\",\"@graph\":[{\"@type\":\"WebSite\",\"@id\":\"https:\/\/zecovalve.com\/#website\",\"url\":\"https:\/\/zecovalve.com\/\",\"name\":\"ZECO Valve\",\"description\":\"Industrial Ball Valve, Gate Valve and Globe Valve Manufacturer\",\"potentialAction\":[{\"@type\":\"SearchAction\",\"target\":\"https:\/\/zecovalve.com\/?s={search_term_string}\",\"query-input\":\"required name=search_term_string\"}],\"inLanguage\":\"fr-FR\"},{\"@type\":\"ImageObject\",\"@id\":\"https:\/\/zecovalve.com\/product\/cryogenic-ball-valve#primaryimage\",\"inLanguage\":\"fr-FR\",\"url\":\"https:\/\/zecovalve.com\/wp-content\/uploads\/2022\/06\/Cryogenic-Ball-Valve-4.jpg\",\"width\":800,\"height\":600,\"caption\":\"Cryogenic Ball Valve\"},{\"@type\":\"WebPage\",\"@id\":\"https:\/\/zecovalve.com\/product\/cryogenic-ball-valve#webpage\",\"url\":\"https:\/\/zecovalve.com\/product\/cryogenic-ball-valve\",\"name\":\"Cryogenic Valve - Cryogenic Ball Valve | Cryogenic Ball Valves Manufacturers\",\"isPartOf\":{\"@id\":\"https:\/\/zecovalve.com\/#website\"},\"primaryImageOfPage\":{\"@id\":\"https:\/\/zecovalve.com\/product\/cryogenic-ball-valve#primaryimage\"},\"datePublished\":\"2022-06-21T07:25:55+00:00\",\"dateModified\":\"2023-06-07T07:08:45+00:00\",\"breadcrumb\":{\"@id\":\"https:\/\/zecovalve.com\/product\/cryogenic-ball-valve#breadcrumb\"},\"inLanguage\":\"fr-FR\",\"potentialAction\":[{\"@type\":\"ReadAction\",\"target\":[\"https:\/\/zecovalve.com\/product\/cryogenic-ball-valve\"]}]},{\"@type\":\"BreadcrumbList\",\"@id\":\"https:\/\/zecovalve.com\/product\/cryogenic-ball-valve#breadcrumb\",\"itemListElement\":[{\"@type\":\"ListItem\",\"position\":1,\"item\":{\"@type\":\"WebPage\",\"@id\":\"https:\/\/zecovalve.com\/\",\"url\":\"https:\/\/zecovalve.com\/\",\"name\":\"Home\"}},{\"@type\":\"ListItem\",\"position\":2,\"item\":{\"@type\":\"WebPage\",\"@id\":\"https:\/\/zecovalve.com\/product-category\",\"url\":\"https:\/\/zecovalve.com\/product-category\",\"name\":\"Industrial Valve Manufacturer | Water Valve Manufacturer\"}},{\"@type\":\"ListItem\",\"position\":3,\"item\":{\"@type\":\"WebPage\",\"@id\":\"https:\/\/zecovalve.com\/product\/cryogenic-ball-valve\",\"url\":\"https:\/\/zecovalve.com\/product\/cryogenic-ball-valve\",\"name\":\"Cryogenic Ball Valve\"}}]}]}<\/script>\n<!-- \/ Yoast SEO Premium plugin. -->","_links":{"self":[{"href":"https:\/\/zecovalve.com\/fr\/wp-json\/wp\/v2\/product\/16546","targetHints":{"allow":["GET"]}}],"collection":[{"href":"https:\/\/zecovalve.com\/fr\/wp-json\/wp\/v2\/product"}],"about":[{"href":"https:\/\/zecovalve.com\/fr\/wp-json\/wp\/v2\/types\/product"}],"replies":[{"embeddable":true,"href":"https:\/\/zecovalve.com\/fr\/wp-json\/wp\/v2\/comments?post=16546"}],"wp:featuredmedia":[{"embeddable":true,"href":"https:\/\/zecovalve.com\/fr\/wp-json\/wp\/v2\/media\/27865"}],"wp:attachment":[{"href":"https:\/\/zecovalve.com\/fr\/wp-json\/wp\/v2\/media?parent=16546"}],"wp:term":[{"taxonomy":"product_cat","embeddable":true,"href":"https:\/\/zecovalve.com\/fr\/wp-json\/wp\/v2\/product_cat?post=16546"},{"taxonomy":"product_tag","embeddable":true,"href":"https:\/\/zecovalve.com\/fr\/wp-json\/wp\/v2\/product_tag?post=16546"}],"curies":[{"name":"wp","href":"https:\/\/api.w.org\/{rel}","templated":true}]}}