{"id":16561,"date":"2022-06-21T07:47:48","date_gmt":"2022-06-21T07:47:48","guid":{"rendered":"https:\/\/zecovalve.com\/?post_type=product&#038;p=16561"},"modified":"2023-06-15T12:53:48","modified_gmt":"2023-06-15T12:53:48","slug":"cast-steel-gate-valve","status":"publish","type":"product","link":"https:\/\/zecovalve.com\/fr\/produit\/cast-steel-gate-valve","title":{"rendered":"Robinet-vanne en acier moul\u00e9"},"content":{"rendered":"<h1 class=\"sep-title\">Robinet-vanne en acier moul\u00e9<\/h1>\n<div class=\"sep-box-detail clearfix\">\n<div class=\"box-lf\">\n<div class=\"thumb\">\n<p><img loading=\"lazy\" decoding=\"async\" class=\"wp-image-27891 size-medium\" src=\"https:\/\/zecovalve.com\/wp-content\/uploads\/2022\/06\/Cast-Steel-Gate-Valve-2-300x225.jpg\" alt=\"Robinet-vanne en acier moul\u00e9\" width=\"300\" height=\"225\" srcset=\"https:\/\/zecovalve.com\/wp-content\/uploads\/2022\/06\/Cast-Steel-Gate-Valve-2-300x225.jpg 300w, https:\/\/zecovalve.com\/wp-content\/uploads\/2022\/06\/Cast-Steel-Gate-Valve-2-768x576.jpg 768w, https:\/\/zecovalve.com\/wp-content\/uploads\/2022\/06\/Cast-Steel-Gate-Valve-2-600x450.jpg 600w, https:\/\/zecovalve.com\/wp-content\/uploads\/2022\/06\/Cast-Steel-Gate-Valve-2.jpg 800w\" sizes=\"auto, (max-width: 300px) 100vw, 300px\" \/><\/p>\n<\/div>\n<div class=\"info\"><a href=\"https:\/\/zecovalve.com\/fr\/products\/cast-steel-gate-valve.html\/#form\"><i class=\"fa fa-commenting-o\" aria-hidden=\"true\"><\/i>\u00a0OBTENIR LE PRIX DE LA VANNE<\/a><\/div>\n<\/div>\n<div class=\"box-rt\">\n<div class=\"gg\">\n<div class=\"swiper-container swiper-container-initialized swiper-container-vertical\">\n<div class=\"swiper-wrapper\"><\/div>\n<\/div>\n<\/div>\n<\/div>\n<\/div>\n<div class=\"richtext\">\n<h2>Description du robinet-vanne en acier moul\u00e9\u00a0:<\/h2>\n<p>Le robinet-vanne en acier moul\u00e9 ZECO est contr\u00f4l\u00e9 par le syst\u00e8me d&#039;assurance qualit\u00e9 de la production et de la fabrication et r\u00e9pond \u00e0 toutes les normes internationales de l&#039;industrie et aux proc\u00e9dures document\u00e9es des exigences des utilisateurs. Ces proc\u00e9dures et contr\u00f4les comprennent l&#039;achat et la validation des mati\u00e8res premi\u00e8res, le contr\u00f4le des processus, l&#039;assemblage, les tests et l&#039;exp\u00e9dition, ainsi que tous les documents n\u00e9cessaires. Le syst\u00e8me de garantie de qualit\u00e9 ZECO a \u00e9t\u00e9 form\u00e9 dans un fichier manuel approuv\u00e9 ISO et API. ZECO est certifi\u00e9 ISO 9001 et poss\u00e8de une licence pour le produit API au monogramme API 6D. Chaque vanne est con\u00e7ue pour v\u00e9rifier sa conformit\u00e9 par des tests fonctionnels et de pression. Il en r\u00e9sulte un rapport d&#039;essai de mat\u00e9riau documentant les propri\u00e9t\u00e9s chimiques et m\u00e9caniques pour la pression. Des examens non destructifs suppl\u00e9mentaires sont \u00e9galement enregistr\u00e9s et r\u00e9f\u00e9renc\u00e9s au num\u00e9ro de s\u00e9rie de la vanne.<\/p>\n<h2>Caract\u00e9ristiques du robinet-vanne en acier moul\u00e9\u00a0:<\/h2>\n<p>1. La tige montante du robinet-vanne en acier moul\u00e9 ZECO peut \u00eatre con\u00e7ue avec un double filetage ACME de pr\u00e9cision. Cette conception vous permet d&#039;ouvrir ou de fermer presque deux fois plus rapidement et r\u00e9duit le fonctionnement manuel\u00a0;<\/p>\n<p>2. La garniture de tige du robinet-vanne en acier moul\u00e9 ZECO est con\u00e7ue pour contr\u00f4ler de mani\u00e8re optimale les fuites de fluide provenant de la tige. ZECO adopte des machines-outils CNC pour traiter la zone d&#039;\u00e9tanch\u00e9it\u00e9 de la tige de valve, avec une bonne douceur. La rectitude de la tige de valve est mesur\u00e9e par un instrument de mesure d&#039;angle sp\u00e9cial, garantissant le meilleur effet d&#039;\u00e9tanch\u00e9it\u00e9 de la garniture de tige de valve\u00a0;<\/p>\n<p>3. La conception du si\u00e8ge arri\u00e8re du robinet-vanne en acier moul\u00e9 ZECO peut r\u00e9duire les probl\u00e8mes li\u00e9s au retrait de la vanne du pipeline lorsque la vanne a besoin d&#039;entretien pendant le service\u00a0;<\/p>\n<p>4. Selon les conditions de travail, le stellit\u00e9 peut \u00eatre utilis\u00e9 comme mat\u00e9riau de surface d&#039;\u00e9tanch\u00e9it\u00e9 du coin de soupape et de surface d&#039;\u00e9tanch\u00e9it\u00e9 de la bague de si\u00e8ge de soupape du robinet-vanne en acier moul\u00e9 ZECO pour am\u00e9liorer la r\u00e9sistance \u00e0 l&#039;abrasion et \u00e0 la corrosion de la bague d&#039;\u00e9tanch\u00e9it\u00e9.<\/p>\n<h2>Mat\u00e9riau du robinet-vanne en acier moul\u00e9\u00a0:<\/h2>\n<table>\n<tbody>\n<tr class=\"firstRow\">\n<td valign=\"center\">Non<\/td>\n<td valign=\"center\">Partie<\/td>\n<td valign=\"center\">Mat\u00e9riau<\/td>\n<\/tr>\n<tr>\n<td valign=\"center\">1<\/td>\n<td valign=\"center\">Corps<\/td>\n<td valign=\"center\">ASTM A216 WCB<\/td>\n<\/tr>\n<tr>\n<td valign=\"center\">2<\/td>\n<td valign=\"center\">Anneau de si\u00e8ge<\/td>\n<td valign=\"center\">ASTM A105 + STL<\/td>\n<\/tr>\n<tr>\n<td valign=\"center\">3<\/td>\n<td valign=\"center\">Cale<\/td>\n<td valign=\"center\">ASTM A216 WCB + STL<\/td>\n<\/tr>\n<tr>\n<td valign=\"center\">4<\/td>\n<td valign=\"center\">Tige<\/td>\n<td valign=\"center\">ASTM A276 410<\/td>\n<\/tr>\n<tr>\n<td valign=\"center\">5<\/td>\n<td valign=\"center\">Joint de chapeau<\/td>\n<td valign=\"center\">Graphite + SS304<\/td>\n<\/tr>\n<tr>\n<td valign=\"center\">6<\/td>\n<td valign=\"center\">Boulon du chapeau<\/td>\n<td valign=\"center\">ASTM A193 B7<\/td>\n<\/tr>\n<tr>\n<td valign=\"center\">7<\/td>\n<td valign=\"center\">\u00c9crou \u00e0 chapeau<\/td>\n<td valign=\"center\">ASTM A194 2H<\/td>\n<\/tr>\n<tr>\n<td valign=\"center\">8<\/td>\n<td valign=\"center\">Bonnet<\/td>\n<td valign=\"center\">ASTM A216 WCB<\/td>\n<\/tr>\n<tr>\n<td valign=\"center\">9<\/td>\n<td valign=\"center\">Si\u00e8ge arri\u00e8re<\/td>\n<td valign=\"center\">ASTM A182 F6a<\/td>\n<\/tr>\n<tr>\n<td valign=\"center\">10<\/td>\n<td valign=\"center\">Garniture de tige<\/td>\n<td valign=\"center\">Graphite renforc\u00e9<\/td>\n<\/tr>\n<tr>\n<td valign=\"center\">11<\/td>\n<td valign=\"center\">Roue \u00e0 main<\/td>\n<td valign=\"center\">KTH330-08<\/td>\n<\/tr>\n<\/tbody>\n<\/table>\n<\/div>","protected":false},"excerpt":{"rendered":"<p>Vanne \u00e0 vanne en acier moul\u00e9 OBTENEZ LE PRIX DE LA VALVE Description du vanne \u00e0 vanne en acier moul\u00e9 : La vanne \u00e0 vanne en acier moul\u00e9 ZECO est contr\u00f4l\u00e9e sous \u2026 <a title=\"Robinet-vanne en acier moul\u00e9\" class=\"read-more\" href=\"https:\/\/zecovalve.com\/fr\/produit\/cast-steel-gate-valve\" aria-label=\"Plus sur Cast Steel Gate Valve\">Lire plus<\/a><\/p>","protected":false},"featured_media":27891,"comment_status":"closed","ping_status":"closed","template":"","meta":{"_generate-full-width-content":"","kt_blocks_editor_width":""},"product_cat":[2052,2454],"product_tag":[2658,2798],"class_list":["post-16561","product","type-product","status-publish","has-post-thumbnail","hentry","product_cat-gate-valve","product_cat-gate-valve-by-material","product_tag-isolation-valve","product_tag-osy-valve","sales-flash-overlay","woocommerce-text-align-center","woocommerce-image-align-center","do-quantity-buttons"],"featured_image_src_large":["https:\/\/zecovalve.com\/wp-content\/uploads\/2022\/06\/Cast-Steel-Gate-Valve-2.jpg",800,600,false],"author_info":[],"comment_info":0,"taxonomy_info":{"product_cat":[{"value":2052,"label":"Gate Valve"},{"value":2454,"label":"Gate Valve By Material"}],"product_tag":[{"value":2658,"label":"Isolation Valve"},{"value":2798,"label":"OS&amp;Y Valve"}]},"yoast_head":"<!-- This site is optimized with the Yoast SEO Premium plugin v15.4 - https:\/\/yoast.com\/wordpress\/plugins\/seo\/ -->\n<title>Cast Steel Gate Valve - ZECO Valve<\/title>\n<meta name=\"robots\" content=\"index, follow, max-snippet:-1, max-image-preview:large, max-video-preview:-1\" \/>\n<link rel=\"canonical\" href=\"https:\/\/zecovalve.com\/fr\/produit\/cast-steel-gate-valve\" \/>\n<meta property=\"og:locale\" content=\"fr_FR\" \/>\n<meta property=\"og:type\" content=\"article\" \/>\n<meta property=\"og:title\" content=\"Cast Steel Gate Valve - ZECO Valve\" \/>\n<meta property=\"og:description\" content=\"Cast Steel Gate Valve \u00a0GET VALVE PRICE Description of Cast Steel Gate Valve: ZECO cast steel gate valve is in controlled under ... Lire plus\" \/>\n<meta property=\"og:url\" content=\"https:\/\/zecovalve.com\/fr\/produit\/cast-steel-gate-valve\" \/>\n<meta property=\"og:site_name\" content=\"ZECO Valve\" \/>\n<meta property=\"article:modified_time\" content=\"2023-06-15T12:53:48+00:00\" \/>\n<meta property=\"og:image\" content=\"https:\/\/zecovalve.com\/wp-content\/uploads\/2022\/06\/Cast-Steel-Gate-Valve-2.jpg\" \/>\n\t<meta property=\"og:image:width\" content=\"800\" \/>\n\t<meta property=\"og:image:height\" content=\"600\" \/>\n<meta name=\"twitter:card\" content=\"summary_large_image\" \/>\n<meta name=\"twitter:label1\" content=\"\u00c9crit par\">\n\t<meta name=\"twitter:data1\" content=\"Jerry\">\n\t<meta name=\"twitter:label2\" content=\"Dur\u00e9e de lecture estim\u00e9e\">\n\t<meta name=\"twitter:data2\" content=\"1 minute\">\n<script type=\"application\/ld+json\" class=\"yoast-schema-graph\">{\"@context\":\"https:\/\/schema.org\",\"@graph\":[{\"@type\":\"WebSite\",\"@id\":\"https:\/\/zecovalve.com\/#website\",\"url\":\"https:\/\/zecovalve.com\/\",\"name\":\"ZECO Valve\",\"description\":\"Industrial Ball Valve, Gate Valve and Globe Valve Manufacturer\",\"potentialAction\":[{\"@type\":\"SearchAction\",\"target\":\"https:\/\/zecovalve.com\/?s={search_term_string}\",\"query-input\":\"required name=search_term_string\"}],\"inLanguage\":\"fr-FR\"},{\"@type\":\"ImageObject\",\"@id\":\"https:\/\/zecovalve.com\/product\/cast-steel-gate-valve#primaryimage\",\"inLanguage\":\"fr-FR\",\"url\":\"https:\/\/zecovalve.com\/wp-content\/uploads\/2022\/06\/Cast-Steel-Gate-Valve-2.jpg\",\"width\":800,\"height\":600,\"caption\":\"Cast Steel Gate Valve\"},{\"@type\":\"WebPage\",\"@id\":\"https:\/\/zecovalve.com\/product\/cast-steel-gate-valve#webpage\",\"url\":\"https:\/\/zecovalve.com\/product\/cast-steel-gate-valve\",\"name\":\"Cast Steel Gate Valve - ZECO Valve\",\"isPartOf\":{\"@id\":\"https:\/\/zecovalve.com\/#website\"},\"primaryImageOfPage\":{\"@id\":\"https:\/\/zecovalve.com\/product\/cast-steel-gate-valve#primaryimage\"},\"datePublished\":\"2022-06-21T07:47:48+00:00\",\"dateModified\":\"2023-06-15T12:53:48+00:00\",\"breadcrumb\":{\"@id\":\"https:\/\/zecovalve.com\/product\/cast-steel-gate-valve#breadcrumb\"},\"inLanguage\":\"fr-FR\",\"potentialAction\":[{\"@type\":\"ReadAction\",\"target\":[\"https:\/\/zecovalve.com\/product\/cast-steel-gate-valve\"]}]},{\"@type\":\"BreadcrumbList\",\"@id\":\"https:\/\/zecovalve.com\/product\/cast-steel-gate-valve#breadcrumb\",\"itemListElement\":[{\"@type\":\"ListItem\",\"position\":1,\"item\":{\"@type\":\"WebPage\",\"@id\":\"https:\/\/zecovalve.com\/\",\"url\":\"https:\/\/zecovalve.com\/\",\"name\":\"Home\"}},{\"@type\":\"ListItem\",\"position\":2,\"item\":{\"@type\":\"WebPage\",\"@id\":\"https:\/\/zecovalve.com\/product-category\",\"url\":\"https:\/\/zecovalve.com\/product-category\",\"name\":\"Industrial Valve Manufacturer | Water Valve Manufacturer\"}},{\"@type\":\"ListItem\",\"position\":3,\"item\":{\"@type\":\"WebPage\",\"@id\":\"https:\/\/zecovalve.com\/product\/cast-steel-gate-valve\",\"url\":\"https:\/\/zecovalve.com\/product\/cast-steel-gate-valve\",\"name\":\"Cast Steel Gate Valve\"}}]}]}<\/script>\n<!-- \/ Yoast SEO Premium plugin. -->","_links":{"self":[{"href":"https:\/\/zecovalve.com\/fr\/wp-json\/wp\/v2\/product\/16561","targetHints":{"allow":["GET"]}}],"collection":[{"href":"https:\/\/zecovalve.com\/fr\/wp-json\/wp\/v2\/product"}],"about":[{"href":"https:\/\/zecovalve.com\/fr\/wp-json\/wp\/v2\/types\/product"}],"replies":[{"embeddable":true,"href":"https:\/\/zecovalve.com\/fr\/wp-json\/wp\/v2\/comments?post=16561"}],"wp:featuredmedia":[{"embeddable":true,"href":"https:\/\/zecovalve.com\/fr\/wp-json\/wp\/v2\/media\/27891"}],"wp:attachment":[{"href":"https:\/\/zecovalve.com\/fr\/wp-json\/wp\/v2\/media?parent=16561"}],"wp:term":[{"taxonomy":"product_cat","embeddable":true,"href":"https:\/\/zecovalve.com\/fr\/wp-json\/wp\/v2\/product_cat?post=16561"},{"taxonomy":"product_tag","embeddable":true,"href":"https:\/\/zecovalve.com\/fr\/wp-json\/wp\/v2\/product_tag?post=16561"}],"curies":[{"name":"wp","href":"https:\/\/api.w.org\/{rel}","templated":true}]}}