{"id":16590,"date":"2022-06-22T05:59:58","date_gmt":"2022-06-22T05:59:58","guid":{"rendered":"https:\/\/zecovalve.com\/?post_type=product&#038;p=16590"},"modified":"2023-06-15T12:54:11","modified_gmt":"2023-06-15T12:54:11","slug":"high-pressure-gate-valve","status":"publish","type":"product","link":"https:\/\/zecovalve.com\/fr\/produit\/high-pressure-gate-valve","title":{"rendered":"Robinet-vanne \u00e0 haute pression"},"content":{"rendered":"<h1 class=\"sep-title\">Robinet-vanne \u00e0 haute pression<\/h1>\n<div class=\"sep-box-detail clearfix\">\n<div class=\"box-lf\">\n<div class=\"thumb\">\n<figure id=\"attachment_16591\" aria-describedby=\"caption-attachment-16591\" style=\"width: 290px\" class=\"wp-caption alignnone\"><img loading=\"lazy\" decoding=\"async\" class=\"size-medium wp-image-16591\" src=\"https:\/\/zecovalve.com\/wp-content\/uploads\/2022\/06\/high-pressure-gate-valve-300x225.jpg\" alt=\"Robinet-vanne \u00e0 haute pression\" width=\"300\" height=\"225\" srcset=\"https:\/\/zecovalve.com\/wp-content\/uploads\/2022\/06\/high-pressure-gate-valve-300x225.jpg 300w, https:\/\/zecovalve.com\/wp-content\/uploads\/2022\/06\/high-pressure-gate-valve-768x576.jpg 768w, https:\/\/zecovalve.com\/wp-content\/uploads\/2022\/06\/high-pressure-gate-valve-600x450.jpg 600w, https:\/\/zecovalve.com\/wp-content\/uploads\/2022\/06\/high-pressure-gate-valve.jpg 800w\" sizes=\"auto, (max-width: 300px) 100vw, 300px\" \/><figcaption id=\"caption-attachment-16591\" class=\"wp-caption-text\">Robinet-vanne \u00e0 haute pression<\/figcaption><\/figure>\n<\/div>\n<div class=\"info\"><a href=\"https:\/\/zecovalve.com\/fr\/products\/high-pressure-gate-valve.html\/#form\"><i class=\"fa fa-commenting-o\" aria-hidden=\"true\"><\/i>\u00a0OBTENIR LE PRIX DE LA VANNE<\/a><\/div>\n<\/div>\n<div class=\"box-rt\">\n<div class=\"gg\">\n<div class=\"swiper-container swiper-container-initialized swiper-container-vertical\">\n<div class=\"swiper-wrapper\"><\/div>\n<\/div>\n<\/div>\n<\/div>\n<\/div>\n<div class=\"richtext\">\n<h2>Description du robinet-vanne haute pression\u00a0:<\/h2>\n<p>Lorsque la pression est faible, l&#039;\u00e9paisseur de la bride est faible, l&#039;augmentation des co\u00fbts n&#039;est pas importante, la contrainte thermique g\u00e9n\u00e9r\u00e9e lors du chauffage et du refroidissement est faible, comptez sur la force de serrage des boulons et le joint pour obtenir une \u00e9tanch\u00e9it\u00e9 facile. Il est plus pratique de r\u00e9parer ou de remplacer la vanne lorsqu&#039;un raccord \u00e0 bride est utilis\u00e9. La pression de service du robinet-vanne haute pression ZECO est tr\u00e8s \u00e9lev\u00e9e. Si la bride est toujours reli\u00e9e au tuyau, l&#039;\u00e9paisseur de la bride est tr\u00e8s grande. Non seulement le co\u00fbt de la bride et du boulon est \u00e9videmment augment\u00e9, mais la contrainte thermique g\u00e9n\u00e9r\u00e9e par le chauffage et le refroidissement est \u00e9galement tr\u00e8s importante. \u00c0 mesure que la pression augmente, la temp\u00e9rature du fluide de travail augmente \u00e9galement, le boulon dans le travail \u00e0 long terme \u00e0 haute temp\u00e9rature appara\u00eet la relaxation, r\u00e9duit la bride \u00e0 la pression du joint facile \u00e0 provoquer une fuite du joint. La fuite d&#039;un tiers s&#039;est produite non seulement rapidement, et la fuite \u00e0 grande vitesse du fluide est facile \u00e0 souffler hors de la rainure perforante de la surface d&#039;\u00e9tanch\u00e9it\u00e9 de la bride, la r\u00e9paration est plus difficile. Si la vanne et le tuyau sont soud\u00e9s, le poids et le co\u00fbt sont consid\u00e9rablement r\u00e9duits, la contrainte thermique pendant le chauffage et le refroidissement est consid\u00e9rablement r\u00e9duite, les performances d&#039;\u00e9tanch\u00e9it\u00e9 sont consid\u00e9rablement am\u00e9lior\u00e9es et une fois qu&#039;une fuite se produit, elle est facile \u00e0 g\u00e9rer.<\/p>\n<h2>Caract\u00e9ristiques du robinet-vanne haute pression\u00a0:<\/h2>\n<p>1. Le robinet-vanne haute pression ZECO adopte g\u00e9n\u00e9ralement le VT (inspection visuelle) pour les produits soud\u00e9s afin de v\u00e9rifier les d\u00e9fauts de soudage \u00e9vidents, tels que les fissures, les bordures, les rots de soudage, les d\u00e9fauts de moulage, les br\u00fblures, les \u00e9claboussures, etc. Apr\u00e8s avoir pass\u00e9 le visuel le plus \u00e9l\u00e9mentaire inspection, PT est utilis\u00e9 pour v\u00e9rifier s&#039;il y a des fissures dans la surface d&#039;\u00e9tanch\u00e9it\u00e9 et pour tester la duret\u00e9 de la surface d&#039;\u00e9tanch\u00e9it\u00e9\u00a0;<\/p>\n<p>2. L&#039;\u00e9crou de tige du robinet-vanne haute pression ZECO est rempla\u00e7able en ligne\u00a0;<\/p>\n<p>3. Le si\u00e8ge arri\u00e8re du robinet-vanne haute pression ZECO est con\u00e7u pour soulager la contre-pression sur la garniture de tige lorsqu&#039;il est compl\u00e8tement en place\u00a0;<\/p>\n<p>4. Les anneaux de si\u00e8ge du robinet-vanne haute pression ZECO sont soud\u00e9s herm\u00e9tiquement pour fournir un joint \u00e9tanche aux bulles.<\/p>\n<p>&nbsp;<\/p>\n<h2>Mat\u00e9riau du robinet-vanne haute pression\u00a0:<\/h2>\n<table>\n<tbody>\n<tr class=\"firstRow\">\n<td valign=\"center\">Non<\/td>\n<td valign=\"center\">Partie<\/td>\n<td valign=\"center\">Mat\u00e9riau<\/td>\n<\/tr>\n<tr>\n<td valign=\"center\">1<\/td>\n<td valign=\"center\">Corps<\/td>\n<td valign=\"center\">\u00a0ASTM A217 WC9<\/td>\n<\/tr>\n<tr>\n<td valign=\"center\">2<\/td>\n<td valign=\"center\">Anneau de si\u00e8ge<\/td>\n<td valign=\"center\">ASTM A182 F22 + STL<\/td>\n<\/tr>\n<tr>\n<td valign=\"center\">3<\/td>\n<td valign=\"center\">Cale<\/td>\n<td valign=\"center\">ASTM A217 WC9 + STL<\/td>\n<\/tr>\n<tr>\n<td valign=\"center\">4<\/td>\n<td valign=\"center\">Tige<\/td>\n<td valign=\"center\">ASTM A276 420<\/td>\n<\/tr>\n<tr>\n<td valign=\"center\">5<\/td>\n<td valign=\"center\">Joint de chapeau<\/td>\n<td valign=\"center\">Graphite + SS316<\/td>\n<\/tr>\n<tr>\n<td valign=\"center\">6<\/td>\n<td valign=\"center\">Boulon du chapeau<\/td>\n<td valign=\"center\">ASTM A193 B16<\/td>\n<\/tr>\n<tr>\n<td valign=\"center\">7<\/td>\n<td valign=\"center\">\u00c9crou \u00e0 chapeau<\/td>\n<td valign=\"center\">ASTM A194 4<\/td>\n<\/tr>\n<tr>\n<td valign=\"center\">8<\/td>\n<td valign=\"center\">Bonnet<\/td>\n<td valign=\"center\">ASTM A217 WC9<\/td>\n<\/tr>\n<tr>\n<td valign=\"center\">9<\/td>\n<td valign=\"center\">Si\u00e8ge arri\u00e8re<\/td>\n<td valign=\"center\">ASTM A182 F6a<\/td>\n<\/tr>\n<tr>\n<td valign=\"center\">10<\/td>\n<td valign=\"center\">Garniture de tige<\/td>\n<td valign=\"center\">Graphite renforc\u00e9<\/td>\n<\/tr>\n<tr>\n<td valign=\"center\">11<\/td>\n<td valign=\"center\">Roue \u00e0 main<\/td>\n<td valign=\"center\">KTH330-08<\/td>\n<\/tr>\n<\/tbody>\n<\/table>\n<\/div>","protected":false},"excerpt":{"rendered":"<p>Vanne \u00e0 vanne haute pression OBTENIR LE PRIX DE LA VANNE Description du vanne \u00e0 vanne haute pression : Lorsque la pression est faible, l&#039;\u00e9paisseur de la bride est\u2026 <a title=\"Robinet-vanne \u00e0 haute pression\" class=\"read-more\" href=\"https:\/\/zecovalve.com\/fr\/produit\/high-pressure-gate-valve\" aria-label=\"Plus sur Vanne Haute Pression\">Lire plus<\/a><\/p>","protected":false},"featured_media":27893,"comment_status":"closed","ping_status":"closed","template":"","meta":{"_generate-full-width-content":"","kt_blocks_editor_width":""},"product_cat":[2052,2454],"product_tag":[2658,2798],"class_list":["post-16590","product","type-product","status-publish","has-post-thumbnail","hentry","product_cat-gate-valve","product_cat-gate-valve-by-material","product_tag-isolation-valve","product_tag-osy-valve","sales-flash-overlay","woocommerce-text-align-center","woocommerce-image-align-center","do-quantity-buttons"],"featured_image_src_large":["https:\/\/zecovalve.com\/wp-content\/uploads\/2022\/06\/High-Pressure-Gate-Valve-2.jpg",800,600,false],"author_info":[],"comment_info":0,"taxonomy_info":{"product_cat":[{"value":2052,"label":"Gate Valve"},{"value":2454,"label":"Gate Valve By Material"}],"product_tag":[{"value":2658,"label":"Isolation Valve"},{"value":2798,"label":"OS&amp;Y Valve"}]},"yoast_head":"<!-- This site is optimized with the Yoast SEO Premium plugin v15.4 - https:\/\/yoast.com\/wordpress\/plugins\/seo\/ -->\n<title>High Pressure Gate Valve - ZECO Valve<\/title>\n<meta name=\"robots\" content=\"index, follow, max-snippet:-1, max-image-preview:large, max-video-preview:-1\" \/>\n<link rel=\"canonical\" href=\"https:\/\/zecovalve.com\/fr\/produit\/high-pressure-gate-valve\" \/>\n<meta property=\"og:locale\" content=\"fr_FR\" \/>\n<meta property=\"og:type\" content=\"article\" \/>\n<meta property=\"og:title\" content=\"High Pressure Gate Valve - ZECO Valve\" \/>\n<meta property=\"og:description\" content=\"High Pressure Gate Valve \u00a0GET VALVE PRICE Description of High Pressure Gate Valve: When the pressure is low, the flange thickness is ... Lire plus\" \/>\n<meta property=\"og:url\" content=\"https:\/\/zecovalve.com\/fr\/produit\/high-pressure-gate-valve\" \/>\n<meta property=\"og:site_name\" content=\"ZECO Valve\" \/>\n<meta property=\"article:modified_time\" content=\"2023-06-15T12:54:11+00:00\" \/>\n<meta property=\"og:image\" content=\"https:\/\/zecovalve.com\/wp-content\/uploads\/2022\/06\/High-Pressure-Gate-Valve-2.jpg\" \/>\n\t<meta property=\"og:image:width\" content=\"800\" \/>\n\t<meta property=\"og:image:height\" content=\"600\" \/>\n<meta name=\"twitter:card\" content=\"summary_large_image\" \/>\n<meta name=\"twitter:label1\" content=\"\u00c9crit par\">\n\t<meta name=\"twitter:data1\" content=\"Jerry\">\n\t<meta name=\"twitter:label2\" content=\"Dur\u00e9e de lecture estim\u00e9e\">\n\t<meta name=\"twitter:data2\" content=\"2 minutes\">\n<script type=\"application\/ld+json\" class=\"yoast-schema-graph\">{\"@context\":\"https:\/\/schema.org\",\"@graph\":[{\"@type\":\"WebSite\",\"@id\":\"https:\/\/zecovalve.com\/#website\",\"url\":\"https:\/\/zecovalve.com\/\",\"name\":\"ZECO Valve\",\"description\":\"Industrial Ball Valve, Gate Valve and Globe Valve Manufacturer\",\"potentialAction\":[{\"@type\":\"SearchAction\",\"target\":\"https:\/\/zecovalve.com\/?s={search_term_string}\",\"query-input\":\"required name=search_term_string\"}],\"inLanguage\":\"fr-FR\"},{\"@type\":\"ImageObject\",\"@id\":\"https:\/\/zecovalve.com\/product\/high-pressure-gate-valve#primaryimage\",\"inLanguage\":\"fr-FR\",\"url\":\"https:\/\/zecovalve.com\/wp-content\/uploads\/2022\/06\/High-Pressure-Gate-Valve-2.jpg\",\"width\":800,\"height\":600,\"caption\":\"High Pressure Gate Valve\"},{\"@type\":\"WebPage\",\"@id\":\"https:\/\/zecovalve.com\/product\/high-pressure-gate-valve#webpage\",\"url\":\"https:\/\/zecovalve.com\/product\/high-pressure-gate-valve\",\"name\":\"High Pressure Gate Valve - ZECO Valve\",\"isPartOf\":{\"@id\":\"https:\/\/zecovalve.com\/#website\"},\"primaryImageOfPage\":{\"@id\":\"https:\/\/zecovalve.com\/product\/high-pressure-gate-valve#primaryimage\"},\"datePublished\":\"2022-06-22T05:59:58+00:00\",\"dateModified\":\"2023-06-15T12:54:11+00:00\",\"breadcrumb\":{\"@id\":\"https:\/\/zecovalve.com\/product\/high-pressure-gate-valve#breadcrumb\"},\"inLanguage\":\"fr-FR\",\"potentialAction\":[{\"@type\":\"ReadAction\",\"target\":[\"https:\/\/zecovalve.com\/product\/high-pressure-gate-valve\"]}]},{\"@type\":\"BreadcrumbList\",\"@id\":\"https:\/\/zecovalve.com\/product\/high-pressure-gate-valve#breadcrumb\",\"itemListElement\":[{\"@type\":\"ListItem\",\"position\":1,\"item\":{\"@type\":\"WebPage\",\"@id\":\"https:\/\/zecovalve.com\/\",\"url\":\"https:\/\/zecovalve.com\/\",\"name\":\"Home\"}},{\"@type\":\"ListItem\",\"position\":2,\"item\":{\"@type\":\"WebPage\",\"@id\":\"https:\/\/zecovalve.com\/product-category\",\"url\":\"https:\/\/zecovalve.com\/product-category\",\"name\":\"Industrial Valve Manufacturer | Water Valve Manufacturer\"}},{\"@type\":\"ListItem\",\"position\":3,\"item\":{\"@type\":\"WebPage\",\"@id\":\"https:\/\/zecovalve.com\/product\/high-pressure-gate-valve\",\"url\":\"https:\/\/zecovalve.com\/product\/high-pressure-gate-valve\",\"name\":\"High Pressure Gate Valve\"}}]}]}<\/script>\n<!-- \/ Yoast SEO Premium plugin. -->","_links":{"self":[{"href":"https:\/\/zecovalve.com\/fr\/wp-json\/wp\/v2\/product\/16590","targetHints":{"allow":["GET"]}}],"collection":[{"href":"https:\/\/zecovalve.com\/fr\/wp-json\/wp\/v2\/product"}],"about":[{"href":"https:\/\/zecovalve.com\/fr\/wp-json\/wp\/v2\/types\/product"}],"replies":[{"embeddable":true,"href":"https:\/\/zecovalve.com\/fr\/wp-json\/wp\/v2\/comments?post=16590"}],"wp:featuredmedia":[{"embeddable":true,"href":"https:\/\/zecovalve.com\/fr\/wp-json\/wp\/v2\/media\/27893"}],"wp:attachment":[{"href":"https:\/\/zecovalve.com\/fr\/wp-json\/wp\/v2\/media?parent=16590"}],"wp:term":[{"taxonomy":"product_cat","embeddable":true,"href":"https:\/\/zecovalve.com\/fr\/wp-json\/wp\/v2\/product_cat?post=16590"},{"taxonomy":"product_tag","embeddable":true,"href":"https:\/\/zecovalve.com\/fr\/wp-json\/wp\/v2\/product_tag?post=16590"}],"curies":[{"name":"wp","href":"https:\/\/api.w.org\/{rel}","templated":true}]}}