{"id":16644,"date":"2022-06-22T07:41:11","date_gmt":"2022-06-22T07:41:11","guid":{"rendered":"https:\/\/zecovalve.com\/?post_type=product&#038;p=16644"},"modified":"2022-07-10T02:25:36","modified_gmt":"2022-07-10T02:25:36","slug":"carbon-steel-ball-valve","status":"publish","type":"product","link":"https:\/\/zecovalve.com\/fr\/produit\/carbon-steel-ball-valve","title":{"rendered":"Robinet \u00e0 tournant sph\u00e9rique en acier au carbone"},"content":{"rendered":"<h1 class=\"sep-title\">Robinet \u00e0 tournant sph\u00e9rique en acier au carbone<\/h1>\n<div class=\"sep-box-detail clearfix\">\n<div class=\"box-lf\">\n<div class=\"thumb\">\n<figure id=\"attachment_16645\" aria-describedby=\"caption-attachment-16645\" style=\"width: 290px\" class=\"wp-caption alignnone\"><img loading=\"lazy\" decoding=\"async\" class=\"size-medium wp-image-16645\" src=\"https:\/\/zecovalve.com\/wp-content\/uploads\/2022\/06\/carbon-steel-ball-valve-1-300x225.jpg\" alt=\"Robinet \u00e0 tournant sph\u00e9rique en acier au carbone\" width=\"300\" height=\"225\" srcset=\"https:\/\/zecovalve.com\/wp-content\/uploads\/2022\/06\/carbon-steel-ball-valve-1-300x225.jpg 300w, https:\/\/zecovalve.com\/wp-content\/uploads\/2022\/06\/carbon-steel-ball-valve-1-768x576.jpg 768w, https:\/\/zecovalve.com\/wp-content\/uploads\/2022\/06\/carbon-steel-ball-valve-1-600x450.jpg 600w, https:\/\/zecovalve.com\/wp-content\/uploads\/2022\/06\/carbon-steel-ball-valve-1.jpg 800w\" sizes=\"auto, (max-width: 300px) 100vw, 300px\" \/><figcaption id=\"caption-attachment-16645\" class=\"wp-caption-text\">Robinet \u00e0 tournant sph\u00e9rique en acier au carbone<\/figcaption><\/figure>\n<p><img loading=\"lazy\" decoding=\"async\" class=\"alignnone size-medium wp-image-16646\" src=\"https:\/\/zecovalve.com\/wp-content\/uploads\/2022\/06\/carbon-steel-ball-valve-3-300x225.jpg\" alt=\"\" width=\"300\" height=\"225\" srcset=\"https:\/\/zecovalve.com\/wp-content\/uploads\/2022\/06\/carbon-steel-ball-valve-3-300x225.jpg 300w, https:\/\/zecovalve.com\/wp-content\/uploads\/2022\/06\/carbon-steel-ball-valve-3-768x576.jpg 768w, https:\/\/zecovalve.com\/wp-content\/uploads\/2022\/06\/carbon-steel-ball-valve-3-600x450.jpg 600w, https:\/\/zecovalve.com\/wp-content\/uploads\/2022\/06\/carbon-steel-ball-valve-3.jpg 800w\" sizes=\"auto, (max-width: 300px) 100vw, 300px\" \/> <img loading=\"lazy\" decoding=\"async\" class=\"alignnone size-medium wp-image-16647\" src=\"https:\/\/zecovalve.com\/wp-content\/uploads\/2022\/06\/carbon-steel-ball-valve-4-300x225.jpg\" alt=\"\" width=\"300\" height=\"225\" srcset=\"https:\/\/zecovalve.com\/wp-content\/uploads\/2022\/06\/carbon-steel-ball-valve-4-300x225.jpg 300w, https:\/\/zecovalve.com\/wp-content\/uploads\/2022\/06\/carbon-steel-ball-valve-4-768x576.jpg 768w, https:\/\/zecovalve.com\/wp-content\/uploads\/2022\/06\/carbon-steel-ball-valve-4-600x450.jpg 600w, https:\/\/zecovalve.com\/wp-content\/uploads\/2022\/06\/carbon-steel-ball-valve-4.jpg 800w\" sizes=\"auto, (max-width: 300px) 100vw, 300px\" \/> <img loading=\"lazy\" decoding=\"async\" class=\"alignnone size-medium wp-image-16648\" src=\"https:\/\/zecovalve.com\/wp-content\/uploads\/2022\/06\/gear-operated-ball-valve-5-300x225.jpg\" alt=\"\" width=\"300\" height=\"225\" srcset=\"https:\/\/zecovalve.com\/wp-content\/uploads\/2022\/06\/gear-operated-ball-valve-5-300x225.jpg 300w, https:\/\/zecovalve.com\/wp-content\/uploads\/2022\/06\/gear-operated-ball-valve-5-768x576.jpg 768w, https:\/\/zecovalve.com\/wp-content\/uploads\/2022\/06\/gear-operated-ball-valve-5-600x450.jpg 600w, https:\/\/zecovalve.com\/wp-content\/uploads\/2022\/06\/gear-operated-ball-valve-5.jpg 800w\" sizes=\"auto, (max-width: 300px) 100vw, 300px\" \/><\/div>\n<div class=\"info\"><a href=\"https:\/\/zecovalve.com\/fr\/products\/carbon-steel-ball-valve.html\/#form\"><i class=\"fa fa-commenting-o\" aria-hidden=\"true\"><\/i>\u00a0OBTENIR LE PRIX DE LA VANNE<\/a><\/div>\n<\/div>\n<div class=\"box-rt\">\n<div class=\"gg\">\n<div class=\"swiper-container swiper-container-initialized swiper-container-vertical\">\n<div class=\"swiper-wrapper\">\n<div class=\"swiper-slide swiper-slide-prev\">\n<div class=\"img\"><\/div>\n<\/div>\n<\/div>\n<\/div>\n<\/div>\n<div class=\"swiper-button-next swiper-button-disabled\" tabindex=\"0\" role=\"button\" aria-label=\"Diapositive suivante\" aria-disabled=\"true\"><\/div>\n<\/div>\n<\/div>\n<div class=\"richtext\">\n<h2>Description du robinet \u00e0 boisseau sph\u00e9rique en acier au carbone :<\/h2>\n<p>Le robinet \u00e0 boisseau sph\u00e9rique en acier au carbone ZECO est g\u00e9n\u00e9ralement utilis\u00e9 dans des milieux non corrosifs, sous certaines conditions, telles qu'une certaine plage de temp\u00e9rature, les conditions de concentration peuvent \u00e9galement \u00eatre utilis\u00e9es dans certains milieux corrosifs. La temp\u00e9rature appropri\u00e9e est de - 29 \u2103 ~ 425 \u2103, la marque couramment utilis\u00e9e pour le WCA de l'ASTM A216 \/ A216M, WCB, WCC. Lorsque l'exigence de r\u00e9sistance est plus \u00e9lev\u00e9e, le WCC est adopt\u00e9, car la teneur en Mn dans le WCC est plus \u00e9lev\u00e9e, ce qui am\u00e9liore l'effet de renforcement de l'acier...<\/p>\n<h2>Caract\u00e9ristiques du robinet \u00e0 boisseau sph\u00e9rique en acier au carbone :<\/h2>\n<p>1. L'effet de piston unique est la conception standard du robinet \u00e0 boisseau sph\u00e9rique en acier au carbone ZECO. La pression exerc\u00e9e par les c\u00f4t\u00e9s amont et aval pousse les bagues de si\u00e8ge contre la bille. Si la force cr\u00e9\u00e9e par la pression dans la cavit\u00e9 du corps est sup\u00e9rieure \u00e0 la force du ressort pr\u00e9charg\u00e9 plus la force cr\u00e9\u00e9e par la pression en amont ou en aval, les si\u00e8ges sont \u00e9cart\u00e9s de la bille. Ainsi, toute surpression dans la cavit\u00e9 du corps est automatiquement lib\u00e9r\u00e9e en position compl\u00e8tement ouverte ou compl\u00e8tement ferm\u00e9e ;<\/p>\n<p>2. Le robinet \u00e0 boisseau sph\u00e9rique en acier au carbone de ZECO est con\u00e7u pour r\u00e9sister au feu. Les fuites au niveau de la tige de la vanne sont emp\u00each\u00e9es par deux joints toriques et un joint de presse-\u00e9toupe. Les fuites au niveau de la connexion du corps de la vanne sont \u00e9galement bloqu\u00e9es par un joint torique et un joint de corps. Apr\u00e8s qu'un incendie a d\u00e9t\u00e9rior\u00e9 les joints toriques, le presse-\u00e9toupe et le joint du corps, la garniture de tige r\u00e9sistante au feu emp\u00eache les fuites externes ;<\/p>\n<p>3. Le robinet \u00e0 boisseau sph\u00e9rique en acier au carbone ZECO est dot\u00e9 d'un dispositif antistatique qui emp\u00eache l'\u00e9lectricit\u00e9 statique de nuire au pipeline ;<\/p>\n<p>4. Le robinet \u00e0 boisseau sph\u00e9rique en acier au carbone ZECO est dot\u00e9 d'une tige anti-souffle afin d'\u00e9viter les blessures caus\u00e9es par l'envol de la tige lors de la maintenance.<\/p>\n<h2>Mat\u00e9riau du robinet \u00e0 boisseau sph\u00e9rique en acier au carbone :<\/h2>\n<table>\n<tbody>\n<tr class=\"firstRow\">\n<td valign=\"center\">Non<\/td>\n<td valign=\"center\">Partie<\/td>\n<td valign=\"center\">Mat\u00e9riau<\/td>\n<\/tr>\n<tr>\n<td valign=\"center\">1<\/td>\n<td valign=\"center\">Corps<\/td>\n<td valign=\"center\">ASTM A216 WCB<\/td>\n<\/tr>\n<tr>\n<td valign=\"center\">2<\/td>\n<td valign=\"center\">Bonnet<\/td>\n<td valign=\"center\">ASTM A216 WCB<\/td>\n<\/tr>\n<tr>\n<td valign=\"center\">3<\/td>\n<td valign=\"center\">Boule<\/td>\n<td valign=\"center\">ASTM A182 F316<\/td>\n<\/tr>\n<tr>\n<td valign=\"center\">4<\/td>\n<td valign=\"center\">Si\u00e8ge<\/td>\n<td valign=\"center\">ASTM A182 F316 + PTFE<\/td>\n<\/tr>\n<tr>\n<td valign=\"center\">5<\/td>\n<td valign=\"center\">Tige<\/td>\n<td valign=\"center\">ASTM A276 316<\/td>\n<\/tr>\n<tr>\n<td valign=\"center\">6<\/td>\n<td valign=\"center\">Dispositif antistatique<\/td>\n<td valign=\"center\">SS316<\/td>\n<\/tr>\n<tr>\n<td valign=\"center\">7<\/td>\n<td valign=\"center\">Joint d'\u00e9tanch\u00e9it\u00e9<\/td>\n<td valign=\"center\">Graphite + SS316<\/td>\n<\/tr>\n<tr>\n<td valign=\"center\">8<\/td>\n<td valign=\"center\">Boulon<\/td>\n<td valign=\"center\">ASTM A193 B7<\/td>\n<\/tr>\n<tr>\n<td valign=\"center\">9<\/td>\n<td valign=\"center\">\u00c9crou<\/td>\n<td valign=\"center\">ASTM A194 2H<\/td>\n<\/tr>\n<tr>\n<td valign=\"center\">10<\/td>\n<td valign=\"center\">Joint torique<\/td>\n<td valign=\"center\">Viton A<\/td>\n<\/tr>\n<tr>\n<td valign=\"center\">11<\/td>\n<td valign=\"center\">Levier<\/td>\n<td valign=\"center\">ASTM A216 WCB<\/td>\n<\/tr>\n<\/tbody>\n<\/table>\n<\/div>","protected":false},"excerpt":{"rendered":"<p>Robinet \u00e0 tournant sph\u00e9rique en acier au carbone OBTENEZ LE PRIX DE LA VALVE Description du robinet \u00e0 tournant sph\u00e9rique en acier au carbone : Le robinet \u00e0 tournant sph\u00e9rique en acier au carbone ZECO est g\u00e9n\u00e9ralement utilis\u00e9 dans des milieux non corrosifs, sous\u2026 <a title=\"Robinet \u00e0 tournant sph\u00e9rique en acier au carbone\" class=\"read-more\" href=\"https:\/\/zecovalve.com\/fr\/produit\/carbon-steel-ball-valve\" aria-label=\"Robinet \u00e0 boisseau sph\u00e9rique en acier au carbone Plus sur\">Lire plus<\/a><\/p>","protected":false},"featured_media":16645,"comment_status":"closed","ping_status":"closed","template":"","meta":{"_generate-full-width-content":"","kt_blocks_editor_width":""},"product_cat":[2047,2461],"product_tag":[2804,2658],"class_list":["post-16644","product","type-product","status-publish","has-post-thumbnail","hentry","product_cat-ball-valve","product_cat-ball-valve-by-material","product_tag-2-inch-ball-valve","product_tag-isolation-valve","sales-flash-overlay","woocommerce-text-align-center","woocommerce-image-align-center","do-quantity-buttons"],"featured_image_src_large":["https:\/\/zecovalve.com\/wp-content\/uploads\/2022\/06\/carbon-steel-ball-valve-1.jpg",800,600,false],"author_info":[],"comment_info":0,"taxonomy_info":{"product_cat":[{"value":2047,"label":"Ball Valve"},{"value":2461,"label":"Ball Valve By Material"}],"product_tag":[{"value":2804,"label":"2 inch Ball Valve"},{"value":2658,"label":"Isolation Valve"}]},"yoast_head":"<!-- This site is optimized with the Yoast SEO Premium plugin v15.4 - https:\/\/yoast.com\/wordpress\/plugins\/seo\/ -->\n<title>Carbon Steel Ball Valve - ZECO Valve<\/title>\n<meta name=\"robots\" content=\"index, follow, max-snippet:-1, max-image-preview:large, max-video-preview:-1\" \/>\n<link rel=\"canonical\" href=\"https:\/\/zecovalve.com\/fr\/produit\/carbon-steel-ball-valve\" \/>\n<meta property=\"og:locale\" content=\"fr_FR\" \/>\n<meta property=\"og:type\" content=\"article\" \/>\n<meta property=\"og:title\" content=\"Carbon Steel Ball Valve - ZECO Valve\" \/>\n<meta property=\"og:description\" content=\"Carbon Steel Ball Valve \u00a0GET VALVE PRICE Description of Carbon Steel Ball Valve: ZECO\u00a0carbon steel\u00a0ball valve\u00a0is usually used in non-corrosive media, under ... Lire plus\" \/>\n<meta property=\"og:url\" content=\"https:\/\/zecovalve.com\/fr\/produit\/carbon-steel-ball-valve\" \/>\n<meta property=\"og:site_name\" content=\"ZECO Valve\" \/>\n<meta property=\"article:modified_time\" content=\"2022-07-10T02:25:36+00:00\" \/>\n<meta property=\"og:image\" content=\"https:\/\/zecovalve.com\/wp-content\/uploads\/2022\/06\/carbon-steel-ball-valve-1.jpg\" \/>\n\t<meta property=\"og:image:width\" content=\"800\" \/>\n\t<meta property=\"og:image:height\" content=\"600\" \/>\n<meta name=\"twitter:card\" content=\"summary_large_image\" \/>\n<meta name=\"twitter:label1\" content=\"\u00c9crit par\">\n\t<meta name=\"twitter:data1\" content=\"Jerry\">\n\t<meta name=\"twitter:label2\" content=\"Dur\u00e9e de lecture estim\u00e9e\">\n\t<meta name=\"twitter:data2\" content=\"1 minute\">\n<script type=\"application\/ld+json\" class=\"yoast-schema-graph\">{\"@context\":\"https:\/\/schema.org\",\"@graph\":[{\"@type\":\"WebSite\",\"@id\":\"https:\/\/zecovalve.com\/#website\",\"url\":\"https:\/\/zecovalve.com\/\",\"name\":\"ZECO Valve\",\"description\":\"Industrial Ball Valve, Gate Valve and Globe Valve Manufacturer\",\"potentialAction\":[{\"@type\":\"SearchAction\",\"target\":\"https:\/\/zecovalve.com\/?s={search_term_string}\",\"query-input\":\"required name=search_term_string\"}],\"inLanguage\":\"fr-FR\"},{\"@type\":\"ImageObject\",\"@id\":\"https:\/\/zecovalve.com\/product\/carbon-steel-ball-valve#primaryimage\",\"inLanguage\":\"fr-FR\",\"url\":\"https:\/\/zecovalve.com\/wp-content\/uploads\/2022\/06\/carbon-steel-ball-valve-1.jpg\",\"width\":800,\"height\":600,\"caption\":\"Carbon Steel Ball Valve\"},{\"@type\":\"WebPage\",\"@id\":\"https:\/\/zecovalve.com\/product\/carbon-steel-ball-valve#webpage\",\"url\":\"https:\/\/zecovalve.com\/product\/carbon-steel-ball-valve\",\"name\":\"Carbon Steel Ball Valve - ZECO Valve\",\"isPartOf\":{\"@id\":\"https:\/\/zecovalve.com\/#website\"},\"primaryImageOfPage\":{\"@id\":\"https:\/\/zecovalve.com\/product\/carbon-steel-ball-valve#primaryimage\"},\"datePublished\":\"2022-06-22T07:41:11+00:00\",\"dateModified\":\"2022-07-10T02:25:36+00:00\",\"breadcrumb\":{\"@id\":\"https:\/\/zecovalve.com\/product\/carbon-steel-ball-valve#breadcrumb\"},\"inLanguage\":\"fr-FR\",\"potentialAction\":[{\"@type\":\"ReadAction\",\"target\":[\"https:\/\/zecovalve.com\/product\/carbon-steel-ball-valve\"]}]},{\"@type\":\"BreadcrumbList\",\"@id\":\"https:\/\/zecovalve.com\/product\/carbon-steel-ball-valve#breadcrumb\",\"itemListElement\":[{\"@type\":\"ListItem\",\"position\":1,\"item\":{\"@type\":\"WebPage\",\"@id\":\"https:\/\/zecovalve.com\/\",\"url\":\"https:\/\/zecovalve.com\/\",\"name\":\"Home\"}},{\"@type\":\"ListItem\",\"position\":2,\"item\":{\"@type\":\"WebPage\",\"@id\":\"https:\/\/zecovalve.com\/product-category\",\"url\":\"https:\/\/zecovalve.com\/product-category\",\"name\":\"Industrial Valve Manufacturer | Water Valve Manufacturer\"}},{\"@type\":\"ListItem\",\"position\":3,\"item\":{\"@type\":\"WebPage\",\"@id\":\"https:\/\/zecovalve.com\/product\/carbon-steel-ball-valve\",\"url\":\"https:\/\/zecovalve.com\/product\/carbon-steel-ball-valve\",\"name\":\"Carbon Steel Ball Valve\"}}]}]}<\/script>\n<!-- \/ Yoast SEO Premium plugin. -->","_links":{"self":[{"href":"https:\/\/zecovalve.com\/fr\/wp-json\/wp\/v2\/product\/16644","targetHints":{"allow":["GET"]}}],"collection":[{"href":"https:\/\/zecovalve.com\/fr\/wp-json\/wp\/v2\/product"}],"about":[{"href":"https:\/\/zecovalve.com\/fr\/wp-json\/wp\/v2\/types\/product"}],"replies":[{"embeddable":true,"href":"https:\/\/zecovalve.com\/fr\/wp-json\/wp\/v2\/comments?post=16644"}],"wp:featuredmedia":[{"embeddable":true,"href":"https:\/\/zecovalve.com\/fr\/wp-json\/wp\/v2\/media\/16645"}],"wp:attachment":[{"href":"https:\/\/zecovalve.com\/fr\/wp-json\/wp\/v2\/media?parent=16644"}],"wp:term":[{"taxonomy":"product_cat","embeddable":true,"href":"https:\/\/zecovalve.com\/fr\/wp-json\/wp\/v2\/product_cat?post=16644"},{"taxonomy":"product_tag","embeddable":true,"href":"https:\/\/zecovalve.com\/fr\/wp-json\/wp\/v2\/product_tag?post=16644"}],"curies":[{"name":"wp","href":"https:\/\/api.w.org\/{rel}","templated":true}]}}