{"id":16663,"date":"2022-06-22T08:06:32","date_gmt":"2022-06-22T08:06:32","guid":{"rendered":"https:\/\/zecovalve.com\/?post_type=product&#038;p=16663"},"modified":"2022-06-28T03:25:21","modified_gmt":"2022-06-28T03:25:21","slug":"lug-butterfly-valve","status":"publish","type":"product","link":"https:\/\/zecovalve.com\/fr\/produit\/lug-butterfly-valve","title":{"rendered":"Vanne papillon \u00e0 oreilles"},"content":{"rendered":"<h1 class=\"sep-title\">Vanne papillon \u00e0 oreilles<\/h1>\n<div class=\"sep-box-detail clearfix\">\n<div class=\"box-lf\">\n<div class=\"thumb\">\n<figure id=\"attachment_16664\" aria-describedby=\"caption-attachment-16664\" style=\"width: 290px\" class=\"wp-caption alignnone\"><img loading=\"lazy\" decoding=\"async\" class=\"size-medium wp-image-16664\" src=\"https:\/\/zecovalve.com\/wp-content\/uploads\/2022\/06\/lug-butterfly-valve-300x225.jpg\" alt=\"Vanne papillon \u00e0 oreilles\" width=\"300\" height=\"225\" srcset=\"https:\/\/zecovalve.com\/wp-content\/uploads\/2022\/06\/lug-butterfly-valve-300x225.jpg 300w, https:\/\/zecovalve.com\/wp-content\/uploads\/2022\/06\/lug-butterfly-valve-768x576.jpg 768w, https:\/\/zecovalve.com\/wp-content\/uploads\/2022\/06\/lug-butterfly-valve-600x450.jpg 600w, https:\/\/zecovalve.com\/wp-content\/uploads\/2022\/06\/lug-butterfly-valve.jpg 800w\" sizes=\"auto, (max-width: 300px) 100vw, 300px\" \/><figcaption id=\"caption-attachment-16664\" class=\"wp-caption-text\">Vanne papillon \u00e0 oreilles<\/figcaption><\/figure>\n<\/div>\n<div class=\"info\"><a href=\"https:\/\/zecovalve.com\/fr\/products\/lug-butterfly-valve.html\/#form\"><i class=\"fa fa-commenting-o\" aria-hidden=\"true\"><\/i>\u00a0OBTENIR LE PRIX DE LA VANNE<\/a><\/div>\n<\/div>\n<div class=\"box-rt\">\n<div class=\"gg\">\n<div class=\"swiper-container swiper-container-initialized swiper-container-vertical\">\n<div class=\"swiper-wrapper\"><\/div>\n<\/div>\n<\/div>\n<\/div>\n<\/div>\n<div class=\"richtext\">\n<h2>Description:<\/h2>\n<p>La vanne papillon \u00e0 cosse ZECO est l&#039;une des vannes papillon \u00e0 plaquettes. Une fois install\u00e9e, la vanne est reli\u00e9e entre deux brides de tuyau avec des boulons \u00e0 double t\u00eate. Elle est g\u00e9n\u00e9ralement utilis\u00e9e dans les situations o\u00f9 la r\u00e9sistance du terminal de tuyauterie et du pipeline est \u00e9lev\u00e9e. La vanne papillon \u00e0 cosse a une structure de joint r\u00e9siliente et une structure de joint m\u00e9tallique, en fonction de la situation r\u00e9elle de l&#039;utilisateur \u00e0 choisir. La taille de l&#039;extr\u00e9mit\u00e9 de la bride de la vanne papillon \u00e0 cosse ZECO peut \u00eatre produite selon les exigences des utilisateurs. \u00c0 l&#039;heure actuelle, nos moules peuvent r\u00e9pondre aux exigences des normes ASME B16.5, DIN et BS pour r\u00e9pondre aux exigences d&#039;installation r\u00e9elles des utilisateurs. ZECO est un fabricant professionnel de vannes papillon \u00e0 oreilles, dont les produits ont \u00e9t\u00e9 utilis\u00e9s par les soci\u00e9t\u00e9s p\u00e9troli\u00e8res et gazi\u00e8res et les soci\u00e9t\u00e9s d&#039;exploitation industrielles du monde entier.<\/p>\n<p>&nbsp;<\/p>\n<p>&nbsp;<\/p>\n<h2>Caract\u00e9ristiques:<\/h2>\n<p>1. La vanne papillon \u00e0 cosse ZECO a une structure \u00e0 triple d\u00e9calage et une structure haute performance \u00e0 double d\u00e9calage, peut \u00eatre produite selon les exigences. Le si\u00e8ge d&#039;\u00e9tanch\u00e9it\u00e9 auto-ajustable unique est adopt\u00e9 dans la structure \u00e0 double excentrique. Lorsque le disque papillon est ferm\u00e9 et pr\u00eat \u00e0 s&#039;ouvrir, la bague d&#039;\u00e9tanch\u00e9it\u00e9 en PTFE se r\u00e9initialise automatiquement et r\u00e9tablit la position \u00e9lastique d&#039;origine. Lors de la fermeture, la bague d&#039;\u00e9tanch\u00e9it\u00e9 en PTFE sera comprim\u00e9e par la force de fermeture du disque papillon pour assurer l&#039;\u00e9tanch\u00e9it\u00e9\u00a0;<\/p>\n<p>2. La vanne papillon \u00e0 cosse ZECO n&#039;a pas besoin d&#039;ajouter de joint torique ou de pi\u00e8ces m\u00e9talliques pour maintenir le joint, une longue dur\u00e9e de vie, de faibles co\u00fbts de maintenance\u00a0;<\/p>\n<p>3. La structure d&#039;\u00e9tanch\u00e9it\u00e9 \u00e0 l\u00e8vre de la vanne papillon \u00e0 cosse ZECO peut compenser les changements de temp\u00e9rature et de pression\u00a0;<\/p>\n<p>4. La vanne papillon \u00e0 cosse ZECO lors du test d&#039;\u00e9tanch\u00e9it\u00e9, sans bulles ni fuite dans les deux sens, garantit que les utilisateurs peuvent installer des vannes sur le pipeline selon les exigences, aucune exigence de direction.<\/p>\n<p>&nbsp;<\/p>\n<p>&nbsp;<\/p>\n<p>&nbsp;<\/p>\n<h2>Mat\u00e9riau :<\/h2>\n<table>\n<tbody>\n<tr class=\"firstRow\">\n<td valign=\"center\">Non<\/td>\n<td valign=\"center\">Partie<\/td>\n<td valign=\"center\">Mat\u00e9riau<\/td>\n<\/tr>\n<tr>\n<td valign=\"center\">1<\/td>\n<td valign=\"center\">Corps<\/td>\n<td valign=\"center\">ASTM A216 WCB<\/td>\n<\/tr>\n<tr>\n<td valign=\"center\">2<\/td>\n<td valign=\"center\">Bague d&#039;\u00e9tanch\u00e9it\u00e9<\/td>\n<td valign=\"center\">Graphite + SS304<\/td>\n<\/tr>\n<tr>\n<td valign=\"center\">3<\/td>\n<td valign=\"center\">Bride de retenue<\/td>\n<td valign=\"center\">ASTM A105<\/td>\n<\/tr>\n<tr>\n<td valign=\"center\">4<\/td>\n<td valign=\"center\">\u00c9pingle<\/td>\n<td valign=\"center\">ASTM A276 420<\/td>\n<\/tr>\n<tr>\n<td valign=\"center\">5<\/td>\n<td valign=\"center\">Disque<\/td>\n<td valign=\"center\">ASTM A216 WCB<\/td>\n<\/tr>\n<tr>\n<td valign=\"center\">6<\/td>\n<td valign=\"center\">Tige<\/td>\n<td valign=\"center\">ASTM A276 410<\/td>\n<\/tr>\n<tr>\n<td valign=\"center\">7<\/td>\n<td valign=\"center\">Garniture de tige<\/td>\n<td valign=\"center\">Graphite<\/td>\n<\/tr>\n<tr>\n<td valign=\"center\">8<\/td>\n<td valign=\"center\">Battement de tige<\/td>\n<td valign=\"center\">SS304 + PTFE<\/td>\n<\/tr>\n<tr>\n<td valign=\"center\">9<\/td>\n<td valign=\"center\">Boulon<\/td>\n<td valign=\"center\">ASTM A193 B7<\/td>\n<\/tr>\n<tr>\n<td valign=\"center\">10<\/td>\n<td valign=\"center\">\u00c9crou<\/td>\n<td valign=\"center\">ASTM A194 2H<\/td>\n<\/tr>\n<tr>\n<td valign=\"center\">11<\/td>\n<td valign=\"center\">Attelage<\/td>\n<td valign=\"center\">ASTM A216 WCB<\/td>\n<\/tr>\n<\/tbody>\n<\/table>\n<\/div>","protected":false},"excerpt":{"rendered":"<p>Vanne papillon \u00e0 cosse OBTENIR LE PRIX DE LA VANNE Description : La vanne papillon \u00e0 cosse ZECO est l&#039;une des vannes papillon \u00e0 plaquettes. Une fois install\u00e9e, la vanne\u2026 <a title=\"Vanne papillon \u00e0 oreilles\" class=\"read-more\" href=\"https:\/\/zecovalve.com\/fr\/produit\/lug-butterfly-valve\" aria-label=\"Plus sur Lug Vanne Papillon\">Lire plus<\/a><\/p>","protected":false},"featured_media":16664,"comment_status":"closed","ping_status":"closed","template":"","meta":{"_generate-full-width-content":"","kt_blocks_editor_width":""},"product_cat":[2044,2467,2604],"product_tag":[],"class_list":["post-16663","product","type-product","status-publish","has-post-thumbnail","hentry","product_cat-butterfly-valve","product_cat-butterfly-valve-by-form","product_cat-triple-offset-butterfly-valve","sales-flash-overlay","woocommerce-text-align-center","woocommerce-image-align-center","do-quantity-buttons"],"featured_image_src_large":["https:\/\/zecovalve.com\/wp-content\/uploads\/2022\/06\/lug-butterfly-valve.jpg",800,600,false],"author_info":[],"comment_info":0,"taxonomy_info":{"product_cat":[{"value":2044,"label":"Butterfly Valve"},{"value":2467,"label":"Butterfly Valve By Form"},{"value":2604,"label":"Triple Offset Butterfly Valve"}]},"yoast_head":"<!-- This site is optimized with the Yoast SEO Premium plugin v15.4 - https:\/\/yoast.com\/wordpress\/plugins\/seo\/ -->\n<title>Lug Butterfly Valve - ZECO Valve<\/title>\n<meta name=\"robots\" content=\"index, follow, max-snippet:-1, max-image-preview:large, max-video-preview:-1\" \/>\n<link rel=\"canonical\" href=\"https:\/\/zecovalve.com\/fr\/produit\/lug-butterfly-valve\" \/>\n<meta property=\"og:locale\" content=\"fr_FR\" \/>\n<meta property=\"og:type\" content=\"article\" \/>\n<meta property=\"og:title\" content=\"Lug Butterfly Valve - ZECO Valve\" \/>\n<meta property=\"og:description\" content=\"Lug Butterfly Valve \u00a0GET VALVE PRICE Description: ZECO lug butterfly valve is one of the wafer butterfly valves. When installed, the valve ... Lire plus\" \/>\n<meta property=\"og:url\" content=\"https:\/\/zecovalve.com\/fr\/produit\/lug-butterfly-valve\" \/>\n<meta property=\"og:site_name\" content=\"ZECO Valve\" \/>\n<meta property=\"article:modified_time\" content=\"2022-06-28T03:25:21+00:00\" \/>\n<meta property=\"og:image\" content=\"https:\/\/zecovalve.com\/wp-content\/uploads\/2022\/06\/lug-butterfly-valve.jpg\" \/>\n\t<meta property=\"og:image:width\" content=\"800\" \/>\n\t<meta property=\"og:image:height\" content=\"600\" \/>\n<meta name=\"twitter:card\" content=\"summary_large_image\" \/>\n<meta name=\"twitter:label1\" content=\"\u00c9crit par\">\n\t<meta name=\"twitter:data1\" content=\"Jerry\">\n\t<meta name=\"twitter:label2\" content=\"Dur\u00e9e de lecture estim\u00e9e\">\n\t<meta name=\"twitter:data2\" content=\"1 minute\">\n<script type=\"application\/ld+json\" class=\"yoast-schema-graph\">{\"@context\":\"https:\/\/schema.org\",\"@graph\":[{\"@type\":\"WebSite\",\"@id\":\"https:\/\/zecovalve.com\/#website\",\"url\":\"https:\/\/zecovalve.com\/\",\"name\":\"ZECO Valve\",\"description\":\"Industrial Ball Valve, Gate Valve and Globe Valve Manufacturer\",\"potentialAction\":[{\"@type\":\"SearchAction\",\"target\":\"https:\/\/zecovalve.com\/?s={search_term_string}\",\"query-input\":\"required name=search_term_string\"}],\"inLanguage\":\"fr-FR\"},{\"@type\":\"ImageObject\",\"@id\":\"https:\/\/zecovalve.com\/product\/lug-butterfly-valve#primaryimage\",\"inLanguage\":\"fr-FR\",\"url\":\"https:\/\/zecovalve.com\/wp-content\/uploads\/2022\/06\/lug-butterfly-valve.jpg\",\"width\":800,\"height\":600,\"caption\":\"Lug Butterfly Valve\"},{\"@type\":\"WebPage\",\"@id\":\"https:\/\/zecovalve.com\/product\/lug-butterfly-valve#webpage\",\"url\":\"https:\/\/zecovalve.com\/product\/lug-butterfly-valve\",\"name\":\"Lug Butterfly Valve - ZECO Valve\",\"isPartOf\":{\"@id\":\"https:\/\/zecovalve.com\/#website\"},\"primaryImageOfPage\":{\"@id\":\"https:\/\/zecovalve.com\/product\/lug-butterfly-valve#primaryimage\"},\"datePublished\":\"2022-06-22T08:06:32+00:00\",\"dateModified\":\"2022-06-28T03:25:21+00:00\",\"breadcrumb\":{\"@id\":\"https:\/\/zecovalve.com\/product\/lug-butterfly-valve#breadcrumb\"},\"inLanguage\":\"fr-FR\",\"potentialAction\":[{\"@type\":\"ReadAction\",\"target\":[\"https:\/\/zecovalve.com\/product\/lug-butterfly-valve\"]}]},{\"@type\":\"BreadcrumbList\",\"@id\":\"https:\/\/zecovalve.com\/product\/lug-butterfly-valve#breadcrumb\",\"itemListElement\":[{\"@type\":\"ListItem\",\"position\":1,\"item\":{\"@type\":\"WebPage\",\"@id\":\"https:\/\/zecovalve.com\/\",\"url\":\"https:\/\/zecovalve.com\/\",\"name\":\"Home\"}},{\"@type\":\"ListItem\",\"position\":2,\"item\":{\"@type\":\"WebPage\",\"@id\":\"https:\/\/zecovalve.com\/product-category\",\"url\":\"https:\/\/zecovalve.com\/product-category\",\"name\":\"Industrial Valve Manufacturer | Water Valve Manufacturer\"}},{\"@type\":\"ListItem\",\"position\":3,\"item\":{\"@type\":\"WebPage\",\"@id\":\"https:\/\/zecovalve.com\/product\/lug-butterfly-valve\",\"url\":\"https:\/\/zecovalve.com\/product\/lug-butterfly-valve\",\"name\":\"Lug Butterfly Valve\"}}]}]}<\/script>\n<!-- \/ Yoast SEO Premium plugin. -->","_links":{"self":[{"href":"https:\/\/zecovalve.com\/fr\/wp-json\/wp\/v2\/product\/16663","targetHints":{"allow":["GET"]}}],"collection":[{"href":"https:\/\/zecovalve.com\/fr\/wp-json\/wp\/v2\/product"}],"about":[{"href":"https:\/\/zecovalve.com\/fr\/wp-json\/wp\/v2\/types\/product"}],"replies":[{"embeddable":true,"href":"https:\/\/zecovalve.com\/fr\/wp-json\/wp\/v2\/comments?post=16663"}],"wp:featuredmedia":[{"embeddable":true,"href":"https:\/\/zecovalve.com\/fr\/wp-json\/wp\/v2\/media\/16664"}],"wp:attachment":[{"href":"https:\/\/zecovalve.com\/fr\/wp-json\/wp\/v2\/media?parent=16663"}],"wp:term":[{"taxonomy":"product_cat","embeddable":true,"href":"https:\/\/zecovalve.com\/fr\/wp-json\/wp\/v2\/product_cat?post=16663"},{"taxonomy":"product_tag","embeddable":true,"href":"https:\/\/zecovalve.com\/fr\/wp-json\/wp\/v2\/product_tag?post=16663"}],"curies":[{"name":"wp","href":"https:\/\/api.w.org\/{rel}","templated":true}]}}