{"id":16971,"date":"2022-06-25T11:40:15","date_gmt":"2022-06-25T11:40:15","guid":{"rendered":"https:\/\/zecovalve.com\/?post_type=product&#038;p=16971"},"modified":"2023-06-26T06:43:46","modified_gmt":"2023-06-26T06:43:46","slug":"wastewater-air-release-valve","status":"publish","type":"product","link":"https:\/\/zecovalve.com\/fr\/produit\/wastewater-air-release-valve","title":{"rendered":"Soupape de lib\u00e9ration d&#039;air pour eaux us\u00e9es"},"content":{"rendered":"<div class=\"sep-pages-boxs bgs clearfix\">\n<div class=\"sep-container clearfix\">\n<h1 class=\"titles sizes1 cens gtj-ff-bold\">Soupape de lib\u00e9ration d&#039;air pour eaux us\u00e9es<\/h1>\n<div class=\"bq-sep-pro-detail-thumbs ons clearfix\">\n<div class=\"thumbs\">\n<div class=\"imgs ons\">\n<div class=\"swiper-container swiper-container-initialized swiper-container-horizontal\">\n<div class=\"swiper-wrapper\">\n<div class=\"swiper-slide swiper-slide-active\">\n<figure id=\"attachment_16965\" aria-describedby=\"caption-attachment-16965\" style=\"width: 290px\" class=\"wp-caption alignnone\"><img loading=\"lazy\" decoding=\"async\" class=\"size-medium wp-image-16965\" src=\"https:\/\/zecovalve.com\/wp-content\/uploads\/2022\/06\/wastewater-air-release-valve_1638170726-300x273.jpg\" alt=\"Soupape de lib\u00e9ration d&#039;air pour eaux us\u00e9es\" width=\"300\" height=\"273\" srcset=\"https:\/\/zecovalve.com\/wp-content\/uploads\/2022\/06\/wastewater-air-release-valve_1638170726-300x273.jpg 300w, https:\/\/zecovalve.com\/wp-content\/uploads\/2022\/06\/wastewater-air-release-valve_1638170726.jpg 330w\" sizes=\"auto, (max-width: 300px) 100vw, 300px\" \/><figcaption id=\"caption-attachment-16965\" class=\"wp-caption-text\">Soupape de lib\u00e9ration d&#039;air pour eaux us\u00e9es<\/figcaption><\/figure>\n<\/div>\n<\/div>\n<\/div>\n<div class=\"lr-lists-boxs\"><\/div>\n<\/div>\n<\/div>\n<\/div>\n<\/div>\n<\/div>\n<div class=\"sep-pages-boxs clearfix\">\n<div class=\"sep-container clearfix\">\n<div id=\"zf-nexts\" class=\"flex clearfix\">\n<div class=\"bq-zf-lefts\">\n<div class=\"richtext\">\n<h2>Festures de la soupape de d\u00e9charge d&#039;air des eaux us\u00e9es<\/h2>\n<div class=\"text-center\"><img loading=\"lazy\" decoding=\"async\" class=\"alignnone size-medium wp-image-16973\" src=\"https:\/\/zecovalve.com\/wp-content\/uploads\/2022\/06\/wastewater-air-release-valve-features1536395977-300x225.png\" alt=\"\" width=\"300\" height=\"225\" srcset=\"https:\/\/zecovalve.com\/wp-content\/uploads\/2022\/06\/wastewater-air-release-valve-features1536395977-300x225.png 300w, https:\/\/zecovalve.com\/wp-content\/uploads\/2022\/06\/wastewater-air-release-valve-features1536395977.png 600w\" sizes=\"auto, (max-width: 300px) 100vw, 300px\" \/><\/div>\n<p>Ce principe de vanne est le m\u00eame que celui de la vanne de d\u00e9charge d&#039;air et d&#039;eau propre, mais la structure est l\u00e9g\u00e8rement modifi\u00e9e, le corps de la vanne est allong\u00e9 et la structure du levier est l\u00e9g\u00e8rement modifi\u00e9e. Cela r\u00e9duira la partie de commande, de sorte que la salet\u00e9 uniquement dans la partie inf\u00e9rieure du corps, n&#039;enroulera pas la partie sup\u00e9rieure d&#039;\u00e9chappement de la structure, n&#039;affectera pas l&#039;\u00e9chappement, ne laissera pas couler d&#039;eau.<\/p>\n<\/div>\n<div class=\"richtext\">\n<h2>Principe de fonctionnement de la soupape de d\u00e9charge d&#039;air pour eaux us\u00e9es<\/h2>\n<div class=\"text-center\"><img loading=\"lazy\" decoding=\"async\" class=\"alignnone size-medium wp-image-16974\" src=\"https:\/\/zecovalve.com\/wp-content\/uploads\/2022\/06\/wastewater-air-release-valve-principle-300x225.png\" alt=\"\" width=\"300\" height=\"225\" srcset=\"https:\/\/zecovalve.com\/wp-content\/uploads\/2022\/06\/wastewater-air-release-valve-principle-300x225.png 300w, https:\/\/zecovalve.com\/wp-content\/uploads\/2022\/06\/wastewater-air-release-valve-principle.png 600w\" sizes=\"auto, (max-width: 300px) 100vw, 300px\" \/><\/div>\n<ul class=\"list-paddingleft-2\">\n<li>La salet\u00e9 ne peut se trouver que sur la partie inf\u00e9rieure du corps sans enrouler l&#039;\u00e9vent sup\u00e9rieur\u00a0;<\/li>\n<li>Peut \u00e9liminer le gaz dans le tuyau, r\u00e9duire la r\u00e9sistance et \u00e9conomiser de l&#039;\u00e9nergie\u00a0;<\/li>\n<li>Lorsque le tube est sous pression n\u00e9gative, il peut inhaler rapidement et automatiquement\u00a0;<\/li>\n<li>La boule flottante est en acier inoxydable, longue dur\u00e9e de vie, s\u00fbre et fiable.<\/li>\n<\/ul>\n<\/div>\n<div class=\"richtext\">\n<h2>Installation et mise en service de vannes de purge d\u2019air pour eaux us\u00e9es<\/h2>\n<div class=\"text-center\"><img loading=\"lazy\" decoding=\"async\" class=\"alignnone size-medium wp-image-16975\" src=\"https:\/\/zecovalve.com\/wp-content\/uploads\/2022\/06\/wastewater-air-release-valve-installation-and-commissioning-300x225.png\" alt=\"\" width=\"300\" height=\"225\" srcset=\"https:\/\/zecovalve.com\/wp-content\/uploads\/2022\/06\/wastewater-air-release-valve-installation-and-commissioning-300x225.png 300w, https:\/\/zecovalve.com\/wp-content\/uploads\/2022\/06\/wastewater-air-release-valve-installation-and-commissioning.png 600w\" sizes=\"auto, (max-width: 300px) 100vw, 300px\" \/><\/div>\n<p>Si la vanne de d\u00e9charge n&#039;est pas install\u00e9e, le tuyau sera bloqu\u00e9 \u00e0 tout moment, ce qui fera que la capacit\u00e9 d&#039;eau de sortie du tuyau ne sera pas conforme aux exigences de conception. Pour une utilisation sp\u00e9cifique, veuillez consulter ZECO Valve Group.<\/p>\n<\/div>\n<div class=\"richtext\">\n<h2>Mat\u00e9riau et norme de la soupape de d\u00e9charge d&#039;air pour eaux us\u00e9es<\/h2>\n<p>Gamme de tailles\u00a0: 2\u2033~10\u2033<\/p>\n<p>Pression nominale\u00a0: 10 bars ~ 25 bars<\/p>\n<p>Dimensions face \u00e0 face\u00a0: AMSE B16.10, EN558-1<\/p>\n<p>Dimension d&#039;extr\u00e9mit\u00e9 de bride\u00a0: AMSE B16.1\/16.42, AS4087, EN1092-2<\/p>\n<p>Rev\u00eatement\u00a0: rev\u00eatement \u00e9poxy li\u00e9 par fusion<\/p>\n<p>Inspection et test\u00a0: ISO 5208 \/ EN 12226-2<\/p>\n<p>&nbsp;<\/p>\n<div class=\"over-tabs\">\n<table width=\"1389\">\n<tbody>\n<tr class=\"firstRow\">\n<td>art<\/td>\n<td>Mat\u00e9riau<\/td>\n<td>Standard<\/td>\n<\/tr>\n<tr>\n<td>Corps<\/td>\n<td>Fonte Ductile<\/td>\n<td>EN 1563\/DIN 1693<\/td>\n<\/tr>\n<tr>\n<td>Bonnet<\/td>\n<td>Fonte Ductile<\/td>\n<td>EN 1563\/DIN 1693<\/td>\n<\/tr>\n<tr>\n<td>Hotte aspirante<\/td>\n<td>Fonte Ductile<\/td>\n<td>EN 1563\/DIN 1693<\/td>\n<\/tr>\n<tr>\n<td>Ballon flottant<\/td>\n<td>Acier inoxydable 431<\/td>\n<td>EN10088-1\/ASTM A959<\/td>\n<\/tr>\n<tr>\n<td>Passoire<\/td>\n<td>Acier inoxydable 431<\/td>\n<td>EN10088-1\/ASTM A959<\/td>\n<\/tr>\n<tr>\n<td>Joint<\/td>\n<td>EPDM\/NBR<\/td>\n<td>OIN 4633<\/td>\n<\/tr>\n<tr>\n<td colspan=\"3\">Pour les options de mat\u00e9riaux non r\u00e9pertori\u00e9es, consultez l\u2019usine.<\/p>\n<p>ZECO fabrique des vannes dans plus de 50 alliages diff\u00e9rents.<\/td>\n<\/tr>\n<\/tbody>\n<\/table>\n<\/div>\n<\/div>\n<\/div>\n<\/div>\n<\/div>\n<\/div>","protected":false},"excerpt":{"rendered":"<p>Vanne de lib\u00e9ration d&#039;air pour eaux us\u00e9es Caract\u00e9ristiques de la vanne de lib\u00e9ration d&#039;air pour eaux us\u00e9es Ce principe de vanne est le m\u00eame que celui de la vanne de lib\u00e9ration d&#039;air pour eau propre, \u2026 <a title=\"Soupape de lib\u00e9ration d&#039;air pour eaux us\u00e9es\" class=\"read-more\" href=\"https:\/\/zecovalve.com\/fr\/produit\/wastewater-air-release-valve\" aria-label=\"Plus sur Soupape de lib\u00e9ration d&#039;air des eaux us\u00e9es\">Lire plus<\/a><\/p>","protected":false},"featured_media":27966,"comment_status":"closed","ping_status":"closed","template":"","meta":{"_generate-full-width-content":"","kt_blocks_editor_width":""},"product_cat":[2520],"product_tag":[2796,2765],"class_list":["post-16971","product","type-product","status-publish","has-post-thumbnail","hentry","product_cat-air-valve","product_tag-air-vent-valve","product_tag-vent-valve","sales-flash-overlay","woocommerce-text-align-center","woocommerce-image-align-center","do-quantity-buttons"],"featured_image_src_large":["https:\/\/zecovalve.com\/wp-content\/uploads\/2022\/06\/Waste-Air-Release-Valve.jpg",800,600,false],"author_info":[],"comment_info":0,"taxonomy_info":{"product_cat":[{"value":2520,"label":"Air Valve Manufacturer and Supplier"}],"product_tag":[{"value":2796,"label":"Air Vent Valve"},{"value":2765,"label":"Vent Valve"}]},"yoast_head":"<!-- This site is optimized with the Yoast SEO Premium plugin v15.4 - https:\/\/yoast.com\/wordpress\/plugins\/seo\/ -->\n<title>Wastewater Air Release Valve - ZECO Valve<\/title>\n<meta name=\"robots\" content=\"index, follow, max-snippet:-1, max-image-preview:large, max-video-preview:-1\" \/>\n<link rel=\"canonical\" href=\"https:\/\/zecovalve.com\/fr\/produit\/wastewater-air-release-valve\" \/>\n<meta property=\"og:locale\" content=\"fr_FR\" \/>\n<meta property=\"og:type\" content=\"article\" \/>\n<meta property=\"og:title\" content=\"Wastewater Air Release Valve - ZECO Valve\" \/>\n<meta property=\"og:description\" content=\"Wastewater Air Release Valve Festures of Wastewater Air Release Valve This valve principle is the same as the clean water\u00a0air release valve, ... Lire plus\" \/>\n<meta property=\"og:url\" content=\"https:\/\/zecovalve.com\/fr\/produit\/wastewater-air-release-valve\" \/>\n<meta property=\"og:site_name\" content=\"ZECO Valve\" \/>\n<meta property=\"article:modified_time\" content=\"2023-06-26T06:43:46+00:00\" \/>\n<meta property=\"og:image\" content=\"https:\/\/zecovalve.com\/wp-content\/uploads\/2022\/06\/Waste-Air-Release-Valve.jpg\" \/>\n\t<meta property=\"og:image:width\" content=\"800\" \/>\n\t<meta property=\"og:image:height\" content=\"600\" \/>\n<meta name=\"twitter:card\" content=\"summary_large_image\" \/>\n<meta name=\"twitter:label1\" content=\"\u00c9crit par\">\n\t<meta name=\"twitter:data1\" content=\"Jerry\">\n\t<meta name=\"twitter:label2\" content=\"Dur\u00e9e de lecture estim\u00e9e\">\n\t<meta name=\"twitter:data2\" content=\"1 minute\">\n<script type=\"application\/ld+json\" class=\"yoast-schema-graph\">{\"@context\":\"https:\/\/schema.org\",\"@graph\":[{\"@type\":\"WebSite\",\"@id\":\"https:\/\/zecovalve.com\/#website\",\"url\":\"https:\/\/zecovalve.com\/\",\"name\":\"ZECO Valve\",\"description\":\"Industrial Ball Valve, Gate Valve and Globe Valve Manufacturer\",\"potentialAction\":[{\"@type\":\"SearchAction\",\"target\":\"https:\/\/zecovalve.com\/?s={search_term_string}\",\"query-input\":\"required name=search_term_string\"}],\"inLanguage\":\"fr-FR\"},{\"@type\":\"ImageObject\",\"@id\":\"https:\/\/zecovalve.com\/product\/wastewater-air-release-valve#primaryimage\",\"inLanguage\":\"fr-FR\",\"url\":\"https:\/\/zecovalve.com\/wp-content\/uploads\/2022\/06\/Waste-Air-Release-Valve.jpg\",\"width\":800,\"height\":600,\"caption\":\"Waste Air Release Valve\"},{\"@type\":\"WebPage\",\"@id\":\"https:\/\/zecovalve.com\/product\/wastewater-air-release-valve#webpage\",\"url\":\"https:\/\/zecovalve.com\/product\/wastewater-air-release-valve\",\"name\":\"Wastewater Air Release Valve - ZECO Valve\",\"isPartOf\":{\"@id\":\"https:\/\/zecovalve.com\/#website\"},\"primaryImageOfPage\":{\"@id\":\"https:\/\/zecovalve.com\/product\/wastewater-air-release-valve#primaryimage\"},\"datePublished\":\"2022-06-25T11:40:15+00:00\",\"dateModified\":\"2023-06-26T06:43:46+00:00\",\"breadcrumb\":{\"@id\":\"https:\/\/zecovalve.com\/product\/wastewater-air-release-valve#breadcrumb\"},\"inLanguage\":\"fr-FR\",\"potentialAction\":[{\"@type\":\"ReadAction\",\"target\":[\"https:\/\/zecovalve.com\/product\/wastewater-air-release-valve\"]}]},{\"@type\":\"BreadcrumbList\",\"@id\":\"https:\/\/zecovalve.com\/product\/wastewater-air-release-valve#breadcrumb\",\"itemListElement\":[{\"@type\":\"ListItem\",\"position\":1,\"item\":{\"@type\":\"WebPage\",\"@id\":\"https:\/\/zecovalve.com\/\",\"url\":\"https:\/\/zecovalve.com\/\",\"name\":\"Home\"}},{\"@type\":\"ListItem\",\"position\":2,\"item\":{\"@type\":\"WebPage\",\"@id\":\"https:\/\/zecovalve.com\/product-category\",\"url\":\"https:\/\/zecovalve.com\/product-category\",\"name\":\"Industrial Valve Manufacturer | Water Valve Manufacturer\"}},{\"@type\":\"ListItem\",\"position\":3,\"item\":{\"@type\":\"WebPage\",\"@id\":\"https:\/\/zecovalve.com\/product\/wastewater-air-release-valve\",\"url\":\"https:\/\/zecovalve.com\/product\/wastewater-air-release-valve\",\"name\":\"Wastewater Air Release Valve\"}}]}]}<\/script>\n<!-- \/ Yoast SEO Premium plugin. -->","_links":{"self":[{"href":"https:\/\/zecovalve.com\/fr\/wp-json\/wp\/v2\/product\/16971","targetHints":{"allow":["GET"]}}],"collection":[{"href":"https:\/\/zecovalve.com\/fr\/wp-json\/wp\/v2\/product"}],"about":[{"href":"https:\/\/zecovalve.com\/fr\/wp-json\/wp\/v2\/types\/product"}],"replies":[{"embeddable":true,"href":"https:\/\/zecovalve.com\/fr\/wp-json\/wp\/v2\/comments?post=16971"}],"wp:featuredmedia":[{"embeddable":true,"href":"https:\/\/zecovalve.com\/fr\/wp-json\/wp\/v2\/media\/27966"}],"wp:attachment":[{"href":"https:\/\/zecovalve.com\/fr\/wp-json\/wp\/v2\/media?parent=16971"}],"wp:term":[{"taxonomy":"product_cat","embeddable":true,"href":"https:\/\/zecovalve.com\/fr\/wp-json\/wp\/v2\/product_cat?post=16971"},{"taxonomy":"product_tag","embeddable":true,"href":"https:\/\/zecovalve.com\/fr\/wp-json\/wp\/v2\/product_tag?post=16971"}],"curies":[{"name":"wp","href":"https:\/\/api.w.org\/{rel}","templated":true}]}}