{"id":16976,"date":"2022-06-25T11:44:15","date_gmt":"2022-06-25T11:44:15","guid":{"rendered":"https:\/\/zecovalve.com\/?post_type=product&#038;p=16976"},"modified":"2023-06-26T06:02:17","modified_gmt":"2023-06-26T06:02:17","slug":"pressure-independent-control-valve","status":"publish","type":"product","link":"https:\/\/zecovalve.com\/fr\/produit\/pressure-independent-control-valve","title":{"rendered":"Valve de contr\u00f4le ind\u00e9pendante de la pression"},"content":{"rendered":"<div class=\"sep-pages-boxs bgs clearfix\">\n<div class=\"sep-container clearfix\">\n<h1 class=\"titles sizes1 cens gtj-ff-bold\">Valve de contr\u00f4le ind\u00e9pendante de la pression<\/h1>\n<div class=\"bq-sep-pro-detail-thumbs ons clearfix\">\n<div class=\"thumbs\">\n<div class=\"imgs ons\">\n<div class=\"swiper-container swiper-container-initialized swiper-container-horizontal\">\n<div class=\"swiper-wrapper\">\n<div class=\"swiper-slide swiper-slide-active\">\n<figure id=\"attachment_16977\" aria-describedby=\"caption-attachment-16977\" style=\"width: 254px\" class=\"wp-caption alignnone\"><img loading=\"lazy\" decoding=\"async\" class=\"size-medium wp-image-16977\" src=\"https:\/\/zecovalve.com\/wp-content\/uploads\/2022\/06\/pressure-independent-control-valve_1626230630-264x300.jpg\" alt=\"Valve de contr\u00f4le ind\u00e9pendante de la pression\" width=\"264\" height=\"300\" srcset=\"https:\/\/zecovalve.com\/wp-content\/uploads\/2022\/06\/pressure-independent-control-valve_1626230630-264x300.jpg 264w, https:\/\/zecovalve.com\/wp-content\/uploads\/2022\/06\/pressure-independent-control-valve_1626230630.jpg 400w\" sizes=\"auto, (max-width: 264px) 100vw, 264px\" \/><figcaption id=\"caption-attachment-16977\" class=\"wp-caption-text\">Valve de contr\u00f4le ind\u00e9pendante de la pression<\/figcaption><\/figure>\n<\/div>\n<\/div>\n<\/div>\n<div class=\"lr-lists-boxs\"><\/div>\n<\/div>\n<\/div>\n<\/div>\n<\/div>\n<\/div>\n<div class=\"sep-pages-boxs clearfix\">\n<div class=\"sep-container clearfix\">\n<div id=\"zf-nexts\" class=\"flex clearfix\">\n<div class=\"bq-zf-lefts\">\n<div class=\"richtext\">\n<h2>Caract\u00e9ristiques de la vanne de r\u00e9gulation ind\u00e9pendante de la pression<\/h2>\n<div class=\"text-center\"><img loading=\"lazy\" decoding=\"async\" class=\"alignnone size-medium wp-image-16978\" src=\"https:\/\/zecovalve.com\/wp-content\/uploads\/2022\/06\/pressure-independent-control-valve-features-300x225.jpg\" alt=\"\" width=\"300\" height=\"225\" srcset=\"https:\/\/zecovalve.com\/wp-content\/uploads\/2022\/06\/pressure-independent-control-valve-features-300x225.jpg 300w, https:\/\/zecovalve.com\/wp-content\/uploads\/2022\/06\/pressure-independent-control-valve-features.jpg 600w\" sizes=\"auto, (max-width: 300px) 100vw, 300px\" \/><\/div>\n<ul class=\"list-paddingleft-2\">\n<li>La r\u00e9gulation du d\u00e9bit et l&#039;\u00e9quilibre hydraulique sont int\u00e9gr\u00e9s\u00a0;<\/li>\n<li>Le r\u00e9gulateur de pression diff\u00e9rentielle \u00e0 membrane automatique r\u00e9agit rapidement au changement de d\u00e9bit\u00a0;<\/li>\n<li>R\u00e9duire l\u2019utilisation des vannes du syst\u00e8me de climatisation\u00a0;<\/li>\n<li>Am\u00e9liorez l&#039;efficacit\u00e9 du fonctionnement de la pompe \u00e0 eau et \u00e9conomisez de l&#039;\u00e9nergie.<\/li>\n<\/ul>\n<\/div>\n<div class=\"richtext\">\n<h2>Principe de fonctionnement de la vanne de r\u00e9gulation ind\u00e9pendante de la pression<\/h2>\n<div class=\"text-center\"><img loading=\"lazy\" decoding=\"async\" class=\"alignnone size-medium wp-image-16979\" src=\"https:\/\/zecovalve.com\/wp-content\/uploads\/2022\/06\/pressure-independent-control-valve-principle-300x225.jpg\" alt=\"\" width=\"300\" height=\"225\" srcset=\"https:\/\/zecovalve.com\/wp-content\/uploads\/2022\/06\/pressure-independent-control-valve-principle-300x225.jpg 300w, https:\/\/zecovalve.com\/wp-content\/uploads\/2022\/06\/pressure-independent-control-valve-principle.jpg 600w\" sizes=\"auto, (max-width: 300px) 100vw, 300px\" \/><\/div>\n<p>La vanne PICV maintient \u2206P constant gr\u00e2ce \u00e0 la force du ressort. Le canal de pression \u00e0 l&#039;int\u00e9rieur du corps de vanne ajustera la pression P1 et P2 aux deux extr\u00e9mit\u00e9s de la structure, provoquant respectivement les extr\u00e9mit\u00e9s sup\u00e9rieure et inf\u00e9rieure du diaphragme. L&#039;\u00e9tat d&#039;\u00e9quilibre P1=P2+P ressort sera maintenu gr\u00e2ce \u00e0 l&#039;action de la force du ressort. Si P1 augmente, la force agissant sur la partie inf\u00e9rieure du diaphragme augmente en cons\u00e9quence, et le diaphragme se d\u00e9place vers le haut, r\u00e9duisant ainsi l&#039;espace de la structure de contr\u00f4le de la diff\u00e9rence de pression, et P2 augmente en cons\u00e9quence pour atteindre un nouvel \u00e9quilibre. Et vice versa; Et la vanne PICV ajuste le d\u00e9bit en ajustant le disque pour modifier la valeur Kv.<\/p>\n<\/div>\n<div class=\"richtext\">\n<h2>Installation et mise en service de vannes de r\u00e9gulation ind\u00e9pendantes de la pression<\/h2>\n<div class=\"text-center\"><img loading=\"lazy\" decoding=\"async\" class=\"alignnone size-medium wp-image-16980\" src=\"https:\/\/zecovalve.com\/wp-content\/uploads\/2022\/06\/pressure-independent-control-valve-installation-and-commissioning-300x225.jpg\" alt=\"\" width=\"300\" height=\"225\" srcset=\"https:\/\/zecovalve.com\/wp-content\/uploads\/2022\/06\/pressure-independent-control-valve-installation-and-commissioning-300x225.jpg 300w, https:\/\/zecovalve.com\/wp-content\/uploads\/2022\/06\/pressure-independent-control-valve-installation-and-commissioning.jpg 600w\" sizes=\"auto, (max-width: 300px) 100vw, 300px\" \/><\/div>\n<p>Les sp\u00e9cifications sont d\u00e9termin\u00e9es en fonction du d\u00e9bit de conception du bo\u00eetier de climatisation et de la plage de pression admissible de la vanne d&#039;\u00e9quilibrage ind\u00e9pendante de la pression, et les param\u00e8tres techniques sont d\u00e9termin\u00e9s en fonction des exigences. Pour une utilisation sp\u00e9cifique, veuillez consulter Zeco Valve Group.<\/p>\n<\/div>\n<div class=\"richtext\">\n<h2>Mat\u00e9riau et norme de la vanne de r\u00e9gulation ind\u00e9pendante de la pression<\/h2>\n<p>Gamme de tailles\u00a0: 2\u2033~12\u2033<br \/>\nPression nominale\u00a0: 10 bars ~ 25 bars<\/p>\n<p>Dimensions face \u00e0 face\u00a0: AMSE B16.10, EN558-1<\/p>\n<p>Dimension d&#039;extr\u00e9mit\u00e9 de bride\u00a0: AMSE B16.1\/16.42, AS4087, EN1092-2<\/p>\n<p>Rev\u00eatement\u00a0: rev\u00eatement \u00e9poxy li\u00e9 par fusion<\/p>\n<p>Inspection et test\u00a0: ISO 5208 \/ EN 12226-2<\/p>\n<div class=\"over-tabs\">\n<table cellspacing=\"0\">\n<tbody>\n<tr class=\"firstRow\">\n<td valign=\"center\">Partie<\/td>\n<td valign=\"center\">Mat\u00e9riau<\/td>\n<td valign=\"center\">Standard<\/td>\n<\/tr>\n<tr>\n<td valign=\"center\">Corps<\/td>\n<td valign=\"center\">Fonte Ductile<\/td>\n<td valign=\"center\">EN 1563\/DIN 1693<\/td>\n<\/tr>\n<tr>\n<td valign=\"center\">Bonnet<\/td>\n<td valign=\"center\">Fonte Ductile<\/td>\n<td valign=\"center\">EN 1563\/DIN 1693<\/td>\n<\/tr>\n<tr>\n<td valign=\"center\">Garniture<\/td>\n<td valign=\"center\">Acier inoxydable 304<\/td>\n<td valign=\"center\">EN10088-1\/ASTM A959<\/td>\n<\/tr>\n<tr>\n<td valign=\"center\">Si\u00e8ge<\/td>\n<td valign=\"center\">Acier inoxydable 304<\/td>\n<td valign=\"center\">EN10088-1\/ASTM A959<\/td>\n<\/tr>\n<tr>\n<td valign=\"center\">Diaphragme<\/td>\n<td valign=\"center\">EPDM\/NBR<\/td>\n<td valign=\"center\">OIN 4633<\/td>\n<\/tr>\n<tr>\n<td valign=\"center\">Actionneur \u00e9lectrique<\/td>\n<td valign=\"center\">Honeywell<\/td>\n<td valign=\"center\">ML7421A-A\/B<\/td>\n<\/tr>\n<tr>\n<td colspan=\"3\" valign=\"center\">Pour les options de mat\u00e9riaux non r\u00e9pertori\u00e9es, consultez l\u2019usine.<\/p>\n<p>Zeco fabrique des vannes dans plus de 50 alliages diff\u00e9rents.<\/td>\n<\/tr>\n<\/tbody>\n<\/table>\n<p>&nbsp;<\/p>\n<table border=\"1\">\n<tbody>\n<tr>\n<td>NPS<\/td>\n<td>Dans<\/td>\n<td>1<\/td>\n<td>1 1\/4<\/td>\n<td>1 1\/2<\/td>\n<td>2<\/td>\n<td>2 1\/2<\/td>\n<td>3<\/td>\n<td>4<\/td>\n<td>5<\/td>\n<td>6<\/td>\n<\/tr>\n<tr>\n<td>Plage de pression<\/td>\n<td>Kpa<\/td>\n<td>30-300<\/td>\n<td>30-300<\/td>\n<td>30-300<\/td>\n<td>30-300<\/td>\n<td>30-300<\/td>\n<td>30-300<\/td>\n<td>30-300<\/td>\n<td>30-300<\/td>\n<td>30-300<\/td>\n<\/tr>\n<tr>\n<td>Max. Couler<\/td>\n<td>m3\/heure<\/td>\n<td>2.9<\/td>\n<td>4.7<\/td>\n<td>7.7<\/td>\n<td>12.1<\/td>\n<td>20.4<\/td>\n<td>30.8<\/td>\n<td>45.3<\/td>\n<td>70.7<\/td>\n<td>101.8<\/td>\n<\/tr>\n<tr>\n<td>L<\/td>\n<td>mm<\/td>\n<td>150<\/td>\n<td>150<\/td>\n<td>200<\/td>\n<td>230<\/td>\n<td>290<\/td>\n<td>310<\/td>\n<td>350<\/td>\n<td>390<\/td>\n<td>480<\/td>\n<\/tr>\n<tr>\n<td>H<\/td>\n<td>mm<\/td>\n<td>185<\/td>\n<td>185<\/td>\n<td>205<\/td>\n<td>235<\/td>\n<td>275<\/td>\n<td>315<\/td>\n<td>335<\/td>\n<td>360<\/td>\n<td>400<\/td>\n<\/tr>\n<\/tbody>\n<\/table>\n<\/div>\n<\/div>\n<\/div>\n<\/div>\n<\/div>\n<\/div>","protected":false},"excerpt":{"rendered":"<p>Vanne de r\u00e9gulation ind\u00e9pendante de la pression Caract\u00e9ristiques de la vanne de r\u00e9gulation ind\u00e9pendante de la pression La r\u00e9gulation du d\u00e9bit et l&#039;\u00e9quilibre hydraulique sont int\u00e9gr\u00e9s\u00a0; La pression diff\u00e9rentielle du diaphragme \u00e0 action automatique\u2026 <a title=\"Valve de contr\u00f4le ind\u00e9pendante de la pression\" class=\"read-more\" href=\"https:\/\/zecovalve.com\/fr\/produit\/pressure-independent-control-valve\" aria-label=\"Plus sur Soupape de r\u00e9gulation ind\u00e9pendante de la pression\">Lire plus<\/a><\/p>","protected":false},"featured_media":27956,"comment_status":"closed","ping_status":"closed","template":"","meta":{"_generate-full-width-content":"","kt_blocks_editor_width":""},"product_cat":[2512],"product_tag":[2724,2654,2766,2727,2723],"class_list":["post-16976","product","type-product","status-publish","has-post-thumbnail","hentry","product_cat-balancing-valve","product_tag-balancing-valve","product_tag-hvac-valve","product_tag-motorised-valve","product_tag-motorized-valve","product_tag-what-is-a-valve","sales-flash-overlay","woocommerce-text-align-center","woocommerce-image-align-center","do-quantity-buttons"],"featured_image_src_large":["https:\/\/zecovalve.com\/wp-content\/uploads\/2022\/06\/Pressure-Independent-Control-Valve-2.jpg",800,600,false],"author_info":[],"comment_info":0,"taxonomy_info":{"product_cat":[{"value":2512,"label":"Balancing Valve"}],"product_tag":[{"value":2724,"label":"Balancing Valve"},{"value":2654,"label":"HVAC Valve"},{"value":2766,"label":"Motorised Valve"},{"value":2727,"label":"Motorized Valve"},{"value":2723,"label":"What is a Valve"}]},"yoast_head":"<!-- This site is optimized with the Yoast SEO Premium plugin v15.4 - https:\/\/yoast.com\/wordpress\/plugins\/seo\/ -->\n<title>Pressure Independent Control Valve - ZECO Valve<\/title>\n<meta name=\"robots\" content=\"index, follow, max-snippet:-1, max-image-preview:large, max-video-preview:-1\" \/>\n<link rel=\"canonical\" href=\"https:\/\/zecovalve.com\/fr\/produit\/pressure-independent-control-valve\" \/>\n<meta property=\"og:locale\" content=\"fr_FR\" \/>\n<meta property=\"og:type\" content=\"article\" \/>\n<meta property=\"og:title\" content=\"Pressure Independent Control Valve - ZECO Valve\" \/>\n<meta property=\"og:description\" content=\"Pressure Independent Control Valve Features of Pressure Independent Control Valve Flow regulation and hydraulic balance are integrated; The self-acting diaphragm differential pressure ... Lire plus\" \/>\n<meta property=\"og:url\" content=\"https:\/\/zecovalve.com\/fr\/produit\/pressure-independent-control-valve\" \/>\n<meta property=\"og:site_name\" content=\"ZECO Valve\" \/>\n<meta property=\"article:modified_time\" content=\"2023-06-26T06:02:17+00:00\" \/>\n<meta property=\"og:image\" content=\"https:\/\/zecovalve.com\/wp-content\/uploads\/2022\/06\/Pressure-Independent-Control-Valve-2.jpg\" \/>\n\t<meta property=\"og:image:width\" content=\"800\" \/>\n\t<meta property=\"og:image:height\" content=\"600\" \/>\n<meta name=\"twitter:card\" content=\"summary_large_image\" \/>\n<meta name=\"twitter:label1\" content=\"\u00c9crit par\">\n\t<meta name=\"twitter:data1\" content=\"Jerry\">\n\t<meta name=\"twitter:label2\" content=\"Dur\u00e9e de lecture estim\u00e9e\">\n\t<meta name=\"twitter:data2\" content=\"1 minute\">\n<script type=\"application\/ld+json\" class=\"yoast-schema-graph\">{\"@context\":\"https:\/\/schema.org\",\"@graph\":[{\"@type\":\"WebSite\",\"@id\":\"https:\/\/zecovalve.com\/#website\",\"url\":\"https:\/\/zecovalve.com\/\",\"name\":\"ZECO Valve\",\"description\":\"Industrial Ball Valve, Gate Valve and Globe Valve Manufacturer\",\"potentialAction\":[{\"@type\":\"SearchAction\",\"target\":\"https:\/\/zecovalve.com\/?s={search_term_string}\",\"query-input\":\"required name=search_term_string\"}],\"inLanguage\":\"fr-FR\"},{\"@type\":\"ImageObject\",\"@id\":\"https:\/\/zecovalve.com\/product\/pressure-independent-control-valve#primaryimage\",\"inLanguage\":\"fr-FR\",\"url\":\"https:\/\/zecovalve.com\/wp-content\/uploads\/2022\/06\/Pressure-Independent-Control-Valve-2.jpg\",\"width\":800,\"height\":600,\"caption\":\"Pressure Independent Control Valve\"},{\"@type\":\"WebPage\",\"@id\":\"https:\/\/zecovalve.com\/product\/pressure-independent-control-valve#webpage\",\"url\":\"https:\/\/zecovalve.com\/product\/pressure-independent-control-valve\",\"name\":\"Pressure Independent Control Valve - ZECO Valve\",\"isPartOf\":{\"@id\":\"https:\/\/zecovalve.com\/#website\"},\"primaryImageOfPage\":{\"@id\":\"https:\/\/zecovalve.com\/product\/pressure-independent-control-valve#primaryimage\"},\"datePublished\":\"2022-06-25T11:44:15+00:00\",\"dateModified\":\"2023-06-26T06:02:17+00:00\",\"breadcrumb\":{\"@id\":\"https:\/\/zecovalve.com\/product\/pressure-independent-control-valve#breadcrumb\"},\"inLanguage\":\"fr-FR\",\"potentialAction\":[{\"@type\":\"ReadAction\",\"target\":[\"https:\/\/zecovalve.com\/product\/pressure-independent-control-valve\"]}]},{\"@type\":\"BreadcrumbList\",\"@id\":\"https:\/\/zecovalve.com\/product\/pressure-independent-control-valve#breadcrumb\",\"itemListElement\":[{\"@type\":\"ListItem\",\"position\":1,\"item\":{\"@type\":\"WebPage\",\"@id\":\"https:\/\/zecovalve.com\/\",\"url\":\"https:\/\/zecovalve.com\/\",\"name\":\"Home\"}},{\"@type\":\"ListItem\",\"position\":2,\"item\":{\"@type\":\"WebPage\",\"@id\":\"https:\/\/zecovalve.com\/product-category\",\"url\":\"https:\/\/zecovalve.com\/product-category\",\"name\":\"Industrial Valve Manufacturer | Water Valve Manufacturer\"}},{\"@type\":\"ListItem\",\"position\":3,\"item\":{\"@type\":\"WebPage\",\"@id\":\"https:\/\/zecovalve.com\/product\/pressure-independent-control-valve\",\"url\":\"https:\/\/zecovalve.com\/product\/pressure-independent-control-valve\",\"name\":\"Pressure Independent Control Valve\"}}]}]}<\/script>\n<!-- \/ Yoast SEO Premium plugin. -->","_links":{"self":[{"href":"https:\/\/zecovalve.com\/fr\/wp-json\/wp\/v2\/product\/16976","targetHints":{"allow":["GET"]}}],"collection":[{"href":"https:\/\/zecovalve.com\/fr\/wp-json\/wp\/v2\/product"}],"about":[{"href":"https:\/\/zecovalve.com\/fr\/wp-json\/wp\/v2\/types\/product"}],"replies":[{"embeddable":true,"href":"https:\/\/zecovalve.com\/fr\/wp-json\/wp\/v2\/comments?post=16976"}],"wp:featuredmedia":[{"embeddable":true,"href":"https:\/\/zecovalve.com\/fr\/wp-json\/wp\/v2\/media\/27956"}],"wp:attachment":[{"href":"https:\/\/zecovalve.com\/fr\/wp-json\/wp\/v2\/media?parent=16976"}],"wp:term":[{"taxonomy":"product_cat","embeddable":true,"href":"https:\/\/zecovalve.com\/fr\/wp-json\/wp\/v2\/product_cat?post=16976"},{"taxonomy":"product_tag","embeddable":true,"href":"https:\/\/zecovalve.com\/fr\/wp-json\/wp\/v2\/product_tag?post=16976"}],"curies":[{"name":"wp","href":"https:\/\/api.w.org\/{rel}","templated":true}]}}