{"id":16985,"date":"2022-06-25T12:42:42","date_gmt":"2022-06-25T12:42:42","guid":{"rendered":"https:\/\/zecovalve.com\/?post_type=product&#038;p=16985"},"modified":"2023-06-26T05:24:32","modified_gmt":"2023-06-26T05:24:32","slug":"pump-control-valve","status":"publish","type":"product","link":"https:\/\/zecovalve.com\/fr\/produit\/pump-control-valve","title":{"rendered":"Soupape de commande de pompe"},"content":{"rendered":"<div class=\"sep-pages-boxs bgs clearfix\">\n<div class=\"sep-container clearfix\">\n<h1 class=\"titles sizes1 cens gtj-ff-bold\">Soupape de commande de pompe<\/h1>\n<div class=\"bq-sep-pro-detail-thumbs ons clearfix\">\n<div class=\"thumbs\">\n<div class=\"imgs ons\">\n<div class=\"swiper-container swiper-container-initialized swiper-container-horizontal\">\n<div class=\"swiper-wrapper\">\n<div class=\"swiper-slide swiper-slide-active\">\n<figure id=\"attachment_16986\" aria-describedby=\"caption-attachment-16986\" style=\"width: 254px\" class=\"wp-caption alignnone\"><img loading=\"lazy\" decoding=\"async\" class=\"size-medium wp-image-16986\" src=\"https:\/\/zecovalve.com\/wp-content\/uploads\/2022\/06\/pump-control-valve1532668795_1626831694-264x300.png\" alt=\"Soupape de commande de pompe\" width=\"264\" height=\"300\" srcset=\"https:\/\/zecovalve.com\/wp-content\/uploads\/2022\/06\/pump-control-valve1532668795_1626831694-264x300.png 264w, https:\/\/zecovalve.com\/wp-content\/uploads\/2022\/06\/pump-control-valve1532668795_1626831694.png 400w\" sizes=\"auto, (max-width: 264px) 100vw, 264px\" \/><figcaption id=\"caption-attachment-16986\" class=\"wp-caption-text\">Soupape de commande de pompe<\/figcaption><\/figure>\n<\/div>\n<\/div>\n<\/div>\n<div class=\"lr-lists-boxs\"><\/div>\n<\/div>\n<\/div>\n<\/div>\n<\/div>\n<\/div>\n<div class=\"sep-pages-boxs clearfix\">\n<div class=\"sep-container clearfix\">\n<div id=\"zf-nexts\" class=\"flex clearfix\">\n<div class=\"bq-zf-lefts\">\n<div class=\"richtext\">\n<h2>Caract\u00e9ristiques de la vanne de commande de pompe<\/h2>\n<div class=\"text-center\"><img loading=\"lazy\" decoding=\"async\" class=\"alignnone size-medium wp-image-16988\" src=\"https:\/\/zecovalve.com\/wp-content\/uploads\/2022\/06\/pressure-control-valve1532668131_1626831137-300x225.png\" alt=\"\" width=\"300\" height=\"225\" srcset=\"https:\/\/zecovalve.com\/wp-content\/uploads\/2022\/06\/pressure-control-valve1532668131_1626831137-300x225.png 300w, https:\/\/zecovalve.com\/wp-content\/uploads\/2022\/06\/pressure-control-valve1532668131_1626831137.png 600w\" sizes=\"auto, (max-width: 300px) 100vw, 300px\" \/><\/div>\n<ul class=\"list-paddingleft-2\">\n<li>La fermeture lente emp\u00eache efficacement les coups de b\u00e9lier.<\/li>\n<li>Arr\u00eatez la pompe de mani\u00e8re stable et \u00e9conomisez de l&#039;\u00e9nergie<\/li>\n<li>Port complet, petite r\u00e9sistance aux fluides<\/li>\n<li>Fonctionnement enti\u00e8rement automatique<\/li>\n<\/ul>\n<\/div>\n<div class=\"richtext\">\n<h2>Principe de fonctionnement de la vanne de commande de pompe<\/h2>\n<div class=\"text-center\"><img loading=\"lazy\" decoding=\"async\" class=\"alignnone size-medium wp-image-16989\" src=\"https:\/\/zecovalve.com\/wp-content\/uploads\/2022\/06\/pump-control-valve-3-300x225.png\" alt=\"\" width=\"300\" height=\"225\" srcset=\"https:\/\/zecovalve.com\/wp-content\/uploads\/2022\/06\/pump-control-valve-3-300x225.png 300w, https:\/\/zecovalve.com\/wp-content\/uploads\/2022\/06\/pump-control-valve-3.png 600w\" sizes=\"auto, (max-width: 300px) 100vw, 300px\" \/><\/div>\n<p>Lorsque la pompe d\u00e9marre, l&#039;\u00e9lectrovanne pilote est compl\u00e8tement ouverte apr\u00e8s l&#039;\u00e9lectrification et ajuste la vanne \u00e0 pointeau au degr\u00e9 d&#039;ouverture appropri\u00e9, l&#039;eau en amont entre dans la salle de contr\u00f4le de la vanne principale par le tuyau et s&#039;\u00e9coule par l&#039;\u00e9lectrovanne pilote, \u00e0 ce stade. , la pression de la salle de commande de la vanne principale maintient la vanne principale ouverte et au degr\u00e9 d&#039;ouverture appropri\u00e9 pour maintenir l&#039;approvisionnement en eau normal en aval. Lorsque la pompe \u00e0 eau cesse de fonctionner, l&#039;\u00e9lectrovanne pilote se ferme apr\u00e8s la coupure de courant, la salle de contr\u00f4le de la vanne principale s&#039;arr\u00eate pour se vider, la pression de la salle de contr\u00f4le augmente, la vanne principale commence \u00e0 se fermer. Lorsqu&#039;il est proche de la position 90%, le commutateur de routage sup\u00e9rieur de la vanne principale \u00e9met le signal d&#039;arr\u00eat et la pompe s&#039;arr\u00eate de fonctionner. \u00c0 ce stade, le reflux en aval p\u00e9n\u00e8tre dans la salle de contr\u00f4le de la vanne principale par le tuyau pilote, la pression de la salle de contr\u00f4le augmente pour fermer la vanne principale.<\/p>\n<\/div>\n<div class=\"richtext\">\n<h2>Installation et mise en service de la vanne de r\u00e9gulation de pompe<\/h2>\n<div class=\"text-center\"><img loading=\"lazy\" decoding=\"async\" class=\"alignnone size-medium wp-image-16990\" src=\"https:\/\/zecovalve.com\/wp-content\/uploads\/2022\/06\/pump-control-valve-2-300x225.png\" alt=\"\" width=\"300\" height=\"225\" srcset=\"https:\/\/zecovalve.com\/wp-content\/uploads\/2022\/06\/pump-control-valve-2-300x225.png 300w, https:\/\/zecovalve.com\/wp-content\/uploads\/2022\/06\/pump-control-valve-2.png 600w\" sizes=\"auto, (max-width: 300px) 100vw, 300px\" \/><\/div>\n<p>La vanne de r\u00e9gulation de la pompe \u00e0 eau doit \u00eatre install\u00e9e \u00e0 la sortie de la pompe et doit \u00eatre install\u00e9e sur la canalisation d&#039;\u00e9coulement unidirectionnel du fluide. Il n&#039;a pas besoin d&#039;autres appareils ni d&#039;\u00e9nergie, \u00e0 l&#039;exception de la commande d&#039;une \u00e9lectrovanne pilote. Pour une utilisation sp\u00e9cifique, veuillez consulter ZECO Valve Group.<\/p>\n<\/div>\n<div class=\"richtext\">\n<h2>Mat\u00e9riau et norme de la vanne de commande de pompe<\/h2>\n<p>Gamme de tailles\u00a0: 2\u2033~24\u2033<br \/>\nPression nominale\u00a0: 10 bars ~ 25 bars<br \/>\nDimensions face \u00e0 face\u00a0: AMSE B16.10, EN558-1<br \/>\nDimension d&#039;extr\u00e9mit\u00e9 de bride\u00a0: AMSE B16.1\/16.42, AS4087, EN1092-2<br \/>\nRev\u00eatement\u00a0: rev\u00eatement \u00e9poxy li\u00e9 par fusion<br \/>\nInspection et test\u00a0: ISO 5208 \/ EN 12226-2<\/p>\n<div class=\"over-tabs\">\n<table>\n<tbody>\n<tr class=\"firstRow\">\n<td>Partie<\/td>\n<td>Mat\u00e9riau<\/td>\n<td>Standard<\/td>\n<\/tr>\n<tr>\n<td>Corps<\/td>\n<td>Fonte Ductile<\/td>\n<td>EN 1563\/DIN 1693<\/td>\n<\/tr>\n<tr>\n<td>Bonnet<\/td>\n<td>Fonte Ductile<\/td>\n<td>EN 1563\/DIN 1693<\/td>\n<\/tr>\n<tr>\n<td>Garniture<\/td>\n<td>Acier inoxydable 431<\/td>\n<td>EN10088-1\/ASTM A959<\/td>\n<\/tr>\n<tr>\n<td>Si\u00e8ge<\/td>\n<td>Acier inoxydable 431<\/td>\n<td>EN10088-1\/ASTM A959<\/td>\n<\/tr>\n<tr>\n<td>Diaphragme<\/td>\n<td>EPDM\/NBR<\/td>\n<td>OIN 4633<\/td>\n<\/tr>\n<tr>\n<td>Vanne pilote<\/td>\n<td>CuZn39Pb1 \/ C37000<\/td>\n<td>EN12167\/ASTM B135<\/td>\n<\/tr>\n<tr>\n<td colspan=\"3\">Pour les options de mat\u00e9riaux non r\u00e9pertori\u00e9es, consultez l\u2019usine.<\/p>\n<p>ZECO fabrique des vannes dans plus de 50 alliages diff\u00e9rents.<\/td>\n<\/tr>\n<\/tbody>\n<\/table>\n<\/div>\n<\/div>\n<\/div>\n<\/div>\n<\/div>\n<\/div>","protected":false},"excerpt":{"rendered":"<p>Vanne de commande de pompe Caract\u00e9ristiques de la vanne de commande de pompe La fermeture lente emp\u00eache efficacement les coups de b\u00e9lier. Arr\u00eatez la pompe de mani\u00e8re stable et \u00e9conomisez de l&#039;\u00e9nergie Port complet,\u2026 <a title=\"Soupape de commande de pompe\" class=\"read-more\" href=\"https:\/\/zecovalve.com\/fr\/produit\/pump-control-valve\" aria-label=\"Plus sur Valve de r\u00e9gulation de pompe\">Lire plus<\/a><\/p>","protected":false},"featured_media":27941,"comment_status":"closed","ping_status":"closed","template":"","meta":{"_generate-full-width-content":"","kt_blocks_editor_width":""},"product_cat":[2526],"product_tag":[2805],"class_list":["post-16985","product","type-product","status-publish","has-post-thumbnail","hentry","product_cat-water-control-valve","product_tag-pump-valve","sales-flash-overlay","woocommerce-text-align-center","woocommerce-image-align-center","do-quantity-buttons"],"featured_image_src_large":["https:\/\/zecovalve.com\/wp-content\/uploads\/2022\/06\/Pump-Control-Valve.jpg",800,600,false],"author_info":[],"comment_info":0,"taxonomy_info":{"product_cat":[{"value":2526,"label":"Water Control Valve"}],"product_tag":[{"value":2805,"label":"Pump Valve"}]},"yoast_head":"<!-- This site is optimized with the Yoast SEO Premium plugin v15.4 - https:\/\/yoast.com\/wordpress\/plugins\/seo\/ -->\n<title>Pump Control Valve - ZECO Valve<\/title>\n<meta name=\"robots\" content=\"index, follow, max-snippet:-1, max-image-preview:large, max-video-preview:-1\" \/>\n<link rel=\"canonical\" href=\"https:\/\/zecovalve.com\/fr\/produit\/pump-control-valve\" \/>\n<meta property=\"og:locale\" content=\"fr_FR\" \/>\n<meta property=\"og:type\" content=\"article\" \/>\n<meta property=\"og:title\" content=\"Pump Control Valve - ZECO Valve\" \/>\n<meta property=\"og:description\" content=\"Pump Control Valve Festures of Pump Control Valve Slow closing effectively prevents water hammer. Stop pump stable and save energy Full port, ... Lire plus\" \/>\n<meta property=\"og:url\" content=\"https:\/\/zecovalve.com\/fr\/produit\/pump-control-valve\" \/>\n<meta property=\"og:site_name\" content=\"ZECO Valve\" \/>\n<meta property=\"article:modified_time\" content=\"2023-06-26T05:24:32+00:00\" \/>\n<meta property=\"og:image\" content=\"https:\/\/zecovalve.com\/wp-content\/uploads\/2022\/06\/Pump-Control-Valve.jpg\" \/>\n\t<meta property=\"og:image:width\" content=\"800\" \/>\n\t<meta property=\"og:image:height\" content=\"600\" \/>\n<meta name=\"twitter:card\" content=\"summary_large_image\" \/>\n<meta name=\"twitter:label1\" content=\"\u00c9crit par\">\n\t<meta name=\"twitter:data1\" content=\"Jerry\">\n\t<meta name=\"twitter:label2\" content=\"Dur\u00e9e de lecture estim\u00e9e\">\n\t<meta name=\"twitter:data2\" content=\"1 minute\">\n<script type=\"application\/ld+json\" class=\"yoast-schema-graph\">{\"@context\":\"https:\/\/schema.org\",\"@graph\":[{\"@type\":\"WebSite\",\"@id\":\"https:\/\/zecovalve.com\/#website\",\"url\":\"https:\/\/zecovalve.com\/\",\"name\":\"ZECO Valve\",\"description\":\"Industrial Ball Valve, Gate Valve and Globe Valve Manufacturer\",\"potentialAction\":[{\"@type\":\"SearchAction\",\"target\":\"https:\/\/zecovalve.com\/?s={search_term_string}\",\"query-input\":\"required name=search_term_string\"}],\"inLanguage\":\"fr-FR\"},{\"@type\":\"ImageObject\",\"@id\":\"https:\/\/zecovalve.com\/product\/pump-control-valve#primaryimage\",\"inLanguage\":\"fr-FR\",\"url\":\"https:\/\/zecovalve.com\/wp-content\/uploads\/2022\/06\/Pump-Control-Valve.jpg\",\"width\":800,\"height\":600,\"caption\":\"Pump Control Valve\"},{\"@type\":\"WebPage\",\"@id\":\"https:\/\/zecovalve.com\/product\/pump-control-valve#webpage\",\"url\":\"https:\/\/zecovalve.com\/product\/pump-control-valve\",\"name\":\"Pump Control Valve - ZECO Valve\",\"isPartOf\":{\"@id\":\"https:\/\/zecovalve.com\/#website\"},\"primaryImageOfPage\":{\"@id\":\"https:\/\/zecovalve.com\/product\/pump-control-valve#primaryimage\"},\"datePublished\":\"2022-06-25T12:42:42+00:00\",\"dateModified\":\"2023-06-26T05:24:32+00:00\",\"breadcrumb\":{\"@id\":\"https:\/\/zecovalve.com\/product\/pump-control-valve#breadcrumb\"},\"inLanguage\":\"fr-FR\",\"potentialAction\":[{\"@type\":\"ReadAction\",\"target\":[\"https:\/\/zecovalve.com\/product\/pump-control-valve\"]}]},{\"@type\":\"BreadcrumbList\",\"@id\":\"https:\/\/zecovalve.com\/product\/pump-control-valve#breadcrumb\",\"itemListElement\":[{\"@type\":\"ListItem\",\"position\":1,\"item\":{\"@type\":\"WebPage\",\"@id\":\"https:\/\/zecovalve.com\/\",\"url\":\"https:\/\/zecovalve.com\/\",\"name\":\"Home\"}},{\"@type\":\"ListItem\",\"position\":2,\"item\":{\"@type\":\"WebPage\",\"@id\":\"https:\/\/zecovalve.com\/product-category\",\"url\":\"https:\/\/zecovalve.com\/product-category\",\"name\":\"Industrial Valve Manufacturer | Water Valve Manufacturer\"}},{\"@type\":\"ListItem\",\"position\":3,\"item\":{\"@type\":\"WebPage\",\"@id\":\"https:\/\/zecovalve.com\/product\/pump-control-valve\",\"url\":\"https:\/\/zecovalve.com\/product\/pump-control-valve\",\"name\":\"Pump Control Valve\"}}]}]}<\/script>\n<!-- \/ Yoast SEO Premium plugin. -->","_links":{"self":[{"href":"https:\/\/zecovalve.com\/fr\/wp-json\/wp\/v2\/product\/16985","targetHints":{"allow":["GET"]}}],"collection":[{"href":"https:\/\/zecovalve.com\/fr\/wp-json\/wp\/v2\/product"}],"about":[{"href":"https:\/\/zecovalve.com\/fr\/wp-json\/wp\/v2\/types\/product"}],"replies":[{"embeddable":true,"href":"https:\/\/zecovalve.com\/fr\/wp-json\/wp\/v2\/comments?post=16985"}],"wp:featuredmedia":[{"embeddable":true,"href":"https:\/\/zecovalve.com\/fr\/wp-json\/wp\/v2\/media\/27941"}],"wp:attachment":[{"href":"https:\/\/zecovalve.com\/fr\/wp-json\/wp\/v2\/media?parent=16985"}],"wp:term":[{"taxonomy":"product_cat","embeddable":true,"href":"https:\/\/zecovalve.com\/fr\/wp-json\/wp\/v2\/product_cat?post=16985"},{"taxonomy":"product_tag","embeddable":true,"href":"https:\/\/zecovalve.com\/fr\/wp-json\/wp\/v2\/product_tag?post=16985"}],"curies":[{"name":"wp","href":"https:\/\/api.w.org\/{rel}","templated":true}]}}