{"id":17044,"date":"2022-06-26T07:21:33","date_gmt":"2022-06-26T07:21:33","guid":{"rendered":"https:\/\/zecovalve.com\/?post_type=product&#038;p=17044"},"modified":"2023-06-26T05:28:15","modified_gmt":"2023-06-26T05:28:15","slug":"altitude-control-valve","status":"publish","type":"product","link":"https:\/\/zecovalve.com\/fr\/produit\/altitude-control-valve","title":{"rendered":"Soupape de contr\u00f4le d&#039;altitude"},"content":{"rendered":"<div class=\"sep-pages-boxs bgs clearfix\">\n<div class=\"sep-container clearfix\">\n<h1 class=\"titles sizes1 cens gtj-ff-bold\">Soupape de contr\u00f4le d&#039;altitude<\/h1>\n<div class=\"bq-sep-pro-detail-thumbs ons clearfix\">\n<div class=\"thumbs\">\n<div class=\"imgs ons\">\n<div class=\"swiper-container swiper-container-initialized swiper-container-horizontal\">\n<div class=\"swiper-wrapper\">\n<div class=\"swiper-slide swiper-slide-active\">\n<figure id=\"attachment_17045\" aria-describedby=\"caption-attachment-17045\" style=\"width: 254px\" class=\"wp-caption alignnone\"><img loading=\"lazy\" decoding=\"async\" class=\"size-medium wp-image-17045\" src=\"https:\/\/zecovalve.com\/wp-content\/uploads\/2022\/06\/altitude-control-valve_1631945229-264x300.jpg\" alt=\"Soupape de contr\u00f4le d&#039;altitude\" width=\"264\" height=\"300\" srcset=\"https:\/\/zecovalve.com\/wp-content\/uploads\/2022\/06\/altitude-control-valve_1631945229-264x300.jpg 264w, https:\/\/zecovalve.com\/wp-content\/uploads\/2022\/06\/altitude-control-valve_1631945229.jpg 400w\" sizes=\"auto, (max-width: 264px) 100vw, 264px\" \/><figcaption id=\"caption-attachment-17045\" class=\"wp-caption-text\">Soupape de contr\u00f4le d&#039;altitude<\/figcaption><\/figure>\n<\/div>\n<\/div>\n<\/div>\n<div class=\"lr-lists-boxs\"><\/div>\n<\/div>\n<\/div>\n<\/div>\n<\/div>\n<\/div>\n<div class=\"sep-pages-boxs clearfix\">\n<div class=\"sep-container clearfix\">\n<div id=\"zf-nexts\" class=\"flex clearfix\">\n<div class=\"bq-zf-lefts\">\n<div class=\"richtext\">\n<h2>Caract\u00e9ristiques de la vanne de contr\u00f4le d&#039;altitude<\/h2>\n<div class=\"text-center\"><img loading=\"lazy\" decoding=\"async\" class=\"alignnone size-medium wp-image-17046\" src=\"https:\/\/zecovalve.com\/wp-content\/uploads\/2022\/06\/altitude-control-valve-features-300x250.png\" alt=\"\" width=\"300\" height=\"250\" srcset=\"https:\/\/zecovalve.com\/wp-content\/uploads\/2022\/06\/altitude-control-valve-features-300x250.png 300w, https:\/\/zecovalve.com\/wp-content\/uploads\/2022\/06\/altitude-control-valve-features.png 600w\" sizes=\"auto, (max-width: 300px) 100vw, 300px\" \/><\/div>\n<ul class=\"list-paddingleft-2\">\n<li>Remplissage et arr\u00eat automatiques du r\u00e9servoir sans utilisation de flotteurs ni de capteurs\u00a0;<\/li>\n<li>Arr\u00eat pr\u00e9cis \u00e0 quelques centim\u00e8tres du point de consigne\u00a0;<\/li>\n<li>Point de niveau haut r\u00e9glable avec une seule vis\u00a0;<\/li>\n<li>Le fonctionnement avec \u00e9vacuation vers l&#039;atmosph\u00e8re permet une perte de pression minimale.<\/li>\n<\/ul>\n<\/div>\n<div class=\"richtext\">\n<h2>Principe de fonctionnement de la vanne de contr\u00f4le d&#039;altitude<\/h2>\n<div class=\"text-center\"><img loading=\"lazy\" decoding=\"async\" class=\"alignnone size-medium wp-image-17048\" src=\"https:\/\/zecovalve.com\/wp-content\/uploads\/2022\/06\/altitude-control-valve-principle-300x250.png\" alt=\"\" width=\"300\" height=\"250\" srcset=\"https:\/\/zecovalve.com\/wp-content\/uploads\/2022\/06\/altitude-control-valve-principle-300x250.png 300w, https:\/\/zecovalve.com\/wp-content\/uploads\/2022\/06\/altitude-control-valve-principle.png 600w\" sizes=\"auto, (max-width: 300px) 100vw, 300px\" \/><\/div>\n<p>La vanne de contr\u00f4le d&#039;altitude se ferme \u00e0 un niveau d&#039;eau maximum pr\u00e9d\u00e9fini pour emp\u00eacher le d\u00e9bordement d&#039;un r\u00e9servoir de stockage ou d&#039;une citerne hors sol et s&#039;ouvre pour reconstituer l&#039;eau lorsque le niveau du r\u00e9servoir de stockage ou de la citerne est abaiss\u00e9. La vanne de contr\u00f4le d&#039;altitude contr\u00f4le le niveau d&#039;eau \u00e9lev\u00e9 du r\u00e9servoir sans flotteurs ni autres dispositifs. Il reste compl\u00e8tement ouvert jusqu&#039;\u00e0 ce qu&#039;il atteigne le niveau d&#039;eau ferm\u00e9. La vanne est con\u00e7ue pour un d\u00e9bit unidirectionnel uniquement. La vanne est actionn\u00e9e hydrauliquement avec une commande pilote. La commande pilote fonctionne en fonction de la diff\u00e9rence de force entre la charge du ressort et le niveau d&#039;eau dans le r\u00e9servoir. La commande pilote mesure la hauteur du r\u00e9servoir via un tube de d\u00e9tection fourni par le client et connect\u00e9 directement au r\u00e9servoir.<\/p>\n<\/div>\n<div class=\"richtext\">\n<h2>Installation et mise en service de la vanne de r\u00e9gulation d&#039;altitude<\/h2>\n<div class=\"text-center\"><img loading=\"lazy\" decoding=\"async\" class=\"alignnone size-medium wp-image-17047\" src=\"https:\/\/zecovalve.com\/wp-content\/uploads\/2022\/06\/altitude-control-valve-installation-and-commissioning-300x250.png\" alt=\"\" width=\"300\" height=\"250\" srcset=\"https:\/\/zecovalve.com\/wp-content\/uploads\/2022\/06\/altitude-control-valve-installation-and-commissioning-300x250.png 300w, https:\/\/zecovalve.com\/wp-content\/uploads\/2022\/06\/altitude-control-valve-installation-and-commissioning.png 600w\" sizes=\"auto, (max-width: 300px) 100vw, 300px\" \/><\/div>\n<p>Dans les zones o\u00f9 des temp\u00e9ratures glaciales sont possibles, la vanne doit \u00eatre situ\u00e9e dans une vo\u00fbte situ\u00e9e sous la ligne de gel. Pour une utilisation sp\u00e9cifique, veuillez consulter Zeco Valve Group.<\/p>\n<\/div>\n<div class=\"richtext\">\n<h2>Mat\u00e9riau et norme de la vanne de contr\u00f4le d&#039;altitude<\/h2>\n<p>Gamme de tailles\u00a0: 2\u2033~24\u2033<br \/>\nPression nominale\u00a0: 10 bars ~ 25 bars<\/p>\n<p>Dimensions face \u00e0 face\u00a0: AMSE B16.10, EN558-1<\/p>\n<p>Dimension d&#039;extr\u00e9mit\u00e9 de bride\u00a0: AMSE B16.5\/16.42, AS4087, EN1092-2<\/p>\n<p>Rev\u00eatement\u00a0: Rev\u00eatement \u00e9poxy li\u00e9 par fusion approuv\u00e9 par WRAS<\/p>\n<p>Inspection et test\u00a0: ISO 5208 \/ EN 12226-2<\/p>\n<div class=\"over-tabs\">\n<table cellspacing=\"0\">\n<tbody>\n<tr class=\"firstRow\">\n<td valign=\"center\">Partie<\/td>\n<td valign=\"center\">Mat\u00e9riau<\/td>\n<td valign=\"center\">Standard<\/td>\n<\/tr>\n<tr>\n<td valign=\"center\">Corps<\/td>\n<td valign=\"center\">Fonte Ductile<\/td>\n<td valign=\"center\">EN 1563\/DIN 1693<\/td>\n<\/tr>\n<tr>\n<td valign=\"center\">Bonnet<\/td>\n<td valign=\"center\">Fonte Ductile<\/td>\n<td valign=\"center\">EN 1563\/DIN 1693<\/td>\n<\/tr>\n<tr>\n<td valign=\"center\">Garniture<\/td>\n<td valign=\"center\">Acier inoxydable 304<\/td>\n<td valign=\"center\">EN 10088-1\/ASTM A959<\/td>\n<\/tr>\n<tr>\n<td valign=\"center\">Si\u00e8ge<\/td>\n<td valign=\"center\">Acier inoxydable 304<\/td>\n<td valign=\"center\">EN 10088-1\/ASTM A959<\/td>\n<\/tr>\n<tr>\n<td valign=\"center\">Diaphragme<\/td>\n<td valign=\"center\">EPDM\/NBR<\/td>\n<td valign=\"center\">OIN 4633<\/td>\n<\/tr>\n<tr>\n<td valign=\"center\">Vanne pilote<\/td>\n<td valign=\"center\">Acier inoxydable 304<\/td>\n<td valign=\"center\">EN 10088-1\/ASTM A959<\/td>\n<\/tr>\n<tr>\n<td colspan=\"3\" valign=\"center\">Pour les options de mat\u00e9riaux non r\u00e9pertori\u00e9es, consultez l\u2019usine.<\/p>\n<p>Zeco fabrique des vannes dans plus de 50 alliages diff\u00e9rents.<\/td>\n<\/tr>\n<\/tbody>\n<\/table>\n<\/div>\n<\/div>\n<\/div>\n<\/div>\n<\/div>\n<\/div>","protected":false},"excerpt":{"rendered":"<p>Vanne de contr\u00f4le d&#039;altitude Caract\u00e9ristiques de la vanne de contr\u00f4le d&#039;altitude Remplissage et arr\u00eat automatiques du r\u00e9servoir sans utilisation de flotteurs ou de capteurs\u00a0; Arr\u00eat pr\u00e9cis\u2026 <a title=\"Soupape de contr\u00f4le d&#039;altitude\" class=\"read-more\" href=\"https:\/\/zecovalve.com\/fr\/produit\/altitude-control-valve\" aria-label=\"Plus sur Altitude Control Valve\">Lire plus<\/a><\/p>","protected":false},"featured_media":27944,"comment_status":"closed","ping_status":"closed","template":"","meta":{"_generate-full-width-content":"","kt_blocks_editor_width":""},"product_cat":[2526],"product_tag":[],"class_list":["post-17044","product","type-product","status-publish","has-post-thumbnail","hentry","product_cat-water-control-valve","sales-flash-overlay","woocommerce-text-align-center","woocommerce-image-align-center","do-quantity-buttons"],"featured_image_src_large":["https:\/\/zecovalve.com\/wp-content\/uploads\/2022\/06\/Altitude-Control-Valve-1.jpg",800,600,false],"author_info":[],"comment_info":0,"taxonomy_info":{"product_cat":[{"value":2526,"label":"Water Control Valve"}]},"yoast_head":"<!-- This site is optimized with the Yoast SEO Premium plugin v15.4 - https:\/\/yoast.com\/wordpress\/plugins\/seo\/ -->\n<title>Altitude Control Valve - ZECO Valve<\/title>\n<meta name=\"robots\" content=\"index, follow, max-snippet:-1, max-image-preview:large, max-video-preview:-1\" \/>\n<link rel=\"canonical\" href=\"https:\/\/zecovalve.com\/fr\/produit\/altitude-control-valve\" \/>\n<meta property=\"og:locale\" content=\"fr_FR\" \/>\n<meta property=\"og:type\" content=\"article\" \/>\n<meta property=\"og:title\" content=\"Altitude Control Valve - ZECO Valve\" \/>\n<meta property=\"og:description\" content=\"Altitude Control Valve Features of Altitude Control Valve Automatic tank fill and shut-off without the use of floats or sensors; Accurate shut-off ... Lire plus\" \/>\n<meta property=\"og:url\" content=\"https:\/\/zecovalve.com\/fr\/produit\/altitude-control-valve\" \/>\n<meta property=\"og:site_name\" content=\"ZECO Valve\" \/>\n<meta property=\"article:modified_time\" content=\"2023-06-26T05:28:15+00:00\" \/>\n<meta property=\"og:image\" content=\"https:\/\/zecovalve.com\/wp-content\/uploads\/2022\/06\/Altitude-Control-Valve-1.jpg\" \/>\n\t<meta property=\"og:image:width\" content=\"800\" \/>\n\t<meta property=\"og:image:height\" content=\"600\" \/>\n<meta name=\"twitter:card\" content=\"summary_large_image\" \/>\n<meta name=\"twitter:label1\" content=\"\u00c9crit par\">\n\t<meta name=\"twitter:data1\" content=\"Jerry\">\n\t<meta name=\"twitter:label2\" content=\"Dur\u00e9e de lecture estim\u00e9e\">\n\t<meta name=\"twitter:data2\" content=\"1 minute\">\n<script type=\"application\/ld+json\" class=\"yoast-schema-graph\">{\"@context\":\"https:\/\/schema.org\",\"@graph\":[{\"@type\":\"WebSite\",\"@id\":\"https:\/\/zecovalve.com\/#website\",\"url\":\"https:\/\/zecovalve.com\/\",\"name\":\"ZECO Valve\",\"description\":\"Industrial Ball Valve, Gate Valve and Globe Valve Manufacturer\",\"potentialAction\":[{\"@type\":\"SearchAction\",\"target\":\"https:\/\/zecovalve.com\/?s={search_term_string}\",\"query-input\":\"required name=search_term_string\"}],\"inLanguage\":\"fr-FR\"},{\"@type\":\"ImageObject\",\"@id\":\"https:\/\/zecovalve.com\/product\/altitude-control-valve#primaryimage\",\"inLanguage\":\"fr-FR\",\"url\":\"https:\/\/zecovalve.com\/wp-content\/uploads\/2022\/06\/Altitude-Control-Valve-1.jpg\",\"width\":800,\"height\":600,\"caption\":\"Altitude Control Valve\"},{\"@type\":\"WebPage\",\"@id\":\"https:\/\/zecovalve.com\/product\/altitude-control-valve#webpage\",\"url\":\"https:\/\/zecovalve.com\/product\/altitude-control-valve\",\"name\":\"Altitude Control Valve - ZECO Valve\",\"isPartOf\":{\"@id\":\"https:\/\/zecovalve.com\/#website\"},\"primaryImageOfPage\":{\"@id\":\"https:\/\/zecovalve.com\/product\/altitude-control-valve#primaryimage\"},\"datePublished\":\"2022-06-26T07:21:33+00:00\",\"dateModified\":\"2023-06-26T05:28:15+00:00\",\"breadcrumb\":{\"@id\":\"https:\/\/zecovalve.com\/product\/altitude-control-valve#breadcrumb\"},\"inLanguage\":\"fr-FR\",\"potentialAction\":[{\"@type\":\"ReadAction\",\"target\":[\"https:\/\/zecovalve.com\/product\/altitude-control-valve\"]}]},{\"@type\":\"BreadcrumbList\",\"@id\":\"https:\/\/zecovalve.com\/product\/altitude-control-valve#breadcrumb\",\"itemListElement\":[{\"@type\":\"ListItem\",\"position\":1,\"item\":{\"@type\":\"WebPage\",\"@id\":\"https:\/\/zecovalve.com\/\",\"url\":\"https:\/\/zecovalve.com\/\",\"name\":\"Home\"}},{\"@type\":\"ListItem\",\"position\":2,\"item\":{\"@type\":\"WebPage\",\"@id\":\"https:\/\/zecovalve.com\/product-category\",\"url\":\"https:\/\/zecovalve.com\/product-category\",\"name\":\"Industrial Valve Manufacturer | Water Valve Manufacturer\"}},{\"@type\":\"ListItem\",\"position\":3,\"item\":{\"@type\":\"WebPage\",\"@id\":\"https:\/\/zecovalve.com\/product\/altitude-control-valve\",\"url\":\"https:\/\/zecovalve.com\/product\/altitude-control-valve\",\"name\":\"Altitude Control Valve\"}}]}]}<\/script>\n<!-- \/ Yoast SEO Premium plugin. -->","_links":{"self":[{"href":"https:\/\/zecovalve.com\/fr\/wp-json\/wp\/v2\/product\/17044","targetHints":{"allow":["GET"]}}],"collection":[{"href":"https:\/\/zecovalve.com\/fr\/wp-json\/wp\/v2\/product"}],"about":[{"href":"https:\/\/zecovalve.com\/fr\/wp-json\/wp\/v2\/types\/product"}],"replies":[{"embeddable":true,"href":"https:\/\/zecovalve.com\/fr\/wp-json\/wp\/v2\/comments?post=17044"}],"wp:featuredmedia":[{"embeddable":true,"href":"https:\/\/zecovalve.com\/fr\/wp-json\/wp\/v2\/media\/27944"}],"wp:attachment":[{"href":"https:\/\/zecovalve.com\/fr\/wp-json\/wp\/v2\/media?parent=17044"}],"wp:term":[{"taxonomy":"product_cat","embeddable":true,"href":"https:\/\/zecovalve.com\/fr\/wp-json\/wp\/v2\/product_cat?post=17044"},{"taxonomy":"product_tag","embeddable":true,"href":"https:\/\/zecovalve.com\/fr\/wp-json\/wp\/v2\/product_tag?post=17044"}],"curies":[{"name":"wp","href":"https:\/\/api.w.org\/{rel}","templated":true}]}}