{"id":17057,"date":"2022-06-26T07:46:28","date_gmt":"2022-06-26T07:46:28","guid":{"rendered":"https:\/\/zecovalve.com\/?post_type=product&#038;p=17057"},"modified":"2023-06-26T06:01:20","modified_gmt":"2023-06-26T06:01:20","slug":"balancing-valve","status":"publish","type":"product","link":"https:\/\/zecovalve.com\/fr\/produit\/balancing-valve","title":{"rendered":"Soupape d'\u00e9quilibrage"},"content":{"rendered":"<div class=\"sep-pages-boxs bgs clearfix\">\n<div class=\"sep-container clearfix\">\n<h1 class=\"titles sizes1 cens gtj-ff-bold\">Soupape d'\u00e9quilibrage<\/h1>\n<div class=\"bq-sep-pro-detail-thumbs ons clearfix\">\n<div class=\"thumbs\">\n<div class=\"imgs ons\">\n<div class=\"swiper-container swiper-container-initialized swiper-container-horizontal\">\n<div class=\"swiper-wrapper\">\n<div class=\"swiper-slide swiper-slide-active\">\n<figure id=\"attachment_17031\" aria-describedby=\"caption-attachment-17031\" style=\"width: 290px\" class=\"wp-caption alignnone\"><img loading=\"lazy\" decoding=\"async\" class=\"size-medium wp-image-17031\" src=\"https:\/\/zecovalve.com\/wp-content\/uploads\/2022\/06\/manual-flow-balancing-valve-300x273.jpg\" alt=\"Vanne d&#039;\u00e9quilibrage de d\u00e9bit\" width=\"300\" height=\"273\" srcset=\"https:\/\/zecovalve.com\/wp-content\/uploads\/2022\/06\/manual-flow-balancing-valve-300x273.jpg 300w, https:\/\/zecovalve.com\/wp-content\/uploads\/2022\/06\/manual-flow-balancing-valve.jpg 330w\" sizes=\"auto, (max-width: 300px) 100vw, 300px\" \/><figcaption id=\"caption-attachment-17031\" class=\"wp-caption-text\">Vanne d&#039;\u00e9quilibrage de d\u00e9bit<\/figcaption><\/figure>\n<\/div>\n<\/div>\n<\/div>\n<div class=\"lr-lists-boxs\"><\/div>\n<\/div>\n<\/div>\n<\/div>\n<\/div>\n<\/div>\n<div class=\"sep-pages-boxs clearfix\">\n<div class=\"sep-container clearfix\">\n<div id=\"zf-nexts\" class=\"flex clearfix\">\n<div class=\"bq-zf-lefts\">\n<div class=\"richtext\">\n<h2>Festures de la vanne d&#039;\u00e9quilibrage<\/h2>\n<div class=\"text-center\"><img loading=\"lazy\" decoding=\"async\" class=\"alignnone size-medium wp-image-17058\" src=\"https:\/\/zecovalve.com\/wp-content\/uploads\/2022\/06\/manual-flow-balancing-valve-2-300x225.png\" alt=\"\" width=\"300\" height=\"225\" srcset=\"https:\/\/zecovalve.com\/wp-content\/uploads\/2022\/06\/manual-flow-balancing-valve-2-300x225.png 300w, https:\/\/zecovalve.com\/wp-content\/uploads\/2022\/06\/manual-flow-balancing-valve-2.png 600w\" sizes=\"auto, (max-width: 300px) 100vw, 300px\" \/><\/div>\n<ul class=\"list-paddingleft-2\">\n<li>Structure \u00e0 flux droit, faible r\u00e9sistance aux fluides\u00a0;<\/li>\n<li>Le volant affiche le nombre de cycles d&#039;ouverture pour un d\u00e9bogage facile\u00a0;<\/li>\n<li>L&#039;entr\u00e9e et la sortie de la vanne ont un port d&#039;essai auto-obturant\u00a0;<\/li>\n<li>La conception auto-\u00e9quilibr\u00e9e du disque de vanne, l&#039;ouverture et la fermeture ne sont pas affect\u00e9es par la pression du pipeline, peuvent \u00eatre compl\u00e8tement ferm\u00e9es.<\/li>\n<\/ul>\n<\/div>\n<div class=\"richtext\">\n<h2>Principe de fonctionnement de la vanne d&#039;\u00e9quilibrage<\/h2>\n<div class=\"text-center\"><img loading=\"lazy\" decoding=\"async\" class=\"alignnone size-medium wp-image-17059\" src=\"https:\/\/zecovalve.com\/wp-content\/uploads\/2022\/06\/manual-flow-balancing-valve-3-300x225.png\" alt=\"\" width=\"300\" height=\"225\" srcset=\"https:\/\/zecovalve.com\/wp-content\/uploads\/2022\/06\/manual-flow-balancing-valve-3-300x225.png 300w, https:\/\/zecovalve.com\/wp-content\/uploads\/2022\/06\/manual-flow-balancing-valve-3.png 600w\" sizes=\"auto, (max-width: 300px) 100vw, 300px\" \/><\/div>\n<p>En modifiant le jeu entre le noyau de la vanne et le si\u00e8ge de la vanne (ouverture), ajustez la capacit\u00e9 de d\u00e9bit de la vanne Kv (vanne) pour modifier la r\u00e9sistance au d\u00e9bit du flux \u00e0 travers la vanne afin d&#039;atteindre l&#039;objectif de r\u00e9glage du d\u00e9bit, le r\u00f4le de l&#039;objet est le r\u00e9sistance du syst\u00e8me, \u00e9limine le ph\u00e9nom\u00e8ne de d\u00e9s\u00e9quilibre de r\u00e9sistance dans le syst\u00e8me, donc \u00e0 une nouvelle proportion d&#039;allocation d&#039;eau selon la conception et le calcul de l&#039;\u00e9quilibre, chaque branche proportionnellement augmente ou diminue en m\u00eame temps.<\/p>\n<\/div>\n<div class=\"richtext\">\n<h2>Installation et mise en service des vannes d&#039;\u00e9quilibrage<\/h2>\n<div class=\"text-center\"><img loading=\"lazy\" decoding=\"async\" class=\"alignnone size-medium wp-image-17060\" src=\"https:\/\/zecovalve.com\/wp-content\/uploads\/2022\/06\/pressure-control-valve1534226071-300x225.png\" alt=\"\" width=\"300\" height=\"225\" srcset=\"https:\/\/zecovalve.com\/wp-content\/uploads\/2022\/06\/pressure-control-valve1534226071-300x225.png 300w, https:\/\/zecovalve.com\/wp-content\/uploads\/2022\/06\/pressure-control-valve1534226071.png 600w\" sizes=\"auto, (max-width: 300px) 100vw, 300px\" \/><\/div>\n<p>Il existe deux m\u00e9thodes de s\u00e9lection. La premi\u00e8re consiste \u00e0 utiliser le logiciel de calcul de la teneur en humidit\u00e9 positive. Le d\u00e9bit de conception Q et la diff\u00e9rence de pression de conception \u2206P sont saisis pour obtenir la taille et la position pr\u00e9d\u00e9finie d&#039;\u00e9quilibre de la vanne d&#039;\u00e9quilibrage. Afin d&#039;obtenir une meilleure pr\u00e9cision, il est recommand\u00e9 que le positionnement de la vanne d&#039;\u00e9quilibrage soit \u00e0 50-90% du degr\u00e9 d&#039;ouverture\u00a0; Deuxi\u00e8mement, lorsque le d\u00e9bit de conception Q est connu et que la diff\u00e9rence de pression de conception \u2206P est connue, la valeur Kv peut \u00eatre calcul\u00e9e par la formule, puis la taille appropri\u00e9e de la vanne d&#039;\u00e9quilibrage et les param\u00e8tres pr\u00e9d\u00e9termin\u00e9s peuvent \u00eatre s\u00e9lectionn\u00e9s dans le tableau des valeurs Kv. Pour une utilisation sp\u00e9cifique, veuillez consulter ZECO Valve Group.<\/p>\n<\/div>\n<div class=\"richtext\">\n<h2>Mat\u00e9riau et norme de la vanne d&#039;\u00e9quilibrage<\/h2>\n<p>Gamme de tailles\u00a0: 2\u2033~16\u2033<br \/>\nPression nominale\u00a0: 10 bars ~ 25 bars<br \/>\nDimensions face \u00e0 face\u00a0: AMSE B16.10, EN558-1<br \/>\nDimension d&#039;extr\u00e9mit\u00e9 de bride\u00a0: AMSE B16.1\/16.42, AS4087, EN1092-2<br \/>\nRev\u00eatement\u00a0: rev\u00eatement \u00e9poxy li\u00e9 par fusion<br \/>\nInspection et test\u00a0: ISO 5208 \/ EN 12226-2<\/p>\n<p>&nbsp;<\/p>\n<div class=\"over-tabs\">\n<table width=\"1389\">\n<tbody>\n<tr class=\"firstRow\">\n<td>Partie<\/td>\n<td>Mat\u00e9riau<\/td>\n<td>Standard<\/td>\n<\/tr>\n<tr>\n<td>Corps<\/td>\n<td>Fonte Ductile<\/td>\n<td>EN 1563\/DIN 1693<\/td>\n<\/tr>\n<tr>\n<td>Bonnet<\/td>\n<td>CuZn39Pb1 \/ C37000<\/td>\n<td>EN12167\/ASTM B135<\/td>\n<\/tr>\n<tr>\n<td>Garniture<\/td>\n<td>CuZn39Pb1 \/ C37000<\/td>\n<td>EN12167\/ASTM B135<\/td>\n<\/tr>\n<tr>\n<td>Port de mesure<\/td>\n<td>CuZn39Pb1 \/ C37000<\/td>\n<td>EN12167\/ASTM B135<\/td>\n<\/tr>\n<tr>\n<td>Joint torique<\/td>\n<td>EPDM\/NBR<\/td>\n<td>OIN 4633<\/td>\n<\/tr>\n<tr>\n<td>Roue \u00e0 main<\/td>\n<td>Nylon<\/td>\n<td>OIN 4633<\/td>\n<\/tr>\n<tr>\n<td colspan=\"3\">Pour les options de mat\u00e9riaux non r\u00e9pertori\u00e9es, consultez l\u2019usine.<\/p>\n<p>ZECO fabrique des vannes dans plus de 50 alliages diff\u00e9rents.<\/td>\n<\/tr>\n<\/tbody>\n<\/table>\n<\/div>\n<\/div>\n<\/div>\n<\/div>\n<\/div>\n<\/div>","protected":false},"excerpt":{"rendered":"<p>Vanne d&#039;\u00e9quilibrage Festures de la vanne d&#039;\u00e9quilibrage Structure \u00e0 d\u00e9bit droit, faible r\u00e9sistance aux fluides\u00a0; Le volant affiche le nombre de cycles d&#039;ouverture pour un d\u00e9bogage facile\u00a0; \u2026 <a title=\"Soupape d&#039;\u00e9quilibrage\" class=\"read-more\" href=\"https:\/\/zecovalve.com\/fr\/produit\/balancing-valve\" aria-label=\"Plus sur Vanne d&#039;\u00c9quilibrage\">Lire plus<\/a><\/p>","protected":false},"featured_media":27955,"comment_status":"closed","ping_status":"closed","template":"","meta":{"_generate-full-width-content":"","kt_blocks_editor_width":""},"product_cat":[2512],"product_tag":[2724,2654],"class_list":["post-17057","product","type-product","status-publish","has-post-thumbnail","hentry","product_cat-balancing-valve","product_tag-balancing-valve","product_tag-hvac-valve","sales-flash-overlay","woocommerce-text-align-center","woocommerce-image-align-center","do-quantity-buttons"],"featured_image_src_large":["https:\/\/zecovalve.com\/wp-content\/uploads\/2022\/06\/Balancing-Valve-1.jpg",800,600,false],"author_info":[],"comment_info":0,"taxonomy_info":{"product_cat":[{"value":2512,"label":"Balancing Valve"}],"product_tag":[{"value":2724,"label":"Balancing Valve"},{"value":2654,"label":"HVAC Valve"}]},"yoast_head":"<!-- This site is optimized with the Yoast SEO Premium plugin v15.4 - https:\/\/yoast.com\/wordpress\/plugins\/seo\/ -->\n<title>Balancing Valve - ZECO Valve<\/title>\n<meta name=\"robots\" content=\"index, follow, max-snippet:-1, max-image-preview:large, max-video-preview:-1\" \/>\n<link rel=\"canonical\" href=\"https:\/\/zecovalve.com\/fr\/produit\/balancing-valve\" \/>\n<meta property=\"og:locale\" content=\"fr_FR\" \/>\n<meta property=\"og:type\" content=\"article\" \/>\n<meta property=\"og:title\" content=\"Balancing Valve - ZECO Valve\" \/>\n<meta property=\"og:description\" content=\"Balancing Valve Festures of Balancing Valve Straight flow structure, low fluid resistance; Handwheel display the number of opening cycles for easy debugging; ... Lire plus\" \/>\n<meta property=\"og:url\" content=\"https:\/\/zecovalve.com\/fr\/produit\/balancing-valve\" \/>\n<meta property=\"og:site_name\" content=\"ZECO Valve\" \/>\n<meta property=\"article:modified_time\" content=\"2023-06-26T06:01:20+00:00\" \/>\n<meta property=\"og:image\" content=\"https:\/\/zecovalve.com\/wp-content\/uploads\/2022\/06\/Balancing-Valve-1.jpg\" \/>\n\t<meta property=\"og:image:width\" content=\"800\" \/>\n\t<meta property=\"og:image:height\" content=\"600\" \/>\n<meta name=\"twitter:card\" content=\"summary_large_image\" \/>\n<meta name=\"twitter:label1\" content=\"\u00c9crit par\">\n\t<meta name=\"twitter:data1\" content=\"Jerry\">\n\t<meta name=\"twitter:label2\" content=\"Dur\u00e9e de lecture estim\u00e9e\">\n\t<meta name=\"twitter:data2\" content=\"1 minute\">\n<script type=\"application\/ld+json\" class=\"yoast-schema-graph\">{\"@context\":\"https:\/\/schema.org\",\"@graph\":[{\"@type\":\"WebSite\",\"@id\":\"https:\/\/zecovalve.com\/#website\",\"url\":\"https:\/\/zecovalve.com\/\",\"name\":\"ZECO Valve\",\"description\":\"Industrial Ball Valve, Gate Valve and Globe Valve Manufacturer\",\"potentialAction\":[{\"@type\":\"SearchAction\",\"target\":\"https:\/\/zecovalve.com\/?s={search_term_string}\",\"query-input\":\"required name=search_term_string\"}],\"inLanguage\":\"fr-FR\"},{\"@type\":\"ImageObject\",\"@id\":\"https:\/\/zecovalve.com\/product\/balancing-valve#primaryimage\",\"inLanguage\":\"fr-FR\",\"url\":\"https:\/\/zecovalve.com\/wp-content\/uploads\/2022\/06\/Balancing-Valve-1.jpg\",\"width\":800,\"height\":600,\"caption\":\"Balancing Valve\"},{\"@type\":\"WebPage\",\"@id\":\"https:\/\/zecovalve.com\/product\/balancing-valve#webpage\",\"url\":\"https:\/\/zecovalve.com\/product\/balancing-valve\",\"name\":\"Balancing Valve - ZECO Valve\",\"isPartOf\":{\"@id\":\"https:\/\/zecovalve.com\/#website\"},\"primaryImageOfPage\":{\"@id\":\"https:\/\/zecovalve.com\/product\/balancing-valve#primaryimage\"},\"datePublished\":\"2022-06-26T07:46:28+00:00\",\"dateModified\":\"2023-06-26T06:01:20+00:00\",\"breadcrumb\":{\"@id\":\"https:\/\/zecovalve.com\/product\/balancing-valve#breadcrumb\"},\"inLanguage\":\"fr-FR\",\"potentialAction\":[{\"@type\":\"ReadAction\",\"target\":[\"https:\/\/zecovalve.com\/product\/balancing-valve\"]}]},{\"@type\":\"BreadcrumbList\",\"@id\":\"https:\/\/zecovalve.com\/product\/balancing-valve#breadcrumb\",\"itemListElement\":[{\"@type\":\"ListItem\",\"position\":1,\"item\":{\"@type\":\"WebPage\",\"@id\":\"https:\/\/zecovalve.com\/\",\"url\":\"https:\/\/zecovalve.com\/\",\"name\":\"Home\"}},{\"@type\":\"ListItem\",\"position\":2,\"item\":{\"@type\":\"WebPage\",\"@id\":\"https:\/\/zecovalve.com\/product-category\",\"url\":\"https:\/\/zecovalve.com\/product-category\",\"name\":\"Industrial Valve Manufacturer | Water Valve Manufacturer\"}},{\"@type\":\"ListItem\",\"position\":3,\"item\":{\"@type\":\"WebPage\",\"@id\":\"https:\/\/zecovalve.com\/product\/balancing-valve\",\"url\":\"https:\/\/zecovalve.com\/product\/balancing-valve\",\"name\":\"Balancing Valve\"}}]}]}<\/script>\n<!-- \/ Yoast SEO Premium plugin. -->","_links":{"self":[{"href":"https:\/\/zecovalve.com\/fr\/wp-json\/wp\/v2\/product\/17057","targetHints":{"allow":["GET"]}}],"collection":[{"href":"https:\/\/zecovalve.com\/fr\/wp-json\/wp\/v2\/product"}],"about":[{"href":"https:\/\/zecovalve.com\/fr\/wp-json\/wp\/v2\/types\/product"}],"replies":[{"embeddable":true,"href":"https:\/\/zecovalve.com\/fr\/wp-json\/wp\/v2\/comments?post=17057"}],"wp:featuredmedia":[{"embeddable":true,"href":"https:\/\/zecovalve.com\/fr\/wp-json\/wp\/v2\/media\/27955"}],"wp:attachment":[{"href":"https:\/\/zecovalve.com\/fr\/wp-json\/wp\/v2\/media?parent=17057"}],"wp:term":[{"taxonomy":"product_cat","embeddable":true,"href":"https:\/\/zecovalve.com\/fr\/wp-json\/wp\/v2\/product_cat?post=17057"},{"taxonomy":"product_tag","embeddable":true,"href":"https:\/\/zecovalve.com\/fr\/wp-json\/wp\/v2\/product_tag?post=17057"}],"curies":[{"name":"wp","href":"https:\/\/api.w.org\/{rel}","templated":true}]}}