{"id":17063,"date":"2022-06-26T08:20:43","date_gmt":"2022-06-26T08:20:43","guid":{"rendered":"https:\/\/zecovalve.com\/?post_type=product&#038;p=17063"},"modified":"2023-06-26T06:02:55","modified_gmt":"2023-06-26T06:02:55","slug":"flow-balancing-valve","status":"publish","type":"product","link":"https:\/\/zecovalve.com\/fr\/produit\/flow-balancing-valve","title":{"rendered":"Vanne d&#039;\u00e9quilibrage de d\u00e9bit"},"content":{"rendered":"<div class=\"sep-pages-boxs bgs clearfix\">\n<div class=\"sep-container clearfix\">\n<h1 class=\"titles sizes1 cens gtj-ff-bold\">Vanne d&#039;\u00e9quilibrage de d\u00e9bit<\/h1>\n<div class=\"bq-sep-pro-detail-thumbs ons clearfix\">\n<div class=\"thumbs\">\n<div class=\"imgs ons\">\n<div class=\"swiper-container swiper-container-initialized swiper-container-horizontal\">\n<div class=\"swiper-wrapper\">\n<div class=\"swiper-slide swiper-slide-active\">\n<figure id=\"attachment_17032\" aria-describedby=\"caption-attachment-17032\" style=\"width: 290px\" class=\"wp-caption alignnone\"><img loading=\"lazy\" decoding=\"async\" class=\"size-medium wp-image-17032\" src=\"https:\/\/zecovalve.com\/wp-content\/uploads\/2022\/06\/bronze-flow-balancing-valve-300x273.jpg\" alt=\"Vanne d&#039;\u00e9quilibrage de d\u00e9bit en laiton\" width=\"300\" height=\"273\" srcset=\"https:\/\/zecovalve.com\/wp-content\/uploads\/2022\/06\/bronze-flow-balancing-valve-300x273.jpg 300w, https:\/\/zecovalve.com\/wp-content\/uploads\/2022\/06\/bronze-flow-balancing-valve.jpg 330w\" sizes=\"auto, (max-width: 300px) 100vw, 300px\" \/><figcaption id=\"caption-attachment-17032\" class=\"wp-caption-text\">Vanne d&#039;\u00e9quilibrage de d\u00e9bit<\/figcaption><\/figure>\n<\/div>\n<\/div>\n<\/div>\n<div class=\"lr-lists-boxs\"><\/div>\n<\/div>\n<\/div>\n<\/div>\n<\/div>\n<\/div>\n<div class=\"sep-pages-boxs clearfix\">\n<div class=\"sep-container clearfix\">\n<div id=\"zf-nexts\" class=\"flex clearfix\">\n<div class=\"bq-zf-lefts\">\n<div class=\"richtext\">\n<h2>Caract\u00e9ristiques de la vanne d&#039;\u00e9quilibrage de d\u00e9bit<\/h2>\n<div class=\"text-center\"><img loading=\"lazy\" decoding=\"async\" class=\"alignnone size-medium wp-image-17064\" src=\"https:\/\/zecovalve.com\/wp-content\/uploads\/2022\/06\/bronze-flow-balancing-valve-2-300x225.png\" alt=\"\" width=\"300\" height=\"225\" srcset=\"https:\/\/zecovalve.com\/wp-content\/uploads\/2022\/06\/bronze-flow-balancing-valve-2-300x225.png 300w, https:\/\/zecovalve.com\/wp-content\/uploads\/2022\/06\/bronze-flow-balancing-valve-2.png 600w\" sizes=\"auto, (max-width: 300px) 100vw, 300px\" \/><\/div>\n<ul>\n<li>Bonne \u00e9tanch\u00e9it\u00e9, pas de p\u00e9n\u00e9tration, r\u00e9glage facile de la rotation\u00a0;<\/li>\n<li>Petit espace de montage, indication d&#039;ouverture pr\u00e9cise et claire\u00a0;<\/li>\n<li>L&#039;utilisation d&#039;un noyau et d&#039;une tige de valve inclin\u00e9s permet un d\u00e9bit de fluide plus important dans la valve<\/li>\n<li>La surface est lisse et propre, et l&#039;apparence est d\u00e9licate et belle.<\/li>\n<li>Structure unique, petite r\u00e9sistance aux fluides<\/li>\n<li>Volant num\u00e9rique, d\u00e9bogage pr\u00e9cis de l&#039;\u00e9quilibre<\/li>\n<li>Connexion facile avec un instrument intelligent<\/li>\n<li>Conception auto-\u00e9quilibr\u00e9e<\/li>\n<li>Fonction de coupure compl\u00e8te<\/li>\n<\/ul>\n<\/div>\n<div class=\"richtext\">\n<h2>Principe de fonctionnement de la vanne d&#039;\u00e9quilibrage de d\u00e9bit<\/h2>\n<div class=\"text-center\">\u00a0<img loading=\"lazy\" decoding=\"async\" class=\"alignnone size-medium wp-image-17065\" src=\"https:\/\/zecovalve.com\/wp-content\/uploads\/2022\/06\/bronze-flow-balancing-valve-3-300x225.png\" alt=\"\" width=\"300\" height=\"225\" srcset=\"https:\/\/zecovalve.com\/wp-content\/uploads\/2022\/06\/bronze-flow-balancing-valve-3-300x225.png 300w, https:\/\/zecovalve.com\/wp-content\/uploads\/2022\/06\/bronze-flow-balancing-valve-3.png 600w\" sizes=\"auto, (max-width: 300px) 100vw, 300px\" \/><\/div>\n<p>La vanne r\u00e9gule le d\u00e9bit du fluide \u00e0 travers son corps de vanne, en \u00e9quilibrant la tige de vanne de haut en bas en tournant la poign\u00e9e de la vanne de r\u00e9gulation, en ajustant le trajet d&#039;\u00e9coulement et en modifiant les caract\u00e9ristiques de la courbe de d\u00e9bit. Les manom\u00e8tres \u00e9quip\u00e9s sur le corps de la vanne d&#039;\u00e9quilibrage sont utilis\u00e9s pour mesurer la diff\u00e9rence de pression, qui peut \u00eatre utilis\u00e9e pour d\u00e9tecter et ajuster le d\u00e9bit.<\/p>\n<\/div>\n<div class=\"richtext\">\n<h2>Installation et mise en service de la vanne d&#039;\u00e9quilibrage de d\u00e9bit<\/h2>\n<div class=\"text-center\"><img loading=\"lazy\" decoding=\"async\" class=\"alignnone size-medium wp-image-17066\" src=\"https:\/\/zecovalve.com\/wp-content\/uploads\/2022\/06\/pressure-control-valve-300x225.png\" alt=\"\" width=\"300\" height=\"225\" srcset=\"https:\/\/zecovalve.com\/wp-content\/uploads\/2022\/06\/pressure-control-valve-300x225.png 300w, https:\/\/zecovalve.com\/wp-content\/uploads\/2022\/06\/pressure-control-valve.png 600w\" sizes=\"auto, (max-width: 300px) 100vw, 300px\" \/><\/div>\n<p>Cette vanne peut \u00eatre install\u00e9e soit sur le tuyau d&#039;arriv\u00e9e d&#039;eau, soit sur le tuyau de retour d&#039;eau. G\u00e9n\u00e9ralement, il est recommand\u00e9 de l&#039;installer sur la canalisation de retour d&#039;eau, notamment sur la boucle haute temp\u00e9rature. Pour une utilisation sp\u00e9cifique, veuillez consulter ZECO Valve Group.<\/p>\n<\/div>\n<div class=\"richtext\">\n<h2>Mat\u00e9riau et norme de la vanne d&#039;\u00e9quilibrage de d\u00e9bit<\/h2>\n<p>Gamme de tailles\u00a0: 3\/4\u2033~2\u2033<\/p>\n<p>Pression nominale\u00a0: 10 bars ~ 16 bars<\/p>\n<p>Dimensions face \u00e0 face\u00a0: EN 558-1, ASME B 16.10<\/p>\n<p>Dimension d&#039;extr\u00e9mit\u00e9 de bride\u00a0: BS 21<\/p>\n<p>Inspection et test\u00a0: ISO 5208 \/ EN 12226-2<\/p>\n<p>&nbsp;<\/p>\n<div class=\"over-tabs\">\n<table width=\"1389\">\n<tbody>\n<tr class=\"firstRow\">\n<td>Partie<\/td>\n<td>Mat\u00e9riau<\/td>\n<td>Standard<\/td>\n<\/tr>\n<tr>\n<td>Corps<\/td>\n<td>CuZn39Pb1 \/ C37000<\/td>\n<td>EN12167\/ASTM B135<\/td>\n<\/tr>\n<tr>\n<td>Bonnet<\/td>\n<td>CuZn39Pb1 \/ C37000<\/td>\n<td>EN12167\/ASTM B135<\/td>\n<\/tr>\n<tr>\n<td>Garniture<\/td>\n<td>CuZn39Pb1 \/ C37000<\/td>\n<td>EN12167\/ASTM B135<\/td>\n<\/tr>\n<tr>\n<td>Port de mesure<\/td>\n<td>CuZn39Pb1 \/ C37000<\/td>\n<td>EN12167\/ASTM B135<\/td>\n<\/tr>\n<tr>\n<td>Joint torique<\/td>\n<td>EPDM\/NBR<\/td>\n<td>OIN 4633<\/td>\n<\/tr>\n<tr>\n<td>Roue \u00e0 main<\/td>\n<td>Nylon<\/td>\n<td>OIN 4633<\/td>\n<\/tr>\n<tr>\n<td colspan=\"3\">Pour les options de mat\u00e9riaux non r\u00e9pertori\u00e9es, consultez l\u2019usine.<\/p>\n<p>ZECO fabrique des vannes dans plus de 50 alliages diff\u00e9rents.<\/td>\n<\/tr>\n<\/tbody>\n<\/table>\n<\/div>\n<table border=\"1\">\n<tbody>\n<tr>\n<td>NPS<\/td>\n<td>Dans<\/td>\n<td>3\/4<\/td>\n<td>1<\/td>\n<td>1 1\/4<\/td>\n<td>1 1\/2<\/td>\n<td>2<\/td>\n<\/tr>\n<tr>\n<td>A<\/td>\n<td>mm<\/td>\n<td>86.5<\/td>\n<td>105<\/td>\n<td>123.5<\/td>\n<td>125<\/td>\n<td>144<\/td>\n<\/tr>\n<tr>\n<td>H<\/td>\n<td>mm<\/td>\n<td>102<\/td>\n<td>105<\/td>\n<td>110<\/td>\n<td>120<\/td>\n<td>127<\/td>\n<\/tr>\n<tr>\n<td>g<\/td>\n<td>mm<\/td>\n<td>G3\/4<\/td>\n<td>G10<\/td>\n<td>G1 1\/4<\/td>\n<td>G1 1\/2<\/td>\n<td>G2<\/td>\n<\/tr>\n<tr>\n<td>Logiciel<\/td>\n<td>mm<\/td>\n<td>32.5<\/td>\n<td>40.5<\/td>\n<td>49.5<\/td>\n<td>57<\/td>\n<td>69.5<\/td>\n<\/tr>\n<tr>\n<td>KVS<\/td>\n<td>m3\/heure<\/td>\n<td>5.77<\/td>\n<td>8.7<\/td>\n<td>14.2<\/td>\n<td>19.2<\/td>\n<td>33<\/td>\n<\/tr>\n<\/tbody>\n<\/table>\n<\/div>\n<\/div>\n<\/div>\n<\/div>\n<\/div>","protected":false},"excerpt":{"rendered":"<p>Vanne d&#039;\u00e9quilibrage de d\u00e9bit Caract\u00e9ristiques de la vanne d&#039;\u00e9quilibrage de d\u00e9bit Bonne \u00e9tanch\u00e9it\u00e9, pas de p\u00e9n\u00e9tration, r\u00e9glage facile de la rotation\u00a0; Petit espace de montage, pr\u00e9cis et\u2026 <a title=\"Vanne d&#039;\u00e9quilibrage de d\u00e9bit\" class=\"read-more\" href=\"https:\/\/zecovalve.com\/fr\/produit\/flow-balancing-valve\" aria-label=\"Plus sur Vanne d&#039;\u00e9quilibrage de d\u00e9bit\">Lire plus<\/a><\/p>","protected":false},"featured_media":27957,"comment_status":"closed","ping_status":"closed","template":"","meta":{"_generate-full-width-content":"","kt_blocks_editor_width":""},"product_cat":[2512],"product_tag":[2724,2654],"class_list":["post-17063","product","type-product","status-publish","has-post-thumbnail","hentry","product_cat-balancing-valve","product_tag-balancing-valve","product_tag-hvac-valve","sales-flash-overlay","woocommerce-text-align-center","woocommerce-image-align-center","do-quantity-buttons"],"featured_image_src_large":["https:\/\/zecovalve.com\/wp-content\/uploads\/2022\/06\/Flow-Balancing-Valve.jpg",800,600,false],"author_info":[],"comment_info":0,"taxonomy_info":{"product_cat":[{"value":2512,"label":"Balancing Valve"}],"product_tag":[{"value":2724,"label":"Balancing Valve"},{"value":2654,"label":"HVAC Valve"}]},"yoast_head":"<!-- This site is optimized with the Yoast SEO Premium plugin v15.4 - https:\/\/yoast.com\/wordpress\/plugins\/seo\/ -->\n<title>Flow Balancing Valve - ZECO Valve<\/title>\n<meta name=\"robots\" content=\"index, follow, max-snippet:-1, max-image-preview:large, max-video-preview:-1\" \/>\n<link rel=\"canonical\" href=\"https:\/\/zecovalve.com\/fr\/produit\/flow-balancing-valve\" \/>\n<meta property=\"og:locale\" content=\"fr_FR\" \/>\n<meta property=\"og:type\" content=\"article\" \/>\n<meta property=\"og:title\" content=\"Flow Balancing Valve - ZECO Valve\" \/>\n<meta property=\"og:description\" content=\"Flow Balancing Valve Festures of Flow Balancing Valve Good sealing, no penetration, easy to adjust the rotation; Small mounting space, accurate and ... Lire plus\" \/>\n<meta property=\"og:url\" content=\"https:\/\/zecovalve.com\/fr\/produit\/flow-balancing-valve\" \/>\n<meta property=\"og:site_name\" content=\"ZECO Valve\" \/>\n<meta property=\"article:modified_time\" content=\"2023-06-26T06:02:55+00:00\" \/>\n<meta property=\"og:image\" content=\"https:\/\/zecovalve.com\/wp-content\/uploads\/2022\/06\/Flow-Balancing-Valve.jpg\" \/>\n\t<meta property=\"og:image:width\" content=\"800\" \/>\n\t<meta property=\"og:image:height\" content=\"600\" \/>\n<meta name=\"twitter:card\" content=\"summary_large_image\" \/>\n<meta name=\"twitter:label1\" content=\"\u00c9crit par\">\n\t<meta name=\"twitter:data1\" content=\"Jerry\">\n\t<meta name=\"twitter:label2\" content=\"Dur\u00e9e de lecture estim\u00e9e\">\n\t<meta name=\"twitter:data2\" content=\"1 minute\">\n<script type=\"application\/ld+json\" class=\"yoast-schema-graph\">{\"@context\":\"https:\/\/schema.org\",\"@graph\":[{\"@type\":\"WebSite\",\"@id\":\"https:\/\/zecovalve.com\/#website\",\"url\":\"https:\/\/zecovalve.com\/\",\"name\":\"ZECO Valve\",\"description\":\"Industrial Ball Valve, Gate Valve and Globe Valve Manufacturer\",\"potentialAction\":[{\"@type\":\"SearchAction\",\"target\":\"https:\/\/zecovalve.com\/?s={search_term_string}\",\"query-input\":\"required name=search_term_string\"}],\"inLanguage\":\"fr-FR\"},{\"@type\":\"ImageObject\",\"@id\":\"https:\/\/zecovalve.com\/product\/flow-balancing-valve#primaryimage\",\"inLanguage\":\"fr-FR\",\"url\":\"https:\/\/zecovalve.com\/wp-content\/uploads\/2022\/06\/Flow-Balancing-Valve.jpg\",\"width\":800,\"height\":600,\"caption\":\"Flow Balancing Valve\"},{\"@type\":\"WebPage\",\"@id\":\"https:\/\/zecovalve.com\/product\/flow-balancing-valve#webpage\",\"url\":\"https:\/\/zecovalve.com\/product\/flow-balancing-valve\",\"name\":\"Flow Balancing Valve - ZECO Valve\",\"isPartOf\":{\"@id\":\"https:\/\/zecovalve.com\/#website\"},\"primaryImageOfPage\":{\"@id\":\"https:\/\/zecovalve.com\/product\/flow-balancing-valve#primaryimage\"},\"datePublished\":\"2022-06-26T08:20:43+00:00\",\"dateModified\":\"2023-06-26T06:02:55+00:00\",\"breadcrumb\":{\"@id\":\"https:\/\/zecovalve.com\/product\/flow-balancing-valve#breadcrumb\"},\"inLanguage\":\"fr-FR\",\"potentialAction\":[{\"@type\":\"ReadAction\",\"target\":[\"https:\/\/zecovalve.com\/product\/flow-balancing-valve\"]}]},{\"@type\":\"BreadcrumbList\",\"@id\":\"https:\/\/zecovalve.com\/product\/flow-balancing-valve#breadcrumb\",\"itemListElement\":[{\"@type\":\"ListItem\",\"position\":1,\"item\":{\"@type\":\"WebPage\",\"@id\":\"https:\/\/zecovalve.com\/\",\"url\":\"https:\/\/zecovalve.com\/\",\"name\":\"Home\"}},{\"@type\":\"ListItem\",\"position\":2,\"item\":{\"@type\":\"WebPage\",\"@id\":\"https:\/\/zecovalve.com\/product-category\",\"url\":\"https:\/\/zecovalve.com\/product-category\",\"name\":\"Industrial Valve Manufacturer | Water Valve Manufacturer\"}},{\"@type\":\"ListItem\",\"position\":3,\"item\":{\"@type\":\"WebPage\",\"@id\":\"https:\/\/zecovalve.com\/product\/flow-balancing-valve\",\"url\":\"https:\/\/zecovalve.com\/product\/flow-balancing-valve\",\"name\":\"Flow Balancing Valve\"}}]}]}<\/script>\n<!-- \/ Yoast SEO Premium plugin. -->","_links":{"self":[{"href":"https:\/\/zecovalve.com\/fr\/wp-json\/wp\/v2\/product\/17063","targetHints":{"allow":["GET"]}}],"collection":[{"href":"https:\/\/zecovalve.com\/fr\/wp-json\/wp\/v2\/product"}],"about":[{"href":"https:\/\/zecovalve.com\/fr\/wp-json\/wp\/v2\/types\/product"}],"replies":[{"embeddable":true,"href":"https:\/\/zecovalve.com\/fr\/wp-json\/wp\/v2\/comments?post=17063"}],"wp:featuredmedia":[{"embeddable":true,"href":"https:\/\/zecovalve.com\/fr\/wp-json\/wp\/v2\/media\/27957"}],"wp:attachment":[{"href":"https:\/\/zecovalve.com\/fr\/wp-json\/wp\/v2\/media?parent=17063"}],"wp:term":[{"taxonomy":"product_cat","embeddable":true,"href":"https:\/\/zecovalve.com\/fr\/wp-json\/wp\/v2\/product_cat?post=17063"},{"taxonomy":"product_tag","embeddable":true,"href":"https:\/\/zecovalve.com\/fr\/wp-json\/wp\/v2\/product_tag?post=17063"}],"curies":[{"name":"wp","href":"https:\/\/api.w.org\/{rel}","templated":true}]}}