{"id":17071,"date":"2022-06-27T05:36:53","date_gmt":"2022-06-27T05:36:53","guid":{"rendered":"https:\/\/zecovalve.com\/?post_type=product&#038;p=17071"},"modified":"2023-06-26T05:29:52","modified_gmt":"2023-06-26T05:29:52","slug":"modulating-float-valve","status":"publish","type":"product","link":"https:\/\/zecovalve.com\/fr\/produit\/modulating-float-valve","title":{"rendered":"Vanne \u00e0 flotteur modulante"},"content":{"rendered":"<div class=\"sep-pages-boxs bgs clearfix\">\n<div class=\"sep-container clearfix\">\n<h1 class=\"titles sizes1 cens gtj-ff-bold\">Vanne \u00e0 flotteur modulante<\/h1>\n<div class=\"bq-sep-pro-detail-thumbs ons clearfix\">\n<div class=\"thumbs\">\n<div class=\"imgs ons\">\n<div class=\"swiper-container swiper-container-initialized swiper-container-horizontal\">\n<div class=\"swiper-wrapper\">\n<div class=\"swiper-slide swiper-slide-active\">\n<figure id=\"attachment_17069\" aria-describedby=\"caption-attachment-17069\" style=\"width: 290px\" class=\"wp-caption alignnone\"><img loading=\"lazy\" decoding=\"async\" class=\"size-medium wp-image-17069\" src=\"https:\/\/zecovalve.com\/wp-content\/uploads\/2022\/06\/modulating-float-valve-1-300x273.jpg\" alt=\"Vanne \u00e0 flotteur modulante\" width=\"300\" height=\"273\" srcset=\"https:\/\/zecovalve.com\/wp-content\/uploads\/2022\/06\/modulating-float-valve-1-300x273.jpg 300w, https:\/\/zecovalve.com\/wp-content\/uploads\/2022\/06\/modulating-float-valve-1.jpg 330w\" sizes=\"auto, (max-width: 300px) 100vw, 300px\" \/><figcaption id=\"caption-attachment-17069\" class=\"wp-caption-text\">Vanne \u00e0 flotteur modulante<\/figcaption><\/figure>\n<\/div>\n<\/div>\n<\/div>\n<div class=\"lr-lists-boxs\"><\/div>\n<\/div>\n<\/div>\n<\/div>\n<\/div>\n<\/div>\n<div class=\"sep-pages-boxs clearfix\">\n<div class=\"sep-container clearfix\">\n<div id=\"zf-nexts\" class=\"flex clearfix\">\n<div class=\"bq-zf-lefts\">\n<div class=\"richtext\">\n<h2>Caract\u00e9ristiques de la vanne \u00e0 flotteur modulante<\/h2>\n<div class=\"text-center\"><img loading=\"lazy\" decoding=\"async\" class=\"alignnone size-medium wp-image-17053\" src=\"https:\/\/zecovalve.com\/wp-content\/uploads\/2022\/06\/surge-anticipating-valve-features-300x225.png\" alt=\"\" width=\"300\" height=\"225\" srcset=\"https:\/\/zecovalve.com\/wp-content\/uploads\/2022\/06\/surge-anticipating-valve-features-300x225.png 300w, https:\/\/zecovalve.com\/wp-content\/uploads\/2022\/06\/surge-anticipating-valve-features.png 600w\" sizes=\"auto, (max-width: 300px) 100vw, 300px\" \/><\/div>\n<ul class=\"list-paddingleft-2\">\n<li>Travail stable et fiable, grand d\u00e9bit\u00a0;<\/li>\n<li>Disque \u00e0 ouverture rapide et fermeture lente, pas d&#039;impact de coup de b\u00e9lier\u00a0;<\/li>\n<li>Bon effet d&#039;\u00e9tanch\u00e9it\u00e9 et longue dur\u00e9e de vie\u00a0;<\/li>\n<li>Installez-le \u00e0 n&#039;importe quel endroit en fonction de la hauteur du r\u00e9servoir d&#039;eau et de l&#039;espace de travail.<\/li>\n<\/ul>\n<\/div>\n<div class=\"richtext\">\n<h2>Principe de fonctionnement de la vanne \u00e0 flotteur modulante<\/h2>\n<div class=\"text-center\"><img loading=\"lazy\" decoding=\"async\" class=\"alignnone size-medium wp-image-17072\" src=\"https:\/\/zecovalve.com\/wp-content\/uploads\/2022\/06\/modulating-float-valve-principle-300x225.jpg\" alt=\"\" width=\"300\" height=\"225\" srcset=\"https:\/\/zecovalve.com\/wp-content\/uploads\/2022\/06\/modulating-float-valve-principle-300x225.jpg 300w, https:\/\/zecovalve.com\/wp-content\/uploads\/2022\/06\/modulating-float-valve-principle.jpg 600w\" sizes=\"auto, (max-width: 300px) 100vw, 300px\" \/><\/div>\n<p>Lorsque le tuyau fournit de l&#039;eau depuis l&#039;extr\u00e9mit\u00e9 d&#039;entr\u00e9e, parce que le robinet \u00e0 pointeau, le robinet \u00e0 tournant sph\u00e9rique et le robinet \u00e0 tournant sph\u00e9rique \u00e0 flotteur sont normalement ouverts, l&#039;eau p\u00e9n\u00e8tre dans le r\u00e9servoir d&#039;eau par le microfiltre, le robinet \u00e0 pointeau, la salle de contr\u00f4le, le robinet \u00e0 tournant sph\u00e9rique et le robinet \u00e0 tournant sph\u00e9rique \u00e0 flotteur. . A ce moment, il n&#039;y a aucune pression dans la salle de contr\u00f4le ; Lorsque le niveau d&#039;eau du ch\u00e2teau d&#039;eau atteint la hauteur d\u00e9finie, le flotteur \u00e0 bille ferme le robinet \u00e0 flotteur \u00e0 bille, contr\u00f4le l&#039;augmentation de la pression de l&#039;eau int\u00e9rieure, pousse la vanne principale pour se fermer et l&#039;alimentation en eau s&#039;arr\u00eate. Lorsque le niveau d&#039;eau baisse, la vanne flotteur se rouvre, la pression de l&#039;eau dans la salle de contr\u00f4le baisse et la vanne principale s&#039;ouvre \u00e0 nouveau pour continuer l&#039;alimentation en eau, en maintenant la hauteur de r\u00e9glage du niveau de liquide.<\/p>\n<\/div>\n<div class=\"richtext\">\n<h2>Installation et mise en service de vannes \u00e0 flotteur modulantes<\/h2>\n<div class=\"text-center\"><img loading=\"lazy\" decoding=\"async\" class=\"alignnone size-medium wp-image-17073\" src=\"https:\/\/zecovalve.com\/wp-content\/uploads\/2022\/06\/modulating-float-valve-installation-and-commissioning-300x225.jpg\" alt=\"\" width=\"300\" height=\"225\" srcset=\"https:\/\/zecovalve.com\/wp-content\/uploads\/2022\/06\/modulating-float-valve-installation-and-commissioning-300x225.jpg 300w, https:\/\/zecovalve.com\/wp-content\/uploads\/2022\/06\/modulating-float-valve-installation-and-commissioning.jpg 600w\" sizes=\"auto, (max-width: 300px) 100vw, 300px\" \/><\/div>\n<p>L\u2019installation horizontale est pr\u00e9f\u00e9rable pour le robinet \u00e0 flotteur \u00e0 bille t\u00e9l\u00e9command\u00e9. La vanne principale et la vanne pilote \u00e0 flotteur \u00e0 bille peuvent \u00eatre install\u00e9es \u00e0 distance dans leur ensemble. Cette vanne est install\u00e9e dans le syst\u00e8me d&#039;eau et d\u00e9bogu\u00e9e. Le robinet \u00e0 soupape est ouvert. La vanne \u00e0 pointeau de la vanne principale est ouverte pendant 2 \u00e0 4 tours. Le robinet \u00e0 bille est compl\u00e8tement ouvert. Pour une utilisation sp\u00e9cifique, veuillez consulter Zeco Valve Group.<\/p>\n<\/div>\n<div class=\"richtext\">\n<h2>Mat\u00e9riau et norme de la vanne \u00e0 flotteur modulante<\/h2>\n<p>Gamme de tailles\u00a0: 2\u2033~24\u2033<br \/>\nPression nominale\u00a0: 10 bars ~ 25 bars<\/p>\n<p>Dimensions face \u00e0 face\u00a0: AMSE B16.10, EN558-1<\/p>\n<p>Dimension d&#039;extr\u00e9mit\u00e9 de bride\u00a0:AMSE B16.1\/16.42, AS4087, EN1092-2<\/p>\n<p>Rev\u00eatement\u00a0: rev\u00eatement \u00e9poxy li\u00e9 par fusion<\/p>\n<p>Inspection et test\u00a0: ISO 5208 \/ EN 12226-2<\/p>\n<div class=\"over-tabs\">\n<table cellspacing=\"0\">\n<tbody>\n<tr class=\"firstRow\">\n<td valign=\"center\">Partie<\/td>\n<td valign=\"center\">Mat\u00e9riau<\/td>\n<td valign=\"center\">Standard<\/td>\n<\/tr>\n<tr>\n<td valign=\"center\">Corps<\/td>\n<td valign=\"center\">Fonte Ductile<\/td>\n<td valign=\"center\">EN 1563\/DIN 1693<\/td>\n<\/tr>\n<tr>\n<td valign=\"center\">Bonnet<\/td>\n<td valign=\"center\">Fonte Ductile<\/td>\n<td valign=\"center\">EN 1563\/DIN 1693<\/td>\n<\/tr>\n<tr>\n<td valign=\"center\">Garniture<\/td>\n<td valign=\"center\">Acier inoxydable 304<\/td>\n<td valign=\"center\">EN10088-1\/ASTM A959<\/td>\n<\/tr>\n<tr>\n<td valign=\"center\">Si\u00e8ge<\/td>\n<td valign=\"center\">Acier inoxydable 304<\/td>\n<td valign=\"center\">EN10088-1\/ASTM A959<\/td>\n<\/tr>\n<tr>\n<td valign=\"center\">Diaphragme<\/td>\n<td valign=\"center\">EPDM\/NBR<\/td>\n<td valign=\"center\">OIN 4633<\/td>\n<\/tr>\n<tr>\n<td valign=\"center\">Vanne pilote<\/td>\n<td valign=\"center\">Acier inoxydable 304<\/td>\n<td valign=\"center\">EN10088-1\/ASTM A959<\/td>\n<\/tr>\n<tr>\n<td colspan=\"3\" valign=\"center\">Pour les options de mat\u00e9riaux non r\u00e9pertori\u00e9es, consultez l\u2019usine.<\/p>\n<p>Zeco fabrique des vannes dans plus de 50 alliages diff\u00e9rents.<\/td>\n<\/tr>\n<\/tbody>\n<\/table>\n<\/div>\n<\/div>\n<\/div>\n<\/div>\n<\/div>\n<\/div>","protected":false},"excerpt":{"rendered":"<p>Vanne \u00e0 flotteur modulante Caract\u00e9ristiques de la vanne \u00e0 flotteur modulante Travail stable et fiable, grand d\u00e9bit\u00a0; Disque ouvert rapidement et ferm\u00e9 lentement, pas d\u2019eau\u2026 <a title=\"Vanne \u00e0 flotteur modulante\" class=\"read-more\" href=\"https:\/\/zecovalve.com\/fr\/produit\/modulating-float-valve\" aria-label=\"Plus sur Vanne \u00e0 flotteur modulante\">Lire plus<\/a><\/p>","protected":false},"featured_media":27946,"comment_status":"closed","ping_status":"closed","template":"","meta":{"_generate-full-width-content":"","kt_blocks_editor_width":""},"product_cat":[2526],"product_tag":[],"class_list":["post-17071","product","type-product","status-publish","has-post-thumbnail","hentry","product_cat-water-control-valve","sales-flash-overlay","woocommerce-text-align-center","woocommerce-image-align-center","do-quantity-buttons"],"featured_image_src_large":["https:\/\/zecovalve.com\/wp-content\/uploads\/2022\/06\/Modulating-Float-Valve-2.jpg",800,600,false],"author_info":[],"comment_info":0,"taxonomy_info":{"product_cat":[{"value":2526,"label":"Water Control Valve"}]},"yoast_head":"<!-- This site is optimized with the Yoast SEO Premium plugin v15.4 - https:\/\/yoast.com\/wordpress\/plugins\/seo\/ -->\n<title>Modulating Float Valve - ZECO Valve<\/title>\n<meta name=\"robots\" content=\"index, follow, max-snippet:-1, max-image-preview:large, max-video-preview:-1\" \/>\n<link rel=\"canonical\" href=\"https:\/\/zecovalve.com\/fr\/produit\/modulating-float-valve\" \/>\n<meta property=\"og:locale\" content=\"fr_FR\" \/>\n<meta property=\"og:type\" content=\"article\" \/>\n<meta property=\"og:title\" content=\"Modulating Float Valve - ZECO Valve\" \/>\n<meta property=\"og:description\" content=\"Modulating Float Valve Features of Modulating Float Valve Stable and reliable work, large flow; Disc fast open and slow closed, no water ... Lire plus\" \/>\n<meta property=\"og:url\" content=\"https:\/\/zecovalve.com\/fr\/produit\/modulating-float-valve\" \/>\n<meta property=\"og:site_name\" content=\"ZECO Valve\" \/>\n<meta property=\"article:modified_time\" content=\"2023-06-26T05:29:52+00:00\" \/>\n<meta property=\"og:image\" content=\"https:\/\/zecovalve.com\/wp-content\/uploads\/2022\/06\/Modulating-Float-Valve-2.jpg\" \/>\n\t<meta property=\"og:image:width\" content=\"800\" \/>\n\t<meta property=\"og:image:height\" content=\"600\" \/>\n<meta name=\"twitter:card\" content=\"summary_large_image\" \/>\n<meta name=\"twitter:label1\" content=\"\u00c9crit par\">\n\t<meta name=\"twitter:data1\" content=\"Jerry\">\n\t<meta name=\"twitter:label2\" content=\"Dur\u00e9e de lecture estim\u00e9e\">\n\t<meta name=\"twitter:data2\" content=\"1 minute\">\n<script type=\"application\/ld+json\" class=\"yoast-schema-graph\">{\"@context\":\"https:\/\/schema.org\",\"@graph\":[{\"@type\":\"WebSite\",\"@id\":\"https:\/\/zecovalve.com\/#website\",\"url\":\"https:\/\/zecovalve.com\/\",\"name\":\"ZECO Valve\",\"description\":\"Industrial Ball Valve, Gate Valve and Globe Valve Manufacturer\",\"potentialAction\":[{\"@type\":\"SearchAction\",\"target\":\"https:\/\/zecovalve.com\/?s={search_term_string}\",\"query-input\":\"required name=search_term_string\"}],\"inLanguage\":\"fr-FR\"},{\"@type\":\"ImageObject\",\"@id\":\"https:\/\/zecovalve.com\/product\/modulating-float-valve#primaryimage\",\"inLanguage\":\"fr-FR\",\"url\":\"https:\/\/zecovalve.com\/wp-content\/uploads\/2022\/06\/Modulating-Float-Valve-2.jpg\",\"width\":800,\"height\":600,\"caption\":\"Modulating Float Valve\"},{\"@type\":\"WebPage\",\"@id\":\"https:\/\/zecovalve.com\/product\/modulating-float-valve#webpage\",\"url\":\"https:\/\/zecovalve.com\/product\/modulating-float-valve\",\"name\":\"Modulating Float Valve - ZECO Valve\",\"isPartOf\":{\"@id\":\"https:\/\/zecovalve.com\/#website\"},\"primaryImageOfPage\":{\"@id\":\"https:\/\/zecovalve.com\/product\/modulating-float-valve#primaryimage\"},\"datePublished\":\"2022-06-27T05:36:53+00:00\",\"dateModified\":\"2023-06-26T05:29:52+00:00\",\"breadcrumb\":{\"@id\":\"https:\/\/zecovalve.com\/product\/modulating-float-valve#breadcrumb\"},\"inLanguage\":\"fr-FR\",\"potentialAction\":[{\"@type\":\"ReadAction\",\"target\":[\"https:\/\/zecovalve.com\/product\/modulating-float-valve\"]}]},{\"@type\":\"BreadcrumbList\",\"@id\":\"https:\/\/zecovalve.com\/product\/modulating-float-valve#breadcrumb\",\"itemListElement\":[{\"@type\":\"ListItem\",\"position\":1,\"item\":{\"@type\":\"WebPage\",\"@id\":\"https:\/\/zecovalve.com\/\",\"url\":\"https:\/\/zecovalve.com\/\",\"name\":\"Home\"}},{\"@type\":\"ListItem\",\"position\":2,\"item\":{\"@type\":\"WebPage\",\"@id\":\"https:\/\/zecovalve.com\/product-category\",\"url\":\"https:\/\/zecovalve.com\/product-category\",\"name\":\"Industrial Valve Manufacturer | Water Valve Manufacturer\"}},{\"@type\":\"ListItem\",\"position\":3,\"item\":{\"@type\":\"WebPage\",\"@id\":\"https:\/\/zecovalve.com\/product\/modulating-float-valve\",\"url\":\"https:\/\/zecovalve.com\/product\/modulating-float-valve\",\"name\":\"Modulating Float Valve\"}}]}]}<\/script>\n<!-- \/ Yoast SEO Premium plugin. -->","_links":{"self":[{"href":"https:\/\/zecovalve.com\/fr\/wp-json\/wp\/v2\/product\/17071","targetHints":{"allow":["GET"]}}],"collection":[{"href":"https:\/\/zecovalve.com\/fr\/wp-json\/wp\/v2\/product"}],"about":[{"href":"https:\/\/zecovalve.com\/fr\/wp-json\/wp\/v2\/types\/product"}],"replies":[{"embeddable":true,"href":"https:\/\/zecovalve.com\/fr\/wp-json\/wp\/v2\/comments?post=17071"}],"wp:featuredmedia":[{"embeddable":true,"href":"https:\/\/zecovalve.com\/fr\/wp-json\/wp\/v2\/media\/27946"}],"wp:attachment":[{"href":"https:\/\/zecovalve.com\/fr\/wp-json\/wp\/v2\/media?parent=17071"}],"wp:term":[{"taxonomy":"product_cat","embeddable":true,"href":"https:\/\/zecovalve.com\/fr\/wp-json\/wp\/v2\/product_cat?post=17071"},{"taxonomy":"product_tag","embeddable":true,"href":"https:\/\/zecovalve.com\/fr\/wp-json\/wp\/v2\/product_tag?post=17071"}],"curies":[{"name":"wp","href":"https:\/\/api.w.org\/{rel}","templated":true}]}}