{"id":17081,"date":"2022-06-27T05:52:25","date_gmt":"2022-06-27T05:52:25","guid":{"rendered":"https:\/\/zecovalve.com\/?post_type=product&#038;p=17081"},"modified":"2023-06-26T06:44:53","modified_gmt":"2023-06-26T06:44:53","slug":"combination-air-valve","status":"publish","type":"product","link":"https:\/\/zecovalve.com\/fr\/produit\/combination-air-valve","title":{"rendered":"Vanne d&#039;air combin\u00e9e"},"content":{"rendered":"<div class=\"sep-pages-boxs bgs clearfix\">\n<div class=\"sep-container clearfix\">\n<h1 class=\"titles sizes1 cens gtj-ff-bold\">Vanne d&#039;air combin\u00e9e<\/h1>\n<div class=\"bq-sep-pro-detail-thumbs ons clearfix\">\n<div class=\"thumbs\">\n<div class=\"imgs ons\">\n<div class=\"swiper-container swiper-container-initialized swiper-container-horizontal\">\n<div class=\"swiper-wrapper\">\n<div class=\"swiper-slide swiper-slide-active\">\n<figure id=\"attachment_16966\" aria-describedby=\"caption-attachment-16966\" style=\"width: 290px\" class=\"wp-caption alignnone\"><img loading=\"lazy\" decoding=\"async\" class=\"size-medium wp-image-16966\" src=\"https:\/\/zecovalve.com\/wp-content\/uploads\/2022\/06\/combination-air-valve-300x273.jpg\" alt=\"Vanne d&#039;air combin\u00e9e\" width=\"300\" height=\"273\" srcset=\"https:\/\/zecovalve.com\/wp-content\/uploads\/2022\/06\/combination-air-valve-300x273.jpg 300w, https:\/\/zecovalve.com\/wp-content\/uploads\/2022\/06\/combination-air-valve.jpg 330w\" sizes=\"auto, (max-width: 300px) 100vw, 300px\" \/><figcaption id=\"caption-attachment-16966\" class=\"wp-caption-text\">Combinaison <a href=\"https:\/\/zecovalve.com\/fr\/what-is-an-air-valve-air-valve-types-air-release-valve.html\/\" data-internallinksmanager029f6b8e52c=\"1\" title=\"Soupape d&#039;air\" target=\"_blank\" rel=\"noopener\">Soupape d'air<\/a><\/figcaption><\/figure>\n<\/div>\n<\/div>\n<\/div>\n<div class=\"lr-lists-boxs\"><\/div>\n<\/div>\n<\/div>\n<\/div>\n<\/div>\n<\/div>\n<div class=\"sep-pages-boxs clearfix\">\n<div class=\"sep-container clearfix\">\n<div id=\"zf-nexts\" class=\"flex clearfix\">\n<div class=\"bq-zf-lefts\">\n<div class=\"richtext\">\n<h2>Caract\u00e9ristiques de la vanne d&#039;air combin\u00e9e<\/h2>\n<div class=\"text-center\">\u00a0\u00a0<img loading=\"lazy\" decoding=\"async\" class=\"alignnone size-medium wp-image-17084\" src=\"https:\/\/zecovalve.com\/wp-content\/uploads\/2022\/06\/single-body-combination-air-valve-features-300x225.png\" alt=\"\" width=\"300\" height=\"225\" srcset=\"https:\/\/zecovalve.com\/wp-content\/uploads\/2022\/06\/single-body-combination-air-valve-features-300x225.png 300w, https:\/\/zecovalve.com\/wp-content\/uploads\/2022\/06\/single-body-combination-air-valve-features.png 600w\" sizes=\"auto, (max-width: 300px) 100vw, 300px\" \/><\/div>\n<ul class=\"list-paddingleft-2\">\n<li>Aspiration \u00e0 pression n\u00e9gative \uff1b<\/li>\n<li>\u00c9chappement rapide\u00a0;<\/li>\n<li>Seul l&#039;\u00e9chappement ne s&#039;\u00e9coule pas\u00a0;<\/li>\n<li>L\u00e9ger \u00e9chappement et grand.<\/li>\n<\/ul>\n<\/div>\n<div class=\"richtext\">\n<h2>Principe de fonctionnement de la vanne d&#039;air combin\u00e9e<\/h2>\n<div class=\"text-center\"><img loading=\"lazy\" decoding=\"async\" class=\"alignnone size-medium wp-image-17082\" src=\"https:\/\/zecovalve.com\/wp-content\/uploads\/2022\/06\/combination-air-valve-principle-300x250.png\" alt=\"\" width=\"300\" height=\"250\" srcset=\"https:\/\/zecovalve.com\/wp-content\/uploads\/2022\/06\/combination-air-valve-principle-300x250.png 300w, https:\/\/zecovalve.com\/wp-content\/uploads\/2022\/06\/combination-air-valve-principle.png 600w\" sizes=\"auto, (max-width: 300px) 100vw, 300px\" \/><\/div>\n<p>Lorsque le tube commence \u00e0 injecter de l&#039;eau, le disque en position ouverte, un grand nombre d&#039;\u00e9chappement, lorsque l&#039;air s&#039;aligne, le plein d&#039;eau dans la valve, la boule flottante vers le haut et ferme la valve, arr\u00eate l&#039;\u00e9chappement, lorsque le tube d&#039;eau C&#039;est un transport normal, s&#039;il y a une petite quantit\u00e9 d&#039;air dans la valve dans une certaine mesure, les niveaux d&#039;eau chutent dans la valve, la bille flottante tombe, l&#039;air est \u00e9vacu\u00e9 des trous. Lorsque la pompe s&#039;arr\u00eate, le d\u00e9bit d&#039;eau dans le tuyau est vide ou une pression n\u00e9gative est g\u00e9n\u00e9r\u00e9e dans le tuyau. A ce moment, le bouchon est ouvert rapidement et l&#039;air est inhal\u00e9 pour assurer la s\u00e9curit\u00e9 du tuyau.<\/p>\n<\/div>\n<div class=\"richtext\">\n<h2>Installation et mise en service de vannes d&#039;air combin\u00e9es<\/h2>\n<div class=\"text-center\"><img loading=\"lazy\" decoding=\"async\" class=\"alignnone size-medium wp-image-17083\" src=\"https:\/\/zecovalve.com\/wp-content\/uploads\/2022\/06\/combination-air-valve-typical-applications-300x250.png\" alt=\"\" width=\"300\" height=\"250\" srcset=\"https:\/\/zecovalve.com\/wp-content\/uploads\/2022\/06\/combination-air-valve-typical-applications-300x250.png 300w, https:\/\/zecovalve.com\/wp-content\/uploads\/2022\/06\/combination-air-valve-typical-applications.png 600w\" sizes=\"auto, (max-width: 300px) 100vw, 300px\" \/><\/div>\n<p>Cette vanne est g\u00e9n\u00e9ralement install\u00e9e au point le plus haut du syst\u00e8me, comme par exemple en serrant le chapeau sur le corps de vanne, le\u00a0<a href=\"https:\/\/zecovalve.com\/fr\/what-is-an-air-valve-air-valve-types-air-release-valve.html\/\" data-internallinksmanager029f6b8e52c=\"1\" title=\"Soupape d&#039;air\" target=\"_blank\" rel=\"noopener\">soupape d&#039;air<\/a>\u00a0arr\u00eate l&#039;\u00e9chappement, normalement, le capot doit \u00eatre ouvert.\u00a0<a href=\"https:\/\/zecovalve.com\/fr\/what-is-an-air-valve-air-valve-types-air-release-valve.html\/\" data-internallinksmanager029f6b8e52c=\"1\" title=\"Soupape d&#039;air\" target=\"_blank\" rel=\"noopener\">Soupape d&#039;air<\/a>\u00a0peut \u00e9galement \u00eatre utilis\u00e9 avec la vanne de blocage, entretien pratique de la vanne d&#039;\u00e9chappement. Pour une utilisation sp\u00e9cifique, veuillez consulter ZECO Valve Group.<\/p>\n<\/div>\n<div class=\"richtext\">\n<h2>Mat\u00e9riau et norme de la vanne d&#039;air combin\u00e9e<\/h2>\n<p>Gamme de tailles\u00a0: 2\u2033~8\u2033<\/p>\n<p>Pression nominale\u00a0: 10 bars ~ 25 bars<\/p>\n<p>Dimensions face \u00e0 face\u00a0: AMSE B16.10, EN558-1<\/p>\n<p>Dimension d&#039;extr\u00e9mit\u00e9 de bride\u00a0: AMSE B16.1\/16.42, AS4087, EN1092-2<\/p>\n<p>Rev\u00eatement\u00a0: rev\u00eatement \u00e9poxy li\u00e9 par fusion<\/p>\n<p>Inspection et test\u00a0: ISO 5208 \/ EN 12226-2<\/p>\n<div class=\"over-tabs\">\n<table width=\"1389\">\n<tbody>\n<tr class=\"firstRow\">\n<td>Partie<\/td>\n<td>Mat\u00e9riau<\/td>\n<td>Standard<\/td>\n<\/tr>\n<tr>\n<td>Corps<\/td>\n<td>Fonte Ductile<\/td>\n<td>EN 1563\/DIN 1693<\/td>\n<\/tr>\n<tr>\n<td>Bonnet<\/td>\n<td>Fonte Ductile<\/td>\n<td>EN 1563\/DIN 1693<\/td>\n<\/tr>\n<tr>\n<td>Hotte aspirante<\/td>\n<td>Fonte Ductile<\/td>\n<td>EN 1563\/DIN 1693<\/td>\n<\/tr>\n<tr>\n<td>Ballon flottant<\/td>\n<td>Acier inoxydable 431<\/td>\n<td>EN10088-1\/ASTM A959<\/td>\n<\/tr>\n<tr>\n<td>Passoire<\/td>\n<td>Acier inoxydable 431<\/td>\n<td>EN10088-1\/ASTM A959<\/td>\n<\/tr>\n<tr>\n<td>Joint<\/td>\n<td>EPDM\/NBR<\/td>\n<td>OIN 4633<\/td>\n<\/tr>\n<tr>\n<td colspan=\"3\">Pour les options de mat\u00e9riaux non r\u00e9pertori\u00e9es, consultez l\u2019usine.<\/p>\n<p>ZECO fabrique des vannes dans plus de 50 alliages diff\u00e9rents.<\/td>\n<\/tr>\n<\/tbody>\n<\/table>\n<\/div>\n<\/div>\n<\/div>\n<\/div>\n<\/div>\n<\/div>","protected":false},"excerpt":{"rendered":"<p>Vanne d&#039;air combin\u00e9e Caract\u00e9ristiques de la vanne d&#039;air combin\u00e9e Aspiration \u00e0 pression n\u00e9gative \uff1b \u00c9chappement rapide \uff1b L&#039;\u00e9chappement uniquement ne s&#039;\u00e9vacue pas \uff1b \u00c9chappement l\u00e9ger et grand. \u2026 <a title=\"Vanne d&#039;air combin\u00e9e\" class=\"read-more\" href=\"https:\/\/zecovalve.com\/fr\/produit\/combination-air-valve\" aria-label=\"Plus sur Valve Air Combin\u00e9e\">Lire plus<\/a><\/p>","protected":false},"featured_media":27969,"comment_status":"closed","ping_status":"closed","template":"","meta":{"_generate-full-width-content":"","kt_blocks_editor_width":""},"product_cat":[2520],"product_tag":[2796,2765],"class_list":["post-17081","product","type-product","status-publish","has-post-thumbnail","hentry","product_cat-air-valve","product_tag-air-vent-valve","product_tag-vent-valve","sales-flash-overlay","woocommerce-text-align-center","woocommerce-image-align-center","do-quantity-buttons"],"featured_image_src_large":["https:\/\/zecovalve.com\/wp-content\/uploads\/2022\/06\/Combination-Air-Valve-1.jpg",800,600,false],"author_info":[],"comment_info":0,"taxonomy_info":{"product_cat":[{"value":2520,"label":"Air Valve Manufacturer and Supplier"}],"product_tag":[{"value":2796,"label":"Air Vent Valve"},{"value":2765,"label":"Vent Valve"}]},"yoast_head":"<!-- This site is optimized with the Yoast SEO Premium plugin v15.4 - https:\/\/yoast.com\/wordpress\/plugins\/seo\/ -->\n<title>Combination Air Valve - ZECO Valve<\/title>\n<meta name=\"robots\" content=\"index, follow, max-snippet:-1, max-image-preview:large, max-video-preview:-1\" \/>\n<link rel=\"canonical\" href=\"https:\/\/zecovalve.com\/fr\/produit\/combination-air-valve\" \/>\n<meta property=\"og:locale\" content=\"fr_FR\" \/>\n<meta property=\"og:type\" content=\"article\" \/>\n<meta property=\"og:title\" content=\"Combination Air Valve - ZECO Valve\" \/>\n<meta property=\"og:description\" content=\"Combination Air Valve Festures of Combination Air Valve \u00a0\u00a0 Suction at negative pressure\uff1b Fast exhaust\uff1b Exhaust only does not drain\uff1b Slight\u00a0exhaust\u00a0and large. ... Lire plus\" \/>\n<meta property=\"og:url\" content=\"https:\/\/zecovalve.com\/fr\/produit\/combination-air-valve\" \/>\n<meta property=\"og:site_name\" content=\"ZECO Valve\" \/>\n<meta property=\"article:modified_time\" content=\"2023-06-26T06:44:53+00:00\" \/>\n<meta property=\"og:image\" content=\"https:\/\/zecovalve.com\/wp-content\/uploads\/2022\/06\/Combination-Air-Valve-1.jpg\" \/>\n\t<meta property=\"og:image:width\" content=\"800\" \/>\n\t<meta property=\"og:image:height\" content=\"600\" \/>\n<meta name=\"twitter:card\" content=\"summary_large_image\" \/>\n<meta name=\"twitter:label1\" content=\"\u00c9crit par\">\n\t<meta name=\"twitter:data1\" content=\"Jerry\">\n\t<meta name=\"twitter:label2\" content=\"Dur\u00e9e de lecture estim\u00e9e\">\n\t<meta name=\"twitter:data2\" content=\"1 minute\">\n<script type=\"application\/ld+json\" class=\"yoast-schema-graph\">{\"@context\":\"https:\/\/schema.org\",\"@graph\":[{\"@type\":\"WebSite\",\"@id\":\"https:\/\/zecovalve.com\/#website\",\"url\":\"https:\/\/zecovalve.com\/\",\"name\":\"ZECO Valve\",\"description\":\"Industrial Ball Valve, Gate Valve and Globe Valve Manufacturer\",\"potentialAction\":[{\"@type\":\"SearchAction\",\"target\":\"https:\/\/zecovalve.com\/?s={search_term_string}\",\"query-input\":\"required name=search_term_string\"}],\"inLanguage\":\"fr-FR\"},{\"@type\":\"ImageObject\",\"@id\":\"https:\/\/zecovalve.com\/product\/combination-air-valve#primaryimage\",\"inLanguage\":\"fr-FR\",\"url\":\"https:\/\/zecovalve.com\/wp-content\/uploads\/2022\/06\/Combination-Air-Valve-1.jpg\",\"width\":800,\"height\":600,\"caption\":\"Combination Air Valve\"},{\"@type\":\"WebPage\",\"@id\":\"https:\/\/zecovalve.com\/product\/combination-air-valve#webpage\",\"url\":\"https:\/\/zecovalve.com\/product\/combination-air-valve\",\"name\":\"Combination Air Valve - ZECO Valve\",\"isPartOf\":{\"@id\":\"https:\/\/zecovalve.com\/#website\"},\"primaryImageOfPage\":{\"@id\":\"https:\/\/zecovalve.com\/product\/combination-air-valve#primaryimage\"},\"datePublished\":\"2022-06-27T05:52:25+00:00\",\"dateModified\":\"2023-06-26T06:44:53+00:00\",\"breadcrumb\":{\"@id\":\"https:\/\/zecovalve.com\/product\/combination-air-valve#breadcrumb\"},\"inLanguage\":\"fr-FR\",\"potentialAction\":[{\"@type\":\"ReadAction\",\"target\":[\"https:\/\/zecovalve.com\/product\/combination-air-valve\"]}]},{\"@type\":\"BreadcrumbList\",\"@id\":\"https:\/\/zecovalve.com\/product\/combination-air-valve#breadcrumb\",\"itemListElement\":[{\"@type\":\"ListItem\",\"position\":1,\"item\":{\"@type\":\"WebPage\",\"@id\":\"https:\/\/zecovalve.com\/\",\"url\":\"https:\/\/zecovalve.com\/\",\"name\":\"Home\"}},{\"@type\":\"ListItem\",\"position\":2,\"item\":{\"@type\":\"WebPage\",\"@id\":\"https:\/\/zecovalve.com\/product-category\",\"url\":\"https:\/\/zecovalve.com\/product-category\",\"name\":\"Industrial Valve Manufacturer | Water Valve Manufacturer\"}},{\"@type\":\"ListItem\",\"position\":3,\"item\":{\"@type\":\"WebPage\",\"@id\":\"https:\/\/zecovalve.com\/product\/combination-air-valve\",\"url\":\"https:\/\/zecovalve.com\/product\/combination-air-valve\",\"name\":\"Combination Air Valve\"}}]}]}<\/script>\n<!-- \/ Yoast SEO Premium plugin. -->","_links":{"self":[{"href":"https:\/\/zecovalve.com\/fr\/wp-json\/wp\/v2\/product\/17081","targetHints":{"allow":["GET"]}}],"collection":[{"href":"https:\/\/zecovalve.com\/fr\/wp-json\/wp\/v2\/product"}],"about":[{"href":"https:\/\/zecovalve.com\/fr\/wp-json\/wp\/v2\/types\/product"}],"replies":[{"embeddable":true,"href":"https:\/\/zecovalve.com\/fr\/wp-json\/wp\/v2\/comments?post=17081"}],"wp:featuredmedia":[{"embeddable":true,"href":"https:\/\/zecovalve.com\/fr\/wp-json\/wp\/v2\/media\/27969"}],"wp:attachment":[{"href":"https:\/\/zecovalve.com\/fr\/wp-json\/wp\/v2\/media?parent=17081"}],"wp:term":[{"taxonomy":"product_cat","embeddable":true,"href":"https:\/\/zecovalve.com\/fr\/wp-json\/wp\/v2\/product_cat?post=17081"},{"taxonomy":"product_tag","embeddable":true,"href":"https:\/\/zecovalve.com\/fr\/wp-json\/wp\/v2\/product_tag?post=17081"}],"curies":[{"name":"wp","href":"https:\/\/api.w.org\/{rel}","templated":true}]}}