{"id":17121,"date":"2022-06-27T06:51:32","date_gmt":"2022-06-27T06:51:32","guid":{"rendered":"https:\/\/zecovalve.com\/?post_type=product&#038;p=17121"},"modified":"2023-06-26T06:45:53","modified_gmt":"2023-06-26T06:45:53","slug":"double-orifice-air-release-valve","status":"publish","type":"product","link":"https:\/\/zecovalve.com\/fr\/produit\/double-orifice-air-release-valve","title":{"rendered":"Soupape de lib\u00e9ration d&#039;air \u00e0 double orifice"},"content":{"rendered":"<div class=\"sep-pages-boxs bgs clearfix\">\n<div class=\"sep-container clearfix\">\n<h1 class=\"titles sizes1 cens gtj-ff-bold\">Soupape de lib\u00e9ration d&#039;air \u00e0 double orifice<\/h1>\n<div class=\"bq-sep-pro-detail-thumbs ons clearfix\">\n<div class=\"thumbs\">\n<div class=\"imgs ons\">\n<div class=\"swiper-container swiper-container-initialized swiper-container-horizontal\">\n<div class=\"swiper-wrapper\">\n<div class=\"swiper-slide swiper-slide-active\">\n<figure id=\"attachment_16967\" aria-describedby=\"caption-attachment-16967\" style=\"width: 290px\" class=\"wp-caption alignnone\"><img loading=\"lazy\" decoding=\"async\" class=\"size-medium wp-image-16967\" src=\"https:\/\/zecovalve.com\/wp-content\/uploads\/2022\/06\/double-orifice-air-release-valve-300x273.jpg\" alt=\"Soupape de lib\u00e9ration d&#039;air \u00e0 double orifice\" width=\"300\" height=\"273\" srcset=\"https:\/\/zecovalve.com\/wp-content\/uploads\/2022\/06\/double-orifice-air-release-valve-300x273.jpg 300w, https:\/\/zecovalve.com\/wp-content\/uploads\/2022\/06\/double-orifice-air-release-valve.jpg 330w\" sizes=\"auto, (max-width: 300px) 100vw, 300px\" \/><figcaption id=\"caption-attachment-16967\" class=\"wp-caption-text\">Soupape de lib\u00e9ration d&#039;air \u00e0 double orifice<\/figcaption><\/figure>\n<\/div>\n<\/div>\n<\/div>\n<div class=\"lr-lists-boxs\"><\/div>\n<\/div>\n<\/div>\n<\/div>\n<\/div>\n<\/div>\n<div class=\"sep-pages-boxs clearfix\">\n<div class=\"sep-container clearfix\">\n<div id=\"zf-nexts\" class=\"flex clearfix\">\n<div class=\"bq-zf-lefts\">\n<div class=\"richtext\">\n<h2>Caract\u00e9ristiques de la soupape de d\u00e9charge d&#039;air \u00e0 double orifice<\/h2>\n<div class=\"text-center\"><img loading=\"lazy\" decoding=\"async\" class=\"alignnone size-medium wp-image-17122\" src=\"https:\/\/zecovalve.com\/wp-content\/uploads\/2022\/06\/double-orifice-air-release-valve-features-300x225.png\" alt=\"\" width=\"300\" height=\"225\" srcset=\"https:\/\/zecovalve.com\/wp-content\/uploads\/2022\/06\/double-orifice-air-release-valve-features-300x225.png 300w, https:\/\/zecovalve.com\/wp-content\/uploads\/2022\/06\/double-orifice-air-release-valve-features.png 600w\" sizes=\"auto, (max-width: 300px) 100vw, 300px\" \/><\/div>\n<ul class=\"list-paddingleft-2\">\n<li>Le corps est dot\u00e9 d&#039;une chambre \u00e0 air antichoc pour prot\u00e9ger le flotteur.<\/li>\n<li>La pression d&#039;eau inf\u00e9rieure peut \u00eatre ferm\u00e9e pour emp\u00eacher le drainage.<\/li>\n<li>Lorsqu&#039;il y a une pression n\u00e9gative, le piston s&#039;ouvre rapidement pour respirer\u00a0;<\/li>\n<li>Boule flottante en acier inoxydable, longue dur\u00e9e de vie.<\/li>\n<\/ul>\n<\/div>\n<div class=\"richtext\">\n<h2>Principe de fonctionnement de la soupape de d\u00e9charge d&#039;air \u00e0 double orifice<\/h2>\n<div class=\"text-center\"><img loading=\"lazy\" decoding=\"async\" class=\"alignnone size-medium wp-image-17124\" src=\"https:\/\/zecovalve.com\/wp-content\/uploads\/2022\/06\/double-orifice-air-release-valve-principle-300x225.png\" alt=\"\" width=\"300\" height=\"225\" srcset=\"https:\/\/zecovalve.com\/wp-content\/uploads\/2022\/06\/double-orifice-air-release-valve-principle-300x225.png 300w, https:\/\/zecovalve.com\/wp-content\/uploads\/2022\/06\/double-orifice-air-release-valve-principle.png 600w\" sizes=\"auto, (max-width: 300px) 100vw, 300px\" \/><\/div>\n<p>Cette valve d&#039;\u00e9chappement, bou\u00e9e, tire par gravit\u00e9 vers le bas une extr\u00e9mit\u00e9 du levier, le levier dans l&#039;\u00e9tat d&#039;inclinaison \u00e0 ce moment, dans le contact de levier et d&#039;\u00e9vent appara\u00eet un espace, l&#039;air \u00e0 travers l&#039;\u00e9vent \u00e0 travers l&#039;espace, avec la d\u00e9charge d&#039;air, le niveau d&#039;eau monter, bou\u00e9e sous l&#039;effet de la flottabilit\u00e9 de l&#039;eau flotter vers le haut, le levier sur le joint fait face \u00e0 une pression sur la porosit\u00e9, progressivement jusqu&#039;\u00e0 ce que l&#039;\u00e9vent soit compl\u00e8tement bloqu\u00e9. La soupape d&#039;\u00e9chappement est maintenant compl\u00e8tement ferm\u00e9e.<\/p>\n<\/div>\n<div class=\"richtext\">\n<h2>Installation et mise en service de la vanne de purge d&#039;air \u00e0 double orifice<\/h2>\n<div class=\"text-center\"><img loading=\"lazy\" decoding=\"async\" class=\"alignnone size-medium wp-image-17123\" src=\"https:\/\/zecovalve.com\/wp-content\/uploads\/2022\/06\/double-orifice-air-release-valve-installation-and-commissioning-300x225.png\" alt=\"\" width=\"300\" height=\"225\" srcset=\"https:\/\/zecovalve.com\/wp-content\/uploads\/2022\/06\/double-orifice-air-release-valve-installation-and-commissioning-300x225.png 300w, https:\/\/zecovalve.com\/wp-content\/uploads\/2022\/06\/double-orifice-air-release-valve-installation-and-commissioning.png 600w\" sizes=\"auto, (max-width: 300px) 100vw, 300px\" \/><\/div>\n<p>Lors de l&#039;installation de la soupape de d\u00e9charge d&#039;air \u00e0 double orifice, installez toujours une soupape de protection \u00e0 l&#039;avant pour \u00e9viter d&#039;emp\u00eacher l&#039;eau d&#039;\u00eatre test\u00e9e. Pour une utilisation sp\u00e9cifique, veuillez consulter ZECO Valve Group.<\/p>\n<\/div>\n<div class=\"richtext\">\n<h2>Mat\u00e9riau et norme de la soupape de d\u00e9charge d&#039;air \u00e0 double orifice<\/h2>\n<p>Gamme de tailles\u00a0: 2\u2033~12\u2033<\/p>\n<p>Pression nominale\u00a0: 10 bars ~ 25 bars<\/p>\n<p>Dimensions face \u00e0 face\u00a0: AMSE B16.10, EN558-1<\/p>\n<p>Dimension d&#039;extr\u00e9mit\u00e9 de bride\u00a0: AMSE B16.1\/16.42, AS4087, EN1092-2<\/p>\n<p>Rev\u00eatement\u00a0: rev\u00eatement \u00e9poxy li\u00e9 par fusion<\/p>\n<p>Inspection et test\u00a0: ISO 5208 \/ EN 12226-2<\/p>\n<div class=\"over-tabs\">\n<table width=\"1389\">\n<tbody>\n<tr class=\"firstRow\">\n<td>Partie<\/td>\n<td>Mat\u00e9riau<\/td>\n<td>Standard<\/td>\n<\/tr>\n<tr>\n<td>Corps<\/td>\n<td>Fonte Ductile<\/td>\n<td>EN 1563\/DIN 1693<\/td>\n<\/tr>\n<tr>\n<td>Bonnet<\/td>\n<td>Fonte Ductile<\/td>\n<td>EN 1563\/DIN 1693<\/td>\n<\/tr>\n<tr>\n<td>Hotte aspirante<\/td>\n<td>Fonte Ductile<\/td>\n<td>EN 1563\/DIN 1693<\/td>\n<\/tr>\n<tr>\n<td>Ballon flottant<\/td>\n<td>Acier inoxydable 431<\/td>\n<td>EN10088-1\/ASTM A959<\/td>\n<\/tr>\n<tr>\n<td>Passoire<\/td>\n<td>Acier inoxydable 431<\/td>\n<td>EN10088-1\/ASTM A959<\/td>\n<\/tr>\n<tr>\n<td>R\u00e9servoir<\/td>\n<td>EPDM\/NBR<\/td>\n<td>OIN 4633<\/td>\n<\/tr>\n<tr>\n<td colspan=\"3\">Pour les options de mat\u00e9riaux non r\u00e9pertori\u00e9es, consultez l\u2019usine.<\/p>\n<p>ZECO fabrique des vannes dans plus de 50 alliages diff\u00e9rents.<\/td>\n<\/tr>\n<\/tbody>\n<\/table>\n<\/div>\n<\/div>\n<\/div>\n<\/div>\n<\/div>\n<\/div>","protected":false},"excerpt":{"rendered":"<p>Soupape de lib\u00e9ration d&#039;air \u00e0 double orifice Les caract\u00e9ristiques du corps de la soupape de lib\u00e9ration d&#039;air \u00e0 double orifice sont fournies avec une chambre \u00e0 air antichoc pour prot\u00e9ger \u2026 <a title=\"Soupape de lib\u00e9ration d&#039;air \u00e0 double orifice\" class=\"read-more\" href=\"https:\/\/zecovalve.com\/fr\/produit\/double-orifice-air-release-valve\" aria-label=\"Plus sur Double Orifice Air Release Valve\">Lire plus<\/a><\/p>","protected":false},"featured_media":27970,"comment_status":"closed","ping_status":"closed","template":"","meta":{"_generate-full-width-content":"","kt_blocks_editor_width":""},"product_cat":[2520],"product_tag":[2796,2765],"class_list":["post-17121","product","type-product","status-publish","has-post-thumbnail","hentry","product_cat-air-valve","product_tag-air-vent-valve","product_tag-vent-valve","sales-flash-overlay","woocommerce-text-align-center","woocommerce-image-align-center","do-quantity-buttons"],"featured_image_src_large":["https:\/\/zecovalve.com\/wp-content\/uploads\/2022\/06\/Doulbe-Orifice-Air-Release-Valve.jpg",800,600,false],"author_info":[],"comment_info":0,"taxonomy_info":{"product_cat":[{"value":2520,"label":"Air Valve Manufacturer and Supplier"}],"product_tag":[{"value":2796,"label":"Air Vent Valve"},{"value":2765,"label":"Vent Valve"}]},"yoast_head":"<!-- This site is optimized with the Yoast SEO Premium plugin v15.4 - https:\/\/yoast.com\/wordpress\/plugins\/seo\/ -->\n<title>Double Orifice Air Release Valve - ZECO Valve<\/title>\n<meta name=\"robots\" content=\"index, follow, max-snippet:-1, max-image-preview:large, max-video-preview:-1\" \/>\n<link rel=\"canonical\" href=\"https:\/\/zecovalve.com\/fr\/produit\/double-orifice-air-release-valve\" \/>\n<meta property=\"og:locale\" content=\"fr_FR\" \/>\n<meta property=\"og:type\" content=\"article\" \/>\n<meta property=\"og:title\" content=\"Double Orifice Air Release Valve - ZECO Valve\" \/>\n<meta property=\"og:description\" content=\"Double Orifice Air Release Valve Festures of Double Orifice Air Release Valve Body is provided with a shock-proof inner tube to protect ... Lire plus\" \/>\n<meta property=\"og:url\" content=\"https:\/\/zecovalve.com\/fr\/produit\/double-orifice-air-release-valve\" \/>\n<meta property=\"og:site_name\" content=\"ZECO Valve\" \/>\n<meta property=\"article:modified_time\" content=\"2023-06-26T06:45:53+00:00\" \/>\n<meta property=\"og:image\" content=\"https:\/\/zecovalve.com\/wp-content\/uploads\/2022\/06\/Doulbe-Orifice-Air-Release-Valve.jpg\" \/>\n\t<meta property=\"og:image:width\" content=\"800\" \/>\n\t<meta property=\"og:image:height\" content=\"600\" \/>\n<meta name=\"twitter:card\" content=\"summary_large_image\" \/>\n<meta name=\"twitter:label1\" content=\"\u00c9crit par\">\n\t<meta name=\"twitter:data1\" content=\"Jerry\">\n\t<meta name=\"twitter:label2\" content=\"Dur\u00e9e de lecture estim\u00e9e\">\n\t<meta name=\"twitter:data2\" content=\"1 minute\">\n<script type=\"application\/ld+json\" class=\"yoast-schema-graph\">{\"@context\":\"https:\/\/schema.org\",\"@graph\":[{\"@type\":\"WebSite\",\"@id\":\"https:\/\/zecovalve.com\/#website\",\"url\":\"https:\/\/zecovalve.com\/\",\"name\":\"ZECO Valve\",\"description\":\"Industrial Ball Valve, Gate Valve and Globe Valve Manufacturer\",\"potentialAction\":[{\"@type\":\"SearchAction\",\"target\":\"https:\/\/zecovalve.com\/?s={search_term_string}\",\"query-input\":\"required name=search_term_string\"}],\"inLanguage\":\"fr-FR\"},{\"@type\":\"ImageObject\",\"@id\":\"https:\/\/zecovalve.com\/product\/double-orifice-air-release-valve#primaryimage\",\"inLanguage\":\"fr-FR\",\"url\":\"https:\/\/zecovalve.com\/wp-content\/uploads\/2022\/06\/Doulbe-Orifice-Air-Release-Valve.jpg\",\"width\":800,\"height\":600,\"caption\":\"Doulbe Orifice Air Release Valve\"},{\"@type\":\"WebPage\",\"@id\":\"https:\/\/zecovalve.com\/product\/double-orifice-air-release-valve#webpage\",\"url\":\"https:\/\/zecovalve.com\/product\/double-orifice-air-release-valve\",\"name\":\"Double Orifice Air Release Valve - ZECO Valve\",\"isPartOf\":{\"@id\":\"https:\/\/zecovalve.com\/#website\"},\"primaryImageOfPage\":{\"@id\":\"https:\/\/zecovalve.com\/product\/double-orifice-air-release-valve#primaryimage\"},\"datePublished\":\"2022-06-27T06:51:32+00:00\",\"dateModified\":\"2023-06-26T06:45:53+00:00\",\"breadcrumb\":{\"@id\":\"https:\/\/zecovalve.com\/product\/double-orifice-air-release-valve#breadcrumb\"},\"inLanguage\":\"fr-FR\",\"potentialAction\":[{\"@type\":\"ReadAction\",\"target\":[\"https:\/\/zecovalve.com\/product\/double-orifice-air-release-valve\"]}]},{\"@type\":\"BreadcrumbList\",\"@id\":\"https:\/\/zecovalve.com\/product\/double-orifice-air-release-valve#breadcrumb\",\"itemListElement\":[{\"@type\":\"ListItem\",\"position\":1,\"item\":{\"@type\":\"WebPage\",\"@id\":\"https:\/\/zecovalve.com\/\",\"url\":\"https:\/\/zecovalve.com\/\",\"name\":\"Home\"}},{\"@type\":\"ListItem\",\"position\":2,\"item\":{\"@type\":\"WebPage\",\"@id\":\"https:\/\/zecovalve.com\/product-category\",\"url\":\"https:\/\/zecovalve.com\/product-category\",\"name\":\"Industrial Valve Manufacturer | Water Valve Manufacturer\"}},{\"@type\":\"ListItem\",\"position\":3,\"item\":{\"@type\":\"WebPage\",\"@id\":\"https:\/\/zecovalve.com\/product\/double-orifice-air-release-valve\",\"url\":\"https:\/\/zecovalve.com\/product\/double-orifice-air-release-valve\",\"name\":\"Double Orifice Air Release Valve\"}}]}]}<\/script>\n<!-- \/ Yoast SEO Premium plugin. -->","_links":{"self":[{"href":"https:\/\/zecovalve.com\/fr\/wp-json\/wp\/v2\/product\/17121","targetHints":{"allow":["GET"]}}],"collection":[{"href":"https:\/\/zecovalve.com\/fr\/wp-json\/wp\/v2\/product"}],"about":[{"href":"https:\/\/zecovalve.com\/fr\/wp-json\/wp\/v2\/types\/product"}],"replies":[{"embeddable":true,"href":"https:\/\/zecovalve.com\/fr\/wp-json\/wp\/v2\/comments?post=17121"}],"wp:featuredmedia":[{"embeddable":true,"href":"https:\/\/zecovalve.com\/fr\/wp-json\/wp\/v2\/media\/27970"}],"wp:attachment":[{"href":"https:\/\/zecovalve.com\/fr\/wp-json\/wp\/v2\/media?parent=17121"}],"wp:term":[{"taxonomy":"product_cat","embeddable":true,"href":"https:\/\/zecovalve.com\/fr\/wp-json\/wp\/v2\/product_cat?post=17121"},{"taxonomy":"product_tag","embeddable":true,"href":"https:\/\/zecovalve.com\/fr\/wp-json\/wp\/v2\/product_tag?post=17121"}],"curies":[{"name":"wp","href":"https:\/\/api.w.org\/{rel}","templated":true}]}}