{"id":17145,"date":"2022-06-27T08:01:07","date_gmt":"2022-06-27T08:01:07","guid":{"rendered":"https:\/\/zecovalve.com\/?post_type=product&#038;p=17145"},"modified":"2023-06-15T13:12:49","modified_gmt":"2023-06-15T13:12:49","slug":"knife-gate-valve","status":"publish","type":"product","link":"https:\/\/zecovalve.com\/fr\/produit\/knife-gate-valve","title":{"rendered":"Vanne \u00e0 guillotine"},"content":{"rendered":"<div class=\"sep-pages-boxs bgs clearfix\">\n<div class=\"sep-container clearfix\">\n<h1 class=\"titles sizes1 cens gtj-ff-bold\"><\/h1>\n<div class=\"bq-sep-pro-detail-thumbs ons clearfix\">\n<div class=\"thumbs\">\n<div class=\"imgs ons\">\n<div class=\"swiper-container swiper-container-initialized swiper-container-horizontal\">\n<div class=\"swiper-wrapper\">\n<div class=\"swiper-slide swiper-slide-active\">\n<p><img loading=\"lazy\" decoding=\"async\" class=\"wp-image-27894 size-medium\" src=\"https:\/\/zecovalve.com\/wp-content\/uploads\/2022\/06\/Knife-Gate-Valve-4-300x225.jpg\" alt=\"Vanne \u00e0 guillotine\" width=\"300\" height=\"225\" srcset=\"https:\/\/zecovalve.com\/wp-content\/uploads\/2022\/06\/Knife-Gate-Valve-4-300x225.jpg 300w, https:\/\/zecovalve.com\/wp-content\/uploads\/2022\/06\/Knife-Gate-Valve-4-768x576.jpg 768w, https:\/\/zecovalve.com\/wp-content\/uploads\/2022\/06\/Knife-Gate-Valve-4-600x450.jpg 600w, https:\/\/zecovalve.com\/wp-content\/uploads\/2022\/06\/Knife-Gate-Valve-4.jpg 800w\" sizes=\"auto, (max-width: 300px) 100vw, 300px\" \/><\/p>\n<\/div>\n<\/div>\n<\/div>\n<\/div>\n<\/div>\n<\/div>\n<\/div>\n<\/div>\n<div class=\"sep-pages-boxs clearfix\">\n<div class=\"sep-container clearfix\">\n<div id=\"zf-nexts\" class=\"flex clearfix\">\n<div class=\"bq-zf-lefts\">\n<div class=\"richtext\">\n<h2>Caract\u00e9ristiques de la vanne \u00e0 guillotine<\/h2>\n<div class=\"text-center\"><img loading=\"lazy\" decoding=\"async\" class=\"alignnone size-medium wp-image-17146\" src=\"https:\/\/zecovalve.com\/wp-content\/uploads\/2022\/06\/knife-gate-valve-1-300x225.jpg\" alt=\"\" width=\"300\" height=\"225\" srcset=\"https:\/\/zecovalve.com\/wp-content\/uploads\/2022\/06\/knife-gate-valve-1-300x225.jpg 300w, https:\/\/zecovalve.com\/wp-content\/uploads\/2022\/06\/knife-gate-valve-1.jpg 600w\" sizes=\"auto, (max-width: 300px) 100vw, 300px\" \/><\/div>\n<ul class=\"list-paddingleft-2\">\n<li>Conception \u00e0 passage int\u00e9gral pour une capacit\u00e9 de d\u00e9bit de support \u00e9lev\u00e9e\u00a0;<\/li>\n<li>Joint en forme de U avec un bon effet d&#039;\u00e9tanch\u00e9it\u00e9\u00a0;<\/li>\n<li>Plaque de porte avec fonction de porte, bon effet d&#039;arr\u00eat, peut arr\u00eater efficacement toutes sortes de d\u00e9bris dans le support, pour r\u00e9soudre le ph\u00e9nom\u00e8ne de fuite apr\u00e8s l&#039;arr\u00eat contenant des grumeaux, des particules et des supports fibreux\u00a0;<\/li>\n<li>Capable de travailler dans des milieux sales, facile \u00e0 installer, facile \u00e0 d\u00e9monter, facile \u00e0 entretenir, sans retirer la vanne, il peut remplacer les joints de vanne, ce qui rend la maintenance de la vanne plus simple.<\/li>\n<\/ul>\n<\/div>\n<div class=\"richtext\">\n<h2>Principe de fonctionnement des vannes \u00e0 guillotine<\/h2>\n<div class=\"text-center\">\n<h2 style=\"font-family: -apple-system, system-ui, BlinkMacSystemFont, 'Segoe UI', Helvetica, Arial, sans-serif, 'Apple Color Emoji', 'Segoe UI Emoji', 'Segoe UI Symbol'; font-style: normal;\"><img loading=\"lazy\" decoding=\"async\" class=\"alignnone size-medium wp-image-17147\" style=\"font-size: 17px;\" src=\"https:\/\/zecovalve.com\/wp-content\/uploads\/2022\/06\/knife-gate-valve-2-300x225.jpg\" alt=\"\" width=\"300\" height=\"225\" srcset=\"https:\/\/zecovalve.com\/wp-content\/uploads\/2022\/06\/knife-gate-valve-2-300x225.jpg 300w, https:\/\/zecovalve.com\/wp-content\/uploads\/2022\/06\/knife-gate-valve-2.jpg 600w\" sizes=\"auto, (max-width: 300px) 100vw, 300px\" \/><\/h2>\n<\/div>\n<p>Le racleur entre le corps de la vanne et le chapeau de la vanne \u00e0 guillotine emp\u00eache les particules solides de p\u00e9n\u00e9trer dans le chapeau. La cavit\u00e9 du corps de la vanne, la configuration du si\u00e8ge et la conception du clapet inclin\u00e9 offrent des caract\u00e9ristiques emp\u00eachant l&#039;entr\u00e9e de fluides \u00e9pais (par exemple p\u00e2te, boue) ou de fluides solides (par exemple granul\u00e9s et poudres).<\/p>\n<p>La vanne \u00e0 guillotine et le si\u00e8ge sont toujours en contact \u00e9troit avec la vanne scell\u00e9e, et la vanne avec un trou de guidage avec le m\u00eame robinet-vanne \u00e0 conduit, la vanne a un diam\u00e8tre de trou rond, \u00e0 travers la porte s&#039;ouvrant et se fermant de sorte que le trou rond sur le portail et le diam\u00e8tre traversant pour faire un d\u00e9gagement complet et co\u00efncider avec l&#039;action. De plus, l&#039;avantage de la structure est que le diam\u00e8tre du corps de la vanne sans rainures, le fluide ne sera pas bloqu\u00e9 et pr\u00e9sente des caract\u00e9ristiques d&#039;\u00e9coulement sur tout le diam\u00e8tre, adapt\u00e9es \u00e0 l&#039;utilisation de fluides en poudre et en particules dans le pipeline. Sa structure d&#039;\u00e9tanch\u00e9it\u00e9 peut \u00eatre divis\u00e9e en un joint souple et une structure \u00e0 joint dur. Le si\u00e8ge de valve scell\u00e9 est con\u00e7u avec une structure mobile, avec une fonction anti-usure et de compensation automatique, donc une dur\u00e9e de vie plus longue. Lors du processus de fermeture et d&#039;ouverture, le si\u00e8ge de vanne et la plaque d&#039;obturation doivent \u00eatre proches du mouvement, de sorte que la force d&#039;ouverture et de fermeture de la vanne soit stable.<\/p>\n<\/div>\n<div class=\"richtext\">\n<h2>Installation et mise en service de vannes \u00e0 guillotine<\/h2>\n<div class=\"text-center\"><img loading=\"lazy\" decoding=\"async\" class=\"alignnone size-medium wp-image-17148\" src=\"https:\/\/zecovalve.com\/wp-content\/uploads\/2022\/06\/knife-gate-valve-3-300x225.jpg\" alt=\"\" width=\"300\" height=\"225\" srcset=\"https:\/\/zecovalve.com\/wp-content\/uploads\/2022\/06\/knife-gate-valve-3-300x225.jpg 300w, https:\/\/zecovalve.com\/wp-content\/uploads\/2022\/06\/knife-gate-valve-3.jpg 600w\" sizes=\"auto, (max-width: 300px) 100vw, 300px\" \/><\/div>\n<p>La vanne \u00e0 guillotine peut \u00eatre divis\u00e9e en vanne \u00e0 guillotine pneumatique, vanne \u00e0 guillotine \u00e9lectrique, vanne \u00e0 guillotine manuelle. Selon le mode de fonctionnement, Installation et fonctionnement selon les diff\u00e9rentes instructions d&#039;utilisation. Pour une utilisation sp\u00e9cifique, veuillez consulter Zeco Valve Group.<\/p>\n<\/div>\n<div class=\"richtext\">\n<h2>Mat\u00e9riau et norme des vannes \u00e0 guillotine<\/h2>\n<p>Gamme de tailles\u00a0: 2\u2033~48\u2033<br \/>\nPression nominale\u00a0: 10 bars ~ 20 bars<\/p>\n<p>Dimensions face \u00e0 face\u00a0: MSS SP-81-2006<\/p>\n<p>Dimension d&#039;extr\u00e9mit\u00e9 de bride\u00a0: EN1092, ASME B16.5, ASME B16.47, AS2129<\/p>\n<p>Inspection et test\u00a0: MSS SP-81-2006<\/p>\n<div class=\"over-tabs\">\n<table cellspacing=\"0\">\n<tbody>\n<tr class=\"firstRow\">\n<td valign=\"center\">Partie<\/td>\n<td valign=\"center\">Mat\u00e9riau<\/td>\n<td valign=\"center\">Standard<\/td>\n<\/tr>\n<tr>\n<td valign=\"center\">Corps<\/td>\n<td valign=\"center\">GGG40\/WCB\/CF8\/CF8M\/4A<\/td>\n<td valign=\"center\">NORME ASTM<\/td>\n<\/tr>\n<tr>\n<td valign=\"center\">Bonnet<\/td>\n<td valign=\"center\">GGG40\/WCB\/CF8\/CF8M\/4A<\/td>\n<td valign=\"center\">NORME ASTM<\/td>\n<\/tr>\n<tr>\n<td valign=\"center\">Garniture<\/td>\n<td valign=\"center\">GGG40\/WCB\/CF8\/CF8M\/4A<\/td>\n<td valign=\"center\">NORME ASTM<\/td>\n<\/tr>\n<tr>\n<td valign=\"center\">Si\u00e8ge<\/td>\n<td valign=\"center\">JOINT DUR\/EPDM<\/td>\n<td valign=\"center\">NORME ASTM<\/td>\n<\/tr>\n<tr>\n<td colspan=\"3\" valign=\"center\">Pour les options de mat\u00e9riaux non r\u00e9pertori\u00e9es, consultez l\u2019usine.<\/p>\n<p>Zeco fabrique des vannes dans plus de 50 alliages diff\u00e9rents.<\/td>\n<\/tr>\n<\/tbody>\n<\/table>\n<\/div>\n<\/div>\n<\/div>\n<\/div>\n<\/div>\n<\/div>","protected":false},"excerpt":{"rendered":"<p>Caract\u00e9ristiques de la vanne \u00e0 guillotine Conception \u00e0 passage int\u00e9gral pour une capacit\u00e9 de d\u00e9bit de fluide \u00e9lev\u00e9e\u00a0; Joint en forme de U avec un bon effet d&#039;\u00e9tanch\u00e9it\u00e9\u00a0; Plaque de portail avec\u2026 <a title=\"Vanne \u00e0 guillotine\" class=\"read-more\" href=\"https:\/\/zecovalve.com\/fr\/produit\/knife-gate-valve\" aria-label=\"Plus sur Vanne \u00e0 guillotine\">Lire plus<\/a><\/p>","protected":false},"featured_media":27894,"comment_status":"closed","ping_status":"closed","template":"","meta":{"_generate-full-width-content":"","kt_blocks_editor_width":""},"product_cat":[2510],"product_tag":[],"class_list":["post-17145","product","type-product","status-publish","has-post-thumbnail","hentry","product_cat-water-gate-valve","sales-flash-overlay","woocommerce-text-align-center","woocommerce-image-align-center","do-quantity-buttons"],"featured_image_src_large":["https:\/\/zecovalve.com\/wp-content\/uploads\/2022\/06\/Knife-Gate-Valve-4.jpg",800,600,false],"author_info":[],"comment_info":0,"taxonomy_info":{"product_cat":[{"value":2510,"label":"Water Gate Valve"}]},"yoast_head":"<!-- This site is optimized with the Yoast SEO Premium plugin v15.4 - https:\/\/yoast.com\/wordpress\/plugins\/seo\/ -->\n<title>Knife Gate Valve - ZECO Valve<\/title>\n<meta name=\"robots\" content=\"index, follow, max-snippet:-1, max-image-preview:large, max-video-preview:-1\" \/>\n<link rel=\"canonical\" href=\"https:\/\/zecovalve.com\/fr\/produit\/knife-gate-valve\" \/>\n<meta property=\"og:locale\" content=\"fr_FR\" \/>\n<meta property=\"og:type\" content=\"article\" \/>\n<meta property=\"og:title\" content=\"Knife Gate Valve - ZECO Valve\" \/>\n<meta property=\"og:description\" content=\"Features of Knife Gate Valve Full bore design for high media throughput capacity; U-shaped gasket with good sealing effect; Gate plate with ... Lire plus\" \/>\n<meta property=\"og:url\" content=\"https:\/\/zecovalve.com\/fr\/produit\/knife-gate-valve\" \/>\n<meta property=\"og:site_name\" content=\"ZECO Valve\" \/>\n<meta property=\"article:modified_time\" content=\"2023-06-15T13:12:49+00:00\" \/>\n<meta property=\"og:image\" content=\"https:\/\/zecovalve.com\/wp-content\/uploads\/2022\/06\/Knife-Gate-Valve-4.jpg\" \/>\n\t<meta property=\"og:image:width\" content=\"800\" \/>\n\t<meta property=\"og:image:height\" content=\"600\" \/>\n<meta name=\"twitter:card\" content=\"summary_large_image\" \/>\n<meta name=\"twitter:label1\" content=\"\u00c9crit par\">\n\t<meta name=\"twitter:data1\" content=\"Jerry\">\n\t<meta name=\"twitter:label2\" content=\"Dur\u00e9e de lecture estim\u00e9e\">\n\t<meta name=\"twitter:data2\" content=\"2 minutes\">\n<script type=\"application\/ld+json\" class=\"yoast-schema-graph\">{\"@context\":\"https:\/\/schema.org\",\"@graph\":[{\"@type\":\"WebSite\",\"@id\":\"https:\/\/zecovalve.com\/#website\",\"url\":\"https:\/\/zecovalve.com\/\",\"name\":\"ZECO Valve\",\"description\":\"Industrial Ball Valve, Gate Valve and Globe Valve Manufacturer\",\"potentialAction\":[{\"@type\":\"SearchAction\",\"target\":\"https:\/\/zecovalve.com\/?s={search_term_string}\",\"query-input\":\"required name=search_term_string\"}],\"inLanguage\":\"fr-FR\"},{\"@type\":\"ImageObject\",\"@id\":\"https:\/\/zecovalve.com\/product\/knife-gate-valve#primaryimage\",\"inLanguage\":\"fr-FR\",\"url\":\"https:\/\/zecovalve.com\/wp-content\/uploads\/2022\/06\/Knife-Gate-Valve-4.jpg\",\"width\":800,\"height\":600,\"caption\":\"Knife Gate Valve\"},{\"@type\":\"WebPage\",\"@id\":\"https:\/\/zecovalve.com\/product\/knife-gate-valve#webpage\",\"url\":\"https:\/\/zecovalve.com\/product\/knife-gate-valve\",\"name\":\"Knife Gate Valve - ZECO Valve\",\"isPartOf\":{\"@id\":\"https:\/\/zecovalve.com\/#website\"},\"primaryImageOfPage\":{\"@id\":\"https:\/\/zecovalve.com\/product\/knife-gate-valve#primaryimage\"},\"datePublished\":\"2022-06-27T08:01:07+00:00\",\"dateModified\":\"2023-06-15T13:12:49+00:00\",\"breadcrumb\":{\"@id\":\"https:\/\/zecovalve.com\/product\/knife-gate-valve#breadcrumb\"},\"inLanguage\":\"fr-FR\",\"potentialAction\":[{\"@type\":\"ReadAction\",\"target\":[\"https:\/\/zecovalve.com\/product\/knife-gate-valve\"]}]},{\"@type\":\"BreadcrumbList\",\"@id\":\"https:\/\/zecovalve.com\/product\/knife-gate-valve#breadcrumb\",\"itemListElement\":[{\"@type\":\"ListItem\",\"position\":1,\"item\":{\"@type\":\"WebPage\",\"@id\":\"https:\/\/zecovalve.com\/\",\"url\":\"https:\/\/zecovalve.com\/\",\"name\":\"Home\"}},{\"@type\":\"ListItem\",\"position\":2,\"item\":{\"@type\":\"WebPage\",\"@id\":\"https:\/\/zecovalve.com\/product-category\",\"url\":\"https:\/\/zecovalve.com\/product-category\",\"name\":\"Industrial Valve Manufacturer | Water Valve Manufacturer\"}},{\"@type\":\"ListItem\",\"position\":3,\"item\":{\"@type\":\"WebPage\",\"@id\":\"https:\/\/zecovalve.com\/product\/knife-gate-valve\",\"url\":\"https:\/\/zecovalve.com\/product\/knife-gate-valve\",\"name\":\"Knife Gate Valve\"}}]}]}<\/script>\n<!-- \/ Yoast SEO Premium plugin. -->","_links":{"self":[{"href":"https:\/\/zecovalve.com\/fr\/wp-json\/wp\/v2\/product\/17145","targetHints":{"allow":["GET"]}}],"collection":[{"href":"https:\/\/zecovalve.com\/fr\/wp-json\/wp\/v2\/product"}],"about":[{"href":"https:\/\/zecovalve.com\/fr\/wp-json\/wp\/v2\/types\/product"}],"replies":[{"embeddable":true,"href":"https:\/\/zecovalve.com\/fr\/wp-json\/wp\/v2\/comments?post=17145"}],"wp:featuredmedia":[{"embeddable":true,"href":"https:\/\/zecovalve.com\/fr\/wp-json\/wp\/v2\/media\/27894"}],"wp:attachment":[{"href":"https:\/\/zecovalve.com\/fr\/wp-json\/wp\/v2\/media?parent=17145"}],"wp:term":[{"taxonomy":"product_cat","embeddable":true,"href":"https:\/\/zecovalve.com\/fr\/wp-json\/wp\/v2\/product_cat?post=17145"},{"taxonomy":"product_tag","embeddable":true,"href":"https:\/\/zecovalve.com\/fr\/wp-json\/wp\/v2\/product_tag?post=17145"}],"curies":[{"name":"wp","href":"https:\/\/api.w.org\/{rel}","templated":true}]}}