{"id":17206,"date":"2022-06-27T09:26:51","date_gmt":"2022-06-27T09:26:51","guid":{"rendered":"https:\/\/zecovalve.com\/?post_type=product&#038;p=17206"},"modified":"2023-06-26T05:40:05","modified_gmt":"2023-06-26T05:40:05","slug":"pressure-reducing-valve","status":"publish","type":"product","link":"https:\/\/zecovalve.com\/fr\/produit\/pressure-reducing-valve","title":{"rendered":"D\u00e9tendeur"},"content":{"rendered":"<div class=\"sep-pages-boxs bgs clearfix\">\n<div class=\"sep-container clearfix\">\n<h1 class=\"titles sizes1 cens gtj-ff-bold\">D\u00e9tendeur<\/h1>\n<div class=\"bq-sep-pro-detail-thumbs ons clearfix\">\n<div class=\"thumbs\">\n<div class=\"imgs ons\">\n<div class=\"swiper-container swiper-container-initialized swiper-container-horizontal\">\n<div class=\"swiper-wrapper\">\n<div class=\"swiper-slide swiper-slide-active\">\n<figure id=\"attachment_17014\" aria-describedby=\"caption-attachment-17014\" style=\"width: 290px\" class=\"wp-caption alignnone\"><img loading=\"lazy\" decoding=\"async\" class=\"size-medium wp-image-17014\" src=\"https:\/\/zecovalve.com\/wp-content\/uploads\/2022\/06\/pressure-reducing-valve-1-300x273.jpg\" alt=\"D\u00e9tendeur\" width=\"300\" height=\"273\" srcset=\"https:\/\/zecovalve.com\/wp-content\/uploads\/2022\/06\/pressure-reducing-valve-1-300x273.jpg 300w, https:\/\/zecovalve.com\/wp-content\/uploads\/2022\/06\/pressure-reducing-valve-1.jpg 330w\" sizes=\"auto, (max-width: 300px) 100vw, 300px\" \/><figcaption id=\"caption-attachment-17014\" class=\"wp-caption-text\"><a href=\"https:\/\/zecovalve.com\/fr\/water-pressure-reducing-valve-manufacturer-zeco-valve.html\/\" data-internallinksmanager029f6b8e52c=\"8\" title=\"D\u00e9tendeur\" target=\"_blank\" rel=\"noopener\">D\u00e9tendeur<\/a><\/figcaption><\/figure>\n<\/div>\n<\/div>\n<\/div>\n<div class=\"lr-lists-boxs\"><\/div>\n<\/div>\n<\/div>\n<\/div>\n<\/div>\n<\/div>\n<div class=\"sep-pages-boxs clearfix\">\n<div class=\"sep-container clearfix\">\n<div id=\"zf-nexts\" class=\"flex clearfix\">\n<div class=\"bq-zf-lefts\">\n<div class=\"richtext\">\n<h2>Caract\u00e9ristiques de la vanne de r\u00e9gulation de r\u00e9duction de pression<\/h2>\n<div class=\"text-center\"><img loading=\"lazy\" decoding=\"async\" class=\"alignnone size-medium wp-image-17053\" src=\"https:\/\/zecovalve.com\/wp-content\/uploads\/2022\/06\/surge-anticipating-valve-features-300x225.png\" alt=\"\" width=\"300\" height=\"225\" srcset=\"https:\/\/zecovalve.com\/wp-content\/uploads\/2022\/06\/surge-anticipating-valve-features-300x225.png 300w, https:\/\/zecovalve.com\/wp-content\/uploads\/2022\/06\/surge-anticipating-valve-features.png 600w\" sizes=\"auto, (max-width: 300px) 100vw, 300px\" \/><\/div>\n<ul class=\"list-paddingleft-2\">\n<li>Contr\u00f4le de pression sensible et pr\u00e9cis<\/li>\n<li>Pression statique et pression dynamique r\u00e9glables<\/li>\n<li>La pression de sortie ne fluctue pas avec la pression d&#039;entr\u00e9e<\/li>\n<li>Port complet, petite r\u00e9sistance aux fluides<\/li>\n<\/ul>\n<\/div>\n<div class=\"richtext\">\n<h2>Principe de fonctionnement du r\u00e9ducteur de pression<\/h2>\n<div class=\"text-center\">\u00a0<img loading=\"lazy\" decoding=\"async\" class=\"alignnone size-medium wp-image-17208\" src=\"https:\/\/zecovalve.com\/wp-content\/uploads\/2022\/06\/pressure-reducing-control-valve-working-principle-300x225.jpg\" alt=\"\" width=\"300\" height=\"225\" srcset=\"https:\/\/zecovalve.com\/wp-content\/uploads\/2022\/06\/pressure-reducing-control-valve-working-principle-300x225.jpg 300w, https:\/\/zecovalve.com\/wp-content\/uploads\/2022\/06\/pressure-reducing-control-valve-working-principle.jpg 482w\" sizes=\"auto, (max-width: 300px) 100vw, 300px\" \/><\/div>\n<p>Lorsque l&#039;eau traverse la vanne, l&#039;eau s&#039;\u00e9coule dans la chambre de commande de la vanne principale via la vanne \u00e0 pointeau et la pression de sortie est impos\u00e9e \u00e0 la vanne pilote via le conduit de guidage. Lorsque la pression de sortie est sup\u00e9rieure \u00e0 la pression r\u00e9gl\u00e9e de la vanne pilote, la pression de sortie n&#039;augmente plus\u00a0; lorsque la pression de sortie de la vanne diminue jusqu&#039;\u00e0 la pression r\u00e9gl\u00e9e de la vanne pilote, la vanne pilote s&#039;ouvre et l&#039;eau est \u00e9vacu\u00e9e hors de la chambre de commande. \u00c9tant donn\u00e9 que l&#039;eau \u00e9vacu\u00e9e du syst\u00e8me de vanne pilote est sup\u00e9rieure \u00e0 l&#039;arriv\u00e9e d&#039;eau, la pression dans la chambre de commande de la vanne principale diminue. La pression d&#039;entr\u00e9e force la vanne principale \u00e0 s&#039;ouvrir. Dans un \u00e9tat stable, l\u2019entr\u00e9e d\u2019eau et l\u2019eau \u00e9vacu\u00e9e de la chambre de contr\u00f4le sont \u00e9gales. L&#039;ouverture de la vanne principale reste constante, avec une pression de sortie stable.<\/p>\n<\/div>\n<div class=\"richtext\">\n<h2>Installation et mise en service d\u2019un r\u00e9ducteur de pression<\/h2>\n<div class=\"text-center\"><img loading=\"lazy\" decoding=\"async\" class=\"alignnone size-medium wp-image-17207\" src=\"https:\/\/zecovalve.com\/wp-content\/uploads\/2022\/06\/pressure-reducing-control-valve-installation-300x225.jpg\" alt=\"\" width=\"300\" height=\"225\" srcset=\"https:\/\/zecovalve.com\/wp-content\/uploads\/2022\/06\/pressure-reducing-control-valve-installation-300x225.jpg 300w, https:\/\/zecovalve.com\/wp-content\/uploads\/2022\/06\/pressure-reducing-control-valve-installation.jpg 489w\" sizes=\"auto, (max-width: 300px) 100vw, 300px\" \/><\/div>\n<p>Pour faciliter l&#039;utilisation, le r\u00e9glage et l&#039;entretien, le <a href=\"https:\/\/zecovalve.com\/fr\/water-pressure-reducing-valve-manufacturer-zeco-valve.html\/\" data-internallinksmanager029f6b8e52c=\"8\" title=\"D\u00e9tendeur\" target=\"_blank\" rel=\"noopener\">d\u00e9tendeur<\/a> est g\u00e9n\u00e9ralement install\u00e9 sur un tuyau horizontal avec un support de secours <a href=\"https:\/\/zecovalve.com\/fr\/water-pressure-reducing-valve-manufacturer-zeco-valve.html\/\" data-internallinksmanager029f6b8e52c=\"8\" title=\"D\u00e9tendeur\" target=\"_blank\" rel=\"noopener\">d\u00e9tendeur<\/a> groupe. Chaque qualit\u00e9 de printemps du <a href=\"https:\/\/zecovalve.com\/fr\/water-pressure-reducing-valve-manufacturer-zeco-valve.html\/\" data-internallinksmanager029f6b8e52c=\"8\" title=\"D\u00e9tendeur\" target=\"_blank\" rel=\"noopener\">d\u00e9tendeur<\/a> \u00a0ne peut s&#039;appliquer que dans une certaine plage de pression de sortie, et la pression de sortie ne peut \u00eatre r\u00e9gl\u00e9e qu&#039;en ajustant le ressort de la vanne pilote. Pour une utilisation sp\u00e9cifique, veuillez consulter ZECO Valve Group.<\/p>\n<\/div>\n<div class=\"richtext\">\n<h2>Mat\u00e9riau et norme du r\u00e9ducteur de pression<\/h2>\n<p>Gamme de tailles\u00a0: 2\u2033~24\u2033<\/p>\n<p>Pression nominale\u00a0: 10 bars ~ 25 bars<\/p>\n<p>Dimensions face \u00e0 face\u00a0: AMSE B16.10, EN558-1<\/p>\n<p>Dimension d&#039;extr\u00e9mit\u00e9 de bride\u00a0: AMSE B16.1\/16.42, AS4087, EN1092-2<\/p>\n<p>Rev\u00eatement\u00a0: rev\u00eatement \u00e9poxy li\u00e9 par fusion<\/p>\n<p>Inspection et test\u00a0: ISO 5208 \/ EN 12226-2<\/p>\n<div class=\"over-tabs\">\n<table width=\"1248\">\n<tbody>\n<tr class=\"firstRow\">\n<td>Partie<\/td>\n<td>Mat\u00e9riau<\/td>\n<td>Standard<\/td>\n<\/tr>\n<tr>\n<td>Corps<\/td>\n<td>Fonte Ductile<\/td>\n<td>EN 1563\/DIN 1693<\/td>\n<\/tr>\n<tr>\n<td>Bonnet<\/td>\n<td>Fonte Ductile<\/td>\n<td>EN 1563\/DIN 1693<\/td>\n<\/tr>\n<tr>\n<td>Garniture<\/td>\n<td>Acier inoxydable 431<\/td>\n<td>EN10088-1\/ASTM A959<\/td>\n<\/tr>\n<tr>\n<td>Si\u00e8ge<\/td>\n<td>Acier inoxydable 431<\/td>\n<td>EN10088-1\/ASTM A959<\/td>\n<\/tr>\n<tr>\n<td>Diaphragme<\/td>\n<td>EPDM\/NBR<\/td>\n<td>OIN 4633<\/td>\n<\/tr>\n<tr>\n<td>Vanne pilote<\/td>\n<td>Acier inoxydable 431<\/td>\n<td>EN10088-1\/ASTM A959<\/td>\n<\/tr>\n<tr>\n<td colspan=\"3\">Pour les options de mat\u00e9riaux non r\u00e9pertori\u00e9es, consultez l\u2019usine.<\/p>\n<p>ZECO fabrique des vannes dans plus de 50 alliages diff\u00e9rents.<\/td>\n<\/tr>\n<\/tbody>\n<\/table>\n<\/div>\n<\/div>\n<\/div>\n<\/div>\n<\/div>\n<\/div>","protected":false},"excerpt":{"rendered":"<p>Soupape de r\u00e9duction de pression Caract\u00e9ristiques de la soupape de commande de r\u00e9duction de pression Contr\u00f4le de pression sensible et pr\u00e9cis Pression statique et pression dynamique r\u00e9glables Pression de sortie \u2026 <a title=\"D\u00e9tendeur\" class=\"read-more\" href=\"https:\/\/zecovalve.com\/fr\/produit\/pressure-reducing-valve\" aria-label=\"Plus sur R\u00e9ducteur de Pression\">Lire plus<\/a><\/p>","protected":false},"featured_media":27951,"comment_status":"closed","ping_status":"closed","template":"","meta":{"_generate-full-width-content":"","kt_blocks_editor_width":""},"product_cat":[2597,2526],"product_tag":[2662,2805,2723],"class_list":["post-17206","product","type-product","status-publish","has-post-thumbnail","hentry","product_cat-pressure-control-valve","product_cat-water-control-valve","product_tag-pressure-control-valve","product_tag-pump-valve","product_tag-what-is-a-valve","sales-flash-overlay","woocommerce-text-align-center","woocommerce-image-align-center","do-quantity-buttons"],"featured_image_src_large":["https:\/\/zecovalve.com\/wp-content\/uploads\/2022\/06\/Pressure-Reducing-Valve-3.jpg",800,600,false],"author_info":[],"comment_info":0,"taxonomy_info":{"product_cat":[{"value":2597,"label":"Pressure Control Valve"},{"value":2526,"label":"Water Control Valve"}],"product_tag":[{"value":2662,"label":"Pressure Control Valve"},{"value":2805,"label":"Pump Valve"},{"value":2723,"label":"What is a Valve"}]},"yoast_head":"<!-- This site is optimized with the Yoast SEO Premium plugin v15.4 - https:\/\/yoast.com\/wordpress\/plugins\/seo\/ -->\n<title>Pressure Reducing Valve - ZECO Valve<\/title>\n<meta name=\"robots\" content=\"index, follow, max-snippet:-1, max-image-preview:large, max-video-preview:-1\" \/>\n<link rel=\"canonical\" href=\"https:\/\/zecovalve.com\/fr\/produit\/pressure-reducing-valve\" \/>\n<meta property=\"og:locale\" content=\"fr_FR\" \/>\n<meta property=\"og:type\" content=\"article\" \/>\n<meta property=\"og:title\" content=\"Pressure Reducing Valve - ZECO Valve\" \/>\n<meta property=\"og:description\" content=\"Pressure Reducing Valve Festures of Pressure Reducing Control Valve Sensitive and accurate pressure control Adjustable static pressure and dynamic pressure Outlet pressure ... Lire plus\" \/>\n<meta property=\"og:url\" content=\"https:\/\/zecovalve.com\/fr\/produit\/pressure-reducing-valve\" \/>\n<meta property=\"og:site_name\" content=\"ZECO Valve\" \/>\n<meta property=\"article:modified_time\" content=\"2023-06-26T05:40:05+00:00\" \/>\n<meta property=\"og:image\" content=\"https:\/\/zecovalve.com\/wp-content\/uploads\/2022\/06\/Pressure-Reducing-Valve-3.jpg\" \/>\n\t<meta property=\"og:image:width\" content=\"800\" \/>\n\t<meta property=\"og:image:height\" content=\"600\" \/>\n<meta name=\"twitter:card\" content=\"summary_large_image\" \/>\n<meta name=\"twitter:label1\" content=\"\u00c9crit par\">\n\t<meta name=\"twitter:data1\" content=\"Jerry\">\n\t<meta name=\"twitter:label2\" content=\"Dur\u00e9e de lecture estim\u00e9e\">\n\t<meta name=\"twitter:data2\" content=\"1 minute\">\n<script type=\"application\/ld+json\" class=\"yoast-schema-graph\">{\"@context\":\"https:\/\/schema.org\",\"@graph\":[{\"@type\":\"WebSite\",\"@id\":\"https:\/\/zecovalve.com\/#website\",\"url\":\"https:\/\/zecovalve.com\/\",\"name\":\"ZECO Valve\",\"description\":\"Industrial Ball Valve, Gate Valve and Globe Valve Manufacturer\",\"potentialAction\":[{\"@type\":\"SearchAction\",\"target\":\"https:\/\/zecovalve.com\/?s={search_term_string}\",\"query-input\":\"required name=search_term_string\"}],\"inLanguage\":\"fr-FR\"},{\"@type\":\"ImageObject\",\"@id\":\"https:\/\/zecovalve.com\/product\/pressure-reducing-valve#primaryimage\",\"inLanguage\":\"fr-FR\",\"url\":\"https:\/\/zecovalve.com\/wp-content\/uploads\/2022\/06\/Pressure-Reducing-Valve-3.jpg\",\"width\":800,\"height\":600,\"caption\":\"Pressure Reducing Valve\"},{\"@type\":\"WebPage\",\"@id\":\"https:\/\/zecovalve.com\/product\/pressure-reducing-valve#webpage\",\"url\":\"https:\/\/zecovalve.com\/product\/pressure-reducing-valve\",\"name\":\"Pressure Reducing Valve - ZECO Valve\",\"isPartOf\":{\"@id\":\"https:\/\/zecovalve.com\/#website\"},\"primaryImageOfPage\":{\"@id\":\"https:\/\/zecovalve.com\/product\/pressure-reducing-valve#primaryimage\"},\"datePublished\":\"2022-06-27T09:26:51+00:00\",\"dateModified\":\"2023-06-26T05:40:05+00:00\",\"breadcrumb\":{\"@id\":\"https:\/\/zecovalve.com\/product\/pressure-reducing-valve#breadcrumb\"},\"inLanguage\":\"fr-FR\",\"potentialAction\":[{\"@type\":\"ReadAction\",\"target\":[\"https:\/\/zecovalve.com\/product\/pressure-reducing-valve\"]}]},{\"@type\":\"BreadcrumbList\",\"@id\":\"https:\/\/zecovalve.com\/product\/pressure-reducing-valve#breadcrumb\",\"itemListElement\":[{\"@type\":\"ListItem\",\"position\":1,\"item\":{\"@type\":\"WebPage\",\"@id\":\"https:\/\/zecovalve.com\/\",\"url\":\"https:\/\/zecovalve.com\/\",\"name\":\"Home\"}},{\"@type\":\"ListItem\",\"position\":2,\"item\":{\"@type\":\"WebPage\",\"@id\":\"https:\/\/zecovalve.com\/product-category\",\"url\":\"https:\/\/zecovalve.com\/product-category\",\"name\":\"Industrial Valve Manufacturer | Water Valve Manufacturer\"}},{\"@type\":\"ListItem\",\"position\":3,\"item\":{\"@type\":\"WebPage\",\"@id\":\"https:\/\/zecovalve.com\/product\/pressure-reducing-valve\",\"url\":\"https:\/\/zecovalve.com\/product\/pressure-reducing-valve\",\"name\":\"Pressure Reducing Valve\"}}]}]}<\/script>\n<!-- \/ Yoast SEO Premium plugin. -->","_links":{"self":[{"href":"https:\/\/zecovalve.com\/fr\/wp-json\/wp\/v2\/product\/17206","targetHints":{"allow":["GET"]}}],"collection":[{"href":"https:\/\/zecovalve.com\/fr\/wp-json\/wp\/v2\/product"}],"about":[{"href":"https:\/\/zecovalve.com\/fr\/wp-json\/wp\/v2\/types\/product"}],"replies":[{"embeddable":true,"href":"https:\/\/zecovalve.com\/fr\/wp-json\/wp\/v2\/comments?post=17206"}],"wp:featuredmedia":[{"embeddable":true,"href":"https:\/\/zecovalve.com\/fr\/wp-json\/wp\/v2\/media\/27951"}],"wp:attachment":[{"href":"https:\/\/zecovalve.com\/fr\/wp-json\/wp\/v2\/media?parent=17206"}],"wp:term":[{"taxonomy":"product_cat","embeddable":true,"href":"https:\/\/zecovalve.com\/fr\/wp-json\/wp\/v2\/product_cat?post=17206"},{"taxonomy":"product_tag","embeddable":true,"href":"https:\/\/zecovalve.com\/fr\/wp-json\/wp\/v2\/product_tag?post=17206"}],"curies":[{"name":"wp","href":"https:\/\/api.w.org\/{rel}","templated":true}]}}