{"id":17240,"date":"2022-06-27T12:22:00","date_gmt":"2022-06-27T12:22:00","guid":{"rendered":"https:\/\/zecovalve.com\/?post_type=product&#038;p=17240"},"modified":"2023-06-26T06:05:35","modified_gmt":"2023-06-26T06:05:35","slug":"picv","status":"publish","type":"product","link":"https:\/\/zecovalve.com\/fr\/produit\/picv","title":{"rendered":"PIVC"},"content":{"rendered":"<div class=\"sep-pages-boxs bgs clearfix\">\n<div class=\"sep-container clearfix\">\n<h1 class=\"titles sizes1 cens gtj-ff-bold\">PIVC<\/h1>\n<div class=\"bq-sep-pro-detail-thumbs ons clearfix\">\n<div class=\"thumbs\">\n<div class=\"imgs ons\">\n<div class=\"swiper-container swiper-container-initialized swiper-container-horizontal\">\n<div class=\"swiper-wrapper\">\n<div class=\"swiper-slide swiper-slide-active\">\n<p><img loading=\"lazy\" decoding=\"async\" class=\"wp-image-27958 size-medium\" src=\"https:\/\/zecovalve.com\/wp-content\/uploads\/2022\/06\/PICV-300x225.jpg\" alt=\"PIVC\" width=\"300\" height=\"225\" srcset=\"https:\/\/zecovalve.com\/wp-content\/uploads\/2022\/06\/PICV-300x225.jpg 300w, https:\/\/zecovalve.com\/wp-content\/uploads\/2022\/06\/PICV-768x576.jpg 768w, https:\/\/zecovalve.com\/wp-content\/uploads\/2022\/06\/PICV-600x450.jpg 600w, https:\/\/zecovalve.com\/wp-content\/uploads\/2022\/06\/PICV.jpg 800w\" sizes=\"auto, (max-width: 300px) 100vw, 300px\" \/><\/p>\n<\/div>\n<\/div>\n<\/div>\n<div class=\"lr-lists-boxs\"><\/div>\n<\/div>\n<\/div>\n<\/div>\n<\/div>\n<\/div>\n<div class=\"sep-pages-boxs clearfix\">\n<div class=\"sep-container clearfix\">\n<div id=\"zf-nexts\" class=\"flex clearfix\">\n<div class=\"bq-zf-lefts\">\n<div class=\"richtext\">\n<h2>Caract\u00e9ristiques de la vanne de r\u00e9gulation ind\u00e9pendante de la pression<\/h2>\n<div class=\"text-center\"><\/div>\n<ul class=\"list-paddingleft-2\">\n<li>Aucune \u00e9nergie externe n&#039;est requise pour la r\u00e9gulation automatique du d\u00e9bit\u00a0;<\/li>\n<li>Ajustez automatiquement le d\u00e9bit de l&#039;\u00e9quipement ou du pipeline pour r\u00e9pondre au d\u00e9bit de conception requis\u00a0;<\/li>\n<li>Pas besoin de d\u00e9bogage de la balance avant l&#039;ex\u00e9cution du syst\u00e8me\u00a0;<\/li>\n<li>Maintenir le d\u00e9bit du tuyau constant.<\/li>\n<\/ul>\n<\/div>\n<div class=\"richtext\">\n<h2>Principe de fonctionnement du PICV<\/h2>\n<div class=\"text-center\"><\/div>\n<p>Lorsque la plage de contr\u00f4le de la diff\u00e9rence de pression est sup\u00e9rieure, le r\u00e9servoir de la vanne est compl\u00e8tement comprim\u00e9, la zone de flux transversal n&#039;est que le canal de conception minimum et le d\u00e9bit change avec la diff\u00e9rence de pression. Lorsque la diff\u00e9rence de pression se situe dans la plage de contr\u00f4le, le r\u00e9servoir de la vanne se d\u00e9place avec la diff\u00e9rence de pression, modifiant ainsi la zone d&#039;\u00e9coulement et maintenant le d\u00e9bit \u00e0 la valeur d\u00e9finie. Dans la plage de contr\u00f4le diff\u00e9rentiel de pression, la vanne est enti\u00e8rement d\u00e9ploy\u00e9e pour r\u00e9v\u00e9ler la zone de surintensit\u00e9 maximale, et le d\u00e9bit change avec la diff\u00e9rence de pression.<\/p>\n<\/div>\n<div class=\"richtext\">\n<h2>Installation et mise en service du PICV<\/h2>\n<div class=\"text-center\"><img decoding=\"async\" title=\"Installation et mise en service de vannes d&#039;\u00e9quilibrage dynamique\" src=\"https:\/\/www.zhengfengvalve.com\/uploads\/image\/20210918\/14\/dynamic-balancing-valve-installation-and-commissioning.png\" alt=\"Installation et mise en service de vannes d&#039;\u00e9quilibrage dynamique\" \/><\/div>\n<p>Cette vanne est principalement utilis\u00e9e pour la r\u00e9gulation du d\u00e9bit et l&#039;\u00e9quilibrage hydraulique. Il ne peut pas \u00eatre utilis\u00e9 comme vanne d&#039;arr\u00eat car il y a une certaine fuite lorsqu&#039;il est ferm\u00e9. Pour une utilisation sp\u00e9cifique, veuillez consulter Zeco Valve Group.<\/p>\n<\/div>\n<div class=\"richtext\">\n<h2>Mat\u00e9riau et norme PICV<\/h2>\n<p>Gamme de tailles\u00a0: 1\/2\u2033~2\u2033<br \/>\nPression nominale\u00a0: 10 bars ~ 25 bars<\/p>\n<p>Dimensions face \u00e0 face\u00a0: EN 558-1, ASME B 16.10<\/p>\n<p>Dimension d&#039;extr\u00e9mit\u00e9 de bride\u00a0: BS 21<\/p>\n<p>Inspection et test\u00a0: ISO 5208 \/ EN 12226-2<\/p>\n<div class=\"over-tabs\">\n<table cellspacing=\"0\">\n<tbody>\n<tr class=\"firstRow\">\n<td valign=\"center\">Partie<\/td>\n<td valign=\"center\">Mat\u00e9riau<\/td>\n<td valign=\"center\">Standard<\/td>\n<\/tr>\n<tr>\n<td valign=\"center\">Corps<\/td>\n<td valign=\"center\">CuZn39Pb1 \/ C37000<\/td>\n<td valign=\"center\">EN12167\/ASTM B135<\/td>\n<\/tr>\n<tr>\n<td valign=\"center\">Bonnet<\/td>\n<td valign=\"center\">CuZn39Pb1 \/ C37000<\/td>\n<td valign=\"center\">EN12167\/ASTM B135<\/td>\n<\/tr>\n<tr>\n<td valign=\"center\">Garniture<\/td>\n<td valign=\"center\">CuZn39Pb1 \/ C37000<\/td>\n<td valign=\"center\">EN12167\/ASTM B135<\/td>\n<\/tr>\n<tr>\n<td valign=\"center\">Port de mesure<\/td>\n<td valign=\"center\">CuZn39Pb1 \/ C37000<\/td>\n<td valign=\"center\">EN12167\/ASTM B135<\/td>\n<\/tr>\n<tr>\n<td valign=\"center\">Joint torique<\/td>\n<td valign=\"center\">EPDM\/NBR<\/td>\n<td valign=\"center\">OIN 4633<\/td>\n<\/tr>\n<tr>\n<td valign=\"center\">Roue \u00e0 main<\/td>\n<td valign=\"center\">Nylon<\/td>\n<td valign=\"center\">OIN 4633<\/td>\n<\/tr>\n<tr>\n<td colspan=\"3\" valign=\"center\">Pour les options de mat\u00e9riaux non r\u00e9pertori\u00e9es, consultez l\u2019usine.<\/p>\n<p>Zeco fabrique des vannes dans plus de 50 alliages diff\u00e9rents.<\/td>\n<\/tr>\n<\/tbody>\n<\/table>\n<\/div>\n<\/div>\n<\/div>\n<\/div>\n<\/div>\n<\/div>","protected":false},"excerpt":{"rendered":"<p>Caract\u00e9ristiques PICV de la vanne de r\u00e9gulation ind\u00e9pendante de la pression Aucune \u00e9nergie externe n&#039;est requise pour la r\u00e9gulation automatique du d\u00e9bit\u00a0; Ajustez automatiquement le d\u00e9bit de l\u2019\u00e9quipement ou du pipeline\u2026 <a title=\"PIVC\" class=\"read-more\" href=\"https:\/\/zecovalve.com\/fr\/produit\/picv\" aria-label=\"Plus sur PICV\">Lire plus<\/a><\/p>","protected":false},"featured_media":27958,"comment_status":"closed","ping_status":"closed","template":"","meta":{"_generate-full-width-content":"","kt_blocks_editor_width":""},"product_cat":[2512],"product_tag":[2724,2654,2766,2727],"class_list":["post-17240","product","type-product","status-publish","has-post-thumbnail","hentry","product_cat-balancing-valve","product_tag-balancing-valve","product_tag-hvac-valve","product_tag-motorised-valve","product_tag-motorized-valve","sales-flash-overlay","woocommerce-text-align-center","woocommerce-image-align-center","do-quantity-buttons"],"featured_image_src_large":["https:\/\/zecovalve.com\/wp-content\/uploads\/2022\/06\/PICV.jpg",800,600,false],"author_info":[],"comment_info":0,"taxonomy_info":{"product_cat":[{"value":2512,"label":"Balancing Valve"}],"product_tag":[{"value":2724,"label":"Balancing Valve"},{"value":2654,"label":"HVAC Valve"},{"value":2766,"label":"Motorised Valve"},{"value":2727,"label":"Motorized Valve"}]},"yoast_head":"<!-- This site is optimized with the Yoast SEO Premium plugin v15.4 - https:\/\/yoast.com\/wordpress\/plugins\/seo\/ -->\n<title>PICV - ZECO Valve<\/title>\n<meta name=\"robots\" content=\"index, follow, max-snippet:-1, max-image-preview:large, max-video-preview:-1\" \/>\n<link rel=\"canonical\" href=\"https:\/\/zecovalve.com\/fr\/produit\/picv\" \/>\n<meta property=\"og:locale\" content=\"fr_FR\" \/>\n<meta property=\"og:type\" content=\"article\" \/>\n<meta property=\"og:title\" content=\"PICV - ZECO Valve\" \/>\n<meta property=\"og:description\" content=\"PICV Features of Pressure Independent Control Valve No external energy is required for automatic flow regulation; Automatically adjust equipment or pipeline flow ... Lire plus\" \/>\n<meta property=\"og:url\" content=\"https:\/\/zecovalve.com\/fr\/produit\/picv\" \/>\n<meta property=\"og:site_name\" content=\"ZECO Valve\" \/>\n<meta property=\"article:modified_time\" content=\"2023-06-26T06:05:35+00:00\" \/>\n<meta property=\"og:image\" content=\"https:\/\/zecovalve.com\/wp-content\/uploads\/2022\/06\/PICV.jpg\" \/>\n\t<meta property=\"og:image:width\" content=\"800\" \/>\n\t<meta property=\"og:image:height\" content=\"600\" \/>\n<meta name=\"twitter:card\" content=\"summary_large_image\" \/>\n<meta name=\"twitter:label1\" content=\"\u00c9crit par\">\n\t<meta name=\"twitter:data1\" content=\"Jerry\">\n\t<meta name=\"twitter:label2\" content=\"Dur\u00e9e de lecture estim\u00e9e\">\n\t<meta name=\"twitter:data2\" content=\"1 minute\">\n<script type=\"application\/ld+json\" class=\"yoast-schema-graph\">{\"@context\":\"https:\/\/schema.org\",\"@graph\":[{\"@type\":\"WebSite\",\"@id\":\"https:\/\/zecovalve.com\/#website\",\"url\":\"https:\/\/zecovalve.com\/\",\"name\":\"ZECO Valve\",\"description\":\"Industrial Ball Valve, Gate Valve and Globe Valve Manufacturer\",\"potentialAction\":[{\"@type\":\"SearchAction\",\"target\":\"https:\/\/zecovalve.com\/?s={search_term_string}\",\"query-input\":\"required name=search_term_string\"}],\"inLanguage\":\"fr-FR\"},{\"@type\":\"ImageObject\",\"@id\":\"https:\/\/zecovalve.com\/product\/picv#primaryimage\",\"inLanguage\":\"fr-FR\",\"url\":\"https:\/\/zecovalve.com\/wp-content\/uploads\/2022\/06\/PICV.jpg\",\"width\":800,\"height\":600,\"caption\":\"PICV\"},{\"@type\":\"WebPage\",\"@id\":\"https:\/\/zecovalve.com\/product\/picv#webpage\",\"url\":\"https:\/\/zecovalve.com\/product\/picv\",\"name\":\"PICV - ZECO Valve\",\"isPartOf\":{\"@id\":\"https:\/\/zecovalve.com\/#website\"},\"primaryImageOfPage\":{\"@id\":\"https:\/\/zecovalve.com\/product\/picv#primaryimage\"},\"datePublished\":\"2022-06-27T12:22:00+00:00\",\"dateModified\":\"2023-06-26T06:05:35+00:00\",\"breadcrumb\":{\"@id\":\"https:\/\/zecovalve.com\/product\/picv#breadcrumb\"},\"inLanguage\":\"fr-FR\",\"potentialAction\":[{\"@type\":\"ReadAction\",\"target\":[\"https:\/\/zecovalve.com\/product\/picv\"]}]},{\"@type\":\"BreadcrumbList\",\"@id\":\"https:\/\/zecovalve.com\/product\/picv#breadcrumb\",\"itemListElement\":[{\"@type\":\"ListItem\",\"position\":1,\"item\":{\"@type\":\"WebPage\",\"@id\":\"https:\/\/zecovalve.com\/\",\"url\":\"https:\/\/zecovalve.com\/\",\"name\":\"Home\"}},{\"@type\":\"ListItem\",\"position\":2,\"item\":{\"@type\":\"WebPage\",\"@id\":\"https:\/\/zecovalve.com\/product-category\",\"url\":\"https:\/\/zecovalve.com\/product-category\",\"name\":\"Industrial Valve Manufacturer | Water Valve Manufacturer\"}},{\"@type\":\"ListItem\",\"position\":3,\"item\":{\"@type\":\"WebPage\",\"@id\":\"https:\/\/zecovalve.com\/product\/picv\",\"url\":\"https:\/\/zecovalve.com\/product\/picv\",\"name\":\"PICV\"}}]}]}<\/script>\n<!-- \/ Yoast SEO Premium plugin. -->","_links":{"self":[{"href":"https:\/\/zecovalve.com\/fr\/wp-json\/wp\/v2\/product\/17240","targetHints":{"allow":["GET"]}}],"collection":[{"href":"https:\/\/zecovalve.com\/fr\/wp-json\/wp\/v2\/product"}],"about":[{"href":"https:\/\/zecovalve.com\/fr\/wp-json\/wp\/v2\/types\/product"}],"replies":[{"embeddable":true,"href":"https:\/\/zecovalve.com\/fr\/wp-json\/wp\/v2\/comments?post=17240"}],"wp:featuredmedia":[{"embeddable":true,"href":"https:\/\/zecovalve.com\/fr\/wp-json\/wp\/v2\/media\/27958"}],"wp:attachment":[{"href":"https:\/\/zecovalve.com\/fr\/wp-json\/wp\/v2\/media?parent=17240"}],"wp:term":[{"taxonomy":"product_cat","embeddable":true,"href":"https:\/\/zecovalve.com\/fr\/wp-json\/wp\/v2\/product_cat?post=17240"},{"taxonomy":"product_tag","embeddable":true,"href":"https:\/\/zecovalve.com\/fr\/wp-json\/wp\/v2\/product_tag?post=17240"}],"curies":[{"name":"wp","href":"https:\/\/api.w.org\/{rel}","templated":true}]}}