{"id":17293,"date":"2022-06-27T13:02:29","date_gmt":"2022-06-27T13:02:29","guid":{"rendered":"https:\/\/zecovalve.com\/?post_type=product&#038;p=17293"},"modified":"2023-06-26T06:06:16","modified_gmt":"2023-06-26T06:06:16","slug":"two-way-globe-valve","status":"publish","type":"product","link":"https:\/\/zecovalve.com\/fr\/produit\/two-way-globe-valve","title":{"rendered":"Vanne \u00e0 soupape bidirectionnelle"},"content":{"rendered":"<div class=\"sep-pages-boxs bgs clearfix\">\n<div class=\"sep-container clearfix\">\n<h1 class=\"titles sizes1 cens gtj-ff-bold\">Vanne \u00e0 soupape bidirectionnelle<\/h1>\n<div class=\"bq-sep-pro-detail-thumbs ons clearfix\">\n<div class=\"thumbs\">\n<div class=\"imgs ons\">\n<div class=\"swiper-container swiper-container-initialized swiper-container-horizontal\">\n<div class=\"swiper-wrapper\">\n<div class=\"swiper-slide swiper-slide-active\">\n<figure id=\"attachment_17036\" aria-describedby=\"caption-attachment-17036\" style=\"width: 290px\" class=\"wp-caption alignnone\"><img loading=\"lazy\" decoding=\"async\" class=\"size-medium wp-image-17036\" src=\"https:\/\/zecovalve.com\/wp-content\/uploads\/2022\/06\/two-way-globe-valve-300x273.jpg\" alt=\"Vanne \u00e0 soupape bidirectionnelle\" width=\"300\" height=\"273\" srcset=\"https:\/\/zecovalve.com\/wp-content\/uploads\/2022\/06\/two-way-globe-valve-300x273.jpg 300w, https:\/\/zecovalve.com\/wp-content\/uploads\/2022\/06\/two-way-globe-valve.jpg 330w\" sizes=\"auto, (max-width: 300px) 100vw, 300px\" \/><figcaption id=\"caption-attachment-17036\" class=\"wp-caption-text\">Vanne \u00e0 soupape bidirectionnelle<\/figcaption><\/figure>\n<\/div>\n<\/div>\n<\/div>\n<div class=\"lr-lists-boxs\"><\/div>\n<\/div>\n<\/div>\n<\/div>\n<\/div>\n<\/div>\n<div class=\"sep-pages-boxs clearfix\">\n<div class=\"sep-container clearfix\">\n<div id=\"zf-nexts\" class=\"flex clearfix\">\n<div class=\"bq-zf-lefts\">\n<div class=\"richtext\">\n<h2>Caract\u00e9ristiques du robinet \u00e0 soupape bidirectionnel pour CVC<\/h2>\n<div class=\"text-center\"><img loading=\"lazy\" decoding=\"async\" class=\"alignnone size-medium wp-image-17294\" src=\"https:\/\/zecovalve.com\/wp-content\/uploads\/2022\/06\/two-way-globe-valve-for-hvac-feature-300x250.jpg\" alt=\"\" width=\"300\" height=\"250\" srcset=\"https:\/\/zecovalve.com\/wp-content\/uploads\/2022\/06\/two-way-globe-valve-for-hvac-feature-300x250.jpg 300w, https:\/\/zecovalve.com\/wp-content\/uploads\/2022\/06\/two-way-globe-valve-for-hvac-feature.jpg 600w\" sizes=\"auto, (max-width: 300px) 100vw, 300px\" \/><\/div>\n<p>Le robinet \u00e0 soupape \u00e9lectrique \u00e0 deux voies pour CVC r\u00e9alise une temp\u00e9rature constante du cycle de chauffage en contr\u00f4lant l&#039;\u00e9change thermique de l&#039;\u00e9changeur de chaleur.<\/p>\n<ul class=\"list-paddingleft-2\">\n<li>Caract\u00e9ristique \u00e0 pourcentage \u00e9gal\u00a0;<\/li>\n<li>Faible fuite et fonctionnement efficace\u00a0;<\/li>\n<li>Am\u00e9liorer l&#039;efficacit\u00e9 du fonctionnement de la pompe \u00e0 eau et \u00e9conomiser de l&#039;\u00e9nergie\u00a0;<\/li>\n<li>Donn\u00e9es pr\u00e9cises, valeur KV test\u00e9e par un institut de test.<\/li>\n<\/ul>\n<\/div>\n<div class=\"richtext\">\n<h2>Vanne \u00e0 soupape bidirectionnelle pour principe de fonctionnement CVC<\/h2>\n<div class=\"text-center\">\n<h2 style=\"font-family: -apple-system, system-ui, BlinkMacSystemFont, 'Segoe UI', Helvetica, Arial, sans-serif, 'Apple Color Emoji', 'Segoe UI Emoji', 'Segoe UI Symbol'; font-style: normal;\"><img loading=\"lazy\" decoding=\"async\" class=\"alignnone size-medium wp-image-17295\" style=\"font-size: 17px;\" src=\"https:\/\/zecovalve.com\/wp-content\/uploads\/2022\/06\/two-way-globe-valve-for-hvac-principle-300x250.jpg\" alt=\"\" width=\"300\" height=\"250\" srcset=\"https:\/\/zecovalve.com\/wp-content\/uploads\/2022\/06\/two-way-globe-valve-for-hvac-principle-300x250.jpg 300w, https:\/\/zecovalve.com\/wp-content\/uploads\/2022\/06\/two-way-globe-valve-for-hvac-principle.jpg 600w\" sizes=\"auto, (max-width: 300px) 100vw, 300px\" \/><\/h2>\n<\/div>\n<p>La vanne \u00e0 soupape \u00e9lectrique \u00e0 deux voies est compos\u00e9e d&#039;un capteur de temp\u00e9rature, d&#039;un contr\u00f4leur de temp\u00e9rature int\u00e9gr\u00e9 proportionnel et d&#039;une vanne de r\u00e9gulation \u00e9lectrique. Le capteur de temp\u00e9rature install\u00e9 dans le tuyau de retour transmet le signal de temp\u00e9rature d\u00e9tect\u00e9 au contr\u00f4leur de temp\u00e9rature, qui compare constamment la valeur d\u00e9tect\u00e9e du capteur de temp\u00e9rature avec la valeur d\u00e9finie, et en m\u00eame temps \u00e9met constamment un signal pour contr\u00f4ler le degr\u00e9 d&#039;ouverture du syst\u00e8me \u00e9lectrique. Vanne de r\u00e9gulation connect\u00e9e au r\u00e9glable, permettant enfin de mesurer le capteur de temp\u00e9rature. La temp\u00e9rature ambiante mesur\u00e9e par le capteur de temp\u00e9rature est maintenue dans la plage de temp\u00e9rature d\u00e9finie.<\/p>\n<\/div>\n<div class=\"richtext\">\n<h2>Installation et mise en service d&#039;un robinet \u00e0 soupape bidirectionnel<\/h2>\n<div class=\"text-center\">\n<h2 style=\"font-family: -apple-system, system-ui, BlinkMacSystemFont, 'Segoe UI', Helvetica, Arial, sans-serif, 'Apple Color Emoji', 'Segoe UI Emoji', 'Segoe UI Symbol'; font-style: normal;\"><img loading=\"lazy\" decoding=\"async\" class=\"alignnone size-medium wp-image-17296\" style=\"font-size: 17px;\" src=\"https:\/\/zecovalve.com\/wp-content\/uploads\/2022\/06\/two-way-globe-valve-for-hvac-typical-applcaitions-300x250.jpg\" alt=\"\" width=\"300\" height=\"250\" srcset=\"https:\/\/zecovalve.com\/wp-content\/uploads\/2022\/06\/two-way-globe-valve-for-hvac-typical-applcaitions-300x250.jpg 300w, https:\/\/zecovalve.com\/wp-content\/uploads\/2022\/06\/two-way-globe-valve-for-hvac-typical-applcaitions.jpg 600w\" sizes=\"auto, (max-width: 300px) 100vw, 300px\" \/><\/h2>\n<\/div>\n<p>Les sp\u00e9cifications sont d\u00e9termin\u00e9es en fonction du d\u00e9bit de conception du bo\u00eetier de climatisation et de la plage de pression admissible de la vanne d&#039;\u00e9quilibrage ind\u00e9pendante de la pression, et les param\u00e8tres techniques sont d\u00e9termin\u00e9s en fonction des exigences. Pour une utilisation sp\u00e9cifique, veuillez consulter Zeco Valve Group.<\/p>\n<\/div>\n<div class=\"richtext\">\n<h2>Mat\u00e9riau et norme du robinet \u00e0 soupape \u00e0 deux voies<\/h2>\n<p>Gamme de tailles\u00a0: 2\u2033~12\u2033<\/p>\n<p>Pression nominale : 10 bars ~ 25 bars.<\/p>\n<p>Dimensions face \u00e0 face\u00a0:AMSE B16.10, EN558-1<\/p>\n<p>Dimension d&#039;extr\u00e9mit\u00e9 de bride\u00a0:AMSE B16.1\/16.42, AS4087, EN1092-2<\/p>\n<p>Rev\u00eatement\u00a0: rev\u00eatement \u00e9poxy li\u00e9 par fusion<\/p>\n<p>Inspection et test \uff1a ISO 5208 \/ EN 12226-2<\/p>\n<p>&nbsp;<\/p>\n<div class=\"over-tabs\">\n<table cellspacing=\"0\">\n<tbody>\n<tr class=\"firstRow\">\n<td>Partie<\/td>\n<td>Mat\u00e9riau<\/td>\n<td>Standard<\/td>\n<\/tr>\n<tr>\n<td>Corps<\/td>\n<td>Fonte Ductile<\/td>\n<td>EN 1563\/DIN 1693<\/td>\n<\/tr>\n<tr>\n<td>Bonnet<\/td>\n<td>Fonte Ductile<\/td>\n<td>EN 1563\/DIN 1693<\/td>\n<\/tr>\n<tr>\n<td>Garniture<\/td>\n<td>Acier inoxydable 304<\/td>\n<td>EN10088-1\/ASTM A959<\/td>\n<\/tr>\n<tr>\n<td>Si\u00e8ge<\/td>\n<td>Acier inoxydable 304<\/td>\n<td>EN10088-1\/ASTM A959<\/td>\n<\/tr>\n<tr>\n<td>Actionneur \u00e9lectrique<\/td>\n<td>Honeywell<\/td>\n<td>ML7421A-A\/B<\/td>\n<\/tr>\n<tr>\n<td colspan=\"3\">Pour les options de mat\u00e9riaux non r\u00e9pertori\u00e9es, consultez l\u2019usine.<\/p>\n<p>Zeco fabrique des vannes dans plus de 50 alliages diff\u00e9rents.<\/td>\n<\/tr>\n<\/tbody>\n<\/table>\n<\/div>\n<\/div>\n<\/div>\n<\/div>\n<\/div>\n<\/div>","protected":false},"excerpt":{"rendered":"<p>Vanne \u00e0 soupape \u00e0 deux voies Caract\u00e9ristiques du robinet \u00e0 soupape \u00e0 deux voies pour CVC Le robinet \u00e0 soupape \u00e9lectrique \u00e0 deux voies pour CVC r\u00e9alise une temp\u00e9rature constante de\u2026 <a title=\"Vanne \u00e0 soupape bidirectionnelle\" class=\"read-more\" href=\"https:\/\/zecovalve.com\/fr\/produit\/two-way-globe-valve\" aria-label=\"Plus sur Two Way Globe Valve\">Lire plus<\/a><\/p>","protected":false},"featured_media":27960,"comment_status":"closed","ping_status":"closed","template":"","meta":{"_generate-full-width-content":"","kt_blocks_editor_width":""},"product_cat":[2512],"product_tag":[2724,2654,2766,2727],"class_list":["post-17293","product","type-product","status-publish","has-post-thumbnail","hentry","product_cat-balancing-valve","product_tag-balancing-valve","product_tag-hvac-valve","product_tag-motorised-valve","product_tag-motorized-valve","sales-flash-overlay","woocommerce-text-align-center","woocommerce-image-align-center","do-quantity-buttons"],"featured_image_src_large":["https:\/\/zecovalve.com\/wp-content\/uploads\/2022\/06\/Two-Way-Globe-Valve-1.jpg",800,600,false],"author_info":[],"comment_info":0,"taxonomy_info":{"product_cat":[{"value":2512,"label":"Balancing Valve"}],"product_tag":[{"value":2724,"label":"Balancing Valve"},{"value":2654,"label":"HVAC Valve"},{"value":2766,"label":"Motorised Valve"},{"value":2727,"label":"Motorized Valve"}]},"yoast_head":"<!-- This site is optimized with the Yoast SEO Premium plugin v15.4 - https:\/\/yoast.com\/wordpress\/plugins\/seo\/ -->\n<title>Two Way Globe Valve - ZECO Valve<\/title>\n<meta name=\"robots\" content=\"index, follow, max-snippet:-1, max-image-preview:large, max-video-preview:-1\" \/>\n<link rel=\"canonical\" href=\"https:\/\/zecovalve.com\/fr\/produit\/two-way-globe-valve\" \/>\n<meta property=\"og:locale\" content=\"fr_FR\" \/>\n<meta property=\"og:type\" content=\"article\" \/>\n<meta property=\"og:title\" content=\"Two Way Globe Valve - ZECO Valve\" \/>\n<meta property=\"og:description\" content=\"Two Way Globe Valve Features of Two Way Globe Valve for HVAC Electric two way globe valve for HVAC\u00a0realizes constant temperature of ... Lire plus\" \/>\n<meta property=\"og:url\" content=\"https:\/\/zecovalve.com\/fr\/produit\/two-way-globe-valve\" \/>\n<meta property=\"og:site_name\" content=\"ZECO Valve\" \/>\n<meta property=\"article:modified_time\" content=\"2023-06-26T06:06:16+00:00\" \/>\n<meta property=\"og:image\" content=\"https:\/\/zecovalve.com\/wp-content\/uploads\/2022\/06\/Two-Way-Globe-Valve-1.jpg\" \/>\n\t<meta property=\"og:image:width\" content=\"800\" \/>\n\t<meta property=\"og:image:height\" content=\"600\" \/>\n<meta name=\"twitter:card\" content=\"summary_large_image\" \/>\n<meta name=\"twitter:label1\" content=\"\u00c9crit par\">\n\t<meta name=\"twitter:data1\" content=\"Jerry\">\n\t<meta name=\"twitter:label2\" content=\"Dur\u00e9e de lecture estim\u00e9e\">\n\t<meta name=\"twitter:data2\" content=\"1 minute\">\n<script type=\"application\/ld+json\" class=\"yoast-schema-graph\">{\"@context\":\"https:\/\/schema.org\",\"@graph\":[{\"@type\":\"WebSite\",\"@id\":\"https:\/\/zecovalve.com\/#website\",\"url\":\"https:\/\/zecovalve.com\/\",\"name\":\"ZECO Valve\",\"description\":\"Industrial Ball Valve, Gate Valve and Globe Valve Manufacturer\",\"potentialAction\":[{\"@type\":\"SearchAction\",\"target\":\"https:\/\/zecovalve.com\/?s={search_term_string}\",\"query-input\":\"required name=search_term_string\"}],\"inLanguage\":\"fr-FR\"},{\"@type\":\"ImageObject\",\"@id\":\"https:\/\/zecovalve.com\/product\/two-way-globe-valve#primaryimage\",\"inLanguage\":\"fr-FR\",\"url\":\"https:\/\/zecovalve.com\/wp-content\/uploads\/2022\/06\/Two-Way-Globe-Valve-1.jpg\",\"width\":800,\"height\":600,\"caption\":\"Two Way Globe Valve\"},{\"@type\":\"WebPage\",\"@id\":\"https:\/\/zecovalve.com\/product\/two-way-globe-valve#webpage\",\"url\":\"https:\/\/zecovalve.com\/product\/two-way-globe-valve\",\"name\":\"Two Way Globe Valve - ZECO Valve\",\"isPartOf\":{\"@id\":\"https:\/\/zecovalve.com\/#website\"},\"primaryImageOfPage\":{\"@id\":\"https:\/\/zecovalve.com\/product\/two-way-globe-valve#primaryimage\"},\"datePublished\":\"2022-06-27T13:02:29+00:00\",\"dateModified\":\"2023-06-26T06:06:16+00:00\",\"breadcrumb\":{\"@id\":\"https:\/\/zecovalve.com\/product\/two-way-globe-valve#breadcrumb\"},\"inLanguage\":\"fr-FR\",\"potentialAction\":[{\"@type\":\"ReadAction\",\"target\":[\"https:\/\/zecovalve.com\/product\/two-way-globe-valve\"]}]},{\"@type\":\"BreadcrumbList\",\"@id\":\"https:\/\/zecovalve.com\/product\/two-way-globe-valve#breadcrumb\",\"itemListElement\":[{\"@type\":\"ListItem\",\"position\":1,\"item\":{\"@type\":\"WebPage\",\"@id\":\"https:\/\/zecovalve.com\/\",\"url\":\"https:\/\/zecovalve.com\/\",\"name\":\"Home\"}},{\"@type\":\"ListItem\",\"position\":2,\"item\":{\"@type\":\"WebPage\",\"@id\":\"https:\/\/zecovalve.com\/product-category\",\"url\":\"https:\/\/zecovalve.com\/product-category\",\"name\":\"Industrial Valve Manufacturer | Water Valve Manufacturer\"}},{\"@type\":\"ListItem\",\"position\":3,\"item\":{\"@type\":\"WebPage\",\"@id\":\"https:\/\/zecovalve.com\/product\/two-way-globe-valve\",\"url\":\"https:\/\/zecovalve.com\/product\/two-way-globe-valve\",\"name\":\"Two Way Globe Valve\"}}]}]}<\/script>\n<!-- \/ Yoast SEO Premium plugin. -->","_links":{"self":[{"href":"https:\/\/zecovalve.com\/fr\/wp-json\/wp\/v2\/product\/17293","targetHints":{"allow":["GET"]}}],"collection":[{"href":"https:\/\/zecovalve.com\/fr\/wp-json\/wp\/v2\/product"}],"about":[{"href":"https:\/\/zecovalve.com\/fr\/wp-json\/wp\/v2\/types\/product"}],"replies":[{"embeddable":true,"href":"https:\/\/zecovalve.com\/fr\/wp-json\/wp\/v2\/comments?post=17293"}],"wp:featuredmedia":[{"embeddable":true,"href":"https:\/\/zecovalve.com\/fr\/wp-json\/wp\/v2\/media\/27960"}],"wp:attachment":[{"href":"https:\/\/zecovalve.com\/fr\/wp-json\/wp\/v2\/media?parent=17293"}],"wp:term":[{"taxonomy":"product_cat","embeddable":true,"href":"https:\/\/zecovalve.com\/fr\/wp-json\/wp\/v2\/product_cat?post=17293"},{"taxonomy":"product_tag","embeddable":true,"href":"https:\/\/zecovalve.com\/fr\/wp-json\/wp\/v2\/product_tag?post=17293"}],"curies":[{"name":"wp","href":"https:\/\/api.w.org\/{rel}","templated":true}]}}