{"id":17356,"date":"2022-06-27T13:49:24","date_gmt":"2022-06-27T13:49:24","guid":{"rendered":"https:\/\/zecovalve.com\/?post_type=product&#038;p=17356"},"modified":"2022-08-03T16:06:55","modified_gmt":"2022-08-03T16:06:55","slug":"flanged-butterfly-valve","status":"publish","type":"product","link":"https:\/\/zecovalve.com\/fr\/produit\/flanged-butterfly-valve","title":{"rendered":"Vanne papillon \u00e0 brides"},"content":{"rendered":"<div class=\"sep-pages-boxs bgs clearfix\">\n<div class=\"sep-container clearfix\">\n<h1 class=\"titles sizes1 cens gtj-ff-bold\">Vanne papillon \u00e0 brides<\/h1>\n<div class=\"bq-sep-pro-detail-thumbs ons clearfix\">\n<div class=\"thumbs\">\n<div class=\"imgs ons\">\n<div class=\"swiper-container swiper-container-initialized swiper-container-horizontal\">\n<div class=\"swiper-wrapper\">\n<div class=\"swiper-slide swiper-slide-active\">\n<figure id=\"attachment_16940\" aria-describedby=\"caption-attachment-16940\" style=\"width: 290px\" class=\"wp-caption alignnone\"><img loading=\"lazy\" decoding=\"async\" class=\"size-medium wp-image-16940\" src=\"https:\/\/zecovalve.com\/wp-content\/uploads\/2022\/06\/flanged-butterfly-valve-300x273.jpg\" alt=\"Vanne papillon \u00e0 bride\" width=\"300\" height=\"273\" srcset=\"https:\/\/zecovalve.com\/wp-content\/uploads\/2022\/06\/flanged-butterfly-valve-300x273.jpg 300w, https:\/\/zecovalve.com\/wp-content\/uploads\/2022\/06\/flanged-butterfly-valve.jpg 330w\" sizes=\"auto, (max-width: 300px) 100vw, 300px\" \/><figcaption id=\"caption-attachment-16940\" class=\"wp-caption-text\">Vanne papillon \u00e0 bride<\/figcaption><\/figure>\n<\/div>\n<\/div>\n<\/div>\n<div class=\"lr-lists-boxs\"><\/div>\n<\/div>\n<\/div>\n<\/div>\n<\/div>\n<\/div>\n<div class=\"sep-pages-boxs clearfix\">\n<div class=\"sep-container clearfix\">\n<div id=\"zf-nexts\" class=\"flex clearfix\">\n<div class=\"bq-zf-lefts\">\n<div class=\"richtext\">\n<h2>Festures de la vanne papillon \u00e0 bride<\/h2>\n<div class=\"text-center\">\u00a0<img loading=\"lazy\" decoding=\"async\" class=\"alignnone size-medium wp-image-17358\" src=\"https:\/\/zecovalve.com\/wp-content\/uploads\/2022\/06\/flanged-concentric-butterfly-valve-2-300x225.png\" alt=\"\" width=\"300\" height=\"225\" srcset=\"https:\/\/zecovalve.com\/wp-content\/uploads\/2022\/06\/flanged-concentric-butterfly-valve-2-300x225.png 300w, https:\/\/zecovalve.com\/wp-content\/uploads\/2022\/06\/flanged-concentric-butterfly-valve-2.png 600w\" sizes=\"auto, (max-width: 300px) 100vw, 300px\" \/><\/div>\n<ul class=\"list-paddingleft-2\">\n<li>\u00c9tanch\u00e9it\u00e9 bidirectionnelle, pas de sens d&#039;\u00e9coulement du fluide\u00a0;<\/li>\n<li>Corps de vanne en EPDM vulcanis\u00e9, \u00e9tanch\u00e9it\u00e9 fiable\u00a0;<\/li>\n<li>Un cadran avec une indication d&#039;ouverture indiquant la position de l&#039;interrupteur \u00e0 disque\u00a0;<\/li>\n<li>Caract\u00e9ristiques de d\u00e9bit en ligne droite, bonnes performances de r\u00e9gulation.<\/li>\n<\/ul>\n<\/div>\n<div class=\"richtext\">\n<h2>Principe de fonctionnement de la vanne papillon \u00e0 bride<\/h2>\n<div class=\"text-center\"><img loading=\"lazy\" decoding=\"async\" class=\"alignnone size-medium wp-image-17359\" src=\"https:\/\/zecovalve.com\/wp-content\/uploads\/2022\/06\/flanged-concentric-butterfly-valve-with-electric-actuator-300x225.png\" alt=\"\" width=\"300\" height=\"225\" srcset=\"https:\/\/zecovalve.com\/wp-content\/uploads\/2022\/06\/flanged-concentric-butterfly-valve-with-electric-actuator-300x225.png 300w, https:\/\/zecovalve.com\/wp-content\/uploads\/2022\/06\/flanged-concentric-butterfly-valve-with-electric-actuator.png 600w\" sizes=\"auto, (max-width: 300px) 100vw, 300px\" \/><\/div>\n<p>Le centre de rotation du disque papillon \u00e0 brides (c&#039;est-\u00e0-dire le centre de la tige) est situ\u00e9 sur la ligne m\u00e9diane du corps de vanne et sur la section de surface d&#039;\u00e9tanch\u00e9it\u00e9 du disque. Lorsque le disque est ferm\u00e9, la surface d&#039;\u00e9tanch\u00e9it\u00e9 circulaire du disque comprime le si\u00e8ge en caoutchouc synth\u00e9tique de sorte que le si\u00e8ge produit une d\u00e9formation \u00e9lastique et forme la force \u00e9lastique pour sceller la vanne papillon. Si la t\u00e9l\u00e9commande est requise, diff\u00e9rents types d&#039;appareils \u00e9lectriques peuvent \u00eatre \u00e9quip\u00e9s selon diff\u00e9rentes conditions de travail.<\/p>\n<\/div>\n<div class=\"richtext\">\n<h2>Installation et mise en service de vannes papillon \u00e0 brides<\/h2>\n<div class=\"text-center\"><img loading=\"lazy\" decoding=\"async\" class=\"alignnone size-medium wp-image-17357\" src=\"https:\/\/zecovalve.com\/wp-content\/uploads\/2022\/06\/flanged-concentric-butterfly-valve-1-300x225.png\" alt=\"\" width=\"300\" height=\"225\" srcset=\"https:\/\/zecovalve.com\/wp-content\/uploads\/2022\/06\/flanged-concentric-butterfly-valve-1-300x225.png 300w, https:\/\/zecovalve.com\/wp-content\/uploads\/2022\/06\/flanged-concentric-butterfly-valve-1.png 600w\" sizes=\"auto, (max-width: 300px) 100vw, 300px\" \/><\/div>\n<p>Nettoyez la cavit\u00e9 int\u00e9rieure et le couvercle d&#039;\u00e9tanch\u00e9it\u00e9 de la vanne avant l&#039;installation. Cette vanne papillon peut \u00eatre install\u00e9e sur un tuyau horizontal, vertical ou \u00e0 n&#039;importe quel angle, et peut \u00eatre utilis\u00e9e dans les deux sens. La vanne papillon doit \u00eatre en position ferm\u00e9e lors de l&#039;installation pour garantir que le disque n&#039;entre pas en collision avec la bride du tuyau. Assurez-vous que le soudage de la bride est correct. Une fois la vanne papillon install\u00e9e, il n&#039;est pas permis de souder \u00e0 nouveau la bride, afin de ne pas br\u00fbler les pi\u00e8ces en caoutchouc et le rev\u00eatement anticorrosion. Pour une utilisation sp\u00e9cifique, veuillez consulter ZECO Valve Group.<\/p>\n<\/div>\n<div class=\"richtext\">\n<h2>Mat\u00e9riau et norme de la vanne papillon \u00e0 brides<\/h2>\n<p>Gamme de tailles\u00a0: 2\u2033~48\u2033<\/p>\n<p>Pression nominale\u00a0: 10 bars ~ 25 bars<\/p>\n<p>Dimensions face \u00e0 face\u00a0: AMSE B16.10, EN558-1<\/p>\n<p>Dimension d&#039;extr\u00e9mit\u00e9 de bride\u00a0: AMSE B16.1\/16.42, AS4087, EN1092-2<\/p>\n<p>Rev\u00eatement\u00a0: rev\u00eatement \u00e9poxy li\u00e9 par fusion<\/p>\n<p>Inspection et test\u00a0: ISO 5208 \/ EN 12226-2<\/p>\n<div class=\"over-tabs\">\n<table width=\"1389\">\n<tbody>\n<tr class=\"firstRow\">\n<td>Partie<\/td>\n<td>Mat\u00e9riau<\/td>\n<td>Standard<\/td>\n<\/tr>\n<tr>\n<td>Corps<\/td>\n<td>Fonte Ductile<\/td>\n<td>EN 1563\/DIN 1693<\/td>\n<\/tr>\n<tr>\n<td>Disque<\/td>\n<td>Fonte Ductile<\/td>\n<td>EN 1563\/DIN 1693<\/td>\n<\/tr>\n<tr>\n<td>Si\u00e8ge<\/td>\n<td>EPDM\/NBR<\/td>\n<td>OIN 4633<\/td>\n<\/tr>\n<tr>\n<td>Tige<\/td>\n<td>Acier inoxydable 431<\/td>\n<td>EN10088-1\/ASTM A959<\/td>\n<\/tr>\n<tr>\n<td>Boulon<\/td>\n<td>Acier inoxydable 431<\/td>\n<td>EN10088-1\/ASTM A959<\/td>\n<\/tr>\n<tr>\n<td>Actionneur \u00e0 vis sans fin<\/td>\n<td>Fonte Ductile<\/td>\n<td>EN 1563\/DIN 1693<\/td>\n<\/tr>\n<tr>\n<td colspan=\"3\">Pour les options de mat\u00e9riaux non r\u00e9pertori\u00e9es, consultez l\u2019usine.<\/p>\n<p>ZECO fabrique des vannes dans plus de 50 alliages diff\u00e9rents.<\/td>\n<\/tr>\n<\/tbody>\n<\/table>\n<\/div>\n<\/div>\n<\/div>\n<\/div>\n<\/div>\n<\/div>","protected":false},"excerpt":{"rendered":"<p>Vanne papillon \u00e0 bride Festures de vanne papillon \u00e0 bride \u00c9tanch\u00e9it\u00e9 bidirectionnelle, pas de sens d&#039;\u00e9coulement du fluide\u00a0; Corps de vanne en EPDM vulcanis\u00e9, fiable\u2026 <a title=\"Vanne papillon \u00e0 brides\" class=\"read-more\" href=\"https:\/\/zecovalve.com\/fr\/produit\/flanged-butterfly-valve\" aria-label=\"Plus sur Vanne Papillon \u00e0 Brides\">Lire plus<\/a><\/p>","protected":false},"featured_media":16940,"comment_status":"closed","ping_status":"closed","template":"","meta":{"_generate-full-width-content":"","kt_blocks_editor_width":""},"product_cat":[2514],"product_tag":[2654,2658],"class_list":["post-17356","product","type-product","status-publish","has-post-thumbnail","hentry","product_cat-concentric-butterfly-valve","product_tag-hvac-valve","product_tag-isolation-valve","sales-flash-overlay","woocommerce-text-align-center","woocommerce-image-align-center","do-quantity-buttons"],"featured_image_src_large":["https:\/\/zecovalve.com\/wp-content\/uploads\/2022\/06\/flanged-butterfly-valve.jpg",330,300,false],"author_info":[],"comment_info":0,"taxonomy_info":{"product_cat":[{"value":2514,"label":"Concentric Butterfly Valve"}],"product_tag":[{"value":2654,"label":"HVAC Valve"},{"value":2658,"label":"Isolation Valve"}]},"yoast_head":"<!-- This site is optimized with the Yoast SEO Premium plugin v15.4 - https:\/\/yoast.com\/wordpress\/plugins\/seo\/ -->\n<title>Flanged Butterfly Valve - ZECO Valve<\/title>\n<meta name=\"robots\" content=\"index, follow, max-snippet:-1, max-image-preview:large, max-video-preview:-1\" \/>\n<link rel=\"canonical\" href=\"https:\/\/zecovalve.com\/fr\/produit\/flanged-butterfly-valve\" \/>\n<meta property=\"og:locale\" content=\"fr_FR\" \/>\n<meta property=\"og:type\" content=\"article\" \/>\n<meta property=\"og:title\" content=\"Flanged Butterfly Valve - ZECO Valve\" \/>\n<meta property=\"og:description\" content=\"Flanged Butterfly Valve Festures of Flanged Butterfly Valve \u00a0 Bidirectional sealing, no flow direction of the medium; Valve body vulcanized EPDM, reliable ... Lire plus\" \/>\n<meta property=\"og:url\" content=\"https:\/\/zecovalve.com\/fr\/produit\/flanged-butterfly-valve\" \/>\n<meta property=\"og:site_name\" content=\"ZECO Valve\" \/>\n<meta property=\"article:modified_time\" content=\"2022-08-03T16:06:55+00:00\" \/>\n<meta property=\"og:image\" content=\"https:\/\/zecovalve.com\/wp-content\/uploads\/2022\/06\/flanged-butterfly-valve.jpg\" \/>\n\t<meta property=\"og:image:width\" content=\"330\" \/>\n\t<meta property=\"og:image:height\" content=\"300\" \/>\n<meta name=\"twitter:card\" content=\"summary_large_image\" \/>\n<meta name=\"twitter:label1\" content=\"\u00c9crit par\">\n\t<meta name=\"twitter:data1\" content=\"Jerry\">\n\t<meta name=\"twitter:label2\" content=\"Dur\u00e9e de lecture estim\u00e9e\">\n\t<meta name=\"twitter:data2\" content=\"1 minute\">\n<script type=\"application\/ld+json\" class=\"yoast-schema-graph\">{\"@context\":\"https:\/\/schema.org\",\"@graph\":[{\"@type\":\"WebSite\",\"@id\":\"https:\/\/zecovalve.com\/#website\",\"url\":\"https:\/\/zecovalve.com\/\",\"name\":\"ZECO Valve\",\"description\":\"Industrial Ball Valve, Gate Valve and Globe Valve Manufacturer\",\"potentialAction\":[{\"@type\":\"SearchAction\",\"target\":\"https:\/\/zecovalve.com\/?s={search_term_string}\",\"query-input\":\"required name=search_term_string\"}],\"inLanguage\":\"fr-FR\"},{\"@type\":\"ImageObject\",\"@id\":\"https:\/\/zecovalve.com\/product\/flanged-butterfly-valve#primaryimage\",\"inLanguage\":\"fr-FR\",\"url\":\"https:\/\/zecovalve.com\/wp-content\/uploads\/2022\/06\/flanged-butterfly-valve.jpg\",\"width\":330,\"height\":300,\"caption\":\"Flange Butterfly Valve\"},{\"@type\":\"WebPage\",\"@id\":\"https:\/\/zecovalve.com\/product\/flanged-butterfly-valve#webpage\",\"url\":\"https:\/\/zecovalve.com\/product\/flanged-butterfly-valve\",\"name\":\"Flanged Butterfly Valve - ZECO Valve\",\"isPartOf\":{\"@id\":\"https:\/\/zecovalve.com\/#website\"},\"primaryImageOfPage\":{\"@id\":\"https:\/\/zecovalve.com\/product\/flanged-butterfly-valve#primaryimage\"},\"datePublished\":\"2022-06-27T13:49:24+00:00\",\"dateModified\":\"2022-08-03T16:06:55+00:00\",\"breadcrumb\":{\"@id\":\"https:\/\/zecovalve.com\/product\/flanged-butterfly-valve#breadcrumb\"},\"inLanguage\":\"fr-FR\",\"potentialAction\":[{\"@type\":\"ReadAction\",\"target\":[\"https:\/\/zecovalve.com\/product\/flanged-butterfly-valve\"]}]},{\"@type\":\"BreadcrumbList\",\"@id\":\"https:\/\/zecovalve.com\/product\/flanged-butterfly-valve#breadcrumb\",\"itemListElement\":[{\"@type\":\"ListItem\",\"position\":1,\"item\":{\"@type\":\"WebPage\",\"@id\":\"https:\/\/zecovalve.com\/\",\"url\":\"https:\/\/zecovalve.com\/\",\"name\":\"Home\"}},{\"@type\":\"ListItem\",\"position\":2,\"item\":{\"@type\":\"WebPage\",\"@id\":\"https:\/\/zecovalve.com\/product-category\",\"url\":\"https:\/\/zecovalve.com\/product-category\",\"name\":\"Industrial Valve Manufacturer | Water Valve Manufacturer\"}},{\"@type\":\"ListItem\",\"position\":3,\"item\":{\"@type\":\"WebPage\",\"@id\":\"https:\/\/zecovalve.com\/product\/flanged-butterfly-valve\",\"url\":\"https:\/\/zecovalve.com\/product\/flanged-butterfly-valve\",\"name\":\"Flanged Butterfly Valve\"}}]}]}<\/script>\n<!-- \/ Yoast SEO Premium plugin. -->","_links":{"self":[{"href":"https:\/\/zecovalve.com\/fr\/wp-json\/wp\/v2\/product\/17356","targetHints":{"allow":["GET"]}}],"collection":[{"href":"https:\/\/zecovalve.com\/fr\/wp-json\/wp\/v2\/product"}],"about":[{"href":"https:\/\/zecovalve.com\/fr\/wp-json\/wp\/v2\/types\/product"}],"replies":[{"embeddable":true,"href":"https:\/\/zecovalve.com\/fr\/wp-json\/wp\/v2\/comments?post=17356"}],"wp:featuredmedia":[{"embeddable":true,"href":"https:\/\/zecovalve.com\/fr\/wp-json\/wp\/v2\/media\/16940"}],"wp:attachment":[{"href":"https:\/\/zecovalve.com\/fr\/wp-json\/wp\/v2\/media?parent=17356"}],"wp:term":[{"taxonomy":"product_cat","embeddable":true,"href":"https:\/\/zecovalve.com\/fr\/wp-json\/wp\/v2\/product_cat?post=17356"},{"taxonomy":"product_tag","embeddable":true,"href":"https:\/\/zecovalve.com\/fr\/wp-json\/wp\/v2\/product_tag?post=17356"}],"curies":[{"name":"wp","href":"https:\/\/api.w.org\/{rel}","templated":true}]}}