{"id":17371,"date":"2022-06-27T13:58:22","date_gmt":"2022-06-27T13:58:22","guid":{"rendered":"https:\/\/zecovalve.com\/?post_type=product&#038;p=17371"},"modified":"2023-06-26T05:33:00","modified_gmt":"2023-06-26T05:33:00","slug":"solenoid-control-valve","status":"publish","type":"product","link":"https:\/\/zecovalve.com\/fr\/produit\/solenoid-control-valve","title":{"rendered":"\u00c9lectrovanne de commande"},"content":{"rendered":"<div class=\"sep-pages-boxs bgs clearfix\">\n<div class=\"sep-container clearfix\">\n<h1 class=\"titles sizes1 cens gtj-ff-bold\">\u00c9lectrovanne de commande<\/h1>\n<div class=\"bq-sep-pro-detail-thumbs ons clearfix\">\n<div class=\"thumbs\">\n<div class=\"imgs ons\">\n<div class=\"swiper-container swiper-container-initialized swiper-container-horizontal\">\n<div class=\"swiper-wrapper\">\n<div class=\"swiper-slide swiper-slide-active\">\n<figure id=\"attachment_17070\" aria-describedby=\"caption-attachment-17070\" style=\"width: 290px\" class=\"wp-caption alignnone\"><img loading=\"lazy\" decoding=\"async\" class=\"size-medium wp-image-17070\" src=\"https:\/\/zecovalve.com\/wp-content\/uploads\/2022\/06\/solenoid-control-valve-1-300x273.jpg\" alt=\"\u00c9lectrovanne de commande\" width=\"300\" height=\"273\" srcset=\"https:\/\/zecovalve.com\/wp-content\/uploads\/2022\/06\/solenoid-control-valve-1-300x273.jpg 300w, https:\/\/zecovalve.com\/wp-content\/uploads\/2022\/06\/solenoid-control-valve-1.jpg 330w\" sizes=\"auto, (max-width: 300px) 100vw, 300px\" \/><figcaption id=\"caption-attachment-17070\" class=\"wp-caption-text\">\u00c9lectrovanne de commande<\/figcaption><\/figure>\n<\/div>\n<\/div>\n<\/div>\n<div class=\"lr-lists-boxs\"><\/div>\n<\/div>\n<\/div>\n<\/div>\n<\/div>\n<\/div>\n<div class=\"sep-pages-boxs clearfix\">\n<div class=\"sep-container clearfix\">\n<div id=\"zf-nexts\" class=\"flex clearfix\">\n<div class=\"bq-zf-lefts\">\n<div class=\"richtext\">\n<h2>Caract\u00e9ristiques de l&#039;\u00e9lectrovanne de commande<\/h2>\n<div class=\"text-center\"><img loading=\"lazy\" decoding=\"async\" class=\"alignnone size-medium wp-image-17053\" src=\"https:\/\/zecovalve.com\/wp-content\/uploads\/2022\/06\/surge-anticipating-valve-features-300x225.png\" alt=\"\" width=\"300\" height=\"225\" srcset=\"https:\/\/zecovalve.com\/wp-content\/uploads\/2022\/06\/surge-anticipating-valve-features-300x225.png 300w, https:\/\/zecovalve.com\/wp-content\/uploads\/2022\/06\/surge-anticipating-valve-features.png 600w\" sizes=\"auto, (max-width: 300px) 100vw, 300px\" \/><\/div>\n<ul class=\"list-paddingleft-2\">\n<li>De petite taille, il peut remplacer les vannes et les vannes papillon du grand syst\u00e8me d&#039;exploitation \u00e9lectrique.<\/li>\n<li>La vitesse de fermeture est r\u00e9glable et stable.<\/li>\n<li>\u00c9conomiser l&#039;\u00e9nergie<\/li>\n<li>Port complet, petite r\u00e9sistance aux fluides<\/li>\n<\/ul>\n<\/div>\n<div class=\"richtext\">\n<h2>Principe de fonctionnement de l&#039;\u00e9lectrovanne de commande<\/h2>\n<div class=\"text-center\">\u00a0<img loading=\"lazy\" decoding=\"async\" class=\"alignnone size-medium wp-image-17373\" src=\"https:\/\/zecovalve.com\/wp-content\/uploads\/2022\/06\/solenoid-control-valve-sample-300x225.png\" alt=\"\" width=\"300\" height=\"225\" srcset=\"https:\/\/zecovalve.com\/wp-content\/uploads\/2022\/06\/solenoid-control-valve-sample-300x225.png 300w, https:\/\/zecovalve.com\/wp-content\/uploads\/2022\/06\/solenoid-control-valve-sample.png 600w\" sizes=\"auto, (max-width: 300px) 100vw, 300px\" \/><\/div>\n<p>Lors de l&#039;alimentation en eau depuis l&#039;entr\u00e9e, l&#039;eau s&#039;\u00e9coule \u00e0 travers la vanne \u00e0 pointeau et p\u00e9n\u00e8tre dans la salle de commande de la vanne principale. Lorsque l&#039;\u00e9lectrovanne pilote s&#039;ouvre, l&#039;eau pr\u00e9sente dans la salle de contr\u00f4le s&#039;\u00e9coule par l&#039;\u00e9lectrovanne pilote et le robinet \u00e0 tournant sph\u00e9rique. Si l&#039;ouverture du robinet \u00e0 tournant sph\u00e9rique est sup\u00e9rieure \u00e0 l&#039;ouverture du robinet \u00e0 pointeau, la vanne principale contr\u00f4le que la pression int\u00e9rieure est tr\u00e8s basse, la vanne principale est en \u00e9tat d&#039;ouverture compl\u00e8te. La pression dans la salle de contr\u00f4le augmente et la vanne principale commence \u00e0 se fermer. Lorsque l&#039;\u00e9lectrovanne pilote se ferme, la vanne principale de la salle de contr\u00f4le arr\u00eate de se vider.<\/p>\n<\/div>\n<div class=\"richtext\">\n<h2>Installation et mise en service de l&#039;\u00e9lectrovanne de commande<\/h2>\n<div class=\"text-center\"><img loading=\"lazy\" decoding=\"async\" class=\"alignnone size-medium wp-image-17372\" src=\"https:\/\/zecovalve.com\/wp-content\/uploads\/2022\/06\/solenoid-control-valve-installation-300x225.png\" alt=\"\" width=\"300\" height=\"225\" srcset=\"https:\/\/zecovalve.com\/wp-content\/uploads\/2022\/06\/solenoid-control-valve-installation-300x225.png 300w, https:\/\/zecovalve.com\/wp-content\/uploads\/2022\/06\/solenoid-control-valve-installation.png 600w\" sizes=\"auto, (max-width: 300px) 100vw, 300px\" \/><\/div>\n<p>Un filtre doit \u00eatre install\u00e9 avant l&#039;\u00e9lectrovanne pilote et doit \u00eatre pratique pour \u00e9vacuer la pollution. L&#039;\u00e9lectrovanne peut choisir du courant alternatif 220V ou du courant continu 24V. Le type normalement ouvert ou normalement ferm\u00e9 peut \u00eatre choisi en fonction de diverses occasions. Pour une utilisation sp\u00e9cifique, veuillez consulter ZECO Valve Group.<\/p>\n<\/div>\n<div class=\"richtext\">\n<h2>Mat\u00e9riau et norme de l&#039;\u00e9lectrovanne de commande<\/h2>\n<p>Gamme de tailles\u00a0: 2\u2033~24\u2033<br \/>\nPression nominale\u00a0: 10 bars ~ 25 bars<br \/>\nDimensions face \u00e0 face\u00a0: AMSE B16.10, EN558-1<br \/>\nDimension d&#039;extr\u00e9mit\u00e9 de bride\u00a0: AMSE B16.1\/16.42, AS4087, EN1092-2<br \/>\nRev\u00eatement\u00a0: rev\u00eatement \u00e9poxy li\u00e9 par fusion<br \/>\nInspection et test\u00a0: ISO 5208 \/ EN 12226-2<\/p>\n<div class=\"over-tabs\">\n<table width=\"1389\">\n<tbody>\n<tr class=\"firstRow\">\n<td>Partie<\/td>\n<td>Mat\u00e9riau<\/td>\n<td>Standard<\/td>\n<\/tr>\n<tr>\n<td>Corps<\/td>\n<td>Fonte Ductile<\/td>\n<td>EN 1563\/DIN 1693<\/td>\n<\/tr>\n<tr>\n<td>Bonnet<\/td>\n<td>Fonte Ductile<\/td>\n<td>EN 1563\/DIN 1693<\/td>\n<\/tr>\n<tr>\n<td>Garniture<\/td>\n<td>Acier inoxydable 431<\/td>\n<td>EN10088-1\/ASTM A959<\/td>\n<\/tr>\n<tr>\n<td>Si\u00e8ge<\/td>\n<td>Acier inoxydable 431<\/td>\n<td>EN10088-1\/ASTM A959<\/td>\n<\/tr>\n<tr>\n<td>Diaphragme<\/td>\n<td>EPDM\/NBR<\/td>\n<td>OIN 4633<\/td>\n<\/tr>\n<tr>\n<td>Vanne pilote<\/td>\n<td>CuZn39Pb1 \/ C37000<\/td>\n<td>EN12167\/ASTM B135<\/td>\n<\/tr>\n<tr>\n<td colspan=\"3\">Pour les options de mat\u00e9riaux non r\u00e9pertori\u00e9es, consultez l\u2019usine.<\/p>\n<p>ZECO fabrique des vannes dans plus de 50 alliages diff\u00e9rents.<\/td>\n<\/tr>\n<\/tbody>\n<\/table>\n<\/div>\n<\/div>\n<\/div>\n<\/div>\n<\/div>\n<\/div>","protected":false},"excerpt":{"rendered":"<p>Vanne de commande sol\u00e9no\u00efde Les caract\u00e9ristiques de la vanne de commande sol\u00e9no\u00efde De petite taille peuvent remplacer les vannes \u00e0 vanne et papillon du grand syst\u00e8me d&#039;exploitation \u00e9lectrique. Le \u2026 <a title=\"\u00c9lectrovanne de commande\" class=\"read-more\" href=\"https:\/\/zecovalve.com\/fr\/produit\/solenoid-control-valve\" aria-label=\"Plus sur Electrovanne de Commande\">Lire plus<\/a><\/p>","protected":false},"featured_media":27949,"comment_status":"closed","ping_status":"closed","template":"","meta":{"_generate-full-width-content":"","kt_blocks_editor_width":""},"product_cat":[2526],"product_tag":[2805],"class_list":["post-17371","product","type-product","status-publish","has-post-thumbnail","hentry","product_cat-water-control-valve","product_tag-pump-valve","sales-flash-overlay","woocommerce-text-align-center","woocommerce-image-align-center","do-quantity-buttons"],"featured_image_src_large":["https:\/\/zecovalve.com\/wp-content\/uploads\/2022\/06\/Solenoid-Control-Valve-2.jpg",800,600,false],"author_info":[],"comment_info":0,"taxonomy_info":{"product_cat":[{"value":2526,"label":"Water Control Valve"}],"product_tag":[{"value":2805,"label":"Pump Valve"}]},"yoast_head":"<!-- This site is optimized with the Yoast SEO Premium plugin v15.4 - https:\/\/yoast.com\/wordpress\/plugins\/seo\/ -->\n<title>Solenoid Control Valve - ZECO Valve<\/title>\n<meta name=\"robots\" content=\"index, follow, max-snippet:-1, max-image-preview:large, max-video-preview:-1\" \/>\n<link rel=\"canonical\" href=\"https:\/\/zecovalve.com\/fr\/produit\/solenoid-control-valve\" \/>\n<meta property=\"og:locale\" content=\"fr_FR\" \/>\n<meta property=\"og:type\" content=\"article\" \/>\n<meta property=\"og:title\" content=\"Solenoid Control Valve - ZECO Valve\" \/>\n<meta property=\"og:description\" content=\"Solenoid Control Valve Festures of Solenoid Control Valve Small in size can replace gate and butterfly valves large electric operating system. The ... Lire plus\" \/>\n<meta property=\"og:url\" content=\"https:\/\/zecovalve.com\/fr\/produit\/solenoid-control-valve\" \/>\n<meta property=\"og:site_name\" content=\"ZECO Valve\" \/>\n<meta property=\"article:modified_time\" content=\"2023-06-26T05:33:00+00:00\" \/>\n<meta property=\"og:image\" content=\"https:\/\/zecovalve.com\/wp-content\/uploads\/2022\/06\/Solenoid-Control-Valve-2.jpg\" \/>\n\t<meta property=\"og:image:width\" content=\"800\" \/>\n\t<meta property=\"og:image:height\" content=\"600\" \/>\n<meta name=\"twitter:card\" content=\"summary_large_image\" \/>\n<meta name=\"twitter:label1\" content=\"\u00c9crit par\">\n\t<meta name=\"twitter:data1\" content=\"Jerry\">\n\t<meta name=\"twitter:label2\" content=\"Dur\u00e9e de lecture estim\u00e9e\">\n\t<meta name=\"twitter:data2\" content=\"1 minute\">\n<script type=\"application\/ld+json\" class=\"yoast-schema-graph\">{\"@context\":\"https:\/\/schema.org\",\"@graph\":[{\"@type\":\"WebSite\",\"@id\":\"https:\/\/zecovalve.com\/#website\",\"url\":\"https:\/\/zecovalve.com\/\",\"name\":\"ZECO Valve\",\"description\":\"Industrial Ball Valve, Gate Valve and Globe Valve Manufacturer\",\"potentialAction\":[{\"@type\":\"SearchAction\",\"target\":\"https:\/\/zecovalve.com\/?s={search_term_string}\",\"query-input\":\"required name=search_term_string\"}],\"inLanguage\":\"fr-FR\"},{\"@type\":\"ImageObject\",\"@id\":\"https:\/\/zecovalve.com\/product\/solenoid-control-valve#primaryimage\",\"inLanguage\":\"fr-FR\",\"url\":\"https:\/\/zecovalve.com\/wp-content\/uploads\/2022\/06\/Solenoid-Control-Valve-2.jpg\",\"width\":800,\"height\":600,\"caption\":\"Solenoid Control Valve\"},{\"@type\":\"WebPage\",\"@id\":\"https:\/\/zecovalve.com\/product\/solenoid-control-valve#webpage\",\"url\":\"https:\/\/zecovalve.com\/product\/solenoid-control-valve\",\"name\":\"Solenoid Control Valve - ZECO Valve\",\"isPartOf\":{\"@id\":\"https:\/\/zecovalve.com\/#website\"},\"primaryImageOfPage\":{\"@id\":\"https:\/\/zecovalve.com\/product\/solenoid-control-valve#primaryimage\"},\"datePublished\":\"2022-06-27T13:58:22+00:00\",\"dateModified\":\"2023-06-26T05:33:00+00:00\",\"breadcrumb\":{\"@id\":\"https:\/\/zecovalve.com\/product\/solenoid-control-valve#breadcrumb\"},\"inLanguage\":\"fr-FR\",\"potentialAction\":[{\"@type\":\"ReadAction\",\"target\":[\"https:\/\/zecovalve.com\/product\/solenoid-control-valve\"]}]},{\"@type\":\"BreadcrumbList\",\"@id\":\"https:\/\/zecovalve.com\/product\/solenoid-control-valve#breadcrumb\",\"itemListElement\":[{\"@type\":\"ListItem\",\"position\":1,\"item\":{\"@type\":\"WebPage\",\"@id\":\"https:\/\/zecovalve.com\/\",\"url\":\"https:\/\/zecovalve.com\/\",\"name\":\"Home\"}},{\"@type\":\"ListItem\",\"position\":2,\"item\":{\"@type\":\"WebPage\",\"@id\":\"https:\/\/zecovalve.com\/product-category\",\"url\":\"https:\/\/zecovalve.com\/product-category\",\"name\":\"Industrial Valve Manufacturer | Water Valve Manufacturer\"}},{\"@type\":\"ListItem\",\"position\":3,\"item\":{\"@type\":\"WebPage\",\"@id\":\"https:\/\/zecovalve.com\/product\/solenoid-control-valve\",\"url\":\"https:\/\/zecovalve.com\/product\/solenoid-control-valve\",\"name\":\"Solenoid Control Valve\"}}]}]}<\/script>\n<!-- \/ Yoast SEO Premium plugin. -->","_links":{"self":[{"href":"https:\/\/zecovalve.com\/fr\/wp-json\/wp\/v2\/product\/17371","targetHints":{"allow":["GET"]}}],"collection":[{"href":"https:\/\/zecovalve.com\/fr\/wp-json\/wp\/v2\/product"}],"about":[{"href":"https:\/\/zecovalve.com\/fr\/wp-json\/wp\/v2\/types\/product"}],"replies":[{"embeddable":true,"href":"https:\/\/zecovalve.com\/fr\/wp-json\/wp\/v2\/comments?post=17371"}],"wp:featuredmedia":[{"embeddable":true,"href":"https:\/\/zecovalve.com\/fr\/wp-json\/wp\/v2\/media\/27949"}],"wp:attachment":[{"href":"https:\/\/zecovalve.com\/fr\/wp-json\/wp\/v2\/media?parent=17371"}],"wp:term":[{"taxonomy":"product_cat","embeddable":true,"href":"https:\/\/zecovalve.com\/fr\/wp-json\/wp\/v2\/product_cat?post=17371"},{"taxonomy":"product_tag","embeddable":true,"href":"https:\/\/zecovalve.com\/fr\/wp-json\/wp\/v2\/product_tag?post=17371"}],"curies":[{"name":"wp","href":"https:\/\/api.w.org\/{rel}","templated":true}]}}