{"id":17507,"date":"2022-06-28T02:33:45","date_gmt":"2022-06-28T02:33:45","guid":{"rendered":"https:\/\/zecovalve.com\/?post_type=product&#038;p=17507"},"modified":"2023-06-15T13:17:23","modified_gmt":"2023-06-15T13:17:23","slug":"gear-operated-gate-valve-2","status":"publish","type":"product","link":"https:\/\/zecovalve.com\/fr\/produit\/gear-operated-gate-valve-2","title":{"rendered":"Robinet-vanne \u00e0 engrenages"},"content":{"rendered":"<div class=\"col-xs-12\">\n<div class=\"rbt\">\n<h1><img loading=\"lazy\" decoding=\"async\" class=\"size-medium wp-image-17508\" style=\"font-size: inherit;\" src=\"https:\/\/zecovalve.com\/wp-content\/uploads\/2022\/06\/g-2-105309-300x225.jpg\" alt=\"Vanne \u00e0 vanne \u00e0 engrenages-1\" width=\"300\" height=\"225\" srcset=\"https:\/\/zecovalve.com\/wp-content\/uploads\/2022\/06\/g-2-105309-300x225.jpg 300w, https:\/\/zecovalve.com\/wp-content\/uploads\/2022\/06\/g-2-105309-768x576.jpg 768w, https:\/\/zecovalve.com\/wp-content\/uploads\/2022\/06\/g-2-105309-600x450.jpg 600w, https:\/\/zecovalve.com\/wp-content\/uploads\/2022\/06\/g-2-105309.jpg 800w\" sizes=\"auto, (max-width: 300px) 100vw, 300px\" \/><\/h1>\n<\/div>\n<\/div>\n<div class=\"text\">\n<div id=\"productdetail\">\n<div id=\"productdetail_txt\" class=\"col-md-7 col-sm-6 col-xs-12\">\n<p><strong><a href=\"https:\/\/zecovalve.com\/fr\/produit\/gear-operated-gate-valve\/\" data-internallinksmanager029f6b8e52c=\"2\" title=\"robinets-vannes \u00e0 engrenages\" target=\"_blank\" rel=\"noopener\">Robinet-vanne \u00e0 engrenages<\/a><\/strong>Les vannes \u00e0 engrenages de Zeco servent de vannes marche-arr\u00eat efficaces avec un d\u00e9bit dans les deux sens.<\/p>\n<\/div>\n<\/div>\n<div id=\"myTabContent\" class=\"tab-content\">\n<div id=\"page1\" class=\"tab-pane fade in active\">\n<div class=\"col-xs-12\">\n<div class=\"\">\n<p><b>Principe<\/b><b>:<\/b><b>\u00a0<\/b><b><\/b><\/p>\n<p>Les vannes \u00e0 engrenages servent de vannes marche-arr\u00eat efficaces avec un d\u00e9bit dans les deux sens. Dans une telle conception, une cale coulisse \u00e0 travers un passage g\u00e9n\u00e9ral afin de contr\u00f4ler le d\u00e9bit de fluide (comme une porte coulissante, d&#039;o\u00f9 son nom). L&#039;une des caract\u00e9ristiques les plus importantes de ce type de vannes \u00e0 engrenages est son passage direct et d\u00e9gag\u00e9 lorsqu&#039;elle est r\u00e9gl\u00e9e en position compl\u00e8tement ouverte. Ceci est rendu possible par le fait que la cale se soul\u00e8ve enti\u00e8rement hors du passage. En cons\u00e9quence, les vannes industrielles se caract\u00e9risent par un minimum de turbulences et de chutes de pression en fonctionnement.<\/p>\n<p>Bien que les vannes \u00e0 engrenages conviennent aux applications n\u00e9cessitant ces deux facteurs, elles ne sont pas recommand\u00e9es pour les installations dans lesquelles l&#039;\u00e9tranglement serait une fonction. Ils sont con\u00e7us pour un service marche\/arr\u00eat.<\/p>\n<p>Les vannes \u00e0 engrenages comportent une cale flexible, sauf indication contraire du client. La cale flexible se d\u00e9place le long du corps de la vanne lors de l&#039;ouverture et de la fermeture, \u00e9tant maintenue en position par une fente de guidage qui minimise la friction entre le si\u00e8ge du corps et la cale. Cette conception est particuli\u00e8rement adapt\u00e9e pour compenser les l\u00e9g\u00e8res d\u00e9formations thermiques produites par le tube de la vanne lui-m\u00eame, garantissant ainsi une meilleure \u00e9tanch\u00e9it\u00e9 entre le corps et les si\u00e8ges de cale.<\/p>\n<p align=\"justify\"><b>Caract\u00e9ristiques\uff1a<\/b><b><\/b><\/p>\n<p align=\"justify\">1. Petite r\u00e9sistance \u00e0 l&#039;\u00e9coulement pour le fluide\u00a0;<\/p>\n<p align=\"justify\">2. Seule une petite force est requise pour l\u2019ouverture\/fermeture\u00a0;<\/p>\n<p align=\"justify\">3. Aucune limitation sur la direction d&#039;\u00e9coulement du milieu\u00a0;<\/p>\n<p align=\"justify\">4. Pendant le processus d&#039;ouverture et de fermeture, la friction entre la cale du disque et le si\u00e8ge est faible, de sorte que l&#039;\u00e9tanch\u00e9it\u00e9 est fiable, garantissant l&#039;\u00e9tanch\u00e9it\u00e9 et une longue dur\u00e9e de vie\u00a0;<\/p>\n<p align=\"justify\">5. L&#039;\u00e9tanch\u00e9it\u00e9 de la tige de valve est r\u00e9alis\u00e9e gr\u00e2ce \u00e0 la collaboration de graphite flexible et tiss\u00e9. assurer une \u00e9tanch\u00e9it\u00e9 plus fiable\u00a0;<\/p>\n<p align=\"justify\">6. Type de chapeau \u00e0 joint de pression en option\u00a0;<\/p>\n<p align=\"justify\">7. Type \u00e0 coin plein en option\u00a0;<\/p>\n<p align=\"justify\">8. Structures de tige non montantes facultatives\u00a0;<\/p>\n<p align=\"justify\">9. Structure de veste en option.<\/p>\n<p align=\"justify\"><b>Gamme de produits :<\/b><b><\/b><\/p>\n<p>Mat\u00e9riau du corps : acier au carbone, acier inoxydable, acier alli\u00e9<\/p>\n<p>Diam\u00e8tre nominal\u00a0:\u00a01\/2 ~ 60<\/p>\n<p>Plage de pression : Classe 150 ~ 2500<\/p>\n<p>Connexion finale\u00a0: RF, RTJ, BW<\/p>\n<p>Temp\u00e9rature de fonctionnement : -29 \u2103 ~ + 560 \u2103<\/p>\n<p>Mode de fonctionnement\u00a0: volant, bo\u00eete de vitesses, actionneur \u00e9lectrique, actionneur pneumatique, etc.<\/p>\n<table class=\"ke-zeroborder\" border=\"0\" cellspacing=\"0\">\n<tbody>\n<tr>\n<td valign=\"center\" width=\"112\">Marque<\/td>\n<td valign=\"center\" width=\"770\">Zeco<\/td>\n<\/tr>\n<tr>\n<td valign=\"center\" width=\"112\">Type de vanne<\/td>\n<td valign=\"center\" width=\"770\"><a href=\"https:\/\/zecovalve.com\/fr\/produit\/gear-operated-gate-valve\/\" data-internallinksmanager029f6b8e52c=\"2\" title=\"robinets-vannes \u00e0 engrenages\" target=\"_blank\" rel=\"noopener\">Robinet-vanne \u00e0 engrenages<\/a><\/td>\n<\/tr>\n<tr>\n<td valign=\"center\" width=\"112\">Mat\u00e9riau de la valve<\/td>\n<td valign=\"center\" width=\"770\">Acier moul\u00e9, acier inoxydable, alliage sp\u00e9cial, etc.<\/td>\n<\/tr>\n<tr>\n<td valign=\"center\" width=\"112\">Test de la valve<\/td>\n<td valign=\"center\" width=\"770\">100% quantit\u00e9 test\u00e9e avant livraison<\/td>\n<\/tr>\n<tr>\n<td valign=\"center\" width=\"112\">Garantie des soupapes<\/td>\n<td valign=\"center\" width=\"770\">18 mois \u00e0 compter de la date d'exp\u00e9dition d\u00e9part usine, ou 12 mois \u00e0 compter de la date d'installation du produit.<\/td>\n<\/tr>\n<tr>\n<td valign=\"center\" width=\"112\">Peinture des vannes<\/td>\n<td valign=\"center\" width=\"770\">Demande du client<\/td>\n<\/tr>\n<tr>\n<td valign=\"center\" width=\"112\">Paquet de vannes<\/td>\n<td valign=\"center\" width=\"770\">Coffret en bois<\/td>\n<\/tr>\n<tr>\n<td valign=\"center\" width=\"112\">MOQ<\/td>\n<td valign=\"center\" width=\"770\">Aucune exigence<\/td>\n<\/tr>\n<tr>\n<td valign=\"center\" width=\"112\">Certificat de valve<\/td>\n<td valign=\"center\" width=\"770\">API 6D\/CE\/ISO9001\/ISO14001<\/td>\n<\/tr>\n<tr>\n<td valign=\"center\" width=\"112\">D\u00e9tail de la livraison<\/td>\n<td valign=\"center\" width=\"770\">Exp\u00e9dition dans les 4 \u00e0 6 semaines suivant le paiement<\/td>\n<\/tr>\n<tr>\n<td valign=\"center\" width=\"112\">Port<\/td>\n<td valign=\"center\" width=\"770\">SHANGHAI<\/td>\n<\/tr>\n<tr>\n<td valign=\"center\" width=\"112\">Conditions de paiement<\/td>\n<td valign=\"center\" width=\"770\">L\/C, D\/A, D\/P, T\/T<\/td>\n<\/tr>\n<tr>\n<td valign=\"center\" width=\"112\">Certificat propos\u00e9<\/td>\n<td valign=\"center\" width=\"770\">Liste de colisage, facture commerciale, rapports d'essai et certificats de mat\u00e9riaux, certificat de qualit\u00e9 et de quantit\u00e9, certificat de garantie du vendeur.<\/td>\n<\/tr>\n<\/tbody>\n<\/table>\n<p align=\"justify\"><img loading=\"lazy\" decoding=\"async\" class=\"alignnone size-medium wp-image-17509\" src=\"https:\/\/zecovalve.com\/wp-content\/uploads\/2022\/06\/20190205124042_9202-300x182.jpg\" alt=\"\" width=\"300\" height=\"182\" srcset=\"https:\/\/zecovalve.com\/wp-content\/uploads\/2022\/06\/20190205124042_9202-300x182.jpg 300w, https:\/\/zecovalve.com\/wp-content\/uploads\/2022\/06\/20190205124042_9202-600x365.jpg 600w, https:\/\/zecovalve.com\/wp-content\/uploads\/2022\/06\/20190205124042_9202.jpg 750w\" sizes=\"auto, (max-width: 300px) 100vw, 300px\" \/><\/p>\n<\/div>\n<\/div>\n<\/div>\n<\/div>\n<\/div>","protected":false},"excerpt":{"rendered":"<p>Vanne \u00e0 engrenagesLes vannes \u00e0 engrenages de Zeco servent de vannes marche-arr\u00eat efficaces avec un d\u00e9bit dans les deux sens. Principe : Portail \u00e0 engrenages\u2026 <a title=\"Robinet-vanne \u00e0 engrenages\" class=\"read-more\" href=\"https:\/\/zecovalve.com\/fr\/produit\/gear-operated-gate-valve-2\" aria-label=\"Plus sur Vanne \u00e0 engrenages\">Lire plus<\/a><\/p>","protected":false},"featured_media":27870,"comment_status":"closed","ping_status":"closed","template":"","meta":{"_generate-full-width-content":"","kt_blocks_editor_width":""},"product_cat":[2052,2457],"product_tag":[2658,2798],"class_list":["post-17507","product","type-product","status-publish","has-post-thumbnail","hentry","product_cat-gate-valve","product_cat-gate-valve-by-drive-mode","product_tag-isolation-valve","product_tag-osy-valve","sales-flash-overlay","woocommerce-text-align-center","woocommerce-image-align-center","do-quantity-buttons"],"featured_image_src_large":["https:\/\/zecovalve.com\/wp-content\/uploads\/2022\/06\/Gear-Valve-Gear-Operated-Gate-Valve.jpg",800,600,false],"author_info":[],"comment_info":0,"taxonomy_info":{"product_cat":[{"value":2052,"label":"Gate Valve"},{"value":2457,"label":"Gate Valve with Actuator"}],"product_tag":[{"value":2658,"label":"Isolation Valve"},{"value":2798,"label":"OS&amp;Y Valve"}]},"yoast_head":"<!-- This site is optimized with the Yoast SEO Premium plugin v15.4 - https:\/\/yoast.com\/wordpress\/plugins\/seo\/ -->\n<title>Gear Operated Gate Valve - ZECO Valve<\/title>\n<meta name=\"robots\" content=\"index, follow, max-snippet:-1, max-image-preview:large, max-video-preview:-1\" \/>\n<link rel=\"canonical\" href=\"https:\/\/zecovalve.com\/fr\/produit\/gear-operated-gate-valve-2\" \/>\n<meta property=\"og:locale\" content=\"fr_FR\" \/>\n<meta property=\"og:type\" content=\"article\" \/>\n<meta property=\"og:title\" content=\"Gear Operated Gate Valve - ZECO Valve\" \/>\n<meta property=\"og:description\" content=\"Gear Operated Gate ValveZeco&#8217;s gear operated gate valves serve as efficient on-off valves with flow in either direction. Principle:\u00a0 Gear operated Gate ... Lire plus\" \/>\n<meta property=\"og:url\" content=\"https:\/\/zecovalve.com\/fr\/produit\/gear-operated-gate-valve-2\" \/>\n<meta property=\"og:site_name\" content=\"ZECO Valve\" \/>\n<meta property=\"article:modified_time\" content=\"2023-06-15T13:17:23+00:00\" \/>\n<meta property=\"og:image\" content=\"https:\/\/zecovalve.com\/wp-content\/uploads\/2022\/06\/Gear-Valve-Gear-Operated-Gate-Valve.jpg\" \/>\n\t<meta property=\"og:image:width\" content=\"800\" \/>\n\t<meta property=\"og:image:height\" content=\"600\" \/>\n<meta name=\"twitter:card\" content=\"summary_large_image\" \/>\n<meta name=\"twitter:label1\" content=\"\u00c9crit par\">\n\t<meta name=\"twitter:data1\" content=\"Jerry\">\n\t<meta name=\"twitter:label2\" content=\"Dur\u00e9e de lecture estim\u00e9e\">\n\t<meta name=\"twitter:data2\" content=\"2 minutes\">\n<script type=\"application\/ld+json\" class=\"yoast-schema-graph\">{\"@context\":\"https:\/\/schema.org\",\"@graph\":[{\"@type\":\"WebSite\",\"@id\":\"https:\/\/zecovalve.com\/#website\",\"url\":\"https:\/\/zecovalve.com\/\",\"name\":\"ZECO Valve\",\"description\":\"Industrial Ball Valve, Gate Valve and Globe Valve Manufacturer\",\"potentialAction\":[{\"@type\":\"SearchAction\",\"target\":\"https:\/\/zecovalve.com\/?s={search_term_string}\",\"query-input\":\"required name=search_term_string\"}],\"inLanguage\":\"fr-FR\"},{\"@type\":\"ImageObject\",\"@id\":\"https:\/\/zecovalve.com\/product\/gear-operated-gate-valve-2#primaryimage\",\"inLanguage\":\"fr-FR\",\"url\":\"https:\/\/zecovalve.com\/wp-content\/uploads\/2022\/06\/Gear-Valve-Gear-Operated-Gate-Valve.jpg\",\"width\":800,\"height\":600,\"caption\":\"Gear Valve - Gear Operated Gate Valve\"},{\"@type\":\"WebPage\",\"@id\":\"https:\/\/zecovalve.com\/product\/gear-operated-gate-valve-2#webpage\",\"url\":\"https:\/\/zecovalve.com\/product\/gear-operated-gate-valve-2\",\"name\":\"Gear Operated Gate Valve - ZECO Valve\",\"isPartOf\":{\"@id\":\"https:\/\/zecovalve.com\/#website\"},\"primaryImageOfPage\":{\"@id\":\"https:\/\/zecovalve.com\/product\/gear-operated-gate-valve-2#primaryimage\"},\"datePublished\":\"2022-06-28T02:33:45+00:00\",\"dateModified\":\"2023-06-15T13:17:23+00:00\",\"breadcrumb\":{\"@id\":\"https:\/\/zecovalve.com\/product\/gear-operated-gate-valve-2#breadcrumb\"},\"inLanguage\":\"fr-FR\",\"potentialAction\":[{\"@type\":\"ReadAction\",\"target\":[\"https:\/\/zecovalve.com\/product\/gear-operated-gate-valve-2\"]}]},{\"@type\":\"BreadcrumbList\",\"@id\":\"https:\/\/zecovalve.com\/product\/gear-operated-gate-valve-2#breadcrumb\",\"itemListElement\":[{\"@type\":\"ListItem\",\"position\":1,\"item\":{\"@type\":\"WebPage\",\"@id\":\"https:\/\/zecovalve.com\/\",\"url\":\"https:\/\/zecovalve.com\/\",\"name\":\"Home\"}},{\"@type\":\"ListItem\",\"position\":2,\"item\":{\"@type\":\"WebPage\",\"@id\":\"https:\/\/zecovalve.com\/product-category\",\"url\":\"https:\/\/zecovalve.com\/product-category\",\"name\":\"Industrial Valve Manufacturer | Water Valve Manufacturer\"}},{\"@type\":\"ListItem\",\"position\":3,\"item\":{\"@type\":\"WebPage\",\"@id\":\"https:\/\/zecovalve.com\/product\/gear-operated-gate-valve-2\",\"url\":\"https:\/\/zecovalve.com\/product\/gear-operated-gate-valve-2\",\"name\":\"Gear Operated Gate Valve\"}}]}]}<\/script>\n<!-- \/ Yoast SEO Premium plugin. -->","_links":{"self":[{"href":"https:\/\/zecovalve.com\/fr\/wp-json\/wp\/v2\/product\/17507","targetHints":{"allow":["GET"]}}],"collection":[{"href":"https:\/\/zecovalve.com\/fr\/wp-json\/wp\/v2\/product"}],"about":[{"href":"https:\/\/zecovalve.com\/fr\/wp-json\/wp\/v2\/types\/product"}],"replies":[{"embeddable":true,"href":"https:\/\/zecovalve.com\/fr\/wp-json\/wp\/v2\/comments?post=17507"}],"wp:featuredmedia":[{"embeddable":true,"href":"https:\/\/zecovalve.com\/fr\/wp-json\/wp\/v2\/media\/27870"}],"wp:attachment":[{"href":"https:\/\/zecovalve.com\/fr\/wp-json\/wp\/v2\/media?parent=17507"}],"wp:term":[{"taxonomy":"product_cat","embeddable":true,"href":"https:\/\/zecovalve.com\/fr\/wp-json\/wp\/v2\/product_cat?post=17507"},{"taxonomy":"product_tag","embeddable":true,"href":"https:\/\/zecovalve.com\/fr\/wp-json\/wp\/v2\/product_tag?post=17507"}],"curies":[{"name":"wp","href":"https:\/\/api.w.org\/{rel}","templated":true}]}}