{"id":17510,"date":"2022-06-28T02:36:35","date_gmt":"2022-06-28T02:36:35","guid":{"rendered":"https:\/\/zecovalve.com\/?post_type=product&#038;p=17510"},"modified":"2022-09-22T03:26:16","modified_gmt":"2022-09-22T03:26:16","slug":"forged-steel-trunnion-ball-valve","status":"publish","type":"product","link":"https:\/\/zecovalve.com\/fr\/produit\/forged-steel-trunnion-ball-valve","title":{"rendered":"Robinet \u00e0 tournant sph\u00e9rique en acier forg\u00e9"},"content":{"rendered":"Le robinet \u00e0 boisseau sph\u00e9rique en acier forg\u00e9 mont\u00e9 sur tourillon a \u00e9t\u00e9 con\u00e7u avec un corps en deux ou trois pi\u00e8ces et deux si\u00e8ges flottants, qui sont mobiles sous la pression du fluide.\r\n\r\n\r\n\r\n\r\n<figure class=\"wp-block-image alignnone size-medium wp-image-17511\"><img loading=\"lazy\" decoding=\"async\" width=\"300\" height=\"225\" class=\"wp-image-17511\" src=\"https:\/\/zecovalve.com\/wp-content\/uploads\/2022\/06\/F-2-104749-300x225.jpg\" alt=\"Robinet \u00e0 tournant sph\u00e9rique en acier forg\u00e9\" srcset=\"https:\/\/zecovalve.com\/wp-content\/uploads\/2022\/06\/F-2-104749-300x225.jpg 300w, https:\/\/zecovalve.com\/wp-content\/uploads\/2022\/06\/F-2-104749-768x576.jpg 768w, https:\/\/zecovalve.com\/wp-content\/uploads\/2022\/06\/F-2-104749-600x450.jpg 600w, https:\/\/zecovalve.com\/wp-content\/uploads\/2022\/06\/F-2-104749.jpg 800w\" sizes=\"auto, (max-width: 300px) 100vw, 300px\" \/><\/figure>\r\n\r\n\r\n\r\n\r\n<div class=\"gb-button-wrapper gb-button-wrapper-6d8495a3\">\r\n\r\n<a class=\"gb-button gb-button-3d442e11 gb-button-text\" href=\"mailto:commercial@zecovalve.com\" target=\"_blank\" rel=\"noopener noreferrer\"><strong>OBTENIR LE PRIX D'UN ROBINET \u00c0 TOURNANT SPH\u00c9RIQUE EN ACIER FORG\u00c9<\/strong><\/a>\r\n\r\n<\/div>\r\n\r\n\r\n<h2 class=\"wp-block-heading\">Qu'est-ce qu'un robinet \u00e0 tournant sph\u00e9rique ?<\/h2>\r\n\r\n\r\n\r\n\r\nUne vanne \u00e0 bille utilise une bille rotative et une tige pour contr\u00f4ler le d\u00e9bit. Lorsque la vanne est positionn\u00e9e de mani\u00e8re \u00e0 ce que l'al\u00e9sage soit align\u00e9 dans la m\u00eame direction que la canalisation, elle est en position ouverte et le fluide peut passer en aval. Lorsque la bille est tourn\u00e9e de 90 degr\u00e9s, l'al\u00e9sage devient perpendiculaire \u00e0 la voie d'\u00e9coulement, ce qui signifie que la vanne est ferm\u00e9e et que le fluide ne peut pas passer.\r\n\r\n\r\n\r\n\r\n\r\nLes avantages d'un robinet \u00e0 tournant sph\u00e9rique sont les suivants Fermeture rapide : il suffit d'un tour de 90 degr\u00e9s pour fermer le robinet. L'\u00e9tat ouvert ou ferm\u00e9 de la vanne peut \u00eatre facilement d\u00e9tect\u00e9 par la position de la poign\u00e9e. Le robinet \u00e0 bille assure une \u00e9tanch\u00e9it\u00e9 parfaite, m\u00eame apr\u00e8s de longues p\u00e9riodes, gr\u00e2ce \u00e0 l'utilisation de composants d'\u00e9tanch\u00e9it\u00e9 souples.\r\n\r\n\r\n\r\n\r\n\r\nLa conception de la sph\u00e8re mont\u00e9e sur tourillon comporte un ancrage \"tourillon\" en haut et en bas de la sph\u00e8re. Cette conception assure une \u00e9tanch\u00e9it\u00e9 positive sur les si\u00e8ges aval et amont, quelle que soit la pression, ce qui permet une fonction de double blocage et de purge, ou de double isolation et de purge. Les robinets \u00e0 tournant sph\u00e9rique \u00e0 tourillon conviennent donc aux op\u00e9rations \u00e0 plus grand diam\u00e8tre et \u00e0 plus haute pression. En outre, cette conception r\u00e9duit le couple n\u00e9cessaire pour actionner le robinet, ce qui rend la conception \u00e0 tourillon id\u00e9ale pour les applications de robinets \u00e0 tournant sph\u00e9rique automatis\u00e9s.\r\n\r\n\r\n\r\n\r\n<h2 class=\"wp-block-heading\" id=\"h-specifications-of-forged-steel-trunnion-ball-valve\">Sp\u00e9cifications du robinet \u00e0 tournant sph\u00e9rique en acier forg\u00e9<\/h2>\r\n\r\n\r\n\r\n\r\nLes robinets \u00e0 tournant sph\u00e9rique mont\u00e9s sur tourillon ZECO offrent une gamme compl\u00e8te de produits avec des robinets de 2\u2033-56\u2033, des classes ANSI 150LB - 2500LB, un corps en acier forg\u00e9 boulonn\u00e9 ou enti\u00e8rement soud\u00e9, une conception de bloc de tourillon \u00e0 couplage \u00e9troit pour des couples de fonctionnement faibles, et une fonction de scellement de si\u00e8ge secondaire. Les robinets API-6D sont propos\u00e9s avec des si\u00e8ges auto-relaxants ou une \u00e9tanch\u00e9it\u00e9 \u00e0 double piston en option. Des compos\u00e9s de si\u00e8ge sp\u00e9ciaux sont \u00e9galement disponibles. Chaque vanne est conforme aux exigences API-6D, API 6FA et Nace. Les options comprennent des rallonges de tige, des actionneurs, des embouts de tuyauterie et des rev\u00eatements sp\u00e9cialis\u00e9s.\r\n\r\n\r\n\r\n\r\n<ol class=\"wp-block-list\">\r\n \t<li>Certification : ISO9001, API6D, CE, TS<\/li>\r\n \t<li>Taille : 2\u2033-56\u2033<\/li>\r\n \t<li>Pression : Classe 150LB-2500LB<\/li>\r\n \t<li>Mat\u00e9riau : A105, LF2, F11, F22, F5, F304, F316, F304L, F316L<\/li>\r\n \t<li>Garantie : 12 mois<\/li>\r\n \t<li>Milieu appropri\u00e9 : eau, huile, gaz<\/li>\r\n \t<li>Conception et fabrication : API6D, ASME B 16.34, BS5351<\/li>\r\n \t<li>Inspection et test : API598<\/li>\r\n \t<li>Dimension de la bride d'extr\u00e9mit\u00e9 : ASME B16.5 (pour NPS\u226424) ; AMSE B16.47 s\u00e9rie B<\/li>\r\n \t<li>Dimension de la soudure par embo\u00eetement : ASME B16.11<\/li>\r\n \t<li>Face \u00e0 face et bout \u00e0 bout : ASME B 16.10<\/li>\r\n \t<li>Pression\/temp\u00e9rature nominale : ASME B16.34<\/li>\r\n<\/ol>\r\n\r\n\r\n\r\n<h2 class=\"wp-block-heading\">Principe de fonctionnement du robinet \u00e0 boisseau sph\u00e9rique en acier forg\u00e9 mont\u00e9 sur tourillon<\/h2>\r\n\r\n\r\n\r\n\r\nSous la base des si\u00e8ges, des ressorts de pr\u00e9contrainte sont positionn\u00e9s pour garantir que deux si\u00e8ges flottants peuvent s'attacher fermement \u00e0 la surface de la bille. De plus, la pression du fluide peut \u00e9galement pousser les si\u00e8ges \u00e0 s'attacher fermement \u00e0 la bille pour garantir une \u00e9tanch\u00e9it\u00e9 plus fiable. Les robinets \u00e0 tournant sph\u00e9rique sont largement utilis\u00e9s dans le raffinage du p\u00e9trole, l'industrie chimique, la papeterie, la pharmacie, l'alimentation, l'\u00e9nergie hydraulique, les municipalit\u00e9s, la sid\u00e9rurgie et d'autres industries. Parmi eux, les robinets \u00e0 tournant sph\u00e9rique de la s\u00e9rie r\u00e9sistante au soufre sont particuli\u00e8rement adapt\u00e9s aux pipelines longue distance pour le transport de gaz naturel hautement corrosif contenant de l'hydrog\u00e8ne sulfur\u00e9 et de nombreuses impuret\u00e9s.\r\n\r\n\r\n\r\n\r\n\r\nLe robinet \u00e0 tournant sph\u00e9rique est \u00e9quip\u00e9 d'une bague d'\u00e9tanch\u00e9it\u00e9 mobile qui peut g\u00e9n\u00e9rer un d\u00e9placement sous la pression du fluide. En cas de pression du fluide, la pression exercera une pression sur la bague d'\u00e9tanch\u00e9it\u00e9 du si\u00e8ge de la vanne pour qu'elle s'appuie fermement sur la bille, garantissant ainsi l'\u00e9tanch\u00e9it\u00e9 de la vanne \u00e0 bille.\r\n\r\n\r\n\r\n\r\n<h2 class=\"wp-block-heading\">Caract\u00e9ristiques du robinet \u00e0 tournant sph\u00e9rique forg\u00e9<\/h2>\r\n\r\n\r\n\r\n<ul class=\"wp-block-list\">\r\n \t<li>1. Structure simple avec de bonnes performances d'\u00e9tanch\u00e9it\u00e9 et un faible couple ;<\/li>\r\n \t<li>2. Conception \u00e0 passage int\u00e9gral et \u00e0 passage r\u00e9duit avec une r\u00e9sistance minimale \u00e0 l'\u00e9coulement (z\u00e9ro en fait) ;<\/li>\r\n \t<li>3. Injection d'urgence de mastic ;<\/li>\r\n \t<li>4. Boule et tige ind\u00e9pendantes\uff1b.<\/li>\r\n \t<li>5. Emballage \u00e0 faible taux d'\u00e9mission\uff1b.<\/li>\r\n \t<li>6. Conception de la tige ignifuge, antistatique et anti-\u00e9clatement\uff1b.<\/li>\r\n \t<li>7. Autod\u00e9charge de la pression de la cavit\u00e9\uff1b.<\/li>\r\n \t<li>8. Chapeau prolong\u00e9 en option\u3002<\/li>\r\n<\/ul>\r\n\r\n\r\n\r\n<h2 class=\"wp-block-heading\">Informations sur l'exp\u00e9dition du robinet \u00e0 tournant sph\u00e9rique en acier forg\u00e9<\/h2>\r\n\r\n\r\n\r\n<figure class=\"wp-block-table\">\r\n<table>\r\n<tbody>\r\n<tr>\r\n<td>Marque<\/td>\r\n<td>ZECO<\/td>\r\n<\/tr>\r\n<tr>\r\n<td>Type de vanne<\/td>\r\n<td>Robinet \u00e0 tournant sph\u00e9rique en acier forg\u00e9<\/td>\r\n<\/tr>\r\n<tr>\r\n<td>Mat\u00e9riau de la valve<\/td>\r\n<td>\u00a0acier forg\u00e9, acier inoxydable, etc.<\/td>\r\n<\/tr>\r\n<tr>\r\n<td>Test de la valve<\/td>\r\n<td>100% quantit\u00e9 test\u00e9e avant livraison<\/td>\r\n<\/tr>\r\n<tr>\r\n<td>Garantie des soupapes<\/td>\r\n<td>18 mois \u00e0 compter de la date d'exp\u00e9dition d\u00e9part usine, ou 12 mois \u00e0 compter de la date d'installation du produit.<\/td>\r\n<\/tr>\r\n<tr>\r\n<td>Peinture des vannes<\/td>\r\n<td>Demande du client<\/td>\r\n<\/tr>\r\n<tr>\r\n<td>Paquet de vannes<\/td>\r\n<td>Coffret en bois<\/td>\r\n<\/tr>\r\n<tr>\r\n<td>MOQ<\/td>\r\n<td>Aucune exigence<\/td>\r\n<\/tr>\r\n<tr>\r\n<td>Certificat de valve<\/td>\r\n<td>API 6D\/CE\/ISO9001\/ISO14001<\/td>\r\n<\/tr>\r\n<tr>\r\n<td>D\u00e9tail de la livraison<\/td>\r\n<td>Exp\u00e9dition dans les 4 \u00e0 6 semaines suivant le paiement<\/td>\r\n<\/tr>\r\n<tr>\r\n<td>Port<\/td>\r\n<td>SHANGHAI, NINGBO<\/td>\r\n<\/tr>\r\n<tr>\r\n<td>Conditions de paiement<\/td>\r\n<td>L\/C, T\/T<\/td>\r\n<\/tr>\r\n<tr>\r\n<td>Certificat propos\u00e9<\/td>\r\n<td>Liste de colisage, facture commerciale, rapports d'essai et certificats de mat\u00e9riaux, certificat de qualit\u00e9 et de quantit\u00e9, certificat de garantie du vendeur.<\/td>\r\n<\/tr>\r\n<\/tbody>\r\n<\/table>\r\n<\/figure>","protected":false},"excerpt":{"rendered":"<p>Le robinet \u00e0 tournant sph\u00e9rique mont\u00e9 sur tourillon en acier forg\u00e9 a \u00e9t\u00e9 con\u00e7u avec un corps en deux pi\u00e8ces ou un corps en trois pi\u00e8ces et avec deux flotteurs\u2026 <a title=\"Robinet \u00e0 tournant sph\u00e9rique en acier forg\u00e9\" class=\"read-more\" href=\"https:\/\/zecovalve.com\/fr\/produit\/forged-steel-trunnion-ball-valve\" aria-label=\"Plus sur Robinet \u00e0 tournant sph\u00e9rique en acier forg\u00e9\">Lire plus<\/a><\/p>","protected":false},"featured_media":17511,"comment_status":"closed","ping_status":"closed","template":"","meta":{"_generate-full-width-content":"","kt_blocks_editor_width":""},"product_cat":[2047,2461],"product_tag":[3920,2658,3914,2723],"class_list":["post-17510","product","type-product","status-publish","has-post-thumbnail","hentry","product_cat-ball-valve","product_cat-ball-valve-by-material","product_tag-api-6d-ball-valve","product_tag-isolation-valve","product_tag-reduced-bore-ball-valve","product_tag-what-is-a-valve","sales-flash-overlay","woocommerce-text-align-center","woocommerce-image-align-center","do-quantity-buttons"],"featured_image_src_large":["https:\/\/zecovalve.com\/wp-content\/uploads\/2022\/06\/F-2-104749.jpg",800,600,false],"author_info":[],"comment_info":0,"taxonomy_info":{"product_cat":[{"value":2047,"label":"Ball Valve"},{"value":2461,"label":"Ball Valve By Material"}],"product_tag":[{"value":3920,"label":"API 6D Ball Valve"},{"value":2658,"label":"Isolation Valve"},{"value":3914,"label":"Reduced Bore Ball Valve"},{"value":2723,"label":"What is a Valve"}]},"yoast_head":"<!-- This site is optimized with the Yoast SEO Premium plugin v15.4 - https:\/\/yoast.com\/wordpress\/plugins\/seo\/ -->\n<title>Forged Steel Trunnion Ball Valve - Trunnion Mounted Ball Valve | ZECO<\/title>\n<meta name=\"robots\" content=\"index, follow, max-snippet:-1, max-image-preview:large, max-video-preview:-1\" \/>\n<link rel=\"canonical\" href=\"https:\/\/zecovalve.com\/fr\/produit\/forged-steel-trunnion-ball-valve\" \/>\n<meta property=\"og:locale\" content=\"fr_FR\" \/>\n<meta property=\"og:type\" content=\"article\" \/>\n<meta property=\"og:title\" content=\"Forged Steel Trunnion Ball Valve - Trunnion Mounted Ball Valve | ZECO\" \/>\n<meta property=\"og:description\" content=\"Forged steel trunnion mounted ball valve has been designed two piece body type or three piece body type and with two floating ... Lire plus\" \/>\n<meta property=\"og:url\" content=\"https:\/\/zecovalve.com\/fr\/produit\/forged-steel-trunnion-ball-valve\" \/>\n<meta property=\"og:site_name\" content=\"ZECO Valve\" \/>\n<meta property=\"article:modified_time\" content=\"2022-09-22T03:26:16+00:00\" \/>\n<meta property=\"og:image\" content=\"https:\/\/zecovalve.com\/wp-content\/uploads\/2022\/06\/F-2-104749.jpg\" \/>\n\t<meta property=\"og:image:width\" content=\"800\" \/>\n\t<meta property=\"og:image:height\" content=\"600\" \/>\n<meta name=\"twitter:card\" content=\"summary_large_image\" \/>\n<meta name=\"twitter:label1\" content=\"\u00c9crit par\">\n\t<meta name=\"twitter:data1\" content=\"Jerry\">\n\t<meta name=\"twitter:label2\" content=\"Dur\u00e9e de lecture estim\u00e9e\">\n\t<meta name=\"twitter:data2\" content=\"3 minutes\">\n<script type=\"application\/ld+json\" class=\"yoast-schema-graph\">{\"@context\":\"https:\/\/schema.org\",\"@graph\":[{\"@type\":\"WebSite\",\"@id\":\"https:\/\/zecovalve.com\/#website\",\"url\":\"https:\/\/zecovalve.com\/\",\"name\":\"ZECO Valve\",\"description\":\"Industrial Ball Valve, Gate Valve and Globe Valve Manufacturer\",\"potentialAction\":[{\"@type\":\"SearchAction\",\"target\":\"https:\/\/zecovalve.com\/?s={search_term_string}\",\"query-input\":\"required name=search_term_string\"}],\"inLanguage\":\"fr-FR\"},{\"@type\":\"ImageObject\",\"@id\":\"https:\/\/zecovalve.com\/product\/forged-steel-trunnion-ball-valve#primaryimage\",\"inLanguage\":\"fr-FR\",\"url\":\"https:\/\/zecovalve.com\/wp-content\/uploads\/2022\/06\/F-2-104749.jpg\",\"width\":800,\"height\":600,\"caption\":\"Forged Steel Trunnion Ball Valve\"},{\"@type\":\"WebPage\",\"@id\":\"https:\/\/zecovalve.com\/product\/forged-steel-trunnion-ball-valve#webpage\",\"url\":\"https:\/\/zecovalve.com\/product\/forged-steel-trunnion-ball-valve\",\"name\":\"Forged Steel Trunnion Ball Valve - Trunnion Mounted Ball Valve | ZECO\",\"isPartOf\":{\"@id\":\"https:\/\/zecovalve.com\/#website\"},\"primaryImageOfPage\":{\"@id\":\"https:\/\/zecovalve.com\/product\/forged-steel-trunnion-ball-valve#primaryimage\"},\"datePublished\":\"2022-06-28T02:36:35+00:00\",\"dateModified\":\"2022-09-22T03:26:16+00:00\",\"breadcrumb\":{\"@id\":\"https:\/\/zecovalve.com\/product\/forged-steel-trunnion-ball-valve#breadcrumb\"},\"inLanguage\":\"fr-FR\",\"potentialAction\":[{\"@type\":\"ReadAction\",\"target\":[\"https:\/\/zecovalve.com\/product\/forged-steel-trunnion-ball-valve\"]}]},{\"@type\":\"BreadcrumbList\",\"@id\":\"https:\/\/zecovalve.com\/product\/forged-steel-trunnion-ball-valve#breadcrumb\",\"itemListElement\":[{\"@type\":\"ListItem\",\"position\":1,\"item\":{\"@type\":\"WebPage\",\"@id\":\"https:\/\/zecovalve.com\/\",\"url\":\"https:\/\/zecovalve.com\/\",\"name\":\"Home\"}},{\"@type\":\"ListItem\",\"position\":2,\"item\":{\"@type\":\"WebPage\",\"@id\":\"https:\/\/zecovalve.com\/product-category\",\"url\":\"https:\/\/zecovalve.com\/product-category\",\"name\":\"Industrial Valve Manufacturer | Water Valve Manufacturer\"}},{\"@type\":\"ListItem\",\"position\":3,\"item\":{\"@type\":\"WebPage\",\"@id\":\"https:\/\/zecovalve.com\/product\/forged-steel-trunnion-ball-valve\",\"url\":\"https:\/\/zecovalve.com\/product\/forged-steel-trunnion-ball-valve\",\"name\":\"Forged Steel Trunnion Ball Valve\"}}]}]}<\/script>\n<!-- \/ Yoast SEO Premium plugin. -->","_links":{"self":[{"href":"https:\/\/zecovalve.com\/fr\/wp-json\/wp\/v2\/product\/17510","targetHints":{"allow":["GET"]}}],"collection":[{"href":"https:\/\/zecovalve.com\/fr\/wp-json\/wp\/v2\/product"}],"about":[{"href":"https:\/\/zecovalve.com\/fr\/wp-json\/wp\/v2\/types\/product"}],"replies":[{"embeddable":true,"href":"https:\/\/zecovalve.com\/fr\/wp-json\/wp\/v2\/comments?post=17510"}],"wp:featuredmedia":[{"embeddable":true,"href":"https:\/\/zecovalve.com\/fr\/wp-json\/wp\/v2\/media\/17511"}],"wp:attachment":[{"href":"https:\/\/zecovalve.com\/fr\/wp-json\/wp\/v2\/media?parent=17510"}],"wp:term":[{"taxonomy":"product_cat","embeddable":true,"href":"https:\/\/zecovalve.com\/fr\/wp-json\/wp\/v2\/product_cat?post=17510"},{"taxonomy":"product_tag","embeddable":true,"href":"https:\/\/zecovalve.com\/fr\/wp-json\/wp\/v2\/product_tag?post=17510"}],"curies":[{"name":"wp","href":"https:\/\/api.w.org\/{rel}","templated":true}]}}