{"id":17522,"date":"2022-06-28T02:47:32","date_gmt":"2022-06-28T02:47:32","guid":{"rendered":"https:\/\/zecovalve.com\/?post_type=product&#038;p=17522"},"modified":"2023-06-15T14:01:42","modified_gmt":"2023-06-15T14:01:42","slug":"carbon-steel-globe-valve","status":"publish","type":"product","link":"https:\/\/zecovalve.com\/fr\/produit\/carbon-steel-globe-valve","title":{"rendered":"Robinet \u00e0 soupape en acier au carbone"},"content":{"rendered":"<p>Le robinet \u00e0 soupape en acier au carbone est une vanne \u00e0 \u00e9tanch\u00e9it\u00e9 forc\u00e9e, la fermeture de la vanne doit \u00eatre appliqu\u00e9e \u00e0 la pression du disque pour forcer la surface d&#039;\u00e9tanch\u00e9it\u00e9 \u00e0 ne pas fuir.<\/p>\r\n\r\n\r\n\r\n<figure class=\"wp-block-image alignnone size-medium wp-image-16109\">\r\n<p><img loading=\"lazy\" decoding=\"async\" class=\"wp-image-27912 size-medium\" src=\"https:\/\/zecovalve.com\/wp-content\/uploads\/2022\/06\/Carbon-Steel-Globe-Valve-300x225.jpg\" alt=\"Robinet \u00e0 soupape en acier au carbone\" width=\"300\" height=\"225\" srcset=\"https:\/\/zecovalve.com\/wp-content\/uploads\/2022\/06\/Carbon-Steel-Globe-Valve-300x225.jpg 300w, https:\/\/zecovalve.com\/wp-content\/uploads\/2022\/06\/Carbon-Steel-Globe-Valve-768x576.jpg 768w, https:\/\/zecovalve.com\/wp-content\/uploads\/2022\/06\/Carbon-Steel-Globe-Valve-600x450.jpg 600w, https:\/\/zecovalve.com\/wp-content\/uploads\/2022\/06\/Carbon-Steel-Globe-Valve.jpg 800w\" sizes=\"auto, (max-width: 300px) 100vw, 300px\" \/><\/p>\r\n<\/figure>\r\n\r\n\r\n<div class=\"gb-button-wrapper gb-button-wrapper-6d8495a3\">\r\n\r\n\r\n<p><a class=\"gb-button gb-button-3d442e11 gb-button-text\" href=\"https:\/\/zecovalve.com\/fr\/contact\/\" target=\"_blank\" rel=\"noopener noreferrer\"><strong>OBTENIR LE PRIX DE LA VANNE GLOBE EN ACIER AU CARBONE<\/strong><\/a><\/p>\r\n<\/div>\r\n\r\n\r\n\r\n\r\n<h2 class=\"wp-block-heading\">Qu'est-ce que l'acier au carbone ?<\/h2>\r\n\r\n\r\n\r\n<p>L&#039;acier au carbone est un alliage fer-carbone, qui contient jusqu&#039;\u00e0 2,1 en poids de carbone %. Pour les aciers au carbone, il n&#039;y a pas de teneur minimale sp\u00e9cifi\u00e9e en autres \u00e9l\u00e9ments d&#039;alliage, mais ils contiennent souvent du mangan\u00e8se. La teneur maximale en mangan\u00e8se, silicium et cuivre doit \u00eatre inf\u00e9rieure \u00e0 1,65 en poids de %, 0,6 en poids de % et 0,6 en poids de %, respectivement.<\/p>\r\n\r\n\r\n\r\n<p>L&#039;acier au carbone est utilis\u00e9 \u00e0 des temp\u00e9ratures plus \u00e9lev\u00e9es, ou les probl\u00e8mes de chocs thermiques ou m\u00e9caniques constituent un probl\u00e8me, ce qui les rend populaires dans les industries p\u00e9troli\u00e8re et p\u00e9trochimique.<\/p>\r\n\r\n\r\n\r\n<h2 class=\"wp-block-heading\">Structure du robinet \u00e0 soupape en acier au carbone<\/h2>\r\n\r\n\r\n\r\n<p>Le corps et les capots sont moul\u00e9s de haute qualit\u00e9 et ensuite usin\u00e9s avec pr\u00e9cision, attirant l&#039;attention sur la pr\u00e9vention de la concentration des contraintes. Les chapeaux sont soit constitu\u00e9s d&#039;une seule pi\u00e8ce - l&#039;arcade en faisant alors partie int\u00e9grante - soit en deux pi\u00e8ces, selon la taille du robinet \u00e0 soupape. Cela garantit un alignement parfait avec le corps, ce qui conduit \u00e0 une ouverture et une fermeture pr\u00e9cises. Les corps des vannes \u00e0 soupape sont con\u00e7us en tenant compte des m\u00eames caract\u00e9ristiques que les vannes \u00e0 vanne, ce qui signifie dans ce cas que le disque est guid\u00e9 dans des vannes de plus grandes tailles ou en service \u00e0 haute pression afin d&#039;\u00e9viter les vibrations et d&#039;avoir un meilleur si\u00e8ge. La conception du joint corps-chapeau varie en fonction de la classe du robinet \u00e0 soupape. Les robinets \u00e0 soupape de classe 150 \u00e0 600 sont constitu\u00e9s d&#039;un raccord circulaire m\u00e2le-femelle avec un joint en graphite ou en spirale. Les robinets \u00e0 soupape de classe 900 et sup\u00e9rieure sont constitu\u00e9s d&#039;un joint de type annulaire.<\/p>\r\n\r\n\r\n\r\n<p>Dans les conceptions avec joints sous pression, l&#039;\u00e9tanch\u00e9it\u00e9 est obtenue gr\u00e2ce \u00e0 un joint qui tire parti de la pression interne de la conduite. Le mat\u00e9riau le plus couramment utilis\u00e9 est le graphite de haute puret\u00e9 situ\u00e9 entre le corps et la bague de retenue du corps.<\/p>\r\n\r\n\r\n\r\n<h2 class=\"wp-block-heading\">Gamme de produits du robinet \u00e0 soupape en acier au carbone<\/h2>\r\n\r\n\r\n\r\n<ul class=\"wp-block-list\">\r\n<li>Mat\u00e9riau du corps : acier inoxydable, acier au carbone, acier forg\u00e9, acier alli\u00e9<\/li>\r\n<li>Diam\u00e8tre nominal\u00a0: 1\/2\u2033\uff5e24\u2033<\/li>\r\n<li>Plage de pression : Classe 150 ~ 2500<\/li>\r\n<li>Connexion finale\u00a0: RF, RTJ, BW<\/li>\r\n<li>Temp\u00e9rature de fonctionnement\u00a0: -29 \u2103 ~ 560 \u2103<\/li>\r\n<li>Fonctionnement\u00a0: volant, bo\u00eete de vitesses, actionneur \u00e9lectrique, etc.<\/li>\r\n<\/ul>\r\n\r\n\r\n\r\n<h2 class=\"wp-block-heading\" id=\"h-specifications-of-carbon-steel-globe-valve\">Sp\u00e9cifications du robinet \u00e0 soupape en acier au carbone<\/h2>\r\n\r\n\r\n\r\n<ul class=\"wp-block-list\">\r\n<li>Norme face-\u00e0-face\u00a0: ASME B16.10<\/li>\r\n<li>Dimensions de la bride\u00a0: ASME B16.5<\/li>\r\n<li>Conception\u00a0:\u00a0ASME B16.34\/BS1873<\/li>\r\n<li>Test\u00a0:\u00a0API 598<\/li>\r\n<\/ul>\r\n\r\n\r\n\r\n<h2 class=\"wp-block-heading\">Caract\u00e9ristiques du robinet \u00e0 soupape en acier au carbone<\/h2>\r\n\r\n\r\n\r\n<ul class=\"wp-block-list\">\r\n<li>Corps bien con\u00e7us minimisant les turbulences et les pertes de d\u00e9bit\u00a0;<\/li>\r\n<li>La disposition des si\u00e8ges arri\u00e8re permet le remplacement de la garniture lorsque la vanne est en position compl\u00e8tement ouverte et elle est disponible en deux conceptions de disque diff\u00e9rentes, de type ON\/OFF et de type \u00e0 contr\u00f4le de d\u00e9bit\u00a0;<\/li>\r\n<li>Pour garantir des performances sans probl\u00e8me, les surfaces d&#039;assise sont usin\u00e9es avec pr\u00e9cision et parfaitement rod\u00e9es ;<\/li>\r\n<li>Dispositif de verrouillage ou extension de tige en option, chapeau \u00e0 joint sous pression\u00a0;<\/li>\r\n<li>Montage direct en option selon ISO 5211.<\/li>\r\n<\/ul>","protected":false},"excerpt":{"rendered":"<p>Le robinet \u00e0 soupape en acier au carbone est une vanne \u00e0 \u00e9tanch\u00e9it\u00e9 forc\u00e9e, la fermeture de la vanne doit \u00eatre appliqu\u00e9e \u00e0 la pression du disque pour forcer l&#039;\u00e9tanch\u00e9it\u00e9\u2026 <a title=\"Robinet \u00e0 soupape en acier au carbone\" class=\"read-more\" href=\"https:\/\/zecovalve.com\/fr\/produit\/carbon-steel-globe-valve\" aria-label=\"Plus sur Carbon Steel Globe Valve\">Lire plus<\/a><\/p>","protected":false},"featured_media":27912,"comment_status":"closed","ping_status":"closed","template":"","meta":{"_generate-full-width-content":"","kt_blocks_editor_width":""},"product_cat":[2049],"product_tag":[2658],"class_list":["post-17522","product","type-product","status-publish","has-post-thumbnail","hentry","product_cat-globe-valve","product_tag-isolation-valve","sales-flash-overlay","woocommerce-text-align-center","woocommerce-image-align-center","do-quantity-buttons"],"featured_image_src_large":["https:\/\/zecovalve.com\/wp-content\/uploads\/2022\/06\/Carbon-Steel-Globe-Valve.jpg",800,600,false],"author_info":[],"comment_info":0,"taxonomy_info":{"product_cat":[{"value":2049,"label":"Globe Valve"}],"product_tag":[{"value":2658,"label":"Isolation Valve"}]},"yoast_head":"<!-- This site is optimized with the Yoast SEO Premium plugin v15.4 - https:\/\/yoast.com\/wordpress\/plugins\/seo\/ -->\n<title>Carbon Steel Globe Valve - Carbon Steel\/WCB Globe Valve | ZECO Valve<\/title>\n<meta name=\"robots\" content=\"index, follow, max-snippet:-1, max-image-preview:large, max-video-preview:-1\" \/>\n<link rel=\"canonical\" href=\"https:\/\/zecovalve.com\/fr\/produit\/carbon-steel-globe-valve\" \/>\n<meta property=\"og:locale\" content=\"fr_FR\" \/>\n<meta property=\"og:type\" content=\"article\" \/>\n<meta property=\"og:title\" content=\"Carbon Steel Globe Valve - Carbon Steel\/WCB Globe Valve | ZECO Valve\" \/>\n<meta property=\"og:description\" content=\"Carbon steel globe valve is a forced sealed valve, valve closure, must be applied to the disc pressure to force the sealing ... Lire plus\" \/>\n<meta property=\"og:url\" content=\"https:\/\/zecovalve.com\/fr\/produit\/carbon-steel-globe-valve\" \/>\n<meta property=\"og:site_name\" content=\"ZECO Valve\" \/>\n<meta property=\"article:modified_time\" content=\"2023-06-15T14:01:42+00:00\" \/>\n<meta property=\"og:image\" content=\"https:\/\/zecovalve.com\/wp-content\/uploads\/2022\/06\/Carbon-Steel-Globe-Valve.jpg\" \/>\n\t<meta property=\"og:image:width\" content=\"800\" \/>\n\t<meta property=\"og:image:height\" content=\"600\" \/>\n<meta name=\"twitter:card\" content=\"summary_large_image\" \/>\n<meta name=\"twitter:label1\" content=\"\u00c9crit par\">\n\t<meta name=\"twitter:data1\" content=\"Jerry\">\n\t<meta name=\"twitter:label2\" content=\"Dur\u00e9e de lecture estim\u00e9e\">\n\t<meta name=\"twitter:data2\" content=\"2 minutes\">\n<script type=\"application\/ld+json\" class=\"yoast-schema-graph\">{\"@context\":\"https:\/\/schema.org\",\"@graph\":[{\"@type\":\"WebSite\",\"@id\":\"https:\/\/zecovalve.com\/#website\",\"url\":\"https:\/\/zecovalve.com\/\",\"name\":\"ZECO Valve\",\"description\":\"Industrial Ball Valve, Gate Valve and Globe Valve Manufacturer\",\"potentialAction\":[{\"@type\":\"SearchAction\",\"target\":\"https:\/\/zecovalve.com\/?s={search_term_string}\",\"query-input\":\"required name=search_term_string\"}],\"inLanguage\":\"fr-FR\"},{\"@type\":\"ImageObject\",\"@id\":\"https:\/\/zecovalve.com\/product\/carbon-steel-globe-valve#primaryimage\",\"inLanguage\":\"fr-FR\",\"url\":\"https:\/\/zecovalve.com\/wp-content\/uploads\/2022\/06\/Carbon-Steel-Globe-Valve.jpg\",\"width\":800,\"height\":600,\"caption\":\"Carbon Steel Globe Valve\"},{\"@type\":\"WebPage\",\"@id\":\"https:\/\/zecovalve.com\/product\/carbon-steel-globe-valve#webpage\",\"url\":\"https:\/\/zecovalve.com\/product\/carbon-steel-globe-valve\",\"name\":\"Carbon Steel Globe Valve - Carbon Steel\/WCB Globe Valve | ZECO Valve\",\"isPartOf\":{\"@id\":\"https:\/\/zecovalve.com\/#website\"},\"primaryImageOfPage\":{\"@id\":\"https:\/\/zecovalve.com\/product\/carbon-steel-globe-valve#primaryimage\"},\"datePublished\":\"2022-06-28T02:47:32+00:00\",\"dateModified\":\"2023-06-15T14:01:42+00:00\",\"breadcrumb\":{\"@id\":\"https:\/\/zecovalve.com\/product\/carbon-steel-globe-valve#breadcrumb\"},\"inLanguage\":\"fr-FR\",\"potentialAction\":[{\"@type\":\"ReadAction\",\"target\":[\"https:\/\/zecovalve.com\/product\/carbon-steel-globe-valve\"]}]},{\"@type\":\"BreadcrumbList\",\"@id\":\"https:\/\/zecovalve.com\/product\/carbon-steel-globe-valve#breadcrumb\",\"itemListElement\":[{\"@type\":\"ListItem\",\"position\":1,\"item\":{\"@type\":\"WebPage\",\"@id\":\"https:\/\/zecovalve.com\/\",\"url\":\"https:\/\/zecovalve.com\/\",\"name\":\"Home\"}},{\"@type\":\"ListItem\",\"position\":2,\"item\":{\"@type\":\"WebPage\",\"@id\":\"https:\/\/zecovalve.com\/product-category\",\"url\":\"https:\/\/zecovalve.com\/product-category\",\"name\":\"Industrial Valve Manufacturer | Water Valve Manufacturer\"}},{\"@type\":\"ListItem\",\"position\":3,\"item\":{\"@type\":\"WebPage\",\"@id\":\"https:\/\/zecovalve.com\/product\/carbon-steel-globe-valve\",\"url\":\"https:\/\/zecovalve.com\/product\/carbon-steel-globe-valve\",\"name\":\"Carbon Steel Globe Valve\"}}]}]}<\/script>\n<!-- \/ Yoast SEO Premium plugin. -->","_links":{"self":[{"href":"https:\/\/zecovalve.com\/fr\/wp-json\/wp\/v2\/product\/17522","targetHints":{"allow":["GET"]}}],"collection":[{"href":"https:\/\/zecovalve.com\/fr\/wp-json\/wp\/v2\/product"}],"about":[{"href":"https:\/\/zecovalve.com\/fr\/wp-json\/wp\/v2\/types\/product"}],"replies":[{"embeddable":true,"href":"https:\/\/zecovalve.com\/fr\/wp-json\/wp\/v2\/comments?post=17522"}],"wp:featuredmedia":[{"embeddable":true,"href":"https:\/\/zecovalve.com\/fr\/wp-json\/wp\/v2\/media\/27912"}],"wp:attachment":[{"href":"https:\/\/zecovalve.com\/fr\/wp-json\/wp\/v2\/media?parent=17522"}],"wp:term":[{"taxonomy":"product_cat","embeddable":true,"href":"https:\/\/zecovalve.com\/fr\/wp-json\/wp\/v2\/product_cat?post=17522"},{"taxonomy":"product_tag","embeddable":true,"href":"https:\/\/zecovalve.com\/fr\/wp-json\/wp\/v2\/product_tag?post=17522"}],"curies":[{"name":"wp","href":"https:\/\/api.w.org\/{rel}","templated":true}]}}