{"id":17524,"date":"2022-06-28T02:50:27","date_gmt":"2022-06-28T02:50:27","guid":{"rendered":"https:\/\/zecovalve.com\/?post_type=product&#038;p=17524"},"modified":"2023-06-15T13:15:14","modified_gmt":"2023-06-15T13:15:14","slug":"slab-through-conduit-gate-valve","status":"publish","type":"product","link":"https:\/\/zecovalve.com\/fr\/produit\/slab-through-conduit-gate-valve","title":{"rendered":"Robinet-vanne de passage de dalle"},"content":{"rendered":"<div class=\"col-xs-12\">\n<div class=\"rbt\">\n<h1>Robinet-vanne de passage de dalle<\/h1>\n<\/div>\n<\/div>\n<div class=\"text\">\n<div id=\"productdetail\">\n<div class=\"col-xs-12\">\n<div class=\"underline-solid\"><\/div>\n<\/div>\n<div id=\"productdetail_img\" class=\"col-md-5 col-sm-6 col-xs-12\">\n<div class=\"product\">\n<figure id=\"attachment_16156\" aria-describedby=\"caption-attachment-16156\" style=\"width: 290px\" class=\"wp-caption alignnone\"><img loading=\"lazy\" decoding=\"async\" class=\"size-medium wp-image-16156\" src=\"https:\/\/zecovalve.com\/wp-content\/uploads\/2022\/06\/through-conduit-gate-valve-300x225.jpg\" alt=\"Robinet-vanne \u00e0 passage direct\" width=\"300\" height=\"225\" srcset=\"https:\/\/zecovalve.com\/wp-content\/uploads\/2022\/06\/through-conduit-gate-valve-300x225.jpg 300w, https:\/\/zecovalve.com\/wp-content\/uploads\/2022\/06\/through-conduit-gate-valve-768x576.jpg 768w, https:\/\/zecovalve.com\/wp-content\/uploads\/2022\/06\/through-conduit-gate-valve-600x450.jpg 600w, https:\/\/zecovalve.com\/wp-content\/uploads\/2022\/06\/through-conduit-gate-valve.jpg 800w\" sizes=\"auto, (max-width: 300px) 100vw, 300px\" \/><figcaption id=\"caption-attachment-16156\" class=\"wp-caption-text\">Robinet-vanne de passage de dalle<\/figcaption><\/figure>\n<\/div>\n<\/div>\n<div id=\"productdetail_txt\" class=\"col-md-7 col-sm-6 col-xs-12\">\n<p><strong>Robinet-vanne de passage de dalle<\/strong>Les vannes \u00e0 passage traversant par conduit de Zeco sont fabriqu\u00e9es avec un orifice \u00e0 passage int\u00e9gral, une tige montante OS&amp;Y et avec des si\u00e8ges et une vanne flottants, aliment\u00e9s par pression, pour une fermeture \u00e9tanche aux bulles en amont et en aval sous une pression diff\u00e9rentielle faible et \u00e9lev\u00e9e.<\/p>\n<\/div>\n<\/div>\n<div id=\"myTabContent\" class=\"tab-content\">\n<div id=\"page1\" class=\"tab-pane fade in active\">\n<div class=\"col-xs-12\">\n<div class=\"\">\n<p><strong>Principe<\/strong><strong>:<\/strong><strong>\u00a0<\/strong><\/p>\n<p>La capacit\u00e9 de double blocage et de purge et le soulagement automatique de la pression corporelle excessive sont une caract\u00e9ristique standard de cette conception de si\u00e8ge. L&#039;al\u00e9sage lisse et continu minimise les turbulences \u00e0 l&#039;int\u00e9rieur de la vanne et, lorsqu&#039;elle est en position ouverte, elle produit une chute de pression \u00e9quivalente \u00e0 une portion de tuyau de m\u00eame longueur et diam\u00e8tre. Les faces du si\u00e8ge sont \u00e0 l&#039;ext\u00e9rieur du flux d&#039;\u00e9coulement et sont donc prot\u00e9g\u00e9es de l&#039;action \u00e9rosive du flux. Les racleurs et les grattoirs peuvent passer \u00e0 travers la vanne sans dommage.<\/p>\n<p align=\"justify\"><strong>Caract\u00e9ristiques<\/strong><strong>\uff1a<\/strong><\/p>\n<p align=\"justify\">1. Le si\u00e8ge est un anneau de type o et une structure de si\u00e8ge flottante, r\u00e9alise un joint d&#039;importation et d&#039;exportation de valve plate\u00a0; Et la structure du moment d&#039;ouverture et de fermeture pour la vanne commune de seulement 1\/2 permet d&#039;ouvrir et de fermer facilement la vanne\u00a0;<\/p>\n<p align=\"justify\">2. Lorsqu&#039;il est compl\u00e8tement ouvert, le canal est lisse \u00e0 lin\u00e9aire, le coefficient de r\u00e9sistance au d\u00e9bit est minuscule, la perte de pression peut connecter la ligne de nettoyage\u00a0;<\/p>\n<p align=\"justify\">3. Avec la structure d&#039;emballage de capacit\u00e9 d&#039;\u00e9tanch\u00e9it\u00e9, sans r\u00e9glage constant, les caract\u00e9ristiques d&#039;ouverture et de fermeture sont tr\u00e8s l\u00e9g\u00e8res et l&#039;\u00e9tanch\u00e9it\u00e9 est fiable, le presse-\u00e9toupe place une structure d&#039;injection de graisse d&#039;\u00e9tanch\u00e9it\u00e9 d&#039;assistance, les performances scell\u00e9es sont absolument fiables et obtiennent une v\u00e9ritable fuite nulle\u00a0; r\u00e9solvez la vanne commune l&#039;emballage permet la fuite la plus facile des maux\u00a0;<\/p>\n<p align=\"justify\">4. La valve ferm\u00e9e peut automatiquement d\u00e9charger la haute pression du lumen, assurer un fonctionnement s\u00fbr\u00a0;<\/p>\n<p align=\"justify\">5. Structure enti\u00e8rement ferm\u00e9e, les performances de protection sont bonnes, adapt\u00e9es aux exigences.<\/p>\n<p align=\"justify\"><strong>Gamme de produits :<\/strong><\/p>\n<p>Mat\u00e9riau du corps : acier inoxydable, acier au carbone, acier forg\u00e9, acier alli\u00e9<\/p>\n<p>Diam\u00e8tre nominal : 1\/2\u2033\uff5e48\u2033<\/p>\n<p>Plage de pression\u00a0:\u00a0Classe\u00a0150 ~\u00a01500<\/p>\n<p>Connexion finale\u00a0: FF, RF, RTJ, BW<\/p>\n<p>Temp\u00e9rature de fonctionnement\u00a0:\u00a0-196 \u2103 ~ 593 \u2103<\/p>\n<p>Fonctionnement\u00a0: volant, bo\u00eete de vitesses, actionneur \u00e9lectrique, etc.<\/p>\n<p>&nbsp;<\/p>\n<table class=\"ke-zeroborder\" border=\"0\" cellspacing=\"0\">\n<tbody>\n<tr>\n<td valign=\"center\" width=\"112\">Marque<\/td>\n<td valign=\"center\" width=\"770\">Zeco<\/td>\n<\/tr>\n<tr>\n<td valign=\"center\" width=\"112\">Type de vanne<\/td>\n<td valign=\"center\" width=\"770\">Robinet-vanne de passage de dalle<\/td>\n<\/tr>\n<tr>\n<td valign=\"center\" width=\"112\">Mat\u00e9riau de la valve<\/td>\n<td valign=\"center\" width=\"770\">Acier moul\u00e9, acier inoxydable, alliage sp\u00e9cial, etc.<\/td>\n<\/tr>\n<tr>\n<td valign=\"center\" width=\"112\">Test de la valve<\/td>\n<td valign=\"center\" width=\"770\">100% quantit\u00e9 test\u00e9e avant livraison<\/td>\n<\/tr>\n<tr>\n<td valign=\"center\" width=\"112\">Garantie des soupapes<\/td>\n<td valign=\"center\" width=\"770\">18 mois \u00e0 compter de la date d'exp\u00e9dition d\u00e9part usine, ou 12 mois \u00e0 compter de la date d'installation du produit.<\/td>\n<\/tr>\n<tr>\n<td valign=\"center\" width=\"112\">Peinture des vannes<\/td>\n<td valign=\"center\" width=\"770\">Demande du client<\/td>\n<\/tr>\n<tr>\n<td valign=\"center\" width=\"112\">Paquet de vannes<\/td>\n<td valign=\"center\" width=\"770\">Coffret en bois<\/td>\n<\/tr>\n<tr>\n<td valign=\"center\" width=\"112\">MOQ<\/td>\n<td valign=\"center\" width=\"770\">Aucune exigence<\/td>\n<\/tr>\n<tr>\n<td valign=\"center\" width=\"112\">Certificat de valve<\/td>\n<td valign=\"center\" width=\"770\">API 6D\/CE\/ISO9001\/ISO14001<\/td>\n<\/tr>\n<tr>\n<td valign=\"center\" width=\"112\">D\u00e9tail de la livraison<\/td>\n<td valign=\"center\" width=\"770\">Exp\u00e9dition dans les 4 \u00e0 6 semaines suivant le paiement<\/td>\n<\/tr>\n<tr>\n<td valign=\"center\" width=\"112\">Port<\/td>\n<td valign=\"center\" width=\"770\">SHANGHAI<\/td>\n<\/tr>\n<tr>\n<td valign=\"center\" width=\"112\">Conditions de paiement<\/td>\n<td valign=\"center\" width=\"770\">L\/C, D\/A, D\/P, T\/T<\/td>\n<\/tr>\n<tr>\n<td valign=\"center\" width=\"112\">Certificat propos\u00e9<\/td>\n<td valign=\"center\" width=\"770\">Liste de colisage, facture commerciale, rapports d'essai et certificats de mat\u00e9riaux, certificat de qualit\u00e9 et de quantit\u00e9, certificat de garantie du vendeur.<\/td>\n<\/tr>\n<\/tbody>\n<\/table>\n<p><img loading=\"lazy\" decoding=\"async\" class=\"alignnone size-medium wp-image-17509\" src=\"https:\/\/zecovalve.com\/wp-content\/uploads\/2022\/06\/20190205124042_9202-300x182.jpg\" alt=\"\" width=\"300\" height=\"182\" srcset=\"https:\/\/zecovalve.com\/wp-content\/uploads\/2022\/06\/20190205124042_9202-300x182.jpg 300w, https:\/\/zecovalve.com\/wp-content\/uploads\/2022\/06\/20190205124042_9202-600x365.jpg 600w, https:\/\/zecovalve.com\/wp-content\/uploads\/2022\/06\/20190205124042_9202.jpg 750w\" sizes=\"auto, (max-width: 300px) 100vw, 300px\" \/><\/p>\n<\/div>\n<\/div>\n<\/div>\n<\/div>\n<\/div>","protected":false},"excerpt":{"rendered":"<p>Vanne \u00e0 guillotine pour dalle \u00e0 travers un conduit Vanne \u00e0 vanne \u00e0 dalle pour conduit Les vannes \u00e0 guillotine pour dalle \u00e0 travers le conduit de Zeco sont fabriqu\u00e9es avec un orifice \u00e0 passage int\u00e9gral, \u2026 <a title=\"Robinet-vanne de passage de dalle\" class=\"read-more\" href=\"https:\/\/zecovalve.com\/fr\/produit\/slab-through-conduit-gate-valve\" aria-label=\"Plus sur Slab Through Conduit Gate Valve\">Lire plus<\/a><\/p>","protected":false},"featured_media":27899,"comment_status":"closed","ping_status":"closed","template":"","meta":{"_generate-full-width-content":"","kt_blocks_editor_width":""},"product_cat":[2052,2456],"product_tag":[2658,2798],"class_list":["post-17524","product","type-product","status-publish","has-post-thumbnail","hentry","product_cat-gate-valve","product_cat-gate-valve-by-form","product_tag-isolation-valve","product_tag-osy-valve","sales-flash-overlay","woocommerce-text-align-center","woocommerce-image-align-center","do-quantity-buttons"],"featured_image_src_large":["https:\/\/zecovalve.com\/wp-content\/uploads\/2022\/06\/Slab-Through-Conduit-Gate-Valve.jpg",800,600,false],"author_info":[],"comment_info":0,"taxonomy_info":{"product_cat":[{"value":2052,"label":"Gate Valve"},{"value":2456,"label":"Gate Valve By Form"}],"product_tag":[{"value":2658,"label":"Isolation Valve"},{"value":2798,"label":"OS&amp;Y Valve"}]},"yoast_head":"<!-- This site is optimized with the Yoast SEO Premium plugin v15.4 - https:\/\/yoast.com\/wordpress\/plugins\/seo\/ -->\n<title>Slab Through Conduit Gate Valve - ZECO Valve<\/title>\n<meta name=\"robots\" content=\"index, follow, max-snippet:-1, max-image-preview:large, max-video-preview:-1\" \/>\n<link rel=\"canonical\" href=\"https:\/\/zecovalve.com\/fr\/produit\/slab-through-conduit-gate-valve\" \/>\n<meta property=\"og:locale\" content=\"fr_FR\" \/>\n<meta property=\"og:type\" content=\"article\" \/>\n<meta property=\"og:title\" content=\"Slab Through Conduit Gate Valve - ZECO Valve\" \/>\n<meta property=\"og:description\" content=\"Slab Through Conduit Gate Valve Slab Through Conduit Gate ValveZeco&#8217;s slab through conduit gate valves are manufactured with a full bore port, ... Lire plus\" \/>\n<meta property=\"og:url\" content=\"https:\/\/zecovalve.com\/fr\/produit\/slab-through-conduit-gate-valve\" \/>\n<meta property=\"og:site_name\" content=\"ZECO Valve\" \/>\n<meta property=\"article:modified_time\" content=\"2023-06-15T13:15:14+00:00\" \/>\n<meta property=\"og:image\" content=\"https:\/\/zecovalve.com\/wp-content\/uploads\/2022\/06\/Slab-Through-Conduit-Gate-Valve.jpg\" \/>\n\t<meta property=\"og:image:width\" content=\"800\" \/>\n\t<meta property=\"og:image:height\" content=\"600\" \/>\n<meta name=\"twitter:card\" content=\"summary_large_image\" \/>\n<meta name=\"twitter:label1\" content=\"\u00c9crit par\">\n\t<meta name=\"twitter:data1\" content=\"Jerry\">\n\t<meta name=\"twitter:label2\" content=\"Dur\u00e9e de lecture estim\u00e9e\">\n\t<meta name=\"twitter:data2\" content=\"2 minutes\">\n<script type=\"application\/ld+json\" class=\"yoast-schema-graph\">{\"@context\":\"https:\/\/schema.org\",\"@graph\":[{\"@type\":\"WebSite\",\"@id\":\"https:\/\/zecovalve.com\/#website\",\"url\":\"https:\/\/zecovalve.com\/\",\"name\":\"ZECO Valve\",\"description\":\"Industrial Ball Valve, Gate Valve and Globe Valve Manufacturer\",\"potentialAction\":[{\"@type\":\"SearchAction\",\"target\":\"https:\/\/zecovalve.com\/?s={search_term_string}\",\"query-input\":\"required name=search_term_string\"}],\"inLanguage\":\"fr-FR\"},{\"@type\":\"ImageObject\",\"@id\":\"https:\/\/zecovalve.com\/product\/slab-through-conduit-gate-valve#primaryimage\",\"inLanguage\":\"fr-FR\",\"url\":\"https:\/\/zecovalve.com\/wp-content\/uploads\/2022\/06\/Slab-Through-Conduit-Gate-Valve.jpg\",\"width\":800,\"height\":600,\"caption\":\"Slab Through Conduit Gate Valve\"},{\"@type\":\"WebPage\",\"@id\":\"https:\/\/zecovalve.com\/product\/slab-through-conduit-gate-valve#webpage\",\"url\":\"https:\/\/zecovalve.com\/product\/slab-through-conduit-gate-valve\",\"name\":\"Slab Through Conduit Gate Valve - ZECO Valve\",\"isPartOf\":{\"@id\":\"https:\/\/zecovalve.com\/#website\"},\"primaryImageOfPage\":{\"@id\":\"https:\/\/zecovalve.com\/product\/slab-through-conduit-gate-valve#primaryimage\"},\"datePublished\":\"2022-06-28T02:50:27+00:00\",\"dateModified\":\"2023-06-15T13:15:14+00:00\",\"breadcrumb\":{\"@id\":\"https:\/\/zecovalve.com\/product\/slab-through-conduit-gate-valve#breadcrumb\"},\"inLanguage\":\"fr-FR\",\"potentialAction\":[{\"@type\":\"ReadAction\",\"target\":[\"https:\/\/zecovalve.com\/product\/slab-through-conduit-gate-valve\"]}]},{\"@type\":\"BreadcrumbList\",\"@id\":\"https:\/\/zecovalve.com\/product\/slab-through-conduit-gate-valve#breadcrumb\",\"itemListElement\":[{\"@type\":\"ListItem\",\"position\":1,\"item\":{\"@type\":\"WebPage\",\"@id\":\"https:\/\/zecovalve.com\/\",\"url\":\"https:\/\/zecovalve.com\/\",\"name\":\"Home\"}},{\"@type\":\"ListItem\",\"position\":2,\"item\":{\"@type\":\"WebPage\",\"@id\":\"https:\/\/zecovalve.com\/product-category\",\"url\":\"https:\/\/zecovalve.com\/product-category\",\"name\":\"Industrial Valve Manufacturer | Water Valve Manufacturer\"}},{\"@type\":\"ListItem\",\"position\":3,\"item\":{\"@type\":\"WebPage\",\"@id\":\"https:\/\/zecovalve.com\/product\/slab-through-conduit-gate-valve\",\"url\":\"https:\/\/zecovalve.com\/product\/slab-through-conduit-gate-valve\",\"name\":\"Slab Through Conduit Gate Valve\"}}]}]}<\/script>\n<!-- \/ Yoast SEO Premium plugin. -->","_links":{"self":[{"href":"https:\/\/zecovalve.com\/fr\/wp-json\/wp\/v2\/product\/17524","targetHints":{"allow":["GET"]}}],"collection":[{"href":"https:\/\/zecovalve.com\/fr\/wp-json\/wp\/v2\/product"}],"about":[{"href":"https:\/\/zecovalve.com\/fr\/wp-json\/wp\/v2\/types\/product"}],"replies":[{"embeddable":true,"href":"https:\/\/zecovalve.com\/fr\/wp-json\/wp\/v2\/comments?post=17524"}],"wp:featuredmedia":[{"embeddable":true,"href":"https:\/\/zecovalve.com\/fr\/wp-json\/wp\/v2\/media\/27899"}],"wp:attachment":[{"href":"https:\/\/zecovalve.com\/fr\/wp-json\/wp\/v2\/media?parent=17524"}],"wp:term":[{"taxonomy":"product_cat","embeddable":true,"href":"https:\/\/zecovalve.com\/fr\/wp-json\/wp\/v2\/product_cat?post=17524"},{"taxonomy":"product_tag","embeddable":true,"href":"https:\/\/zecovalve.com\/fr\/wp-json\/wp\/v2\/product_tag?post=17524"}],"curies":[{"name":"wp","href":"https:\/\/api.w.org\/{rel}","templated":true}]}}