{"id":17536,"date":"2022-06-28T03:09:43","date_gmt":"2022-06-28T03:09:43","guid":{"rendered":"https:\/\/zecovalve.com\/?post_type=product&#038;p=17536"},"modified":"2023-06-26T06:07:21","modified_gmt":"2023-06-26T06:07:21","slug":"motorized-control-valve","status":"publish","type":"product","link":"https:\/\/zecovalve.com\/fr\/produit\/motorized-control-valve","title":{"rendered":"Vanne de commande motoris\u00e9e"},"content":{"rendered":"<div class=\"col-xs-12\">\n<div class=\"rbt\">\n<h1>Vanne de commande motoris\u00e9e<\/h1>\n<\/div>\n<\/div>\n<div class=\"text\">\n<div id=\"productdetail\">\n<div class=\"col-xs-12\">\n<div class=\"underline-solid\">\n<p><img loading=\"lazy\" decoding=\"async\" class=\"size-medium wp-image-17036\" src=\"https:\/\/zecovalve.com\/wp-content\/uploads\/2022\/06\/two-way-globe-valve-300x273.jpg\" alt=\"Vanne \u00e0 soupape bidirectionnelle\" width=\"300\" height=\"273\" srcset=\"https:\/\/zecovalve.com\/wp-content\/uploads\/2022\/06\/two-way-globe-valve-300x273.jpg 300w, https:\/\/zecovalve.com\/wp-content\/uploads\/2022\/06\/two-way-globe-valve.jpg 330w\" sizes=\"auto, (max-width: 300px) 100vw, 300px\" \/><\/p>\n<\/div>\n<\/div>\n<div id=\"productdetail_img\" class=\"col-md-5 col-sm-6 col-xs-12\">\n<div class=\"product\"><\/div>\n<\/div>\n<div id=\"productdetail_txt\" class=\"col-md-7 col-sm-6 col-xs-12\">\n<p><strong>Vanne de commande motoris\u00e9e<\/strong>La vanne de r\u00e9gulation motoris\u00e9e Zeco est utilis\u00e9e pour la climatisation centrale, le chauffage, le traitement de l&#039;eau et le contr\u00f4le des fluides industriels.<\/p>\n<\/div>\n<\/div>\n<div id=\"myTabContent\" class=\"tab-content\">\n<div id=\"page1\" class=\"tab-pane fade in active\">\n<div class=\"col-xs-12\">\n<div class=\"\">\n<p><strong>A<\/strong><strong>application<\/strong><\/p>\n<p>Port\u00e9e du produit : NPS 2 1\/2&quot; ~ NPS8&quot;, 10bar ~ 25bar<\/p>\n<p><strong>Caract\u00e9ristiques:<\/strong><\/p>\n<p>Contr\u00f4le pr\u00e9cis du d\u00e9bit<\/p>\n<p>Deux interrupteurs assistants et une tige de commande manuelle peuvent \u00eatre fix\u00e9s<\/p>\n<p>Entra\u00eenement par moteur synchrone r\u00e9versible \u00e0 faible tension alternative<\/p>\n<p>Fonctionnement enti\u00e8rement automatique ou fonctionnement longue distance<\/p>\n<p>Dimensions face \u00e0 face\u00a0:AMSE B16.10<\/p>\n<p>Dimension d&#039;extr\u00e9mit\u00e9 de bride\u00a0:\u00a0AMSE B16.10<\/p>\n<p>Rev\u00eatement\u00a0: rev\u00eatement \u00e9poxy li\u00e9 par fusion<\/p>\n<p>Inspection et test\u00a0: API 598 \/ ISO 5208 \/ EN 12226-2<\/p>\n<p><img loading=\"lazy\" decoding=\"async\" class=\"alignnone size-medium wp-image-17295\" src=\"https:\/\/zecovalve.com\/wp-content\/uploads\/2022\/06\/two-way-globe-valve-for-hvac-principle-300x250.jpg\" alt=\"\" width=\"300\" height=\"250\" srcset=\"https:\/\/zecovalve.com\/wp-content\/uploads\/2022\/06\/two-way-globe-valve-for-hvac-principle-300x250.jpg 300w, https:\/\/zecovalve.com\/wp-content\/uploads\/2022\/06\/two-way-globe-valve-for-hvac-principle.jpg 600w\" sizes=\"auto, (max-width: 300px) 100vw, 300px\" \/><\/p>\n<table border=\"1\">\n<tbody>\n<tr>\n<td>Partie<\/td>\n<td>Mat\u00e9riau<\/td>\n<td>FR Sp\u00e9c.<\/td>\n<\/tr>\n<tr>\n<td>Corps<\/td>\n<td>Fonte Ductile<\/td>\n<td>FR-JS1050<\/td>\n<\/tr>\n<tr>\n<td>Bonnet<\/td>\n<td>Fonte Ductile<\/td>\n<td>FR-JS1050<\/td>\n<\/tr>\n<tr>\n<td>Garniture<\/td>\n<td>Acier inoxydable 431<\/td>\n<td>BS970 431S29<\/td>\n<\/tr>\n<tr>\n<td>Si\u00e8ge<\/td>\n<td>Acier inoxydable 431<\/td>\n<td>BS970 431S29<\/td>\n<\/tr>\n<tr>\n<td>Diaphragme<\/td>\n<td>EPDM<\/td>\n<td>Commercial<\/td>\n<\/tr>\n<tr>\n<td colspan=\"3\">Pour les options de mat\u00e9riaux non r\u00e9pertori\u00e9es, consultez l\u2019usine.<\/p>\n<p>Zeco fabrique des vannes dans plus de 50 alliages diff\u00e9rents.<\/td>\n<\/tr>\n<\/tbody>\n<\/table>\n<p><img loading=\"lazy\" decoding=\"async\" class=\"alignnone size-medium wp-image-17537\" src=\"https:\/\/zecovalve.com\/wp-content\/uploads\/2022\/06\/20180515171011_9558-300x268.jpg\" alt=\"\" width=\"300\" height=\"268\" srcset=\"https:\/\/zecovalve.com\/wp-content\/uploads\/2022\/06\/20180515171011_9558-300x268.jpg 300w, https:\/\/zecovalve.com\/wp-content\/uploads\/2022\/06\/20180515171011_9558-1024x916.jpg 1024w, https:\/\/zecovalve.com\/wp-content\/uploads\/2022\/06\/20180515171011_9558-768x687.jpg 768w, https:\/\/zecovalve.com\/wp-content\/uploads\/2022\/06\/20180515171011_9558-600x537.jpg 600w, https:\/\/zecovalve.com\/wp-content\/uploads\/2022\/06\/20180515171011_9558.jpg 1526w\" sizes=\"auto, (max-width: 300px) 100vw, 300px\" \/><\/p>\n<table border=\"1\">\n<tbody>\n<tr>\n<td>NPS<\/td>\n<td>Dans<\/td>\n<td>2 1\/2<\/td>\n<td>3<\/td>\n<td>4<\/td>\n<td>5<\/td>\n<td>6<\/td>\n<td>8<\/td>\n<\/tr>\n<tr>\n<td>L<\/td>\n<td>mm<\/td>\n<td>250<\/td>\n<td>300<\/td>\n<td>350<\/td>\n<td>365<\/td>\n<td>415<\/td>\n<td>510<\/td>\n<\/tr>\n<tr>\n<td>H<\/td>\n<td>mm<\/td>\n<td>148<\/td>\n<td>185<\/td>\n<td>206<\/td>\n<td>227<\/td>\n<td>272<\/td>\n<td>279<\/td>\n<\/tr>\n<tr>\n<td>D<\/td>\n<td>mm<\/td>\n<td>185<\/td>\n<td>200<\/td>\n<td>220<\/td>\n<td>250<\/td>\n<td>285<\/td>\n<td>340<\/td>\n<\/tr>\n<tr>\n<td>K<\/td>\n<td>mm<\/td>\n<td>145<\/td>\n<td>160<\/td>\n<td>180<\/td>\n<td>210<\/td>\n<td>240<\/td>\n<td>295<\/td>\n<\/tr>\n<tr>\n<td>b<\/td>\n<td>mm<\/td>\n<td>20<\/td>\n<td>20<\/td>\n<td>20<\/td>\n<td>22<\/td>\n<td>22<\/td>\n<td>30<\/td>\n<\/tr>\n<tr>\n<td>sd<\/td>\n<td>mm<\/td>\n<td>4-18<\/td>\n<td>8-18<\/td>\n<td>8-18<\/td>\n<td>8-18<\/td>\n<td>8-18<\/td>\n<td>8-22<\/td>\n<\/tr>\n<tr>\n<td>Voyage<\/td>\n<td>mm<\/td>\n<td>42<\/td>\n<td>42<\/td>\n<td>42<\/td>\n<td>42<\/td>\n<td>42<\/td>\n<td>42<\/td>\n<\/tr>\n<tr>\n<td>Kvs<\/td>\n<td>m3\/heure<\/td>\n<td>64<\/td>\n<td>101.5<\/td>\n<td>163<\/td>\n<td>252<\/td>\n<td>410<\/td>\n<td>602<\/td>\n<\/tr>\n<tr>\n<td>Diff\u00e9rence de pression maximale<\/td>\n<td>mpa<\/td>\n<td>0.8<\/td>\n<td>0.6<\/td>\n<td>0.4<\/td>\n<td>0.3<\/td>\n<td>0.2<\/td>\n<td>0.1<\/td>\n<\/tr>\n<\/tbody>\n<\/table>\n<\/div>\n<\/div>\n<\/div>\n<\/div>\n<\/div>","protected":false},"excerpt":{"rendered":"<p>Vanne de r\u00e9gulation motoris\u00e9e Vanne de r\u00e9gulation motoris\u00e9eLa vanne de r\u00e9gulation motoris\u00e9e Zeco est utilis\u00e9e pour la climatisation centrale, le chauffage, le traitement de l&#039;eau et le contr\u00f4le des fluides industriels. Application \u2026 <a title=\"Vanne de commande motoris\u00e9e\" class=\"read-more\" href=\"https:\/\/zecovalve.com\/fr\/produit\/motorized-control-valve\" aria-label=\"Plus sur Vanne de r\u00e9gulation motoris\u00e9e\">Lire plus<\/a><\/p>","protected":false},"featured_media":27963,"comment_status":"closed","ping_status":"closed","template":"","meta":{"_generate-full-width-content":"","kt_blocks_editor_width":""},"product_cat":[2512],"product_tag":[2724,2654,2766,2727],"class_list":["post-17536","product","type-product","status-publish","has-post-thumbnail","hentry","product_cat-balancing-valve","product_tag-balancing-valve","product_tag-hvac-valve","product_tag-motorised-valve","product_tag-motorized-valve","sales-flash-overlay","woocommerce-text-align-center","woocommerce-image-align-center","do-quantity-buttons"],"featured_image_src_large":["https:\/\/zecovalve.com\/wp-content\/uploads\/2022\/06\/Motorized-Control-Valve.jpg",800,600,false],"author_info":[],"comment_info":0,"taxonomy_info":{"product_cat":[{"value":2512,"label":"Balancing Valve"}],"product_tag":[{"value":2724,"label":"Balancing Valve"},{"value":2654,"label":"HVAC Valve"},{"value":2766,"label":"Motorised Valve"},{"value":2727,"label":"Motorized Valve"}]},"yoast_head":"<!-- This site is optimized with the Yoast SEO Premium plugin v15.4 - https:\/\/yoast.com\/wordpress\/plugins\/seo\/ -->\n<title>Motorized Control Valve - ZECO Valve<\/title>\n<meta name=\"robots\" content=\"index, follow, max-snippet:-1, max-image-preview:large, max-video-preview:-1\" \/>\n<link rel=\"canonical\" href=\"https:\/\/zecovalve.com\/fr\/produit\/motorized-control-valve\" \/>\n<meta property=\"og:locale\" content=\"fr_FR\" \/>\n<meta property=\"og:type\" content=\"article\" \/>\n<meta property=\"og:title\" content=\"Motorized Control Valve - ZECO Valve\" \/>\n<meta property=\"og:description\" content=\"Motorized Control Valve Motorized Control ValveZeco Motorized Control Valve is used for central air conditioning, heating, water treatment, industrial fluid control. Application ... Lire plus\" \/>\n<meta property=\"og:url\" content=\"https:\/\/zecovalve.com\/fr\/produit\/motorized-control-valve\" \/>\n<meta property=\"og:site_name\" content=\"ZECO Valve\" \/>\n<meta property=\"article:modified_time\" content=\"2023-06-26T06:07:21+00:00\" \/>\n<meta property=\"og:image\" content=\"https:\/\/zecovalve.com\/wp-content\/uploads\/2022\/06\/Motorized-Control-Valve.jpg\" \/>\n\t<meta property=\"og:image:width\" content=\"800\" \/>\n\t<meta property=\"og:image:height\" content=\"600\" \/>\n<meta name=\"twitter:card\" content=\"summary_large_image\" \/>\n<meta name=\"twitter:label1\" content=\"\u00c9crit par\">\n\t<meta name=\"twitter:data1\" content=\"Jerry\">\n\t<meta name=\"twitter:label2\" content=\"Dur\u00e9e de lecture estim\u00e9e\">\n\t<meta name=\"twitter:data2\" content=\"1 minute\">\n<script type=\"application\/ld+json\" class=\"yoast-schema-graph\">{\"@context\":\"https:\/\/schema.org\",\"@graph\":[{\"@type\":\"WebSite\",\"@id\":\"https:\/\/zecovalve.com\/#website\",\"url\":\"https:\/\/zecovalve.com\/\",\"name\":\"ZECO Valve\",\"description\":\"Industrial Ball Valve, Gate Valve and Globe Valve Manufacturer\",\"potentialAction\":[{\"@type\":\"SearchAction\",\"target\":\"https:\/\/zecovalve.com\/?s={search_term_string}\",\"query-input\":\"required name=search_term_string\"}],\"inLanguage\":\"fr-FR\"},{\"@type\":\"ImageObject\",\"@id\":\"https:\/\/zecovalve.com\/product\/motorized-control-valve#primaryimage\",\"inLanguage\":\"fr-FR\",\"url\":\"https:\/\/zecovalve.com\/wp-content\/uploads\/2022\/06\/Motorized-Control-Valve.jpg\",\"width\":800,\"height\":600,\"caption\":\"Motorized Control Valve\"},{\"@type\":\"WebPage\",\"@id\":\"https:\/\/zecovalve.com\/product\/motorized-control-valve#webpage\",\"url\":\"https:\/\/zecovalve.com\/product\/motorized-control-valve\",\"name\":\"Motorized Control Valve - ZECO Valve\",\"isPartOf\":{\"@id\":\"https:\/\/zecovalve.com\/#website\"},\"primaryImageOfPage\":{\"@id\":\"https:\/\/zecovalve.com\/product\/motorized-control-valve#primaryimage\"},\"datePublished\":\"2022-06-28T03:09:43+00:00\",\"dateModified\":\"2023-06-26T06:07:21+00:00\",\"breadcrumb\":{\"@id\":\"https:\/\/zecovalve.com\/product\/motorized-control-valve#breadcrumb\"},\"inLanguage\":\"fr-FR\",\"potentialAction\":[{\"@type\":\"ReadAction\",\"target\":[\"https:\/\/zecovalve.com\/product\/motorized-control-valve\"]}]},{\"@type\":\"BreadcrumbList\",\"@id\":\"https:\/\/zecovalve.com\/product\/motorized-control-valve#breadcrumb\",\"itemListElement\":[{\"@type\":\"ListItem\",\"position\":1,\"item\":{\"@type\":\"WebPage\",\"@id\":\"https:\/\/zecovalve.com\/\",\"url\":\"https:\/\/zecovalve.com\/\",\"name\":\"Home\"}},{\"@type\":\"ListItem\",\"position\":2,\"item\":{\"@type\":\"WebPage\",\"@id\":\"https:\/\/zecovalve.com\/product-category\",\"url\":\"https:\/\/zecovalve.com\/product-category\",\"name\":\"Industrial Valve Manufacturer | Water Valve Manufacturer\"}},{\"@type\":\"ListItem\",\"position\":3,\"item\":{\"@type\":\"WebPage\",\"@id\":\"https:\/\/zecovalve.com\/product\/motorized-control-valve\",\"url\":\"https:\/\/zecovalve.com\/product\/motorized-control-valve\",\"name\":\"Motorized Control Valve\"}}]}]}<\/script>\n<!-- \/ Yoast SEO Premium plugin. -->","_links":{"self":[{"href":"https:\/\/zecovalve.com\/fr\/wp-json\/wp\/v2\/product\/17536","targetHints":{"allow":["GET"]}}],"collection":[{"href":"https:\/\/zecovalve.com\/fr\/wp-json\/wp\/v2\/product"}],"about":[{"href":"https:\/\/zecovalve.com\/fr\/wp-json\/wp\/v2\/types\/product"}],"replies":[{"embeddable":true,"href":"https:\/\/zecovalve.com\/fr\/wp-json\/wp\/v2\/comments?post=17536"}],"wp:featuredmedia":[{"embeddable":true,"href":"https:\/\/zecovalve.com\/fr\/wp-json\/wp\/v2\/media\/27963"}],"wp:attachment":[{"href":"https:\/\/zecovalve.com\/fr\/wp-json\/wp\/v2\/media?parent=17536"}],"wp:term":[{"taxonomy":"product_cat","embeddable":true,"href":"https:\/\/zecovalve.com\/fr\/wp-json\/wp\/v2\/product_cat?post=17536"},{"taxonomy":"product_tag","embeddable":true,"href":"https:\/\/zecovalve.com\/fr\/wp-json\/wp\/v2\/product_tag?post=17536"}],"curies":[{"name":"wp","href":"https:\/\/api.w.org\/{rel}","templated":true}]}}