{"id":17549,"date":"2022-06-28T03:30:30","date_gmt":"2022-06-28T03:30:30","guid":{"rendered":"https:\/\/zecovalve.com\/?post_type=product&#038;p=17549"},"modified":"2022-09-22T06:29:24","modified_gmt":"2022-09-22T06:29:24","slug":"forged-steel-floating-ball-valve","status":"publish","type":"product","link":"https:\/\/zecovalve.com\/fr\/produit\/forged-steel-floating-ball-valve","title":{"rendered":"Robinet \u00e0 boisseau sph\u00e9rique flottant en acier forg\u00e9"},"content":{"rendered":"<div class=\"col-xs-12\">\n<div class=\"rbt\">\n<h1>Robinet \u00e0 boisseau sph\u00e9rique flottant en acier forg\u00e9<\/h1>\n<\/div>\n<\/div>\n<div class=\"text\">\n<div id=\"productdetail\">\n<div id=\"productdetail_img\" class=\"col-md-5 col-sm-6 col-xs-12\">\n<div class=\"product\">\n<figure id=\"attachment_17551\" aria-describedby=\"caption-attachment-17551\" style=\"width: 290px\" class=\"wp-caption alignnone\"><img loading=\"lazy\" decoding=\"async\" class=\"size-medium wp-image-17551\" src=\"https:\/\/zecovalve.com\/wp-content\/uploads\/2022\/06\/\u672a\u6807\u9898-2-110908-300x225.jpg\" alt=\"Robinet \u00e0 boisseau sph\u00e9rique flottant en acier forg\u00e9\" width=\"300\" height=\"225\" srcset=\"https:\/\/zecovalve.com\/wp-content\/uploads\/2022\/06\/\u672a\u6807\u9898-2-110908-300x225.jpg 300w, https:\/\/zecovalve.com\/wp-content\/uploads\/2022\/06\/\u672a\u6807\u9898-2-110908-768x576.jpg 768w, https:\/\/zecovalve.com\/wp-content\/uploads\/2022\/06\/\u672a\u6807\u9898-2-110908-600x450.jpg 600w, https:\/\/zecovalve.com\/wp-content\/uploads\/2022\/06\/\u672a\u6807\u9898-2-110908.jpg 800w\" sizes=\"auto, (max-width: 300px) 100vw, 300px\" \/><figcaption id=\"caption-attachment-17551\" class=\"wp-caption-text\">Robinet \u00e0 boisseau sph\u00e9rique flottant en acier forg\u00e9<\/figcaption><\/figure>\n<\/div>\n<\/div>\n<div id=\"productdetail_txt\" class=\"col-md-7 col-sm-6 col-xs-12\">\n<p><strong>Robinet \u00e0 boisseau sph\u00e9rique flottant en acier forg\u00e9<\/strong>Le robinet \u00e0 boisseau sph\u00e9rique forg\u00e9 de Zeco poss\u00e8de un boisseau flottant soutenu par deux si\u00e8ges de soupape.<\/p>\n<\/div>\n<\/div>\n<div id=\"myTabContent\" class=\"tab-content\">\n<div id=\"page1\" class=\"tab-pane fade in active\">\n<div class=\"col-xs-12\">\n<div class=\"\">\n<h2 align=\"justify\"><strong>Principe<\/strong><strong>:<\/strong><strong>\u00a0<\/strong><\/h2>\n<p align=\"justify\">Ce type de robinet \u00e0 boisseau sph\u00e9rique forg\u00e9 est dot\u00e9 d'un boisseau flottant soutenu par deux si\u00e8ges de soupape. Sous l'effet de la pression moyenne, un certain d\u00e9placement peut \u00eatre g\u00e9n\u00e9r\u00e9 par la bille elle-m\u00eame de mani\u00e8re \u00e0 \u00eatre press\u00e9e sur la bague d'\u00e9tanch\u00e9it\u00e9 du si\u00e8ge \u00e0 la sortie, ce qui garantit l'\u00e9tanch\u00e9it\u00e9 \u00e0 la sortie.<\/p>\n<h2 align=\"justify\"><strong>Caract\u00e9ristiques<\/strong><strong>\uff1a<\/strong><\/h2>\n<p align=\"justify\">1. Structure simple avec une bonne \u00e9tanch\u00e9it\u00e9 et un petit couple ;<\/p>\n<p align=\"justify\">2. Il existe un type \u00e0 al\u00e9sage r\u00e9duit et un type \u00e0 al\u00e9sage plein avec une r\u00e9sistance minimale \u00e0 l'\u00e9coulement (z\u00e9ro en fait) ;<\/p>\n<p align=\"justify\">3. Emballage \u00e0 faible \u00e9mission ;<\/p>\n<p align=\"justify\">4. Conception de la tige ignifuge, antistatique et anti-\u00e9clatement ;<\/p>\n<p align=\"justify\">5. Dispositif de verrouillage en option.<\/p>\n<h2 align=\"justify\"><strong>Gamme de produits :<\/strong><\/h2>\n<p>Mat\u00e9riau du corps : acier au carbone, acier inoxydable, acier alli\u00e9<\/p>\n<p>Diam\u00e8tre nominal:1\/2\u2033\uff5e6\u2033\uff08DN15~DN150\uff09<\/p>\n<p>Connexion d'extr\u00e9mit\u00e9 : RF, RTJ, BW, THR, SW<\/p>\n<p>Gamme de pression : Classe 150 - 2500\uff08PN16~PN420\uff09<\/p>\n<p>Fonctionnement : cl\u00e9, vis sans fin, \u00e9lectrique, etc.<\/p>\n<table class=\"ke-zeroborder\" border=\"0\" cellspacing=\"0\">\n<tbody>\n<tr>\n<td valign=\"center\" width=\"112\">Marque<\/td>\n<td valign=\"center\" width=\"770\">Zeco<\/td>\n<\/tr>\n<tr>\n<td valign=\"center\" width=\"112\">Type de vanne<\/td>\n<td valign=\"center\" width=\"770\">Robinet \u00e0 boisseau sph\u00e9rique flottant en acier forg\u00e9<\/td>\n<\/tr>\n<tr>\n<td valign=\"center\" width=\"112\">Mat\u00e9riau de la valve<\/td>\n<td valign=\"center\" width=\"770\">Acier moul\u00e9, acier inoxydable, alliage sp\u00e9cial, etc.<\/td>\n<\/tr>\n<tr>\n<td valign=\"center\" width=\"112\">Test de la valve<\/td>\n<td valign=\"center\" width=\"770\">100% quantit\u00e9 test\u00e9e avant livraison<\/td>\n<\/tr>\n<tr>\n<td valign=\"center\" width=\"112\">Garantie des soupapes<\/td>\n<td valign=\"center\" width=\"770\">18 mois \u00e0 compter de la date d'exp\u00e9dition d\u00e9part usine, ou 12 mois \u00e0 compter de la date d'installation du produit.<\/td>\n<\/tr>\n<tr>\n<td valign=\"center\" width=\"112\">Peinture des vannes<\/td>\n<td valign=\"center\" width=\"770\">Demande du client<\/td>\n<\/tr>\n<tr>\n<td valign=\"center\" width=\"112\">Paquet de vannes<\/td>\n<td valign=\"center\" width=\"770\">Coffret en bois<\/td>\n<\/tr>\n<tr>\n<td valign=\"center\" width=\"112\">MOQ<\/td>\n<td valign=\"center\" width=\"770\">Aucune exigence<\/td>\n<\/tr>\n<tr>\n<td valign=\"center\" width=\"112\">Certificat de valve<\/td>\n<td valign=\"center\" width=\"770\">API 6D\/CE\/ISO9001\/ISO14001<\/td>\n<\/tr>\n<tr>\n<td valign=\"center\" width=\"112\">D\u00e9tail de la livraison<\/td>\n<td valign=\"center\" width=\"770\">Exp\u00e9dition dans les 4 \u00e0 6 semaines suivant le paiement<\/td>\n<\/tr>\n<tr>\n<td valign=\"center\" width=\"112\">Port<\/td>\n<td valign=\"center\" width=\"770\">SHANGHAI<\/td>\n<\/tr>\n<tr>\n<td valign=\"center\" width=\"112\">Conditions de paiement<\/td>\n<td valign=\"center\" width=\"770\">L\/C, D\/A, D\/P, T\/T<\/td>\n<\/tr>\n<tr>\n<td valign=\"center\" width=\"112\">Certificat propos\u00e9<\/td>\n<td valign=\"center\" width=\"770\">Liste de colisage, facture commerciale, rapports d'essai et certificats de mat\u00e9riaux, certificat de qualit\u00e9 et de quantit\u00e9, certificat de garantie du vendeur.<\/td>\n<\/tr>\n<\/tbody>\n<\/table>\n<p align=\"justify\"><img loading=\"lazy\" decoding=\"async\" class=\"alignnone size-medium wp-image-17553\" src=\"https:\/\/zecovalve.com\/wp-content\/uploads\/2022\/06\/20190202141829_1415-300x182.jpg\" alt=\"\" width=\"300\" height=\"182\" srcset=\"https:\/\/zecovalve.com\/wp-content\/uploads\/2022\/06\/20190202141829_1415-300x182.jpg 300w, https:\/\/zecovalve.com\/wp-content\/uploads\/2022\/06\/20190202141829_1415-600x365.jpg 600w, https:\/\/zecovalve.com\/wp-content\/uploads\/2022\/06\/20190202141829_1415.jpg 750w\" sizes=\"auto, (max-width: 300px) 100vw, 300px\" \/><\/p>\n<\/div>\n<\/div>\n<\/div>\n<\/div>\n<\/div>","protected":false},"excerpt":{"rendered":"<p>Robinet \u00e0 tournant sph\u00e9rique flottant en acier forg\u00e9 Robinet \u00e0 tournant sph\u00e9rique flottant en acier forg\u00e9Le robinet \u00e0 tournant sph\u00e9rique forg\u00e9 de Zeco est dot\u00e9 d&#039;une bille flottante soutenue par deux si\u00e8ges de vanne. \u2026 <a title=\"Robinet \u00e0 boisseau sph\u00e9rique flottant en acier forg\u00e9\" class=\"read-more\" href=\"https:\/\/zecovalve.com\/fr\/produit\/forged-steel-floating-ball-valve\" aria-label=\"Plus sur Robinet \u00e0 tournant sph\u00e9rique flottant en acier forg\u00e9\">Lire plus<\/a><\/p>","protected":false},"featured_media":17551,"comment_status":"closed","ping_status":"closed","template":"","meta":{"_generate-full-width-content":"","kt_blocks_editor_width":""},"product_cat":[2047,2465],"product_tag":[2804,3920,2658,3922,3921],"class_list":["post-17549","product","type-product","status-publish","has-post-thumbnail","hentry","product_cat-ball-valve","product_cat-forged-steel-ball-valve","product_tag-2-inch-ball-valve","product_tag-api-6d-ball-valve","product_tag-isolation-valve","product_tag-metal-seat-ball-valve","product_tag-metal-seated-ball-valve","sales-flash-overlay","woocommerce-text-align-center","woocommerce-image-align-center","do-quantity-buttons"],"featured_image_src_large":["https:\/\/zecovalve.com\/wp-content\/uploads\/2022\/06\/\u672a\u6807\u9898-2-110908.jpg",800,600,false],"author_info":[],"comment_info":0,"taxonomy_info":{"product_cat":[{"value":2047,"label":"Ball Valve"},{"value":2465,"label":"Forged Ball Valve"}],"product_tag":[{"value":2804,"label":"2 inch Ball Valve"},{"value":3920,"label":"API 6D Ball Valve"},{"value":2658,"label":"Isolation Valve"},{"value":3922,"label":"Metal Seat Ball Valve"},{"value":3921,"label":"Metal Seated Ball Valve"}]},"yoast_head":"<!-- This site is optimized with the Yoast SEO Premium plugin v15.4 - https:\/\/yoast.com\/wordpress\/plugins\/seo\/ -->\n<title>Forged Steel Floating Ball Valve - ZECO Valve<\/title>\n<meta name=\"robots\" content=\"index, follow, max-snippet:-1, max-image-preview:large, max-video-preview:-1\" \/>\n<link rel=\"canonical\" href=\"https:\/\/zecovalve.com\/fr\/produit\/forged-steel-floating-ball-valve\" \/>\n<meta property=\"og:locale\" content=\"fr_FR\" \/>\n<meta property=\"og:type\" content=\"article\" \/>\n<meta property=\"og:title\" content=\"Forged Steel Floating Ball Valve - ZECO Valve\" \/>\n<meta property=\"og:description\" content=\"Forged Steel Floating Ball Valve Forged Steel Floating Ball ValveZeco&#8217;s \u00a0forging ball valve has a floating ball supported by two valve seats. ... Lire plus\" \/>\n<meta property=\"og:url\" content=\"https:\/\/zecovalve.com\/fr\/produit\/forged-steel-floating-ball-valve\" \/>\n<meta property=\"og:site_name\" content=\"ZECO Valve\" \/>\n<meta property=\"article:modified_time\" content=\"2022-09-22T06:29:24+00:00\" \/>\n<meta property=\"og:image\" content=\"https:\/\/zecovalve.com\/wp-content\/uploads\/2022\/06\/\u672a\u6807\u9898-2-110908.jpg\" \/>\n\t<meta property=\"og:image:width\" content=\"800\" \/>\n\t<meta property=\"og:image:height\" content=\"600\" \/>\n<meta name=\"twitter:card\" content=\"summary_large_image\" \/>\n<meta name=\"twitter:label1\" content=\"\u00c9crit par\">\n\t<meta name=\"twitter:data1\" content=\"Jerry\">\n\t<meta name=\"twitter:label2\" content=\"Dur\u00e9e de lecture estim\u00e9e\">\n\t<meta name=\"twitter:data2\" content=\"1 minute\">\n<script type=\"application\/ld+json\" class=\"yoast-schema-graph\">{\"@context\":\"https:\/\/schema.org\",\"@graph\":[{\"@type\":\"WebSite\",\"@id\":\"https:\/\/zecovalve.com\/#website\",\"url\":\"https:\/\/zecovalve.com\/\",\"name\":\"ZECO Valve\",\"description\":\"Industrial Ball Valve, Gate Valve and Globe Valve Manufacturer\",\"potentialAction\":[{\"@type\":\"SearchAction\",\"target\":\"https:\/\/zecovalve.com\/?s={search_term_string}\",\"query-input\":\"required name=search_term_string\"}],\"inLanguage\":\"fr-FR\"},{\"@type\":\"ImageObject\",\"@id\":\"https:\/\/zecovalve.com\/product\/forged-steel-floating-ball-valve#primaryimage\",\"inLanguage\":\"fr-FR\",\"url\":\"https:\/\/zecovalve.com\/wp-content\/uploads\/2022\/06\/\\u672a\\u6807\\u9898-2-110908.jpg\",\"width\":800,\"height\":600,\"caption\":\"Forged Steel Floating Ball Valve\"},{\"@type\":\"WebPage\",\"@id\":\"https:\/\/zecovalve.com\/product\/forged-steel-floating-ball-valve#webpage\",\"url\":\"https:\/\/zecovalve.com\/product\/forged-steel-floating-ball-valve\",\"name\":\"Forged Steel Floating Ball Valve - ZECO Valve\",\"isPartOf\":{\"@id\":\"https:\/\/zecovalve.com\/#website\"},\"primaryImageOfPage\":{\"@id\":\"https:\/\/zecovalve.com\/product\/forged-steel-floating-ball-valve#primaryimage\"},\"datePublished\":\"2022-06-28T03:30:30+00:00\",\"dateModified\":\"2022-09-22T06:29:24+00:00\",\"breadcrumb\":{\"@id\":\"https:\/\/zecovalve.com\/product\/forged-steel-floating-ball-valve#breadcrumb\"},\"inLanguage\":\"fr-FR\",\"potentialAction\":[{\"@type\":\"ReadAction\",\"target\":[\"https:\/\/zecovalve.com\/product\/forged-steel-floating-ball-valve\"]}]},{\"@type\":\"BreadcrumbList\",\"@id\":\"https:\/\/zecovalve.com\/product\/forged-steel-floating-ball-valve#breadcrumb\",\"itemListElement\":[{\"@type\":\"ListItem\",\"position\":1,\"item\":{\"@type\":\"WebPage\",\"@id\":\"https:\/\/zecovalve.com\/\",\"url\":\"https:\/\/zecovalve.com\/\",\"name\":\"Home\"}},{\"@type\":\"ListItem\",\"position\":2,\"item\":{\"@type\":\"WebPage\",\"@id\":\"https:\/\/zecovalve.com\/product-category\",\"url\":\"https:\/\/zecovalve.com\/product-category\",\"name\":\"Industrial Valve Manufacturer | Water Valve Manufacturer\"}},{\"@type\":\"ListItem\",\"position\":3,\"item\":{\"@type\":\"WebPage\",\"@id\":\"https:\/\/zecovalve.com\/product\/forged-steel-floating-ball-valve\",\"url\":\"https:\/\/zecovalve.com\/product\/forged-steel-floating-ball-valve\",\"name\":\"Forged Steel Floating Ball Valve\"}}]}]}<\/script>\n<!-- \/ Yoast SEO Premium plugin. -->","_links":{"self":[{"href":"https:\/\/zecovalve.com\/fr\/wp-json\/wp\/v2\/product\/17549","targetHints":{"allow":["GET"]}}],"collection":[{"href":"https:\/\/zecovalve.com\/fr\/wp-json\/wp\/v2\/product"}],"about":[{"href":"https:\/\/zecovalve.com\/fr\/wp-json\/wp\/v2\/types\/product"}],"replies":[{"embeddable":true,"href":"https:\/\/zecovalve.com\/fr\/wp-json\/wp\/v2\/comments?post=17549"}],"wp:featuredmedia":[{"embeddable":true,"href":"https:\/\/zecovalve.com\/fr\/wp-json\/wp\/v2\/media\/17551"}],"wp:attachment":[{"href":"https:\/\/zecovalve.com\/fr\/wp-json\/wp\/v2\/media?parent=17549"}],"wp:term":[{"taxonomy":"product_cat","embeddable":true,"href":"https:\/\/zecovalve.com\/fr\/wp-json\/wp\/v2\/product_cat?post=17549"},{"taxonomy":"product_tag","embeddable":true,"href":"https:\/\/zecovalve.com\/fr\/wp-json\/wp\/v2\/product_tag?post=17549"}],"curies":[{"name":"wp","href":"https:\/\/api.w.org\/{rel}","templated":true}]}}