{"id":17555,"date":"2022-06-28T03:44:53","date_gmt":"2022-06-28T03:44:53","guid":{"rendered":"https:\/\/zecovalve.com\/?post_type=product&#038;p=17555"},"modified":"2022-06-29T06:15:55","modified_gmt":"2022-06-29T06:15:55","slug":"dbb-monoflange-ball-valve","status":"publish","type":"product","link":"https:\/\/zecovalve.com\/fr\/produit\/dbb-monoflange-ball-valve","title":{"rendered":"Robinet \u00e0 tournant sph\u00e9rique monobride DBB"},"content":{"rendered":"<div class=\"col-xs-12\">\n<div class=\"rbt\">\n<h1>Robinet \u00e0 tournant sph\u00e9rique monobride DBB<\/h1>\n<\/div>\n<\/div>\n<div class=\"text\">\n<div id=\"productdetail\">\n<div class=\"col-xs-12\">\n<div class=\"underline-solid\"><\/div>\n<\/div>\n<div id=\"productdetail_img\" class=\"col-md-5 col-sm-6 col-xs-12\">\n<div class=\"product\">\n<figure id=\"attachment_17556\" aria-describedby=\"caption-attachment-17556\" style=\"width: 290px\" class=\"wp-caption alignnone\"><img loading=\"lazy\" decoding=\"async\" class=\"size-medium wp-image-17556\" src=\"https:\/\/zecovalve.com\/wp-content\/uploads\/2022\/06\/\u672a\u6807\u9898-2-122546-300x225.jpg\" alt=\"Robinet \u00e0 tournant sph\u00e9rique monobride DBB\" width=\"300\" height=\"225\" srcset=\"https:\/\/zecovalve.com\/wp-content\/uploads\/2022\/06\/\u672a\u6807\u9898-2-122546-300x225.jpg 300w, https:\/\/zecovalve.com\/wp-content\/uploads\/2022\/06\/\u672a\u6807\u9898-2-122546-768x576.jpg 768w, https:\/\/zecovalve.com\/wp-content\/uploads\/2022\/06\/\u672a\u6807\u9898-2-122546-600x450.jpg 600w, https:\/\/zecovalve.com\/wp-content\/uploads\/2022\/06\/\u672a\u6807\u9898-2-122546.jpg 800w\" sizes=\"auto, (max-width: 300px) 100vw, 300px\" \/><figcaption id=\"caption-attachment-17556\" class=\"wp-caption-text\">Robinet \u00e0 tournant sph\u00e9rique monobride DBB<\/figcaption><\/figure>\n<\/div>\n<\/div>\n<p class=\"col-md-7 col-sm-6 col-xs-12\"><strong>Robinet \u00e0 tournant sph\u00e9rique monobride DBB<\/strong><\/p>\n<p>Double blocage et purge, configuration \u00e0 pointeau, vanne monobride avec entr\u00e9e \u00e0 bride et raccords filet\u00e9s de sortie et d&#039;\u00e9vent utilisant un si\u00e8ge m\u00e9tal sur m\u00e9tal et une connexion chapeau-corps pour des capacit\u00e9s d&#039;\u00e9tanch\u00e9it\u00e9 sup\u00e9rieures et \u00e9tanches aux bulles \u00e0 des pressions et temp\u00e9ratures extr\u00eames<\/p>\n<\/div>\n<div id=\"myTabContent\" class=\"tab-content\">\n<div id=\"page1\" class=\"tab-pane fade in active\">\n<div class=\"col-xs-12\">\n<div class=\"\">\n<h2 align=\"justify\"><b>Principe\uff1a<\/b><b><\/b><\/h2>\n<p>Double bloc et purge, configuration \u00e0 aiguille, vanne monobride avec entr\u00e9e \u00e0 bride et connexions filet\u00e9es de sortie et d&#039;\u00e9vent utilisant un si\u00e8ge m\u00e9tal sur m\u00e9tal et une connexion chapeau-corps pour des capacit\u00e9s d&#039;\u00e9tanch\u00e9it\u00e9 sup\u00e9rieures et \u00e9tanches aux bulles \u00e0 des pressions et des temp\u00e9ratures extr\u00eames.<\/p>\n<h2 align=\"justify\"><b>Caract\u00e9ristiques\uff1a<\/b><b><\/b><\/h2>\n<p align=\"justify\">1. Raccords d&#039;entr\u00e9e \u00e0 bride ASME B16.5, tailles 1\/2&quot; \u00e0 2&quot;\u00a0;<\/p>\n<p align=\"justify\">2. Sortie femelle standard 1\/2&quot; NPT\u00a0;<\/p>\n<p align=\"justify\">3. Le port de purge 1\/2&quot; NPT femelle avec prise hexagonale est standard\u00a0;<\/p>\n<p align=\"justify\">4. OS&amp;Y avec garniture en graphite est standard, PTFE en option\u00a0;<\/p>\n<p align=\"justify\">5. La vanne \u00e0 pointeau avec garniture en PTFE est standard, graphite en option\u00a0;<\/p>\n<h2 align=\"justify\"><strong>Gamme de produits :<\/strong><\/h2>\n<p>Mat\u00e9riau du corps : acier au carbone, acier inoxydable, acier alli\u00e9<\/p>\n<p>Diam\u00e8tre nominal\u00a0: 1\/2&quot; ~ 2&quot;<\/p>\n<p>Gamme de pression : Classe 150 - 2500<\/p>\n<p>Connexion d&#039;extr\u00e9mit\u00e9\u00a0: bride \u00e0 NPTF<\/p>\n<p>Temp\u00e9rature de fonctionnement:-46\u2103\uff5e+200\u2103<\/p>\n<p>Fonctionnement : Cl\u00e9, vis sans fin, actionneur \u00e9lectrique, pneumatique, \u00e0 gaz ou \u00e0 huile et actionneur \u00e9lectro-hydraulique.<\/p>\n<p>&nbsp;<\/p>\n<table class=\"ke-zeroborder\" border=\"0\" cellspacing=\"0\">\n<tbody>\n<tr>\n<td valign=\"center\" width=\"112\">Marque<\/td>\n<td valign=\"center\" width=\"770\">Zeco<\/td>\n<\/tr>\n<tr>\n<td valign=\"center\" width=\"112\">Type de vanne<\/td>\n<td valign=\"center\" width=\"770\">Robinet \u00e0 tournant sph\u00e9rique monobride DBB<\/td>\n<\/tr>\n<tr>\n<td valign=\"center\" width=\"112\">Mat\u00e9riau de la valve<\/td>\n<td valign=\"center\" width=\"770\">Acier moul\u00e9, acier inoxydable, alliage sp\u00e9cial, etc.<\/td>\n<\/tr>\n<tr>\n<td valign=\"center\" width=\"112\">Test de la valve<\/td>\n<td valign=\"center\" width=\"770\">100% quantit\u00e9 test\u00e9e avant livraison<\/td>\n<\/tr>\n<tr>\n<td valign=\"center\" width=\"112\">Garantie des soupapes<\/td>\n<td valign=\"center\" width=\"770\">18 mois \u00e0 compter de la date d'exp\u00e9dition d\u00e9part usine, ou 12 mois \u00e0 compter de la date d'installation du produit.<\/td>\n<\/tr>\n<tr>\n<td valign=\"center\" width=\"112\">Peinture des vannes<\/td>\n<td valign=\"center\" width=\"770\">Demande du client<\/td>\n<\/tr>\n<tr>\n<td valign=\"center\" width=\"112\">Paquet de vannes<\/td>\n<td valign=\"center\" width=\"770\">Coffret en bois<\/td>\n<\/tr>\n<tr>\n<td valign=\"center\" width=\"112\">MOQ<\/td>\n<td valign=\"center\" width=\"770\">Aucune exigence<\/td>\n<\/tr>\n<tr>\n<td valign=\"center\" width=\"112\">Certificat de valve<\/td>\n<td valign=\"center\" width=\"770\">API 6D\/CE\/ISO9001\/ISO14001<\/td>\n<\/tr>\n<tr>\n<td valign=\"center\" width=\"112\">D\u00e9tail de la livraison<\/td>\n<td valign=\"center\" width=\"770\">Exp\u00e9dition dans les 4 \u00e0 6 semaines suivant le paiement<\/td>\n<\/tr>\n<tr>\n<td valign=\"center\" width=\"112\">Port<\/td>\n<td valign=\"center\" width=\"770\">SHANGHAI<\/td>\n<\/tr>\n<tr>\n<td valign=\"center\" width=\"112\">Conditions de paiement<\/td>\n<td valign=\"center\" width=\"770\">L\/C,D\/A,D\/P,T\/T<\/td>\n<\/tr>\n<tr>\n<td valign=\"center\" width=\"112\">Certificat propos\u00e9<\/td>\n<td valign=\"center\" width=\"770\">Liste d'emballage\uff0cFacture commerciale\uff0cRapports d'essais et certificats de mat\u00e9riaux\uff0cCertificat de qualit\u00e9 et de quantit\u00e9, certificat de garantie du vendeur<\/td>\n<\/tr>\n<\/tbody>\n<\/table>\n<p><img loading=\"lazy\" decoding=\"async\" class=\"alignnone size-medium wp-image-17557\" src=\"https:\/\/zecovalve.com\/wp-content\/uploads\/2022\/06\/20190207052109_4488-300x182.jpg\" alt=\"\" width=\"300\" height=\"182\" srcset=\"https:\/\/zecovalve.com\/wp-content\/uploads\/2022\/06\/20190207052109_4488-300x182.jpg 300w, https:\/\/zecovalve.com\/wp-content\/uploads\/2022\/06\/20190207052109_4488-600x365.jpg 600w, https:\/\/zecovalve.com\/wp-content\/uploads\/2022\/06\/20190207052109_4488.jpg 750w\" sizes=\"auto, (max-width: 300px) 100vw, 300px\" \/><\/p>\n<\/div>\n<\/div>\n<\/div>\n<\/div>\n<\/div>","protected":false},"excerpt":{"rendered":"<p>Vanne \u00e0 bille monobride DBB Vanne \u00e0 bille monobride DBB double bloc et purge, configuration \u00e0 aiguille, vanne monobride avec entr\u00e9e \u00e0 bride et sortie filet\u00e9e \u2026 <a title=\"Robinet \u00e0 tournant sph\u00e9rique monobride DBB\" class=\"read-more\" href=\"https:\/\/zecovalve.com\/fr\/produit\/dbb-monoflange-ball-valve\" aria-label=\"Plus sur DBB Monoflange Ball Valve\">Lire plus<\/a><\/p>","protected":false},"featured_media":17556,"comment_status":"closed","ping_status":"closed","template":"","meta":{"_generate-full-width-content":"","kt_blocks_editor_width":""},"product_cat":[2047,2459],"product_tag":[2655,2656],"class_list":["post-17555","product","type-product","status-publish","has-post-thumbnail","hentry","product_cat-ball-valve","product_cat-ball-valve-by-form","product_tag-1-2-ball-valve","product_tag-3-4-ball-valve","sales-flash-overlay","woocommerce-text-align-center","woocommerce-image-align-center","do-quantity-buttons"],"featured_image_src_large":["https:\/\/zecovalve.com\/wp-content\/uploads\/2022\/06\/\u672a\u6807\u9898-2-122546.jpg",800,600,false],"author_info":[],"comment_info":0,"taxonomy_info":{"product_cat":[{"value":2047,"label":"Ball Valve"},{"value":2459,"label":"Ball Valve By Form"}],"product_tag":[{"value":2655,"label":"1 2 ball valve"},{"value":2656,"label":"3 4 ball valve"}]},"yoast_head":"<!-- This site is optimized with the Yoast SEO Premium plugin v15.4 - https:\/\/yoast.com\/wordpress\/plugins\/seo\/ -->\n<title>DBB Monoflange Ball Valve - ZECO Valve<\/title>\n<meta name=\"robots\" content=\"index, follow, max-snippet:-1, max-image-preview:large, max-video-preview:-1\" \/>\n<link rel=\"canonical\" href=\"https:\/\/zecovalve.com\/fr\/produit\/dbb-monoflange-ball-valve\" \/>\n<meta property=\"og:locale\" content=\"fr_FR\" \/>\n<meta property=\"og:type\" content=\"article\" \/>\n<meta property=\"og:title\" content=\"DBB Monoflange Ball Valve - ZECO Valve\" \/>\n<meta property=\"og:description\" content=\"DBB Monoflange Ball Valve DBB Monoflange Ball Valve Double Block and Bleed, Needle configuration, monoflange valve with flanged inlet, and threaded outlet ... Lire plus\" \/>\n<meta property=\"og:url\" content=\"https:\/\/zecovalve.com\/fr\/produit\/dbb-monoflange-ball-valve\" \/>\n<meta property=\"og:site_name\" content=\"ZECO Valve\" \/>\n<meta property=\"article:modified_time\" content=\"2022-06-29T06:15:55+00:00\" \/>\n<meta property=\"og:image\" content=\"https:\/\/zecovalve.com\/wp-content\/uploads\/2022\/06\/\u672a\u6807\u9898-2-122546.jpg\" \/>\n\t<meta property=\"og:image:width\" content=\"800\" \/>\n\t<meta property=\"og:image:height\" content=\"600\" \/>\n<meta name=\"twitter:card\" content=\"summary_large_image\" \/>\n<meta name=\"twitter:label1\" content=\"\u00c9crit par\">\n\t<meta name=\"twitter:data1\" content=\"Jerry\">\n\t<meta name=\"twitter:label2\" content=\"Dur\u00e9e de lecture estim\u00e9e\">\n\t<meta name=\"twitter:data2\" content=\"1 minute\">\n<script type=\"application\/ld+json\" class=\"yoast-schema-graph\">{\"@context\":\"https:\/\/schema.org\",\"@graph\":[{\"@type\":\"WebSite\",\"@id\":\"https:\/\/zecovalve.com\/#website\",\"url\":\"https:\/\/zecovalve.com\/\",\"name\":\"ZECO Valve\",\"description\":\"Industrial Ball Valve, Gate Valve and Globe Valve Manufacturer\",\"potentialAction\":[{\"@type\":\"SearchAction\",\"target\":\"https:\/\/zecovalve.com\/?s={search_term_string}\",\"query-input\":\"required name=search_term_string\"}],\"inLanguage\":\"fr-FR\"},{\"@type\":\"ImageObject\",\"@id\":\"https:\/\/zecovalve.com\/product\/dbb-monoflange-ball-valve#primaryimage\",\"inLanguage\":\"fr-FR\",\"url\":\"https:\/\/zecovalve.com\/wp-content\/uploads\/2022\/06\/\\u672a\\u6807\\u9898-2-122546.jpg\",\"width\":800,\"height\":600,\"caption\":\"DBB Monoflange Ball Valve\"},{\"@type\":\"WebPage\",\"@id\":\"https:\/\/zecovalve.com\/product\/dbb-monoflange-ball-valve#webpage\",\"url\":\"https:\/\/zecovalve.com\/product\/dbb-monoflange-ball-valve\",\"name\":\"DBB Monoflange Ball Valve - ZECO Valve\",\"isPartOf\":{\"@id\":\"https:\/\/zecovalve.com\/#website\"},\"primaryImageOfPage\":{\"@id\":\"https:\/\/zecovalve.com\/product\/dbb-monoflange-ball-valve#primaryimage\"},\"datePublished\":\"2022-06-28T03:44:53+00:00\",\"dateModified\":\"2022-06-29T06:15:55+00:00\",\"breadcrumb\":{\"@id\":\"https:\/\/zecovalve.com\/product\/dbb-monoflange-ball-valve#breadcrumb\"},\"inLanguage\":\"fr-FR\",\"potentialAction\":[{\"@type\":\"ReadAction\",\"target\":[\"https:\/\/zecovalve.com\/product\/dbb-monoflange-ball-valve\"]}]},{\"@type\":\"BreadcrumbList\",\"@id\":\"https:\/\/zecovalve.com\/product\/dbb-monoflange-ball-valve#breadcrumb\",\"itemListElement\":[{\"@type\":\"ListItem\",\"position\":1,\"item\":{\"@type\":\"WebPage\",\"@id\":\"https:\/\/zecovalve.com\/\",\"url\":\"https:\/\/zecovalve.com\/\",\"name\":\"Home\"}},{\"@type\":\"ListItem\",\"position\":2,\"item\":{\"@type\":\"WebPage\",\"@id\":\"https:\/\/zecovalve.com\/product-category\",\"url\":\"https:\/\/zecovalve.com\/product-category\",\"name\":\"Industrial Valve Manufacturer | Water Valve Manufacturer\"}},{\"@type\":\"ListItem\",\"position\":3,\"item\":{\"@type\":\"WebPage\",\"@id\":\"https:\/\/zecovalve.com\/product\/dbb-monoflange-ball-valve\",\"url\":\"https:\/\/zecovalve.com\/product\/dbb-monoflange-ball-valve\",\"name\":\"DBB Monoflange Ball Valve\"}}]}]}<\/script>\n<!-- \/ Yoast SEO Premium plugin. -->","_links":{"self":[{"href":"https:\/\/zecovalve.com\/fr\/wp-json\/wp\/v2\/product\/17555","targetHints":{"allow":["GET"]}}],"collection":[{"href":"https:\/\/zecovalve.com\/fr\/wp-json\/wp\/v2\/product"}],"about":[{"href":"https:\/\/zecovalve.com\/fr\/wp-json\/wp\/v2\/types\/product"}],"replies":[{"embeddable":true,"href":"https:\/\/zecovalve.com\/fr\/wp-json\/wp\/v2\/comments?post=17555"}],"wp:featuredmedia":[{"embeddable":true,"href":"https:\/\/zecovalve.com\/fr\/wp-json\/wp\/v2\/media\/17556"}],"wp:attachment":[{"href":"https:\/\/zecovalve.com\/fr\/wp-json\/wp\/v2\/media?parent=17555"}],"wp:term":[{"taxonomy":"product_cat","embeddable":true,"href":"https:\/\/zecovalve.com\/fr\/wp-json\/wp\/v2\/product_cat?post=17555"},{"taxonomy":"product_tag","embeddable":true,"href":"https:\/\/zecovalve.com\/fr\/wp-json\/wp\/v2\/product_tag?post=17555"}],"curies":[{"name":"wp","href":"https:\/\/api.w.org\/{rel}","templated":true}]}}