{"id":17587,"date":"2022-06-28T05:03:28","date_gmt":"2022-06-28T05:03:28","guid":{"rendered":"https:\/\/zecovalve.com\/?post_type=product&#038;p=17587"},"modified":"2022-07-03T09:42:55","modified_gmt":"2022-07-03T09:42:55","slug":"sbb-ball-valve","status":"publish","type":"product","link":"https:\/\/zecovalve.com\/fr\/produit\/sbb-ball-valve","title":{"rendered":"Robinet \u00e0 boisseau sph\u00e9rique SBB"},"content":{"rendered":"<div class=\"col-xs-12\">\n<div class=\"rbt\">\n<h1>Robinet \u00e0 boisseau sph\u00e9rique SBB<\/h1>\n<figure id=\"attachment_17563\" aria-describedby=\"caption-attachment-17563\" style=\"width: 290px\" class=\"wp-caption alignnone\"><img loading=\"lazy\" decoding=\"async\" class=\"size-medium wp-image-17563\" src=\"https:\/\/zecovalve.com\/wp-content\/uploads\/2022\/06\/\u672a\u6807\u9898-3-113915-300x225.jpg\" alt=\"Robinet \u00e0 boisseau sph\u00e9rique SBB\" width=\"300\" height=\"225\" srcset=\"https:\/\/zecovalve.com\/wp-content\/uploads\/2022\/06\/\u672a\u6807\u9898-3-113915-300x225.jpg 300w, https:\/\/zecovalve.com\/wp-content\/uploads\/2022\/06\/\u672a\u6807\u9898-3-113915.jpg 400w\" sizes=\"auto, (max-width: 300px) 100vw, 300px\" \/><figcaption id=\"caption-attachment-17563\" class=\"wp-caption-text\">Robinet \u00e0 boisseau sph\u00e9rique SBB<\/figcaption><\/figure>\n<\/div>\n<\/div>\n<div class=\"text\">\n<div id=\"productdetail\">\n<div id=\"productdetail_txt\" class=\"col-md-7 col-sm-6 col-xs-12\"><strong>Robinet \u00e0 boisseau sph\u00e9rique SBB<\/strong>Pour toute demande concernant les robinets \u00e0 boisseau sph\u00e9rique SBB, veuillez contacter ZECO<\/p>\n<\/div>\n<\/div>\n<div id=\"myTabContent\" class=\"tab-content\">\n<div id=\"page1\" class=\"tab-pane fade in active\">\n<div class=\"col-xs-12\">\n<div class=\"\">\n<p align=\"justify\"><b>Principe\uff1a<\/b><b><\/b><\/p>\n<p align=\"justify\">ZECO se sp\u00e9cialise dans la recherche d&#039;une large gamme de vannes \u00e0 bille et de GGC pour r\u00e9pondre aux exigences des clients.<\/p>\n<p align=\"justify\"><b>Caract\u00e9ristiques\uff1a<\/b><b><\/b><\/p>\n<p align=\"justify\">1. L&#039;h\u00e9misph\u00e8re de valve utilise le bim\u00e9tal, le mat\u00e9riau de base surfa\u00e7ant l&#039;alliage diff\u00e9rent de soudage, le soudage de surfa\u00e7age de surface du si\u00e8ge de valve passe par le traitement sp\u00e9cial, l&#039;anticorrosion, la r\u00e9sistance \u00e0 l&#039;usure, la haute r\u00e9sistance, satisfait la demande de diff\u00e9rentes occasions\u00a0;<\/p>\n<p align=\"justify\">2. Joint \u00e9tanche, la transmission de gaz nocifs peut atteindre z\u00e9ro fuite\u00a0;<\/p>\n<p align=\"justify\">3. Le noyau de valve de la paire d&#039;\u00e9tanch\u00e9it\u00e9 a une quantit\u00e9 compensatoire, une fois que le si\u00e8ge de valve est us\u00e9, fermez-le \u00e0 nouveau, faites-en tourner quelques-uns, peut toujours sceller de mani\u00e8re fiable, prolongez la dur\u00e9e de vie\u00a0;<\/p>\n<p align=\"justify\">4. Le si\u00e8ge de soupape peut toujours \u00eatre utilis\u00e9 apr\u00e8s r\u00e9glage ou remplacement en d\u00e9vissant l&#039;\u00e9crou de compression pour \u00e9viter l&#039;inconv\u00e9nient de la mise au rebut apr\u00e8s une d\u00e9faillance du joint.<\/p>\n<p align=\"justify\"><strong>Gamme de produits :<\/strong><\/p>\n<p>Mat\u00e9riau du corps : acier au carbone, acier inoxydable, acier alli\u00e9<\/p>\n<p>Diam\u00e8tre nominal\u00a0: 1\/2&quot; ~ 32&quot;<\/p>\n<p>Gamme de pression : Classe 150 - 300\uff08PN16~PN40\uff09<\/p>\n<p>Connexion d'extr\u00e9mit\u00e9 : RF, BW, THR<\/p>\n<p>Temp\u00e9rature de fonctionnement : -29 \u2103 ~ + 425 \u2103<\/p>\n<p>Fonctionnement : cl\u00e9, vis sans fin, \u00e9lectrique, etc.<\/p>\n<p>&nbsp;<\/p>\n<table class=\"ke-zeroborder\" border=\"0\" cellspacing=\"0\">\n<tbody>\n<tr>\n<td valign=\"center\" width=\"112\">Marque<\/td>\n<td valign=\"center\" width=\"770\">Zeco<\/td>\n<\/tr>\n<tr>\n<td valign=\"center\" width=\"112\">Type de vanne<\/td>\n<td valign=\"center\" width=\"770\">Robinet \u00e0 boisseau sph\u00e9rique CFF<\/td>\n<\/tr>\n<tr>\n<td valign=\"center\" width=\"112\">Mat\u00e9riau de la valve<\/td>\n<td valign=\"center\" width=\"770\">Acier moul\u00e9, acier inoxydable, alliage sp\u00e9cial, etc.<\/td>\n<\/tr>\n<tr>\n<td valign=\"center\" width=\"112\">Test de la valve<\/td>\n<td valign=\"center\" width=\"770\">100% quantit\u00e9 test\u00e9e avant livraison<\/td>\n<\/tr>\n<tr>\n<td valign=\"center\" width=\"112\">Garantie des soupapes<\/td>\n<td valign=\"center\" width=\"770\">18 mois \u00e0 compter de la date d'exp\u00e9dition d\u00e9part usine, ou 12 mois \u00e0 compter de la date d'installation du produit.<\/td>\n<\/tr>\n<tr>\n<td valign=\"center\" width=\"112\">Peinture des vannes<\/td>\n<td valign=\"center\" width=\"770\">Demande du client<\/td>\n<\/tr>\n<tr>\n<td valign=\"center\" width=\"112\">Paquet de vannes<\/td>\n<td valign=\"center\" width=\"770\">Coffret en bois<\/td>\n<\/tr>\n<tr>\n<td valign=\"center\" width=\"112\">MOQ<\/td>\n<td valign=\"center\" width=\"770\">Aucune exigence<\/td>\n<\/tr>\n<tr>\n<td valign=\"center\" width=\"112\">Certificat de valve<\/td>\n<td valign=\"center\" width=\"770\">API 6D\/CE\/ISO9001\/ISO14001<\/td>\n<\/tr>\n<tr>\n<td valign=\"center\" width=\"112\">D\u00e9tail de la livraison<\/td>\n<td valign=\"center\" width=\"770\">Exp\u00e9dition dans les 4 \u00e0 6 semaines suivant le paiement<\/td>\n<\/tr>\n<tr>\n<td valign=\"center\" width=\"112\">Port<\/td>\n<td valign=\"center\" width=\"770\">SHANGHAI<\/td>\n<\/tr>\n<tr>\n<td valign=\"center\" width=\"112\">Conditions de paiement<\/td>\n<td valign=\"center\" width=\"770\">L\/C,D\/A,D\/P,T\/T<\/td>\n<\/tr>\n<tr>\n<td valign=\"center\" width=\"112\">Certificat propos\u00e9<\/td>\n<td valign=\"center\" width=\"770\">Liste d'emballage\uff0cFacture commerciale\uff0cRapports d'essais et certificats de mat\u00e9riaux\uff0cCertificat de qualit\u00e9 et de quantit\u00e9, certificat de garantie du vendeur<\/td>\n<\/tr>\n<\/tbody>\n<\/table>\n<p>&nbsp;<\/p>\n<p>&nbsp;<\/p>\n<\/div>\n<\/div>\n<\/div>\n<\/div>\n<\/div>","protected":false},"excerpt":{"rendered":"<p>Vanne \u00e0 bille SBB Vanne \u00e0 bille SBBPour toute demande concernant les vannes \u00e0 bille SBB, veuillez contacter ZECO Principe\uff1a ZECO se sp\u00e9cialise dans la recherche d&#039;un large \u2026 <a title=\"Robinet \u00e0 boisseau sph\u00e9rique SBB\" class=\"read-more\" href=\"https:\/\/zecovalve.com\/fr\/produit\/sbb-ball-valve\" aria-label=\"Plus sur Robinet \u00e0 boisseau sph\u00e9rique CFF\">Lire plus<\/a><\/p>","protected":false},"featured_media":17563,"comment_status":"closed","ping_status":"closed","template":"","meta":{"_generate-full-width-content":"","kt_blocks_editor_width":""},"product_cat":[2047,2459],"product_tag":[2655,2656],"class_list":["post-17587","product","type-product","status-publish","has-post-thumbnail","hentry","product_cat-ball-valve","product_cat-ball-valve-by-form","product_tag-1-2-ball-valve","product_tag-3-4-ball-valve","sales-flash-overlay","woocommerce-text-align-center","woocommerce-image-align-center","do-quantity-buttons"],"featured_image_src_large":["https:\/\/zecovalve.com\/wp-content\/uploads\/2022\/06\/\u672a\u6807\u9898-3-113915.jpg",400,300,false],"author_info":[],"comment_info":0,"taxonomy_info":{"product_cat":[{"value":2047,"label":"Ball Valve"},{"value":2459,"label":"Ball Valve By Form"}],"product_tag":[{"value":2655,"label":"1 2 ball valve"},{"value":2656,"label":"3 4 ball valve"}]},"yoast_head":"<!-- This site is optimized with the Yoast SEO Premium plugin v15.4 - https:\/\/yoast.com\/wordpress\/plugins\/seo\/ -->\n<title>SBB Ball Valve - ZECO Valve<\/title>\n<meta name=\"robots\" content=\"index, follow, max-snippet:-1, max-image-preview:large, max-video-preview:-1\" \/>\n<link rel=\"canonical\" href=\"https:\/\/zecovalve.com\/fr\/produit\/sbb-ball-valve\" \/>\n<meta property=\"og:locale\" content=\"fr_FR\" \/>\n<meta property=\"og:type\" content=\"article\" \/>\n<meta property=\"og:title\" content=\"SBB Ball Valve - ZECO Valve\" \/>\n<meta property=\"og:description\" content=\"SBB Ball Valve SBB Ball ValveFor any enquiries regarding SBB ball valves, please contact ZECO Principle\uff1a ZECO specialises in researching a wide ... Lire plus\" \/>\n<meta property=\"og:url\" content=\"https:\/\/zecovalve.com\/fr\/produit\/sbb-ball-valve\" \/>\n<meta property=\"og:site_name\" content=\"ZECO Valve\" \/>\n<meta property=\"article:modified_time\" content=\"2022-07-03T09:42:55+00:00\" \/>\n<meta property=\"og:image\" content=\"https:\/\/zecovalve.com\/wp-content\/uploads\/2022\/06\/\u672a\u6807\u9898-3-113915.jpg\" \/>\n\t<meta property=\"og:image:width\" content=\"400\" \/>\n\t<meta property=\"og:image:height\" content=\"300\" \/>\n<meta name=\"twitter:card\" content=\"summary_large_image\" \/>\n<meta name=\"twitter:label1\" content=\"\u00c9crit par\">\n\t<meta name=\"twitter:data1\" content=\"Jerry\">\n\t<meta name=\"twitter:label2\" content=\"Dur\u00e9e de lecture estim\u00e9e\">\n\t<meta name=\"twitter:data2\" content=\"1 minute\">\n<script type=\"application\/ld+json\" class=\"yoast-schema-graph\">{\"@context\":\"https:\/\/schema.org\",\"@graph\":[{\"@type\":\"WebSite\",\"@id\":\"https:\/\/zecovalve.com\/#website\",\"url\":\"https:\/\/zecovalve.com\/\",\"name\":\"ZECO Valve\",\"description\":\"Industrial Ball Valve, Gate Valve and Globe Valve Manufacturer\",\"potentialAction\":[{\"@type\":\"SearchAction\",\"target\":\"https:\/\/zecovalve.com\/?s={search_term_string}\",\"query-input\":\"required name=search_term_string\"}],\"inLanguage\":\"fr-FR\"},{\"@type\":\"ImageObject\",\"@id\":\"https:\/\/zecovalve.com\/product\/sbb-ball-valve#primaryimage\",\"inLanguage\":\"fr-FR\",\"url\":\"https:\/\/zecovalve.com\/wp-content\/uploads\/2022\/06\/\\u672a\\u6807\\u9898-3-113915.jpg\",\"width\":400,\"height\":300,\"caption\":\"SBB Ball Valve\"},{\"@type\":\"WebPage\",\"@id\":\"https:\/\/zecovalve.com\/product\/sbb-ball-valve#webpage\",\"url\":\"https:\/\/zecovalve.com\/product\/sbb-ball-valve\",\"name\":\"SBB Ball Valve - ZECO Valve\",\"isPartOf\":{\"@id\":\"https:\/\/zecovalve.com\/#website\"},\"primaryImageOfPage\":{\"@id\":\"https:\/\/zecovalve.com\/product\/sbb-ball-valve#primaryimage\"},\"datePublished\":\"2022-06-28T05:03:28+00:00\",\"dateModified\":\"2022-07-03T09:42:55+00:00\",\"breadcrumb\":{\"@id\":\"https:\/\/zecovalve.com\/product\/sbb-ball-valve#breadcrumb\"},\"inLanguage\":\"fr-FR\",\"potentialAction\":[{\"@type\":\"ReadAction\",\"target\":[\"https:\/\/zecovalve.com\/product\/sbb-ball-valve\"]}]},{\"@type\":\"BreadcrumbList\",\"@id\":\"https:\/\/zecovalve.com\/product\/sbb-ball-valve#breadcrumb\",\"itemListElement\":[{\"@type\":\"ListItem\",\"position\":1,\"item\":{\"@type\":\"WebPage\",\"@id\":\"https:\/\/zecovalve.com\/\",\"url\":\"https:\/\/zecovalve.com\/\",\"name\":\"Home\"}},{\"@type\":\"ListItem\",\"position\":2,\"item\":{\"@type\":\"WebPage\",\"@id\":\"https:\/\/zecovalve.com\/product-category\",\"url\":\"https:\/\/zecovalve.com\/product-category\",\"name\":\"Industrial Valve Manufacturer | Water Valve Manufacturer\"}},{\"@type\":\"ListItem\",\"position\":3,\"item\":{\"@type\":\"WebPage\",\"@id\":\"https:\/\/zecovalve.com\/product\/sbb-ball-valve\",\"url\":\"https:\/\/zecovalve.com\/product\/sbb-ball-valve\",\"name\":\"SBB Ball Valve\"}}]}]}<\/script>\n<!-- \/ Yoast SEO Premium plugin. -->","_links":{"self":[{"href":"https:\/\/zecovalve.com\/fr\/wp-json\/wp\/v2\/product\/17587","targetHints":{"allow":["GET"]}}],"collection":[{"href":"https:\/\/zecovalve.com\/fr\/wp-json\/wp\/v2\/product"}],"about":[{"href":"https:\/\/zecovalve.com\/fr\/wp-json\/wp\/v2\/types\/product"}],"replies":[{"embeddable":true,"href":"https:\/\/zecovalve.com\/fr\/wp-json\/wp\/v2\/comments?post=17587"}],"wp:featuredmedia":[{"embeddable":true,"href":"https:\/\/zecovalve.com\/fr\/wp-json\/wp\/v2\/media\/17563"}],"wp:attachment":[{"href":"https:\/\/zecovalve.com\/fr\/wp-json\/wp\/v2\/media?parent=17587"}],"wp:term":[{"taxonomy":"product_cat","embeddable":true,"href":"https:\/\/zecovalve.com\/fr\/wp-json\/wp\/v2\/product_cat?post=17587"},{"taxonomy":"product_tag","embeddable":true,"href":"https:\/\/zecovalve.com\/fr\/wp-json\/wp\/v2\/product_tag?post=17587"}],"curies":[{"name":"wp","href":"https:\/\/api.w.org\/{rel}","templated":true}]}}