{"id":17931,"date":"2022-07-01T06:26:49","date_gmt":"2022-07-01T06:26:49","guid":{"rendered":"https:\/\/zecovalve.com\/?post_type=product&#038;p=17931"},"modified":"2023-06-17T03:03:04","modified_gmt":"2023-06-17T03:03:04","slug":"wafer-swing-check-valve","status":"publish","type":"product","link":"https:\/\/zecovalve.com\/fr\/produit\/wafer-swing-check-valve","title":{"rendered":"Clapet de non-retour \u00e0 battant"},"content":{"rendered":"<p>Le clapet anti-retour Wafer Swing tire son nom de sa conception tr\u00e8s fine. Ces vannes sont \u00e9l\u00e9gantes et con\u00e7ues pour s&#039;adapter aux espaces restreints entre deux brides. Il n&#039;y a aucune commande sur cette vanne. Le composant principal de la vanne est un disque oscillant au centre qui s&#039;ouvre dans un sens et se ferme si les liquides refluent dans l&#039;autre sens.<\/p>\n<p><img loading=\"lazy\" decoding=\"async\" class=\"wp-image-27937 size-medium\" src=\"https:\/\/zecovalve.com\/wp-content\/uploads\/2022\/07\/Wafer-Swing-Check-Valve-2-300x225.jpg\" alt=\"Clapet de non-retour \u00e0 battant\" width=\"300\" height=\"225\" srcset=\"https:\/\/zecovalve.com\/wp-content\/uploads\/2022\/07\/Wafer-Swing-Check-Valve-2-300x225.jpg 300w, https:\/\/zecovalve.com\/wp-content\/uploads\/2022\/07\/Wafer-Swing-Check-Valve-2-768x576.jpg 768w, https:\/\/zecovalve.com\/wp-content\/uploads\/2022\/07\/Wafer-Swing-Check-Valve-2-600x450.jpg 600w, https:\/\/zecovalve.com\/wp-content\/uploads\/2022\/07\/Wafer-Swing-Check-Valve-2.jpg 800w\" sizes=\"auto, (max-width: 300px) 100vw, 300px\" \/><\/p>\n<h2>Comment fonctionne un clapet anti-retour Wafer Swing ?<\/h2>\n<p>Le profil en forme de plaquette de la valve en fait un excellent choix pour les syst\u00e8mes n\u00e9cessitant de courtes longueurs de sortie. Les clapets anti-retour \u00e0 plaquettes fonctionnent de la m\u00eame mani\u00e8re que les clapets anti-retour \u00e0 battant. Comme les clapets anti-retour \u00e0 battant, les clapets anti-retour \u00e0 plaquettes sont constitu\u00e9s d&#039;un disque et d&#039;un si\u00e8ge. Lorsque le mat\u00e9riau s&#039;\u00e9coule dans une direction, le flux soul\u00e8ve le disque du dispositif de si\u00e8ges. Cela permet au mat\u00e9riau de s&#039;\u00e9couler \u00e0 travers la vanne. Si et quand le flux inverse la direction \u00e0 travers la vanne, le flux de mat\u00e9riau repousse le disque dans le si\u00e8ge, fermant ainsi la vanne du flux de mat\u00e9riau.<br \/>\nLes clapets anti-retour Wafer sont con\u00e7us pour \u00eatre minces et peu susceptibles de se boucher. Cette conception les rend id\u00e9ales pour une utilisation avec des mat\u00e9riaux contenant des particules solides ou des d\u00e9bris. Ce type de clapet peut \u00eatre mont\u00e9 verticalement ou horizontalement, \u00e0 condition que la contre-pression requise pour asseoir le clapet anti-retour soit suffisante. Des m\u00e9canismes sont disponibles pour aider \u00e0 fournir des vannes d&#039;assistance au cas o\u00f9 la contre-pression serait insuffisante.<\/p>\n<h2>Applications du clapet anti-retour \u00e0 battant<\/h2>\n<ul>\n<li>Vapeur<\/li>\n<li>Eau chaude et froide<\/li>\n<li>Ing\u00e9nierie \u00e9lectrique et thermique<\/li>\n<li>Air comprim\u00e9<\/li>\n<li>Technologies industrielles<\/li>\n<li>Fluides sans propri\u00e9t\u00e9s d&#039;acidit\u00e9 ou d&#039;alcalinit\u00e9<\/li>\n<\/ul>\n<h2>Avantages du clapet anti-retour \u00e0 battant<\/h2>\n<ul>\n<li>Minimise le support de tuyauterie gr\u00e2ce au corps compact de type plaquette. Cette gamme de clapets anti-retour \u00e0 plaquettes est deux \u00e0 trois fois plus l\u00e9g\u00e8re que les clapets anti-retour traditionnels \u00e0 corps entier.<\/li>\n<li>Pour r\u00e9pondre \u00e0 des applications et conditions de service sp\u00e9ciales, ces vannes peuvent \u00eatre propos\u00e9es avec de nombreuses options diff\u00e9rentes, telles que le nettoyage sans silicone, le nettoyage \u00e0 l&#039;oxyg\u00e8ne, le service vertical, l&#039;op\u00e9ration \u00e0 gauche, les leviers, les poids et les coussins.<\/li>\n<li>Pour les supports contenant des mati\u00e8res fibreuses ou des produits caustiques, ceux-ci offrent un ressort externe qui \u00e9limine le ressort du chemin d&#039;\u00e9coulement. Cela emp\u00eachera la possibilit\u00e9 d&#039;enroulement de fibres autour du ressort ou d&#039;attaque chimique sur le ressort.<\/li>\n<li>L&#039;entretien est minime gr\u00e2ce au si\u00e8ge \u00e0 joint torique rempla\u00e7able sur site, disponible dans tous les styles et tailles.<\/li>\n<\/ul>","protected":false},"excerpt":{"rendered":"<p>Le clapet anti-retour Wafer Swing tire son nom de sa conception tr\u00e8s fine. Ces vannes sont \u00e9l\u00e9gantes et con\u00e7ues pour s\u2019adapter aux espaces restreints\u2026 <a title=\"Clapet de non-retour \u00e0 battant\" class=\"read-more\" href=\"https:\/\/zecovalve.com\/fr\/produit\/wafer-swing-check-valve\" aria-label=\"Plus sur Wafer Swing Check Valve\">Lire plus<\/a><\/p>","protected":false},"featured_media":27937,"comment_status":"closed","ping_status":"closed","template":"","meta":{"_generate-full-width-content":"","kt_blocks_editor_width":""},"product_cat":[2455,2067,2442],"product_tag":[2657,2661,2660,2725,2723],"class_list":["post-17931","product","type-product","status-publish","has-post-thumbnail","hentry","product_cat-check-valve","product_cat-swing-check-valve","product_cat-wafer-check-valve","product_tag-non-return-valve","product_tag-nrv-valve","product_tag-swing-check-valve","product_tag-wafer-check-valve","product_tag-what-is-a-valve","sales-flash-overlay","woocommerce-text-align-center","woocommerce-image-align-center","do-quantity-buttons"],"featured_image_src_large":["https:\/\/zecovalve.com\/wp-content\/uploads\/2022\/07\/Wafer-Swing-Check-Valve-2.jpg",800,600,false],"author_info":[],"comment_info":0,"taxonomy_info":{"product_cat":[{"value":2455,"label":"Check Valve"},{"value":2067,"label":"Swing Check Valve"},{"value":2442,"label":"Wafer Check Valve"}],"product_tag":[{"value":2657,"label":"Non Return Valve"},{"value":2661,"label":"NRV Valve"},{"value":2660,"label":"Swing Check Valve"},{"value":2725,"label":"Wafer Check Valve"},{"value":2723,"label":"What is a Valve"}]},"yoast_head":"<!-- This site is optimized with the Yoast SEO Premium plugin v15.4 - https:\/\/yoast.com\/wordpress\/plugins\/seo\/ -->\n<title>Wafer Swing Check Valve - ZECO Valve<\/title>\n<meta name=\"robots\" content=\"index, follow, max-snippet:-1, max-image-preview:large, max-video-preview:-1\" \/>\n<link rel=\"canonical\" href=\"https:\/\/zecovalve.com\/fr\/produit\/wafer-swing-check-valve\" \/>\n<meta property=\"og:locale\" content=\"fr_FR\" \/>\n<meta property=\"og:type\" content=\"article\" \/>\n<meta property=\"og:title\" content=\"Wafer Swing Check Valve - ZECO Valve\" \/>\n<meta property=\"og:description\" content=\"Wafer Swing Check Valve gets its name from its wafer-thin design. These valves are sleek and made to fit in tight spaces ... Lire plus\" \/>\n<meta property=\"og:url\" content=\"https:\/\/zecovalve.com\/fr\/produit\/wafer-swing-check-valve\" \/>\n<meta property=\"og:site_name\" content=\"ZECO Valve\" \/>\n<meta property=\"article:modified_time\" content=\"2023-06-17T03:03:04+00:00\" \/>\n<meta property=\"og:image\" content=\"https:\/\/zecovalve.com\/wp-content\/uploads\/2022\/07\/Wafer-Swing-Check-Valve-2.jpg\" \/>\n\t<meta property=\"og:image:width\" content=\"800\" \/>\n\t<meta property=\"og:image:height\" content=\"600\" \/>\n<meta name=\"twitter:card\" content=\"summary_large_image\" \/>\n<meta name=\"twitter:label1\" content=\"\u00c9crit par\">\n\t<meta name=\"twitter:data1\" content=\"Jerry\">\n\t<meta name=\"twitter:label2\" content=\"Dur\u00e9e de lecture estim\u00e9e\">\n\t<meta name=\"twitter:data2\" content=\"1 minute\">\n<script type=\"application\/ld+json\" class=\"yoast-schema-graph\">{\"@context\":\"https:\/\/schema.org\",\"@graph\":[{\"@type\":\"WebSite\",\"@id\":\"https:\/\/zecovalve.com\/#website\",\"url\":\"https:\/\/zecovalve.com\/\",\"name\":\"ZECO Valve\",\"description\":\"Industrial Ball Valve, Gate Valve and Globe Valve Manufacturer\",\"potentialAction\":[{\"@type\":\"SearchAction\",\"target\":\"https:\/\/zecovalve.com\/?s={search_term_string}\",\"query-input\":\"required name=search_term_string\"}],\"inLanguage\":\"fr-FR\"},{\"@type\":\"ImageObject\",\"@id\":\"https:\/\/zecovalve.com\/product\/wafer-swing-check-valve#primaryimage\",\"inLanguage\":\"fr-FR\",\"url\":\"https:\/\/zecovalve.com\/wp-content\/uploads\/2022\/07\/Wafer-Swing-Check-Valve-2.jpg\",\"width\":800,\"height\":600,\"caption\":\"Wafer Swing Check Valve\"},{\"@type\":\"WebPage\",\"@id\":\"https:\/\/zecovalve.com\/product\/wafer-swing-check-valve#webpage\",\"url\":\"https:\/\/zecovalve.com\/product\/wafer-swing-check-valve\",\"name\":\"Wafer Swing Check Valve - ZECO Valve\",\"isPartOf\":{\"@id\":\"https:\/\/zecovalve.com\/#website\"},\"primaryImageOfPage\":{\"@id\":\"https:\/\/zecovalve.com\/product\/wafer-swing-check-valve#primaryimage\"},\"datePublished\":\"2022-07-01T06:26:49+00:00\",\"dateModified\":\"2023-06-17T03:03:04+00:00\",\"breadcrumb\":{\"@id\":\"https:\/\/zecovalve.com\/product\/wafer-swing-check-valve#breadcrumb\"},\"inLanguage\":\"fr-FR\",\"potentialAction\":[{\"@type\":\"ReadAction\",\"target\":[\"https:\/\/zecovalve.com\/product\/wafer-swing-check-valve\"]}]},{\"@type\":\"BreadcrumbList\",\"@id\":\"https:\/\/zecovalve.com\/product\/wafer-swing-check-valve#breadcrumb\",\"itemListElement\":[{\"@type\":\"ListItem\",\"position\":1,\"item\":{\"@type\":\"WebPage\",\"@id\":\"https:\/\/zecovalve.com\/\",\"url\":\"https:\/\/zecovalve.com\/\",\"name\":\"Home\"}},{\"@type\":\"ListItem\",\"position\":2,\"item\":{\"@type\":\"WebPage\",\"@id\":\"https:\/\/zecovalve.com\/product-category\",\"url\":\"https:\/\/zecovalve.com\/product-category\",\"name\":\"Industrial Valve Manufacturer | Water Valve Manufacturer\"}},{\"@type\":\"ListItem\",\"position\":3,\"item\":{\"@type\":\"WebPage\",\"@id\":\"https:\/\/zecovalve.com\/product\/wafer-swing-check-valve\",\"url\":\"https:\/\/zecovalve.com\/product\/wafer-swing-check-valve\",\"name\":\"Wafer Swing Check Valve\"}}]}]}<\/script>\n<!-- \/ Yoast SEO Premium plugin. -->","_links":{"self":[{"href":"https:\/\/zecovalve.com\/fr\/wp-json\/wp\/v2\/product\/17931","targetHints":{"allow":["GET"]}}],"collection":[{"href":"https:\/\/zecovalve.com\/fr\/wp-json\/wp\/v2\/product"}],"about":[{"href":"https:\/\/zecovalve.com\/fr\/wp-json\/wp\/v2\/types\/product"}],"replies":[{"embeddable":true,"href":"https:\/\/zecovalve.com\/fr\/wp-json\/wp\/v2\/comments?post=17931"}],"wp:featuredmedia":[{"embeddable":true,"href":"https:\/\/zecovalve.com\/fr\/wp-json\/wp\/v2\/media\/27937"}],"wp:attachment":[{"href":"https:\/\/zecovalve.com\/fr\/wp-json\/wp\/v2\/media?parent=17931"}],"wp:term":[{"taxonomy":"product_cat","embeddable":true,"href":"https:\/\/zecovalve.com\/fr\/wp-json\/wp\/v2\/product_cat?post=17931"},{"taxonomy":"product_tag","embeddable":true,"href":"https:\/\/zecovalve.com\/fr\/wp-json\/wp\/v2\/product_tag?post=17931"}],"curies":[{"name":"wp","href":"https:\/\/api.w.org\/{rel}","templated":true}]}}