{"id":18002,"date":"2022-07-03T08:08:53","date_gmt":"2022-07-03T08:08:53","guid":{"rendered":"https:\/\/zecovalve.com\/?post_type=product&#038;p=18002"},"modified":"2023-06-16T13:52:24","modified_gmt":"2023-06-16T13:52:24","slug":"dual-plate-check-valve","status":"publish","type":"product","link":"https:\/\/zecovalve.com\/fr\/produit\/dual-plate-check-valve","title":{"rendered":"Clapet anti-retour \u00e0 double plaque"},"content":{"rendered":"<p><img loading=\"lazy\" decoding=\"async\" class=\"size-medium wp-image-27920\" src=\"https:\/\/zecovalve.com\/wp-content\/uploads\/2022\/07\/Dual-Plate-Check-Valve-1-300x225.jpg\" alt=\"Clapet anti-retour \u00e0 double plaque\" width=\"300\" height=\"225\" srcset=\"https:\/\/zecovalve.com\/wp-content\/uploads\/2022\/07\/Dual-Plate-Check-Valve-1-300x225.jpg 300w, https:\/\/zecovalve.com\/wp-content\/uploads\/2022\/07\/Dual-Plate-Check-Valve-1-768x576.jpg 768w, https:\/\/zecovalve.com\/wp-content\/uploads\/2022\/07\/Dual-Plate-Check-Valve-1-600x450.jpg 600w, https:\/\/zecovalve.com\/wp-content\/uploads\/2022\/07\/Dual-Plate-Check-Valve-1.jpg 800w\" sizes=\"auto, (max-width: 300px) 100vw, 300px\" \/><\/p>\n<p>Compos\u00e9s de 2 disques fix\u00e9s au corps de la vanne par une goupille et actionn\u00e9s par l&#039;action de ressorts, qui commencent imm\u00e9diatement \u00e0 fermer la vanne, lorsque le fluide s&#039;arr\u00eate, les clapets anti-retour \u00e0 double plaque sont utilis\u00e9s pour emp\u00eacher le reflux et fonctionnent \u00e9galement comme une pr\u00e9vention contre l&#039;eau. marteau.<br \/>\nLes clapets anti-retour \u00e0 double plaque sont fabriqu\u00e9s \u00e0 partir d&#039;une large gamme de mat\u00e9riaux, notamment la fonte, les aciers inoxydables sp\u00e9ciaux, etc. Ils peuvent \u00eatre \u00e0 si\u00e8ge souple ou \u00e0 si\u00e8ge m\u00e9tallique et ont \u00e9galement la capacit\u00e9 d&#039;ajuster le couple du ressort en fonction de l&#039;application, ce qui en fait un produit adapt\u00e9 \u00e0 des usages g\u00e9n\u00e9raux et sp\u00e9ciaux.<\/p>\n<h2>Caract\u00e9ristiques du clapet anti-retour \u00e0 double plaque\u00a0:<\/h2>\n<ol>\n<li>Conception brevet\u00e9e sans dispositif de retenue \u2013 \u00c9tanch\u00e9it\u00e9 \u00e0 haute int\u00e9grit\u00e9, facilite un d\u00e9montage rapide sur site\u00a0;<\/li>\n<li>Deux si\u00e8ges ind\u00e9pendants \u2013 \u00c9tanch\u00e9it\u00e9 constante m\u00eame en cas de d\u00e9bit irr\u00e9gulier\u00a0;<\/li>\n<li>Le profil sur\u00e9lev\u00e9 du si\u00e8ge souple am\u00e9liore l&#039;\u00e9tanch\u00e9it\u00e9\u00a0;<\/li>\n<li>Doublure int\u00e9gralement moul\u00e9e\u00a0;<\/li>\n<li>La goupille d&#039;arr\u00eat emp\u00eache les disques d&#039;entrer en contact les uns avec les autres et \u00e9vite ainsi d&#039;endommager les disques. La goupille d&#039;arr\u00eat emp\u00eache \u00e9galement la d\u00e9faillance du ressort en garantissant que les disques ne d\u00e9passent pas la position d&#039;ouverture compl\u00e8te\u00a0;<\/li>\n<li>Pour les tailles de 6&quot; et plus, une option de boulon \u00e0 \u0153il de levage est fournie\u00a0;<\/li>\n<li>Raccordements de vidange fournis sur demande<\/li>\n<\/ol>\n<h2>Mat\u00e9riau du clapet anti-retour \u00e0 double plaque\u00a0:<\/h2>\n<table>\n<tbody>\n<tr class=\"firstRow\">\n<td valign=\"center\">Non<\/td>\n<td valign=\"center\">Partie<\/td>\n<td valign=\"center\">Mat\u00e9riau<\/td>\n<\/tr>\n<tr>\n<td valign=\"center\">1<\/td>\n<td valign=\"center\">Corps<\/td>\n<td valign=\"center\">ASTM A216 WCB<\/td>\n<\/tr>\n<tr>\n<td valign=\"center\">2<\/td>\n<td valign=\"center\">Anneau de si\u00e8ge<\/td>\n<td valign=\"center\">13Cr<\/td>\n<\/tr>\n<tr>\n<td valign=\"center\">3<\/td>\n<td valign=\"center\">Disque<\/td>\n<td valign=\"center\">ASTM A216 WCB<\/td>\n<\/tr>\n<tr>\n<td valign=\"center\">4<\/td>\n<td valign=\"center\">Printemps<\/td>\n<td valign=\"center\">InconelX 750<\/td>\n<\/tr>\n<tr>\n<td valign=\"center\">5<\/td>\n<td valign=\"center\">\u00c9pingle<\/td>\n<td valign=\"center\">ASTM A182 F6a<\/td>\n<\/tr>\n<\/tbody>\n<\/table>","protected":false},"excerpt":{"rendered":"<p>Constitu\u00e9 de 2 disques fix\u00e9s au corps de vanne par un axe et actionn\u00e9s par l&#039;action de ressorts, qui d\u00e9marrent imm\u00e9diatement\u2026 <a title=\"Clapet anti-retour \u00e0 double plaque\" class=\"read-more\" href=\"https:\/\/zecovalve.com\/fr\/produit\/dual-plate-check-valve\" aria-label=\"Plus sur Clapet Anti-Retour Double Plaque\">Lire plus<\/a><\/p>","protected":false},"featured_media":27920,"comment_status":"closed","ping_status":"closed","template":"","meta":{"_generate-full-width-content":"","kt_blocks_editor_width":""},"product_cat":[2455,2442],"product_tag":[2657,2661,2725],"class_list":["post-18002","product","type-product","status-publish","has-post-thumbnail","hentry","product_cat-check-valve","product_cat-wafer-check-valve","product_tag-non-return-valve","product_tag-nrv-valve","product_tag-wafer-check-valve","sales-flash-overlay","woocommerce-text-align-center","woocommerce-image-align-center","do-quantity-buttons"],"featured_image_src_large":["https:\/\/zecovalve.com\/wp-content\/uploads\/2022\/07\/Dual-Plate-Check-Valve-1.jpg",800,600,false],"author_info":[],"comment_info":0,"taxonomy_info":{"product_cat":[{"value":2455,"label":"Check Valve"},{"value":2442,"label":"Wafer Check Valve"}],"product_tag":[{"value":2657,"label":"Non Return Valve"},{"value":2661,"label":"NRV Valve"},{"value":2725,"label":"Wafer Check Valve"}]},"yoast_head":"<!-- This site is optimized with the Yoast SEO Premium plugin v15.4 - https:\/\/yoast.com\/wordpress\/plugins\/seo\/ -->\n<title>Dual Plate Check Valve - ZECO Valve<\/title>\n<meta name=\"robots\" content=\"index, follow, max-snippet:-1, max-image-preview:large, max-video-preview:-1\" \/>\n<link rel=\"canonical\" href=\"https:\/\/zecovalve.com\/fr\/produit\/dual-plate-check-valve\" \/>\n<meta property=\"og:locale\" content=\"fr_FR\" \/>\n<meta property=\"og:type\" content=\"article\" \/>\n<meta property=\"og:title\" content=\"Dual Plate Check Valve - ZECO Valve\" \/>\n<meta property=\"og:description\" content=\"Consisting of 2 discs attached to the valve body by a pin and operated by the action of springs, which immediately start ... Lire plus\" \/>\n<meta property=\"og:url\" content=\"https:\/\/zecovalve.com\/fr\/produit\/dual-plate-check-valve\" \/>\n<meta property=\"og:site_name\" content=\"ZECO Valve\" \/>\n<meta property=\"article:modified_time\" content=\"2023-06-16T13:52:24+00:00\" \/>\n<meta property=\"og:image\" content=\"https:\/\/zecovalve.com\/wp-content\/uploads\/2022\/07\/Dual-Plate-Check-Valve-1.jpg\" \/>\n\t<meta property=\"og:image:width\" content=\"800\" \/>\n\t<meta property=\"og:image:height\" content=\"600\" \/>\n<meta name=\"twitter:card\" content=\"summary_large_image\" \/>\n<meta name=\"twitter:label1\" content=\"\u00c9crit par\">\n\t<meta name=\"twitter:data1\" content=\"Jerry\">\n\t<meta name=\"twitter:label2\" content=\"Dur\u00e9e de lecture estim\u00e9e\">\n\t<meta name=\"twitter:data2\" content=\"1 minute\">\n<script type=\"application\/ld+json\" class=\"yoast-schema-graph\">{\"@context\":\"https:\/\/schema.org\",\"@graph\":[{\"@type\":\"WebSite\",\"@id\":\"https:\/\/zecovalve.com\/#website\",\"url\":\"https:\/\/zecovalve.com\/\",\"name\":\"ZECO Valve\",\"description\":\"Industrial Ball Valve, Gate Valve and Globe Valve Manufacturer\",\"potentialAction\":[{\"@type\":\"SearchAction\",\"target\":\"https:\/\/zecovalve.com\/?s={search_term_string}\",\"query-input\":\"required name=search_term_string\"}],\"inLanguage\":\"fr-FR\"},{\"@type\":\"ImageObject\",\"@id\":\"https:\/\/zecovalve.com\/product\/dual-plate-check-valve#primaryimage\",\"inLanguage\":\"fr-FR\",\"url\":\"https:\/\/zecovalve.com\/wp-content\/uploads\/2022\/07\/Dual-Plate-Check-Valve-1.jpg\",\"width\":800,\"height\":600,\"caption\":\"Dual Plate Check Valve\"},{\"@type\":\"WebPage\",\"@id\":\"https:\/\/zecovalve.com\/product\/dual-plate-check-valve#webpage\",\"url\":\"https:\/\/zecovalve.com\/product\/dual-plate-check-valve\",\"name\":\"Dual Plate Check Valve - ZECO Valve\",\"isPartOf\":{\"@id\":\"https:\/\/zecovalve.com\/#website\"},\"primaryImageOfPage\":{\"@id\":\"https:\/\/zecovalve.com\/product\/dual-plate-check-valve#primaryimage\"},\"datePublished\":\"2022-07-03T08:08:53+00:00\",\"dateModified\":\"2023-06-16T13:52:24+00:00\",\"breadcrumb\":{\"@id\":\"https:\/\/zecovalve.com\/product\/dual-plate-check-valve#breadcrumb\"},\"inLanguage\":\"fr-FR\",\"potentialAction\":[{\"@type\":\"ReadAction\",\"target\":[\"https:\/\/zecovalve.com\/product\/dual-plate-check-valve\"]}]},{\"@type\":\"BreadcrumbList\",\"@id\":\"https:\/\/zecovalve.com\/product\/dual-plate-check-valve#breadcrumb\",\"itemListElement\":[{\"@type\":\"ListItem\",\"position\":1,\"item\":{\"@type\":\"WebPage\",\"@id\":\"https:\/\/zecovalve.com\/\",\"url\":\"https:\/\/zecovalve.com\/\",\"name\":\"Home\"}},{\"@type\":\"ListItem\",\"position\":2,\"item\":{\"@type\":\"WebPage\",\"@id\":\"https:\/\/zecovalve.com\/product-category\",\"url\":\"https:\/\/zecovalve.com\/product-category\",\"name\":\"Industrial Valve Manufacturer | Water Valve Manufacturer\"}},{\"@type\":\"ListItem\",\"position\":3,\"item\":{\"@type\":\"WebPage\",\"@id\":\"https:\/\/zecovalve.com\/product\/dual-plate-check-valve\",\"url\":\"https:\/\/zecovalve.com\/product\/dual-plate-check-valve\",\"name\":\"Dual Plate Check Valve\"}}]}]}<\/script>\n<!-- \/ Yoast SEO Premium plugin. -->","_links":{"self":[{"href":"https:\/\/zecovalve.com\/fr\/wp-json\/wp\/v2\/product\/18002","targetHints":{"allow":["GET"]}}],"collection":[{"href":"https:\/\/zecovalve.com\/fr\/wp-json\/wp\/v2\/product"}],"about":[{"href":"https:\/\/zecovalve.com\/fr\/wp-json\/wp\/v2\/types\/product"}],"replies":[{"embeddable":true,"href":"https:\/\/zecovalve.com\/fr\/wp-json\/wp\/v2\/comments?post=18002"}],"wp:featuredmedia":[{"embeddable":true,"href":"https:\/\/zecovalve.com\/fr\/wp-json\/wp\/v2\/media\/27920"}],"wp:attachment":[{"href":"https:\/\/zecovalve.com\/fr\/wp-json\/wp\/v2\/media?parent=18002"}],"wp:term":[{"taxonomy":"product_cat","embeddable":true,"href":"https:\/\/zecovalve.com\/fr\/wp-json\/wp\/v2\/product_cat?post=18002"},{"taxonomy":"product_tag","embeddable":true,"href":"https:\/\/zecovalve.com\/fr\/wp-json\/wp\/v2\/product_tag?post=18002"}],"curies":[{"name":"wp","href":"https:\/\/api.w.org\/{rel}","templated":true}]}}