{"id":18004,"date":"2022-07-03T08:33:32","date_gmt":"2022-07-03T08:33:32","guid":{"rendered":"https:\/\/zecovalve.com\/?post_type=product&#038;p=18004"},"modified":"2023-08-17T05:33:04","modified_gmt":"2023-08-17T05:33:04","slug":"wafer-type-check-valve","status":"publish","type":"product","link":"https:\/\/zecovalve.com\/fr\/produit\/wafer-type-check-valve","title":{"rendered":"Clapet anti-retour de type Wafer"},"content":{"rendered":"<h1 class=\"sep-title\"><\/h1>\n<p><img loading=\"lazy\" decoding=\"async\" class=\"wp-image-27928 size-medium\" src=\"https:\/\/zecovalve.com\/wp-content\/uploads\/2022\/07\/Wafer-Type-Check-Valve-1-300x225.jpg\" alt=\"Clapet anti-retour de type Wafer\" width=\"300\" height=\"225\" srcset=\"https:\/\/zecovalve.com\/wp-content\/uploads\/2022\/07\/Wafer-Type-Check-Valve-1-300x225.jpg 300w, https:\/\/zecovalve.com\/wp-content\/uploads\/2022\/07\/Wafer-Type-Check-Valve-1-768x576.jpg 768w, https:\/\/zecovalve.com\/wp-content\/uploads\/2022\/07\/Wafer-Type-Check-Valve-1-600x450.jpg 600w, https:\/\/zecovalve.com\/wp-content\/uploads\/2022\/07\/Wafer-Type-Check-Valve-1.jpg 800w\" sizes=\"auto, (max-width: 300px) 100vw, 300px\" \/><\/p>\n<h1 class=\"sep-title\"><a style=\"font-size: 17px;\" href=\"https:\/\/zecovalve.com\/fr\/contact\/\"><strong>OBTENIR LE PRIX DE LA VANNE<\/strong><\/a><\/h1>\n<div class=\"richtext\">\n<h2>Description du clapet anti-retour de type plaquette\u00a0:<\/h2>\n<p>Les clapets anti-retour Wafer doivent leur nom \u00e0 leur taille compacte. La petite taille de la vanne permet de la placer entre un jeu de brides. Les brides sont des mat\u00e9riaux con\u00e7us pour connecter des tuyaux, des vannes et divers \u00e9quipements de tuyauterie dans le but de cr\u00e9er un syst\u00e8me de tuyauterie. Ils contribuent \u00e0 fournir un acc\u00e8s rapide au cas o\u00f9 un nettoyage ou un autre entretien serait n\u00e9cessaire.<\/p>\n<h2>Caract\u00e9ristiques du clapet anti-retour de type plaquette\u00a0:<\/h2>\n<ol>\n<li>La course du disque est courte avec moins de force d&#039;impact caus\u00e9e par la fermeture de la vanne\u00a0;<\/li>\n<li>Le disque se ferme rapidement avec moins de pression de coup de b\u00e9lier. La pression du coup de b\u00e9lier est seulement 1\/2 \u00e0 1\/5 fois sup\u00e9rieure \u00e0 celle du clapet anti-retour \u00e0 battant \u00e0 bride et du clapet anti-retour \u00e0 levage \u00e0 bride\u00a0;<\/li>\n<li>Faible r\u00e9sistance \u00e0 l&#039;\u00e9coulement\u00a0;<\/li>\n<li>Installation horizontale et verticale disponible\u00a0;<\/li>\n<li>Tr\u00e8s faible diff\u00e9rence de pression d\u2019ouverture (fissuration)\u00a0;<\/li>\n<li>Plus fiable gr\u00e2ce \u00e0 des forces d&#039;impact plus faibles et \u00e0 moins de coups de b\u00e9lier.<\/li>\n<\/ol>\n<h2>Mat\u00e9riau du clapet anti-retour de type plaquette\u00a0:<\/h2>\n<table>\n<tbody>\n<tr class=\"firstRow\">\n<td valign=\"center\">Non<\/td>\n<td valign=\"center\">Partie<\/td>\n<td valign=\"center\">Mat\u00e9riau<\/td>\n<\/tr>\n<tr>\n<td valign=\"center\">1<\/td>\n<td valign=\"center\">Corps<\/td>\n<td valign=\"center\">ASTM A351 CF8<\/td>\n<\/tr>\n<tr>\n<td valign=\"center\">2<\/td>\n<td valign=\"center\">Anneau de si\u00e8ge<\/td>\n<td valign=\"center\">ASTM A182 F304<\/td>\n<\/tr>\n<tr>\n<td valign=\"center\">3<\/td>\n<td valign=\"center\">Disque<\/td>\n<td valign=\"center\">ASTM A351 CF8<\/td>\n<\/tr>\n<tr>\n<td valign=\"center\">4<\/td>\n<td valign=\"center\">Printemps<\/td>\n<td valign=\"center\">InconelX 750<\/td>\n<\/tr>\n<tr>\n<td valign=\"center\">5<\/td>\n<td valign=\"center\">\u00c9pingle<\/td>\n<td valign=\"center\">ASTM A182 F304<\/td>\n<\/tr>\n<\/tbody>\n<\/table>\n<\/div>\n<h2><\/h2>","protected":false},"excerpt":{"rendered":"<p>OBTENIR LE PRIX DE LA VALVE Description du clapet anti-retour de type Wafer : Les clapets anti-retour Wafer doivent leur nom \u00e0 leur taille compacte. La petite taille de\u2026 <a title=\"Clapet anti-retour de type Wafer\" class=\"read-more\" href=\"https:\/\/zecovalve.com\/fr\/produit\/wafer-type-check-valve\" aria-label=\"Plus sur Wafer Type Check Valve\">Lire plus<\/a><\/p>","protected":false},"featured_media":27928,"comment_status":"closed","ping_status":"closed","template":"","meta":{"_generate-full-width-content":"","kt_blocks_editor_width":""},"product_cat":[2455,2442],"product_tag":[2657,2661,2725],"class_list":["post-18004","product","type-product","status-publish","has-post-thumbnail","hentry","product_cat-check-valve","product_cat-wafer-check-valve","product_tag-non-return-valve","product_tag-nrv-valve","product_tag-wafer-check-valve","sales-flash-overlay","woocommerce-text-align-center","woocommerce-image-align-center","do-quantity-buttons"],"featured_image_src_large":["https:\/\/zecovalve.com\/wp-content\/uploads\/2022\/07\/Wafer-Type-Check-Valve-1.jpg",800,600,false],"author_info":[],"comment_info":0,"taxonomy_info":{"product_cat":[{"value":2455,"label":"Check Valve"},{"value":2442,"label":"Wafer Check Valve"}],"product_tag":[{"value":2657,"label":"Non Return Valve"},{"value":2661,"label":"NRV Valve"},{"value":2725,"label":"Wafer Check Valve"}]},"yoast_head":"<!-- This site is optimized with the Yoast SEO Premium plugin v15.4 - https:\/\/yoast.com\/wordpress\/plugins\/seo\/ -->\n<title>Wafer Type Check Valve - ZECO Valve<\/title>\n<meta name=\"robots\" content=\"index, follow, max-snippet:-1, max-image-preview:large, max-video-preview:-1\" \/>\n<link rel=\"canonical\" href=\"https:\/\/zecovalve.com\/fr\/produit\/wafer-type-check-valve\" \/>\n<meta property=\"og:locale\" content=\"fr_FR\" \/>\n<meta property=\"og:type\" content=\"article\" \/>\n<meta property=\"og:title\" content=\"Wafer Type Check Valve - ZECO Valve\" \/>\n<meta property=\"og:description\" content=\"GET VALVE PRICE Description of Wafer Type Check Valve: Wafer check valves are named for their compact size. The small size of ... Lire plus\" \/>\n<meta property=\"og:url\" content=\"https:\/\/zecovalve.com\/fr\/produit\/wafer-type-check-valve\" \/>\n<meta property=\"og:site_name\" content=\"ZECO Valve\" \/>\n<meta property=\"article:modified_time\" content=\"2023-08-17T05:33:04+00:00\" \/>\n<meta property=\"og:image\" content=\"https:\/\/zecovalve.com\/wp-content\/uploads\/2022\/07\/Wafer-Type-Check-Valve-1.jpg\" \/>\n\t<meta property=\"og:image:width\" content=\"800\" \/>\n\t<meta property=\"og:image:height\" content=\"600\" \/>\n<meta name=\"twitter:card\" content=\"summary_large_image\" \/>\n<meta name=\"twitter:label1\" content=\"\u00c9crit par\">\n\t<meta name=\"twitter:data1\" content=\"Jerry\">\n\t<meta name=\"twitter:label2\" content=\"Dur\u00e9e de lecture estim\u00e9e\">\n\t<meta name=\"twitter:data2\" content=\"1 minute\">\n<script type=\"application\/ld+json\" class=\"yoast-schema-graph\">{\"@context\":\"https:\/\/schema.org\",\"@graph\":[{\"@type\":\"WebSite\",\"@id\":\"https:\/\/zecovalve.com\/#website\",\"url\":\"https:\/\/zecovalve.com\/\",\"name\":\"ZECO Valve\",\"description\":\"Industrial Ball Valve, Gate Valve and Globe Valve Manufacturer\",\"potentialAction\":[{\"@type\":\"SearchAction\",\"target\":\"https:\/\/zecovalve.com\/?s={search_term_string}\",\"query-input\":\"required name=search_term_string\"}],\"inLanguage\":\"fr-FR\"},{\"@type\":\"ImageObject\",\"@id\":\"https:\/\/zecovalve.com\/product\/wafer-type-check-valve#primaryimage\",\"inLanguage\":\"fr-FR\",\"url\":\"https:\/\/zecovalve.com\/wp-content\/uploads\/2022\/07\/Wafer-Type-Check-Valve-1.jpg\",\"width\":800,\"height\":600,\"caption\":\"Wafer Type Check Valve\"},{\"@type\":\"WebPage\",\"@id\":\"https:\/\/zecovalve.com\/product\/wafer-type-check-valve#webpage\",\"url\":\"https:\/\/zecovalve.com\/product\/wafer-type-check-valve\",\"name\":\"Wafer Type Check Valve - ZECO Valve\",\"isPartOf\":{\"@id\":\"https:\/\/zecovalve.com\/#website\"},\"primaryImageOfPage\":{\"@id\":\"https:\/\/zecovalve.com\/product\/wafer-type-check-valve#primaryimage\"},\"datePublished\":\"2022-07-03T08:33:32+00:00\",\"dateModified\":\"2023-08-17T05:33:04+00:00\",\"breadcrumb\":{\"@id\":\"https:\/\/zecovalve.com\/product\/wafer-type-check-valve#breadcrumb\"},\"inLanguage\":\"fr-FR\",\"potentialAction\":[{\"@type\":\"ReadAction\",\"target\":[\"https:\/\/zecovalve.com\/product\/wafer-type-check-valve\"]}]},{\"@type\":\"BreadcrumbList\",\"@id\":\"https:\/\/zecovalve.com\/product\/wafer-type-check-valve#breadcrumb\",\"itemListElement\":[{\"@type\":\"ListItem\",\"position\":1,\"item\":{\"@type\":\"WebPage\",\"@id\":\"https:\/\/zecovalve.com\/\",\"url\":\"https:\/\/zecovalve.com\/\",\"name\":\"Home\"}},{\"@type\":\"ListItem\",\"position\":2,\"item\":{\"@type\":\"WebPage\",\"@id\":\"https:\/\/zecovalve.com\/product-category\",\"url\":\"https:\/\/zecovalve.com\/product-category\",\"name\":\"Industrial Valve Manufacturer | Water Valve Manufacturer\"}},{\"@type\":\"ListItem\",\"position\":3,\"item\":{\"@type\":\"WebPage\",\"@id\":\"https:\/\/zecovalve.com\/product\/wafer-type-check-valve\",\"url\":\"https:\/\/zecovalve.com\/product\/wafer-type-check-valve\",\"name\":\"Wafer Type Check Valve\"}}]}]}<\/script>\n<!-- \/ Yoast SEO Premium plugin. -->","_links":{"self":[{"href":"https:\/\/zecovalve.com\/fr\/wp-json\/wp\/v2\/product\/18004","targetHints":{"allow":["GET"]}}],"collection":[{"href":"https:\/\/zecovalve.com\/fr\/wp-json\/wp\/v2\/product"}],"about":[{"href":"https:\/\/zecovalve.com\/fr\/wp-json\/wp\/v2\/types\/product"}],"replies":[{"embeddable":true,"href":"https:\/\/zecovalve.com\/fr\/wp-json\/wp\/v2\/comments?post=18004"}],"wp:featuredmedia":[{"embeddable":true,"href":"https:\/\/zecovalve.com\/fr\/wp-json\/wp\/v2\/media\/27928"}],"wp:attachment":[{"href":"https:\/\/zecovalve.com\/fr\/wp-json\/wp\/v2\/media?parent=18004"}],"wp:term":[{"taxonomy":"product_cat","embeddable":true,"href":"https:\/\/zecovalve.com\/fr\/wp-json\/wp\/v2\/product_cat?post=18004"},{"taxonomy":"product_tag","embeddable":true,"href":"https:\/\/zecovalve.com\/fr\/wp-json\/wp\/v2\/product_tag?post=18004"}],"curies":[{"name":"wp","href":"https:\/\/api.w.org\/{rel}","templated":true}]}}