{"id":18082,"date":"2022-07-06T08:43:40","date_gmt":"2022-07-06T08:43:40","guid":{"rendered":"https:\/\/zecovalve.com\/?post_type=product&#038;p=18082"},"modified":"2023-06-26T06:46:40","modified_gmt":"2023-06-26T06:46:40","slug":"air-vent-valve","status":"publish","type":"product","link":"https:\/\/zecovalve.com\/fr\/produit\/air-vent-valve","title":{"rendered":"Soupape de ventilation"},"content":{"rendered":"<p>ZECO Valve est un fabricant professionnel de vannes de ventilation<\/p>\r\n\r\n\r\n\r\n<figure id=\"attachment_16152\" class=\"wp-block-image size-full is-resized\"><img loading=\"lazy\" decoding=\"async\" class=\"wp-image-18081\" src=\"https:\/\/zecovalve.com\/wp-content\/uploads\/2022\/07\/Air-Vent-Valve-1.jpg\" alt=\"\" width=\"217\" height=\"198\" srcset=\"https:\/\/zecovalve.com\/wp-content\/uploads\/2022\/07\/Air-Vent-Valve-1.jpg 866w, https:\/\/zecovalve.com\/wp-content\/uploads\/2022\/07\/Air-Vent-Valve-1-300x274.jpg 300w, https:\/\/zecovalve.com\/wp-content\/uploads\/2022\/07\/Air-Vent-Valve-1-768x701.jpg 768w, https:\/\/zecovalve.com\/wp-content\/uploads\/2022\/07\/Air-Vent-Valve-1-600x548.jpg 600w\" sizes=\"auto, (max-width: 217px) 100vw, 217px\" \/><\/figure>\r\n\r\n\r\n<div class=\"gb-button-wrapper gb-button-wrapper-6d8495a3\">\r\n\r\n\r\n<p><a class=\"gb-button gb-button-3d442e11 gb-button-text\" href=\"https:\/\/zecovalve.com\/fr\/contact\/\" target=\"_blank\" rel=\"noopener noreferrer\"><strong>OBTENIR LE PRIX DE LA VANNE<\/strong><\/a><\/p>\r\n<\/div>\r\n\r\n\r\n\r\n\r\n<h2 class=\"wp-block-heading\" id=\"h-what-is-an-air-vent-valve\">Qu&#039;est-ce qu&#039;une vanne de ventilation ?<\/h2>\r\n\r\n\r\n\r\n<p>Une vanne de purge d&#039;air est un dispositif de s\u00e9curit\u00e9 qui \u00e9vacue l&#039;air au niveau de la tuyauterie d&#039;alimentation en eau afin d&#039;\u00e9viter les probl\u00e8mes li\u00e9s \u00e0 l&#039;air dans les syst\u00e8mes de tuyauterie d&#039;eau.<\/p>\r\n\r\n\r\n\r\n<h2 class=\"wp-block-heading\">Comment fonctionne une vanne de ventilation ?<\/h2>\r\n\r\n\r\n\r\n<p>Lorsque le liquide est pomp\u00e9 \u00e0 travers le syst\u00e8me au d\u00e9marrage, l&#039;air initial \u00e0 l&#039;int\u00e9rieur de la tuyauterie est pouss\u00e9 dans l&#039;\u00e9vent par la pression du d\u00e9bit. Le flotteur reste dans la partie inf\u00e9rieure de l&#039;\u00e9vent, permettant \u00e0 la vanne de rester ouverte et d&#039;\u00e9vacuer l&#039;air en continu.<\/p>\r\n\r\n\r\n\r\n<p>Apr\u00e8s la premi\u00e8re purge d&#039;air, le liquide s&#039;\u00e9coule dans la bouche d&#039;a\u00e9ration. Le flotteur monte avec le liquide qui monte et ferme la vanne.<\/p>\r\n\r\n\r\n\r\n<p>Si de l&#039;air p\u00e9n\u00e8tre dans l&#039;\u00e9vent alors qu&#039;il est ferm\u00e9, le niveau de liquide baisse et le flotteur s&#039;abaisse, permettant \u00e0 la vanne de s&#039;ouvrir et d&#039;\u00e9vacuer \u00e0 nouveau l&#039;air.<\/p>\r\n\r\n\r\n\r\n<h2 class=\"wp-block-heading\">A quoi servent les purgeurs d&#039;air ?<\/h2>\r\n\r\n\r\n\r\n<ul class=\"wp-block-list\">\r\n<li>Pour prot\u00e9ger les mat\u00e9riaux et les syst\u00e8mes de tuyauterie contre la corrosion due \u00e0 l&#039;air (oxyg\u00e8ne).<\/li>\r\n<li>Pour \u00e9viter les \u00e9claboussures d&#039;eau au niveau du robinet en raison de la pr\u00e9sence d&#039;air.<\/li>\r\n<li>Pour \u00e9viter le bruit r\u00e9sultant de l&#039;entr\u00e9e d&#039;air dans les syst\u00e8mes d&#039;alimentation en eau froide\/chaude, les syst\u00e8mes de climatisation et autres syst\u00e8mes.<\/li>\r\n<li>Pour le d\u00e9marrage en douceur et le fonctionnement stable de l&#039;approvisionnement en eau et d&#039;autres syst\u00e8mes\/dispositifs gr\u00e2ce \u00e0 l&#039;\u00e9vacuation de l&#039;air au moment du transport initial de l&#039;eau.<\/li>\r\n<\/ul>\r\n\r\n\r\n\r\n<h2 class=\"wp-block-heading\">Applications de la vanne de ventilation<\/h2>\r\n\r\n\r\n\r\n<ul class=\"wp-block-list\">\r\n<li>Syst\u00e8me d&#039;alimentation en eau froide et chaude<\/li>\r\n<li>Chaudi\u00e8re \u00e0 eau chaude<\/li>\r\n<li>Syst\u00e8me d&#039;eau chaude solaire<\/li>\r\n<li>Autres appareils divers<\/li>\r\n<li>Syst\u00e8me de conditionnement d&#039;air<\/li>\r\n<li>Appareil de chauffe-eau<\/li>\r\n<li>R\u00e9servoir de pression<\/li>\r\n<\/ul>\r\n\r\n\r\n\r\n<h2 class=\"wp-block-heading\" id=\"h-features-of-air-vent-valves\">Caract\u00e9ristiques des vannes de ventilation\u00a0:<\/h2>\r\n\r\n\r\n\r\n<ul class=\"wp-block-list\">\r\n<li>Haute qualit\u00e9\u00a0: le m\u00e9canisme d&#039;\u00e9chappement est tr\u00e8s fiable et est moul\u00e9 \u00e0 partir de composants de haute pr\u00e9cision<\/li>\r\n<li>Bonne caract\u00e9ristique : cette valve pr\u00e9sente une r\u00e9sistance aux temp\u00e9ratures \u00e9lev\u00e9es, une protection contre la rouille et une \u00e9tanch\u00e9it\u00e9 fiable.<\/li>\r\n<li>Conception exquise : le bac de s\u00e9paration de vapeur et d&#039;eau est con\u00e7u avec une structure sp\u00e9ciale pour garantir que l&#039;eau ne sera pas \u00e9vacu\u00e9e lors de l&#039;\u00e9chappement. Tant que le syst\u00e8me est sous pression, la soupape d&#039;\u00e9chappement continuera \u00e0 s&#039;\u00e9vacuer.<\/li>\r\n<li>Pratique : il est pratique \u00e0 d\u00e9monter et \u00e0 entretenir, tandis que l&#039;eau du syst\u00e8me ne s&#039;\u00e9coulera pas, il n&#039;est donc pas n\u00e9cessaire de vider le syst\u00e8me.<\/li>\r\n<li>Le bac de s\u00e9paration de vapeur et d&#039;eau est con\u00e7u avec une structure sp\u00e9ciale pour garantir que l&#039;eau ne sera pas \u00e9vacu\u00e9e lors de l&#039;\u00e9vacuation.<\/li>\r\n<\/ul>\r\n\r\n\r\n\r\n<h2 class=\"wp-block-heading\" id=\"h-material-of-air-vent-valves\">Mat\u00e9riau des vannes de ventilation\u00a0:<\/h2>\r\n\r\n\r\n\r\n<figure class=\"wp-block-table\">\r\n<table>\r\n<tbody>\r\n<tr>\r\n<td>Non<\/td>\r\n<td>Partie<\/td>\r\n<td>Mat\u00e9riau<\/td>\r\n<\/tr>\r\n<tr>\r\n<td>1<\/td>\r\n<td>Corps<\/td>\r\n<td>Laiton CW 617N<\/td>\r\n<\/tr>\r\n<tr>\r\n<td>2<\/td>\r\n<td>Bonnet<\/td>\r\n<td>Laiton CW 617N<\/td>\r\n<\/tr>\r\n<tr>\r\n<td>3<\/td>\r\n<td>Flotter<\/td>\r\n<td>Poly\u00e9thyl\u00e8ne<\/td>\r\n<\/tr>\r\n<tr>\r\n<td>4<\/td>\r\n<td>Casquette<\/td>\r\n<td>Poly\u00e9thyl\u00e8ne<\/td>\r\n<\/tr>\r\n<tr>\r\n<td>5<\/td>\r\n<td>Laveuse<\/td>\r\n<td>Laiton<\/td>\r\n<\/tr>\r\n<tr>\r\n<td>6<\/td>\r\n<td>Jonction<\/td>\r\n<td>R\u00e9sine ac\u00e9talique<\/td>\r\n<\/tr>\r\n<tr>\r\n<td>7<\/td>\r\n<td>Levier<\/td>\r\n<td>R\u00e9sine ac\u00e9talique<\/td>\r\n<\/tr>\r\n<tr>\r\n<td>8<\/td>\r\n<td>Arr\u00eat<\/td>\r\n<td>R\u00e9sine ac\u00e9talique<\/td>\r\n<\/tr>\r\n<\/tbody>\r\n<\/table>\r\n<\/figure>","protected":false},"excerpt":{"rendered":"<p>ZECO Valve est un fabricant professionnel de vannes de ventilation. Qu&#039;est-ce qu&#039;une vanne de ventilation ? Une soupape de purge d&#039;air est une s\u00e9curit\u00e9\u2026 <a title=\"Soupape de ventilation\" class=\"read-more\" href=\"https:\/\/zecovalve.com\/fr\/produit\/air-vent-valve\" aria-label=\"Plus sur Air Vent Valve\">Lire plus<\/a><\/p>","protected":false},"featured_media":27971,"comment_status":"closed","ping_status":"closed","template":"","meta":{"_generate-full-width-content":"","kt_blocks_editor_width":""},"product_cat":[2520],"product_tag":[2796,2654,2765],"class_list":["post-18082","product","type-product","status-publish","has-post-thumbnail","hentry","product_cat-air-valve","product_tag-air-vent-valve","product_tag-hvac-valve","product_tag-vent-valve","sales-flash-overlay","woocommerce-text-align-center","woocommerce-image-align-center","do-quantity-buttons"],"featured_image_src_large":["https:\/\/zecovalve.com\/wp-content\/uploads\/2022\/07\/Air-Vent-Valve-2.jpg",800,600,false],"author_info":[],"comment_info":0,"taxonomy_info":{"product_cat":[{"value":2520,"label":"Air Valve Manufacturer and Supplier"}],"product_tag":[{"value":2796,"label":"Air Vent Valve"},{"value":2654,"label":"HVAC Valve"},{"value":2765,"label":"Vent Valve"}]},"yoast_head":"<!-- This site is optimized with the Yoast SEO Premium plugin v15.4 - https:\/\/yoast.com\/wordpress\/plugins\/seo\/ -->\n<title>Air Vent Valve - Vent Valve Manufacturer | ZECO Valve<\/title>\n<meta name=\"robots\" content=\"index, follow, max-snippet:-1, max-image-preview:large, max-video-preview:-1\" \/>\n<link rel=\"canonical\" href=\"https:\/\/zecovalve.com\/fr\/produit\/air-vent-valve\" \/>\n<meta property=\"og:locale\" content=\"fr_FR\" \/>\n<meta property=\"og:type\" content=\"article\" \/>\n<meta property=\"og:title\" content=\"Air Vent Valve - Vent Valve Manufacturer | ZECO Valve\" \/>\n<meta property=\"og:description\" content=\"ZECO Valve is an professional Air Vent Valve manufacturer What is an Air Vent Valve? An air vent valve is a safety ... Lire plus\" \/>\n<meta property=\"og:url\" content=\"https:\/\/zecovalve.com\/fr\/produit\/air-vent-valve\" \/>\n<meta property=\"og:site_name\" content=\"ZECO Valve\" \/>\n<meta property=\"article:modified_time\" content=\"2023-06-26T06:46:40+00:00\" \/>\n<meta property=\"og:image\" content=\"https:\/\/zecovalve.com\/wp-content\/uploads\/2022\/07\/Air-Vent-Valve-2.jpg\" \/>\n\t<meta property=\"og:image:width\" content=\"800\" \/>\n\t<meta property=\"og:image:height\" content=\"600\" \/>\n<meta name=\"twitter:card\" content=\"summary_large_image\" \/>\n<meta name=\"twitter:label1\" content=\"\u00c9crit par\">\n\t<meta name=\"twitter:data1\" content=\"Jerry\">\n\t<meta name=\"twitter:label2\" content=\"Dur\u00e9e de lecture estim\u00e9e\">\n\t<meta name=\"twitter:data2\" content=\"2 minutes\">\n<script type=\"application\/ld+json\" class=\"yoast-schema-graph\">{\"@context\":\"https:\/\/schema.org\",\"@graph\":[{\"@type\":\"WebSite\",\"@id\":\"https:\/\/zecovalve.com\/#website\",\"url\":\"https:\/\/zecovalve.com\/\",\"name\":\"ZECO Valve\",\"description\":\"Industrial Ball Valve, Gate Valve and Globe Valve Manufacturer\",\"potentialAction\":[{\"@type\":\"SearchAction\",\"target\":\"https:\/\/zecovalve.com\/?s={search_term_string}\",\"query-input\":\"required name=search_term_string\"}],\"inLanguage\":\"fr-FR\"},{\"@type\":\"ImageObject\",\"@id\":\"https:\/\/zecovalve.com\/product\/air-vent-valve#primaryimage\",\"inLanguage\":\"fr-FR\",\"url\":\"https:\/\/zecovalve.com\/wp-content\/uploads\/2022\/07\/Air-Vent-Valve-2.jpg\",\"width\":800,\"height\":600,\"caption\":\"Air Vent Valve\"},{\"@type\":\"WebPage\",\"@id\":\"https:\/\/zecovalve.com\/product\/air-vent-valve#webpage\",\"url\":\"https:\/\/zecovalve.com\/product\/air-vent-valve\",\"name\":\"Air Vent Valve - Vent Valve Manufacturer | ZECO Valve\",\"isPartOf\":{\"@id\":\"https:\/\/zecovalve.com\/#website\"},\"primaryImageOfPage\":{\"@id\":\"https:\/\/zecovalve.com\/product\/air-vent-valve#primaryimage\"},\"datePublished\":\"2022-07-06T08:43:40+00:00\",\"dateModified\":\"2023-06-26T06:46:40+00:00\",\"breadcrumb\":{\"@id\":\"https:\/\/zecovalve.com\/product\/air-vent-valve#breadcrumb\"},\"inLanguage\":\"fr-FR\",\"potentialAction\":[{\"@type\":\"ReadAction\",\"target\":[\"https:\/\/zecovalve.com\/product\/air-vent-valve\"]}]},{\"@type\":\"BreadcrumbList\",\"@id\":\"https:\/\/zecovalve.com\/product\/air-vent-valve#breadcrumb\",\"itemListElement\":[{\"@type\":\"ListItem\",\"position\":1,\"item\":{\"@type\":\"WebPage\",\"@id\":\"https:\/\/zecovalve.com\/\",\"url\":\"https:\/\/zecovalve.com\/\",\"name\":\"Home\"}},{\"@type\":\"ListItem\",\"position\":2,\"item\":{\"@type\":\"WebPage\",\"@id\":\"https:\/\/zecovalve.com\/product-category\",\"url\":\"https:\/\/zecovalve.com\/product-category\",\"name\":\"Industrial Valve Manufacturer | Water Valve Manufacturer\"}},{\"@type\":\"ListItem\",\"position\":3,\"item\":{\"@type\":\"WebPage\",\"@id\":\"https:\/\/zecovalve.com\/product\/air-vent-valve\",\"url\":\"https:\/\/zecovalve.com\/product\/air-vent-valve\",\"name\":\"Air Vent Valve\"}}]}]}<\/script>\n<!-- \/ Yoast SEO Premium plugin. -->","_links":{"self":[{"href":"https:\/\/zecovalve.com\/fr\/wp-json\/wp\/v2\/product\/18082","targetHints":{"allow":["GET"]}}],"collection":[{"href":"https:\/\/zecovalve.com\/fr\/wp-json\/wp\/v2\/product"}],"about":[{"href":"https:\/\/zecovalve.com\/fr\/wp-json\/wp\/v2\/types\/product"}],"replies":[{"embeddable":true,"href":"https:\/\/zecovalve.com\/fr\/wp-json\/wp\/v2\/comments?post=18082"}],"wp:featuredmedia":[{"embeddable":true,"href":"https:\/\/zecovalve.com\/fr\/wp-json\/wp\/v2\/media\/27971"}],"wp:attachment":[{"href":"https:\/\/zecovalve.com\/fr\/wp-json\/wp\/v2\/media?parent=18082"}],"wp:term":[{"taxonomy":"product_cat","embeddable":true,"href":"https:\/\/zecovalve.com\/fr\/wp-json\/wp\/v2\/product_cat?post=18082"},{"taxonomy":"product_tag","embeddable":true,"href":"https:\/\/zecovalve.com\/fr\/wp-json\/wp\/v2\/product_tag?post=18082"}],"curies":[{"name":"wp","href":"https:\/\/api.w.org\/{rel}","templated":true}]}}