{"id":19486,"date":"2022-07-10T09:37:28","date_gmt":"2022-07-10T09:37:28","guid":{"rendered":"https:\/\/zecovalve.com\/?post_type=product&#038;p=19486"},"modified":"2022-09-22T06:28:53","modified_gmt":"2022-09-22T06:28:53","slug":"2-inch-ball-valve","status":"publish","type":"product","link":"https:\/\/zecovalve.com\/fr\/produit\/2-inch-ball-valve","title":{"rendered":"Robinet \u00e0 boisseau sph\u00e9rique de 2 pouces"},"content":{"rendered":"<p>Les robinets \u00e0 tournant sph\u00e9rique de 2 pouces sont des robinets \u00e0 tournant sph\u00e9rique normalement flottants conformes aux normes API 6D et API 608.<\/p>\r\n\r\n\r\n\r\n<figure class=\"wp-block-image size-full is-resized\">\r\n<p><img loading=\"lazy\" decoding=\"async\" class=\"size-medium wp-image-19557\" src=\"https:\/\/zecovalve.com\/wp-content\/uploads\/2022\/07\/2-Inch-Ball-Valve-1-300x225.jpg\" alt=\"Robinet \u00e0 boisseau sph\u00e9rique de 2 pouces\" width=\"300\" height=\"225\" srcset=\"https:\/\/zecovalve.com\/wp-content\/uploads\/2022\/07\/2-Inch-Ball-Valve-1-300x225.jpg 300w, https:\/\/zecovalve.com\/wp-content\/uploads\/2022\/07\/2-Inch-Ball-Valve-1-1024x768.jpg 1024w, https:\/\/zecovalve.com\/wp-content\/uploads\/2022\/07\/2-Inch-Ball-Valve-1-768x576.jpg 768w, https:\/\/zecovalve.com\/wp-content\/uploads\/2022\/07\/2-Inch-Ball-Valve-1-1536x1152.jpg 1536w, https:\/\/zecovalve.com\/wp-content\/uploads\/2022\/07\/2-Inch-Ball-Valve-1-2048x1536.jpg 2048w, https:\/\/zecovalve.com\/wp-content\/uploads\/2022\/07\/2-Inch-Ball-Valve-1-600x450.jpg 600w\" sizes=\"auto, (max-width: 300px) 100vw, 300px\" \/><\/p>\r\n<\/figure>\r\n\r\n\r\n<div class=\"gb-button-wrapper gb-button-wrapper-6d8495a3\">\r\n\r\n\r\n<p><a class=\"gb-button gb-button-3d442e11 gb-button-text\" href=\"https:\/\/zecovalve.com\/fr\/contact\/\" target=\"_blank\" rel=\"noopener noreferrer\"><strong>OBTENIR LE PRIX DE LA VANNE<\/strong><\/a><\/p>\r\n<\/div>\r\n\r\n\r\n\r\n\r\n<h2 class=\"wp-block-heading\" id=\"h-what-is-2-inch-ball-valve\">Qu'est-ce qu'un robinet \u00e0 boisseau sph\u00e9rique de 2 pouces ?<\/h2>\r\n\r\n\r\n\r\n<p>Le robinet \u00e0 boisseau sph\u00e9rique ZECO de 2 pouces est g\u00e9n\u00e9ralement un robinet \u00e0 boisseau sph\u00e9rique flottant et est disponible en laiton, en acier moul\u00e9 et en acier forg\u00e9.<\/p>\r\n\r\n\r\n\r\n<p>Un robinet \u00e0 tournant sph\u00e9rique flottant de 2 pouces tire son nom de la sph\u00e8re qui \"flotte\" librement \u00e0 l'int\u00e9rieur du corps du robinet, qui est comprim\u00e9 entre deux si\u00e8ges flexibles alors qu'il est suspendu dans un liquide. En fonctionnement, un robinet \u00e0 boisseau sph\u00e9rique flottant flotte l\u00e9g\u00e8rement vers l'aval, ce qui entra\u00eene la compression du m\u00e9canisme d'assise sous la sph\u00e8re. Si le si\u00e8ge se d\u00e9sint\u00e8gre, la bille flotte jusqu'\u00e0 la tige m\u00e9tallique pour l'\u00e9tanch\u00e9ifier. Ceci constitue une s\u00e9curit\u00e9 int\u00e9gr\u00e9e dans la conception.<\/p>\r\n\r\n\r\n\r\n<h2 class=\"wp-block-heading\" id=\"dimensions--weight-of-12-inch-ball-valve\">Dimensions et poids d'un robinet \u00e0 boisseau sph\u00e9rique de 2 pouces<\/h2>\r\n\r\n\r\n\r\n<table border=\"=1\" width=\"800\">\r\n<tbody>\r\n<tr>\r\n<td rowspan=\"2\">Pression nominale<\/td>\r\n<td>Al\u00e9sage<\/td>\r\n<td colspan=\"3\">\u00a0Dimension face \u00e0 face (en mm)<\/td>\r\n<td>Poids<\/td>\r\n<\/tr>\r\n<tr>\r\n<td>(en mm)<\/td>\r\n<td>RF<\/td>\r\n<td>BW<\/td>\r\n<td>RTJ<\/td>\r\n<td>kg<\/td>\r\n<\/tr>\r\n<tr>\r\n<td>CLASSE 150<\/td>\r\n<td>49<\/td>\r\n<td>178<\/td>\r\n<td>216<\/td>\r\n<td>191<\/td>\r\n<td>9<\/td>\r\n<\/tr>\r\n<tr>\r\n<td>CLASSE 300<\/td>\r\n<td>49<\/td>\r\n<td>216<\/td>\r\n<td>216<\/td>\r\n<td>232<\/td>\r\n<td>9<\/td>\r\n<\/tr>\r\n<tr>\r\n<td>CLASSE 600<\/td>\r\n<td>49<\/td>\r\n<td>292<\/td>\r\n<td>292<\/td>\r\n<td>295<\/td>\r\n<td>19<\/td>\r\n<\/tr>\r\n<tr>\r\n<td>CLASSE 900<\/td>\r\n<td>49<\/td>\r\n<td>368<\/td>\r\n<td>368<\/td>\r\n<td>371<\/td>\r\n<td>40<\/td>\r\n<\/tr>\r\n<tr>\r\n<td>CLASSE 1500<\/td>\r\n<td>49<\/td>\r\n<td>368<\/td>\r\n<td>368<\/td>\r\n<td>371<\/td>\r\n<td>60<\/td>\r\n<\/tr>\r\n<tr>\r\n<td>CLASSE 2500<\/td>\r\n<td>42<\/td>\r\n<td>451<\/td>\r\n<td>451<\/td>\r\n<td>454<\/td>\r\n<td>85<\/td>\r\n<\/tr>\r\n<\/tbody>\r\n<\/table>\r\n\r\n\r\n\r\n<h2 class=\"wp-block-heading\" id=\"specification-of-6-gate-valve\">Sp\u00e9cification du robinet \u00e0 2 boules<\/h2>\r\n\r\n\r\n\r\n<figure class=\"wp-block-table\">\r\n<table>\r\n<tbody>\r\n<tr>\r\n<td>Confirmation de la conception<\/td>\r\n<td>API 6D, API 608<\/td>\r\n<\/tr>\r\n<tr>\r\n<td>La norme de fin confirme<\/td>\r\n<td>ASME B16.5, EN 1092-1, ASME B1.20.1<\/td>\r\n<\/tr>\r\n<tr>\r\n<td>Contr\u00f4le de l'\u00e9tanch\u00e9it\u00e9<\/td>\r\n<td>API 598, ISO 5208, EN 12266-1<\/td>\r\n<\/tr>\r\n<tr>\r\n<td>Confirme en face \u00e0 face<\/td>\r\n<td>API 6D, ASME B16.10, EN 558-1<\/td>\r\n<\/tr>\r\n<tr>\r\n<td>Pression normale<\/td>\r\n<td>Classe 150 ~ Classe 2500, PN10 ~ PN400<\/td>\r\n<\/tr>\r\n<tr>\r\n<td>Pression d'essai de la coquille<\/td>\r\n<td>1,5 * Pression nominale<\/td>\r\n<\/tr>\r\n<tr>\r\n<td>Pression d'essai du joint<\/td>\r\n<td>1,1 * Pression nominale (eau)<\/td>\r\n<\/tr>\r\n<tr>\r\n<td>Pression d'essai du joint (basse pression)<\/td>\r\n<td>6 Bar (air)<\/td>\r\n<\/tr>\r\n<\/tbody>\r\n<\/table>\r\n<\/figure>\r\n\r\n\r\n\r\n<h2 class=\"wp-block-heading\" id=\"h-features-of-2-inch-ball-valve\">Caract\u00e9ristiques du robinet \u00e0 boisseau sph\u00e9rique de 2 pouces :<\/h2>\r\n\r\n\r\n\r\n<ul class=\"wp-block-list\">\r\n<li>Conception compacte.<\/li>\r\n<li>Le rapport co\u00fbt-efficacit\u00e9.<\/li>\r\n<li>Personnalisable.<\/li>\r\n<li>Faible r\u00e9sistance \u00e0 l'\u00e9coulement.<\/li>\r\n<li>Fonctions d'\u00e9tanch\u00e9it\u00e9 fiables.<\/li>\r\n<li>Construction simple.<\/li>\r\n<\/ul>\r\n\r\n\r\n\r\n<h2 class=\"wp-block-heading\" id=\"h-material-of-2-inch-ball-valve\">Mat\u00e9riau du robinet \u00e0 boisseau sph\u00e9rique de 2 pouces :<\/h2>\r\n\r\n\r\n\r\n<figure class=\"wp-block-table\">\r\n<table>\r\n<tbody>\r\n<tr>\r\n<td>Non<\/td>\r\n<td>Partie<\/td>\r\n<td>Mat\u00e9riau<\/td>\r\n<\/tr>\r\n<tr>\r\n<td>1<\/td>\r\n<td>Corps<\/td>\r\n<td>ASTM A105<\/td>\r\n<\/tr>\r\n<tr>\r\n<td>2<\/td>\r\n<td>Bonnet<\/td>\r\n<td>ASTM A105<\/td>\r\n<\/tr>\r\n<tr>\r\n<td>3<\/td>\r\n<td>Boule<\/td>\r\n<td>ASTM A182 F316<\/td>\r\n<\/tr>\r\n<tr>\r\n<td>4<\/td>\r\n<td>Si\u00e8ge<\/td>\r\n<td>ASTM A182 F316<\/td>\r\n<\/tr>\r\n<tr>\r\n<td>5<\/td>\r\n<td>Tige<\/td>\r\n<td>ASTM A276 316<\/td>\r\n<\/tr>\r\n<tr>\r\n<td>6<\/td>\r\n<td>Dispositif antistatique<\/td>\r\n<td>SS316<\/td>\r\n<\/tr>\r\n<tr>\r\n<td>7<\/td>\r\n<td>Joint d'\u00e9tanch\u00e9it\u00e9<\/td>\r\n<td>Graphite + SS316<\/td>\r\n<\/tr>\r\n<tr>\r\n<td>8<\/td>\r\n<td>Boulon<\/td>\r\n<td>ASTM A193 B7<\/td>\r\n<\/tr>\r\n<tr>\r\n<td>9<\/td>\r\n<td>\u00c9crou<\/td>\r\n<td>ASTM A194 2H<\/td>\r\n<\/tr>\r\n<tr>\r\n<td>10<\/td>\r\n<td>Joint torique<\/td>\r\n<td>Viton A<\/td>\r\n<\/tr>\r\n<tr>\r\n<td>11<\/td>\r\n<td>Roue suspendue<\/td>\r\n<td>ASTM A276 304<\/td>\r\n<\/tr>\r\n<\/tbody>\r\n<\/table>\r\n<\/figure>","protected":false},"excerpt":{"rendered":"<p>Les robinets \u00e0 tournant sph\u00e9rique de 2 pouces sont normalement des robinets \u00e0 tournant sph\u00e9rique flottants selon la norme API 6D, API 608. Qu&#039;est-ce qu&#039;un robinet \u00e0 tournant sph\u00e9rique de 2 pouces ? \u2026 <a title=\"Robinet \u00e0 boisseau sph\u00e9rique de 2 pouces\" class=\"read-more\" href=\"https:\/\/zecovalve.com\/fr\/produit\/2-inch-ball-valve\" aria-label=\"Plus sur 2 inch Ball Valve\">Lire plus<\/a><\/p>","protected":false},"featured_media":19557,"comment_status":"closed","ping_status":"closed","template":"","meta":{"_generate-full-width-content":"","kt_blocks_editor_width":""},"product_cat":[2047,2462],"product_tag":[2804,3920,3913,3922,3921],"class_list":["post-19486","product","type-product","status-publish","has-post-thumbnail","hentry","product_cat-ball-valve","product_cat-ball-valve-by-size","product_tag-2-inch-ball-valve","product_tag-api-6d-ball-valve","product_tag-full-port-ball-valve","product_tag-metal-seat-ball-valve","product_tag-metal-seated-ball-valve","sales-flash-overlay","woocommerce-text-align-center","woocommerce-image-align-center","do-quantity-buttons"],"featured_image_src_large":["https:\/\/zecovalve.com\/wp-content\/uploads\/2022\/07\/2-Inch-Ball-Valve-1-1024x768.jpg",1024,768,true],"author_info":[],"comment_info":0,"taxonomy_info":{"product_cat":[{"value":2047,"label":"Ball Valve"},{"value":2462,"label":"Ball Valve By Size"}],"product_tag":[{"value":2804,"label":"2 inch Ball Valve"},{"value":3920,"label":"API 6D Ball Valve"},{"value":3913,"label":"Full Port Ball Valve"},{"value":3922,"label":"Metal Seat Ball Valve"},{"value":3921,"label":"Metal Seated Ball Valve"}]},"yoast_head":"<!-- This site is optimized with the Yoast SEO Premium plugin v15.4 - https:\/\/yoast.com\/wordpress\/plugins\/seo\/ -->\n<title>2 inch Ball Valve - 2 Ball Valve Manufacturer | ZECO Valve<\/title>\n<meta name=\"robots\" content=\"index, follow, max-snippet:-1, max-image-preview:large, max-video-preview:-1\" \/>\n<link rel=\"canonical\" href=\"https:\/\/zecovalve.com\/fr\/produit\/2-inch-ball-valve\" \/>\n<meta property=\"og:locale\" content=\"fr_FR\" \/>\n<meta property=\"og:type\" content=\"article\" \/>\n<meta property=\"og:title\" content=\"2 inch Ball Valve - 2 Ball Valve Manufacturer | ZECO Valve\" \/>\n<meta property=\"og:description\" content=\"2 inch Ball Valves are normally floating ball valves according to API 6D, API 608 standard What is 2 Inch Ball Valve? ... Lire plus\" \/>\n<meta property=\"og:url\" content=\"https:\/\/zecovalve.com\/fr\/produit\/2-inch-ball-valve\" \/>\n<meta property=\"og:site_name\" content=\"ZECO Valve\" \/>\n<meta property=\"article:modified_time\" content=\"2022-09-22T06:28:53+00:00\" \/>\n<meta property=\"og:image\" content=\"https:\/\/zecovalve.com\/wp-content\/uploads\/2022\/07\/2-Inch-Ball-Valve-1-scaled.jpg\" \/>\n\t<meta property=\"og:image:width\" content=\"2560\" \/>\n\t<meta property=\"og:image:height\" content=\"1920\" \/>\n<meta name=\"twitter:card\" content=\"summary_large_image\" \/>\n<meta name=\"twitter:label1\" content=\"\u00c9crit par\">\n\t<meta name=\"twitter:data1\" content=\"Jerry\">\n\t<meta name=\"twitter:label2\" content=\"Dur\u00e9e de lecture estim\u00e9e\">\n\t<meta name=\"twitter:data2\" content=\"1 minute\">\n<script type=\"application\/ld+json\" class=\"yoast-schema-graph\">{\"@context\":\"https:\/\/schema.org\",\"@graph\":[{\"@type\":\"WebSite\",\"@id\":\"https:\/\/zecovalve.com\/#website\",\"url\":\"https:\/\/zecovalve.com\/\",\"name\":\"ZECO Valve\",\"description\":\"Industrial Ball Valve, Gate Valve and Globe Valve Manufacturer\",\"potentialAction\":[{\"@type\":\"SearchAction\",\"target\":\"https:\/\/zecovalve.com\/?s={search_term_string}\",\"query-input\":\"required name=search_term_string\"}],\"inLanguage\":\"fr-FR\"},{\"@type\":\"ImageObject\",\"@id\":\"https:\/\/zecovalve.com\/product\/2-inch-ball-valve#primaryimage\",\"inLanguage\":\"fr-FR\",\"url\":\"https:\/\/zecovalve.com\/wp-content\/uploads\/2022\/07\/2-Inch-Ball-Valve-1-scaled.jpg\",\"width\":2560,\"height\":1920,\"caption\":\"2 Inch Ball Valve\"},{\"@type\":\"WebPage\",\"@id\":\"https:\/\/zecovalve.com\/product\/2-inch-ball-valve#webpage\",\"url\":\"https:\/\/zecovalve.com\/product\/2-inch-ball-valve\",\"name\":\"2 inch Ball Valve - 2 Ball Valve Manufacturer | ZECO Valve\",\"isPartOf\":{\"@id\":\"https:\/\/zecovalve.com\/#website\"},\"primaryImageOfPage\":{\"@id\":\"https:\/\/zecovalve.com\/product\/2-inch-ball-valve#primaryimage\"},\"datePublished\":\"2022-07-10T09:37:28+00:00\",\"dateModified\":\"2022-09-22T06:28:53+00:00\",\"breadcrumb\":{\"@id\":\"https:\/\/zecovalve.com\/product\/2-inch-ball-valve#breadcrumb\"},\"inLanguage\":\"fr-FR\",\"potentialAction\":[{\"@type\":\"ReadAction\",\"target\":[\"https:\/\/zecovalve.com\/product\/2-inch-ball-valve\"]}]},{\"@type\":\"BreadcrumbList\",\"@id\":\"https:\/\/zecovalve.com\/product\/2-inch-ball-valve#breadcrumb\",\"itemListElement\":[{\"@type\":\"ListItem\",\"position\":1,\"item\":{\"@type\":\"WebPage\",\"@id\":\"https:\/\/zecovalve.com\/\",\"url\":\"https:\/\/zecovalve.com\/\",\"name\":\"Home\"}},{\"@type\":\"ListItem\",\"position\":2,\"item\":{\"@type\":\"WebPage\",\"@id\":\"https:\/\/zecovalve.com\/product-category\",\"url\":\"https:\/\/zecovalve.com\/product-category\",\"name\":\"Industrial Valve Manufacturer | Water Valve Manufacturer\"}},{\"@type\":\"ListItem\",\"position\":3,\"item\":{\"@type\":\"WebPage\",\"@id\":\"https:\/\/zecovalve.com\/product\/2-inch-ball-valve\",\"url\":\"https:\/\/zecovalve.com\/product\/2-inch-ball-valve\",\"name\":\"2 inch Ball Valve\"}}]}]}<\/script>\n<!-- \/ Yoast SEO Premium plugin. -->","_links":{"self":[{"href":"https:\/\/zecovalve.com\/fr\/wp-json\/wp\/v2\/product\/19486","targetHints":{"allow":["GET"]}}],"collection":[{"href":"https:\/\/zecovalve.com\/fr\/wp-json\/wp\/v2\/product"}],"about":[{"href":"https:\/\/zecovalve.com\/fr\/wp-json\/wp\/v2\/types\/product"}],"replies":[{"embeddable":true,"href":"https:\/\/zecovalve.com\/fr\/wp-json\/wp\/v2\/comments?post=19486"}],"wp:featuredmedia":[{"embeddable":true,"href":"https:\/\/zecovalve.com\/fr\/wp-json\/wp\/v2\/media\/19557"}],"wp:attachment":[{"href":"https:\/\/zecovalve.com\/fr\/wp-json\/wp\/v2\/media?parent=19486"}],"wp:term":[{"taxonomy":"product_cat","embeddable":true,"href":"https:\/\/zecovalve.com\/fr\/wp-json\/wp\/v2\/product_cat?post=19486"},{"taxonomy":"product_tag","embeddable":true,"href":"https:\/\/zecovalve.com\/fr\/wp-json\/wp\/v2\/product_tag?post=19486"}],"curies":[{"name":"wp","href":"https:\/\/api.w.org\/{rel}","templated":true}]}}