{"id":19525,"date":"2022-07-11T11:54:01","date_gmt":"2022-07-11T11:54:01","guid":{"rendered":"https:\/\/zecovalve.com\/?post_type=product&#038;p=19525"},"modified":"2023-06-26T06:47:07","modified_gmt":"2023-06-26T06:47:07","slug":"automatic-air-vent-valve","status":"publish","type":"product","link":"https:\/\/zecovalve.com\/fr\/produit\/automatic-air-vent-valve","title":{"rendered":"Valve de ventilation automatique"},"content":{"rendered":"<p>ZECO Valve est un fabricant professionnel de vannes de ventilation automatiques.<\/p>\r\n\r\n\r\n\r\n<figure id=\"attachment_16152\" class=\"wp-block-image size-full is-resized\"><img loading=\"lazy\" decoding=\"async\" class=\"wp-image-19526\" src=\"https:\/\/zecovalve.com\/wp-content\/uploads\/2022\/07\/Automatic-Air-Vent-Valve.jpg\" alt=\"\" width=\"250\" height=\"250\" srcset=\"https:\/\/zecovalve.com\/wp-content\/uploads\/2022\/07\/Automatic-Air-Vent-Valve.jpg 500w, https:\/\/zecovalve.com\/wp-content\/uploads\/2022\/07\/Automatic-Air-Vent-Valve-300x300.jpg 300w, https:\/\/zecovalve.com\/wp-content\/uploads\/2022\/07\/Automatic-Air-Vent-Valve-150x150.jpg 150w, https:\/\/zecovalve.com\/wp-content\/uploads\/2022\/07\/Automatic-Air-Vent-Valve-400x400.jpg 400w, https:\/\/zecovalve.com\/wp-content\/uploads\/2022\/07\/Automatic-Air-Vent-Valve-100x100.jpg 100w\" sizes=\"auto, (max-width: 250px) 100vw, 250px\" \/><\/figure>\r\n\r\n\r\n<div class=\"gb-button-wrapper gb-button-wrapper-6d8495a3\">\r\n\r\n\r\n<p><a class=\"gb-button gb-button-3d442e11 gb-button-text\" href=\"https:\/\/zecovalve.com\/fr\/contact\/\" target=\"_blank\" rel=\"noopener noreferrer\"><strong>OBTENIR LE PRIX DE LA VANNE<\/strong><\/a><\/p>\r\n<\/div>\r\n\r\n\r\n\r\n\r\n<h2 class=\"wp-block-heading\" id=\"h-what-is-an-automatic-air-vent-valve\">Qu&#039;est-ce qu&#039;une vanne de ventilation automatique ?<\/h2>\r\n\r\n\r\n\r\n<p>La vanne de ventilation automatique est con\u00e7ue pour \u00eatre utilis\u00e9e sur les syst\u00e8mes de chauffage.<\/p>\r\n\r\n\r\n\r\n<h2 class=\"wp-block-heading\" id=\"how-does-an-air-vent-valve-work\">Comment fonctionne une vanne de ventilation automatique ?<\/h2>\r\n\r\n\r\n\r\n<p>La vanne de ventilation automatique est install\u00e9e sur le syst\u00e8me de chauffage, g\u00e9n\u00e9ralement dans les armoires \u00e0 cylindres, pour purger automatiquement l&#039;air du syst\u00e8me de chauffage. Le dispositif est constitu\u00e9 d&#039;un flotteur en polypropyl\u00e8ne reli\u00e9 \u00e0 une simple vanne. Lorsque l&#039;accumulation d&#039;air dans la chambre \u00e0 flotteur d\u00e9passe un certain niveau, le flotteur descend, ouvrant la vanne et lib\u00e9rant l&#039;air emprisonn\u00e9 dans la chambre. Au fur et \u00e0 mesure que l&#039;air est lib\u00e9r\u00e9, l&#039;eau le remplace et ram\u00e8ne le flotteur en position haute, ce qui ferme la vanne.<\/p>\r\n\r\n\r\n\r\n<h2 class=\"wp-block-heading\" id=\"what-are-air-vent-valves-used-for\">A quoi servent les purgeurs d&#039;air automatiques ?<\/h2>\r\n\r\n\r\n\r\n<p>Lorsque l&#039;air est emprisonn\u00e9 dans un syst\u00e8me de chauffage scell\u00e9, cela peut causer une grande vari\u00e9t\u00e9 de probl\u00e8mes, notamment un bruit excessif, de la corrosion et des co\u00fbts de maintenance accrus li\u00e9s aux sas qui peuvent emp\u00eacher le syst\u00e8me de fonctionner de mani\u00e8re efficace et efficiente. Le purgeur d&#039;air automatique est install\u00e9 sur le syst\u00e8me de chauffage, g\u00e9n\u00e9ralement dans les armoires \u00e0 cylindres, pour purger automatiquement l&#039;air du syst\u00e8me de chauffage.<\/p>\r\n\r\n\r\n\r\n<h2 class=\"wp-block-heading\" id=\"applications-of-air-vent-valve\">Applications des vannes de ventilation automatiques<\/h2>\r\n\r\n\r\n\r\n<p>Les purgeurs d&#039;air automatiques conviennent particuli\u00e8rement aux syst\u00e8mes de chauffage et autres syst\u00e8mes d&#039;eau chaude en circuit ferm\u00e9 qui n\u00e9cessitent une \u00e9vacuation efficace et automatique de l&#039;air pendant que le syst\u00e8me se remplit d&#039;eau. Un brise-vide est install\u00e9 au bas de la vanne afin d&#039;\u00e9viter la formation d&#039;un sas d&#039;air et favorise la lib\u00e9ration de l&#039;air de l&#039;eau \u00e0 l&#039;int\u00e9rieur du syst\u00e8me.<\/p>\r\n\r\n\r\n\r\n<h2 class=\"wp-block-heading\" id=\"h-features-of-automatic-air-vent-valves\">Caract\u00e9ristiques des vannes de ventilation automatiques\u00a0:<\/h2>\r\n\r\n\r\n\r\n<ul class=\"wp-block-list\">\r\n<li>\u00c9vacue automatiquement l&#039;air emprisonn\u00e9 dans les syst\u00e8mes de chauffage scell\u00e9s.<\/li>\r\n<li>Construction robuste en laiton massif et flotteur en polypropyl\u00e8ne r\u00e9sistant \u00e0 la chaleur<\/li>\r\n<li>Disponible avec une vari\u00e9t\u00e9 d&#039;extr\u00e9mit\u00e9s de connexion<\/li>\r\n<\/ul>\r\n\r\n\r\n\r\n<h2 class=\"wp-block-heading\" id=\"h-material-of-automatic-air-vent-valves\">Mat\u00e9riau des vannes de ventilation automatiques\u00a0:<\/h2>\r\n\r\n\r\n\r\n<figure class=\"wp-block-table\">\r\n<table>\r\n<tbody>\r\n<tr>\r\n<td>Non<\/td>\r\n<td>Partie<\/td>\r\n<td>Mat\u00e9riau<\/td>\r\n<\/tr>\r\n<tr>\r\n<td>1<\/td>\r\n<td>Corps<\/td>\r\n<td>Laiton CW 617N<\/td>\r\n<\/tr>\r\n<tr>\r\n<td>2<\/td>\r\n<td>Bonnet<\/td>\r\n<td>Laiton CW 617N<\/td>\r\n<\/tr>\r\n<tr>\r\n<td>3<\/td>\r\n<td>Flotter<\/td>\r\n<td>Poly\u00e9thyl\u00e8ne<\/td>\r\n<\/tr>\r\n<tr>\r\n<td>4<\/td>\r\n<td>Casquette<\/td>\r\n<td>Poly\u00e9thyl\u00e8ne<\/td>\r\n<\/tr>\r\n<tr>\r\n<td>5<\/td>\r\n<td>Laveuse<\/td>\r\n<td>Laiton<\/td>\r\n<\/tr>\r\n<tr>\r\n<td>6<\/td>\r\n<td>Jonction<\/td>\r\n<td>R\u00e9sine ac\u00e9talique<\/td>\r\n<\/tr>\r\n<tr>\r\n<td>7<\/td>\r\n<td>Levier<\/td>\r\n<td>R\u00e9sine ac\u00e9talique<\/td>\r\n<\/tr>\r\n<tr>\r\n<td>8<\/td>\r\n<td>Arr\u00eat<\/td>\r\n<td>R\u00e9sine ac\u00e9talique<\/td>\r\n<\/tr>\r\n<\/tbody>\r\n<\/table>\r\n<\/figure>","protected":false},"excerpt":{"rendered":"<p>ZECO Valve est un fabricant professionnel de vannes de ventilation automatiques. Qu&#039;est-ce qu&#039;une vanne de ventilation automatique ? La vanne de ventilation automatique est\u2026 <a title=\"Valve de ventilation automatique\" class=\"read-more\" href=\"https:\/\/zecovalve.com\/fr\/produit\/automatic-air-vent-valve\" aria-label=\"Plus sur Valve de ventilation automatique\">Lire plus<\/a><\/p>","protected":false},"featured_media":27972,"comment_status":"closed","ping_status":"closed","template":"","meta":{"_generate-full-width-content":"","kt_blocks_editor_width":""},"product_cat":[2520],"product_tag":[2796,2765],"class_list":["post-19525","product","type-product","status-publish","has-post-thumbnail","hentry","product_cat-air-valve","product_tag-air-vent-valve","product_tag-vent-valve","sales-flash-overlay","woocommerce-text-align-center","woocommerce-image-align-center","do-quantity-buttons"],"featured_image_src_large":["https:\/\/zecovalve.com\/wp-content\/uploads\/2022\/07\/Automatic-Air-Vent-Valve-1.jpg",800,600,false],"author_info":[],"comment_info":0,"taxonomy_info":{"product_cat":[{"value":2520,"label":"Air Valve Manufacturer and Supplier"}],"product_tag":[{"value":2796,"label":"Air Vent Valve"},{"value":2765,"label":"Vent Valve"}]},"yoast_head":"<!-- This site is optimized with the Yoast SEO Premium plugin v15.4 - https:\/\/yoast.com\/wordpress\/plugins\/seo\/ -->\n<title>Automatic Air Vent Valve - Air Vent Valve | ZECO Valve<\/title>\n<meta name=\"robots\" content=\"index, follow, max-snippet:-1, max-image-preview:large, max-video-preview:-1\" \/>\n<link rel=\"canonical\" href=\"https:\/\/zecovalve.com\/fr\/produit\/automatic-air-vent-valve\" \/>\n<meta property=\"og:locale\" content=\"fr_FR\" \/>\n<meta property=\"og:type\" content=\"article\" \/>\n<meta property=\"og:title\" content=\"Automatic Air Vent Valve - Air Vent Valve | ZECO Valve\" \/>\n<meta property=\"og:description\" content=\"ZECO Valve is an professional Automatic Air Vent Valve manufacturer. What is an Automatic Air Vent Valve? Automatic Air Vent Valve is ... Lire plus\" \/>\n<meta property=\"og:url\" content=\"https:\/\/zecovalve.com\/fr\/produit\/automatic-air-vent-valve\" \/>\n<meta property=\"og:site_name\" content=\"ZECO Valve\" \/>\n<meta property=\"article:modified_time\" content=\"2023-06-26T06:47:07+00:00\" \/>\n<meta property=\"og:image\" content=\"https:\/\/zecovalve.com\/wp-content\/uploads\/2022\/07\/Automatic-Air-Vent-Valve-1.jpg\" \/>\n\t<meta property=\"og:image:width\" content=\"800\" \/>\n\t<meta property=\"og:image:height\" content=\"600\" \/>\n<meta name=\"twitter:card\" content=\"summary_large_image\" \/>\n<meta name=\"twitter:label1\" content=\"\u00c9crit par\">\n\t<meta name=\"twitter:data1\" content=\"Jerry\">\n\t<meta name=\"twitter:label2\" content=\"Dur\u00e9e de lecture estim\u00e9e\">\n\t<meta name=\"twitter:data2\" content=\"1 minute\">\n<script type=\"application\/ld+json\" class=\"yoast-schema-graph\">{\"@context\":\"https:\/\/schema.org\",\"@graph\":[{\"@type\":\"WebSite\",\"@id\":\"https:\/\/zecovalve.com\/#website\",\"url\":\"https:\/\/zecovalve.com\/\",\"name\":\"ZECO Valve\",\"description\":\"Industrial Ball Valve, Gate Valve and Globe Valve Manufacturer\",\"potentialAction\":[{\"@type\":\"SearchAction\",\"target\":\"https:\/\/zecovalve.com\/?s={search_term_string}\",\"query-input\":\"required name=search_term_string\"}],\"inLanguage\":\"fr-FR\"},{\"@type\":\"ImageObject\",\"@id\":\"https:\/\/zecovalve.com\/product\/automatic-air-vent-valve#primaryimage\",\"inLanguage\":\"fr-FR\",\"url\":\"https:\/\/zecovalve.com\/wp-content\/uploads\/2022\/07\/Automatic-Air-Vent-Valve-1.jpg\",\"width\":800,\"height\":600,\"caption\":\"Automatic Air Vent Valve\"},{\"@type\":\"WebPage\",\"@id\":\"https:\/\/zecovalve.com\/product\/automatic-air-vent-valve#webpage\",\"url\":\"https:\/\/zecovalve.com\/product\/automatic-air-vent-valve\",\"name\":\"Automatic Air Vent Valve - Air Vent Valve | ZECO Valve\",\"isPartOf\":{\"@id\":\"https:\/\/zecovalve.com\/#website\"},\"primaryImageOfPage\":{\"@id\":\"https:\/\/zecovalve.com\/product\/automatic-air-vent-valve#primaryimage\"},\"datePublished\":\"2022-07-11T11:54:01+00:00\",\"dateModified\":\"2023-06-26T06:47:07+00:00\",\"breadcrumb\":{\"@id\":\"https:\/\/zecovalve.com\/product\/automatic-air-vent-valve#breadcrumb\"},\"inLanguage\":\"fr-FR\",\"potentialAction\":[{\"@type\":\"ReadAction\",\"target\":[\"https:\/\/zecovalve.com\/product\/automatic-air-vent-valve\"]}]},{\"@type\":\"BreadcrumbList\",\"@id\":\"https:\/\/zecovalve.com\/product\/automatic-air-vent-valve#breadcrumb\",\"itemListElement\":[{\"@type\":\"ListItem\",\"position\":1,\"item\":{\"@type\":\"WebPage\",\"@id\":\"https:\/\/zecovalve.com\/\",\"url\":\"https:\/\/zecovalve.com\/\",\"name\":\"Home\"}},{\"@type\":\"ListItem\",\"position\":2,\"item\":{\"@type\":\"WebPage\",\"@id\":\"https:\/\/zecovalve.com\/product-category\",\"url\":\"https:\/\/zecovalve.com\/product-category\",\"name\":\"Industrial Valve Manufacturer | Water Valve Manufacturer\"}},{\"@type\":\"ListItem\",\"position\":3,\"item\":{\"@type\":\"WebPage\",\"@id\":\"https:\/\/zecovalve.com\/product\/automatic-air-vent-valve\",\"url\":\"https:\/\/zecovalve.com\/product\/automatic-air-vent-valve\",\"name\":\"Automatic Air Vent Valve\"}}]}]}<\/script>\n<!-- \/ Yoast SEO Premium plugin. -->","_links":{"self":[{"href":"https:\/\/zecovalve.com\/fr\/wp-json\/wp\/v2\/product\/19525","targetHints":{"allow":["GET"]}}],"collection":[{"href":"https:\/\/zecovalve.com\/fr\/wp-json\/wp\/v2\/product"}],"about":[{"href":"https:\/\/zecovalve.com\/fr\/wp-json\/wp\/v2\/types\/product"}],"replies":[{"embeddable":true,"href":"https:\/\/zecovalve.com\/fr\/wp-json\/wp\/v2\/comments?post=19525"}],"wp:featuredmedia":[{"embeddable":true,"href":"https:\/\/zecovalve.com\/fr\/wp-json\/wp\/v2\/media\/27972"}],"wp:attachment":[{"href":"https:\/\/zecovalve.com\/fr\/wp-json\/wp\/v2\/media?parent=19525"}],"wp:term":[{"taxonomy":"product_cat","embeddable":true,"href":"https:\/\/zecovalve.com\/fr\/wp-json\/wp\/v2\/product_cat?post=19525"},{"taxonomy":"product_tag","embeddable":true,"href":"https:\/\/zecovalve.com\/fr\/wp-json\/wp\/v2\/product_tag?post=19525"}],"curies":[{"name":"wp","href":"https:\/\/api.w.org\/{rel}","templated":true}]}}