{"id":19527,"date":"2022-07-11T12:30:10","date_gmt":"2022-07-11T12:30:10","guid":{"rendered":"https:\/\/zecovalve.com\/?post_type=product&#038;p=19527"},"modified":"2023-06-26T06:47:53","modified_gmt":"2023-06-26T06:47:53","slug":"auto-air-vent-valve","status":"publish","type":"product","link":"https:\/\/zecovalve.com\/fr\/produit\/auto-air-vent-valve","title":{"rendered":"Soupape de ventilation automatique"},"content":{"rendered":"<p>ZECO Valve est un fabricant professionnel de vannes de ventilation automatiques.<\/p>\r\n\r\n\r\n\r\n<figure id=\"attachment_16152\" class=\"wp-block-image size-full is-resized\"><img loading=\"lazy\" decoding=\"async\" class=\"wp-image-19528\" src=\"https:\/\/zecovalve.com\/wp-content\/uploads\/2022\/07\/Auto-Air-Vent-Valve.webp\" alt=\"Soupape de ventilation automatique\" width=\"256\" height=\"256\" \/><\/figure>\r\n\r\n\r\n<div class=\"gb-button-wrapper gb-button-wrapper-6d8495a3\">\r\n\r\n\r\n<p><a class=\"gb-button gb-button-3d442e11 gb-button-text\" href=\"https:\/\/zecovalve.com\/fr\/contact\/\" target=\"_blank\" rel=\"noopener noreferrer\"><strong>OBTENIR LE PRIX DE LA VANNE<\/strong><\/a><\/p>\r\n<\/div>\r\n\r\n\r\n\r\n\r\n<h2 class=\"wp-block-heading\" id=\"h-what-is-an-auto-air-vent-valve\">Qu&#039;est-ce qu&#039;une soupape de ventilation automatique\u00a0?<\/h2>\r\n\r\n\r\n\r\n<p>La valve de ventilation automatique est con\u00e7ue pour \u00eatre utilis\u00e9e sur les syst\u00e8mes de chauffage.<\/p>\r\n\r\n\r\n\r\n<h2 class=\"wp-block-heading\" id=\"how-does-an-air-vent-valve-work\">Comment fonctionne une vanne de ventilation automatique\u00a0?<\/h2>\r\n\r\n\r\n\r\n<p>La vanne de ventilation automatique est un dispositif permettant de purger l&#039;air du syst\u00e8me de canalisations. Il est bas\u00e9 sur le principe d&#039;un flotteur. Le flotteur flotte en appuyant l&#039;aiguille ou le bouchon contre la prise. L&#039;air du syst\u00e8me de chauffage ou d&#039;alimentation en eau monte, le flotteur descend, ouvrant la sortie. D\u00e8s que l\u2019air fut sorti, le flotteur remonta et bloqua la sortie. De l\u00e0, ces produits sont appel\u00e9s bouches d\u2019a\u00e9ration automatiques ou vannes d\u2019air. Certes, il existe \u00e9galement des vannes d&#039;air dans le syst\u00e8me d&#039;\u00e9gout, mais elles y remplissent une fonction diff\u00e9rente.<\/p>\r\n\r\n\r\n\r\n<h2 class=\"wp-block-heading\" id=\"applications-of-air-vent-valve\">Applications des vannes de ventilation automatiques<\/h2>\r\n\r\n\r\n\r\n<p>Les vannes de ventilation automatique sont utilis\u00e9es pour les syst\u00e8mes de distribution d&#039;eau chaude ou froide et les mod\u00e8les dot\u00e9s d&#039;une fonction de ventilation manuelle pour une ventilation rapide des syst\u00e8mes r\u00e9sidentiels et commerciaux.<\/p>\r\n\r\n\r\n\r\n<h2 class=\"wp-block-heading\" id=\"h-features-of-auto-air-vent-valves\">Caract\u00e9ristiques des vannes de ventilation automatiques\u00a0:<\/h2>\r\n\r\n\r\n\r\n<ul class=\"wp-block-list\">\r\n<li>Corps en laiton nickel\u00e9.<\/li>\r\n<li>Flotteur en r\u00e9sine poly\u00e9thyl\u00e8ne.<\/li>\r\n<li>Temp\u00e9rature maximale de travail : 110\u00b0C.<\/li>\r\n<li>Pression de refoulement maximale : 6 bars.<\/li>\r\n<li>Filetages : ISO 228 (\u00e9quivalent \u00e0 DIN EN ISO 228 et BS EN ISO 228).<\/li>\r\n<li>Disponible avec filetage NPT dans les tailles 1\/2\u2033 \u2013 3\/4\u2033 \u2013 1\u2033<\/li>\r\n<\/ul>\r\n\r\n\r\n\r\n<h2 class=\"wp-block-heading\" id=\"h-material-of-auto-air-vent-valves\">Mat\u00e9riau des vannes de ventilation automatique\u00a0:<\/h2>\r\n\r\n\r\n\r\n<figure class=\"wp-block-table\">\r\n<table>\r\n<tbody>\r\n<tr>\r\n<td>Non<\/td>\r\n<td>Partie<\/td>\r\n<td>Mat\u00e9riau<\/td>\r\n<\/tr>\r\n<tr>\r\n<td>1<\/td>\r\n<td>Corps<\/td>\r\n<td>Laiton nickel\u00e9<\/td>\r\n<\/tr>\r\n<tr>\r\n<td>2<\/td>\r\n<td>Bonnet<\/td>\r\n<td>Laiton nickel\u00e9<\/td>\r\n<\/tr>\r\n<tr>\r\n<td>3<\/td>\r\n<td>Flotter<\/td>\r\n<td>Poly\u00e9thyl\u00e8ne<\/td>\r\n<\/tr>\r\n<tr>\r\n<td>4<\/td>\r\n<td>Casquette<\/td>\r\n<td>Poly\u00e9thyl\u00e8ne<\/td>\r\n<\/tr>\r\n<tr>\r\n<td>5<\/td>\r\n<td>Laveuse<\/td>\r\n<td>Laiton nickel\u00e9<\/td>\r\n<\/tr>\r\n<tr>\r\n<td>6<\/td>\r\n<td>Jonction<\/td>\r\n<td>R\u00e9sine ac\u00e9talique<\/td>\r\n<\/tr>\r\n<tr>\r\n<td>7<\/td>\r\n<td>Levier<\/td>\r\n<td>R\u00e9sine ac\u00e9talique<\/td>\r\n<\/tr>\r\n<tr>\r\n<td>8<\/td>\r\n<td>Arr\u00eat<\/td>\r\n<td>R\u00e9sine ac\u00e9talique<\/td>\r\n<\/tr>\r\n<\/tbody>\r\n<\/table>\r\n<\/figure>","protected":false},"excerpt":{"rendered":"<p>ZECO Valve est un fabricant professionnel de vannes de ventilation automatiques. Qu&#039;est-ce qu&#039;une soupape de ventilation automatique\u00a0? La valve de ventilation automatique est\u2026 <a title=\"Soupape de ventilation automatique\" class=\"read-more\" href=\"https:\/\/zecovalve.com\/fr\/produit\/auto-air-vent-valve\" aria-label=\"Plus sur Valve de ventilation automatique\">Lire plus<\/a><\/p>","protected":false},"featured_media":27973,"comment_status":"closed","ping_status":"closed","template":"","meta":{"_generate-full-width-content":"","kt_blocks_editor_width":""},"product_cat":[2520],"product_tag":[2796,2765],"class_list":["post-19527","product","type-product","status-publish","has-post-thumbnail","hentry","product_cat-air-valve","product_tag-air-vent-valve","product_tag-vent-valve","sales-flash-overlay","woocommerce-text-align-center","woocommerce-image-align-center","do-quantity-buttons"],"featured_image_src_large":["https:\/\/zecovalve.com\/wp-content\/uploads\/2022\/07\/Auto-Air-Vent-Valve.jpg",800,600,false],"author_info":[],"comment_info":0,"taxonomy_info":{"product_cat":[{"value":2520,"label":"Air Valve Manufacturer and Supplier"}],"product_tag":[{"value":2796,"label":"Air Vent Valve"},{"value":2765,"label":"Vent Valve"}]},"yoast_head":"<!-- This site is optimized with the Yoast SEO Premium plugin v15.4 - https:\/\/yoast.com\/wordpress\/plugins\/seo\/ -->\n<title>Auto Air Vent Valve - Air Vent Valve | ZECO Valve<\/title>\n<meta name=\"robots\" content=\"index, follow, max-snippet:-1, max-image-preview:large, max-video-preview:-1\" \/>\n<link rel=\"canonical\" href=\"https:\/\/zecovalve.com\/fr\/produit\/auto-air-vent-valve\" \/>\n<meta property=\"og:locale\" content=\"fr_FR\" \/>\n<meta property=\"og:type\" content=\"article\" \/>\n<meta property=\"og:title\" content=\"Auto Air Vent Valve - Air Vent Valve | ZECO Valve\" \/>\n<meta property=\"og:description\" content=\"ZECO Valve is an professional Auto Air Vent Valve manufacturer. What is an Auto Air Vent Valve? Auto Air Vent Valve is ... Lire plus\" \/>\n<meta property=\"og:url\" content=\"https:\/\/zecovalve.com\/fr\/produit\/auto-air-vent-valve\" \/>\n<meta property=\"og:site_name\" content=\"ZECO Valve\" \/>\n<meta property=\"article:modified_time\" content=\"2023-06-26T06:47:53+00:00\" \/>\n<meta property=\"og:image\" content=\"https:\/\/zecovalve.com\/wp-content\/uploads\/2022\/07\/Auto-Air-Vent-Valve.jpg\" \/>\n\t<meta property=\"og:image:width\" content=\"800\" \/>\n\t<meta property=\"og:image:height\" content=\"600\" \/>\n<meta name=\"twitter:card\" content=\"summary_large_image\" \/>\n<meta name=\"twitter:label1\" content=\"\u00c9crit par\">\n\t<meta name=\"twitter:data1\" content=\"Jerry\">\n\t<meta name=\"twitter:label2\" content=\"Dur\u00e9e de lecture estim\u00e9e\">\n\t<meta name=\"twitter:data2\" content=\"1 minute\">\n<script type=\"application\/ld+json\" class=\"yoast-schema-graph\">{\"@context\":\"https:\/\/schema.org\",\"@graph\":[{\"@type\":\"WebSite\",\"@id\":\"https:\/\/zecovalve.com\/#website\",\"url\":\"https:\/\/zecovalve.com\/\",\"name\":\"ZECO Valve\",\"description\":\"Industrial Ball Valve, Gate Valve and Globe Valve Manufacturer\",\"potentialAction\":[{\"@type\":\"SearchAction\",\"target\":\"https:\/\/zecovalve.com\/?s={search_term_string}\",\"query-input\":\"required name=search_term_string\"}],\"inLanguage\":\"fr-FR\"},{\"@type\":\"ImageObject\",\"@id\":\"https:\/\/zecovalve.com\/product\/auto-air-vent-valve#primaryimage\",\"inLanguage\":\"fr-FR\",\"url\":\"https:\/\/zecovalve.com\/wp-content\/uploads\/2022\/07\/Auto-Air-Vent-Valve.jpg\",\"width\":800,\"height\":600,\"caption\":\"Auto Air Vent Valve\"},{\"@type\":\"WebPage\",\"@id\":\"https:\/\/zecovalve.com\/product\/auto-air-vent-valve#webpage\",\"url\":\"https:\/\/zecovalve.com\/product\/auto-air-vent-valve\",\"name\":\"Auto Air Vent Valve - Air Vent Valve | ZECO Valve\",\"isPartOf\":{\"@id\":\"https:\/\/zecovalve.com\/#website\"},\"primaryImageOfPage\":{\"@id\":\"https:\/\/zecovalve.com\/product\/auto-air-vent-valve#primaryimage\"},\"datePublished\":\"2022-07-11T12:30:10+00:00\",\"dateModified\":\"2023-06-26T06:47:53+00:00\",\"breadcrumb\":{\"@id\":\"https:\/\/zecovalve.com\/product\/auto-air-vent-valve#breadcrumb\"},\"inLanguage\":\"fr-FR\",\"potentialAction\":[{\"@type\":\"ReadAction\",\"target\":[\"https:\/\/zecovalve.com\/product\/auto-air-vent-valve\"]}]},{\"@type\":\"BreadcrumbList\",\"@id\":\"https:\/\/zecovalve.com\/product\/auto-air-vent-valve#breadcrumb\",\"itemListElement\":[{\"@type\":\"ListItem\",\"position\":1,\"item\":{\"@type\":\"WebPage\",\"@id\":\"https:\/\/zecovalve.com\/\",\"url\":\"https:\/\/zecovalve.com\/\",\"name\":\"Home\"}},{\"@type\":\"ListItem\",\"position\":2,\"item\":{\"@type\":\"WebPage\",\"@id\":\"https:\/\/zecovalve.com\/product-category\",\"url\":\"https:\/\/zecovalve.com\/product-category\",\"name\":\"Industrial Valve Manufacturer | Water Valve Manufacturer\"}},{\"@type\":\"ListItem\",\"position\":3,\"item\":{\"@type\":\"WebPage\",\"@id\":\"https:\/\/zecovalve.com\/product\/auto-air-vent-valve\",\"url\":\"https:\/\/zecovalve.com\/product\/auto-air-vent-valve\",\"name\":\"Auto Air Vent Valve\"}}]}]}<\/script>\n<!-- \/ Yoast SEO Premium plugin. -->","_links":{"self":[{"href":"https:\/\/zecovalve.com\/fr\/wp-json\/wp\/v2\/product\/19527","targetHints":{"allow":["GET"]}}],"collection":[{"href":"https:\/\/zecovalve.com\/fr\/wp-json\/wp\/v2\/product"}],"about":[{"href":"https:\/\/zecovalve.com\/fr\/wp-json\/wp\/v2\/types\/product"}],"replies":[{"embeddable":true,"href":"https:\/\/zecovalve.com\/fr\/wp-json\/wp\/v2\/comments?post=19527"}],"wp:featuredmedia":[{"embeddable":true,"href":"https:\/\/zecovalve.com\/fr\/wp-json\/wp\/v2\/media\/27973"}],"wp:attachment":[{"href":"https:\/\/zecovalve.com\/fr\/wp-json\/wp\/v2\/media?parent=19527"}],"wp:term":[{"taxonomy":"product_cat","embeddable":true,"href":"https:\/\/zecovalve.com\/fr\/wp-json\/wp\/v2\/product_cat?post=19527"},{"taxonomy":"product_tag","embeddable":true,"href":"https:\/\/zecovalve.com\/fr\/wp-json\/wp\/v2\/product_tag?post=19527"}],"curies":[{"name":"wp","href":"https:\/\/api.w.org\/{rel}","templated":true}]}}