{"id":19530,"date":"2022-07-11T13:22:59","date_gmt":"2022-07-11T13:22:59","guid":{"rendered":"https:\/\/zecovalve.com\/?post_type=product&#038;p=19530"},"modified":"2023-06-26T06:08:28","modified_gmt":"2023-06-26T06:08:28","slug":"manual-balancing-valve","status":"publish","type":"product","link":"https:\/\/zecovalve.com\/fr\/produit\/manual-balancing-valve","title":{"rendered":"Vanne d&#039;\u00e9quilibrage manuelle"},"content":{"rendered":"<p>Les syst\u00e8mes de chauffage et de refroidissement con\u00e7us selon le principe du d\u00e9bit constant font circuler de grandes quantit\u00e9s d&#039;eau. Pour y parvenir le plus efficacement possible, il est important de s\u2019assurer que les flux de conception dans les diff\u00e9rentes parties du syst\u00e8me sont corrects. Les vannes d&#039;\u00e9quilibrage manuelles constituent la meilleure option dans ces types de syst\u00e8mes.<\/p>\r\n\r\n\r\n\r\n<figure id=\"attachment_17032\" class=\"wp-block-image\"><img loading=\"lazy\" decoding=\"async\" width=\"300\" height=\"273\" class=\"wp-image-17032\" src=\"https:\/\/zecovalve.com\/wp-content\/uploads\/2022\/06\/bronze-flow-balancing-valve-300x273.jpg\" alt=\"Vanne d&#039;\u00e9quilibrage de d\u00e9bit en laiton\" srcset=\"https:\/\/zecovalve.com\/wp-content\/uploads\/2022\/06\/bronze-flow-balancing-valve-300x273.jpg 300w, https:\/\/zecovalve.com\/wp-content\/uploads\/2022\/06\/bronze-flow-balancing-valve.jpg 330w\" sizes=\"auto, (max-width: 300px) 100vw, 300px\" \/><\/figure>\r\n\r\n\r\n<div class=\"gb-button-wrapper gb-button-wrapper-6d8495a3\">\r\n\r\n\r\n<p><a class=\"gb-button gb-button-3d442e11 gb-button-text\" href=\"https:\/\/zecovalve.com\/fr\/contact\/\" target=\"_blank\" rel=\"noopener noreferrer\"><strong>OBTENIR LE PRIX DE LA VANNE<\/strong><\/a><\/p>\r\n<\/div>\r\n\r\n\r\n\r\n\r\n<h2 class=\"wp-block-heading\">Qu&#039;est-ce qu&#039;une vanne d&#039;\u00e9quilibrage manuelle\u00a0?<\/h2>\r\n\r\n\r\n\r\n<p>La vanne d&#039;\u00e9quilibrage manuelle ZECO est con\u00e7ue pour un \u00e9quilibrage hydronique pr\u00e9cis dans de nombreuses applications. Il est le plus souvent utilis\u00e9 pour les syst\u00e8mes de chauffage ou de refroidissement avec de l&#039;eau domestique.<\/p>\r\n\r\n\r\n\r\n<h2 class=\"wp-block-heading\" id=\"h-festures-of-manual-balancing-valve\">Festures de la vanne d&#039;\u00e9quilibrage manuelle<\/h2>\r\n\r\n\r\n\r\n<h3 class=\"wp-block-heading\">Large gamme de produits<\/h3>\r\n\r\n\r\n\r\n<p>Avec des vannes dans des tailles allant du DN 15 au DN 50, des options de montage avec filetage int\u00e9rieur, filetage ext\u00e9rieur ou brides et la disponibilit\u00e9 d&#039;outils de mesure et d&#039;accessoires, il y a toujours une vanne d&#039;\u00e9quilibrage manuelle ZECO qui correspond \u00e0 vos besoins.<\/p>\r\n\r\n\r\n\r\n<h3 class=\"wp-block-heading\">Construction compacte<\/h3>\r\n\r\n\r\n\r\n<p>Toutes les vannes d&#039;\u00e9quilibrage ZECO sont con\u00e7ues pour occuper un minimum de place et \u00eatre faciles \u00e0 installer.<\/p>\r\n\r\n\r\n\r\n<h2 class=\"wp-block-heading\" id=\"h-manual-balancing-valve-working-principle\">Principe de fonctionnement de la vanne d&#039;\u00e9quilibrage manuelle<\/h2>\r\n\r\n\r\n\r\n<figure class=\"wp-block-image\"><img loading=\"lazy\" decoding=\"async\" width=\"300\" height=\"225\" class=\"wp-image-17065\" src=\"https:\/\/zecovalve.com\/wp-content\/uploads\/2022\/06\/bronze-flow-balancing-valve-3-300x225.png\" alt=\"\" srcset=\"https:\/\/zecovalve.com\/wp-content\/uploads\/2022\/06\/bronze-flow-balancing-valve-3-300x225.png 300w, https:\/\/zecovalve.com\/wp-content\/uploads\/2022\/06\/bronze-flow-balancing-valve-3.png 600w\" sizes=\"auto, (max-width: 300px) 100vw, 300px\" \/><\/figure>\r\n\r\n\r\n\r\n<p>La vanne d&#039;\u00e9quilibrage manuelle est une vanne \u00e0 fonction sp\u00e9ciale. Il pr\u00e9sente de bonnes caract\u00e9ristiques d&#039;\u00e9coulement. En outre, il dispose d&#039;un index d&#039;ouverture de vanne, d&#039;un dispositif de verrouillage d&#039;ouverture et d&#039;une vanne de mesure de pression pour la mesure du d\u00e9bit. En utilisant un instrument intelligent sp\u00e9cial, la valeur du d\u00e9bit circulant \u00e0 travers la vanne d&#039;\u00e9quilibrage peut \u00eatre directement affich\u00e9e en saisissant le type de vanne et la valeur d&#039;ouverture en fonction du signal de diff\u00e9rence de pression mesur\u00e9. Tant que la vanne d&#039;\u00e9quilibrage avec les sp\u00e9cifications appropri\u00e9es est install\u00e9e dans chaque branchement et entr\u00e9e d&#039;utilisateur et d\u00e9bogu\u00e9e une fois avec l&#039;instrument intelligent sp\u00e9cial, le d\u00e9bit de chaque utilisateur peut atteindre la valeur d\u00e9finie.<\/p>\r\n\r\n\r\n\r\n<h2 class=\"wp-block-heading\" id=\"h-manual-balancing-valve-installation-and-commissioning\">Installation et mise en service de la vanne d&#039;\u00e9quilibrage manuelle<\/h2>\r\n\r\n\r\n\r\n<figure class=\"wp-block-image\"><img loading=\"lazy\" decoding=\"async\" width=\"300\" height=\"225\" class=\"wp-image-17066\" src=\"https:\/\/zecovalve.com\/wp-content\/uploads\/2022\/06\/pressure-control-valve-300x225.png\" alt=\"\" srcset=\"https:\/\/zecovalve.com\/wp-content\/uploads\/2022\/06\/pressure-control-valve-300x225.png 300w, https:\/\/zecovalve.com\/wp-content\/uploads\/2022\/06\/pressure-control-valve.png 600w\" sizes=\"auto, (max-width: 300px) 100vw, 300px\" \/><\/figure>\r\n\r\n\r\n\r\n<p>Cette vanne peut \u00eatre install\u00e9e soit sur le tuyau d&#039;arriv\u00e9e d&#039;eau, soit sur le tuyau de retour d&#039;eau. G\u00e9n\u00e9ralement, il est recommand\u00e9 de l&#039;installer sur la canalisation de retour d&#039;eau, notamment sur la boucle haute temp\u00e9rature.<\/p>\r\n\r\n\r\n\r\n<h2 class=\"wp-block-heading\" id=\"h-manual-balancing-valve-material-and-standard\">Pr\u00e9sentation du produit des vannes d&#039;\u00e9quilibrage manuelles<\/h2>\r\n\r\n\r\n\r\n<p>Gamme de tailles\u00a0: 3\/4\u2033~2\u2033<\/p>\r\n\r\n\r\n\r\n<p>Pression nominale\u00a0: 10 bars ~ 16 bars<\/p>\r\n\r\n\r\n\r\n<p>Dimensions face \u00e0 face\u00a0: EN 558-1, ASME B 16.10<\/p>\r\n\r\n\r\n\r\n<p>Dimension d&#039;extr\u00e9mit\u00e9 de bride\u00a0: BS 21<\/p>\r\n\r\n\r\n\r\n<p>Inspection et test\u00a0: ISO 5208 \/ EN 12226-2<\/p>\r\n<div class=\"over-tabs\">\r\n<table width=\"1389\">\r\n<tbody>\r\n<tr class=\"firstRow\">\r\n<td>Partie<\/td>\r\n<td>Mat\u00e9riau<\/td>\r\n<td>Standard<\/td>\r\n<\/tr>\r\n<tr>\r\n<td>Corps<\/td>\r\n<td>CuZn39Pb1 \/ C37000<\/td>\r\n<td>EN12167\/ASTM B135<\/td>\r\n<\/tr>\r\n<tr>\r\n<td>Bonnet<\/td>\r\n<td>CuZn39Pb1 \/ C37000<\/td>\r\n<td>EN12167\/ASTM B135<\/td>\r\n<\/tr>\r\n<tr>\r\n<td>Garniture<\/td>\r\n<td>CuZn39Pb1 \/ C37000<\/td>\r\n<td>EN12167\/ASTM B135<\/td>\r\n<\/tr>\r\n<tr>\r\n<td>Port de mesure<\/td>\r\n<td>CuZn39Pb1 \/ C37000<\/td>\r\n<td>EN12167\/ASTM B135<\/td>\r\n<\/tr>\r\n<tr>\r\n<td>Joint torique<\/td>\r\n<td>EPDM\/NBR<\/td>\r\n<td>OIN 4633<\/td>\r\n<\/tr>\r\n<tr>\r\n<td>Roue \u00e0 main<\/td>\r\n<td>Nylon<\/td>\r\n<td>OIN 4633<\/td>\r\n<\/tr>\r\n<tr>\r\n<td colspan=\"3\">Pour les options de mat\u00e9riaux non r\u00e9pertori\u00e9es, consultez l\u2019usine. ZECO fabrique des vannes dans plus de 50 alliages diff\u00e9rents.<\/td>\r\n<\/tr>\r\n<\/tbody>\r\n<\/table>\r\n<h2>Dimensions des vannes d&#039;\u00e9quilibrage manuelles<\/h2>\r\n<\/div>\r\n<figure class=\"wp-block-table\">\r\n<table>\r\n<tbody>\r\n<tr>\r\n<td>NPS<\/td>\r\n<td>Dans<\/td>\r\n<td>3\/4<\/td>\r\n<td>1<\/td>\r\n<td>1 1\/4<\/td>\r\n<td>1 1\/2<\/td>\r\n<td>2<\/td>\r\n<\/tr>\r\n<tr>\r\n<td>A<\/td>\r\n<td>mm<\/td>\r\n<td>86.5<\/td>\r\n<td>105<\/td>\r\n<td>123.5<\/td>\r\n<td>125<\/td>\r\n<td>144<\/td>\r\n<\/tr>\r\n<tr>\r\n<td>H<\/td>\r\n<td>mm<\/td>\r\n<td>102<\/td>\r\n<td>105<\/td>\r\n<td>110<\/td>\r\n<td>120<\/td>\r\n<td>127<\/td>\r\n<\/tr>\r\n<tr>\r\n<td>g<\/td>\r\n<td>mm<\/td>\r\n<td>G3\/4<\/td>\r\n<td>G1<\/td>\r\n<td>G1 1\/4<\/td>\r\n<td>G1 1\/2<\/td>\r\n<td>G2<\/td>\r\n<\/tr>\r\n<tr>\r\n<td>Logiciel<\/td>\r\n<td>mm<\/td>\r\n<td>32.5<\/td>\r\n<td>40.5<\/td>\r\n<td>49.5<\/td>\r\n<td>57<\/td>\r\n<td>69.5<\/td>\r\n<\/tr>\r\n<tr>\r\n<td>KVS<\/td>\r\n<td>m3\/heure<\/td>\r\n<td>5.77<\/td>\r\n<td>8.7<\/td>\r\n<td>14.2<\/td>\r\n<td>19.2<\/td>\r\n<td>33<\/td>\r\n<\/tr>\r\n<\/tbody>\r\n<\/table>\r\n<\/figure>","protected":false},"excerpt":{"rendered":"<p>Les syst\u00e8mes de chauffage et de refroidissement con\u00e7us selon le principe du d\u00e9bit constant font circuler de grandes quantit\u00e9s d\u2019eau. Pour le faire le plus efficacement possible,\u2026 <a title=\"Vanne d&#039;\u00e9quilibrage manuelle\" class=\"read-more\" href=\"https:\/\/zecovalve.com\/fr\/produit\/manual-balancing-valve\" aria-label=\"Plus sur Vanne d&#039;\u00c9quilibrage Manuelle\">Lire plus<\/a><\/p>","protected":false},"featured_media":27965,"comment_status":"closed","ping_status":"closed","template":"","meta":{"_generate-full-width-content":"","kt_blocks_editor_width":""},"product_cat":[2512],"product_tag":[2724],"class_list":["post-19530","product","type-product","status-publish","has-post-thumbnail","hentry","product_cat-balancing-valve","product_tag-balancing-valve","sales-flash-overlay","woocommerce-text-align-center","woocommerce-image-align-center","do-quantity-buttons"],"featured_image_src_large":["https:\/\/zecovalve.com\/wp-content\/uploads\/2022\/07\/Manual-Balancing-Valve.jpg",800,600,false],"author_info":[],"comment_info":0,"taxonomy_info":{"product_cat":[{"value":2512,"label":"Balancing Valve"}],"product_tag":[{"value":2724,"label":"Balancing Valve"}]},"yoast_head":"<!-- This site is optimized with the Yoast SEO Premium plugin v15.4 - https:\/\/yoast.com\/wordpress\/plugins\/seo\/ -->\n<title>Manual Balancing Valve - Balancing Valve | ZECO Valve<\/title>\n<meta name=\"robots\" content=\"index, follow, max-snippet:-1, max-image-preview:large, max-video-preview:-1\" \/>\n<link rel=\"canonical\" href=\"https:\/\/zecovalve.com\/fr\/produit\/manual-balancing-valve\" \/>\n<meta property=\"og:locale\" content=\"fr_FR\" \/>\n<meta property=\"og:type\" content=\"article\" \/>\n<meta property=\"og:title\" content=\"Manual Balancing Valve - Balancing Valve | ZECO Valve\" \/>\n<meta property=\"og:description\" content=\"Heating and cooling systems designed with a constant flow principle circulate large amounts of water. To do that as efficiently as possible, ... Lire plus\" \/>\n<meta property=\"og:url\" content=\"https:\/\/zecovalve.com\/fr\/produit\/manual-balancing-valve\" \/>\n<meta property=\"og:site_name\" content=\"ZECO Valve\" \/>\n<meta property=\"article:modified_time\" content=\"2023-06-26T06:08:28+00:00\" \/>\n<meta property=\"og:image\" content=\"https:\/\/zecovalve.com\/wp-content\/uploads\/2022\/07\/Manual-Balancing-Valve.jpg\" \/>\n\t<meta property=\"og:image:width\" content=\"800\" \/>\n\t<meta property=\"og:image:height\" content=\"600\" \/>\n<meta name=\"twitter:card\" content=\"summary_large_image\" \/>\n<meta name=\"twitter:label1\" content=\"\u00c9crit par\">\n\t<meta name=\"twitter:data1\" content=\"Jerry\">\n\t<meta name=\"twitter:label2\" content=\"Dur\u00e9e de lecture estim\u00e9e\">\n\t<meta name=\"twitter:data2\" content=\"2 minutes\">\n<script type=\"application\/ld+json\" class=\"yoast-schema-graph\">{\"@context\":\"https:\/\/schema.org\",\"@graph\":[{\"@type\":\"WebSite\",\"@id\":\"https:\/\/zecovalve.com\/#website\",\"url\":\"https:\/\/zecovalve.com\/\",\"name\":\"ZECO Valve\",\"description\":\"Industrial Ball Valve, Gate Valve and Globe Valve Manufacturer\",\"potentialAction\":[{\"@type\":\"SearchAction\",\"target\":\"https:\/\/zecovalve.com\/?s={search_term_string}\",\"query-input\":\"required name=search_term_string\"}],\"inLanguage\":\"fr-FR\"},{\"@type\":\"ImageObject\",\"@id\":\"https:\/\/zecovalve.com\/product\/manual-balancing-valve#primaryimage\",\"inLanguage\":\"fr-FR\",\"url\":\"https:\/\/zecovalve.com\/wp-content\/uploads\/2022\/07\/Manual-Balancing-Valve.jpg\",\"width\":800,\"height\":600,\"caption\":\"Manual Balancing Valve\"},{\"@type\":\"WebPage\",\"@id\":\"https:\/\/zecovalve.com\/product\/manual-balancing-valve#webpage\",\"url\":\"https:\/\/zecovalve.com\/product\/manual-balancing-valve\",\"name\":\"Manual Balancing Valve - Balancing Valve | ZECO Valve\",\"isPartOf\":{\"@id\":\"https:\/\/zecovalve.com\/#website\"},\"primaryImageOfPage\":{\"@id\":\"https:\/\/zecovalve.com\/product\/manual-balancing-valve#primaryimage\"},\"datePublished\":\"2022-07-11T13:22:59+00:00\",\"dateModified\":\"2023-06-26T06:08:28+00:00\",\"breadcrumb\":{\"@id\":\"https:\/\/zecovalve.com\/product\/manual-balancing-valve#breadcrumb\"},\"inLanguage\":\"fr-FR\",\"potentialAction\":[{\"@type\":\"ReadAction\",\"target\":[\"https:\/\/zecovalve.com\/product\/manual-balancing-valve\"]}]},{\"@type\":\"BreadcrumbList\",\"@id\":\"https:\/\/zecovalve.com\/product\/manual-balancing-valve#breadcrumb\",\"itemListElement\":[{\"@type\":\"ListItem\",\"position\":1,\"item\":{\"@type\":\"WebPage\",\"@id\":\"https:\/\/zecovalve.com\/\",\"url\":\"https:\/\/zecovalve.com\/\",\"name\":\"Home\"}},{\"@type\":\"ListItem\",\"position\":2,\"item\":{\"@type\":\"WebPage\",\"@id\":\"https:\/\/zecovalve.com\/product-category\",\"url\":\"https:\/\/zecovalve.com\/product-category\",\"name\":\"Industrial Valve Manufacturer | Water Valve Manufacturer\"}},{\"@type\":\"ListItem\",\"position\":3,\"item\":{\"@type\":\"WebPage\",\"@id\":\"https:\/\/zecovalve.com\/product\/manual-balancing-valve\",\"url\":\"https:\/\/zecovalve.com\/product\/manual-balancing-valve\",\"name\":\"Manual Balancing Valve\"}}]}]}<\/script>\n<!-- \/ Yoast SEO Premium plugin. -->","_links":{"self":[{"href":"https:\/\/zecovalve.com\/fr\/wp-json\/wp\/v2\/product\/19530","targetHints":{"allow":["GET"]}}],"collection":[{"href":"https:\/\/zecovalve.com\/fr\/wp-json\/wp\/v2\/product"}],"about":[{"href":"https:\/\/zecovalve.com\/fr\/wp-json\/wp\/v2\/types\/product"}],"replies":[{"embeddable":true,"href":"https:\/\/zecovalve.com\/fr\/wp-json\/wp\/v2\/comments?post=19530"}],"wp:featuredmedia":[{"embeddable":true,"href":"https:\/\/zecovalve.com\/fr\/wp-json\/wp\/v2\/media\/27965"}],"wp:attachment":[{"href":"https:\/\/zecovalve.com\/fr\/wp-json\/wp\/v2\/media?parent=19530"}],"wp:term":[{"taxonomy":"product_cat","embeddable":true,"href":"https:\/\/zecovalve.com\/fr\/wp-json\/wp\/v2\/product_cat?post=19530"},{"taxonomy":"product_tag","embeddable":true,"href":"https:\/\/zecovalve.com\/fr\/wp-json\/wp\/v2\/product_tag?post=19530"}],"curies":[{"name":"wp","href":"https:\/\/api.w.org\/{rel}","templated":true}]}}