{"id":19533,"date":"2022-07-12T03:03:24","date_gmt":"2022-07-12T03:03:24","guid":{"rendered":"https:\/\/zecovalve.com\/?post_type=product&#038;p=19533"},"modified":"2022-07-14T06:30:23","modified_gmt":"2022-07-14T06:30:23","slug":"1-inch-brass-ball-valve-price","status":"publish","type":"product","link":"https:\/\/zecovalve.com\/fr\/produit\/1-inch-brass-ball-valve-price","title":{"rendered":"Robinet \u00e0 bille en laiton de 1 pouce"},"content":{"rendered":"<p>Nous proposons un robinet \u00e0 bille en laiton de 1 pouce.<\/p>\r\n\r\n\r\n\r\n<figure class=\"wp-block-image size-full is-resized\"><img loading=\"lazy\" decoding=\"async\" class=\"wp-image-19482\" src=\"https:\/\/zecovalve.com\/wp-content\/uploads\/2022\/07\/Globe-Valve-Check-Valve.jpg\" alt=\"Robinet \u00e0 bille en laiton\" width=\"400\" height=\"300\" srcset=\"https:\/\/zecovalve.com\/wp-content\/uploads\/2022\/07\/Globe-Valve-Check-Valve.jpg 800w, https:\/\/zecovalve.com\/wp-content\/uploads\/2022\/07\/Globe-Valve-Check-Valve-300x225.jpg 300w, https:\/\/zecovalve.com\/wp-content\/uploads\/2022\/07\/Globe-Valve-Check-Valve-768x576.jpg 768w, https:\/\/zecovalve.com\/wp-content\/uploads\/2022\/07\/Globe-Valve-Check-Valve-600x450.jpg 600w\" sizes=\"auto, (max-width: 400px) 100vw, 400px\" \/><\/figure>\r\n\r\n\r\n<div class=\"gb-button-wrapper gb-button-wrapper-6d8495a3\">\r\n\r\n\r\n<p><a class=\"gb-button gb-button-3d442e11 gb-button-text\" href=\"https:\/\/zecovalve.com\/fr\/contact\/\" target=\"_blank\" rel=\"noopener noreferrer\"><strong>PRIX DE LA VALVE A BOULE EN LAITON DE 1 POUCE<\/strong><\/a><\/p>\r\n<\/div>\r\n\r\n\r\n\r\n\r\n<h2 class=\"wp-block-heading\">Prix approximatif : US$ 2,5~15 \/ Pi\u00e8ce<\/h2>\r\n\r\n\r\n\r\n<h2 class=\"wp-block-heading\">Informations sur le produit du robinet \u00e0 bille en laiton de 1 pouce<\/h2>\r\n\r\n\r\n\r\n<p>Le robinet \u00e0 boisseau sph\u00e9rique en laiton forg\u00e9 de type viss\u00e9 de 1 pouce, ZF-101, est un produit de premi\u00e8re qualit\u00e9 de ZECO. Tous les robinets \u00e0 boisseau sph\u00e9rique en laiton forg\u00e9 de type viss\u00e9 de 1 pouce, ZF-101, sont fabriqu\u00e9s \u00e0 l'aide de mat\u00e9riaux de qualit\u00e9 assur\u00e9e et de techniques avanc\u00e9es, ce qui les rend conformes aux normes dans ce domaine tr\u00e8s exigeant. Les mat\u00e9riaux utilis\u00e9s pour fabriquer le robinet \u00e0 boisseau sph\u00e9rique en laiton forg\u00e9 de type viss\u00e9 de 1 pouce, ZF-101, proviennent des fournisseurs les plus fiables et les plus officiels, s\u00e9lectionn\u00e9s apr\u00e8s avoir r\u00e9alis\u00e9 des \u00e9tudes de march\u00e9 d\u00e9taill\u00e9es. Les produits ZECO sont largement reconnus sur le march\u00e9 pour leur haute qualit\u00e9. Nous nous engageons \u00e0 fournir une gamme de robinets \u00e0 bille en laiton ZECO d'excellente qualit\u00e9.<\/p>\r\n\r\n\r\n\r\n<h2 class=\"wp-block-heading\">Caract\u00e9ristiques du robinet \u00e0 bille en laiton de 1 pouce<\/h2>\r\n\r\n\r\n\r\n<ul class=\"wp-block-list\">\r\n<li>Le presse-\u00e9toupe \u00e0 tige r\u00e9glable assure une plus longue dur\u00e9e de vie.<\/li>\r\n<li>Tige anti-\u00e9clatement \u00e0 chargement par le bas.<\/li>\r\n<li>Garniture d'\u00e9tanch\u00e9it\u00e9 de la tige et si\u00e8ges en PTFE.<\/li>\r\n<li>Boule en laiton chrom\u00e9 usin\u00e9.<\/li>\r\n<\/ul>\r\n\r\n\r\n\r\n<h2 class=\"wp-block-heading\" id=\"h-product-details-of-1-inch-brass-ball-valve\">D\u00e9tails des produits du robinet \u00e0 bille en laiton de 1 pouce<\/h2>\r\n\r\n\r\n\r\n<figure class=\"wp-block-table\">\r\n<table>\r\n<tbody>\r\n<tr>\r\n<td>Quantit\u00e9 minimale de commande<\/td>\r\n<td>200 pi\u00e8ces<\/td>\r\n<\/tr>\r\n<tr>\r\n<td>Les m\u00e9dias<\/td>\r\n<td>Eau, air<\/td>\r\n<\/tr>\r\n<tr>\r\n<td>Taille<\/td>\r\n<td>1 POUCE<\/td>\r\n<\/tr>\r\n<tr>\r\n<td>Taille de la vanne<\/td>\r\n<td>1 POUCE<\/td>\r\n<\/tr>\r\n<tr>\r\n<td>Pression<\/td>\r\n<td>Basse pression, moyenne pression, haute pression<\/td>\r\n<\/tr>\r\n<tr>\r\n<td>Temp\u00e9rature du milieu<\/td>\r\n<td>Temp\u00e9rature moyenne, temp\u00e9rature \u00e9lev\u00e9e, temp\u00e9rature normale, temp\u00e9rature basse<\/td>\r\n<\/tr>\r\n<tr>\r\n<td>Taille du port<\/td>\r\n<td>25 mm<\/td>\r\n<\/tr>\r\n<tr>\r\n<td>Condition<\/td>\r\n<td>Nouveau<\/td>\r\n<\/tr>\r\n<tr>\r\n<td>Mod\u00e8le<\/td>\r\n<td>ZF- 101<\/td>\r\n<\/tr>\r\n<tr>\r\n<td>Type d'emballage<\/td>\r\n<td>200 PI\u00c8CES DANS UN CARTON<\/td>\r\n<\/tr>\r\n<tr>\r\n<td>Type d'al\u00e9sage<\/td>\r\n<td>FULL BORE<\/td>\r\n<\/tr>\r\n<tr>\r\n<td>Mat\u00e9riau du manche<\/td>\r\n<td>Mme<\/td>\r\n<\/tr>\r\n<tr>\r\n<td>Couvercle de la poign\u00e9e<\/td>\r\n<td>Rev\u00eatement plastique<\/td>\r\n<\/tr>\r\n<tr>\r\n<td>Type de finition<\/td>\r\n<td>Laiton chrom\u00e9<\/td>\r\n<\/tr>\r\n<tr>\r\n<td>S\u00e9curit\u00e9 incendie<\/td>\r\n<td>Oui<\/td>\r\n<\/tr>\r\n<tr>\r\n<td>Mat\u00e9riau<\/td>\r\n<td>Laiton<\/td>\r\n<\/tr>\r\n<tr>\r\n<td>Type de carrosserie<\/td>\r\n<td>Laiton<\/td>\r\n<\/tr>\r\n<tr>\r\n<td>Application<\/td>\r\n<td>Eau, gaz, p\u00e9trole<\/td>\r\n<\/tr>\r\n<tr>\r\n<td>Couleur<\/td>\r\n<td>Argent<\/td>\r\n<\/tr>\r\n<tr>\r\n<td>Marque<\/td>\r\n<td>Marque<\/td>\r\n<\/tr>\r\n<tr>\r\n<td>Pression nominale Bar<\/td>\r\n<td>10~25 Bars, 1000WOG<\/td>\r\n<\/tr>\r\n<tr>\r\n<td>Joint de tige<\/td>\r\n<td>PTFE<\/td>\r\n<\/tr>\r\n<tr>\r\n<td>Fil<\/td>\r\n<td>BSP<\/td>\r\n<\/tr>\r\n<tr>\r\n<td>Temp\u00e9rature de travail<\/td>\r\n<td>-10 \u00e0 100 degr\u00e9s C<\/td>\r\n<\/tr>\r\n<tr>\r\n<td>Taille du filet<\/td>\r\n<td>1 POUCE<\/td>\r\n<\/tr>\r\n<\/tbody>\r\n<\/table>\r\n<\/figure>","protected":false},"excerpt":{"rendered":"<p>Nous proposons un robinet \u00e0 tournant sph\u00e9rique en laiton de 1 pouce. Environ. Prix\u00a0: US$ 2,5 ~ 15 \/ pi\u00e8ce Informations sur le produit du robinet \u00e0 tournant sph\u00e9rique en laiton de 1 pouce ZECO 1 pouce\u2026 <a title=\"Robinet \u00e0 bille en laiton de 1 pouce\" class=\"read-more\" href=\"https:\/\/zecovalve.com\/fr\/produit\/1-inch-brass-ball-valve-price\" aria-label=\"Plus sur 1 inch Brass Ball Valve\">Lire plus<\/a><\/p>","protected":false},"featured_media":19482,"comment_status":"closed","ping_status":"closed","template":"","meta":{"_generate-full-width-content":"","kt_blocks_editor_width":""},"product_cat":[2047,2461],"product_tag":[3054,2802,2833],"class_list":["post-19533","product","type-product","status-publish","has-post-thumbnail","hentry","product_cat-ball-valve","product_cat-ball-valve-by-material","product_tag-1-ball-valve","product_tag-ball-valve-price","product_tag-brass-ball-valve","sales-flash-overlay","woocommerce-text-align-center","woocommerce-image-align-center","do-quantity-buttons"],"featured_image_src_large":["https:\/\/zecovalve.com\/wp-content\/uploads\/2022\/07\/Globe-Valve-Check-Valve.jpg",800,600,false],"author_info":[],"comment_info":0,"taxonomy_info":{"product_cat":[{"value":2047,"label":"Ball Valve"},{"value":2461,"label":"Ball Valve By Material"}],"product_tag":[{"value":3054,"label":"1\" Ball Valve"},{"value":2802,"label":"Ball Valve Price"},{"value":2833,"label":"Brass Ball Valve"}]},"yoast_head":"<!-- This site is optimized with the Yoast SEO Premium plugin v15.4 - https:\/\/yoast.com\/wordpress\/plugins\/seo\/ -->\n<title>1 Inch Brass Ball Valve - Competitive Brass Ball Valve Price | ZECO<\/title>\n<meta name=\"robots\" content=\"index, follow, max-snippet:-1, max-image-preview:large, max-video-preview:-1\" \/>\n<link rel=\"canonical\" href=\"https:\/\/zecovalve.com\/fr\/produit\/1-inch-brass-ball-valve-price\" \/>\n<meta property=\"og:locale\" content=\"fr_FR\" \/>\n<meta property=\"og:type\" content=\"article\" \/>\n<meta property=\"og:title\" content=\"1 Inch Brass Ball Valve - Competitive Brass Ball Valve Price | ZECO\" \/>\n<meta property=\"og:description\" content=\"We are offering 1 inch Brass Ball Valve. Approx. Price:\u00a0US$\u00a02.5~15\u00a0\/ Piece Product Information of 1 Inch Brass Ball Valve ZECO 1 inch ... Lire plus\" \/>\n<meta property=\"og:url\" content=\"https:\/\/zecovalve.com\/fr\/produit\/1-inch-brass-ball-valve-price\" \/>\n<meta property=\"og:site_name\" content=\"ZECO Valve\" \/>\n<meta property=\"article:modified_time\" content=\"2022-07-14T06:30:23+00:00\" \/>\n<meta property=\"og:image\" content=\"https:\/\/zecovalve.com\/wp-content\/uploads\/2022\/07\/Globe-Valve-Check-Valve.jpg\" \/>\n\t<meta property=\"og:image:width\" content=\"800\" \/>\n\t<meta property=\"og:image:height\" content=\"600\" \/>\n<meta name=\"twitter:card\" content=\"summary_large_image\" \/>\n<meta name=\"twitter:label1\" content=\"\u00c9crit par\">\n\t<meta name=\"twitter:data1\" content=\"Jerry\">\n\t<meta name=\"twitter:label2\" content=\"Dur\u00e9e de lecture estim\u00e9e\">\n\t<meta name=\"twitter:data2\" content=\"1 minute\">\n<script type=\"application\/ld+json\" class=\"yoast-schema-graph\">{\"@context\":\"https:\/\/schema.org\",\"@graph\":[{\"@type\":\"WebSite\",\"@id\":\"https:\/\/zecovalve.com\/#website\",\"url\":\"https:\/\/zecovalve.com\/\",\"name\":\"ZECO Valve\",\"description\":\"Industrial Ball Valve, Gate Valve and Globe Valve Manufacturer\",\"potentialAction\":[{\"@type\":\"SearchAction\",\"target\":\"https:\/\/zecovalve.com\/?s={search_term_string}\",\"query-input\":\"required name=search_term_string\"}],\"inLanguage\":\"fr-FR\"},{\"@type\":\"ImageObject\",\"@id\":\"https:\/\/zecovalve.com\/product\/1-inch-brass-ball-valve-price#primaryimage\",\"inLanguage\":\"fr-FR\",\"url\":\"https:\/\/zecovalve.com\/wp-content\/uploads\/2022\/07\/Globe-Valve-Check-Valve.jpg\",\"width\":800,\"height\":600,\"caption\":\"Brass Ball Valve\"},{\"@type\":\"WebPage\",\"@id\":\"https:\/\/zecovalve.com\/product\/1-inch-brass-ball-valve-price#webpage\",\"url\":\"https:\/\/zecovalve.com\/product\/1-inch-brass-ball-valve-price\",\"name\":\"1 Inch Brass Ball Valve - Competitive Brass Ball Valve Price | ZECO\",\"isPartOf\":{\"@id\":\"https:\/\/zecovalve.com\/#website\"},\"primaryImageOfPage\":{\"@id\":\"https:\/\/zecovalve.com\/product\/1-inch-brass-ball-valve-price#primaryimage\"},\"datePublished\":\"2022-07-12T03:03:24+00:00\",\"dateModified\":\"2022-07-14T06:30:23+00:00\",\"breadcrumb\":{\"@id\":\"https:\/\/zecovalve.com\/product\/1-inch-brass-ball-valve-price#breadcrumb\"},\"inLanguage\":\"fr-FR\",\"potentialAction\":[{\"@type\":\"ReadAction\",\"target\":[\"https:\/\/zecovalve.com\/product\/1-inch-brass-ball-valve-price\"]}]},{\"@type\":\"BreadcrumbList\",\"@id\":\"https:\/\/zecovalve.com\/product\/1-inch-brass-ball-valve-price#breadcrumb\",\"itemListElement\":[{\"@type\":\"ListItem\",\"position\":1,\"item\":{\"@type\":\"WebPage\",\"@id\":\"https:\/\/zecovalve.com\/\",\"url\":\"https:\/\/zecovalve.com\/\",\"name\":\"Home\"}},{\"@type\":\"ListItem\",\"position\":2,\"item\":{\"@type\":\"WebPage\",\"@id\":\"https:\/\/zecovalve.com\/product-category\",\"url\":\"https:\/\/zecovalve.com\/product-category\",\"name\":\"Industrial Valve Manufacturer | Water Valve Manufacturer\"}},{\"@type\":\"ListItem\",\"position\":3,\"item\":{\"@type\":\"WebPage\",\"@id\":\"https:\/\/zecovalve.com\/product\/1-inch-brass-ball-valve-price\",\"url\":\"https:\/\/zecovalve.com\/product\/1-inch-brass-ball-valve-price\",\"name\":\"1 inch Brass Ball Valve\"}}]}]}<\/script>\n<!-- \/ Yoast SEO Premium plugin. -->","_links":{"self":[{"href":"https:\/\/zecovalve.com\/fr\/wp-json\/wp\/v2\/product\/19533","targetHints":{"allow":["GET"]}}],"collection":[{"href":"https:\/\/zecovalve.com\/fr\/wp-json\/wp\/v2\/product"}],"about":[{"href":"https:\/\/zecovalve.com\/fr\/wp-json\/wp\/v2\/types\/product"}],"replies":[{"embeddable":true,"href":"https:\/\/zecovalve.com\/fr\/wp-json\/wp\/v2\/comments?post=19533"}],"wp:featuredmedia":[{"embeddable":true,"href":"https:\/\/zecovalve.com\/fr\/wp-json\/wp\/v2\/media\/19482"}],"wp:attachment":[{"href":"https:\/\/zecovalve.com\/fr\/wp-json\/wp\/v2\/media?parent=19533"}],"wp:term":[{"taxonomy":"product_cat","embeddable":true,"href":"https:\/\/zecovalve.com\/fr\/wp-json\/wp\/v2\/product_cat?post=19533"},{"taxonomy":"product_tag","embeddable":true,"href":"https:\/\/zecovalve.com\/fr\/wp-json\/wp\/v2\/product_tag?post=19533"}],"curies":[{"name":"wp","href":"https:\/\/api.w.org\/{rel}","templated":true}]}}