{"id":19536,"date":"2022-07-12T03:18:25","date_gmt":"2022-07-12T03:18:25","guid":{"rendered":"https:\/\/zecovalve.com\/?post_type=product&#038;p=19536"},"modified":"2022-07-26T05:47:23","modified_gmt":"2022-07-26T05:47:23","slug":"3-way-ball-valve-price","status":"publish","type":"product","link":"https:\/\/zecovalve.com\/fr\/produit\/3-way-ball-valve-price","title":{"rendered":"Robinet \u00e0 boisseau sph\u00e9rique 3 voies en acier inoxydable"},"content":{"rendered":"<p>Nous proposons un robinet \u00e0 boisseau sph\u00e9rique \u00e0 3 voies en acier inoxydable.<\/p>\r\n\r\n\r\n\r\n<figure class=\"wp-block-image size-full is-resized\">\r\n<p><img loading=\"lazy\" decoding=\"async\" class=\"size-medium wp-image-19544\" src=\"https:\/\/zecovalve.com\/wp-content\/uploads\/2022\/07\/3-WAY-BALL-VALVE-T-L-TYPE-300x255.png\" alt=\"Robinet \u00e0 boisseau sph\u00e9rique \u00e0 3 voies\" width=\"300\" height=\"255\" srcset=\"https:\/\/zecovalve.com\/wp-content\/uploads\/2022\/07\/3-WAY-BALL-VALVE-T-L-TYPE-300x255.png 300w, https:\/\/zecovalve.com\/wp-content\/uploads\/2022\/07\/3-WAY-BALL-VALVE-T-L-TYPE-768x652.png 768w, https:\/\/zecovalve.com\/wp-content\/uploads\/2022\/07\/3-WAY-BALL-VALVE-T-L-TYPE-600x510.png 600w, https:\/\/zecovalve.com\/wp-content\/uploads\/2022\/07\/3-WAY-BALL-VALVE-T-L-TYPE.png 937w\" sizes=\"auto, (max-width: 300px) 100vw, 300px\" \/><\/p>\r\n<\/figure>\r\n\r\n\r\n<div class=\"gb-button-wrapper gb-button-wrapper-6d8495a3\">\r\n\r\n\r\n<p><a class=\"gb-button gb-button-3d442e11 gb-button-text\" href=\"https:\/\/zecovalve.com\/fr\/contact\/\" target=\"_blank\" rel=\"noopener noreferrer\"><strong>OBTENIR LE PRIX D'UN ROBINET \u00c0 BOISSEAU SPH\u00c9RIQUE \u00c0 3 VOIES<\/strong><\/a><\/p>\r\n<\/div>\r\n\r\n\r\n\r\n\r\n<h2 class=\"wp-block-heading\" id=\"h-what-is-a-3-way-ball-valve\">Qu'est-ce qu'un robinet \u00e0 boisseau sph\u00e9rique \u00e0 3 voies ?<\/h2>\r\n\r\n\r\n\r\n<p>Un robinet \u00e0 boisseau sph\u00e9rique \u00e0 trois voies poss\u00e8de trois orifices et est disponible en version T ou L, selon le type de d\u00e9bit requis. Une vanne \u00e0 3 voies est id\u00e9ale si vous cherchez un moyen de d\u00e9vier et de contr\u00f4ler le d\u00e9bit sans avoir besoin d'un t\u00e9 et de plusieurs vannes. Ces vannes peuvent \u00eatre utilis\u00e9es comme des d\u00e9viateurs, o\u00f9 le d\u00e9bit d'une entr\u00e9e peut \u00eatre d\u00e9vi\u00e9 vers l'une ou l'autre des deux sorties. Elles peuvent \u00e9galement \u00eatre utilis\u00e9es comme s\u00e9lecteur d'entr\u00e9e, la sortie \u00e9tant aliment\u00e9e par l'un ou l'autre des deux autres ports.<\/p>\r\n\r\n\r\n<div class=\"wp-block-image\">\r\n<figure class=\"aligncenter size-full\"><img loading=\"lazy\" decoding=\"async\" width=\"726\" height=\"512\" class=\"wp-image-19537\" src=\"https:\/\/zecovalve.com\/wp-content\/uploads\/2022\/07\/T-PORT-L-PORT.jpg\" alt=\"\" srcset=\"https:\/\/zecovalve.com\/wp-content\/uploads\/2022\/07\/T-PORT-L-PORT.jpg 726w, https:\/\/zecovalve.com\/wp-content\/uploads\/2022\/07\/T-PORT-L-PORT-300x212.jpg 300w, https:\/\/zecovalve.com\/wp-content\/uploads\/2022\/07\/T-PORT-L-PORT-600x423.jpg 600w\" sizes=\"auto, (max-width: 726px) 100vw, 726px\" \/><\/figure>\r\n<\/div>\r\n\r\n\r\n<h3 class=\"wp-block-heading\" id=\"h-t-port-ball-valve\">Robinet \u00e0 boisseau sph\u00e9rique \u00e0 orifice en T :<\/h3>\r\n\r\n\r\n\r\n<ul class=\"wp-block-list\">\r\n<li>Elles sont id\u00e9ales pour m\u00e9langer les fluides car elles permettent de fusionner deux entr\u00e9es en une seule sortie. (\u00c9galement appel\u00e9es vannes \u00e0 bille de m\u00e9lange)<\/li>\r\n<li>Le sens inverse du flux est \u00e9galement possible, ce qui permet \u00e0 une source unique de d\u00e9vier le flux dans deux directions simultan\u00e9ment.<\/li>\r\n<li>Les robinets \u00e0 tournant sph\u00e9rique \u00e0 orifice en T peuvent \u00e9galement \u00eatre utilis\u00e9s pour circuler entre deux orifices seulement, soit vers la gauche, soit vers la droite, soit en ligne droite.<\/li>\r\n<\/ul>\r\n\r\n\r\n\r\n<h3 class=\"wp-block-heading\" id=\"h-l-port-ball-valve\">Robinet \u00e0 boisseau sph\u00e9rique \u00e0 orifice en L :<\/h3>\r\n\r\n\r\n\r\n<ul class=\"wp-block-list\">\r\n<li>L'orifice en L permet de diriger le flux dans une seule direction \u00e0 la fois.<\/li>\r\n<li>A partir d'une entr\u00e9e, vous pouvez diriger le flux vers deux sorties diff\u00e9rentes.<\/li>\r\n<li>Ou dans le sens inverse, pour une sortie, l'utilisateur peut choisir l'une ou l'autre des deux entr\u00e9es.<\/li>\r\n<\/ul>\r\n\r\n\r\n\r\n<h2 class=\"wp-block-heading\">Comment fonctionne le robinet \u00e0 boisseau sph\u00e9rique \u00e0 3 voies en acier inoxydable ?<\/h2>\r\n\r\n\r\n\r\n<p>La vanne en L ou vanne de d\u00e9rivation permet de d\u00e9placer le d\u00e9bit d'un orifice \u00e0 l'autre en faisant pivoter la poign\u00e9e ou l'actionneur \u00e0 90 degr\u00e9s. Supposons que la premi\u00e8re position soit ouverte par l'orifice inf\u00e9rieur et l'orifice gauche. En tournant d'un quart de tour dans le sens inverse des aiguilles d'une montre, la vanne d\u00e9vie le flux du fluide vers la sortie droite. Un autre quart de tour dans l'autre sens, permettant une rotation compl\u00e8te de 180 degr\u00e9s, bloque le passage du fluide. Une rotation de 270 degr\u00e9s bloque \u00e9galement le mouvement du fluide. Cependant, un tour complet de 360 degr\u00e9s permet \u00e0 la valve de revenir \u00e0 sa place initiale. D'une certaine mani\u00e8re, deux des trois orifices sont disponibles en m\u00eame temps. Cela permet \u00e0 la vanne d'avoir deux positions d'arr\u00eat et trois choix de d\u00e9bit.<\/p>\r\n\r\n\r\n\r\n<p>Le mod\u00e8le en T est appel\u00e9 vanne m\u00e9langeuse car les fluides de deux flux d'entr\u00e9e peuvent \u00eatre m\u00e9lang\u00e9s \u00e0 l'int\u00e9rieur de la vanne. Il quitte la vanne \u00e0 l'autre extr\u00e9mit\u00e9. D'une certaine mani\u00e8re, les trois orifices peuvent \u00eatre ouverts en m\u00eame temps. Le robinet \u00e0 boisseau sph\u00e9rique en T fait \u00e9galement office de d\u00e9viateur et peut donc fonctionner de la m\u00eame mani\u00e8re que le robinet en L. Il peut \u00eatre r\u00e9alis\u00e9 \u00e0 l'aide d'un robinet \u00e0 quart de tour ou d'un robinet \u00e0 boisseau sph\u00e9rique. Cela peut se faire en tournant la poign\u00e9e d'un quart de tour. Les robinets en T ne peuvent pas avoir une fermeture \u00e9tanche \u00e0 la bulle, mais ils peuvent restreindre le d\u00e9bit \u00e0 deux orifices ou faciliter le passage vers les trois orifices.<\/p>\r\n\r\n\r\n\r\n<p>En tant que m\u00e9langeur, le robinet \u00e0 tournant sph\u00e9rique en T s\u00e9pare le fluide en deux directions oppos\u00e9es. Sa conception permet au mod\u00e8le en T de diviser le flux ou simplement de cr\u00e9er un sch\u00e9ma d'\u00e9coulement rectiligne, tout comme le robinet \u00e0 boisseau sph\u00e9rique \u00e0 deux voies. L'orifice type reste ouvert pour le robinet \u00e0 boisseau sph\u00e9rique en T mont\u00e9 verticalement. La seule fa\u00e7on de d\u00e9vier le flux est de le tourner d'un quart de tour. Un virage \u00e0 180 degr\u00e9s ne modifiera pas le d\u00e9bit du fluide.<\/p>\r\n\r\n\r\n\r\n<h2 class=\"wp-block-heading\">Avantages du robinet \u00e0 boisseau sph\u00e9rique \u00e0 3 voies en acier inoxydable<\/h2>\r\n\r\n\r\n\r\n<ul class=\"wp-block-list\">\r\n<li>Orifice complet pour un d\u00e9bit illimit\u00e9<\/li>\r\n<li>Tige anti-\u00e9clatement<\/li>\r\n<li>Conception du joint de tige pyramidal sous charge vive<\/li>\r\n<li>Plaque de montage int\u00e9gr\u00e9e pour les actionneurs<\/li>\r\n<li>Assemblage compact<\/li>\r\n<li>Gamme compl\u00e8te d'accessoires<\/li>\r\n<\/ul>\r\n\r\n\r\n\r\n<h2 class=\"wp-block-heading\" id=\"h-specification-of-3-way-stainless-steel-ball-valve\">Sp\u00e9cification du robinet \u00e0 boisseau sph\u00e9rique \u00e0 3 voies en acier inoxydable<\/h2>\r\n\r\n\r\n\r\n<figure class=\"wp-block-table\">\r\n<table>\r\n<tbody>\r\n<tr>\r\n<td>Pression de service<\/td>\r\n<td>Jusqu'\u00e0 413 bar (6000 psig)<\/td>\r\n<\/tr>\r\n<tr>\r\n<td>Plage de temp\u00e9rature<\/td>\r\n<td>De -40 \u00e0 248\u00b0F (de -40 \u00e0 120\u00b0C)<\/td>\r\n<\/tr>\r\n<tr>\r\n<td>Coefficient de d\u00e9bit<\/td>\r\n<td>3,8 \u00e0 40<\/td>\r\n<\/tr>\r\n<tr>\r\n<td>Mat\u00e9riau du corps<\/td>\r\n<td>CF8M\/ acier inoxydable 316, alliages 6-Mo, Duplex 2507, Inconel 625, Monel Alloy 400, Incoloy 825 et Hastelloy C276<\/td>\r\n<\/tr>\r\n<tr>\r\n<td>Mat\u00e9riaux du si\u00e8ge<\/td>\r\n<td>PEEK<\/td>\r\n<\/tr>\r\n<tr>\r\n<td>Raccordement d'extr\u00e9mit\u00e9<\/td>\r\n<td>BSP \/ NPT \/ RF \/ RTJ \/ SW \/ BW<\/td>\r\n<\/tr>\r\n<tr>\r\n<td>Tailles<\/td>\r\n<td>1\/2 \u00e0 12 pouces ; 15 \u00e0 300 mm<\/td>\r\n<\/tr>\r\n<tr>\r\n<td>Configurations<\/td>\r\n<td>On-off<\/td>\r\n<\/tr>\r\n<tr>\r\n<td>Fabricant de tous les types de robinets \u00e0 boisseau sph\u00e9rique \u00e0 trois voies<\/td>\r\n<td>\r\n<ul>\r\n<li>Robinet \u00e0 tournant sph\u00e9rique \u00e0 passage int\u00e9gral<\/li>\r\n<li>Robinet \u00e0 boisseau sph\u00e9rique d'instrumentation monobloc<\/li>\r\n<li>Robinet \u00e0 boisseau sph\u00e9rique polyvalent<\/li>\r\n<li>Robinet \u00e0 boisseau sph\u00e9rique en trois parties pour l'instrumentation des processus<\/li>\r\n<li>Robinet \u00e0 tournant sph\u00e9rique<\/li>\r\n<\/ul>\r\n<\/td>\r\n<\/tr>\r\n<tr>\r\n<td>Robinet \u00e0 boisseau sph\u00e9rique 3 voies haute pression Pression nominale (CWP)<\/td>\r\n<td>\r\n<ul>\r\n<li>1000 PSI \/ 69 Bar<\/li>\r\n<li>400 PSI \/ 27,6 Bar<\/li>\r\n<li>600 PSI \/ 41,4 Bar<\/li>\r\n<\/ul>\r\n<\/td>\r\n<\/tr>\r\n<tr>\r\n<td>Robinet \u00e0 boisseau sph\u00e9rique \u00e0 brides 3 voies Pression nominale (SWP)<\/td>\r\n<td>\r\n<ul>\r\n<li>150 PSI \/ 10,3 Bar<\/li>\r\n<li>200 PSI \/ 13,8 Bar<\/li>\r\n<\/ul>\r\n<\/td>\r\n<\/tr>\r\n<tr>\r\n<td>Vanne \u00e0 bille actionn\u00e9e \u00e0 3 voies Pression nominale (WWP)<\/td>\r\n<td>300 PSI \/ 20,7 Bar<\/td>\r\n<\/tr>\r\n<tr>\r\n<td>Caract\u00e9ristiques<\/td>\r\n<td>\r\n<ul>\r\n<li>Plusieurs options de poign\u00e9es<\/li>\r\n<li>Appuyer sur la fonction de d\u00e9tection des fuites<\/li>\r\n<li>Raccords \u00e0 brides<\/li>\r\n<li>Levier de verrouillage Poign\u00e9e de verrouillage ou motorisation manuelle<\/li>\r\n<li>Soudure au laser Raccords d'extr\u00e9mit\u00e9 filet\u00e9s<\/li>\r\n<li>Raccords d'extr\u00e9mit\u00e9 femelle \u00e0 presser x presser<\/li>\r\n<li>Bagues de si\u00e8ge en PTFE renforc\u00e9<\/li>\r\n<\/ul>\r\n<\/td>\r\n<\/tr>\r\n<tr>\r\n<td>Conforme \u00e0<\/td>\r\n<td>\r\n<ul>\r\n<li>MSS SP-110<\/li>\r\n<li>MSS SP-145<\/li>\r\n<li>CSA B125.14<\/li>\r\n<li>NSF\/ANSI-372<\/li>\r\n<li>API-608 Anti-statique<\/li>\r\n<li>CC-ES PMG-1558<\/li>\r\n<li>ASME A112.4.14I<\/li>\r\n<li>APMO\/ANSI Z1157<\/li>\r\n<li>NACE MR0175<\/li>\r\n<li>API-607 Quatri\u00e8me \u00e9dition S\u00e9curit\u00e9 incendie<\/li>\r\n<\/ul>\r\n<\/td>\r\n<\/tr>\r\n<\/tbody>\r\n<\/table>\r\n<\/figure>\r\n\r\n\r\n\r\n<h2 class=\"wp-block-heading\" id=\"h-3-way-ball-valve-price-us-5-150-piece\">Robinet \u00e0 boisseau sph\u00e9rique \u00e0 3 voies Prix : US$ 5~150 \/ Pi\u00e8ce<\/h2>\r\n\r\n\r\n\r\n<p>Pour des prix d\u00e9taill\u00e9s, veuillez contacter ZECO Valve.<\/p>","protected":false},"excerpt":{"rendered":"<p>Nous proposons un robinet \u00e0 tournant sph\u00e9rique en acier inoxydable \u00e0 3 voies. Qu&#039;est-ce qu&#039;un robinet \u00e0 tournant sph\u00e9rique \u00e0 3 voies\u00a0? Un robinet \u00e0 tournant sph\u00e9rique \u00e0 3 voies a 3\u2026 <a title=\"Robinet \u00e0 boisseau sph\u00e9rique 3 voies en acier inoxydable\" class=\"read-more\" href=\"https:\/\/zecovalve.com\/fr\/produit\/3-way-ball-valve-price\" aria-label=\"Plus sur 3 Way Stainless Steel Ball Valve\">Lire plus<\/a><\/p>","protected":false},"featured_media":19544,"comment_status":"closed","ping_status":"closed","template":"","meta":{"_generate-full-width-content":"","kt_blocks_editor_width":""},"product_cat":[2047],"product_tag":[2802,3254,3244,2832],"class_list":["post-19536","product","type-product","status-publish","has-post-thumbnail","hentry","product_cat-ball-valve","product_tag-ball-valve-price","product_tag-ball-valve-stainless-steel","product_tag-stainless-ball-valve","product_tag-stainless-steel-ball-valve","sales-flash-overlay","woocommerce-text-align-center","woocommerce-image-align-center","do-quantity-buttons"],"featured_image_src_large":["https:\/\/zecovalve.com\/wp-content\/uploads\/2022\/07\/3-WAY-BALL-VALVE-T-L-TYPE.png",937,796,false],"author_info":[],"comment_info":0,"taxonomy_info":{"product_cat":[{"value":2047,"label":"Ball Valve"}],"product_tag":[{"value":2802,"label":"Ball Valve Price"},{"value":3254,"label":"Ball Valve Stainless Steel"},{"value":3244,"label":"Stainless Ball Valve"},{"value":2832,"label":"Stainless Steel Ball Valve"}]},"yoast_head":"<!-- This site is optimized with the Yoast SEO Premium plugin v15.4 - https:\/\/yoast.com\/wordpress\/plugins\/seo\/ -->\n<title>3 Way Stainless Steel Ball Valve - 3 Way Ball Valve Price | ZECO Valve<\/title>\n<meta name=\"robots\" content=\"index, follow, max-snippet:-1, max-image-preview:large, max-video-preview:-1\" \/>\n<link rel=\"canonical\" href=\"https:\/\/zecovalve.com\/fr\/produit\/3-way-ball-valve-price\" \/>\n<meta property=\"og:locale\" content=\"fr_FR\" \/>\n<meta property=\"og:type\" content=\"article\" \/>\n<meta property=\"og:title\" content=\"3 Way Stainless Steel Ball Valve - 3 Way Ball Valve Price | ZECO Valve\" \/>\n<meta property=\"og:description\" content=\"We are offering 3 Way Stainless Steel Ball Valve. What is a 3 Way Ball Valve? A 3-way ball valve has 3 ... Lire plus\" \/>\n<meta property=\"og:url\" content=\"https:\/\/zecovalve.com\/fr\/produit\/3-way-ball-valve-price\" \/>\n<meta property=\"og:site_name\" content=\"ZECO Valve\" \/>\n<meta property=\"article:modified_time\" content=\"2022-07-26T05:47:23+00:00\" \/>\n<meta property=\"og:image\" content=\"https:\/\/zecovalve.com\/wp-content\/uploads\/2022\/07\/3-WAY-BALL-VALVE-T-L-TYPE.png\" \/>\n\t<meta property=\"og:image:width\" content=\"937\" \/>\n\t<meta property=\"og:image:height\" content=\"796\" \/>\n<meta name=\"twitter:card\" content=\"summary_large_image\" \/>\n<meta name=\"twitter:label1\" content=\"\u00c9crit par\">\n\t<meta name=\"twitter:data1\" content=\"Jerry\">\n\t<meta name=\"twitter:label2\" content=\"Dur\u00e9e de lecture estim\u00e9e\">\n\t<meta name=\"twitter:data2\" content=\"3 minutes\">\n<script type=\"application\/ld+json\" class=\"yoast-schema-graph\">{\"@context\":\"https:\/\/schema.org\",\"@graph\":[{\"@type\":\"WebSite\",\"@id\":\"https:\/\/zecovalve.com\/#website\",\"url\":\"https:\/\/zecovalve.com\/\",\"name\":\"ZECO Valve\",\"description\":\"Industrial Ball Valve, Gate Valve and Globe Valve Manufacturer\",\"potentialAction\":[{\"@type\":\"SearchAction\",\"target\":\"https:\/\/zecovalve.com\/?s={search_term_string}\",\"query-input\":\"required name=search_term_string\"}],\"inLanguage\":\"fr-FR\"},{\"@type\":\"ImageObject\",\"@id\":\"https:\/\/zecovalve.com\/product\/3-way-ball-valve-price#primaryimage\",\"inLanguage\":\"fr-FR\",\"url\":\"https:\/\/zecovalve.com\/wp-content\/uploads\/2022\/07\/3-WAY-BALL-VALVE-T-L-TYPE.png\",\"width\":937,\"height\":796,\"caption\":\"3 Way Ball Valve\"},{\"@type\":\"WebPage\",\"@id\":\"https:\/\/zecovalve.com\/product\/3-way-ball-valve-price#webpage\",\"url\":\"https:\/\/zecovalve.com\/product\/3-way-ball-valve-price\",\"name\":\"3 Way Stainless Steel Ball Valve - 3 Way Ball Valve Price | ZECO Valve\",\"isPartOf\":{\"@id\":\"https:\/\/zecovalve.com\/#website\"},\"primaryImageOfPage\":{\"@id\":\"https:\/\/zecovalve.com\/product\/3-way-ball-valve-price#primaryimage\"},\"datePublished\":\"2022-07-12T03:18:25+00:00\",\"dateModified\":\"2022-07-26T05:47:23+00:00\",\"breadcrumb\":{\"@id\":\"https:\/\/zecovalve.com\/product\/3-way-ball-valve-price#breadcrumb\"},\"inLanguage\":\"fr-FR\",\"potentialAction\":[{\"@type\":\"ReadAction\",\"target\":[\"https:\/\/zecovalve.com\/product\/3-way-ball-valve-price\"]}]},{\"@type\":\"BreadcrumbList\",\"@id\":\"https:\/\/zecovalve.com\/product\/3-way-ball-valve-price#breadcrumb\",\"itemListElement\":[{\"@type\":\"ListItem\",\"position\":1,\"item\":{\"@type\":\"WebPage\",\"@id\":\"https:\/\/zecovalve.com\/\",\"url\":\"https:\/\/zecovalve.com\/\",\"name\":\"Home\"}},{\"@type\":\"ListItem\",\"position\":2,\"item\":{\"@type\":\"WebPage\",\"@id\":\"https:\/\/zecovalve.com\/product-category\",\"url\":\"https:\/\/zecovalve.com\/product-category\",\"name\":\"Industrial Valve Manufacturer | Water Valve Manufacturer\"}},{\"@type\":\"ListItem\",\"position\":3,\"item\":{\"@type\":\"WebPage\",\"@id\":\"https:\/\/zecovalve.com\/product\/3-way-ball-valve-price\",\"url\":\"https:\/\/zecovalve.com\/product\/3-way-ball-valve-price\",\"name\":\"3 Way Stainless Steel Ball Valve\"}}]}]}<\/script>\n<!-- \/ Yoast SEO Premium plugin. -->","_links":{"self":[{"href":"https:\/\/zecovalve.com\/fr\/wp-json\/wp\/v2\/product\/19536","targetHints":{"allow":["GET"]}}],"collection":[{"href":"https:\/\/zecovalve.com\/fr\/wp-json\/wp\/v2\/product"}],"about":[{"href":"https:\/\/zecovalve.com\/fr\/wp-json\/wp\/v2\/types\/product"}],"replies":[{"embeddable":true,"href":"https:\/\/zecovalve.com\/fr\/wp-json\/wp\/v2\/comments?post=19536"}],"wp:featuredmedia":[{"embeddable":true,"href":"https:\/\/zecovalve.com\/fr\/wp-json\/wp\/v2\/media\/19544"}],"wp:attachment":[{"href":"https:\/\/zecovalve.com\/fr\/wp-json\/wp\/v2\/media?parent=19536"}],"wp:term":[{"taxonomy":"product_cat","embeddable":true,"href":"https:\/\/zecovalve.com\/fr\/wp-json\/wp\/v2\/product_cat?post=19536"},{"taxonomy":"product_tag","embeddable":true,"href":"https:\/\/zecovalve.com\/fr\/wp-json\/wp\/v2\/product_tag?post=19536"}],"curies":[{"name":"wp","href":"https:\/\/api.w.org\/{rel}","templated":true}]}}