{"id":19855,"date":"2022-07-14T03:07:09","date_gmt":"2022-07-14T03:07:09","guid":{"rendered":"https:\/\/zecovalve.com\/?post_type=product&#038;p=19855"},"modified":"2022-07-14T06:31:12","modified_gmt":"2022-07-14T06:31:12","slug":"2-inch-brass-ball-valve","status":"publish","type":"product","link":"https:\/\/zecovalve.com\/fr\/produit\/2-inch-brass-ball-valve","title":{"rendered":"Robinet \u00e0 bille en laiton de 2 pouces"},"content":{"rendered":"<figure class=\"wp-block-image size-full is-resized\"><img loading=\"lazy\" decoding=\"async\" class=\"wp-image-19482\" src=\"https:\/\/zecovalve.com\/wp-content\/uploads\/2022\/07\/Globe-Valve-Check-Valve.jpg\" alt=\"Robinet \u00e0 bille en laiton\" width=\"400\" height=\"300\" srcset=\"https:\/\/zecovalve.com\/wp-content\/uploads\/2022\/07\/Globe-Valve-Check-Valve.jpg 800w, https:\/\/zecovalve.com\/wp-content\/uploads\/2022\/07\/Globe-Valve-Check-Valve-300x225.jpg 300w, https:\/\/zecovalve.com\/wp-content\/uploads\/2022\/07\/Globe-Valve-Check-Valve-768x576.jpg 768w, https:\/\/zecovalve.com\/wp-content\/uploads\/2022\/07\/Globe-Valve-Check-Valve-600x450.jpg 600w\" sizes=\"auto, (max-width: 400px) 100vw, 400px\" \/><\/figure>\r\n\r\n\r\n<div class=\"gb-button-wrapper gb-button-wrapper-6d8495a3\">\r\n\r\n\r\n<p><a class=\"gb-button gb-button-3d442e11 gb-button-text\" href=\"https:\/\/zecovalve.com\/fr\/contact\/\" target=\"_blank\" rel=\"noopener noreferrer\"><strong>Obtenir le prix d'une vanne \u00e0 bille en laiton de 2 pouces<\/strong><\/a><\/p>\r\n<\/div>\r\n\r\n\r\n\r\n\r\n<h2 class=\"wp-block-heading\" id=\"h-what-is-a-2-inch-brass-ball-valve\">Qu'est-ce qu'un robinet \u00e0 bille en laiton de 2 pouces ?<\/h2>\r\n\r\n\r\n\r\n<p>Les robinets \u00e0 bille en laiton sont tr\u00e8s utilis\u00e9s dans les applications commerciales et industrielles pour une gamme compl\u00e8te de liquides et de gaz. Le robinet \u00e0 bille en laiton ZECO 2\u2033 est utilis\u00e9 pour contr\u00f4ler le passage de liquides, d'huiles, de gaz, et est \u00e9quip\u00e9 d'une poign\u00e9e confortable pour ouvrir et fermer le robinet avec facilit\u00e9.<\/p>\r\n\r\n\r\n\r\n<h2 class=\"wp-block-heading\">Sp\u00e9cifications techniques du robinet \u00e0 bille en laiton de 2 pouces<\/h2>\r\n\r\n\r\n\r\n<ul class=\"wp-block-list\">\r\n<li>2\u2033 NPT filet\u00e9 aux deux extr\u00e9mit\u00e9s<\/li>\r\n<li>600 WOG \/ 150 SWP<\/li>\r\n<li>Poign\u00e9e en acier 1\/4 de tour<\/li>\r\n<li>Tige anti-\u00e9clatement<\/li>\r\n<li>Si\u00e8ges en t\u00e9flon<\/li>\r\n<li>Les extr\u00e9mit\u00e9s filet\u00e9es sont conformes \u00e0 la norme ANSI B2.1<\/li>\r\n<\/ul>\r\n\r\n\r\n\r\n<figure id=\"attrTable\" class=\"wp-block-table is-style-stripes\">\r\n<table>\r\n<tbody>\r\n<tr>\r\n<td>Poids<\/td>\r\n<td>3.3 lbs<\/td>\r\n<\/tr>\r\n<tr>\r\n<td>Nom de l'article<\/td>\r\n<td>Robinet \u00e0 boisseau sph\u00e9rique \u00e0 port int\u00e9gral en laiton 2 in. Vanne \u00e0 bille \u00e0 port int\u00e9gral en laiton NPTF<\/td>\r\n<\/tr>\r\n<tr>\r\n<td>Taille de la connexion<\/td>\r\n<td>2 in.<\/td>\r\n<\/tr>\r\n<tr>\r\n<td>Ouverture du port<\/td>\r\n<td>Port complet<\/td>\r\n<\/tr>\r\n<tr>\r\n<td>Mat\u00e9riau de la bille<\/td>\r\n<td>Acier inoxydable<\/td>\r\n<\/tr>\r\n<tr>\r\n<td>Classe de pression<\/td>\r\n<td>600 PSI Non-Shock WOG<\/td>\r\n<\/tr>\r\n<tr>\r\n<td>Type de connexion<\/td>\r\n<td>NPTF<\/td>\r\n<\/tr>\r\n<tr>\r\n<td>Pression nominale (PSI)<\/td>\r\n<td>600<\/td>\r\n<\/tr>\r\n<tr>\r\n<td>Type d'op\u00e9ration<\/td>\r\n<td>1\/4 de tour<\/td>\r\n<\/tr>\r\n<tr>\r\n<td>Mat\u00e9riau de la tige<\/td>\r\n<td>Laiton sans plomb<\/td>\r\n<\/tr>\r\n<tr>\r\n<td>Mat\u00e9riau du bo\u00eetier<\/td>\r\n<td>Laiton sans plomb<\/td>\r\n<\/tr>\r\n<tr>\r\n<td>Mat\u00e9riau du joint<\/td>\r\n<td>PTFE<\/td>\r\n<\/tr>\r\n<tr>\r\n<td>Temp\u00e9rature nominale<\/td>\r\n<td>De -30 \u00e0 150\u00b0C (de -20 \u00e0 300\u00b0F)<\/td>\r\n<\/tr>\r\n<\/tbody>\r\n<\/table>\r\n<\/figure>\r\n\r\n\r\n\r\n<h2 class=\"wp-block-heading\">Avantages du robinet \u00e0 boisseau sph\u00e9rique en laiton de 2 pouces<\/h2>\r\n\r\n\r\n\r\n<p>Conception \u00e0 passage int\u00e9gral pour un corps plus grand que les vannes standard, offrant peu ou pas de r\u00e9sistance \u00e0 l'\u00e9coulement. Construction en laiton sans plomb pour une utilisation avec la plomberie, les syst\u00e8mes d'irrigation et autres.<\/p>\r\n\r\n\r\n\r\n<h2 class=\"wp-block-heading\">Applications du robinet \u00e0 boisseau sph\u00e9rique en laiton de 2 pouces<\/h2>\r\n\r\n\r\n\r\n<p>Contr\u00f4le le d\u00e9bit de liquide pour les tuyaux de 2 pouces pour une vari\u00e9t\u00e9 d'applications, y compris la plomberie, l'irrigation et plus encore, et est id\u00e9al pour les applications n\u00e9cessitant peu ou pas de perte de d\u00e9bit.<\/p>","protected":false},"excerpt":{"rendered":"<p>Qu&#039;est-ce qu&#039;un robinet \u00e0 tournant sph\u00e9rique en laiton de 2 pouces\u00a0? Les robinets \u00e0 tournant sph\u00e9rique en laiton sont largement utilis\u00e9s dans les applications commerciales et industrielles pour une utilisation compl\u00e8te\u2026 <a title=\"Robinet \u00e0 bille en laiton de 2 pouces\" class=\"read-more\" href=\"https:\/\/zecovalve.com\/fr\/produit\/2-inch-brass-ball-valve\" aria-label=\"Plus sur 2 inch Brass Ball Valve\">Lire plus<\/a><\/p>","protected":false},"featured_media":19482,"comment_status":"closed","ping_status":"closed","template":"","meta":{"_generate-full-width-content":"","kt_blocks_editor_width":""},"product_cat":[2047],"product_tag":[2804,2802,2833],"class_list":["post-19855","product","type-product","status-publish","has-post-thumbnail","hentry","product_cat-ball-valve","product_tag-2-inch-ball-valve","product_tag-ball-valve-price","product_tag-brass-ball-valve","sales-flash-overlay","woocommerce-text-align-center","woocommerce-image-align-center","do-quantity-buttons"],"featured_image_src_large":["https:\/\/zecovalve.com\/wp-content\/uploads\/2022\/07\/Globe-Valve-Check-Valve.jpg",800,600,false],"author_info":[],"comment_info":0,"taxonomy_info":{"product_cat":[{"value":2047,"label":"Ball Valve"}],"product_tag":[{"value":2804,"label":"2 inch Ball Valve"},{"value":2802,"label":"Ball Valve Price"},{"value":2833,"label":"Brass Ball Valve"}]},"yoast_head":"<!-- This site is optimized with the Yoast SEO Premium plugin v15.4 - https:\/\/yoast.com\/wordpress\/plugins\/seo\/ -->\n<title>2 Inch Brass Ball Valve Manufacturer | Competitive Ball Valve Price | ZECO<\/title>\n<meta name=\"robots\" content=\"index, follow, max-snippet:-1, max-image-preview:large, max-video-preview:-1\" \/>\n<link rel=\"canonical\" href=\"https:\/\/zecovalve.com\/fr\/produit\/2-inch-brass-ball-valve\" \/>\n<meta property=\"og:locale\" content=\"fr_FR\" \/>\n<meta property=\"og:type\" content=\"article\" \/>\n<meta property=\"og:title\" content=\"2 Inch Brass Ball Valve Manufacturer | Competitive Ball Valve Price | ZECO\" \/>\n<meta property=\"og:description\" content=\"What is a 2 inch Brass Ball Valve? Brass ball valves are greatly used in commercial and industrial applications for a full ... Lire plus\" \/>\n<meta property=\"og:url\" content=\"https:\/\/zecovalve.com\/fr\/produit\/2-inch-brass-ball-valve\" \/>\n<meta property=\"og:site_name\" content=\"ZECO Valve\" \/>\n<meta property=\"article:modified_time\" content=\"2022-07-14T06:31:12+00:00\" \/>\n<meta property=\"og:image\" content=\"https:\/\/zecovalve.com\/wp-content\/uploads\/2022\/07\/Globe-Valve-Check-Valve.jpg\" \/>\n\t<meta property=\"og:image:width\" content=\"800\" \/>\n\t<meta property=\"og:image:height\" content=\"600\" \/>\n<meta name=\"twitter:card\" content=\"summary_large_image\" \/>\n<meta name=\"twitter:label1\" content=\"\u00c9crit par\">\n\t<meta name=\"twitter:data1\" content=\"Jerry\">\n\t<meta name=\"twitter:label2\" content=\"Dur\u00e9e de lecture estim\u00e9e\">\n\t<meta name=\"twitter:data2\" content=\"1 minute\">\n<script type=\"application\/ld+json\" class=\"yoast-schema-graph\">{\"@context\":\"https:\/\/schema.org\",\"@graph\":[{\"@type\":\"WebSite\",\"@id\":\"https:\/\/zecovalve.com\/#website\",\"url\":\"https:\/\/zecovalve.com\/\",\"name\":\"ZECO Valve\",\"description\":\"Industrial Ball Valve, Gate Valve and Globe Valve Manufacturer\",\"potentialAction\":[{\"@type\":\"SearchAction\",\"target\":\"https:\/\/zecovalve.com\/?s={search_term_string}\",\"query-input\":\"required name=search_term_string\"}],\"inLanguage\":\"fr-FR\"},{\"@type\":\"ImageObject\",\"@id\":\"https:\/\/zecovalve.com\/product\/2-inch-brass-ball-valve#primaryimage\",\"inLanguage\":\"fr-FR\",\"url\":\"https:\/\/zecovalve.com\/wp-content\/uploads\/2022\/07\/Globe-Valve-Check-Valve.jpg\",\"width\":800,\"height\":600,\"caption\":\"Brass Ball Valve\"},{\"@type\":\"WebPage\",\"@id\":\"https:\/\/zecovalve.com\/product\/2-inch-brass-ball-valve#webpage\",\"url\":\"https:\/\/zecovalve.com\/product\/2-inch-brass-ball-valve\",\"name\":\"2 Inch Brass Ball Valve Manufacturer | Competitive Ball Valve Price | ZECO\",\"isPartOf\":{\"@id\":\"https:\/\/zecovalve.com\/#website\"},\"primaryImageOfPage\":{\"@id\":\"https:\/\/zecovalve.com\/product\/2-inch-brass-ball-valve#primaryimage\"},\"datePublished\":\"2022-07-14T03:07:09+00:00\",\"dateModified\":\"2022-07-14T06:31:12+00:00\",\"breadcrumb\":{\"@id\":\"https:\/\/zecovalve.com\/product\/2-inch-brass-ball-valve#breadcrumb\"},\"inLanguage\":\"fr-FR\",\"potentialAction\":[{\"@type\":\"ReadAction\",\"target\":[\"https:\/\/zecovalve.com\/product\/2-inch-brass-ball-valve\"]}]},{\"@type\":\"BreadcrumbList\",\"@id\":\"https:\/\/zecovalve.com\/product\/2-inch-brass-ball-valve#breadcrumb\",\"itemListElement\":[{\"@type\":\"ListItem\",\"position\":1,\"item\":{\"@type\":\"WebPage\",\"@id\":\"https:\/\/zecovalve.com\/\",\"url\":\"https:\/\/zecovalve.com\/\",\"name\":\"Home\"}},{\"@type\":\"ListItem\",\"position\":2,\"item\":{\"@type\":\"WebPage\",\"@id\":\"https:\/\/zecovalve.com\/product-category\",\"url\":\"https:\/\/zecovalve.com\/product-category\",\"name\":\"Industrial Valve Manufacturer | Water Valve Manufacturer\"}},{\"@type\":\"ListItem\",\"position\":3,\"item\":{\"@type\":\"WebPage\",\"@id\":\"https:\/\/zecovalve.com\/product\/2-inch-brass-ball-valve\",\"url\":\"https:\/\/zecovalve.com\/product\/2-inch-brass-ball-valve\",\"name\":\"2 inch Brass Ball Valve\"}}]}]}<\/script>\n<!-- \/ Yoast SEO Premium plugin. -->","_links":{"self":[{"href":"https:\/\/zecovalve.com\/fr\/wp-json\/wp\/v2\/product\/19855","targetHints":{"allow":["GET"]}}],"collection":[{"href":"https:\/\/zecovalve.com\/fr\/wp-json\/wp\/v2\/product"}],"about":[{"href":"https:\/\/zecovalve.com\/fr\/wp-json\/wp\/v2\/types\/product"}],"replies":[{"embeddable":true,"href":"https:\/\/zecovalve.com\/fr\/wp-json\/wp\/v2\/comments?post=19855"}],"wp:featuredmedia":[{"embeddable":true,"href":"https:\/\/zecovalve.com\/fr\/wp-json\/wp\/v2\/media\/19482"}],"wp:attachment":[{"href":"https:\/\/zecovalve.com\/fr\/wp-json\/wp\/v2\/media?parent=19855"}],"wp:term":[{"taxonomy":"product_cat","embeddable":true,"href":"https:\/\/zecovalve.com\/fr\/wp-json\/wp\/v2\/product_cat?post=19855"},{"taxonomy":"product_tag","embeddable":true,"href":"https:\/\/zecovalve.com\/fr\/wp-json\/wp\/v2\/product_tag?post=19855"}],"curies":[{"name":"wp","href":"https:\/\/api.w.org\/{rel}","templated":true}]}}