{"id":19857,"date":"2022-07-14T03:35:13","date_gmt":"2022-07-14T03:35:13","guid":{"rendered":"https:\/\/zecovalve.com\/?post_type=product&#038;p=19857"},"modified":"2022-07-14T06:31:27","modified_gmt":"2022-07-14T06:31:27","slug":"2-brass-ball-valve","status":"publish","type":"product","link":"https:\/\/zecovalve.com\/fr\/produit\/2-brass-ball-valve","title":{"rendered":"Robinet \u00e0 bille en laiton de 2\u2033"},"content":{"rendered":"<figure class=\"wp-block-image size-full is-resized\"><img loading=\"lazy\" decoding=\"async\" class=\"wp-image-19482\" src=\"https:\/\/zecovalve.com\/wp-content\/uploads\/2022\/07\/Globe-Valve-Check-Valve.jpg\" alt=\"Robinet \u00e0 bille en laiton\" width=\"400\" height=\"300\" srcset=\"https:\/\/zecovalve.com\/wp-content\/uploads\/2022\/07\/Globe-Valve-Check-Valve.jpg 800w, https:\/\/zecovalve.com\/wp-content\/uploads\/2022\/07\/Globe-Valve-Check-Valve-300x225.jpg 300w, https:\/\/zecovalve.com\/wp-content\/uploads\/2022\/07\/Globe-Valve-Check-Valve-768x576.jpg 768w, https:\/\/zecovalve.com\/wp-content\/uploads\/2022\/07\/Globe-Valve-Check-Valve-600x450.jpg 600w\" sizes=\"auto, (max-width: 400px) 100vw, 400px\" \/><\/figure>\r\n\r\n\r\n<div class=\"gb-button-wrapper gb-button-wrapper-6d8495a3\">\r\n\r\n\r\n<p><a class=\"gb-button gb-button-3d442e11 gb-button-text\" href=\"https:\/\/zecovalve.com\/fr\/contact\/\" target=\"_blank\" rel=\"noopener noreferrer\"><strong>OBTENIR LE PRIX D'UN ROBINET \u00c0 BILLE EN LAITON 2\u2033.<\/strong><\/a><\/p>\r\n<\/div>\r\n\r\n\r\n\r\n\r\n<h2 class=\"wp-block-heading\" id=\"h-what-is-a-2-brass-ball-valve\">Qu'est-ce qu'un robinet \u00e0 boisseau sph\u00e9rique en laiton de 2\u2033 ?<\/h2>\r\n\r\n\r\n\r\n<p>Les robinets \u00e0 tournant sph\u00e9rique en laiton sans plomb \u00e0 passage int\u00e9gral sont con\u00e7us pour \u00eatre utilis\u00e9s avec de l'air, de l'huile, de l'eau et d'autres fluides compatibles avec les mat\u00e9riaux de construction. Ils sont id\u00e9aux lorsque l'absence de plomb et une construction approuv\u00e9e NSF sont requises pour l'eau potable ou d'autres applications industrielles g\u00e9n\u00e9rales. Les vannes peuvent \u00eatre actionn\u00e9es manuellement \u00e0 l'aide d'un levier en acier inoxydable ou mont\u00e9es directement sur des actionneurs pneumatiques ou \u00e9lectriques \u00e0 l'aide du support de montage standard ISO5211. En tournant le robinet d'un quart de tour, la bille passe de la position ferm\u00e9e \u00e0 la position compl\u00e8tement ouverte. Le dispositif de verrouillage du loquet permet de bloquer le robinet en position ouverte ou ferm\u00e9e.<\/p>\r\n\r\n\r\n\r\n<h2 class=\"wp-block-heading\">Sp\u00e9cifications techniques du robinet \u00e0 bille en laiton 2\u2033.<\/h2>\r\n\r\n\r\n\r\n<figure class=\"wp-block-table\">\r\n<table>\r\n<tbody>\r\n<tr>\r\n<th>Taille du tube<\/th>\r\n<td>2\u2033 NPT femelle<\/td>\r\n<\/tr>\r\n<tr>\r\n<th>Taille du port<\/th>\r\n<td>Plein orifice, orifice 2,0 pouces, Cv 240<\/td>\r\n<\/tr>\r\n<tr>\r\n<th>Pression nominale<\/th>\r\n<td>600 PSI CWP sans choc (voir tableau P\/T) Service sous vide jusqu'\u00e0 29\u2033Hg, Service vapeur 150PSI<\/td>\r\n<\/tr>\r\n<tr>\r\n<th>Poign\u00e9e<\/th>\r\n<td>Acier inoxydable avec poign\u00e9e en vinyle<\/td>\r\n<\/tr>\r\n<tr>\r\n<th>Corps de vanne<\/th>\r\n<td>Laiton sans plomb C69300<\/td>\r\n<\/tr>\r\n<tr>\r\n<th>Boule et tige<\/th>\r\n<td>Acier inoxydable 316<\/td>\r\n<\/tr>\r\n<tr>\r\n<th>Joints de tige<\/th>\r\n<td>PTFE (T\u00e9flon) avec double joint FKM (viton)<\/td>\r\n<\/tr>\r\n<tr>\r\n<th>Si\u00e8ges \u00e0 balles<\/th>\r\n<td>PTFE (T\u00e9flon) sous tension avec FKM (viton)<\/td>\r\n<\/tr>\r\n<tr>\r\n<th>Plage de temp\u00e9rature<\/th>\r\n<td>0 \u00e0 366\u00baF (-20 \u00e0 186\u00baC)<\/td>\r\n<\/tr>\r\n<tr>\r\n<th>Couple de rupture<\/th>\r\n<td>170 inch lbs (0 PSI, 68\u00baF), 19.2 Nm (0 bar, 20\u00baC)<\/td>\r\n<\/tr>\r\n<tr>\r\n<th>Monture ISO5211<\/th>\r\n<td>F05\/F07, tige carr\u00e9e de 11 mm<\/td>\r\n<\/tr>\r\n<\/tbody>\r\n<\/table>\r\n<\/figure>\r\n\r\n\r\n\r\n<h2 class=\"wp-block-heading\">Avantages du robinet \u00e0 boisseau sph\u00e9rique en laiton 2\u2033 (2\u2033 Brass Ball Valve)<\/h2>\r\n\r\n\r\n\r\n<ul class=\"wp-block-list\">\r\n<li>Construction \u00e9cologique en laiton sans plomb<\/li>\r\n<li>Orifice complet pour un d\u00e9bit illimit\u00e9<\/li>\r\n<li>Boule et tige en acier inoxydable 316<\/li>\r\n<li>Tige r\u00e9sistante \u00e0 l'\u00e9clatement<\/li>\r\n<li>Si\u00e8ges de billes en PTFE \u00e9nergis\u00e9 pour une dur\u00e9e de vie prolong\u00e9e et un couple r\u00e9duit<\/li>\r\n<li>Triple joint de tige PTFE\/Viton sans fuite<\/li>\r\n<li>Poign\u00e9e de verrouillage du loquet (cadenassable)<\/li>\r\n<li>Plaque de montage direct ISO5211 pr\u00eate pour l'actionneur<\/li>\r\n<li>Certifi\u00e9 par NSF372 et NSF61 pour une utilisation avec de l'eau potable.<\/li>\r\n<\/ul>\r\n\r\n\r\n\r\n<h2 class=\"wp-block-heading\">Applications du robinet \u00e0 bille en laiton de 2\u2033 (2\u2033 Brass Ball Valve)<\/h2>\r\n\r\n\r\n\r\n<p>Contr\u00f4le le d\u00e9bit de liquide pour les tuyaux de 2\u2033 pour une vari\u00e9t\u00e9 d'applications, y compris la plomberie, l'irrigation et plus encore, et est id\u00e9al pour les applications n\u00e9cessitant peu ou pas de perte de d\u00e9bit.<\/p>","protected":false},"excerpt":{"rendered":"<p>Qu&#039;est-ce qu&#039;un robinet \u00e0 bille en laiton de 2\u2033\u00a0? Les robinets \u00e0 tournant sph\u00e9rique en laiton sans plomb \u00e0 passage int\u00e9gral sont con\u00e7us pour \u00eatre utilis\u00e9s avec de l&#039;air, de l&#039;huile, de l&#039;eau\u2026 <a title=\"2\u2033 Robinet \u00e0 bille en laiton\" class=\"read-more\" href=\"https:\/\/zecovalve.com\/fr\/produit\/2-brass-ball-valve\" aria-label=\"Plus sur 2\u2033 Brass Ball Valve\">Lire plus<\/a><\/p>","protected":false},"featured_media":19482,"comment_status":"closed","ping_status":"closed","template":"","meta":{"_generate-full-width-content":"","kt_blocks_editor_width":""},"product_cat":[2047],"product_tag":[2804,2802,2833],"class_list":["post-19857","product","type-product","status-publish","has-post-thumbnail","hentry","product_cat-ball-valve","product_tag-2-inch-ball-valve","product_tag-ball-valve-price","product_tag-brass-ball-valve","sales-flash-overlay","woocommerce-text-align-center","woocommerce-image-align-center","do-quantity-buttons"],"featured_image_src_large":["https:\/\/zecovalve.com\/wp-content\/uploads\/2022\/07\/Globe-Valve-Check-Valve.jpg",800,600,false],"author_info":[],"comment_info":0,"taxonomy_info":{"product_cat":[{"value":2047,"label":"Ball Valve"}],"product_tag":[{"value":2804,"label":"2 inch Ball Valve"},{"value":2802,"label":"Ball Valve Price"},{"value":2833,"label":"Brass Ball Valve"}]},"yoast_head":"<!-- This site is optimized with the Yoast SEO Premium plugin v15.4 - https:\/\/yoast.com\/wordpress\/plugins\/seo\/ -->\n<title>2&quot; Brass Ball Valve - Competitive Ball Valve Price | ZECO Valve<\/title>\n<meta name=\"robots\" content=\"index, follow, max-snippet:-1, max-image-preview:large, max-video-preview:-1\" \/>\n<link rel=\"canonical\" href=\"https:\/\/zecovalve.com\/fr\/produit\/2-brass-ball-valve\" \/>\n<meta property=\"og:locale\" content=\"fr_FR\" \/>\n<meta property=\"og:type\" content=\"article\" \/>\n<meta property=\"og:title\" content=\"2&quot; Brass Ball Valve - Competitive Ball Valve Price | ZECO Valve\" \/>\n<meta property=\"og:description\" content=\"What is a 2&#8243; Brass Ball Valve? Full port lead free brass ball valves are designed for use with air, oil, water ... Lire plus\" \/>\n<meta property=\"og:url\" content=\"https:\/\/zecovalve.com\/fr\/produit\/2-brass-ball-valve\" \/>\n<meta property=\"og:site_name\" content=\"ZECO Valve\" \/>\n<meta property=\"article:modified_time\" content=\"2022-07-14T06:31:27+00:00\" \/>\n<meta property=\"og:image\" content=\"https:\/\/zecovalve.com\/wp-content\/uploads\/2022\/07\/Globe-Valve-Check-Valve.jpg\" \/>\n\t<meta property=\"og:image:width\" content=\"800\" \/>\n\t<meta property=\"og:image:height\" content=\"600\" \/>\n<meta name=\"twitter:card\" content=\"summary_large_image\" \/>\n<meta name=\"twitter:label1\" content=\"\u00c9crit par\">\n\t<meta name=\"twitter:data1\" content=\"Jerry\">\n\t<meta name=\"twitter:label2\" content=\"Dur\u00e9e de lecture estim\u00e9e\">\n\t<meta name=\"twitter:data2\" content=\"1 minute\">\n<script type=\"application\/ld+json\" class=\"yoast-schema-graph\">{\"@context\":\"https:\/\/schema.org\",\"@graph\":[{\"@type\":\"WebSite\",\"@id\":\"https:\/\/zecovalve.com\/#website\",\"url\":\"https:\/\/zecovalve.com\/\",\"name\":\"ZECO Valve\",\"description\":\"Industrial Ball Valve, Gate Valve and Globe Valve Manufacturer\",\"potentialAction\":[{\"@type\":\"SearchAction\",\"target\":\"https:\/\/zecovalve.com\/?s={search_term_string}\",\"query-input\":\"required name=search_term_string\"}],\"inLanguage\":\"fr-FR\"},{\"@type\":\"ImageObject\",\"@id\":\"https:\/\/zecovalve.com\/product\/2-brass-ball-valve#primaryimage\",\"inLanguage\":\"fr-FR\",\"url\":\"https:\/\/zecovalve.com\/wp-content\/uploads\/2022\/07\/Globe-Valve-Check-Valve.jpg\",\"width\":800,\"height\":600,\"caption\":\"Brass Ball Valve\"},{\"@type\":\"WebPage\",\"@id\":\"https:\/\/zecovalve.com\/product\/2-brass-ball-valve#webpage\",\"url\":\"https:\/\/zecovalve.com\/product\/2-brass-ball-valve\",\"name\":\"2\\\" Brass Ball Valve - Competitive Ball Valve Price | ZECO Valve\",\"isPartOf\":{\"@id\":\"https:\/\/zecovalve.com\/#website\"},\"primaryImageOfPage\":{\"@id\":\"https:\/\/zecovalve.com\/product\/2-brass-ball-valve#primaryimage\"},\"datePublished\":\"2022-07-14T03:35:13+00:00\",\"dateModified\":\"2022-07-14T06:31:27+00:00\",\"breadcrumb\":{\"@id\":\"https:\/\/zecovalve.com\/product\/2-brass-ball-valve#breadcrumb\"},\"inLanguage\":\"fr-FR\",\"potentialAction\":[{\"@type\":\"ReadAction\",\"target\":[\"https:\/\/zecovalve.com\/product\/2-brass-ball-valve\"]}]},{\"@type\":\"BreadcrumbList\",\"@id\":\"https:\/\/zecovalve.com\/product\/2-brass-ball-valve#breadcrumb\",\"itemListElement\":[{\"@type\":\"ListItem\",\"position\":1,\"item\":{\"@type\":\"WebPage\",\"@id\":\"https:\/\/zecovalve.com\/\",\"url\":\"https:\/\/zecovalve.com\/\",\"name\":\"Home\"}},{\"@type\":\"ListItem\",\"position\":2,\"item\":{\"@type\":\"WebPage\",\"@id\":\"https:\/\/zecovalve.com\/product-category\",\"url\":\"https:\/\/zecovalve.com\/product-category\",\"name\":\"Industrial Valve Manufacturer | Water Valve Manufacturer\"}},{\"@type\":\"ListItem\",\"position\":3,\"item\":{\"@type\":\"WebPage\",\"@id\":\"https:\/\/zecovalve.com\/product\/2-brass-ball-valve\",\"url\":\"https:\/\/zecovalve.com\/product\/2-brass-ball-valve\",\"name\":\"2&#8243; Brass Ball Valve\"}}]}]}<\/script>\n<!-- \/ Yoast SEO Premium plugin. -->","_links":{"self":[{"href":"https:\/\/zecovalve.com\/fr\/wp-json\/wp\/v2\/product\/19857","targetHints":{"allow":["GET"]}}],"collection":[{"href":"https:\/\/zecovalve.com\/fr\/wp-json\/wp\/v2\/product"}],"about":[{"href":"https:\/\/zecovalve.com\/fr\/wp-json\/wp\/v2\/types\/product"}],"replies":[{"embeddable":true,"href":"https:\/\/zecovalve.com\/fr\/wp-json\/wp\/v2\/comments?post=19857"}],"wp:featuredmedia":[{"embeddable":true,"href":"https:\/\/zecovalve.com\/fr\/wp-json\/wp\/v2\/media\/19482"}],"wp:attachment":[{"href":"https:\/\/zecovalve.com\/fr\/wp-json\/wp\/v2\/media?parent=19857"}],"wp:term":[{"taxonomy":"product_cat","embeddable":true,"href":"https:\/\/zecovalve.com\/fr\/wp-json\/wp\/v2\/product_cat?post=19857"},{"taxonomy":"product_tag","embeddable":true,"href":"https:\/\/zecovalve.com\/fr\/wp-json\/wp\/v2\/product_tag?post=19857"}],"curies":[{"name":"wp","href":"https:\/\/api.w.org\/{rel}","templated":true}]}}