{"id":19860,"date":"2022-07-14T06:29:32","date_gmt":"2022-07-14T06:29:32","guid":{"rendered":"https:\/\/zecovalve.com\/?post_type=product&#038;p=19860"},"modified":"2022-07-14T06:29:46","modified_gmt":"2022-07-14T06:29:46","slug":"3-brass-ball-valve","status":"publish","type":"product","link":"https:\/\/zecovalve.com\/fr\/produit\/3-brass-ball-valve","title":{"rendered":"Robinet \u00e0 bille en laiton de 3\u2033"},"content":{"rendered":"<figure class=\"wp-block-image size-full is-resized\"><img loading=\"lazy\" decoding=\"async\" class=\"wp-image-19482\" src=\"https:\/\/zecovalve.com\/wp-content\/uploads\/2022\/07\/Globe-Valve-Check-Valve.jpg\" alt=\"Robinet \u00e0 bille en laiton\" width=\"400\" height=\"300\" srcset=\"https:\/\/zecovalve.com\/wp-content\/uploads\/2022\/07\/Globe-Valve-Check-Valve.jpg 800w, https:\/\/zecovalve.com\/wp-content\/uploads\/2022\/07\/Globe-Valve-Check-Valve-300x225.jpg 300w, https:\/\/zecovalve.com\/wp-content\/uploads\/2022\/07\/Globe-Valve-Check-Valve-768x576.jpg 768w, https:\/\/zecovalve.com\/wp-content\/uploads\/2022\/07\/Globe-Valve-Check-Valve-600x450.jpg 600w\" sizes=\"auto, (max-width: 400px) 100vw, 400px\" \/><\/figure>\r\n\r\n\r\n<div class=\"gb-button-wrapper gb-button-wrapper-6d8495a3\">\r\n\r\n\r\n<p><a class=\"gb-button gb-button-3d442e11 gb-button-text\" href=\"https:\/\/zecovalve.com\/fr\/contact\/\" target=\"_blank\" rel=\"noopener noreferrer\"><strong>OBTENIR LE PRIX D'UN ROBINET \u00c0 BILLE EN LAITON 3\u2033.<\/strong><\/a><\/p>\r\n<\/div>\r\n\r\n\r\n\r\n\r\n<h2 class=\"wp-block-heading\" id=\"h-what-is-a-3-brass-ball-valve\">Qu'est-ce qu'un robinet \u00e0 boisseau sph\u00e9rique en laiton de 3\u2033 ?<\/h2>\r\n\r\n\r\n\r\n<p>3\u2033 Brass Full Port Ball Valve - Vanne \u00e0 bille en laiton, filetage FNPT, plage de temp\u00e9rature -60\u00b0F - 400\u00b0F, tige anti-\u00e9jection, bille en laiton chrom\u00e9. Le robinet ne doit \u00eatre utilis\u00e9 qu'en position compl\u00e8tement ouverte ou ferm\u00e9e.<\/p>\r\n\r\n\r\n\r\n<p>Robinet \u00e0 boisseau sph\u00e9rique en laiton \u00e0 passage int\u00e9gral, \u00e0 filetage national femelle, avec poign\u00e9e \u00e0 levier.<\/p>\r\n\r\n\r\n\r\n<h2 class=\"wp-block-heading\">Sp\u00e9cifications techniques des robinets \u00e0 tournant sph\u00e9rique en laiton 3\u2033.<\/h2>\r\n\r\n\r\n\r\n<figure class=\"wp-block-table\">\r\n<table>\r\n<tbody>\r\n<tr>\r\n<td>Mat\u00e9riau<\/td>\r\n<td>Laiton<\/td>\r\n<\/tr>\r\n<tr>\r\n<td>Taille de la vanne<\/td>\r\n<td>3 pouces<\/td>\r\n<\/tr>\r\n<tr>\r\n<td>Pression<\/td>\r\n<td>Basse pression, moyenne pression, haute pression<\/td>\r\n<\/tr>\r\n<tr>\r\n<td>Plage de temp\u00e9rature<\/td>\r\n<td>-60\u00b0 F - 400\u00b0 F<\/td>\r\n<\/tr>\r\n<tr>\r\n<td>Lieu d'origine<\/td>\r\n<td>Chine<\/td>\r\n<\/tr>\r\n<tr>\r\n<td>Les m\u00e9dias<\/td>\r\n<td>Air, eau<\/td>\r\n<\/tr>\r\n<tr>\r\n<td>Temp\u00e9rature du milieu<\/td>\r\n<td>Basse temp\u00e9rature, temp\u00e9rature moyenne, haute temp\u00e9rature<\/td>\r\n<\/tr>\r\n<tr>\r\n<td>Utilisation\/application<\/td>\r\n<td>Industriel\/ Plomberie<\/td>\r\n<\/tr>\r\n<tr>\r\n<td>Num\u00e9ro de mod\u00e8le<\/td>\r\n<td>ZF 01<\/td>\r\n<\/tr>\r\n<tr>\r\n<td>Condition<\/td>\r\n<td>Nouveau<\/td>\r\n<\/tr>\r\n<tr>\r\n<td>Quantit\u00e9 minimale de commande<\/td>\r\n<td>10<\/td>\r\n<\/tr>\r\n<\/tbody>\r\n<\/table>\r\n<\/figure>\r\n\r\n\r\n\r\n<h2 class=\"wp-block-heading\">Avantages des robinets \u00e0 tournant sph\u00e9rique en laiton 3\u2033.<\/h2>\r\n\r\n\r\n\r\n<ul class=\"wp-block-list\">\r\n<li>Convient \u00e0 toute une gamme de liquides et de gaz<\/li>\r\n<li>Perte de charge minimale gr\u00e2ce \u00e0 des orifices de grande taille<\/li>\r\n<li>Tige \u00e0 chargement par le bas, avec maintien de la pression<\/li>\r\n<li>Pression nominale pour 1\/4\u2033-2\u2033 \u00e0 600psi (42 bars)<\/li>\r\n<li>2-1\/2\u2033-4\u2033 \u00e0 400 psi WOG (sans choc) et 150 WSP (10,34 bars) de vapeur satur\u00e9e.<\/li>\r\n<li>Joint de garniture de tige, rondelle de but\u00e9e et si\u00e8ges en PTFE vierge<\/li>\r\n<li>Isolateur en vinyle jaune sur des poign\u00e9es en acier au carbone plaqu\u00e9 tr\u00e8s r\u00e9sistant<\/li>\r\n<li>Ouverture ou fermeture rapide par 1\/4 de tour<\/li>\r\n<li>Non exempt de plomb<\/li>\r\n<li>Bon pour l'essence<\/li>\r\n<\/ul>\r\n\r\n\r\n\r\n<h2 class=\"wp-block-heading\">Applications des robinets \u00e0 tournant sph\u00e9rique en laiton de 3\u2033 (3\u2033 Brass Ball Valves)<\/h2>\r\n\r\n\r\n\r\n<p>Les robinets \u00e0 tournant sph\u00e9rique en laiton 3\u2033 \u00e0 port int\u00e9gral conviennent \u00e0 une gamme compl\u00e8te de liquides et de gaz dans les applications r\u00e9sidentielles et commerciales.<\/p>","protected":false},"excerpt":{"rendered":"<p>Qu&#039;est-ce qu&#039;un robinet \u00e0 tournant sph\u00e9rique en laiton de 3 pouces\u00a0? Robinet \u00e0 bille \u00e0 passage int\u00e9gral en laiton 3\u2033 \u2013 Robinet \u00e0 bille en laiton, filet\u00e9 FNPT, plage de temp\u00e9rature -60\u00b0F\u2026 <a title=\"Robinet \u00e0 tournant sph\u00e9rique en laiton 3\u2033 (3\u2033 Brass Ball Valve)\" class=\"read-more\" href=\"https:\/\/zecovalve.com\/fr\/produit\/3-brass-ball-valve\" aria-label=\"Plus sur 3\u2033 Brass Ball Valve\">Lire plus<\/a><\/p>","protected":false},"featured_media":19482,"comment_status":"closed","ping_status":"closed","template":"","meta":{"_generate-full-width-content":"","kt_blocks_editor_width":""},"product_cat":[2047,2461],"product_tag":[2802,2833],"class_list":["post-19860","product","type-product","status-publish","has-post-thumbnail","hentry","product_cat-ball-valve","product_cat-ball-valve-by-material","product_tag-ball-valve-price","product_tag-brass-ball-valve","sales-flash-overlay","woocommerce-text-align-center","woocommerce-image-align-center","do-quantity-buttons"],"featured_image_src_large":["https:\/\/zecovalve.com\/wp-content\/uploads\/2022\/07\/Globe-Valve-Check-Valve.jpg",800,600,false],"author_info":[],"comment_info":0,"taxonomy_info":{"product_cat":[{"value":2047,"label":"Ball Valve"},{"value":2461,"label":"Ball Valve By Material"}],"product_tag":[{"value":2802,"label":"Ball Valve Price"},{"value":2833,"label":"Brass Ball Valve"}]},"yoast_head":"<!-- This site is optimized with the Yoast SEO Premium plugin v15.4 - https:\/\/yoast.com\/wordpress\/plugins\/seo\/ -->\n<title>3&quot; Brass Ball Valve - Competitive Ball Valve Price | ZECO Valve<\/title>\n<meta name=\"robots\" content=\"index, follow, max-snippet:-1, max-image-preview:large, max-video-preview:-1\" \/>\n<link rel=\"canonical\" href=\"https:\/\/zecovalve.com\/fr\/produit\/3-brass-ball-valve\" \/>\n<meta property=\"og:locale\" content=\"fr_FR\" \/>\n<meta property=\"og:type\" content=\"article\" \/>\n<meta property=\"og:title\" content=\"3&quot; Brass Ball Valve - Competitive Ball Valve Price | ZECO Valve\" \/>\n<meta property=\"og:description\" content=\"What is a 3&#8243; Brass Ball Valve? 3\u2033 Brass Full Port Ball Valve \u2013 Brass ball valve, FNPT threaded, temperature range -60\u00b0F ... Lire plus\" \/>\n<meta property=\"og:url\" content=\"https:\/\/zecovalve.com\/fr\/produit\/3-brass-ball-valve\" \/>\n<meta property=\"og:site_name\" content=\"ZECO Valve\" \/>\n<meta property=\"article:modified_time\" content=\"2022-07-14T06:29:46+00:00\" \/>\n<meta property=\"og:image\" content=\"https:\/\/zecovalve.com\/wp-content\/uploads\/2022\/07\/Globe-Valve-Check-Valve.jpg\" \/>\n\t<meta property=\"og:image:width\" content=\"800\" \/>\n\t<meta property=\"og:image:height\" content=\"600\" \/>\n<meta name=\"twitter:card\" content=\"summary_large_image\" \/>\n<meta name=\"twitter:label1\" content=\"\u00c9crit par\">\n\t<meta name=\"twitter:data1\" content=\"Jerry\">\n\t<meta name=\"twitter:label2\" content=\"Dur\u00e9e de lecture estim\u00e9e\">\n\t<meta name=\"twitter:data2\" content=\"1 minute\">\n<script type=\"application\/ld+json\" class=\"yoast-schema-graph\">{\"@context\":\"https:\/\/schema.org\",\"@graph\":[{\"@type\":\"WebSite\",\"@id\":\"https:\/\/zecovalve.com\/#website\",\"url\":\"https:\/\/zecovalve.com\/\",\"name\":\"ZECO Valve\",\"description\":\"Industrial Ball Valve, Gate Valve and Globe Valve Manufacturer\",\"potentialAction\":[{\"@type\":\"SearchAction\",\"target\":\"https:\/\/zecovalve.com\/?s={search_term_string}\",\"query-input\":\"required name=search_term_string\"}],\"inLanguage\":\"fr-FR\"},{\"@type\":\"ImageObject\",\"@id\":\"https:\/\/zecovalve.com\/product\/3-brass-ball-valve#primaryimage\",\"inLanguage\":\"fr-FR\",\"url\":\"https:\/\/zecovalve.com\/wp-content\/uploads\/2022\/07\/Globe-Valve-Check-Valve.jpg\",\"width\":800,\"height\":600,\"caption\":\"Brass Ball Valve\"},{\"@type\":\"WebPage\",\"@id\":\"https:\/\/zecovalve.com\/product\/3-brass-ball-valve#webpage\",\"url\":\"https:\/\/zecovalve.com\/product\/3-brass-ball-valve\",\"name\":\"3\\\" Brass Ball Valve - Competitive Ball Valve Price | ZECO Valve\",\"isPartOf\":{\"@id\":\"https:\/\/zecovalve.com\/#website\"},\"primaryImageOfPage\":{\"@id\":\"https:\/\/zecovalve.com\/product\/3-brass-ball-valve#primaryimage\"},\"datePublished\":\"2022-07-14T06:29:32+00:00\",\"dateModified\":\"2022-07-14T06:29:46+00:00\",\"breadcrumb\":{\"@id\":\"https:\/\/zecovalve.com\/product\/3-brass-ball-valve#breadcrumb\"},\"inLanguage\":\"fr-FR\",\"potentialAction\":[{\"@type\":\"ReadAction\",\"target\":[\"https:\/\/zecovalve.com\/product\/3-brass-ball-valve\"]}]},{\"@type\":\"BreadcrumbList\",\"@id\":\"https:\/\/zecovalve.com\/product\/3-brass-ball-valve#breadcrumb\",\"itemListElement\":[{\"@type\":\"ListItem\",\"position\":1,\"item\":{\"@type\":\"WebPage\",\"@id\":\"https:\/\/zecovalve.com\/\",\"url\":\"https:\/\/zecovalve.com\/\",\"name\":\"Home\"}},{\"@type\":\"ListItem\",\"position\":2,\"item\":{\"@type\":\"WebPage\",\"@id\":\"https:\/\/zecovalve.com\/product-category\",\"url\":\"https:\/\/zecovalve.com\/product-category\",\"name\":\"Industrial Valve Manufacturer | Water Valve Manufacturer\"}},{\"@type\":\"ListItem\",\"position\":3,\"item\":{\"@type\":\"WebPage\",\"@id\":\"https:\/\/zecovalve.com\/product\/3-brass-ball-valve\",\"url\":\"https:\/\/zecovalve.com\/product\/3-brass-ball-valve\",\"name\":\"3&#8243; Brass Ball Valve\"}}]}]}<\/script>\n<!-- \/ Yoast SEO Premium plugin. -->","_links":{"self":[{"href":"https:\/\/zecovalve.com\/fr\/wp-json\/wp\/v2\/product\/19860","targetHints":{"allow":["GET"]}}],"collection":[{"href":"https:\/\/zecovalve.com\/fr\/wp-json\/wp\/v2\/product"}],"about":[{"href":"https:\/\/zecovalve.com\/fr\/wp-json\/wp\/v2\/types\/product"}],"replies":[{"embeddable":true,"href":"https:\/\/zecovalve.com\/fr\/wp-json\/wp\/v2\/comments?post=19860"}],"wp:featuredmedia":[{"embeddable":true,"href":"https:\/\/zecovalve.com\/fr\/wp-json\/wp\/v2\/media\/19482"}],"wp:attachment":[{"href":"https:\/\/zecovalve.com\/fr\/wp-json\/wp\/v2\/media?parent=19860"}],"wp:term":[{"taxonomy":"product_cat","embeddable":true,"href":"https:\/\/zecovalve.com\/fr\/wp-json\/wp\/v2\/product_cat?post=19860"},{"taxonomy":"product_tag","embeddable":true,"href":"https:\/\/zecovalve.com\/fr\/wp-json\/wp\/v2\/product_tag?post=19860"}],"curies":[{"name":"wp","href":"https:\/\/api.w.org\/{rel}","templated":true}]}}