{"id":19862,"date":"2022-07-14T07:26:02","date_gmt":"2022-07-14T07:26:02","guid":{"rendered":"https:\/\/zecovalve.com\/?post_type=product&#038;p=19862"},"modified":"2022-07-14T07:29:38","modified_gmt":"2022-07-14T07:29:38","slug":"3-way-brass-ball-valve","status":"publish","type":"product","link":"https:\/\/zecovalve.com\/fr\/produit\/3-way-brass-ball-valve","title":{"rendered":"Robinet \u00e0 bille en laiton \u00e0 3 voies"},"content":{"rendered":"<p>Les robinets \u00e0 tournant sph\u00e9rique en laiton \u00e0 3 voies sont utilis\u00e9s dans les applications comportant plusieurs sources de fluide ou pour d\u00e9tourner le fluide dans deux directions diff\u00e9rentes.<\/p>\r\n\r\n\r\n\r\n<figure class=\"wp-block-image size-full\"><img loading=\"lazy\" decoding=\"async\" width=\"230\" height=\"350\" class=\"wp-image-19863\" src=\"https:\/\/zecovalve.com\/wp-content\/uploads\/2022\/07\/3-Way-Brass-Ball-Valve.png\" alt=\"\" srcset=\"https:\/\/zecovalve.com\/wp-content\/uploads\/2022\/07\/3-Way-Brass-Ball-Valve.png 230w, https:\/\/zecovalve.com\/wp-content\/uploads\/2022\/07\/3-Way-Brass-Ball-Valve-197x300.png 197w\" sizes=\"auto, (max-width: 230px) 100vw, 230px\" \/><\/figure>\r\n\r\n\r\n<div class=\"gb-button-wrapper gb-button-wrapper-6d8495a3\">\r\n\r\n\r\n<p><a class=\"gb-button gb-button-3d442e11 gb-button-text\" href=\"https:\/\/zecovalve.com\/fr\/contact\/\" target=\"_blank\" rel=\"noopener noreferrer\"><strong>OBTENEZ LE PRIX DU VANNE \u00c0 BILLE EN LAITON \u00c0 3 VOIES<\/strong><\/a><\/p>\r\n<\/div>\r\n\r\n\r\n\r\n\r\n<h2 class=\"wp-block-heading\" id=\"h-what-is-a-3-way-brass-ball-valve\">Qu&#039;est-ce qu&#039;un robinet \u00e0 tournant sph\u00e9rique en laiton \u00e0 3 voies\u00a0?<\/h2>\r\n\r\n\r\n\r\n<p>Les robinets \u00e0 tournant sph\u00e9rique en laiton \u00e0 3 voies sont con\u00e7us pour d\u00e9tourner le flux dans diff\u00e9rentes directions selon les besoins. Toutes les vannes sont de style \u00ab L \u00bb, mais le style \u00ab T \u00bb est \u00e9galement disponible. Ces vannes sont id\u00e9ales pour une utilisation dans une vari\u00e9t\u00e9 d&#039;applications chimiques et liquides. Les poign\u00e9es de verrouillage et les ports FPT femelles sont standard. Toutes les vannes sont actionn\u00e9es manuellement, mais incluent des supports de montage pour les actionneurs ou les indicateurs de position si n\u00e9cessaire.<\/p>\r\n\r\n\r\n\r\n<h2 class=\"wp-block-heading\">\u00c0 quoi servent les robinets \u00e0 tournant sph\u00e9rique en laiton \u00e0 3 voies\u00a0?<\/h2>\r\n\r\n\r\n\r\n<p>Les robinets \u00e0 tournant sph\u00e9rique en laiton \u00e0 trois voies ont trois ports et peuvent \u00eatre actionn\u00e9s manuellement ou automatis\u00e9s avec un actionneur \u00e9lectrique ou pneumatique. L&#039;al\u00e9sage traversant la bille est disponible en deux vari\u00e9t\u00e9s : ports \u00ab\u00a0L\u00a0\u00bb et \u00ab\u00a0T\u00a0\u00bb. Les vannes \u00e0 trois voies peuvent\u00a0:<\/p>\r\n\r\n\r\n\r\n<ul class=\"wp-block-list\">\r\n<li>Couper ou arr\u00eater le d\u00e9bit<\/li>\r\n<li>Basculer le flux entre deux sources diff\u00e9rentes<\/li>\r\n<li>Combiner le flux de deux sources diff\u00e9rentes<\/li>\r\n<li>Flux altern\u00e9 entre deux destinations diff\u00e9rentes<\/li>\r\n<li>D\u00e9tourner le flux provenant d\u2019une source vers une autre destination<\/li>\r\n<li>Fractionner le flux provenant d&#039;une source entre deux destinations sortantes<\/li>\r\n<\/ul>\r\n\r\n\r\n\r\n<h2 class=\"wp-block-heading\">Sp\u00e9cifications techniques des robinets \u00e0 tournant sph\u00e9rique en laiton \u00e0 3 voies<\/h2>\r\n\r\n\r\n\r\n<figure class=\"wp-block-table is-style-stripes\">\r\n<table>\r\n<tbody>\r\n<tr>\r\n<td>Mat\u00e9riau du corps<\/td>\r\n<td>Laiton<\/td>\r\n<\/tr>\r\n<tr>\r\n<td>Mat\u00e9riau de la tige<\/td>\r\n<td>Laiton<\/td>\r\n<\/tr>\r\n<tr>\r\n<td>Mat\u00e9riau de la bille<\/td>\r\n<td>Laiton chrom\u00e9<\/td>\r\n<\/tr>\r\n<tr>\r\n<td>Mat\u00e9riau du si\u00e8ge<\/td>\r\n<td>PTFE<\/td>\r\n<\/tr>\r\n<tr>\r\n<td>Mat\u00e9riau des joints de tige<\/td>\r\n<td>PTFE, avec joint torique Viton\u00ae, ou RPTFE<\/td>\r\n<\/tr>\r\n<tr>\r\n<td>Terminer les connexions<\/td>\r\n<td>Filet\u00e9 NPT (1\/4\u2033 \u00e0 3\u2033)<\/td>\r\n<\/tr>\r\n<tr>\r\n<td>\u00c9cart de temp\u00e9rature:<\/td>\r\n<td>-30 \u00e0 320\u00b0F<\/td>\r\n<\/tr>\r\n<tr>\r\n<td>Plage de pression\u00a0:<\/td>\r\n<td>jusqu&#039;\u00e0 400 PSIG<\/td>\r\n<\/tr>\r\n<\/tbody>\r\n<\/table>\r\n<\/figure>\r\n\r\n\r\n\r\n<h2 class=\"wp-block-heading\">Avantages des robinets \u00e0 tournant sph\u00e9rique en laiton \u00e0 3 voies<\/h2>\r\n\r\n\r\n\r\n<ul class=\"wp-block-list\">\r\n<li>Port standard<\/li>\r\n<li>Tige anti-\u00e9clatement<\/li>\r\n<li>Conception du joint de tige pyramidal sous charge vive<\/li>\r\n<li>Plaque de montage int\u00e9gr\u00e9e pour les actionneurs<\/li>\r\n<li>Assemblage compact<\/li>\r\n<li>Gamme compl\u00e8te d'accessoires<\/li>\r\n<\/ul>\r\n\r\n\r\n\r\n<h2 class=\"wp-block-heading\">Applications des robinets \u00e0 tournant sph\u00e9rique en laiton \u00e0 3 voies<\/h2>\r\n\r\n\r\n\r\n<ul class=\"wp-block-list\">\r\n<li>\u00c9quipement de s\u00e9chage \u00e0 l&#039;air<\/li>\r\n<li>\u00c9quipement de contr\u00f4le de la pollution<\/li>\r\n<li>Applications de contr\u00f4le de processus<\/li>\r\n<li>\u00c9quipement de blanchisserie<\/li>\r\n<li>Teinture et s\u00e9chage de textiles<\/li>\r\n<li>\u00c9quipement d&#039;embouteillage et de distribution<\/li>\r\n<\/ul>","protected":false},"excerpt":{"rendered":"<p>Les robinets \u00e0 tournant sph\u00e9rique en laiton \u00e0 3 voies sont utilis\u00e9s dans les applications avec plus d&#039;une source de fluide ou pour d\u00e9tourner le fluide en deux\u2026 <a title=\"Robinet \u00e0 bille en laiton \u00e0 3 voies\" class=\"read-more\" href=\"https:\/\/zecovalve.com\/fr\/produit\/3-way-brass-ball-valve\" aria-label=\"Plus sur Robinet \u00e0 Bille 3 Voies Laiton\">Lire plus<\/a><\/p>","protected":false},"featured_media":19863,"comment_status":"closed","ping_status":"closed","template":"","meta":{"_generate-full-width-content":"","kt_blocks_editor_width":""},"product_cat":[2047],"product_tag":[2802,2833],"class_list":["post-19862","product","type-product","status-publish","has-post-thumbnail","hentry","product_cat-ball-valve","product_tag-ball-valve-price","product_tag-brass-ball-valve","sales-flash-overlay","woocommerce-text-align-center","woocommerce-image-align-center","do-quantity-buttons"],"featured_image_src_large":["https:\/\/zecovalve.com\/wp-content\/uploads\/2022\/07\/3-Way-Brass-Ball-Valve.png",230,350,false],"author_info":[],"comment_info":0,"taxonomy_info":{"product_cat":[{"value":2047,"label":"Ball Valve"}],"product_tag":[{"value":2802,"label":"Ball Valve Price"},{"value":2833,"label":"Brass Ball Valve"}]},"yoast_head":"<!-- This site is optimized with the Yoast SEO Premium plugin v15.4 - https:\/\/yoast.com\/wordpress\/plugins\/seo\/ -->\n<title>3 Way Brass Ball Valve - Competitive Ball Valve Price | ZECO Valve<\/title>\n<meta name=\"robots\" content=\"index, follow, max-snippet:-1, max-image-preview:large, max-video-preview:-1\" \/>\n<link rel=\"canonical\" href=\"https:\/\/zecovalve.com\/fr\/produit\/3-way-brass-ball-valve\" \/>\n<meta property=\"og:locale\" content=\"fr_FR\" \/>\n<meta property=\"og:type\" content=\"article\" \/>\n<meta property=\"og:title\" content=\"3 Way Brass Ball Valve - Competitive Ball Valve Price | ZECO Valve\" \/>\n<meta property=\"og:description\" content=\"3 way brass ball valves are used in applications with more than one source of media or to divert media in two ... Lire plus\" \/>\n<meta property=\"og:url\" content=\"https:\/\/zecovalve.com\/fr\/produit\/3-way-brass-ball-valve\" \/>\n<meta property=\"og:site_name\" content=\"ZECO Valve\" \/>\n<meta property=\"article:modified_time\" content=\"2022-07-14T07:29:38+00:00\" \/>\n<meta property=\"og:image\" content=\"https:\/\/zecovalve.com\/wp-content\/uploads\/2022\/07\/3-Way-Brass-Ball-Valve.png\" \/>\n\t<meta property=\"og:image:width\" content=\"230\" \/>\n\t<meta property=\"og:image:height\" content=\"350\" \/>\n<meta name=\"twitter:card\" content=\"summary_large_image\" \/>\n<meta name=\"twitter:label1\" content=\"\u00c9crit par\">\n\t<meta name=\"twitter:data1\" content=\"Jerry\">\n\t<meta name=\"twitter:label2\" content=\"Dur\u00e9e de lecture estim\u00e9e\">\n\t<meta name=\"twitter:data2\" content=\"1 minute\">\n<script type=\"application\/ld+json\" class=\"yoast-schema-graph\">{\"@context\":\"https:\/\/schema.org\",\"@graph\":[{\"@type\":\"WebSite\",\"@id\":\"https:\/\/zecovalve.com\/#website\",\"url\":\"https:\/\/zecovalve.com\/\",\"name\":\"ZECO Valve\",\"description\":\"Industrial Ball Valve, Gate Valve and Globe Valve Manufacturer\",\"potentialAction\":[{\"@type\":\"SearchAction\",\"target\":\"https:\/\/zecovalve.com\/?s={search_term_string}\",\"query-input\":\"required name=search_term_string\"}],\"inLanguage\":\"fr-FR\"},{\"@type\":\"ImageObject\",\"@id\":\"https:\/\/zecovalve.com\/product\/3-way-brass-ball-valve#primaryimage\",\"inLanguage\":\"fr-FR\",\"url\":\"https:\/\/zecovalve.com\/wp-content\/uploads\/2022\/07\/3-Way-Brass-Ball-Valve.png\",\"width\":230,\"height\":350},{\"@type\":\"WebPage\",\"@id\":\"https:\/\/zecovalve.com\/product\/3-way-brass-ball-valve#webpage\",\"url\":\"https:\/\/zecovalve.com\/product\/3-way-brass-ball-valve\",\"name\":\"3 Way Brass Ball Valve - Competitive Ball Valve Price | ZECO Valve\",\"isPartOf\":{\"@id\":\"https:\/\/zecovalve.com\/#website\"},\"primaryImageOfPage\":{\"@id\":\"https:\/\/zecovalve.com\/product\/3-way-brass-ball-valve#primaryimage\"},\"datePublished\":\"2022-07-14T07:26:02+00:00\",\"dateModified\":\"2022-07-14T07:29:38+00:00\",\"breadcrumb\":{\"@id\":\"https:\/\/zecovalve.com\/product\/3-way-brass-ball-valve#breadcrumb\"},\"inLanguage\":\"fr-FR\",\"potentialAction\":[{\"@type\":\"ReadAction\",\"target\":[\"https:\/\/zecovalve.com\/product\/3-way-brass-ball-valve\"]}]},{\"@type\":\"BreadcrumbList\",\"@id\":\"https:\/\/zecovalve.com\/product\/3-way-brass-ball-valve#breadcrumb\",\"itemListElement\":[{\"@type\":\"ListItem\",\"position\":1,\"item\":{\"@type\":\"WebPage\",\"@id\":\"https:\/\/zecovalve.com\/\",\"url\":\"https:\/\/zecovalve.com\/\",\"name\":\"Home\"}},{\"@type\":\"ListItem\",\"position\":2,\"item\":{\"@type\":\"WebPage\",\"@id\":\"https:\/\/zecovalve.com\/product-category\",\"url\":\"https:\/\/zecovalve.com\/product-category\",\"name\":\"Industrial Valve Manufacturer | Water Valve Manufacturer\"}},{\"@type\":\"ListItem\",\"position\":3,\"item\":{\"@type\":\"WebPage\",\"@id\":\"https:\/\/zecovalve.com\/product\/3-way-brass-ball-valve\",\"url\":\"https:\/\/zecovalve.com\/product\/3-way-brass-ball-valve\",\"name\":\"3 Way Brass Ball Valve\"}}]}]}<\/script>\n<!-- \/ Yoast SEO Premium plugin. -->","_links":{"self":[{"href":"https:\/\/zecovalve.com\/fr\/wp-json\/wp\/v2\/product\/19862","targetHints":{"allow":["GET"]}}],"collection":[{"href":"https:\/\/zecovalve.com\/fr\/wp-json\/wp\/v2\/product"}],"about":[{"href":"https:\/\/zecovalve.com\/fr\/wp-json\/wp\/v2\/types\/product"}],"replies":[{"embeddable":true,"href":"https:\/\/zecovalve.com\/fr\/wp-json\/wp\/v2\/comments?post=19862"}],"wp:featuredmedia":[{"embeddable":true,"href":"https:\/\/zecovalve.com\/fr\/wp-json\/wp\/v2\/media\/19863"}],"wp:attachment":[{"href":"https:\/\/zecovalve.com\/fr\/wp-json\/wp\/v2\/media?parent=19862"}],"wp:term":[{"taxonomy":"product_cat","embeddable":true,"href":"https:\/\/zecovalve.com\/fr\/wp-json\/wp\/v2\/product_cat?post=19862"},{"taxonomy":"product_tag","embeddable":true,"href":"https:\/\/zecovalve.com\/fr\/wp-json\/wp\/v2\/product_tag?post=19862"}],"curies":[{"name":"wp","href":"https:\/\/api.w.org\/{rel}","templated":true}]}}