{"id":19864,"date":"2022-07-14T07:38:29","date_gmt":"2022-07-14T07:38:29","guid":{"rendered":"https:\/\/zecovalve.com\/?post_type=product&#038;p=19864"},"modified":"2022-07-14T08:10:54","modified_gmt":"2022-07-14T08:10:54","slug":"1-4-brass-ball-valve","status":"publish","type":"product","link":"https:\/\/zecovalve.com\/fr\/produit\/1-4-brass-ball-valve","title":{"rendered":"Robinet \u00e0 bille en laiton 1\/4\u2033"},"content":{"rendered":"<figure class=\"wp-block-image size-full is-resized\"><img loading=\"lazy\" decoding=\"async\" class=\"wp-image-19482\" src=\"https:\/\/zecovalve.com\/wp-content\/uploads\/2022\/07\/Globe-Valve-Check-Valve.jpg\" alt=\"Robinet \u00e0 bille en laiton\" width=\"400\" height=\"300\" srcset=\"https:\/\/zecovalve.com\/wp-content\/uploads\/2022\/07\/Globe-Valve-Check-Valve.jpg 800w, https:\/\/zecovalve.com\/wp-content\/uploads\/2022\/07\/Globe-Valve-Check-Valve-300x225.jpg 300w, https:\/\/zecovalve.com\/wp-content\/uploads\/2022\/07\/Globe-Valve-Check-Valve-768x576.jpg 768w, https:\/\/zecovalve.com\/wp-content\/uploads\/2022\/07\/Globe-Valve-Check-Valve-600x450.jpg 600w\" sizes=\"auto, (max-width: 400px) 100vw, 400px\" \/><\/figure>\r\n\r\n\r\n<div class=\"gb-button-wrapper gb-button-wrapper-6d8495a3\">\r\n\r\n\r\n<p><a class=\"gb-button gb-button-3d442e11 gb-button-text\" href=\"https:\/\/zecovalve.com\/fr\/contact\/\" target=\"_blank\" rel=\"noopener noreferrer\"><strong>OBTENIR LE PRIX D'UN ROBINET \u00c0 BILLE EN LAITON 1\/4\u2033.<\/strong><\/a><\/p>\r\n<\/div>\r\n\r\n\r\n\r\n\r\n<h2 class=\"wp-block-heading\" id=\"h-what-is-a-1-2-brass-ball-valve\">Qu'est-ce qu'un robinet \u00e0 bille en laiton 1\/4\u2033 ?<\/h2>\r\n\r\n\r\n\r\n<p>Utilisez ce robinet \u00e0 bille en laiton 1\/2\u2033 de ZECO avec des raccords filet\u00e9s pour d\u00e9marrer ou arr\u00eater le d\u00e9bit dans un syst\u00e8me en cuivre. Les raccords filet\u00e9s sont parfaits pour r\u00e9aliser des joints solides qui peuvent \u00eatre d\u00e9viss\u00e9s pour l'entretien. Ce robinet \u00e0 tournant sph\u00e9rique est certifi\u00e9 sans plomb, ce qui signifie que les surfaces en contact avec le fluide contiennent moins de 0,25% de plomb en moyenne. ZECO Valve fabrique certains des meilleurs robinets \u00e0 tournant sph\u00e9rique en laiton du march\u00e9, alors achetez-en un d\u00e8s aujourd'hui !<\/p>\r\n\r\n\r\n\r\n<h2 class=\"wp-block-heading\">Sp\u00e9cifications techniques des robinets \u00e0 bille en laiton 1\/4\u2033.<\/h2>\r\n\r\n\r\n\r\n<figure class=\"wp-block-table is-style-stripes\">\r\n<table>\r\n<tbody>\r\n<tr>\r\n<td>Objet<\/td>\r\n<td>Soupape \u00e0 bille<\/td>\r\n<td>Mat\u00e9riau du si\u00e8ge<\/td>\r\n<td>PTFE<\/td>\r\n<\/tr>\r\n<tr>\r\n<td>Mat\u00e9riau du corps<\/td>\r\n<td>Laiton<\/td>\r\n<td>Type de tige<\/td>\r\n<td>L'\u00e9preuve de l'\u00e9bouriffage<\/td>\r\n<\/tr>\r\n<tr>\r\n<td>Style de la carrosserie<\/td>\r\n<td>En ligne<\/td>\r\n<td>Type de poign\u00e9e<\/td>\r\n<td>Levier<\/td>\r\n<\/tr>\r\n<tr>\r\n<td>Structure de la vanne<\/td>\r\n<td>2 pi\u00e8ces<\/td>\r\n<td>Mat\u00e9riau du manche<\/td>\r\n<td>Acier avec rev\u00eatement r\u00e9sistant \u00e0 la corrosion<\/td>\r\n<\/tr>\r\n<tr>\r\n<td>Taille du tube<\/td>\r\n<td>1\/4 po<\/td>\r\n<td>Mat\u00e9riau de la tige<\/td>\r\n<td>Laiton<\/td>\r\n<\/tr>\r\n<tr>\r\n<td>Type de connexion<\/td>\r\n<td>FNPT x FNPT<\/td>\r\n<td>Caract\u00e9ristiques<\/td>\r\n<td>Usage g\u00e9n\u00e9ral<\/td>\r\n<\/tr>\r\n<tr>\r\n<td>Port<\/td>\r\n<td>Complet<\/td>\r\n<td>Groupe de produits des robinets \u00e0 tournant sph\u00e9rique<\/td>\r\n<td>Manuel<\/td>\r\n<\/tr>\r\n<tr>\r\n<td>Max. Pression<\/td>\r\n<td>600 psi CWP<\/td>\r\n<td>Mat\u00e9riau du corps de base de la vanne<\/td>\r\n<td>Laiton<\/td>\r\n<\/tr>\r\n<tr>\r\n<td>Temp. Plage de temp\u00e9rature<\/td>\r\n<td>0 degr\u00e9 \u00e0 400 degr\u00e9s F<\/td>\r\n<td>Mat\u00e9riau de la bille<\/td>\r\n<td>Laiton chrom\u00e9<\/td>\r\n<\/tr>\r\n<\/tbody>\r\n<\/table>\r\n<\/figure>\r\n\r\n\r\n\r\n<h2 class=\"wp-block-heading\">Avantages des robinets \u00e0 tournant sph\u00e9rique en laiton 1\/4\u2033.<\/h2>\r\n\r\n\r\n\r\n<ul class=\"wp-block-list\">\r\n<li>Construction \u00e9cologique en laiton sans plomb<\/li>\r\n<li>Orifice complet pour un d\u00e9bit illimit\u00e9<\/li>\r\n<li>Tige r\u00e9sistante \u00e0 l'\u00e9clatement<\/li>\r\n<li>Si\u00e8ges de billes en PTFE \u00e9nergis\u00e9 pour une dur\u00e9e de vie prolong\u00e9e et un couple r\u00e9duit<\/li>\r\n<li>Triple joint de tige PTFE\/Viton sans fuite<\/li>\r\n<li>Poign\u00e9e de verrouillage du loquet (cadenassable)<\/li>\r\n<li>Plaque de montage direct ISO5211 pr\u00eate pour l'actionneur<\/li>\r\n<\/ul>\r\n\r\n\r\n\r\n<h2 class=\"wp-block-heading\">Applications des robinets \u00e0 tournant sph\u00e9rique en laiton 1\/4\u2033.<\/h2>\r\n\r\n\r\n\r\n<ul class=\"wp-block-list\">\r\n<li>Eau (pas de vapeur)<\/li>\r\n<li>Neutre<\/li>\r\n<li>Gazeux et non agressif<\/li>\r\n<li>Milieux liquides<\/li>\r\n<li>Huiles min\u00e9rales<\/li>\r\n<li>Carburant et air comprim\u00e9<\/li>\r\n<li>Vide (max. -0,9 bar)<\/li>\r\n<\/ul>","protected":false},"excerpt":{"rendered":"<p>Qu&#039;est-ce qu&#039;un robinet \u00e0 bille en laiton 1\/4\u2033\u00a0? Utilisez ce robinet \u00e0 tournant sph\u00e9rique en laiton ZECO 1\/2\u2033 avec raccords filet\u00e9s pour d\u00e9marrer ou arr\u00eater le d\u00e9bit\u2026 <a title=\"Robinet \u00e0 tournant sph\u00e9rique en laiton 1\/4\u2033 (en anglais)\" class=\"read-more\" href=\"https:\/\/zecovalve.com\/fr\/produit\/1-4-brass-ball-valve\" aria-label=\"Plus sur 1\/4\u2033 Brass Ball Valve\">Lire plus<\/a><\/p>","protected":false},"featured_media":19482,"comment_status":"closed","ping_status":"closed","template":"","meta":{"_generate-full-width-content":"","kt_blocks_editor_width":""},"product_cat":[2047,2461],"product_tag":[2802,2833],"class_list":["post-19864","product","type-product","status-publish","has-post-thumbnail","hentry","product_cat-ball-valve","product_cat-ball-valve-by-material","product_tag-ball-valve-price","product_tag-brass-ball-valve","sales-flash-overlay","woocommerce-text-align-center","woocommerce-image-align-center","do-quantity-buttons"],"featured_image_src_large":["https:\/\/zecovalve.com\/wp-content\/uploads\/2022\/07\/Globe-Valve-Check-Valve.jpg",800,600,false],"author_info":[],"comment_info":0,"taxonomy_info":{"product_cat":[{"value":2047,"label":"Ball Valve"},{"value":2461,"label":"Ball Valve By Material"}],"product_tag":[{"value":2802,"label":"Ball Valve Price"},{"value":2833,"label":"Brass Ball Valve"}]},"yoast_head":"<!-- This site is optimized with the Yoast SEO Premium plugin v15.4 - https:\/\/yoast.com\/wordpress\/plugins\/seo\/ -->\n<title>1\/4&quot; Brass Ball Valve - Competitive Ball Valve Price | ZECO Valve<\/title>\n<meta name=\"robots\" content=\"index, follow, max-snippet:-1, max-image-preview:large, max-video-preview:-1\" \/>\n<link rel=\"canonical\" href=\"https:\/\/zecovalve.com\/fr\/produit\/1-4-brass-ball-valve\" \/>\n<meta property=\"og:locale\" content=\"fr_FR\" \/>\n<meta property=\"og:type\" content=\"article\" \/>\n<meta property=\"og:title\" content=\"1\/4&quot; Brass Ball Valve - Competitive Ball Valve Price | ZECO Valve\" \/>\n<meta property=\"og:description\" content=\"What is a 1\/4&#8243; Brass Ball Valve? Use this ZECO 1\/2&#8243; Brass Ball Valve with threaded connections to start or stop flow ... Lire plus\" \/>\n<meta property=\"og:url\" content=\"https:\/\/zecovalve.com\/fr\/produit\/1-4-brass-ball-valve\" \/>\n<meta property=\"og:site_name\" content=\"ZECO Valve\" \/>\n<meta property=\"article:modified_time\" content=\"2022-07-14T08:10:54+00:00\" \/>\n<meta property=\"og:image\" content=\"https:\/\/zecovalve.com\/wp-content\/uploads\/2022\/07\/Globe-Valve-Check-Valve.jpg\" \/>\n\t<meta property=\"og:image:width\" content=\"800\" \/>\n\t<meta property=\"og:image:height\" content=\"600\" \/>\n<meta name=\"twitter:card\" content=\"summary_large_image\" \/>\n<meta name=\"twitter:label1\" content=\"\u00c9crit par\">\n\t<meta name=\"twitter:data1\" content=\"Jerry\">\n\t<meta name=\"twitter:label2\" content=\"Dur\u00e9e de lecture estim\u00e9e\">\n\t<meta name=\"twitter:data2\" content=\"1 minute\">\n<script type=\"application\/ld+json\" class=\"yoast-schema-graph\">{\"@context\":\"https:\/\/schema.org\",\"@graph\":[{\"@type\":\"WebSite\",\"@id\":\"https:\/\/zecovalve.com\/#website\",\"url\":\"https:\/\/zecovalve.com\/\",\"name\":\"ZECO Valve\",\"description\":\"Industrial Ball Valve, Gate Valve and Globe Valve Manufacturer\",\"potentialAction\":[{\"@type\":\"SearchAction\",\"target\":\"https:\/\/zecovalve.com\/?s={search_term_string}\",\"query-input\":\"required name=search_term_string\"}],\"inLanguage\":\"fr-FR\"},{\"@type\":\"ImageObject\",\"@id\":\"https:\/\/zecovalve.com\/product\/1-4-brass-ball-valve#primaryimage\",\"inLanguage\":\"fr-FR\",\"url\":\"https:\/\/zecovalve.com\/wp-content\/uploads\/2022\/07\/Globe-Valve-Check-Valve.jpg\",\"width\":800,\"height\":600,\"caption\":\"Brass Ball Valve\"},{\"@type\":\"WebPage\",\"@id\":\"https:\/\/zecovalve.com\/product\/1-4-brass-ball-valve#webpage\",\"url\":\"https:\/\/zecovalve.com\/product\/1-4-brass-ball-valve\",\"name\":\"1\/4\\\" Brass Ball Valve - Competitive Ball Valve Price | ZECO Valve\",\"isPartOf\":{\"@id\":\"https:\/\/zecovalve.com\/#website\"},\"primaryImageOfPage\":{\"@id\":\"https:\/\/zecovalve.com\/product\/1-4-brass-ball-valve#primaryimage\"},\"datePublished\":\"2022-07-14T07:38:29+00:00\",\"dateModified\":\"2022-07-14T08:10:54+00:00\",\"breadcrumb\":{\"@id\":\"https:\/\/zecovalve.com\/product\/1-4-brass-ball-valve#breadcrumb\"},\"inLanguage\":\"fr-FR\",\"potentialAction\":[{\"@type\":\"ReadAction\",\"target\":[\"https:\/\/zecovalve.com\/product\/1-4-brass-ball-valve\"]}]},{\"@type\":\"BreadcrumbList\",\"@id\":\"https:\/\/zecovalve.com\/product\/1-4-brass-ball-valve#breadcrumb\",\"itemListElement\":[{\"@type\":\"ListItem\",\"position\":1,\"item\":{\"@type\":\"WebPage\",\"@id\":\"https:\/\/zecovalve.com\/\",\"url\":\"https:\/\/zecovalve.com\/\",\"name\":\"Home\"}},{\"@type\":\"ListItem\",\"position\":2,\"item\":{\"@type\":\"WebPage\",\"@id\":\"https:\/\/zecovalve.com\/product-category\",\"url\":\"https:\/\/zecovalve.com\/product-category\",\"name\":\"Industrial Valve Manufacturer | Water Valve Manufacturer\"}},{\"@type\":\"ListItem\",\"position\":3,\"item\":{\"@type\":\"WebPage\",\"@id\":\"https:\/\/zecovalve.com\/product\/1-4-brass-ball-valve\",\"url\":\"https:\/\/zecovalve.com\/product\/1-4-brass-ball-valve\",\"name\":\"1\/4&#8243; Brass Ball Valve\"}}]}]}<\/script>\n<!-- \/ Yoast SEO Premium plugin. -->","_links":{"self":[{"href":"https:\/\/zecovalve.com\/fr\/wp-json\/wp\/v2\/product\/19864","targetHints":{"allow":["GET"]}}],"collection":[{"href":"https:\/\/zecovalve.com\/fr\/wp-json\/wp\/v2\/product"}],"about":[{"href":"https:\/\/zecovalve.com\/fr\/wp-json\/wp\/v2\/types\/product"}],"replies":[{"embeddable":true,"href":"https:\/\/zecovalve.com\/fr\/wp-json\/wp\/v2\/comments?post=19864"}],"wp:featuredmedia":[{"embeddable":true,"href":"https:\/\/zecovalve.com\/fr\/wp-json\/wp\/v2\/media\/19482"}],"wp:attachment":[{"href":"https:\/\/zecovalve.com\/fr\/wp-json\/wp\/v2\/media?parent=19864"}],"wp:term":[{"taxonomy":"product_cat","embeddable":true,"href":"https:\/\/zecovalve.com\/fr\/wp-json\/wp\/v2\/product_cat?post=19864"},{"taxonomy":"product_tag","embeddable":true,"href":"https:\/\/zecovalve.com\/fr\/wp-json\/wp\/v2\/product_tag?post=19864"}],"curies":[{"name":"wp","href":"https:\/\/api.w.org\/{rel}","templated":true}]}}