{"id":19870,"date":"2022-07-15T05:43:40","date_gmt":"2022-07-15T05:43:40","guid":{"rendered":"https:\/\/zecovalve.com\/?post_type=product&#038;p=19870"},"modified":"2022-08-18T08:49:53","modified_gmt":"2022-08-18T08:49:53","slug":"1-in-ball-valve","status":"publish","type":"product","link":"https:\/\/zecovalve.com\/fr\/produit\/1-in-ball-valve","title":{"rendered":"Robinet \u00e0 boisseau sph\u00e9rique de 1 po"},"content":{"rendered":"<div class=\"wp-block-columns is-layout-flex wp-container-core-columns-is-layout-9d6595d7 wp-block-columns-is-layout-flex\">\r\n<div class=\"wp-block-column is-layout-flow wp-block-column-is-layout-flow\"><div class=\"wp-block-image\">\r\n<figure class=\"aligncenter size-full is-resized\"><img loading=\"lazy\" decoding=\"async\" class=\"wp-image-19482\" src=\"https:\/\/zecovalve.com\/wp-content\/uploads\/2022\/07\/Globe-Valve-Check-Valve.jpg\" alt=\"Robinet \u00e0 bille en laiton\" width=\"400\" height=\"300\" srcset=\"https:\/\/zecovalve.com\/wp-content\/uploads\/2022\/07\/Globe-Valve-Check-Valve.jpg 800w, https:\/\/zecovalve.com\/wp-content\/uploads\/2022\/07\/Globe-Valve-Check-Valve-300x225.jpg 300w, https:\/\/zecovalve.com\/wp-content\/uploads\/2022\/07\/Globe-Valve-Check-Valve-768x576.jpg 768w, https:\/\/zecovalve.com\/wp-content\/uploads\/2022\/07\/Globe-Valve-Check-Valve-600x450.jpg 600w\" sizes=\"auto, (max-width: 400px) 100vw, 400px\" \/><\/figure>\r\n<\/div><\/div>\r\n\r\n\r\n\r\n<div class=\"wp-block-column is-layout-flow wp-block-column-is-layout-flow\"><div class=\"wp-block-image\">\r\n<figure class=\"aligncenter size-full is-resized\"><img loading=\"lazy\" decoding=\"async\" class=\"wp-image-19544\" src=\"https:\/\/zecovalve.com\/wp-content\/uploads\/2022\/07\/3-WAY-BALL-VALVE-T-L-TYPE.png\" alt=\"Robinet \u00e0 boisseau sph\u00e9rique \u00e0 3 voies\" width=\"400\" height=\"300\" \/><\/figure>\r\n<\/div><\/div>\r\n\r\n\r\n\r\n<div class=\"wp-block-column is-layout-flow wp-block-column-is-layout-flow\"><div class=\"wp-block-image\">\r\n<figure class=\"aligncenter size-full is-resized\"><img loading=\"lazy\" decoding=\"async\" class=\"wp-image-17821\" src=\"https:\/\/zecovalve.com\/wp-content\/uploads\/2022\/06\/3-pc-ball-valve.jpg\" alt=\"\" width=\"400\" height=\"400\" srcset=\"https:\/\/zecovalve.com\/wp-content\/uploads\/2022\/06\/3-pc-ball-valve.jpg 600w, https:\/\/zecovalve.com\/wp-content\/uploads\/2022\/06\/3-pc-ball-valve-300x300.jpg 300w, https:\/\/zecovalve.com\/wp-content\/uploads\/2022\/06\/3-pc-ball-valve-150x150.jpg 150w, https:\/\/zecovalve.com\/wp-content\/uploads\/2022\/06\/3-pc-ball-valve-400x400.jpg 400w, https:\/\/zecovalve.com\/wp-content\/uploads\/2022\/06\/3-pc-ball-valve-100x100.jpg 100w\" sizes=\"auto, (max-width: 400px) 100vw, 400px\" \/><\/figure>\r\n<\/div><\/div>\r\n<\/div>\r\n\r\n\r\n<div class=\"gb-button-wrapper gb-button-wrapper-6d8495a3\">\r\n\r\n\r\n<p><a class=\"gb-button gb-button-3d442e11 gb-button-text\" href=\"https:\/\/zecovalve.com\/fr\/contact\/\" target=\"_blank\" rel=\"noopener noreferrer\"><strong>GET 1 in PRIX DE LA VANNE \u00c0 BOULE<\/strong><\/a><\/p>\r\n<\/div>\r\n\r\n\r\n\r\n\r\n<h2 class=\"wp-block-heading\" id=\"h-what-is-a-1-in-ball-valve\">Qu'est-ce qu'un robinet \u00e0 boisseau sph\u00e9rique de 1 pouce ?<\/h2>\r\n\r\n\r\n\r\n<p>1 in Les robinets \u00e0 tournant sph\u00e9rique sont principalement utilis\u00e9s comme vannes d'arr\u00eat. La simplicit\u00e9 de leur conception et les mat\u00e9riaux utilis\u00e9s pour les fabriquer les rendent extr\u00eamement fiables. Nous disposons d'un large choix, y compris une gamme compl\u00e8te de produits DuraChoice.<\/p>\r\n\r\n\r\n\r\n<h2 class=\"wp-block-heading\">Sp\u00e9cifications des robinets \u00e0 tournant sph\u00e9rique de 1 pouce<\/h2>\r\n\r\n\r\n\r\n<figure class=\"wp-block-table is-style-stripes\">\r\n<table>\r\n<tbody>\r\n<tr>\r\n<td>Taille de la vanne<\/td>\r\n<td>1 pouce<\/td>\r\n<\/tr>\r\n<tr>\r\n<td>Type de connexion<\/td>\r\n<td>NPT femelle \/ SW \/ BW \/ RF \/ RTJ<\/td>\r\n<\/tr>\r\n<tr>\r\n<td>Mat\u00e9riau du corps<\/td>\r\n<td>Laiton \/ Bronze \/ Acier inoxydable \/ Acier au carbone \/ Acier forg\u00e9<\/td>\r\n<\/tr>\r\n<tr>\r\n<td>Type d'op\u00e9rateur<\/td>\r\n<td>Niveau \/ Poign\u00e9e ovale \/ \u00c9lectrique \/ Pneumatique<\/td>\r\n<\/tr>\r\n<\/tbody>\r\n<\/table>\r\n<\/figure>\r\n\r\n\r\n\r\n<h2 class=\"wp-block-heading\">Avantages des robinets \u00e0 tournant sph\u00e9rique 1 pouce<\/h2>\r\n\r\n\r\n\r\n<ul class=\"wp-block-list\">\r\n<li>La vanne quart de tour en ligne permet d'activer ou de d\u00e9sactiver le flux d'air dans la conduite d'air.<\/li>\r\n<li>Corps en laiton massif pour une r\u00e9sistance \u00e0 la corrosion de longue dur\u00e9e<\/li>\r\n<li>Peut \u00e9galement \u00eatre utilis\u00e9 comme drain d'humidit\u00e9 sur le syst\u00e8me<\/li>\r\n<li>Ecrou de presse-\u00e9toupe de la tige r\u00e9glable<\/li>\r\n<\/ul>\r\n\r\n\r\n\r\n<h2 class=\"wp-block-heading\">Applications des robinets \u00e0 tournant sph\u00e9rique de 1 pouce<\/h2>\r\n\r\n\r\n\r\n<p>Les robinets \u00e0 tournant sph\u00e9rique sont des robinets quart de tour utilis\u00e9s dans les applications r\u00e9sidentielles, commerciales et institutionnelles pour contr\u00f4ler l'\u00e9coulement tout ou rien de liquides et de gaz.<\/p>","protected":false},"excerpt":{"rendered":"<p>Qu&#039;est-ce qu&#039;un robinet \u00e0 tournant sph\u00e9rique de 1 po\u00a0? Les robinets \u00e0 tournant sph\u00e9rique de 1 po sont principalement utilis\u00e9s comme vannes d&#039;arr\u00eat. La simplicit\u00e9 de leur\u2026 <a title=\"Robinet \u00e0 boisseau sph\u00e9rique de 1 po\" class=\"read-more\" href=\"https:\/\/zecovalve.com\/fr\/produit\/1-in-ball-valve\" aria-label=\"Plus sur 1 in Ball Valve\">Lire plus<\/a><\/p>","protected":false},"featured_media":19493,"comment_status":"closed","ping_status":"closed","template":"","meta":{"_generate-full-width-content":"","kt_blocks_editor_width":""},"product_cat":[2047,2462],"product_tag":[3054,3254,2833,3244,2832],"class_list":["post-19870","product","type-product","status-publish","has-post-thumbnail","hentry","product_cat-ball-valve","product_cat-ball-valve-by-size","product_tag-1-ball-valve","product_tag-ball-valve-stainless-steel","product_tag-brass-ball-valve","product_tag-stainless-ball-valve","product_tag-stainless-steel-ball-valve","sales-flash-overlay","woocommerce-text-align-center","woocommerce-image-align-center","do-quantity-buttons"],"featured_image_src_large":["https:\/\/zecovalve.com\/wp-content\/uploads\/2022\/06\/Cryogenic-Ball-Valve-2-1024x1024.jpg",1024,1024,true],"author_info":[],"comment_info":0,"taxonomy_info":{"product_cat":[{"value":2047,"label":"Ball Valve"},{"value":2462,"label":"Ball Valve By Size"}],"product_tag":[{"value":3054,"label":"1\" Ball Valve"},{"value":3254,"label":"Ball Valve Stainless Steel"},{"value":2833,"label":"Brass Ball Valve"},{"value":3244,"label":"Stainless Ball Valve"},{"value":2832,"label":"Stainless Steel Ball Valve"}]},"yoast_head":"<!-- This site is optimized with the Yoast SEO Premium plugin v15.4 - https:\/\/yoast.com\/wordpress\/plugins\/seo\/ -->\n<title>1 in Ball Valve - 1&quot; Stainless Steel Ball Valve &amp; 1&#039; Brass Ball Valve | ZECO<\/title>\n<meta name=\"robots\" content=\"index, follow, max-snippet:-1, max-image-preview:large, max-video-preview:-1\" \/>\n<link rel=\"canonical\" href=\"https:\/\/zecovalve.com\/fr\/produit\/1-in-ball-valve\" \/>\n<meta property=\"og:locale\" content=\"fr_FR\" \/>\n<meta property=\"og:type\" content=\"article\" \/>\n<meta property=\"og:title\" content=\"1 in Ball Valve - 1&quot; Stainless Steel Ball Valve &amp; 1&#039; Brass Ball Valve | ZECO\" \/>\n<meta property=\"og:description\" content=\"What is a 1 in Ball Valve? 1 in Ball valves are mostly use as shut off valves. The simplicity of their ... Lire plus\" \/>\n<meta property=\"og:url\" content=\"https:\/\/zecovalve.com\/fr\/produit\/1-in-ball-valve\" \/>\n<meta property=\"og:site_name\" content=\"ZECO Valve\" \/>\n<meta property=\"article:modified_time\" content=\"2022-08-18T08:49:53+00:00\" \/>\n<meta property=\"og:image\" content=\"https:\/\/zecovalve.com\/wp-content\/uploads\/2022\/06\/Cryogenic-Ball-Valve-2-scaled.jpg\" \/>\n\t<meta property=\"og:image:width\" content=\"2560\" \/>\n\t<meta property=\"og:image:height\" content=\"2560\" \/>\n<meta name=\"twitter:card\" content=\"summary_large_image\" \/>\n<meta name=\"twitter:label1\" content=\"\u00c9crit par\">\n\t<meta name=\"twitter:data1\" content=\"Jerry\">\n\t<meta name=\"twitter:label2\" content=\"Dur\u00e9e de lecture estim\u00e9e\">\n\t<meta name=\"twitter:data2\" content=\"1 minute\">\n<script type=\"application\/ld+json\" class=\"yoast-schema-graph\">{\"@context\":\"https:\/\/schema.org\",\"@graph\":[{\"@type\":\"WebSite\",\"@id\":\"https:\/\/zecovalve.com\/#website\",\"url\":\"https:\/\/zecovalve.com\/\",\"name\":\"ZECO Valve\",\"description\":\"Industrial Ball Valve, Gate Valve and Globe Valve Manufacturer\",\"potentialAction\":[{\"@type\":\"SearchAction\",\"target\":\"https:\/\/zecovalve.com\/?s={search_term_string}\",\"query-input\":\"required name=search_term_string\"}],\"inLanguage\":\"fr-FR\"},{\"@type\":\"ImageObject\",\"@id\":\"https:\/\/zecovalve.com\/product\/1-in-ball-valve#primaryimage\",\"inLanguage\":\"fr-FR\",\"url\":\"https:\/\/zecovalve.com\/wp-content\/uploads\/2022\/06\/Cryogenic-Ball-Valve-2-scaled.jpg\",\"width\":2560,\"height\":2560},{\"@type\":\"WebPage\",\"@id\":\"https:\/\/zecovalve.com\/product\/1-in-ball-valve#webpage\",\"url\":\"https:\/\/zecovalve.com\/product\/1-in-ball-valve\",\"name\":\"1 in Ball Valve - 1\\\" Stainless Steel Ball Valve & 1' Brass Ball Valve | ZECO\",\"isPartOf\":{\"@id\":\"https:\/\/zecovalve.com\/#website\"},\"primaryImageOfPage\":{\"@id\":\"https:\/\/zecovalve.com\/product\/1-in-ball-valve#primaryimage\"},\"datePublished\":\"2022-07-15T05:43:40+00:00\",\"dateModified\":\"2022-08-18T08:49:53+00:00\",\"breadcrumb\":{\"@id\":\"https:\/\/zecovalve.com\/product\/1-in-ball-valve#breadcrumb\"},\"inLanguage\":\"fr-FR\",\"potentialAction\":[{\"@type\":\"ReadAction\",\"target\":[\"https:\/\/zecovalve.com\/product\/1-in-ball-valve\"]}]},{\"@type\":\"BreadcrumbList\",\"@id\":\"https:\/\/zecovalve.com\/product\/1-in-ball-valve#breadcrumb\",\"itemListElement\":[{\"@type\":\"ListItem\",\"position\":1,\"item\":{\"@type\":\"WebPage\",\"@id\":\"https:\/\/zecovalve.com\/\",\"url\":\"https:\/\/zecovalve.com\/\",\"name\":\"Home\"}},{\"@type\":\"ListItem\",\"position\":2,\"item\":{\"@type\":\"WebPage\",\"@id\":\"https:\/\/zecovalve.com\/product-category\",\"url\":\"https:\/\/zecovalve.com\/product-category\",\"name\":\"Industrial Valve Manufacturer | Water Valve Manufacturer\"}},{\"@type\":\"ListItem\",\"position\":3,\"item\":{\"@type\":\"WebPage\",\"@id\":\"https:\/\/zecovalve.com\/product\/1-in-ball-valve\",\"url\":\"https:\/\/zecovalve.com\/product\/1-in-ball-valve\",\"name\":\"1 in Ball Valve\"}}]}]}<\/script>\n<!-- \/ Yoast SEO Premium plugin. -->","_links":{"self":[{"href":"https:\/\/zecovalve.com\/fr\/wp-json\/wp\/v2\/product\/19870","targetHints":{"allow":["GET"]}}],"collection":[{"href":"https:\/\/zecovalve.com\/fr\/wp-json\/wp\/v2\/product"}],"about":[{"href":"https:\/\/zecovalve.com\/fr\/wp-json\/wp\/v2\/types\/product"}],"replies":[{"embeddable":true,"href":"https:\/\/zecovalve.com\/fr\/wp-json\/wp\/v2\/comments?post=19870"}],"wp:featuredmedia":[{"embeddable":true,"href":"https:\/\/zecovalve.com\/fr\/wp-json\/wp\/v2\/media\/19493"}],"wp:attachment":[{"href":"https:\/\/zecovalve.com\/fr\/wp-json\/wp\/v2\/media?parent=19870"}],"wp:term":[{"taxonomy":"product_cat","embeddable":true,"href":"https:\/\/zecovalve.com\/fr\/wp-json\/wp\/v2\/product_cat?post=19870"},{"taxonomy":"product_tag","embeddable":true,"href":"https:\/\/zecovalve.com\/fr\/wp-json\/wp\/v2\/product_tag?post=19870"}],"curies":[{"name":"wp","href":"https:\/\/api.w.org\/{rel}","templated":true}]}}