{"id":19871,"date":"2022-07-15T05:56:20","date_gmt":"2022-07-15T05:56:20","guid":{"rendered":"https:\/\/zecovalve.com\/?post_type=product&#038;p=19871"},"modified":"2022-09-07T02:14:59","modified_gmt":"2022-09-07T02:14:59","slug":"1-stainless-steel-ball-valve","status":"publish","type":"product","link":"https:\/\/zecovalve.com\/fr\/produit\/1-stainless-steel-ball-valve","title":{"rendered":"Robinet \u00e0 tournant sph\u00e9rique en acier inoxydable de 1\u2033"},"content":{"rendered":"<figure class=\"wp-block-image size-full is-resized\"><img loading=\"lazy\" decoding=\"async\" class=\"wp-image-19872\" src=\"https:\/\/zecovalve.com\/wp-content\/uploads\/2022\/07\/1-stainless-steel-ball-valve.jpg\" alt=\"\" width=\"250\" height=\"205\" srcset=\"https:\/\/zecovalve.com\/wp-content\/uploads\/2022\/07\/1-stainless-steel-ball-valve.jpg 1000w, https:\/\/zecovalve.com\/wp-content\/uploads\/2022\/07\/1-stainless-steel-ball-valve-300x246.jpg 300w, https:\/\/zecovalve.com\/wp-content\/uploads\/2022\/07\/1-stainless-steel-ball-valve-768x631.jpg 768w, https:\/\/zecovalve.com\/wp-content\/uploads\/2022\/07\/1-stainless-steel-ball-valve-600x493.jpg 600w\" sizes=\"auto, (max-width: 250px) 100vw, 250px\" \/><\/figure>\r\n\r\n\r\n<div class=\"gb-button-wrapper gb-button-wrapper-6d8495a3\">\r\n\r\n\r\n<p><a class=\"gb-button gb-button-3d442e11 gb-button-text\" href=\"https:\/\/zecovalve.com\/fr\/contact\/\" target=\"_blank\" rel=\"noopener noreferrer\"><strong>OBTENIR LE PRIX D'UN ROBINET \u00c0 BOISSEAU SPH\u00c9RIQUE EN ACIER INOXYDABLE DE 1\u2033.<\/strong><\/a><\/p>\r\n<\/div>\r\n\r\n\r\n\r\n\r\n<h2 class=\"wp-block-heading\" id=\"h-what-is-a-1-stainless-steel-ball-valve\">Qu'est-ce qu'un robinet \u00e0 boisseau sph\u00e9rique en acier inoxydable de 1\u2033 ?<\/h2>\r\n\r\n\r\n\r\n<p>Le robinet \u00e0 boisseau sph\u00e9rique en acier inoxydable 1\u2033 est plus r\u00e9sistant \u00e0 la corrosion que le laiton et le cuivre.<\/p>\r\n\r\n\r\n\r\n<h2 class=\"wp-block-heading\">Mat\u00e9riau des robinets \u00e0 tournant sph\u00e9rique en acier inoxydable de 1 pouce<\/h2>\r\n\r\n\r\n\r\n<ul class=\"wp-block-list\">\r\n<li>Corps et capuchon - ASTM A351-CF8M\/ASTM A216-WCB<\/li>\r\n<li>Boule - ASTM A351-CF8M<\/li>\r\n<li>Tige - ASTM A276-316<\/li>\r\n<li>Presse-\u00e9toupe - AISI 304<\/li>\r\n<li>Si\u00e8ge - PTFE\/RTFE<\/li>\r\n<li>Joint, garniture et rondelle de but\u00e9e - PTFE<\/li>\r\n<li>Rondelle \u00e9lastique et \u00e9crou - AISI 304<\/li>\r\n<li>Poign\u00e9e et dispositif de verrouillage - Acier inoxydable<\/li>\r\n<li>Manche - PVC<\/li>\r\n<\/ul>\r\n\r\n\r\n\r\n<h2 class=\"wp-block-heading\">Sp\u00e9cifications du robinet \u00e0 boisseau sph\u00e9rique en acier inoxydable de 1 pouce<\/h2>\r\n\r\n\r\n\r\n<figure class=\"wp-block-table is-style-stripes\">\r\n<table>\r\n<tbody>\r\n<tr>\r\n<td>Type de poign\u00e9e<\/td>\r\n<td>LEVIER<\/td>\r\n<\/tr>\r\n<tr>\r\n<td>Mat\u00e9riau<\/td>\r\n<td>Acier inoxydable<\/td>\r\n<\/tr>\r\n<tr>\r\n<td>Type de fil<\/td>\r\n<td>ASME B1.20.1 (NPT) DIN2999 et BS21 ISO7\/1 et EN10226\u2033.<\/td>\r\n<\/tr>\r\n<tr>\r\n<td>Pression de service maximale<\/td>\r\n<td>1000 PSI<\/td>\r\n<\/tr>\r\n<tr>\r\n<td>Temp\u00e9rature maximale de fonctionnement<\/td>\r\n<td>300 degr\u00e9s Fahrenheit<\/td>\r\n<\/tr>\r\n<tr>\r\n<td>Type de produit<\/td>\r\n<td>Vannes \u00e0 bille<\/td>\r\n<\/tr>\r\n<tr>\r\n<td>Construction des vannes<\/td>\r\n<td>Deux pi\u00e8ces<\/td>\r\n<\/tr>\r\n<tr>\r\n<td>Taille<\/td>\r\n<td>1 pouce<\/td>\r\n<\/tr>\r\n<\/tbody>\r\n<\/table>\r\n<\/figure>\r\n\r\n\r\n\r\n<h2 class=\"wp-block-heading\">Avantages des robinets \u00e0 tournant sph\u00e9rique en acier inoxydable 1\u2033.<\/h2>\r\n\r\n\r\n\r\n<ul class=\"wp-block-list\">\r\n<li>Robinet \u00e0 boisseau sph\u00e9rique en ligne en acier inoxydable de Homewerks<\/li>\r\n<li>Corps en acier inoxydable durable, en deux parties, avec tige anti-\u00e9clatement<\/li>\r\n<li>Conforme aux normes relatives \u00e0 l'absence de plomb et \u00e0 l'eau potable<\/li>\r\n<li>Connexions FIP x FIP<\/li>\r\n<li>La poign\u00e9e \u00e0 levier permet de tourner facilement d'un quart de tour.<\/li>\r\n<li>Ce robinet n'est pas destin\u00e9 \u00e0 r\u00e9duire le d\u00e9bit d'eau - \u00e0 n'utiliser qu'en position compl\u00e8tement ouverte ou compl\u00e8tement ferm\u00e9e.<\/li>\r\n<li>100% test\u00e9 d'\u00e9tanch\u00e9it\u00e9<\/li>\r\n<li>Pression maximale 150 PSI pour l'air ou le gaz<\/li>\r\n<\/ul>\r\n\r\n\r\n\r\n<h2 class=\"wp-block-heading\">Applications des robinets \u00e0 tournant sph\u00e9rique en acier inoxydable 1\u2033.<\/h2>\r\n\r\n\r\n\r\n<p>Les robinets \u00e0 tournant sph\u00e9rique en acier inoxydable de 1\u2033 fonctionnent bien dans les applications incluant, mais sans s'y limiter, l'eau, l'huile, le gaz\/l'air, les alcalis l\u00e9gers, les acides, le biodiesel, les carburants et l'alcool.<\/p>","protected":false},"excerpt":{"rendered":"<p>Qu&#039;est-ce qu&#039;un robinet \u00e0 tournant sph\u00e9rique en acier inoxydable de 1\u2033\u00a0? Le robinet \u00e0 tournant sph\u00e9rique en acier inoxydable de 1\u2033 est con\u00e7u pour une r\u00e9sistance \u00e0 la corrosion plus \u00e9lev\u00e9e que le laiton et\u2026 <a title=\"1\u2033 Robinet \u00e0 bille en acier inoxydable\" class=\"read-more\" href=\"https:\/\/zecovalve.com\/fr\/produit\/1-stainless-steel-ball-valve\" aria-label=\"Plus sur 1\u2033 Robinet \u00e0 bille en acier inoxydable\">Lire plus<\/a><\/p>","protected":false},"featured_media":19872,"comment_status":"closed","ping_status":"closed","template":"","meta":{"_generate-full-width-content":"","kt_blocks_editor_width":""},"product_cat":[2047,2462],"product_tag":[3054,2802,3254,3244,2832],"class_list":["post-19871","product","type-product","status-publish","has-post-thumbnail","hentry","product_cat-ball-valve","product_cat-ball-valve-by-size","product_tag-1-ball-valve","product_tag-ball-valve-price","product_tag-ball-valve-stainless-steel","product_tag-stainless-ball-valve","product_tag-stainless-steel-ball-valve","sales-flash-overlay","woocommerce-text-align-center","woocommerce-image-align-center","do-quantity-buttons"],"featured_image_src_large":["https:\/\/zecovalve.com\/wp-content\/uploads\/2022\/07\/1-stainless-steel-ball-valve.jpg",1000,821,false],"author_info":[],"comment_info":0,"taxonomy_info":{"product_cat":[{"value":2047,"label":"Ball Valve"},{"value":2462,"label":"Ball Valve By Size"}],"product_tag":[{"value":3054,"label":"1\" Ball Valve"},{"value":2802,"label":"Ball Valve Price"},{"value":3254,"label":"Ball Valve Stainless Steel"},{"value":3244,"label":"Stainless Ball Valve"},{"value":2832,"label":"Stainless Steel Ball Valve"}]},"yoast_head":"<!-- This site is optimized with the Yoast SEO Premium plugin v15.4 - https:\/\/yoast.com\/wordpress\/plugins\/seo\/ -->\n<title>1&quot; Stainless Steel Ball Valve - Competitive Ball Valve Price | ZECO Valve<\/title>\n<meta name=\"robots\" content=\"index, follow, max-snippet:-1, max-image-preview:large, max-video-preview:-1\" \/>\n<link rel=\"canonical\" href=\"https:\/\/zecovalve.com\/fr\/produit\/1-stainless-steel-ball-valve\" \/>\n<meta property=\"og:locale\" content=\"fr_FR\" \/>\n<meta property=\"og:type\" content=\"article\" \/>\n<meta property=\"og:title\" content=\"1&quot; Stainless Steel Ball Valve - Competitive Ball Valve Price | ZECO Valve\" \/>\n<meta property=\"og:description\" content=\"What is a 1&#8243; Stainless Steel Ball Valve? 1&#8243; stainless steel ball valve is made for higher corrosion resistance than brass and ... Lire plus\" \/>\n<meta property=\"og:url\" content=\"https:\/\/zecovalve.com\/fr\/produit\/1-stainless-steel-ball-valve\" \/>\n<meta property=\"og:site_name\" content=\"ZECO Valve\" \/>\n<meta property=\"article:modified_time\" content=\"2022-09-07T02:14:59+00:00\" \/>\n<meta property=\"og:image\" content=\"https:\/\/zecovalve.com\/wp-content\/uploads\/2022\/07\/1-stainless-steel-ball-valve.jpg\" \/>\n\t<meta property=\"og:image:width\" content=\"1000\" \/>\n\t<meta property=\"og:image:height\" content=\"821\" \/>\n<meta name=\"twitter:card\" content=\"summary_large_image\" \/>\n<meta name=\"twitter:label1\" content=\"\u00c9crit par\">\n\t<meta name=\"twitter:data1\" content=\"Jerry\">\n\t<meta name=\"twitter:label2\" content=\"Dur\u00e9e de lecture estim\u00e9e\">\n\t<meta name=\"twitter:data2\" content=\"1 minute\">\n<script type=\"application\/ld+json\" class=\"yoast-schema-graph\">{\"@context\":\"https:\/\/schema.org\",\"@graph\":[{\"@type\":\"WebSite\",\"@id\":\"https:\/\/zecovalve.com\/#website\",\"url\":\"https:\/\/zecovalve.com\/\",\"name\":\"ZECO Valve\",\"description\":\"Industrial Ball Valve, Gate Valve and Globe Valve Manufacturer\",\"potentialAction\":[{\"@type\":\"SearchAction\",\"target\":\"https:\/\/zecovalve.com\/?s={search_term_string}\",\"query-input\":\"required name=search_term_string\"}],\"inLanguage\":\"fr-FR\"},{\"@type\":\"ImageObject\",\"@id\":\"https:\/\/zecovalve.com\/product\/1-stainless-steel-ball-valve#primaryimage\",\"inLanguage\":\"fr-FR\",\"url\":\"https:\/\/zecovalve.com\/wp-content\/uploads\/2022\/07\/1-stainless-steel-ball-valve.jpg\",\"width\":1000,\"height\":821},{\"@type\":\"WebPage\",\"@id\":\"https:\/\/zecovalve.com\/product\/1-stainless-steel-ball-valve#webpage\",\"url\":\"https:\/\/zecovalve.com\/product\/1-stainless-steel-ball-valve\",\"name\":\"1\\\" Stainless Steel Ball Valve - Competitive Ball Valve Price | ZECO Valve\",\"isPartOf\":{\"@id\":\"https:\/\/zecovalve.com\/#website\"},\"primaryImageOfPage\":{\"@id\":\"https:\/\/zecovalve.com\/product\/1-stainless-steel-ball-valve#primaryimage\"},\"datePublished\":\"2022-07-15T05:56:20+00:00\",\"dateModified\":\"2022-09-07T02:14:59+00:00\",\"breadcrumb\":{\"@id\":\"https:\/\/zecovalve.com\/product\/1-stainless-steel-ball-valve#breadcrumb\"},\"inLanguage\":\"fr-FR\",\"potentialAction\":[{\"@type\":\"ReadAction\",\"target\":[\"https:\/\/zecovalve.com\/product\/1-stainless-steel-ball-valve\"]}]},{\"@type\":\"BreadcrumbList\",\"@id\":\"https:\/\/zecovalve.com\/product\/1-stainless-steel-ball-valve#breadcrumb\",\"itemListElement\":[{\"@type\":\"ListItem\",\"position\":1,\"item\":{\"@type\":\"WebPage\",\"@id\":\"https:\/\/zecovalve.com\/\",\"url\":\"https:\/\/zecovalve.com\/\",\"name\":\"Home\"}},{\"@type\":\"ListItem\",\"position\":2,\"item\":{\"@type\":\"WebPage\",\"@id\":\"https:\/\/zecovalve.com\/product-category\",\"url\":\"https:\/\/zecovalve.com\/product-category\",\"name\":\"Industrial Valve Manufacturer | Water Valve Manufacturer\"}},{\"@type\":\"ListItem\",\"position\":3,\"item\":{\"@type\":\"WebPage\",\"@id\":\"https:\/\/zecovalve.com\/product\/1-stainless-steel-ball-valve\",\"url\":\"https:\/\/zecovalve.com\/product\/1-stainless-steel-ball-valve\",\"name\":\"1&#8243; Stainless Steel Ball Valve\"}}]}]}<\/script>\n<!-- \/ Yoast SEO Premium plugin. -->","_links":{"self":[{"href":"https:\/\/zecovalve.com\/fr\/wp-json\/wp\/v2\/product\/19871","targetHints":{"allow":["GET"]}}],"collection":[{"href":"https:\/\/zecovalve.com\/fr\/wp-json\/wp\/v2\/product"}],"about":[{"href":"https:\/\/zecovalve.com\/fr\/wp-json\/wp\/v2\/types\/product"}],"replies":[{"embeddable":true,"href":"https:\/\/zecovalve.com\/fr\/wp-json\/wp\/v2\/comments?post=19871"}],"wp:featuredmedia":[{"embeddable":true,"href":"https:\/\/zecovalve.com\/fr\/wp-json\/wp\/v2\/media\/19872"}],"wp:attachment":[{"href":"https:\/\/zecovalve.com\/fr\/wp-json\/wp\/v2\/media?parent=19871"}],"wp:term":[{"taxonomy":"product_cat","embeddable":true,"href":"https:\/\/zecovalve.com\/fr\/wp-json\/wp\/v2\/product_cat?post=19871"},{"taxonomy":"product_tag","embeddable":true,"href":"https:\/\/zecovalve.com\/fr\/wp-json\/wp\/v2\/product_tag?post=19871"}],"curies":[{"name":"wp","href":"https:\/\/api.w.org\/{rel}","templated":true}]}}