{"id":19873,"date":"2022-07-15T06:10:04","date_gmt":"2022-07-15T06:10:04","guid":{"rendered":"https:\/\/zecovalve.com\/?post_type=product&#038;p=19873"},"modified":"2022-09-22T06:28:36","modified_gmt":"2022-09-22T06:28:36","slug":"1-threaded-ball-valve","status":"publish","type":"product","link":"https:\/\/zecovalve.com\/fr\/produit\/1-threaded-ball-valve","title":{"rendered":"Robinet \u00e0 bille filet\u00e9 1\u2033"},"content":{"rendered":"<figure class=\"wp-block-image size-full is-resized\"><img loading=\"lazy\" decoding=\"async\" class=\"alignnone size-medium wp-image-16473\" src=\"https:\/\/zecovalve.com\/wp-content\/uploads\/2022\/06\/3pc-ball-valve-5-300x225.jpg\" alt=\"\" width=\"300\" height=\"225\" srcset=\"https:\/\/zecovalve.com\/wp-content\/uploads\/2022\/06\/3pc-ball-valve-5-300x225.jpg 300w, https:\/\/zecovalve.com\/wp-content\/uploads\/2022\/06\/3pc-ball-valve-5-768x576.jpg 768w, https:\/\/zecovalve.com\/wp-content\/uploads\/2022\/06\/3pc-ball-valve-5-600x450.jpg 600w, https:\/\/zecovalve.com\/wp-content\/uploads\/2022\/06\/3pc-ball-valve-5.jpg 800w\" sizes=\"auto, (max-width: 300px) 100vw, 300px\" \/><\/figure>\r\n\r\n\r\n<div class=\"gb-button-wrapper gb-button-wrapper-6d8495a3\">\r\n\r\n\r\n<p><a class=\"gb-button gb-button-3d442e11 gb-button-text\" href=\"https:\/\/zecovalve.com\/fr\/contact\/\" target=\"_blank\" rel=\"noopener noreferrer\"><strong>OBTENEZ LE PRIX DU VANNE \u00c0 BILLE FILET\u00c9E 1\u2033<\/strong><\/a><\/p>\r\n<\/div>\r\n\r\n\r\n\r\n\r\n<h2 class=\"wp-block-heading\" id=\"h-what-is-a-1-threaded-ball-valve\">Qu&#039;est-ce qu&#039;un robinet \u00e0 bille filet\u00e9 1\u2033\u00a0?<\/h2>\r\n\r\n\r\n\r\n<p>Ce robinet \u00e0 bille 2 voies de Tameson d&#039;un diam\u00e8tre nominal de 25 mm est con\u00e7u pour le contr\u00f4le de d\u00e9bit tout ou rien.<\/p>\r\n\r\n\r\n\r\n<p>La vanne est dot\u00e9e de ports filet\u00e9s G 1 pouce. Il s&#039;agit d&#039;un BSPP (British Standard Pipe Parallel. Avec notre gamme de raccords de 1 pouce, la vanne peut \u00eatre install\u00e9e dans n&#039;importe quel tuyau.<\/p>\r\n\r\n\r\n\r\n<p>Robinet \u00e0 tournant sph\u00e9rique en laiton filet\u00e9 m\u00e2le \u00e0 2 voies avec ports G 1 pouce et poign\u00e9e pour le contr\u00f4le du d\u00e9bit marche\/arr\u00eat. Diam\u00e8tre nominal de 25 mm et pression maximale de 40 bars (580 psi).<\/p>\r\n\r\n\r\n\r\n<h2 class=\"wp-block-heading\">Comment fonctionne un robinet \u00e0 bille filet\u00e9 1\u2033\u00a0?<\/h2>\r\n\r\n\r\n\r\n<p>Utilisez la poign\u00e9e pour faire fonctionner la valve. En la tournant de 90 degr\u00e9s, la vanne s&#039;ouvrira ou se fermera. Si la poign\u00e9e est perpendiculaire au tuyau, la vanne est ferm\u00e9e. Cette vanne ne convient pas \u00e0 une commande \u00e9lectrique ou pneumatique. A cet effet, des vannes avec une bride ISO-Top (ISO 5211) sont recommand\u00e9es. Cette vanne ne convient pas \u00e0 une commande \u00e9lectrique ou pneumatique. \u00c0 cet effet, les vannes avec bride ISO-Top (ISO 5211) sont recommand\u00e9es.<\/p>\r\n\r\n\r\n\r\n<h2 class=\"wp-block-heading\">Avantages des robinets \u00e0 bille filet\u00e9s 1\u2033<\/h2>\r\n\r\n\r\n\r\n<ul class=\"wp-block-list\">\r\n<li>La poign\u00e9e sur\u00e9lev\u00e9e s\u2019arr\u00eate.<\/li>\r\n<li>Conception de tige anti-\u00e9ruption.<\/li>\r\n<li>Presse-\u00e9toupe r\u00e9glable.<\/li>\r\n<li>Protection contre la corrosion au phosphate de zinc.<\/li>\r\n<li>S\u00e9curit\u00e9 incendie selon API 607 (n\u00e9cessite le suffixe -24).<\/li>\r\n<\/ul>\r\n\r\n\r\n\r\n<h2 class=\"wp-block-heading\">Applications des robinets \u00e0 bille filet\u00e9s 1\u2033<\/h2>\r\n\r\n\r\n\r\n<p>Le robinet \u00e0 tournant sph\u00e9rique filet\u00e9 de 1\u2033 est utilis\u00e9 dans les applications d&#039;eau potable r\u00e9sidentielles et commerciales, adapt\u00e9 \u00e0 une gamme compl\u00e8te de liquides et de gaz.<\/p>\r\n\r\n\r\n\r\n<p>La vanne peut \u00eatre utilis\u00e9e dans une plage de temp\u00e9rature de -10 \u00e0 95 \u00b0C (14 \u00e0 203 \u00b0F).<\/p>","protected":false},"excerpt":{"rendered":"<p>Qu&#039;est-ce qu&#039;un robinet \u00e0 bille filet\u00e9 1\u2033\u00a0? Ce robinet \u00e0 bille 2 voies de Tameson d&#039;un diam\u00e8tre nominal de 25 mm est con\u00e7u\u2026 <a title=\"Robinet \u00e0 bille filet\u00e9 1\u2033\" class=\"read-more\" href=\"https:\/\/zecovalve.com\/fr\/produit\/1-threaded-ball-valve\" aria-label=\"Plus sur Robinet \u00e0 bille filet\u00e9 1\u2033\">Lire plus<\/a><\/p>","protected":false},"featured_media":16470,"comment_status":"closed","ping_status":"closed","template":"","meta":{"_generate-full-width-content":"","kt_blocks_editor_width":""},"product_cat":[2047,2462],"product_tag":[3054,2802,3922,3921],"class_list":["post-19873","product","type-product","status-publish","has-post-thumbnail","hentry","product_cat-ball-valve","product_cat-ball-valve-by-size","product_tag-1-ball-valve","product_tag-ball-valve-price","product_tag-metal-seat-ball-valve","product_tag-metal-seated-ball-valve","sales-flash-overlay","woocommerce-text-align-center","woocommerce-image-align-center","do-quantity-buttons"],"featured_image_src_large":["https:\/\/zecovalve.com\/wp-content\/uploads\/2022\/06\/3pc-ball-valve-2.jpg",800,600,false],"author_info":[],"comment_info":0,"taxonomy_info":{"product_cat":[{"value":2047,"label":"Ball Valve"},{"value":2462,"label":"Ball Valve By Size"}],"product_tag":[{"value":3054,"label":"1\" Ball Valve"},{"value":2802,"label":"Ball Valve Price"},{"value":3922,"label":"Metal Seat Ball Valve"},{"value":3921,"label":"Metal Seated Ball Valve"}]},"yoast_head":"<!-- This site is optimized with the Yoast SEO Premium plugin v15.4 - https:\/\/yoast.com\/wordpress\/plugins\/seo\/ -->\n<title>1&quot; Thread Ball Valve - Competitive Ball Valve Price | ZECO Valve<\/title>\n<meta name=\"robots\" content=\"index, follow, max-snippet:-1, max-image-preview:large, max-video-preview:-1\" \/>\n<link rel=\"canonical\" href=\"https:\/\/zecovalve.com\/fr\/produit\/1-threaded-ball-valve\" \/>\n<meta property=\"og:locale\" content=\"fr_FR\" \/>\n<meta property=\"og:type\" content=\"article\" \/>\n<meta property=\"og:title\" content=\"1&quot; Thread Ball Valve - Competitive Ball Valve Price | ZECO Valve\" \/>\n<meta property=\"og:description\" content=\"What is a 1&#8243; Threaded Ball Valve? This 2-way ball valve from Tameson with a nominal diameter of 25 mm is designed ... Lire plus\" \/>\n<meta property=\"og:url\" content=\"https:\/\/zecovalve.com\/fr\/produit\/1-threaded-ball-valve\" \/>\n<meta property=\"og:site_name\" content=\"ZECO Valve\" \/>\n<meta property=\"article:modified_time\" content=\"2022-09-22T06:28:36+00:00\" \/>\n<meta property=\"og:image\" content=\"https:\/\/zecovalve.com\/wp-content\/uploads\/2022\/06\/3pc-ball-valve-2.jpg\" \/>\n\t<meta property=\"og:image:width\" content=\"800\" \/>\n\t<meta property=\"og:image:height\" content=\"600\" \/>\n<meta name=\"twitter:card\" content=\"summary_large_image\" \/>\n<meta name=\"twitter:label1\" content=\"\u00c9crit par\">\n\t<meta name=\"twitter:data1\" content=\"Jerry\">\n\t<meta name=\"twitter:label2\" content=\"Dur\u00e9e de lecture estim\u00e9e\">\n\t<meta name=\"twitter:data2\" content=\"1 minute\">\n<script type=\"application\/ld+json\" class=\"yoast-schema-graph\">{\"@context\":\"https:\/\/schema.org\",\"@graph\":[{\"@type\":\"WebSite\",\"@id\":\"https:\/\/zecovalve.com\/#website\",\"url\":\"https:\/\/zecovalve.com\/\",\"name\":\"ZECO Valve\",\"description\":\"Industrial Ball Valve, Gate Valve and Globe Valve Manufacturer\",\"potentialAction\":[{\"@type\":\"SearchAction\",\"target\":\"https:\/\/zecovalve.com\/?s={search_term_string}\",\"query-input\":\"required name=search_term_string\"}],\"inLanguage\":\"fr-FR\"},{\"@type\":\"ImageObject\",\"@id\":\"https:\/\/zecovalve.com\/product\/1-threaded-ball-valve#primaryimage\",\"inLanguage\":\"fr-FR\",\"url\":\"https:\/\/zecovalve.com\/wp-content\/uploads\/2022\/06\/3pc-ball-valve-2.jpg\",\"width\":800,\"height\":600},{\"@type\":\"WebPage\",\"@id\":\"https:\/\/zecovalve.com\/product\/1-threaded-ball-valve#webpage\",\"url\":\"https:\/\/zecovalve.com\/product\/1-threaded-ball-valve\",\"name\":\"1\\\" Thread Ball Valve - Competitive Ball Valve Price | ZECO Valve\",\"isPartOf\":{\"@id\":\"https:\/\/zecovalve.com\/#website\"},\"primaryImageOfPage\":{\"@id\":\"https:\/\/zecovalve.com\/product\/1-threaded-ball-valve#primaryimage\"},\"datePublished\":\"2022-07-15T06:10:04+00:00\",\"dateModified\":\"2022-09-22T06:28:36+00:00\",\"breadcrumb\":{\"@id\":\"https:\/\/zecovalve.com\/product\/1-threaded-ball-valve#breadcrumb\"},\"inLanguage\":\"fr-FR\",\"potentialAction\":[{\"@type\":\"ReadAction\",\"target\":[\"https:\/\/zecovalve.com\/product\/1-threaded-ball-valve\"]}]},{\"@type\":\"BreadcrumbList\",\"@id\":\"https:\/\/zecovalve.com\/product\/1-threaded-ball-valve#breadcrumb\",\"itemListElement\":[{\"@type\":\"ListItem\",\"position\":1,\"item\":{\"@type\":\"WebPage\",\"@id\":\"https:\/\/zecovalve.com\/\",\"url\":\"https:\/\/zecovalve.com\/\",\"name\":\"Home\"}},{\"@type\":\"ListItem\",\"position\":2,\"item\":{\"@type\":\"WebPage\",\"@id\":\"https:\/\/zecovalve.com\/product-category\",\"url\":\"https:\/\/zecovalve.com\/product-category\",\"name\":\"Industrial Valve Manufacturer | Water Valve Manufacturer\"}},{\"@type\":\"ListItem\",\"position\":3,\"item\":{\"@type\":\"WebPage\",\"@id\":\"https:\/\/zecovalve.com\/product\/1-threaded-ball-valve\",\"url\":\"https:\/\/zecovalve.com\/product\/1-threaded-ball-valve\",\"name\":\"1&#8243; Threaded Ball Valve\"}}]}]}<\/script>\n<!-- \/ Yoast SEO Premium plugin. -->","_links":{"self":[{"href":"https:\/\/zecovalve.com\/fr\/wp-json\/wp\/v2\/product\/19873","targetHints":{"allow":["GET"]}}],"collection":[{"href":"https:\/\/zecovalve.com\/fr\/wp-json\/wp\/v2\/product"}],"about":[{"href":"https:\/\/zecovalve.com\/fr\/wp-json\/wp\/v2\/types\/product"}],"replies":[{"embeddable":true,"href":"https:\/\/zecovalve.com\/fr\/wp-json\/wp\/v2\/comments?post=19873"}],"wp:featuredmedia":[{"embeddable":true,"href":"https:\/\/zecovalve.com\/fr\/wp-json\/wp\/v2\/media\/16470"}],"wp:attachment":[{"href":"https:\/\/zecovalve.com\/fr\/wp-json\/wp\/v2\/media?parent=19873"}],"wp:term":[{"taxonomy":"product_cat","embeddable":true,"href":"https:\/\/zecovalve.com\/fr\/wp-json\/wp\/v2\/product_cat?post=19873"},{"taxonomy":"product_tag","embeddable":true,"href":"https:\/\/zecovalve.com\/fr\/wp-json\/wp\/v2\/product_tag?post=19873"}],"curies":[{"name":"wp","href":"https:\/\/api.w.org\/{rel}","templated":true}]}}