{"id":19960,"date":"2022-07-18T07:06:57","date_gmt":"2022-07-18T07:06:57","guid":{"rendered":"https:\/\/zecovalve.com\/?post_type=product&#038;p=19960"},"modified":"2022-07-26T05:46:47","modified_gmt":"2022-07-26T05:46:47","slug":"3-piece-ball-valve-stainless-steel","status":"publish","type":"product","link":"https:\/\/zecovalve.com\/fr\/produit\/3-piece-ball-valve-stainless-steel","title":{"rendered":"Robinet \u00e0 boisseau sph\u00e9rique 3 pi\u00e8ces en acier inoxydable"},"content":{"rendered":"Les robinets \u00e0 tournant sph\u00e9rique 3 pi\u00e8ces en acier inoxydable \u00e0 passage int\u00e9gral sont con\u00e7us pour faciliter la maintenance. Ces robinets sont \u00e9quip\u00e9s d'un patin de montage ISO 5211, d'un si\u00e8ge et de joints en RTFE.\r\n\r\n\r\n\r\n\r\n<figure class=\"wp-block-image size-full is-resized\"><img loading=\"lazy\" decoding=\"async\" class=\"wp-image-19959\" src=\"https:\/\/zecovalve.com\/wp-content\/uploads\/2022\/07\/3PC-ball-valve.jpg\" alt=\"\" width=\"375\" height=\"277\" srcset=\"https:\/\/zecovalve.com\/wp-content\/uploads\/2022\/07\/3PC-ball-valve.jpg 500w, https:\/\/zecovalve.com\/wp-content\/uploads\/2022\/07\/3PC-ball-valve-300x221.jpg 300w\" sizes=\"auto, (max-width: 375px) 100vw, 375px\" \/><\/figure>\r\n\r\n\r\n<div class=\"gb-button-wrapper gb-button-wrapper-6d8495a3\">\r\n\r\n<a class=\"gb-button gb-button-3d442e11 gb-button-text\" href=\"https:\/\/zecovalve.com\/fr\/contact\/\" target=\"_blank\" rel=\"noopener noreferrer\"><strong>OBTENIR LE PRIX D'UN ROBINET \u00c0 BOISSEAU SPH\u00c9RIQUE 3 PI\u00c8CES EN ACIER INOXYDABLE<\/strong><\/a>\r\n\r\n<\/div>\r\n\r\n\r\n\r\n\r\n<h2 class=\"wp-block-heading\" id=\"h-what-is-a-3-piece-ball-valve-stainless-steel\">Qu'est-ce qu'un robinet \u00e0 boisseau sph\u00e9rique 3 pi\u00e8ces en acier inoxydable ?<\/h2>\r\n\r\n\r\n\r\n\r\nUn robinet \u00e0 tournant sph\u00e9rique 3 pi\u00e8ces en acier inoxydable complet avec tampon de montage direct ISO 5211 pour un actionnement facile.\r\n\r\n\r\n\r\n\r\n\r\nAdapt\u00e9 aux environnements hygi\u00e9niques, le robinet comprend un corps A351 CF8M, un boisseau en acier inoxydable 316 avec une finition interne de Ra 40uin\/25uin. Le robinet est dot\u00e9 d'un v\u00e9ritable port tubulaire qui n'offre aucun espace mort dans la voie de passage.\r\n\r\n\r\n\r\n\r\n\r\nLes raccords d'extr\u00e9mit\u00e9 sont disponibles en version \u00e0 souder ou \u00e0 souder \u00e9tendue.\r\n\r\n\r\n\r\n\r\n<h2 class=\"wp-block-heading\">Sp\u00e9cifications du robinet \u00e0 boisseau sph\u00e9rique 3 pi\u00e8ces en acier inoxydable<\/h2>\r\n\r\n\r\n\r\n<ul class=\"wp-block-list\">\r\n \t<li>Raccordement d'extr\u00e9mit\u00e9 OD, RF, NPT, BSPT \u00e0 soudure bout \u00e0 bout<\/li>\r\n \t<li>Mat\u00e9riau du corps Acier inoxydable<\/li>\r\n \t<li>Mat\u00e9riau du joint PTFE<\/li>\r\n \t<li>Mat\u00e9riau du si\u00e8ge Remplissage de la cavit\u00e9<\/li>\r\n \t<li>Taille 1\/2\u2033 (DN15), 3\/4\u2033 (DN20), 1\u2033 (DN25), 1 1\/2\u2033 (DN40), 2\u2033 (DN50), 2 1\/2\u2033 (DN65), 3\u2033 (DN80), 4\u2033 (DN100)<\/li>\r\n \t<li>Design 3 pi\u00e8ces, al\u00e9sage complet<\/li>\r\n \t<li>Industrie \/ Agr\u00e9ments Hygi\u00e8ne<\/li>\r\n \t<li>Levier verrouillable Levier manuel<\/li>\r\n \t<li>Plage de temp\u00e9rature -10\u00baC \u00e0 180\u00baC<\/li>\r\n \t<li>Pression jusqu'\u00e0 : 1000 PSI (1\/2\u2033 \u00e0 1\u2033), 800 PSI (1 1\/2\u2033 \u00e0 2\u2033), 600 PSI (2 1\/2\u2033 \u00e0 4\u2033)<\/li>\r\n \t<li>Actionnable ? Oui - caract\u00e9ristiques du tampon de montage direct<\/li>\r\n<\/ul>\r\n\r\n\r\n\r\n<h2 class=\"wp-block-heading\" id=\"h-features-of-3-piece-ball-valve-stainless-steel\">Caract\u00e9ristiques du robinet \u00e0 boisseau sph\u00e9rique 3 pi\u00e8ces en acier inoxydable<\/h2>\r\n\r\n\r\n\r\n<ul class=\"wp-block-list\">\r\n \t<li>Robinet \u00e0 tournant sph\u00e9rique sanitaire 3 pi\u00e8ces \u00e0 passage int\u00e9gral<\/li>\r\n \t<li>Corps en acier inoxydable A351 CF8M<\/li>\r\n \t<li>Boule en acier inoxydable 316<\/li>\r\n \t<li>Si\u00e8ges remplis de cavit\u00e9s<\/li>\r\n \t<li>1000 PSI (1\/2\u2033 \u00e0 4\u2033)<\/li>\r\n \t<li>800 PSI (1\/2\u2033 \u00e0 4\u2033)<\/li>\r\n \t<li>600 PSI (1\/2\u2033 \u00e0 4\u2033)<\/li>\r\n<\/ul>\r\n\r\n\r\n\r\n<h2 class=\"wp-block-heading\" id=\"h-material-of-3-piece-ball-valve-stainless-steel\">Mat\u00e9riau du robinet \u00e0 boisseau sph\u00e9rique 3 pi\u00e8ces Acier inoxydable<\/h2>\r\n\r\n\r\n<div class=\"wp-block-image\">\r\n<figure class=\"aligncenter size-full\"><img loading=\"lazy\" decoding=\"async\" width=\"500\" height=\"230\" class=\"wp-image-19961\" src=\"https:\/\/zecovalve.com\/wp-content\/uploads\/2022\/07\/3-Piece-Ball-Valve-Stainless-Steel.png\" alt=\"\" srcset=\"https:\/\/zecovalve.com\/wp-content\/uploads\/2022\/07\/3-Piece-Ball-Valve-Stainless-Steel.png 500w, https:\/\/zecovalve.com\/wp-content\/uploads\/2022\/07\/3-Piece-Ball-Valve-Stainless-Steel-300x138.png 300w\" sizes=\"auto, (max-width: 500px) 100vw, 500px\" \/><\/figure>\r\n<\/div>\r\n\r\n\r\n<figure class=\"wp-block-table is-style-stripes\">\r\n<table>\r\n<tbody>\r\n<tr>\r\n<td>Non<\/td>\r\n<td>Partie<\/td>\r\n<td>Mat\u00e9riau<\/td>\r\n<\/tr>\r\n<tr>\r\n<td>1<\/td>\r\n<td>Logement<\/td>\r\n<td>Acier inoxydable<\/td>\r\n<\/tr>\r\n<tr>\r\n<td>2<\/td>\r\n<td>Bride<\/td>\r\n<td>Acier inoxydable<\/td>\r\n<\/tr>\r\n<tr>\r\n<td>3<\/td>\r\n<td>Boule<\/td>\r\n<td>Acier inoxydable<\/td>\r\n<\/tr>\r\n<tr>\r\n<td>4<\/td>\r\n<td>Si\u00e8ge de la balle<\/td>\r\n<td>PTFE<\/td>\r\n<\/tr>\r\n<tr>\r\n<td>5<\/td>\r\n<td>Joint de bo\u00eetier<\/td>\r\n<td>PTFE<\/td>\r\n<\/tr>\r\n<tr>\r\n<td>6<\/td>\r\n<td>Tige<\/td>\r\n<td>AISI 316<\/td>\r\n<\/tr>\r\n<tr>\r\n<td>7<\/td>\r\n<td>Anneau de si\u00e8ge<\/td>\r\n<td>PTFE<\/td>\r\n<\/tr>\r\n<tr>\r\n<td>8<\/td>\r\n<td>Joint de tige<\/td>\r\n<td>PTFE<\/td>\r\n<\/tr>\r\n<tr>\r\n<td>9<\/td>\r\n<td>Prise<\/td>\r\n<td>Acier inoxydable<\/td>\r\n<\/tr>\r\n<tr>\r\n<td>10<\/td>\r\n<td>Poign\u00e9e<\/td>\r\n<td>Acier inoxydable<\/td>\r\n<\/tr>\r\n<tr>\r\n<td>11<\/td>\r\n<td>Anneau de tige<\/td>\r\n<td>Acier inoxydable<\/td>\r\n<\/tr>\r\n<tr>\r\n<td>12<\/td>\r\n<td>Ecrou de tige<\/td>\r\n<td>Acier inoxydable<\/td>\r\n<\/tr>\r\n<tr>\r\n<td>13<\/td>\r\n<td>Manchon \u00e0 main<\/td>\r\n<td>PVC<\/td>\r\n<\/tr>\r\n<tr>\r\n<td>14<\/td>\r\n<td>Dispositif de s\u00e9curit\u00e9<\/td>\r\n<td>Acier inoxydable<\/td>\r\n<\/tr>\r\n<tr>\r\n<td>15<\/td>\r\n<td>Vis<\/td>\r\n<td>Acier inoxydable<\/td>\r\n<\/tr>\r\n<tr>\r\n<td>16<\/td>\r\n<td>Laveuse<\/td>\r\n<td>Acier inoxydable<\/td>\r\n<\/tr>\r\n<tr>\r\n<td>17<\/td>\r\n<td>\u00c9crou<\/td>\r\n<td>Acier inoxydable<\/td>\r\n<\/tr>\r\n<\/tbody>\r\n<\/table>\r\n<\/figure>","protected":false},"excerpt":{"rendered":"<p>Le robinet \u00e0 tournant sph\u00e9rique 3 pi\u00e8ces \u00e0 passage int\u00e9gral en acier inoxydable pr\u00e9sente une conception pivotante pour un entretien facile. Ces vannes ont un montage ISO 5211\u2026 <a title=\"Robinet \u00e0 boisseau sph\u00e9rique 3 pi\u00e8ces en acier inoxydable\" class=\"read-more\" href=\"https:\/\/zecovalve.com\/fr\/produit\/3-piece-ball-valve-stainless-steel\" aria-label=\"Plus sur 3 Piece Ball Valve Stainless Steel\">Lire plus<\/a><\/p>","protected":false},"featured_media":19959,"comment_status":"closed","ping_status":"closed","template":"","meta":{"_generate-full-width-content":"","kt_blocks_editor_width":""},"product_cat":[2047],"product_tag":[3089,3254,3244,2832],"class_list":["post-19960","product","type-product","status-publish","has-post-thumbnail","hentry","product_cat-ball-valve","product_tag-3-piece-ball-valve","product_tag-ball-valve-stainless-steel","product_tag-stainless-ball-valve","product_tag-stainless-steel-ball-valve","sales-flash-overlay","woocommerce-text-align-center","woocommerce-image-align-center","do-quantity-buttons"],"featured_image_src_large":["https:\/\/zecovalve.com\/wp-content\/uploads\/2022\/07\/3PC-ball-valve.jpg",500,369,false],"author_info":[],"comment_info":0,"taxonomy_info":{"product_cat":[{"value":2047,"label":"Ball Valve"}],"product_tag":[{"value":3089,"label":"3 Piece Ball Valve"},{"value":3254,"label":"Ball Valve Stainless Steel"},{"value":3244,"label":"Stainless Ball Valve"},{"value":2832,"label":"Stainless Steel Ball Valve"}]},"yoast_head":"<!-- This site is optimized with the Yoast SEO Premium plugin v15.4 - https:\/\/yoast.com\/wordpress\/plugins\/seo\/ -->\n<title>3 Piece Ball Valve Stainless Steel - Stainless Steel Ball Valve | ZECO Valve<\/title>\n<meta name=\"robots\" content=\"index, follow, max-snippet:-1, max-image-preview:large, max-video-preview:-1\" \/>\n<link rel=\"canonical\" href=\"https:\/\/zecovalve.com\/fr\/produit\/3-piece-ball-valve-stainless-steel\" \/>\n<meta property=\"og:locale\" content=\"fr_FR\" \/>\n<meta property=\"og:type\" content=\"article\" \/>\n<meta property=\"og:title\" content=\"3 Piece Ball Valve Stainless Steel - Stainless Steel Ball Valve | ZECO Valve\" \/>\n<meta property=\"og:description\" content=\"Full port 3-piece ball valve stainless steel feature a swing out design for easy maintenance. These valves have an ISO 5211 mounting ... Lire plus\" \/>\n<meta property=\"og:url\" content=\"https:\/\/zecovalve.com\/fr\/produit\/3-piece-ball-valve-stainless-steel\" \/>\n<meta property=\"og:site_name\" content=\"ZECO Valve\" \/>\n<meta property=\"article:modified_time\" content=\"2022-07-26T05:46:47+00:00\" \/>\n<meta property=\"og:image\" content=\"https:\/\/zecovalve.com\/wp-content\/uploads\/2022\/07\/3PC-ball-valve.jpg\" \/>\n\t<meta property=\"og:image:width\" content=\"500\" \/>\n\t<meta property=\"og:image:height\" content=\"369\" \/>\n<meta name=\"twitter:card\" content=\"summary_large_image\" \/>\n<meta name=\"twitter:label1\" content=\"\u00c9crit par\">\n\t<meta name=\"twitter:data1\" content=\"Jerry\">\n\t<meta name=\"twitter:label2\" content=\"Dur\u00e9e de lecture estim\u00e9e\">\n\t<meta name=\"twitter:data2\" content=\"1 minute\">\n<script type=\"application\/ld+json\" class=\"yoast-schema-graph\">{\"@context\":\"https:\/\/schema.org\",\"@graph\":[{\"@type\":\"WebSite\",\"@id\":\"https:\/\/zecovalve.com\/#website\",\"url\":\"https:\/\/zecovalve.com\/\",\"name\":\"ZECO Valve\",\"description\":\"Industrial Ball Valve, Gate Valve and Globe Valve Manufacturer\",\"potentialAction\":[{\"@type\":\"SearchAction\",\"target\":\"https:\/\/zecovalve.com\/?s={search_term_string}\",\"query-input\":\"required name=search_term_string\"}],\"inLanguage\":\"fr-FR\"},{\"@type\":\"ImageObject\",\"@id\":\"https:\/\/zecovalve.com\/product\/3-piece-ball-valve-stainless-steel#primaryimage\",\"inLanguage\":\"fr-FR\",\"url\":\"https:\/\/zecovalve.com\/wp-content\/uploads\/2022\/07\/3PC-ball-valve.jpg\",\"width\":500,\"height\":369},{\"@type\":\"WebPage\",\"@id\":\"https:\/\/zecovalve.com\/product\/3-piece-ball-valve-stainless-steel#webpage\",\"url\":\"https:\/\/zecovalve.com\/product\/3-piece-ball-valve-stainless-steel\",\"name\":\"3 Piece Ball Valve Stainless Steel - Stainless Steel Ball Valve | ZECO Valve\",\"isPartOf\":{\"@id\":\"https:\/\/zecovalve.com\/#website\"},\"primaryImageOfPage\":{\"@id\":\"https:\/\/zecovalve.com\/product\/3-piece-ball-valve-stainless-steel#primaryimage\"},\"datePublished\":\"2022-07-18T07:06:57+00:00\",\"dateModified\":\"2022-07-26T05:46:47+00:00\",\"breadcrumb\":{\"@id\":\"https:\/\/zecovalve.com\/product\/3-piece-ball-valve-stainless-steel#breadcrumb\"},\"inLanguage\":\"fr-FR\",\"potentialAction\":[{\"@type\":\"ReadAction\",\"target\":[\"https:\/\/zecovalve.com\/product\/3-piece-ball-valve-stainless-steel\"]}]},{\"@type\":\"BreadcrumbList\",\"@id\":\"https:\/\/zecovalve.com\/product\/3-piece-ball-valve-stainless-steel#breadcrumb\",\"itemListElement\":[{\"@type\":\"ListItem\",\"position\":1,\"item\":{\"@type\":\"WebPage\",\"@id\":\"https:\/\/zecovalve.com\/\",\"url\":\"https:\/\/zecovalve.com\/\",\"name\":\"Home\"}},{\"@type\":\"ListItem\",\"position\":2,\"item\":{\"@type\":\"WebPage\",\"@id\":\"https:\/\/zecovalve.com\/product-category\",\"url\":\"https:\/\/zecovalve.com\/product-category\",\"name\":\"Industrial Valve Manufacturer | Water Valve Manufacturer\"}},{\"@type\":\"ListItem\",\"position\":3,\"item\":{\"@type\":\"WebPage\",\"@id\":\"https:\/\/zecovalve.com\/product\/3-piece-ball-valve-stainless-steel\",\"url\":\"https:\/\/zecovalve.com\/product\/3-piece-ball-valve-stainless-steel\",\"name\":\"3 Piece Ball Valve Stainless Steel\"}}]}]}<\/script>\n<!-- \/ Yoast SEO Premium plugin. -->","_links":{"self":[{"href":"https:\/\/zecovalve.com\/fr\/wp-json\/wp\/v2\/product\/19960","targetHints":{"allow":["GET"]}}],"collection":[{"href":"https:\/\/zecovalve.com\/fr\/wp-json\/wp\/v2\/product"}],"about":[{"href":"https:\/\/zecovalve.com\/fr\/wp-json\/wp\/v2\/types\/product"}],"replies":[{"embeddable":true,"href":"https:\/\/zecovalve.com\/fr\/wp-json\/wp\/v2\/comments?post=19960"}],"wp:featuredmedia":[{"embeddable":true,"href":"https:\/\/zecovalve.com\/fr\/wp-json\/wp\/v2\/media\/19959"}],"wp:attachment":[{"href":"https:\/\/zecovalve.com\/fr\/wp-json\/wp\/v2\/media?parent=19960"}],"wp:term":[{"taxonomy":"product_cat","embeddable":true,"href":"https:\/\/zecovalve.com\/fr\/wp-json\/wp\/v2\/product_cat?post=19960"},{"taxonomy":"product_tag","embeddable":true,"href":"https:\/\/zecovalve.com\/fr\/wp-json\/wp\/v2\/product_tag?post=19960"}],"curies":[{"name":"wp","href":"https:\/\/api.w.org\/{rel}","templated":true}]}}