{"id":19963,"date":"2022-07-18T07:24:10","date_gmt":"2022-07-18T07:24:10","guid":{"rendered":"https:\/\/zecovalve.com\/?post_type=product&#038;p=19963"},"modified":"2022-09-22T03:25:29","modified_gmt":"2022-09-22T03:25:29","slug":"3-pieces-ball-valve","status":"publish","type":"product","link":"https:\/\/zecovalve.com\/fr\/produit\/3-pieces-ball-valve","title":{"rendered":"Robinet \u00e0 boisseau sph\u00e9rique 3 pi\u00e8ces"},"content":{"rendered":"Le robinet \u00e0 tournant sph\u00e9rique en 3 pi\u00e8ces est une structure de robinet \u00e0 tournant sph\u00e9rique commune, son corps est divis\u00e9 en trois parties, \u00e0 savoir le chapeau gauche et droit et le corps du robinet central.\r\n\r\n\r\n\r\n\r\n<figure class=\"wp-block-image size-full is-resized\"><img loading=\"lazy\" decoding=\"async\" class=\"wp-image-16508\" src=\"https:\/\/zecovalve.com\/wp-content\/uploads\/2022\/06\/trunnion-mounted-ball-valve-2.jpg\" alt=\"\" width=\"400\" height=\"300\" srcset=\"https:\/\/zecovalve.com\/wp-content\/uploads\/2022\/06\/trunnion-mounted-ball-valve-2.jpg 800w, https:\/\/zecovalve.com\/wp-content\/uploads\/2022\/06\/trunnion-mounted-ball-valve-2-300x225.jpg 300w, https:\/\/zecovalve.com\/wp-content\/uploads\/2022\/06\/trunnion-mounted-ball-valve-2-768x576.jpg 768w, https:\/\/zecovalve.com\/wp-content\/uploads\/2022\/06\/trunnion-mounted-ball-valve-2-600x450.jpg 600w\" sizes=\"auto, (max-width: 400px) 100vw, 400px\" \/><\/figure>\r\n\r\n\r\n<div class=\"gb-button-wrapper gb-button-wrapper-6d8495a3\">\r\n\r\n<a class=\"gb-button gb-button-3d442e11 gb-button-text\" href=\"https:\/\/zecovalve.com\/fr\/contact\/\" target=\"_blank\" rel=\"noopener noreferrer\"><strong>OBTENEZ LE PRIX DU VANNE \u00c0 BILLE 3 PI\u00c8CES<\/strong><\/a>\r\n\r\n<\/div>\r\n\r\n\r\n\r\n\r\n<h2 class=\"wp-block-heading\" id=\"h-what-is-a-3-pieces-ball-valve\">Qu&#039;est-ce qu&#039;un robinet \u00e0 tournant sph\u00e9rique 3 pi\u00e8ces\u00a0?<\/h2>\r\n\r\n\r\n\r\n\r\nLes robinets \u00e0 tournant sph\u00e9rique sont disponibles en une, deux ou trois pi\u00e8ces. Une seule pi\u00e8ce \u00e9tant fabriqu\u00e9e avec une seule partie du corps, les robinets \u00e0 tournant sph\u00e9rique en deux pi\u00e8ces se composent de deux pi\u00e8ces distinctes, la connexion entre elles \u00e9tant soit filet\u00e9e, soit par un ensemble boulon et bride. Comme vous l&#039;avez peut-\u00eatre devin\u00e9, un robinet \u00e0 tournant sph\u00e9rique en 3 pi\u00e8ces se compose de trois pi\u00e8ces, de deux embouts et d&#039;un corps.\r\n\r\n\r\n\r\n\r\n<h2 class=\"wp-block-heading\" id=\"h-features-of-3-pieces-ball-valve\">Caract\u00e9ristiques du robinet \u00e0 tournant sph\u00e9rique 3 pi\u00e8ces<\/h2>\r\n\r\n\r\n\r\n<ul class=\"wp-block-list\">\r\n \t<li>Les robinets \u00e0 bille 3 pi\u00e8ces ont la connexion la plus compl\u00e8te par rapport aux robinets \u00e0 bille 1 pi\u00e8ce et 2 pi\u00e8ces.<\/li>\r\n \t<li>Trois parties du corps sont reli\u00e9es par des boulons, ce qui est pratique pour l&#039;installation et le d\u00e9montage.<\/li>\r\n \t<li>En cas de commutations fr\u00e9quentes et d&#039;abrasion rapide, des robinets \u00e0 tournant sph\u00e9rique en 3 pi\u00e8ces doivent \u00eatre envisag\u00e9s au pr\u00e9alable.<\/li>\r\n \t<li>La taille du canal du robinet \u00e0 tournant sph\u00e9rique \u00e0 3 pi\u00e8ces est plus grande que celle du robinet \u00e0 tournant sph\u00e9rique \u00e0 1 pi\u00e8ce, qui offre une circulation plus forte.<\/li>\r\n \t<li>La r\u00e9sistance du fluide est faible et son coefficient est \u00e9gal \u00e0 la m\u00eame longueur de tuyau.<\/li>\r\n \t<li>Ouverture et fermeture rapides, faciles \u00e0 utiliser. De l&#039;ouverture compl\u00e8te \u00e0 la fermeture compl\u00e8te, il suffit d&#039;une rotation de 90\u00b0 du levier ou du dispositif d&#039;entra\u00eenement, ce qui est pratique pour la t\u00e9l\u00e9commande.<\/li>\r\n \t<li>Applicable \u00e0 une large gamme de diam\u00e8tres allant des millim\u00e8tres aux m\u00e8tres et \u00e0 des pressions allant du vide pouss\u00e9 \u00e0 la haute pression.<\/li>\r\n<\/ul>\r\n\r\n\r\n\r\n<h2 class=\"wp-block-heading\">Quelle est la grande diff\u00e9rence entre les robinets \u00e0 bille 2 et 3 pi\u00e8ces<\/h2>\r\n\r\n\r\n\r\n\r\nLes robinets \u00e0 tournant sph\u00e9rique en deux parties ont \u00e9galement \u00e9t\u00e9 con\u00e7us en tenant compte de la maintenance. La grande diff\u00e9rence entre les deux est que le corps de la vanne 3 pi\u00e8ces peut \u00eatre retir\u00e9 sans toucher les deux embouts. Un robinet \u00e0 tournant sph\u00e9rique en deux parties ne permet pas souvent que cela se produise, et ce n&#039;est pas du tout possible avec un robinet \u00e0 tournant sph\u00e9rique en une seule pi\u00e8ce. Il y a aussi une diff\u00e9rence de prix. Comme indiqu\u00e9 pr\u00e9c\u00e9demment, les vannes monobloc sont g\u00e9n\u00e9ralement du type jetable. Les vannes trois pi\u00e8ces ont tendance \u00e0 co\u00fbter plus cher au d\u00e9part, mais peuvent permettre d&#039;\u00e9conomiser de l&#039;argent \u00e0 long terme en termes de temps pass\u00e9 \u00e0 l&#039;entretien et de possibilit\u00e9 de changer les si\u00e8ges et les joints plut\u00f4t que de remplacer la vanne dans son int\u00e9gralit\u00e9.\r\n\r\n\r\n\r\n\r\n<h2 class=\"wp-block-heading\">Comparaison des robinets \u00e0 tournant sph\u00e9rique 1 pi\u00e8ce, 2 pi\u00e8ces et 3 pi\u00e8ces<\/h2>\r\n\r\n\r\n\r\n<figure class=\"wp-block-table is-style-stripes\">\r\n<table>\r\n<tbody>\r\n<tr>\r\n<td><\/td>\r\n<td><strong>Vannes \u00e0 bille 1 pi\u00e8ce<\/strong><\/td>\r\n<td><strong>Robinets \u00e0 tournant sph\u00e9rique en 2 pi\u00e8ces<\/strong><\/td>\r\n<td><strong>Robinets \u00e0 bille 3 pi\u00e8ces<\/strong><\/td>\r\n<\/tr>\r\n<tr>\r\n<td><strong>Applications courantes<\/strong><\/td>\r\n<td>\u00c9quipement de restaurationRemplissage de liquideRemplissage de liquide automobile<\/td>\r\n<td>\u00c9quipement de restaurationRemplissage de liquideRemplissage de liquide automobile<\/td>\r\n<td>Installations de fabrication<\/td>\r\n<\/tr>\r\n<tr>\r\n<td><strong>Avantages<\/strong><\/td>\r\n<td>Option la plus \u00e9conomiquePeut \u00eatre remplac\u00e9 \u00e0 faible co\u00fbt<\/td>\r\n<td>Plus \u00e9conomique \u00e0 l&#039;achat ou au remplacement que les vannes 3 pi\u00e8cesDisponible en port complet<\/td>\r\n<td>Facile \u00e0 d\u00e9monter pour la maintenance\u00c9conomies de co\u00fbts \u00e0 long terme pour les applications \u00e0 cycle \u00e9lev\u00e9 ou extr\u00eamesDisponible en port completLes options de connexion incluent FNPT, soudure par embo\u00eetement et soudure par embo\u00eetement de tube<\/td>\r\n<\/tr>\r\n<tr>\r\n<td><strong>Chutes<\/strong><\/td>\r\n<td>Non con\u00e7u pour \u00eatre r\u00e9par\u00e9<\/td>\r\n<td>R\u00e9parabilit\u00e9 limit\u00e9e<\/td>\r\n<td>Co\u00fbt initial plus \u00e9lev\u00e9<\/td>\r\n<\/tr>\r\n<\/tbody>\r\n<\/table>\r\n<\/figure>","protected":false},"excerpt":{"rendered":"<p>Le robinet \u00e0 tournant sph\u00e9rique 3 pi\u00e8ces est une structure de robinet \u00e0 tournant sph\u00e9rique courante, son corps est divis\u00e9 en trois parties, qui sont gauche et \u2026 <a title=\"Robinet \u00e0 boisseau sph\u00e9rique 3 pi\u00e8ces\" class=\"read-more\" href=\"https:\/\/zecovalve.com\/fr\/produit\/3-pieces-ball-valve\" aria-label=\"Plus sur Robinet \u00e0 Bille 3 Pi\u00e8ces\">Lire plus<\/a><\/p>","protected":false},"featured_media":16508,"comment_status":"closed","ping_status":"closed","template":"","meta":{"_generate-full-width-content":"","kt_blocks_editor_width":""},"product_cat":[2047],"product_tag":[3089,3920,3896],"class_list":["post-19963","product","type-product","status-publish","has-post-thumbnail","hentry","product_cat-ball-valve","product_tag-3-piece-ball-valve","product_tag-api-6d-ball-valve","product_tag-flanged-ball-valve","sales-flash-overlay","woocommerce-text-align-center","woocommerce-image-align-center","do-quantity-buttons"],"featured_image_src_large":["https:\/\/zecovalve.com\/wp-content\/uploads\/2022\/06\/trunnion-mounted-ball-valve-2.jpg",800,600,false],"author_info":[],"comment_info":0,"taxonomy_info":{"product_cat":[{"value":2047,"label":"Ball Valve"}],"product_tag":[{"value":3089,"label":"3 Piece Ball Valve"},{"value":3920,"label":"API 6D Ball Valve"},{"value":3896,"label":"Flanged Ball Valve"}]},"yoast_head":"<!-- This site is optimized with the Yoast SEO Premium plugin v15.4 - https:\/\/yoast.com\/wordpress\/plugins\/seo\/ -->\n<title>3 Pieces Ball Valve - Trunnion Ball Valve Manfacturer | ZECO Valve<\/title>\n<meta name=\"robots\" content=\"index, follow, max-snippet:-1, max-image-preview:large, max-video-preview:-1\" \/>\n<link rel=\"canonical\" href=\"https:\/\/zecovalve.com\/fr\/produit\/3-pieces-ball-valve\" \/>\n<meta property=\"og:locale\" content=\"fr_FR\" \/>\n<meta property=\"og:type\" content=\"article\" \/>\n<meta property=\"og:title\" content=\"3 Pieces Ball Valve - Trunnion Ball Valve Manfacturer | ZECO Valve\" \/>\n<meta property=\"og:description\" content=\"The 3 pieces ball valve is a common ball valve structure, its body is divided into three parts, which are left and ... Lire plus\" \/>\n<meta property=\"og:url\" content=\"https:\/\/zecovalve.com\/fr\/produit\/3-pieces-ball-valve\" \/>\n<meta property=\"og:site_name\" content=\"ZECO Valve\" \/>\n<meta property=\"article:modified_time\" content=\"2022-09-22T03:25:29+00:00\" \/>\n<meta property=\"og:image\" content=\"https:\/\/zecovalve.com\/wp-content\/uploads\/2022\/06\/trunnion-mounted-ball-valve-2.jpg\" \/>\n\t<meta property=\"og:image:width\" content=\"800\" \/>\n\t<meta property=\"og:image:height\" content=\"600\" \/>\n<meta name=\"twitter:card\" content=\"summary_large_image\" \/>\n<meta name=\"twitter:label1\" content=\"\u00c9crit par\">\n\t<meta name=\"twitter:data1\" content=\"Jerry\">\n\t<meta name=\"twitter:label2\" content=\"Dur\u00e9e de lecture estim\u00e9e\">\n\t<meta name=\"twitter:data2\" content=\"2 minutes\">\n<script type=\"application\/ld+json\" class=\"yoast-schema-graph\">{\"@context\":\"https:\/\/schema.org\",\"@graph\":[{\"@type\":\"WebSite\",\"@id\":\"https:\/\/zecovalve.com\/#website\",\"url\":\"https:\/\/zecovalve.com\/\",\"name\":\"ZECO Valve\",\"description\":\"Industrial Ball Valve, Gate Valve and Globe Valve Manufacturer\",\"potentialAction\":[{\"@type\":\"SearchAction\",\"target\":\"https:\/\/zecovalve.com\/?s={search_term_string}\",\"query-input\":\"required name=search_term_string\"}],\"inLanguage\":\"fr-FR\"},{\"@type\":\"ImageObject\",\"@id\":\"https:\/\/zecovalve.com\/product\/3-pieces-ball-valve#primaryimage\",\"inLanguage\":\"fr-FR\",\"url\":\"https:\/\/zecovalve.com\/wp-content\/uploads\/2022\/06\/trunnion-mounted-ball-valve-2.jpg\",\"width\":800,\"height\":600},{\"@type\":\"WebPage\",\"@id\":\"https:\/\/zecovalve.com\/product\/3-pieces-ball-valve#webpage\",\"url\":\"https:\/\/zecovalve.com\/product\/3-pieces-ball-valve\",\"name\":\"3 Pieces Ball Valve - Trunnion Ball Valve Manfacturer | ZECO Valve\",\"isPartOf\":{\"@id\":\"https:\/\/zecovalve.com\/#website\"},\"primaryImageOfPage\":{\"@id\":\"https:\/\/zecovalve.com\/product\/3-pieces-ball-valve#primaryimage\"},\"datePublished\":\"2022-07-18T07:24:10+00:00\",\"dateModified\":\"2022-09-22T03:25:29+00:00\",\"breadcrumb\":{\"@id\":\"https:\/\/zecovalve.com\/product\/3-pieces-ball-valve#breadcrumb\"},\"inLanguage\":\"fr-FR\",\"potentialAction\":[{\"@type\":\"ReadAction\",\"target\":[\"https:\/\/zecovalve.com\/product\/3-pieces-ball-valve\"]}]},{\"@type\":\"BreadcrumbList\",\"@id\":\"https:\/\/zecovalve.com\/product\/3-pieces-ball-valve#breadcrumb\",\"itemListElement\":[{\"@type\":\"ListItem\",\"position\":1,\"item\":{\"@type\":\"WebPage\",\"@id\":\"https:\/\/zecovalve.com\/\",\"url\":\"https:\/\/zecovalve.com\/\",\"name\":\"Home\"}},{\"@type\":\"ListItem\",\"position\":2,\"item\":{\"@type\":\"WebPage\",\"@id\":\"https:\/\/zecovalve.com\/product-category\",\"url\":\"https:\/\/zecovalve.com\/product-category\",\"name\":\"Industrial Valve Manufacturer | Water Valve Manufacturer\"}},{\"@type\":\"ListItem\",\"position\":3,\"item\":{\"@type\":\"WebPage\",\"@id\":\"https:\/\/zecovalve.com\/product\/3-pieces-ball-valve\",\"url\":\"https:\/\/zecovalve.com\/product\/3-pieces-ball-valve\",\"name\":\"3 Pieces Ball Valve\"}}]}]}<\/script>\n<!-- \/ Yoast SEO Premium plugin. -->","_links":{"self":[{"href":"https:\/\/zecovalve.com\/fr\/wp-json\/wp\/v2\/product\/19963","targetHints":{"allow":["GET"]}}],"collection":[{"href":"https:\/\/zecovalve.com\/fr\/wp-json\/wp\/v2\/product"}],"about":[{"href":"https:\/\/zecovalve.com\/fr\/wp-json\/wp\/v2\/types\/product"}],"replies":[{"embeddable":true,"href":"https:\/\/zecovalve.com\/fr\/wp-json\/wp\/v2\/comments?post=19963"}],"wp:featuredmedia":[{"embeddable":true,"href":"https:\/\/zecovalve.com\/fr\/wp-json\/wp\/v2\/media\/16508"}],"wp:attachment":[{"href":"https:\/\/zecovalve.com\/fr\/wp-json\/wp\/v2\/media?parent=19963"}],"wp:term":[{"taxonomy":"product_cat","embeddable":true,"href":"https:\/\/zecovalve.com\/fr\/wp-json\/wp\/v2\/product_cat?post=19963"},{"taxonomy":"product_tag","embeddable":true,"href":"https:\/\/zecovalve.com\/fr\/wp-json\/wp\/v2\/product_tag?post=19963"}],"curies":[{"name":"wp","href":"https:\/\/api.w.org\/{rel}","templated":true}]}}