{"id":26583,"date":"2022-08-05T15:27:29","date_gmt":"2022-08-05T15:27:29","guid":{"rendered":"https:\/\/zecovalve.com\/?post_type=product&#038;p=26583"},"modified":"2022-09-20T06:10:35","modified_gmt":"2022-09-20T06:10:35","slug":"fully-welded-ball-valve","status":"publish","type":"product","link":"https:\/\/zecovalve.com\/fr\/produit\/fully-welded-ball-valve","title":{"rendered":"Robinet \u00e0 tournant sph\u00e9rique enti\u00e8rement soud\u00e9"},"content":{"rendered":"Les robinets \u00e0 tournant sph\u00e9rique enti\u00e8rement soud\u00e9s sont utilis\u00e9s sur les pipelines en raison de leur r\u00e9sistance et de leur faible entretien et sont principalement pr\u00e9f\u00e9r\u00e9s pour les applications souterraines et a\u00e9riennes.\r\n\r\n\r\n\r\n\r\n<figure class=\"wp-block-image size-full is-resized\"><img loading=\"lazy\" decoding=\"async\" class=\"wp-image-26581\" src=\"https:\/\/zecovalve.com\/wp-content\/uploads\/2022\/08\/A105-\u5168\u710a\u63a5\u7403\u9600.jpg\" alt=\"\" width=\"400\" height=\"400\" srcset=\"https:\/\/zecovalve.com\/wp-content\/uploads\/2022\/08\/A105-\u5168\u710a\u63a5\u7403\u9600.jpg 800w, https:\/\/zecovalve.com\/wp-content\/uploads\/2022\/08\/A105-\u5168\u710a\u63a5\u7403\u9600-300x300.jpg 300w, https:\/\/zecovalve.com\/wp-content\/uploads\/2022\/08\/A105-\u5168\u710a\u63a5\u7403\u9600-150x150.jpg 150w, https:\/\/zecovalve.com\/wp-content\/uploads\/2022\/08\/A105-\u5168\u710a\u63a5\u7403\u9600-768x768.jpg 768w, https:\/\/zecovalve.com\/wp-content\/uploads\/2022\/08\/A105-\u5168\u710a\u63a5\u7403\u9600-400x400.jpg 400w, https:\/\/zecovalve.com\/wp-content\/uploads\/2022\/08\/A105-\u5168\u710a\u63a5\u7403\u9600-600x600.jpg 600w, https:\/\/zecovalve.com\/wp-content\/uploads\/2022\/08\/A105-\u5168\u710a\u63a5\u7403\u9600-100x100.jpg 100w\" sizes=\"auto, (max-width: 400px) 100vw, 400px\" \/><\/figure>\r\n\r\n\r\n<div class=\"gb-button-wrapper gb-button-wrapper-6d8495a3\">\r\n\r\n<a class=\"gb-button gb-button-3d442e11 gb-button-text\" href=\"https:\/\/zecovalve.com\/fr\/contact\/\" target=\"_blank\" rel=\"noopener noreferrer\"><strong>OBTENEZ LE PRIX DU VANNE \u00c0 BILLE ENTI\u00c8REMENT SOUD\u00c9E<\/strong><\/a>\r\n\r\n<\/div>\r\n\r\n\r\n\r\n\r\n<h2 class=\"wp-block-heading\" id=\"h-what-is-a-fully-welded-ball-valve\">Qu&#039;est-ce qu&#039;un robinet \u00e0 tournant sph\u00e9rique enti\u00e8rement soud\u00e9\u00a0?<\/h2>\r\n\r\n\r\n\r\n\r\nUne vanne enti\u00e8rement soud\u00e9e est con\u00e7ue avec un corps enti\u00e8rement soud\u00e9 et forg\u00e9 pour r\u00e9duire le poids et augmenter la r\u00e9sistance tout en \u00e9liminant plusieurs points de fuite potentiels. Ils sont utilis\u00e9s pour connecter et arr\u00eater le flux de fluide dans de nombreux syst\u00e8mes de canalisations diff\u00e9rents. Les vannes \u00e0 bille enti\u00e8rement soud\u00e9es sont souvent consid\u00e9r\u00e9es comme le type de vanne \u00e0 souder enti\u00e8rement le plus courant dans de nombreuses industries telles que le p\u00e9trole offshore, la p\u00e9trochimie terrestre, le chauffage urbain et le gaz naturel, la construction navale et les centrales \u00e9lectriques. Le robinet \u00e0 tournant sph\u00e9rique enti\u00e8rement soud\u00e9 adopte un mat\u00e9riau forg\u00e9 et un corps soud\u00e9, au lieu de boulons et d&#039;\u00e9crous, pour \u00e9viter toute fuite potentielle du corps. Le robinet \u00e0 tournant sph\u00e9rique enti\u00e8rement soud\u00e9 garantit une \u00e9tanch\u00e9it\u00e9 beaucoup plus fiable. Les vannes peuvent \u00eatre de type sph\u00e9rique ou cylindrique. Habituellement, le type sph\u00e9rique n&#039;a qu&#039;un seul cordon de soudure sur le corps et le type cylindrique a deux cordons de soudure sur le corps.\r\n\r\n\r\n\r\n\r\n<h2 class=\"wp-block-heading\">Structure du robinet \u00e0 tournant sph\u00e9rique enti\u00e8rement soud\u00e9<\/h2>\r\n\r\n\r\n\r\n\r\nLe corps du robinet \u00e0 tournant sph\u00e9rique est r\u00e9alis\u00e9 par soudage de six coques partiellement forg\u00e9es apr\u00e8s assemblage. La structure est compacte et l&#039;ensemble du robinet \u00e0 tournant sph\u00e9rique est int\u00e9gr\u00e9. \u00c0 l&#039;heure actuelle, les robinets \u00e0 tournant sph\u00e9rique de gros calibre utilis\u00e9s dans la production sont pour la plupart des structures divis\u00e9es en trois parties, et chaque partie est reli\u00e9e par des boulons. Par rapport au robinet \u00e0 tournant sph\u00e9rique en trois parties, sous la m\u00eame r\u00e9sistance, l&#039;\u00e9paisseur de paroi de la pi\u00e8ce forg\u00e9e du robinet \u00e0 tournant sph\u00e9rique enti\u00e8rement soud\u00e9 peut \u00eatre tr\u00e8s fine, le poids de la vanne peut \u00eatre r\u00e9duit d&#039;un quart et la r\u00e9sistance \u00e0 la flexion et \u00e0 la flexion du pipeline l&#039;extrusion est am\u00e9lior\u00e9e.\r\n\r\n\r\n\r\n\r\n<h2 class=\"wp-block-heading\">Gamme de produits de robinet \u00e0 tournant sph\u00e9rique enti\u00e8rement soud\u00e9<\/h2>\r\n\r\n\r\n\r\n<ul class=\"wp-block-list\">\r\n \t<li>Mat\u00e9riau du corps : acier au carbone basse temp\u00e9rature, acier au carbone<\/li>\r\n \t<li>Diam\u00e8tre nominal\u00a0: 2\u2033\uff5e60\u2033\uff08DN50~DN1500\uff09<\/li>\r\n \t<li>Plage de pression\u00a0: Classe 150\uff5e2500\uff08PN10~PN420\uff09<\/li>\r\n \t<li>Connexion finale\u00a0: RF, RTJ, BW<\/li>\r\n \t<li>Temp\u00e9rature de fonctionnement:-46\u2103\uff5e+200\u2103<\/li>\r\n \t<li>Fonctionnement\u00a0: cl\u00e9, engrenage \u00e0 vis sans fin, actionneur \u00e9lectrique, pneumatique, \u00e0 gaz sur huile et actionneur \u00e9lectrohydraulique.<\/li>\r\n<\/ul>\r\n\r\n\r\n\r\n<h2 class=\"wp-block-heading\">Caract\u00e9ristiques du robinet \u00e0 tournant sph\u00e9rique enti\u00e8rement soud\u00e9<\/h2>\r\n\r\n\r\n\r\n<ul class=\"wp-block-list\">\r\n \t<li>Une vari\u00e9t\u00e9 de mat\u00e9riaux de si\u00e8ge \u00e0 joint souple et \u00e0 joint dur pour r\u00e9pondre \u00e0 davantage de conditions de processus<\/li>\r\n \t<li>La vanne r\u00e9pond \u00e0 la norme NACE, \u00e0 la fonction d&#039;\u00e9mission fugitive et \u00e0 la certification d&#039;essai au feu API 607<\/li>\r\n \t<li>Le si\u00e8ge peut \u00eatre con\u00e7u avec un piston double ou simple et a un couple de fonctionnement inf\u00e9rieur<\/li>\r\n \t<li>Dispositifs de verrouillage standard sur les vannes \u00e0 levier<\/li>\r\n \t<li>Toutes les vannes ont une fonction de d\u00e9compression \u00e0 cavit\u00e9 automatique pour assurer la s\u00e9curit\u00e9 de la pression dans la chambre centrale<\/li>\r\n \t<li>Pour les robinets \u00e0 tournant sph\u00e9rique en acier au carbone, une couche d&#039;acier inoxydable est superpos\u00e9e sur la position de contact entre la bague de si\u00e8ge et le corps de la vanne et le presse-\u00e9toupe, afin d&#039;\u00e9viter le collage et l&#039;augmentation du couple.<\/li>\r\n \t<li>La structure de si\u00e8ge sp\u00e9ciale PMSS, le joint \u00e0 deux couches, le premier joint souple et le deuxi\u00e8me joint dur assurent de meilleures performances du produit<\/li>\r\n<\/ul>","protected":false},"excerpt":{"rendered":"<p>Les robinets \u00e0 tournant sph\u00e9rique enti\u00e8rement soud\u00e9s sont utilis\u00e9s sur les pipelines en raison de leur r\u00e9sistance et de leur faible entretien et sont principalement pr\u00e9f\u00e9r\u00e9s pour les applications souterraines et\u2026 <a title=\"Robinet \u00e0 tournant sph\u00e9rique enti\u00e8rement soud\u00e9\" class=\"read-more\" href=\"https:\/\/zecovalve.com\/fr\/produit\/fully-welded-ball-valve\" aria-label=\"Plus sur Robinet \u00e0 bille enti\u00e8rement soud\u00e9\">Lire plus<\/a><\/p>","protected":false},"featured_media":26581,"comment_status":"closed","ping_status":"closed","template":"","meta":{"_generate-full-width-content":"","kt_blocks_editor_width":""},"product_cat":[2047,2459],"product_tag":[3913],"class_list":["post-26583","product","type-product","status-publish","has-post-thumbnail","hentry","product_cat-ball-valve","product_cat-ball-valve-by-form","product_tag-full-port-ball-valve","sales-flash-overlay","woocommerce-text-align-center","woocommerce-image-align-center","do-quantity-buttons"],"featured_image_src_large":["https:\/\/zecovalve.com\/wp-content\/uploads\/2022\/08\/A105-\u5168\u710a\u63a5\u7403\u9600.jpg",800,800,false],"author_info":[],"comment_info":0,"taxonomy_info":{"product_cat":[{"value":2047,"label":"Ball Valve"},{"value":2459,"label":"Ball Valve By Form"}],"product_tag":[{"value":3913,"label":"Full Port Ball Valve"}]},"yoast_head":"<!-- This site is optimized with the Yoast SEO Premium plugin v15.4 - https:\/\/yoast.com\/wordpress\/plugins\/seo\/ -->\n<title>Fully Welded Ball Valve - Welded Ball Valve | ZECO Valve<\/title>\n<meta name=\"robots\" content=\"index, follow, max-snippet:-1, max-image-preview:large, max-video-preview:-1\" \/>\n<link rel=\"canonical\" href=\"https:\/\/zecovalve.com\/fr\/produit\/fully-welded-ball-valve\" \/>\n<meta property=\"og:locale\" content=\"fr_FR\" \/>\n<meta property=\"og:type\" content=\"article\" \/>\n<meta property=\"og:title\" content=\"Fully Welded Ball Valve - Welded Ball Valve | ZECO Valve\" \/>\n<meta property=\"og:description\" content=\"Fully welded ball valves are used at pipelines for their strength and low maintenance purpose and are preferred mostly for underground and ... Lire plus\" \/>\n<meta property=\"og:url\" content=\"https:\/\/zecovalve.com\/fr\/produit\/fully-welded-ball-valve\" \/>\n<meta property=\"og:site_name\" content=\"ZECO Valve\" \/>\n<meta property=\"article:modified_time\" content=\"2022-09-20T06:10:35+00:00\" \/>\n<meta property=\"og:image\" content=\"https:\/\/zecovalve.com\/wp-content\/uploads\/2022\/08\/A105-\u5168\u710a\u63a5\u7403\u9600.jpg\" \/>\n\t<meta property=\"og:image:width\" content=\"800\" \/>\n\t<meta property=\"og:image:height\" content=\"800\" \/>\n<meta name=\"twitter:card\" content=\"summary_large_image\" \/>\n<meta name=\"twitter:label1\" content=\"\u00c9crit par\">\n\t<meta name=\"twitter:data1\" content=\"Jerry\">\n\t<meta name=\"twitter:label2\" content=\"Dur\u00e9e de lecture estim\u00e9e\">\n\t<meta name=\"twitter:data2\" content=\"2 minutes\">\n<script type=\"application\/ld+json\" class=\"yoast-schema-graph\">{\"@context\":\"https:\/\/schema.org\",\"@graph\":[{\"@type\":\"WebSite\",\"@id\":\"https:\/\/zecovalve.com\/#website\",\"url\":\"https:\/\/zecovalve.com\/\",\"name\":\"ZECO Valve\",\"description\":\"Industrial Ball Valve, Gate Valve and Globe Valve Manufacturer\",\"potentialAction\":[{\"@type\":\"SearchAction\",\"target\":\"https:\/\/zecovalve.com\/?s={search_term_string}\",\"query-input\":\"required name=search_term_string\"}],\"inLanguage\":\"fr-FR\"},{\"@type\":\"ImageObject\",\"@id\":\"https:\/\/zecovalve.com\/product\/fully-welded-ball-valve#primaryimage\",\"inLanguage\":\"fr-FR\",\"url\":\"https:\/\/zecovalve.com\/wp-content\/uploads\/2022\/08\/A105-\\u5168\\u710a\\u63a5\\u7403\\u9600.jpg\",\"width\":800,\"height\":800},{\"@type\":\"WebPage\",\"@id\":\"https:\/\/zecovalve.com\/product\/fully-welded-ball-valve#webpage\",\"url\":\"https:\/\/zecovalve.com\/product\/fully-welded-ball-valve\",\"name\":\"Fully Welded Ball Valve - Welded Ball Valve | ZECO Valve\",\"isPartOf\":{\"@id\":\"https:\/\/zecovalve.com\/#website\"},\"primaryImageOfPage\":{\"@id\":\"https:\/\/zecovalve.com\/product\/fully-welded-ball-valve#primaryimage\"},\"datePublished\":\"2022-08-05T15:27:29+00:00\",\"dateModified\":\"2022-09-20T06:10:35+00:00\",\"breadcrumb\":{\"@id\":\"https:\/\/zecovalve.com\/product\/fully-welded-ball-valve#breadcrumb\"},\"inLanguage\":\"fr-FR\",\"potentialAction\":[{\"@type\":\"ReadAction\",\"target\":[\"https:\/\/zecovalve.com\/product\/fully-welded-ball-valve\"]}]},{\"@type\":\"BreadcrumbList\",\"@id\":\"https:\/\/zecovalve.com\/product\/fully-welded-ball-valve#breadcrumb\",\"itemListElement\":[{\"@type\":\"ListItem\",\"position\":1,\"item\":{\"@type\":\"WebPage\",\"@id\":\"https:\/\/zecovalve.com\/\",\"url\":\"https:\/\/zecovalve.com\/\",\"name\":\"Home\"}},{\"@type\":\"ListItem\",\"position\":2,\"item\":{\"@type\":\"WebPage\",\"@id\":\"https:\/\/zecovalve.com\/product-category\",\"url\":\"https:\/\/zecovalve.com\/product-category\",\"name\":\"Industrial Valve Manufacturer | Water Valve Manufacturer\"}},{\"@type\":\"ListItem\",\"position\":3,\"item\":{\"@type\":\"WebPage\",\"@id\":\"https:\/\/zecovalve.com\/product\/fully-welded-ball-valve\",\"url\":\"https:\/\/zecovalve.com\/product\/fully-welded-ball-valve\",\"name\":\"Fully Welded Ball Valve\"}}]}]}<\/script>\n<!-- \/ Yoast SEO Premium plugin. -->","_links":{"self":[{"href":"https:\/\/zecovalve.com\/fr\/wp-json\/wp\/v2\/product\/26583","targetHints":{"allow":["GET"]}}],"collection":[{"href":"https:\/\/zecovalve.com\/fr\/wp-json\/wp\/v2\/product"}],"about":[{"href":"https:\/\/zecovalve.com\/fr\/wp-json\/wp\/v2\/types\/product"}],"replies":[{"embeddable":true,"href":"https:\/\/zecovalve.com\/fr\/wp-json\/wp\/v2\/comments?post=26583"}],"wp:featuredmedia":[{"embeddable":true,"href":"https:\/\/zecovalve.com\/fr\/wp-json\/wp\/v2\/media\/26581"}],"wp:attachment":[{"href":"https:\/\/zecovalve.com\/fr\/wp-json\/wp\/v2\/media?parent=26583"}],"wp:term":[{"taxonomy":"product_cat","embeddable":true,"href":"https:\/\/zecovalve.com\/fr\/wp-json\/wp\/v2\/product_cat?post=26583"},{"taxonomy":"product_tag","embeddable":true,"href":"https:\/\/zecovalve.com\/fr\/wp-json\/wp\/v2\/product_tag?post=26583"}],"curies":[{"name":"wp","href":"https:\/\/api.w.org\/{rel}","templated":true}]}}